{"id":173,"date":"2021-08-12T09:05:00","date_gmt":"2021-08-12T09:05:00","guid":{"rendered":"http:\/\/vawlt.io\/?page_id=173"},"modified":"2022-05-19T11:05:25","modified_gmt":"2022-05-19T11:05:25","slug":"volume-types","status":"publish","type":"page","link":"https:\/\/vawlt.io\/br\/produto\/tipos-de-volumes\/","title":{"rendered":"Tipos de Volumes"},"content":{"rendered":"<section class=\"section\" id=\"section_1737240168\">\n\t\t<div class=\"bg section-bg fill bg-fill  bg-loaded\" >\n\n\t\t\t\n\t\t\t\n\t\t\t\n\n\t\t<\/div>\n\n\t\t<div class=\"section-content relative\">\n\t\t\t\n\n<div class=\"row\"  id=\"row-1380538931\">\n\n\n\t<div id=\"col-606011180\" class=\"col small-12 large-12\"  >\n\t\t\t\t<div class=\"col-inner\"  >\n\t\t\t\n\t\t\t\n\n\t<div id=\"text-919438606\" class=\"text\">\n\t\t\n\n<h1><strong>Tipos de Volumes<\/strong><\/h1>\n\t\t\n<style>\n#text-919438606 {\n  font-size: 1.6rem;\n  text-align: center;\n}\n<\/style>\n\t<\/div>\n\t\n\t<div id=\"text-854736524\" class=\"text\">\n\t\t\n\n<p class=\"lead translation-block\">Todos os dados possuem seu ciclo de vida. Com isso em mente, criamos v\u00e1rios\u00a0<strong>tipos de volumes<\/strong>\u00a0de acordo com diferentes usos e necessidades:\u00a0<strong>Hot<\/strong>, <strong>Warm<\/strong>, <strong>Immutable<\/strong>\u00a0e\u00a0<strong>Archival<\/strong>. Voc\u00ea tamb\u00e9m poder\u00e1 definir outras propriedades, como\u00a0<strong>capacidade de armazenamento<\/strong>,\u00a0<strong>cota de download<\/strong>,\u00a0<strong>interfaces<\/strong>\u00a0e\u00a0<strong>pol\u00edticas de reten\u00e7\u00e3o<\/strong>. Voc\u00ea pode at\u00e9 mesmo escolher os provedores de cloud por <strong> marca <\/strong>\u00a0ou <strong>localiza\u00e7\u00e3o geogr\u00e1fica<\/strong>.<\/p>\n\t\t\n<style>\n#text-854736524 {\n  font-size: 0.75rem;\n  text-align: center;\n}\n<\/style>\n\t<\/div>\n\t\n\n\t\t<\/div>\n\t\t\t\t\n<style>\n#col-606011180 > .col-inner {\n  padding: 50px 0px 0px 0px;\n}\n@media (min-width:850px) {\n  #col-606011180 > .col-inner {\n    padding: 80px 0px 0px 0px;\n  }\n}\n<\/style>\n\t<\/div>\n\n\t\n\n<\/div>\n\n\t\t<\/div>\n\n\t\t\n<style>\n#section_1737240168 {\n  padding-top: 0px;\n  padding-bottom: 0px;\n}\n<\/style>\n\t<\/section>\n\t\n<span class=\"scroll-to\" data-label=\"Scroll to: #hot\" data-bullet=\"false\" data-link=\"#hot\" data-title=\"Hot\"><a name=\"hot\"><\/a><\/span>\n\n\t<section class=\"section\" id=\"section_1027094373\">\n\t\t<div class=\"bg section-bg fill bg-fill  bg-loaded\" >\n\n\t\t\t\n\t\t\t\n\t\t\t\n\n\t\t<\/div>\n\n\t\t<div class=\"section-content relative\">\n\t\t\t\n\n<div class=\"row align-middle\"  id=\"row-1973751541\">\n\n\n\t<div id=\"col-561713005\" class=\"col medium-6 small-12 large-6\"  >\n\t\t\t\t<div class=\"col-inner text-left\"  >\n\t\t\t\n\t\t\t\n\n<h2><strong>Volumes Hot<\/strong><\/h2>\n<p class=\"translation-block\">Este Tipo de Volume est\u00e1 otimizado para <strong>armazenamento e compartilhamento peri\u00f3dico<\/strong> (com m\u00faltiplas escritas, apagamentos e downloads). Ele permite <strong>versionamento dos arquivos<\/strong> e tem um tempo de download (para arquivos que n\u00e3o est\u00e3o em cache em um dispositivo espec\u00edfico) na ordem de milissegundos para o primeiro byte (TTFB).<\/p>\n<h4>Exemplos de Uso<\/h4>\n<ul>\n<li>Arquivos de equipe;<\/li>\n<li>Processos legais ativos;<\/li>\n<li>Documenta\u00e7\u00e3o cont\u00e1bil do ano atual.<\/li>\n<\/ul>\n<a href=\"https:\/\/platform.vawlt.io\/login\" target=\"_self\" class=\"button primary\"  style=\"border-radius:5px;\">\n    <span>Crie um Volume Hot<\/span>\n  <\/a>\n\n\n\n\t\t<\/div>\n\t\t\t\t\n<style>\n#col-561713005 > .col-inner {\n  padding: 0px 20px 0px 20px;\n}\n@media (min-width:550px) {\n  #col-561713005 > .col-inner {\n    padding: 0px 0px 0px 20px;\n  }\n}\n<\/style>\n\t<\/div>\n\n\t\n\n\t<div id=\"col-945939723\" class=\"col medium-6 small-6 large-6 small-col-first\"  >\n\t\t\t\t<div class=\"col-inner text-center\"  >\n\t\t\t\n\t\t\t\n\n\t<div class=\"img has-hover x md-x lg-x y md-y lg-y\" id=\"image_1338981233\">\n\t\t\t\t<div data-parallax-fade=\"true\" data-parallax=\"1\">\t\t\t\t<div class=\"img-inner dark\" >\n\t\t\t<img loading=\"lazy\" decoding=\"async\" width=\"1\" height=\"1\" src=\"https:\/\/vawlt.io\/wp-content\/uploads\/2021\/08\/solution01.svg\" class=\"attachment-large size-large\" alt=\"\" \/>\t\t\t\t\t\t\n\t\t\t\t\t<\/div>\n\t\t\t\t<\/div>\t\t\t\t\n<style>\n#image_1338981233 {\n  width: 60%;\n}\n<\/style>\n\t<\/div>\n\t\n\n\n\t\t<\/div>\n\t\t\t\t\n<style>\n#col-945939723 > .col-inner {\n  margin: 0px 0px 0px -10px;\n}\n<\/style>\n\t<\/div>\n\n\t\n\n<\/div>\n\n\t\t<\/div>\n\n\t\t\n<style>\n#section_1027094373 {\n  padding-top: 50px;\n  padding-bottom: 50px;\n  background-color: rgb(248, 250, 250);\n}\n@media (min-width:850px) {\n  #section_1027094373 {\n    padding-top: 80px;\n    padding-bottom: 80px;\n  }\n}\n<\/style>\n\t<\/section>\n\t\n<span class=\"scroll-to\" data-label=\"Scroll to: #warm\" data-bullet=\"false\" data-link=\"#warm\" data-title=\"Warm\"><a name=\"warm\"><\/a><\/span>\n\n\t<section class=\"section\" id=\"section_1716236261\">\n\t\t<div class=\"bg section-bg fill bg-fill  bg-loaded\" >\n\n\t\t\t\n\t\t\t\n\t\t\t\n\n\t\t<\/div>\n\n\t\t<div class=\"section-content relative\">\n\t\t\t\n\n<div class=\"row align-middle\"  id=\"row-1103650568\">\n\n\n\t<div id=\"col-1700605939\" class=\"col medium-6 small-6 large-6 small-col-first\"  >\n\t\t\t\t<div class=\"col-inner text-center\"  >\n\t\t\t\n\t\t\t\n\n\t<div class=\"img has-hover x md-x lg-x y md-y lg-y\" id=\"image_1479875426\">\n\t\t\t\t<div data-parallax-fade=\"true\" data-parallax=\"1\">\t\t\t\t<div class=\"img-inner dark\" >\n\t\t\t<img loading=\"lazy\" decoding=\"async\" width=\"1\" height=\"1\" src=\"https:\/\/vawlt.io\/wp-content\/uploads\/2021\/10\/solution04.svg\" class=\"attachment-large size-large\" alt=\"\" \/>\t\t\t\t\t\t\n\t\t\t\t\t<\/div>\n\t\t\t\t<\/div>\t\t\t\t\n<style>\n#image_1479875426 {\n  width: 60%;\n}\n<\/style>\n\t<\/div>\n\t\n\n\n\t\t<\/div>\n\t\t\t\t\n<style>\n#col-1700605939 > .col-inner {\n  margin: 0px 0px 0px -10px;\n}\n<\/style>\n\t<\/div>\n\n\t\n\n\t<div id=\"col-502934867\" class=\"col medium-6 small-12 large-6\"  >\n\t\t\t\t<div class=\"col-inner text-left\"  >\n\t\t\t\n\t\t\t\n\n<h2><strong>Volumes Warm<\/strong><\/h2>\n<p class=\"translation-block\">Otimizado para <strong>armazenamento de dados edit\u00e1veis, acessados com menos frequ\u00eancia<\/strong>. Este volume permite <strong>duas vers\u00f5es temporais por arquivo<\/strong>, e cria uma vers\u00e3o a cada 5 minutos. Este volume \u00e9 ideal para integra\u00e7\u00e3o com v\u00e1rios servi\u00e7os de backup, tais como Veeam, Arcserve, NetBackup, ou RMAN. Cada arquivo armazenado neste Tipo de Volume tem uma dura\u00e7\u00e3o m\u00ednima de 30 dias de armazenamento, o que significa que a Vawlt s\u00f3 liberar\u00e1 o espa\u00e7o ocupado por aquele arquivo ap\u00f3s esse per\u00edodo, mesmo que o arquivo seja apagado antes. O tempo de download (para arquivos que n\u00e3o est\u00e3o em cache em um dispositivo espec\u00edfico) na ordem de milissegundos para o primeiro byte (TTFB).<\/p>\n<h4>Exemplos de Uso<\/h4>\n<ul>\n<li>Backups offsite;<\/li>\n<li>Recupera\u00e7\u00e3o de desastres.<\/li>\n<\/ul>\n<a href=\"https:\/\/platform.vawlt.io\/login\" target=\"_self\" class=\"button primary\"  style=\"border-radius:5px;\">\n    <span>Crie um Volume Warm<\/span>\n  <\/a>\n\n\n\n\t\t<\/div>\n\t\t\t\t\n<style>\n#col-502934867 > .col-inner {\n  padding: 0px 20px 0px 20px;\n}\n@media (min-width:550px) {\n  #col-502934867 > .col-inner {\n    padding: 0px 20px 0px 0px;\n  }\n}\n<\/style>\n\t<\/div>\n\n\t\n\n<\/div>\n\n\t\t<\/div>\n\n\t\t\n<style>\n#section_1716236261 {\n  padding-top: 50px;\n  padding-bottom: 50px;\n}\n@media (min-width:850px) {\n  #section_1716236261 {\n    padding-top: 80px;\n    padding-bottom: 80px;\n  }\n}\n<\/style>\n\t<\/section>\n\t\n<span class=\"scroll-to\" data-label=\"Scroll to: #immutable\" data-bullet=\"false\" data-link=\"#immutable\" data-title=\"Immutable\"><a name=\"immutable\"><\/a><\/span>\n\n\t<section class=\"section\" id=\"section_1996229389\">\n\t\t<div class=\"bg section-bg fill bg-fill  bg-loaded\" >\n\n\t\t\t\n\t\t\t\n\t\t\t\n\n\t\t<\/div>\n\n\t\t<div class=\"section-content relative\">\n\t\t\t\n\n<div class=\"row align-middle\"  id=\"row-1098085926\">\n\n\n\t<div id=\"col-1534484181\" class=\"col medium-6 small-12 large-6\"  >\n\t\t\t\t<div class=\"col-inner text-left\"  >\n\t\t\t\n\t\t\t\n\n<h2><strong>Volumes Immutable<\/strong><\/h2>\n<p class=\"translation-block\">Este Tipo de Volume est\u00e1 otimizado para <strong>arquivos que n\u00e3o requerem altera\u00e7\u00f5es no armazenamento<\/strong> (arquivos que s\u00e3o escritos uma vez e baixados com freq\u00fc\u00eancia). Ele <strong>bloqueia ativamente a edi\u00e7\u00e3o de arquivos<\/strong> por qualquer usu\u00e1rio, tornando-se uma <strong>ferramenta forte para combater ataques de ransomware<\/strong>. Cada arquivo armazenado neste Tipo de Volume tem uma dura\u00e7\u00e3o m\u00ednima de 30 dias de armazenamento, o que significa que a Vawlt s\u00f3 liberar\u00e1 o espa\u00e7o ocupado por aquele arquivo ap\u00f3s esse per\u00edodo, mesmo que o arquivo seja apagado antes. O tempo de download (para arquivos que n\u00e3o est\u00e3o em cache em um dispositivo espec\u00edfico) na ordem de milissegundos para o primeiro byte (TTFB).<\/p>\n<h4>Exemplos de Uso<\/h4>\n<ul>\n<li>Chamadas ao call center;<\/li>\n<li>Imagens e registros m\u00e9dicos;<\/li>\n<li>Documentos est\u00e1ticos (por exemplo, contratos assinados).<\/li>\n<\/ul>\n<a href=\"https:\/\/platform.vawlt.io\/login\" target=\"_self\" class=\"button primary\"  style=\"border-radius:5px;\">\n    <span>Crie um Volume Immutable<\/span>\n  <\/a>\n\n\n\n\t\t<\/div>\n\t\t\t\t\n<style>\n#col-1534484181 > .col-inner {\n  padding: 0px 20px 0px 20px;\n}\n@media (min-width:550px) {\n  #col-1534484181 > .col-inner {\n    padding: 0px 20px 0px 0px;\n  }\n}\n<\/style>\n\t<\/div>\n\n\t\n\n\t<div id=\"col-891266300\" class=\"col medium-6 small-6 large-6 small-col-first\"  >\n\t\t\t\t<div class=\"col-inner text-center\"  >\n\t\t\t\n\t\t\t\n\n\t<div class=\"img has-hover x md-x lg-x y md-y lg-y\" id=\"image_1980507029\">\n\t\t\t\t<div data-parallax-fade=\"true\" data-parallax=\"1\">\t\t\t\t<div class=\"img-inner dark\" >\n\t\t\t<img loading=\"lazy\" decoding=\"async\" width=\"1\" height=\"1\" src=\"https:\/\/vawlt.io\/wp-content\/uploads\/2021\/08\/solution02.svg\" class=\"attachment-large size-large\" alt=\"\" \/>\t\t\t\t\t\t\n\t\t\t\t\t<\/div>\n\t\t\t\t<\/div>\t\t\t\t\n<style>\n#image_1980507029 {\n  width: 60%;\n}\n<\/style>\n\t<\/div>\n\t\n\n\n\t\t<\/div>\n\t\t\t\t\n<style>\n#col-891266300 > .col-inner {\n  margin: 0px 0px 0px -10px;\n}\n<\/style>\n\t<\/div>\n\n\t\n\n<\/div>\n\n\t\t<\/div>\n\n\t\t\n<style>\n#section_1996229389 {\n  padding-top: 50px;\n  padding-bottom: 50px;\n  background-color: rgb(248, 250, 250);\n}\n@media (min-width:850px) {\n  #section_1996229389 {\n    padding-top: 80px;\n    padding-bottom: 80px;\n  }\n}\n<\/style>\n\t<\/section>\n\t\n<span class=\"scroll-to\" data-label=\"Scroll to: #archival\" data-bullet=\"false\" data-link=\"#archival\" data-title=\"Archival\"><a name=\"archival\"><\/a><\/span>\n\n\t<section class=\"section\" id=\"section_1875383087\">\n\t\t<div class=\"bg section-bg fill bg-fill  bg-loaded\" >\n\n\t\t\t\n\t\t\t\n\t\t\t\n\n\t\t<\/div>\n\n\t\t<div class=\"section-content relative\">\n\t\t\t\n\n<div class=\"row align-middle\"  id=\"row-1725297470\">\n\n\n\t<div id=\"col-762954121\" class=\"col medium-6 small-6 large-6 small-col-first\"  >\n\t\t\t\t<div class=\"col-inner text-center\"  >\n\t\t\t\n\t\t\t\n\n\t<div class=\"img has-hover x md-x lg-x y md-y lg-y\" id=\"image_574139907\">\n\t\t\t\t<div data-parallax-fade=\"true\" data-parallax=\"1\">\t\t\t\t<div class=\"img-inner dark\" >\n\t\t\t<img loading=\"lazy\" decoding=\"async\" width=\"1\" height=\"1\" src=\"https:\/\/vawlt.io\/wp-content\/uploads\/2021\/08\/solution03.svg\" class=\"attachment-large size-large\" alt=\"\" \/>\t\t\t\t\t\t\n\t\t\t\t\t<\/div>\n\t\t\t\t<\/div>\t\t\t\t\n<style>\n#image_574139907 {\n  width: 60%;\n}\n<\/style>\n\t<\/div>\n\t\n\n\n\t\t<\/div>\n\t\t\t\t\n<style>\n#col-762954121 > .col-inner {\n  margin: 0px 0px 0px -10px;\n}\n<\/style>\n\t<\/div>\n\n\t\n\n\t<div id=\"col-105145324\" class=\"col medium-6 small-12 large-6\"  >\n\t\t\t\t<div class=\"col-inner text-left\"  >\n\t\t\t\n\t\t\t\n\n<h2><strong>Volumes Archival<\/strong><\/h2>\n<p class=\"translation-block\">Este Tipo de Volume est\u00e1 otimizado para <strong>arquivos que s\u00e3o armazenados por longos per\u00edodos de tempo e raramente lidos<\/strong> (arquivos que s\u00e3o escritos uma vez e que n\u00e3o necessitam ser acessados). Cada arquivo armazenado neste Tipo de Volume tem uma carga m\u00ednima de 180 dias de dura\u00e7\u00e3o de armazenamento, o que significa que a Vawlt s\u00f3 liberar\u00e1 o espa\u00e7o ocupado por aquele arquivo ap\u00f3s esse per\u00edodo, mesmo que o arquivo seja apagado antes. Os arquivos armazenados neste Tipo de Volume est\u00e3o <strong>offline<\/strong> e, portanto, uma opera\u00e7\u00e3o Fetch deve ocorrer antes da leitura dos arquivos que n\u00e3o est\u00e3o em cache em um dispositivo espec\u00edfico. Para esses arquivos, o tempo de download pode levar at\u00e9 5 horas ap\u00f3s o pedido de Fetch.<\/p>\n<h4>Exemplos de Uso<\/h4>\n<ul>\n<li>Logs de switches, firewalls, etc;<\/li>\n<li>Processos legais fechados;<\/li>\n<li>Documenta\u00e7\u00e3o cont\u00e1bil dos anos anteriores.<\/li>\n<\/ul>\n<a href=\"https:\/\/platform.vawlt.io\/login\" target=\"_self\" class=\"button primary\"  style=\"border-radius:5px;\">\n    <span>Crie um Volume Archival<\/span>\n  <\/a>\n\n\n\n\t\t<\/div>\n\t\t\t\t\n<style>\n#col-105145324 > .col-inner {\n  padding: 0px 20px 0px 20px;\n}\n@media (min-width:550px) {\n  #col-105145324 > .col-inner {\n    padding: 0px 0px 0px 20px;\n  }\n}\n<\/style>\n\t<\/div>\n\n\t\n\n<\/div>\n\n\t\t<\/div>\n\n\t\t\n<style>\n#section_1875383087 {\n  padding-top: 50px;\n  padding-bottom: 50px;\n}\n@media (min-width:850px) {\n  #section_1875383087 {\n    padding-top: 80px;\n    padding-bottom: 80px;\n  }\n}\n<\/style>\n\t<\/section>\n\t\n\t<section class=\"section\" id=\"section_1662014019\">\n\t\t<div class=\"bg section-bg fill bg-fill  bg-loaded\" >\n\n\t\t\t\n\t\t\t\n\t\t\t\n\n\t\t<\/div>\n\n\t\t<div class=\"section-content relative\">\n\t\t\t\n\n<div class=\"row\"  id=\"row-1447925957\">\n\n\n\t<div id=\"col-1013058939\" class=\"col small-12 large-12\"  >\n\t\t\t\t<div class=\"col-inner text-center\"  >\n\t\t\t\n\t\t\t\n\n\t<div id=\"text-351282540\" class=\"text\">\n\t\t\n\n<h2><strong>Uma \u00fanica solu\u00e7\u00e3o para o ciclo de vida dos dados<\/strong><\/h2>\n\t\t\n<style>\n#text-351282540 {\n  font-size: 1.6rem;\n  text-align: center;\n}\n<\/style>\n\t<\/div>\n\t\n\t<div id=\"gap-1820109590\" class=\"gap-element clearfix\" style=\"display:block; height:auto;\">\n\t\t\n<style>\n#gap-1820109590 {\n  padding-top: 30px;\n}\n<\/style>\n\t<\/div>\n\t\n\n\t<div class=\"img has-hover x md-x lg-x y md-y lg-y\" id=\"image_750386569\">\n\t\t\t\t\t\t\t\t<div class=\"img-inner dark\" >\n\t\t\t<img loading=\"lazy\" decoding=\"async\" width=\"1\" height=\"1\" src=\"https:\/\/vawlt.io\/wp-content\/uploads\/2021\/08\/type_volumes01.svg\" class=\"attachment-large size-large\" alt=\"\" \/>\t\t\t\t\t\t\n\t\t\t\t\t<\/div>\n\t\t\t\t\t\t\t\t\n<style>\n#image_750386569 {\n  width: 100%;\n}\n@media (min-width:550px) {\n  #image_750386569 {\n    width: 80%;\n  }\n}\n<\/style>\n\t<\/div>\n\t\n\n\n\t\t<\/div>\n\t\t\t\t\t<\/div>\n\n\t\n\n<\/div>\n\n\t\t<\/div>\n\n\t\t\n<style>\n#section_1662014019 {\n  padding-top: 50px;\n  padding-bottom: 50px;\n  background-color: rgb(244, 247, 249);\n}\n@media (min-width:850px) {\n  #section_1662014019 {\n    padding-top: 80px;\n    padding-bottom: 80px;\n  }\n}\n<\/style>\n\t<\/section>\n\t\n\t<section class=\"section\" id=\"section_1117112420\">\n\t\t<div class=\"bg section-bg fill bg-fill  bg-loaded\" >\n\n\t\t\t\n\t\t\t\n\t\t\t\n\n\t\t<\/div>\n\n\t\t<div class=\"section-content relative\">\n\t\t\t\n\n<div class=\"row\"  id=\"row-1320164474\">\n\n\n\t<div id=\"col-1821030379\" class=\"col small-12 large-12\"  >\n\t\t\t\t<div class=\"col-inner text-center\"  >\n\t\t\t\n\t\t\t\n\n\t<div id=\"text-2152297487\" class=\"text\">\n\t\t\n\n<h2><strong>Descubra as especifica\u00e7\u00f5es t\u00e9cnicas<\/strong><\/h2>\n\t\t\n<style>\n#text-2152297487 {\n  font-size: 1.6rem;\n  text-align: center;\n}\n<\/style>\n\t<\/div>\n\t\n\n\t\t<\/div>\n\t\t\t\t\t<\/div>\n\n\t\n\n<\/div>\n<div class=\"row\"  id=\"row-348083047\">\n\n\n\t<div id=\"col-700989012\" class=\"col small-12 large-12\"  >\n\t\t\t\t<div class=\"col-inner\"  >\n\t\t\t\n\t\t\t\n\n\t<div id=\"text-1070870757\" class=\"text\">\n\t\t\n\n<table class=\"compare table table-striped\"><thead class=\"thead-inverse\"><tr><th class=\"w-25\"><\/th><th class=\"\">Hot<\/th><th class=\"\">Warm<\/th><th class=\"\">Immutable<\/th><th class=\"\">Archival<\/th><\/tr><\/thead><tbody><tr><td class=\"w-25 option\">Dura\u00e7\u00e3o m\u00ednima de armazenamento<\/td><td class=\"\">N.A<\/td><td class=\"\">30 dias<\/td><td class=\"\">30 dias<\/td><td class=\"\">180 dias<\/td><\/tr><tr><td class=\"option\">Versionamento<\/td><td>Sim<\/td><td>Sim<\/td><td>N\u00e3o<\/td><td>N\u00e3o<\/td><\/tr><tr><td class=\"option\">Tempo de download (primeiro byte)<\/td><td>Milisegundos<\/td><td>Milisegundos<\/td><td>Milisegundos<\/td><td>At\u00e9 5 horas<\/td><\/tr><\/tbody><\/table>\n\t\t\n<style>\n#text-1070870757 {\n  font-size: 0.75rem;\n}\n<\/style>\n\t<\/div>\n\t\n\n\t\t<\/div>\n\t\t\t\t\n<style>\n#col-700989012 > .col-inner {\n  padding: 0px 0px 0px 0px;\n}\n@media (min-width:550px) {\n  #col-700989012 > .col-inner {\n    padding: 0px 20px 0px 20px;\n  }\n}\n<\/style>\n\t<\/div>\n\n\t\n\n<\/div>\n\n\t\t<\/div>\n\n\t\t\n<style>\n#section_1117112420 {\n  padding-top: 50px;\n  padding-bottom: 50px;\n  background-color: rgb(255, 255, 255);\n}\n@media (min-width:850px) {\n  #section_1117112420 {\n    padding-top: 80px;\n    padding-bottom: 80px;\n  }\n}\n<\/style>\n\t<\/section>\n\t\n\t<section class=\"section\" id=\"section_426662379\">\n\t\t<div class=\"bg section-bg fill bg-fill  bg-loaded\" >\n\n\t\t\t\n\t\t\t\n\t\t\t\n\n\t\t<\/div>\n\n\t\t<div class=\"section-content relative\">\n\t\t\t\n\n<div class=\"row row-collapse\"  id=\"row-120445449\">\n\n\n\t<div id=\"col-1352139557\" class=\"col small-12 large-12\"  >\n\t\t\t\t<div class=\"col-inner text-center\"  >\n\t\t\t\n\t\t\t\n\n\t<div id=\"text-2828314012\" class=\"text\">\n\t\t\n\n<h3><strong>Controle de Acesso<\/strong><\/h3>\n\t\t\n<style>\n#text-2828314012 {\n  color: rgb(48, 100, 137);\n}\n#text-2828314012 > * {\n  color: rgb(48, 100, 137);\n}\n<\/style>\n\t<\/div>\n\t\n<a href=\"\/br\/produto\/controle-de-acesso\/\" target=\"_self\" class=\"button primary is-link\"  >\n    <span>Descubra o Controle de Acesso<\/span>\n  <i class=\"icon-angle-right\" ><\/i><\/a>\n\n\n\n\t\t<\/div>\n\t\t\t\t\t<\/div>\n\n\t\n\n<\/div>\n\n\t\t<\/div>\n\n\t\t\n<style>\n#section_426662379 {\n  padding-top: 50px;\n  padding-bottom: 50px;\n  background-color: rgb(244, 247, 249);\n}\n@media (min-width:850px) {\n  #section_426662379 {\n    padding-top: 80px;\n    padding-bottom: 80px;\n  }\n}\n<\/style>\n\t<\/section>","protected":false},"excerpt":{"rendered":"","protected":false},"author":8,"featured_media":0,"parent":36,"menu_order":2,"comment_status":"closed","ping_status":"closed","template":"page-blank.php","meta":{"footnotes":""},"class_list":["post-173","page","type-page","status-publish","hentry"],"yoast_head":"<!-- This site is optimized with the Yoast SEO plugin v26.2 - https:\/\/yoast.com\/wordpress\/plugins\/seo\/ -->\n<title>Volume Types: Hot, Warm, Immutable, Archival | Multicloud Storage | Vawlt<\/title>\n<meta name=\"description\" content=\"Vawlt adapts to your needs: define storage capacity, download quota, interfaces and retention policies to your data volumes, or by brand and location.\" \/>\n<meta name=\"robots\" content=\"index, follow, max-snippet:-1, max-image-preview:large, max-video-preview:-1\" \/>\n<link rel=\"canonical\" href=\"https:\/\/site-temp.vawlt.io\/product\/volume-types\/\" \/>\n<meta property=\"og:locale\" content=\"pt_BR\" \/>\n<meta property=\"og:type\" content=\"article\" \/>\n<meta property=\"og:title\" content=\"Volume Types: Hot, Warm, Immutable, Archival | Multicloud Storage | Vawlt\" \/>\n<meta property=\"og:description\" content=\"Vawlt adapts to your needs: define storage capacity, download quota, interfaces and retention policies to your data volumes, or by brand and location.\" \/>\n<meta property=\"og:url\" content=\"https:\/\/site-temp.vawlt.io\/product\/volume-types\/\" \/>\n<meta property=\"og:site_name\" content=\"Vawlt\" \/>\n<meta property=\"article:publisher\" content=\"https:\/\/www.facebook.com\/vawlt\" \/>\n<meta property=\"article:modified_time\" content=\"2022-05-19T11:05:25+00:00\" \/>\n<meta property=\"og:image\" content=\"https:\/\/vawlt.io\/wp-content\/uploads\/2021\/09\/mockup.png\" \/>\n\t<meta property=\"og:image:width\" content=\"500\" \/>\n\t<meta property=\"og:image:height\" content=\"256\" \/>\n\t<meta property=\"og:image:type\" content=\"image\/png\" \/>\n<meta name=\"twitter:card\" content=\"summary_large_image\" \/>\n<meta name=\"twitter:site\" content=\"@vawltio\" \/>\n<meta name=\"twitter:label1\" content=\"Est. tempo de leitura\" \/>\n\t<meta name=\"twitter:data1\" content=\"4 minutos\" \/>\n<!-- \/ Yoast SEO plugin. -->","yoast_head_json":{"title":"Tipos de Volumes: Hot, Warm, Immutable, Archival | Armazenamento Multicloud | Vawlt","description":"A Vawlt se adapta \u00e0s suas necessidades: definir capacidade de armazenamento, cota de download, interfaces e pol\u00edticas de reten\u00e7\u00e3o para seus volumes de dados, ou por marca e localiza\u00e7\u00e3o.","robots":{"index":"index","follow":"follow","max-snippet":"max-snippet:-1","max-image-preview":"max-image-preview:large","max-video-preview":"max-video-preview:-1"},"canonical":"https:\/\/site-temp.vawlt.io\/product\/volume-types\/","og_locale":"pt_BR","og_type":"article","og_title":"Volume Types: Hot, Warm, Immutable, Archival | Multicloud Storage | Vawlt","og_description":"Vawlt adapts to your needs: define storage capacity, download quota, interfaces and retention policies to your data volumes, or by brand and location.","og_url":"https:\/\/site-temp.vawlt.io\/product\/volume-types\/","og_site_name":"Vawlt","article_publisher":"https:\/\/www.facebook.com\/vawlt","article_modified_time":"2022-05-19T11:05:25+00:00","og_image":[{"width":500,"height":256,"url":"https:\/\/vawlt.io\/wp-content\/uploads\/2021\/09\/mockup.png","type":"image\/png"}],"twitter_card":"summary_large_image","twitter_site":"@vawltio","twitter_misc":{"Est. tempo de leitura":"4 minutos"},"schema":{"@context":"https:\/\/schema.org","@graph":[{"@type":"WebPage","@id":"https:\/\/site-temp.vawlt.io\/product\/volume-types\/","url":"https:\/\/site-temp.vawlt.io\/product\/volume-types\/","name":"Tipos de Volumes: Hot, Warm, Immutable, Archival | Armazenamento Multicloud | Vawlt","isPartOf":{"@id":"https:\/\/site-temp.vawlt.io\/#website"},"datePublished":"2021-08-12T09:05:00+00:00","dateModified":"2022-05-19T11:05:25+00:00","description":"A Vawlt se adapta \u00e0s suas necessidades: definir capacidade de armazenamento, cota de download, interfaces e pol\u00edticas de reten\u00e7\u00e3o para seus volumes de dados, ou por marca e localiza\u00e7\u00e3o.","breadcrumb":{"@id":"https:\/\/site-temp.vawlt.io\/product\/volume-types\/#breadcrumb"},"inLanguage":"pt-BR","potentialAction":[{"@type":"ReadAction","target":["https:\/\/site-temp.vawlt.io\/product\/volume-types\/"]}]},{"@type":"BreadcrumbList","@id":"https:\/\/site-temp.vawlt.io\/product\/volume-types\/#breadcrumb","itemListElement":[{"@type":"ListItem","position":1,"name":"Home","item":"https:\/\/vawlt.io\/"},{"@type":"ListItem","position":2,"name":"Product","item":"https:\/\/site-temp.vawlt.io\/product\/"},{"@type":"ListItem","position":3,"name":"Volume Types"}]},{"@type":"WebSite","@id":"https:\/\/site-temp.vawlt.io\/#website","url":"https:\/\/site-temp.vawlt.io\/","name":"Vawlt","description":"Solu\u00e7\u00e3o multicloud para armazenamento de dados que simplifica a transi\u00e7\u00e3o para a cloud, melhora padr\u00f5es de seguran\u00e7a e otimiza o uso de recursos.","publisher":{"@id":"https:\/\/site-temp.vawlt.io\/#organization"},"potentialAction":[{"@type":"SearchAction","target":{"@type":"EntryPoint","urlTemplate":"https:\/\/site-temp.vawlt.io\/?s={search_term_string}"},"query-input":{"@type":"PropertyValueSpecification","valueRequired":true,"valueName":"search_term_string"}}],"inLanguage":"pt-BR"},{"@type":"Organization","@id":"https:\/\/site-temp.vawlt.io\/#organization","name":"Vawlt","url":"https:\/\/site-temp.vawlt.io\/","logo":{"@type":"ImageObject","inLanguage":"pt-BR","@id":"https:\/\/site-temp.vawlt.io\/#\/schema\/logo\/image\/","url":"http:\/\/vawlt.io\/wp-content\/uploads\/2021\/08\/logo_vawlt_business.png","contentUrl":"http:\/\/vawlt.io\/wp-content\/uploads\/2021\/08\/logo_vawlt_business.png","width":576,"height":92,"caption":"Vawlt"},"image":{"@id":"https:\/\/site-temp.vawlt.io\/#\/schema\/logo\/image\/"},"sameAs":["https:\/\/www.facebook.com\/vawlt","https:\/\/x.com\/vawltio","https:\/\/www.linkedin.com\/company\/vawlt","https:\/\/www.youtube.com\/channel\/UCYzlYYg7j_07CFi8Be0eAMw"]}]}},"_links":{"self":[{"href":"https:\/\/vawlt.io\/br\/wp-json\/wp\/v2\/pages\/173","targetHints":{"allow":["GET"]}}],"collection":[{"href":"https:\/\/vawlt.io\/br\/wp-json\/wp\/v2\/pages"}],"about":[{"href":"https:\/\/vawlt.io\/br\/wp-json\/wp\/v2\/types\/page"}],"author":[{"embeddable":true,"href":"https:\/\/vawlt.io\/br\/wp-json\/wp\/v2\/users\/8"}],"replies":[{"embeddable":true,"href":"https:\/\/vawlt.io\/br\/wp-json\/wp\/v2\/comments?post=173"}],"version-history":[{"count":45,"href":"https:\/\/vawlt.io\/br\/wp-json\/wp\/v2\/pages\/173\/revisions"}],"predecessor-version":[{"id":5629,"href":"https:\/\/vawlt.io\/br\/wp-json\/wp\/v2\/pages\/173\/revisions\/5629"}],"up":[{"embeddable":true,"href":"https:\/\/vawlt.io\/br\/wp-json\/wp\/v2\/pages\/36"}],"wp:attachment":[{"href":"https:\/\/vawlt.io\/br\/wp-json\/wp\/v2\/media?parent=173"}],"curies":[{"name":"wp","href":"https:\/\/api.w.org\/{rel}","templated":true}]}}