{"id":384,"date":"2021-08-12T15:14:39","date_gmt":"2021-08-12T15:14:39","guid":{"rendered":"http:\/\/vawlt.io\/?page_id=384"},"modified":"2022-03-04T17:18:07","modified_gmt":"2022-03-04T17:18:07","slug":"use-cases","status":"publish","type":"page","link":"https:\/\/vawlt.io\/br\/solucoes\/casos-de-uso\/","title":{"rendered":"Casos de Uso"},"content":{"rendered":"<section class=\"section\" id=\"section_764728070\">\n\t\t<div class=\"bg section-bg fill bg-fill  bg-loaded\" >\n\n\t\t\t\n\t\t\t\n\t\t\t\n\n\t\t<\/div>\n\n\t\t<div class=\"section-content relative\">\n\t\t\t\n\n<div class=\"row\"  id=\"row-1318472882\">\n\n\n\t<div id=\"col-331613639\" class=\"col small-12 large-12\"  >\n\t\t\t\t<div class=\"col-inner\"  >\n\t\t\t\n\t\t\t\n\n\t<div id=\"text-4255528183\" class=\"text\">\n\t\t\n\n<h1><strong>Casos de Uso Vawlt<\/strong><\/h1>\n\t\t\n<style>\n#text-4255528183 {\n  font-size: 1.6rem;\n  line-height: 2.2;\n  text-align: center;\n}\n<\/style>\n\t<\/div>\n\t\n\t<div id=\"text-2013414580\" class=\"text\">\n\t\t\n\n<p>Descubra como a Vawlt pode fornecer uma solu\u00e7\u00e3o de armazenamento de dados em um ambiente multicloud, atrav\u00e9s de uma s\u00e9rie de casos de uso.<\/p>\n\t\t\n<style>\n#text-2013414580 {\n  text-align: center;\n}\n<\/style>\n\t<\/div>\n\t\n\n\t\t<\/div>\n\t\t\t\t\n<style>\n#col-331613639 > .col-inner {\n  padding: 50px 20px 0px 20px;\n}\n@media (min-width:850px) {\n  #col-331613639 > .col-inner {\n    padding: 80px 0px 0px 0px;\n  }\n}\n<\/style>\n\t<\/div>\n\n\t\n\n<\/div>\n\n\t\t<\/div>\n\n\t\t\n<style>\n#section_764728070 {\n  padding-top: 0px;\n  padding-bottom: 0px;\n}\n<\/style>\n\t<\/section>\n\t\n\t<section class=\"section\" id=\"section_564808749\">\n\t\t<div class=\"bg section-bg fill bg-fill  bg-loaded\" >\n\n\t\t\t\n\t\t\t\n\t\t\t\n\n\t\t<\/div>\n\n\t\t<div class=\"section-content relative\">\n\t\t\t\n\n<div class=\"row align-equal\"  id=\"row-1370998170\">\n\n\n\t<div id=\"col-937621761\" class=\"col medium-4 small-12 large-4\"  >\n\t\t\t\t<div class=\"col-inner box-shadow-1\"  >\n\t\t\t\n\t\t\t\n\n<div class=\"row row-collapse align-equal\"  id=\"row-493239013\">\n\n\n\t<div id=\"col-861010170\" class=\"col blue-gradient small-12 large-12\"  >\n\t\t\t\t<div class=\"col-inner dark\"  >\n\t\t\t\n\t\t\t\n\n\t<div id=\"text-3568886215\" class=\"text\">\n\t\t\n\n<h2>Sincroniza\u00e7\u00e3o e compartilhamento de arquivos<\/h2>\n\t\t\n<style>\n#text-3568886215 {\n  line-height: 1;\n}\n<\/style>\n\t<\/div>\n\t\n\n\t\t<\/div>\n\t\t\t\t\n<style>\n#col-861010170 > .col-inner {\n  padding: 20px 20px 20px 20px;\n  border-radius: 5px;\n}\n<\/style>\n\t<\/div>\n\n\t\n\n\t<div id=\"col-1337423485\" class=\"col small-12 large-12\"  >\n\t\t\t\t<div class=\"col-inner\"  >\n\t\t\t\n\t\t\t\n\n<p>Vawlt pode ser uma plataforma de sincroniza\u00e7\u00e3o e compartilhamento de arquivos, dispon\u00edvel para sua equipe da maneira mais segura poss\u00edvel. Trabalhe tranquilamente de qualquer lugar atrav\u00e9s de uma interface f\u00e1cil, pois seus arquivos estar\u00e3o sempre seguros.<\/p>\n<a href=\"\/br\/solucoes\/casos-de-uso\/sincronizacao-e-compartilhamento-de-arquivos\/\" target=\"_self\" class=\"button primary is-link\"  >\n    <span>Saiba mais<\/span>\n  <i class=\"icon-angle-right\" ><\/i><\/a>\n\n\n\n\t\t<\/div>\n\t\t\t\t\n<style>\n#col-1337423485 > .col-inner {\n  padding: 20px 20px 0px 20px;\n}\n<\/style>\n\t<\/div>\n\n\t\n\n<\/div>\n\n\t\t<\/div>\n\t\t\t\t\t<\/div>\n\n\t\n\n\t<div id=\"col-1525453744\" class=\"col medium-4 small-12 large-4\"  >\n\t\t\t\t<div class=\"col-inner box-shadow-1\"  >\n\t\t\t\n\t\t\t\n\n<div class=\"row row-collapse\"  id=\"row-1715863756\">\n\n\n\t<div id=\"col-748370774\" class=\"col blue-gradient small-12 large-12\"  >\n\t\t\t\t<div class=\"col-inner dark\"  >\n\t\t\t\n\t\t\t\n\n\t<div id=\"text-564576038\" class=\"text\">\n\t\t\n\n<h2>Libertar recursos da infra-estrutura<\/h2>\n\t\t\n<style>\n#text-564576038 {\n  line-height: 1;\n}\n<\/style>\n\t<\/div>\n\t\n\n\t\t<\/div>\n\t\t\t\t\n<style>\n#col-748370774 > .col-inner {\n  padding: 20px 20px 20px 20px;\n}\n<\/style>\n\t<\/div>\n\n\t\n\n\t<div id=\"col-1841872916\" class=\"col small-12 large-12\"  >\n\t\t\t\t<div class=\"col-inner\"  >\n\t\t\t\n\t\t\t\n\n<p>Com a Vawlt, voc\u00ea poder\u00e1 tirar alguma press\u00e3o de sua infra-estrutura, movendo dados imut\u00e1veis ou de arquivo para uma solu\u00e7\u00e3o multicloud que foi projetada para ser segura e tem custos de manuten\u00e7\u00e3o mais baixos.<\/p>\n<a href=\"\/br\/solucoes\/casos-de-uso\/libertar-recursos-da-infra-estrutura\/\" target=\"_self\" class=\"button primary is-link\"  >\n    <span>Saiba mais<\/span>\n  <i class=\"icon-angle-right\" ><\/i><\/a>\n\n\n\n\t\t<\/div>\n\t\t\t\t\n<style>\n#col-1841872916 > .col-inner {\n  padding: 20px 20px 0px 20px;\n}\n<\/style>\n\t<\/div>\n\n\t\n\n<\/div>\n\n\t\t<\/div>\n\t\t\t\t\t<\/div>\n\n\t\n\n\t<div id=\"col-1309810381\" class=\"col medium-4 small-12 large-4\"  >\n\t\t\t\t<div class=\"col-inner box-shadow-1\"  >\n\t\t\t\n\t\t\t\n\n<div class=\"row row-collapse\"  id=\"row-677493798\">\n\n\n\t<div id=\"col-1469934295\" class=\"col blue-gradient small-12 large-12\"  >\n\t\t\t\t<div class=\"col-inner dark\"  >\n\t\t\t\n\t\t\t\n\n\t<div id=\"text-135916369\" class=\"text\">\n\t\t\n\n<h2>Backup e recupera\u00e7\u00e3o de desastres<\/h2>\n\t\t\n<style>\n#text-135916369 {\n  line-height: 1;\n}\n<\/style>\n\t<\/div>\n\t\n\n\t\t<\/div>\n\t\t\t\t\n<style>\n#col-1469934295 > .col-inner {\n  padding: 20px 20px 20px 20px;\n}\n<\/style>\n\t<\/div>\n\n\t\n\n\t<div id=\"col-275416842\" class=\"col small-12 large-12\"  >\n\t\t\t\t<div class=\"col-inner\"  >\n\t\t\t\n\t\t\t\n\n<p>A Vawlt permite que arquivos e pastas em seu sistema de arquivos sejam rapidamente restaurados e reconstru\u00eddos a partir da solu\u00e7\u00e3o multicloud, permitindo uma busca abrangente em todos os seus volumes de dados.<\/p>\n<a href=\"\/br\/solucoes\/casos-de-uso\/backup-e-recuperacao-de-desastres\/\" target=\"_self\" class=\"button primary is-link\"  >\n    <span>Saiba mais<\/span>\n  <i class=\"icon-angle-right\" ><\/i><\/a>\n\n\n\n\t\t<\/div>\n\t\t\t\t\n<style>\n#col-275416842 > .col-inner {\n  padding: 20px 20px 0px 20px;\n}\n<\/style>\n\t<\/div>\n\n\t\n\n<\/div>\n\n\t\t<\/div>\n\t\t\t\t\t<\/div>\n\n\t\n\n<\/div>\n<div class=\"row align-equal\"  id=\"row-2107109978\">\n\n\n\t<div id=\"col-1119950239\" class=\"col medium-4 small-12 large-4\"  >\n\t\t\t\t<div class=\"col-inner box-shadow-1\"  >\n\t\t\t\n\t\t\t\n\n<div class=\"row row-collapse\"  id=\"row-1240417738\">\n\n\n\t<div id=\"col-1703477699\" class=\"col blue-gradient small-12 large-12\"  >\n\t\t\t\t<div class=\"col-inner dark\"  >\n\t\t\t\n\t\t\t\n\n\t<div id=\"text-1161993114\" class=\"text\">\n\t\t\n\n<h2>Capacitador para aplicativos legados<\/h2>\n\t\t\n<style>\n#text-1161993114 {\n  line-height: 1;\n}\n<\/style>\n\t<\/div>\n\t\n\n\t\t<\/div>\n\t\t\t\t\n<style>\n#col-1703477699 > .col-inner {\n  padding: 20px 20px 20px 20px;\n}\n<\/style>\n\t<\/div>\n\n\t\n\n\t<div id=\"col-1762036117\" class=\"col small-12 large-12\"  >\n\t\t\t\t<div class=\"col-inner\"  >\n\t\t\t\n\t\t\t\n\n<p>O sistema de arquivos da Vawlt permite que seus aplicativos legados armazenem dados na cloud sem a necessidade de escrever uma \u00fanica linha de c\u00f3digo.<\/p>\n<a href=\"\/br\/solucoes\/casos-de-uso\/capacitador-para-aplicativos-legados\/\" target=\"_self\" class=\"button primary is-link\"  >\n    <span>Saiba mais<\/span>\n  <i class=\"icon-angle-right\" ><\/i><\/a>\n\n\n\n\t\t<\/div>\n\t\t\t\t\n<style>\n#col-1762036117 > .col-inner {\n  padding: 20px 20px 0px 20px;\n}\n<\/style>\n\t<\/div>\n\n\t\n\n<\/div>\n\n\t\t<\/div>\n\t\t\t\t\t<\/div>\n\n\t\n\n\t<div id=\"col-2091598834\" class=\"col medium-4 small-12 large-4\"  >\n\t\t\t\t<div class=\"col-inner box-shadow-1\"  >\n\t\t\t\n\t\t\t\n\n<div class=\"row row-collapse\"  id=\"row-900337519\">\n\n\n\t<div id=\"col-822889220\" class=\"col blue-gradient small-12 large-12\"  >\n\t\t\t\t<div class=\"col-inner dark\"  >\n\t\t\t\n\t\t\t\n\n<h2>Gateway seguro para a cloud<\/h2>\n\n\t\t<\/div>\n\t\t\t\t\n<style>\n#col-822889220 > .col-inner {\n  padding: 20px 20px 20px 20px;\n}\n<\/style>\n\t<\/div>\n\n\t\n\n\t<div id=\"col-968613885\" class=\"col small-12 large-12\"  >\n\t\t\t\t<div class=\"col-inner\"  >\n\t\t\t\n\t\t\t\n\n<p>Se seus aplicativos usam S3-API, use a Vawlt como seu end-point e aproveite a melhor solu\u00e7\u00e3o de armazenamento que tem em conta fatores como localiza\u00e7\u00e3o, lat\u00eancia, or\u00e7amento ou requisitos de conformidade.<\/p>\n<a href=\"\/br\/solucoes\/casos-de-uso\/gateway-seguro-para-a-cloud\/\" target=\"_self\" class=\"button primary is-link\"  >\n    <span>Saiba mais<\/span>\n  <i class=\"icon-angle-right\" ><\/i><\/a>\n\n\n\n\t\t<\/div>\n\t\t\t\t\n<style>\n#col-968613885 > .col-inner {\n  padding: 20px 20px 0px 20px;\n}\n<\/style>\n\t<\/div>\n\n\t\n\n<\/div>\n\n\t\t<\/div>\n\t\t\t\t\t<\/div>\n\n\t\n\n\t<div id=\"col-1067510497\" class=\"col medium-4 small-12 large-4\"  >\n\t\t\t\t<div class=\"col-inner box-shadow-1\"  >\n\t\t\t\n\t\t\t\n\n<div class=\"row row-collapse\"  id=\"row-1664336768\">\n\n\n\t<div id=\"col-1446473102\" class=\"col blue-gradient small-12 large-12\"  >\n\t\t\t\t<div class=\"col-inner dark\"  >\n\t\t\t\n\t\t\t\n\n<h2>Arquivamento de dados<\/h2>\n\n\t\t<\/div>\n\t\t\t\t\n<style>\n#col-1446473102 > .col-inner {\n  padding: 20px 20px 20px 20px;\n}\n<\/style>\n\t<\/div>\n\n\t\n\n\t<div id=\"col-2121533607\" class=\"col small-12 large-12\"  >\n\t\t\t\t<div class=\"col-inner\"  >\n\t\t\t\n\t\t\t\n\n<p>Se sua carga de trabalho produz muitos dados, sua empresa poder\u00e1 otimizar custos, arquivando dados n\u00e3o utilizados em uma solu\u00e7\u00e3o multicloud, em vez de usar um meio de armazenamento mais r\u00e1pido e caro.<\/p>\n<a href=\"\/br\/solucoes\/casos-de-uso\/arquivamento-de-dados\/\" target=\"_self\" class=\"button primary is-link\"  >\n    <span>Saiba mais<\/span>\n  <i class=\"icon-angle-right\" ><\/i><\/a>\n\n\n\n\t\t<\/div>\n\t\t\t\t\n<style>\n#col-2121533607 > .col-inner {\n  padding: 20px 20px 0px 20px;\n}\n<\/style>\n\t<\/div>\n\n\t\n\n<\/div>\n\n\t\t<\/div>\n\t\t\t\t\t<\/div>\n\n\t\n\n<\/div>\n<div class=\"row align-equal\"  id=\"row-718515799\">\n\n\n\t<div id=\"col-1460760994\" class=\"col medium-4 small-12 large-4\"  >\n\t\t\t\t<div class=\"col-inner box-shadow-2\"  >\n\t\t\t\n\t\t\t\n\n<div class=\"row row-collapse\"  id=\"row-1027378700\">\n\n\n\t<div id=\"col-588908850\" class=\"col blue-gradient small-12 large-12\"  >\n\t\t\t\t<div class=\"col-inner dark\"  >\n\t\t\t\n\t\t\t\n\n<h2>Prote\u00e7\u00e3o contra ransomware<\/h2>\n\n\t\t<\/div>\n\t\t\t\t\n<style>\n#col-588908850 > .col-inner {\n  padding: 20px 20px 20px 20px;\n}\n<\/style>\n\t<\/div>\n\n\t\n\n\t<div id=\"col-720721049\" class=\"col small-12 large-12\"  >\n\t\t\t\t<div class=\"col-inner\"  >\n\t\t\t\n\t\t\t\n\n<p>Uma arquitetura de dados imut\u00e1vel \u00e9 a resposta ao crescente desafio do ransomware. As empresas est\u00e3o sendo cada vez mais v\u00edtimas da infec\u00e7\u00e3o por softwares que codificam e bloqueiam arquivos at\u00e9 que um resgate seja pago para sua devolu\u00e7\u00e3o.<\/p>\n<a href=\"\/br\/solucoes\/casos-de-uso\/protecao-contra-ransomware\/\" target=\"_self\" class=\"button primary is-link\"  >\n    <span>Saiba mais<\/span>\n  <i class=\"icon-angle-right\" ><\/i><\/a>\n\n\n\n\t\t<\/div>\n\t\t\t\t\n<style>\n#col-720721049 > .col-inner {\n  padding: 20px 20px 0px 20px;\n}\n<\/style>\n\t<\/div>\n\n\t\n\n<\/div>\n\n\t\t<\/div>\n\t\t\t\t\t<\/div>\n\n\t\n\n<\/div>\n\n\t\t<\/div>\n\n\t\t\n<style>\n#section_564808749 {\n  padding-top: 30px;\n  padding-bottom: 30px;\n}\n<\/style>\n\t<\/section>\n\t\n\t<section class=\"section\" id=\"section_690243679\">\n\t\t<div class=\"bg section-bg fill bg-fill  bg-loaded\" >\n\n\t\t\t\n\t\t\t\n\t\t\t\n\n\t\t<\/div>\n\n\t\t<div class=\"section-content relative\">\n\t\t\t\n\n\t<div id=\"gap-1458974831\" class=\"gap-element clearfix\" style=\"display:block; height:auto;\">\n\t\t\n<style>\n#gap-1458974831 {\n  padding-top: 40px;\n}\n<\/style>\n\t<\/div>\n\t\n\n<div class=\"row row-collapse align-middle\"  id=\"row-1539292588\">\n\n\n\t<div id=\"col-497956928\" class=\"col medium-6 small-12 large-6\"  >\n\t\t\t\t<div class=\"col-inner text-left\"  >\n\t\t\t\n\t\t\t\n\n\t<div id=\"text-710450071\" class=\"text\">\n\t\t\n\n<h3 style=\"font-weight: 600;\">N\u00e3o deixe que o ransomware detenha sua empresa<\/h3>\n\t\t\n<style>\n#text-710450071 {\n  font-size: 1rem;\n  text-align: center;\n}\n@media (min-width:550px) {\n  #text-710450071 {\n    text-align: left;\n  }\n}\n<\/style>\n\t<\/div>\n\t\n\t<div id=\"text-752494118\" class=\"text\">\n\t\t\n\n<h2><span style=\"font-weight: 600; color: #21bffc;\">\u00c9 f\u00e1cil<\/span><span style=\"font-weight: 600; color: #000000;\">\u00a0come\u00e7ar.<br \/><\/span><\/h2>\n\t\t\n<style>\n#text-752494118 {\n  font-size: 1.6rem;\n  text-align: center;\n}\n@media (min-width:550px) {\n  #text-752494118 {\n    text-align: left;\n  }\n}\n<\/style>\n\t<\/div>\n\t\n\n\t\t<\/div>\n\t\t\t\t\n<style>\n#col-497956928 > .col-inner {\n  padding: 0px 20px 0px 20px;\n}\n@media (min-width:550px) {\n  #col-497956928 > .col-inner {\n    padding: 0px 0px 0px 20px;\n  }\n}\n<\/style>\n\t<\/div>\n\n\t\n\n\t<div id=\"col-674233134\" class=\"col hide-for-medium medium-6 small-12 large-6\"  >\n\t\t\t\t<div class=\"col-inner text-right\"  >\n\t\t\t\n\t\t\t\n\n<a href=\"http:\/\/vawlt.io\/br\/pedir-uma-demonstracao\/\" target=\"_self\" class=\"button primary is-large\"  style=\"border-radius:5px;\">\n    <span>Pe\u00e7a uma Demo<\/span>\n  <\/a>\n\n\n\n\t\t<\/div>\n\t\t\t\t\n<style>\n#col-674233134 > .col-inner {\n  padding: 0px 20px 0px 20px;\n}\n@media (min-width:550px) {\n  #col-674233134 > .col-inner {\n    padding: 0px 20px 0px 0px;\n  }\n}\n<\/style>\n\t<\/div>\n\n\t\n\n\t<div id=\"col-889021566\" class=\"col show-for-medium hide-for-small medium-6 small-12 large-6\"  >\n\t\t\t\t<div class=\"col-inner text-right\"  >\n\t\t\t\n\t\t\t\n\n<a href=\"http:\/\/vawlt.io\/br\/pedir-uma-demonstracao\/\" target=\"_self\" class=\"button primary\"  style=\"border-radius:5px;\">\n    <span>Pe\u00e7a uma Demo<\/span>\n  <\/a>\n\n\n\n\t\t<\/div>\n\t\t\t\t\n<style>\n#col-889021566 > .col-inner {\n  padding: 0px 20px 0px 20px;\n}\n@media (min-width:550px) {\n  #col-889021566 > .col-inner {\n    padding: 0px 20px 0px 0px;\n  }\n}\n<\/style>\n\t<\/div>\n\n\t\n\n\t<div id=\"col-1993269849\" class=\"col show-for-small medium-6 small-12 large-6\"  >\n\t\t\t\t<div class=\"col-inner text-center\"  >\n\t\t\t\n\t\t\t\n\n\t<div id=\"gap-1683514656\" class=\"gap-element clearfix\" style=\"display:block; height:auto;\">\n\t\t\n<style>\n#gap-1683514656 {\n  padding-top: 23px;\n}\n@media (min-width:550px) {\n  #gap-1683514656 {\n    padding-top: 40px;\n  }\n}\n<\/style>\n\t<\/div>\n\t\n\n<a href=\"http:\/\/vawlt.io\/br\/pedir-uma-demonstracao\/\" target=\"_self\" class=\"button primary is-small\"  style=\"border-radius:5px;\">\n    <span>Pe\u00e7a uma Demo<\/span>\n  <\/a>\n\n\n\n\t\t<\/div>\n\t\t\t\t\n<style>\n#col-1993269849 > .col-inner {\n  padding: 0px 20px 0px 20px;\n}\n@media (min-width:550px) {\n  #col-1993269849 > .col-inner {\n    padding: 0px 20px 0px 0px;\n  }\n}\n<\/style>\n\t<\/div>\n\n\t\n\n<\/div>\n\n\t\t<\/div>\n\n\t\t\n<style>\n#section_690243679 {\n  padding-top: 30px;\n  padding-bottom: 30px;\n  background-color: rgb(244, 247, 249);\n}\n<\/style>\n\t<\/section>","protected":false},"excerpt":{"rendered":"","protected":false},"author":8,"featured_media":0,"parent":349,"menu_order":0,"comment_status":"closed","ping_status":"closed","template":"page-blank.php","meta":{"footnotes":""},"class_list":["post-384","page","type-page","status-publish","hentry"],"yoast_head":"<!-- This site is optimized with the Yoast SEO plugin v26.2 - https:\/\/yoast.com\/wordpress\/plugins\/seo\/ -->\n<title>Learn How Vawlt Can Add Value: Use Cases | Multicloud Storage | Vawlt<\/title>\n<meta name=\"description\" content=\"Discover how can Vawlt adds value to your business as a multicloud storage solution through a series of use cases.\" \/>\n<meta name=\"robots\" content=\"index, follow, max-snippet:-1, max-image-preview:large, max-video-preview:-1\" \/>\n<link rel=\"canonical\" href=\"https:\/\/site-temp.vawlt.io\/solutions\/use-cases\/\" \/>\n<meta property=\"og:locale\" content=\"pt_BR\" \/>\n<meta property=\"og:type\" content=\"article\" \/>\n<meta property=\"og:title\" content=\"Learn How Vawlt Can Add Value: Use Cases | Multicloud Storage | Vawlt\" \/>\n<meta property=\"og:description\" content=\"Discover how can Vawlt adds value to your business as a multicloud storage solution through a series of use cases.\" \/>\n<meta property=\"og:url\" content=\"https:\/\/site-temp.vawlt.io\/solutions\/use-cases\/\" \/>\n<meta property=\"og:site_name\" content=\"Vawlt\" \/>\n<meta property=\"article:publisher\" content=\"https:\/\/www.facebook.com\/vawlt\" \/>\n<meta property=\"article:modified_time\" content=\"2022-03-04T17:18:07+00:00\" \/>\n<meta property=\"og:image\" content=\"https:\/\/vawlt.io\/wp-content\/uploads\/2021\/09\/mockup.png\" \/>\n\t<meta property=\"og:image:width\" content=\"500\" \/>\n\t<meta property=\"og:image:height\" content=\"256\" \/>\n\t<meta property=\"og:image:type\" content=\"image\/png\" \/>\n<meta name=\"twitter:card\" content=\"summary_large_image\" \/>\n<meta name=\"twitter:site\" content=\"@vawltio\" \/>\n<meta name=\"twitter:label1\" content=\"Est. tempo de leitura\" \/>\n\t<meta name=\"twitter:data1\" content=\"3 minutos\" \/>\n<!-- \/ Yoast SEO plugin. -->","yoast_head_json":{"title":"Saiba Como a Vawlt Agrega Valor: Casos de Uso | Armazenamento Multicloud | Vawlt","description":"Descubra como a Vawlt pode agregar valor ao seu neg\u00f3cio como uma solu\u00e7\u00e3o de armazenamento multicloud atrav\u00e9s de uma s\u00e9rie de casos de uso.","robots":{"index":"index","follow":"follow","max-snippet":"max-snippet:-1","max-image-preview":"max-image-preview:large","max-video-preview":"max-video-preview:-1"},"canonical":"https:\/\/site-temp.vawlt.io\/solutions\/use-cases\/","og_locale":"pt_BR","og_type":"article","og_title":"Learn How Vawlt Can Add Value: Use Cases | Multicloud Storage | Vawlt","og_description":"Discover how can Vawlt adds value to your business as a multicloud storage solution through a series of use cases.","og_url":"https:\/\/site-temp.vawlt.io\/solutions\/use-cases\/","og_site_name":"Vawlt","article_publisher":"https:\/\/www.facebook.com\/vawlt","article_modified_time":"2022-03-04T17:18:07+00:00","og_image":[{"width":500,"height":256,"url":"https:\/\/vawlt.io\/wp-content\/uploads\/2021\/09\/mockup.png","type":"image\/png"}],"twitter_card":"summary_large_image","twitter_site":"@vawltio","twitter_misc":{"Est. tempo de leitura":"3 minutos"},"schema":{"@context":"https:\/\/schema.org","@graph":[{"@type":"WebPage","@id":"https:\/\/site-temp.vawlt.io\/solutions\/use-cases\/","url":"https:\/\/site-temp.vawlt.io\/solutions\/use-cases\/","name":"Saiba Como a Vawlt Agrega Valor: Casos de Uso | Armazenamento Multicloud | Vawlt","isPartOf":{"@id":"https:\/\/site-temp.vawlt.io\/#website"},"datePublished":"2021-08-12T15:14:39+00:00","dateModified":"2022-03-04T17:18:07+00:00","description":"Descubra como a Vawlt pode agregar valor ao seu neg\u00f3cio como uma solu\u00e7\u00e3o de armazenamento multicloud atrav\u00e9s de uma s\u00e9rie de casos de uso.","breadcrumb":{"@id":"https:\/\/site-temp.vawlt.io\/solutions\/use-cases\/#breadcrumb"},"inLanguage":"pt-BR","potentialAction":[{"@type":"ReadAction","target":["https:\/\/site-temp.vawlt.io\/solutions\/use-cases\/"]}]},{"@type":"BreadcrumbList","@id":"https:\/\/site-temp.vawlt.io\/solutions\/use-cases\/#breadcrumb","itemListElement":[{"@type":"ListItem","position":1,"name":"Home","item":"https:\/\/vawlt.io\/"},{"@type":"ListItem","position":2,"name":"Solutions","item":"https:\/\/site-temp.vawlt.io\/solutions\/"},{"@type":"ListItem","position":3,"name":"Use cases"}]},{"@type":"WebSite","@id":"https:\/\/site-temp.vawlt.io\/#website","url":"https:\/\/site-temp.vawlt.io\/","name":"Vawlt","description":"Solu\u00e7\u00e3o multicloud para armazenamento de dados que simplifica a transi\u00e7\u00e3o para a cloud, melhora padr\u00f5es de seguran\u00e7a e otimiza o uso de recursos.","publisher":{"@id":"https:\/\/site-temp.vawlt.io\/#organization"},"potentialAction":[{"@type":"SearchAction","target":{"@type":"EntryPoint","urlTemplate":"https:\/\/site-temp.vawlt.io\/?s={search_term_string}"},"query-input":{"@type":"PropertyValueSpecification","valueRequired":true,"valueName":"search_term_string"}}],"inLanguage":"pt-BR"},{"@type":"Organization","@id":"https:\/\/site-temp.vawlt.io\/#organization","name":"Vawlt","url":"https:\/\/site-temp.vawlt.io\/","logo":{"@type":"ImageObject","inLanguage":"pt-BR","@id":"https:\/\/site-temp.vawlt.io\/#\/schema\/logo\/image\/","url":"http:\/\/vawlt.io\/wp-content\/uploads\/2021\/08\/logo_vawlt_business.png","contentUrl":"http:\/\/vawlt.io\/wp-content\/uploads\/2021\/08\/logo_vawlt_business.png","width":576,"height":92,"caption":"Vawlt"},"image":{"@id":"https:\/\/site-temp.vawlt.io\/#\/schema\/logo\/image\/"},"sameAs":["https:\/\/www.facebook.com\/vawlt","https:\/\/x.com\/vawltio","https:\/\/www.linkedin.com\/company\/vawlt","https:\/\/www.youtube.com\/channel\/UCYzlYYg7j_07CFi8Be0eAMw"]}]}},"_links":{"self":[{"href":"https:\/\/vawlt.io\/br\/wp-json\/wp\/v2\/pages\/384","targetHints":{"allow":["GET"]}}],"collection":[{"href":"https:\/\/vawlt.io\/br\/wp-json\/wp\/v2\/pages"}],"about":[{"href":"https:\/\/vawlt.io\/br\/wp-json\/wp\/v2\/types\/page"}],"author":[{"embeddable":true,"href":"https:\/\/vawlt.io\/br\/wp-json\/wp\/v2\/users\/8"}],"replies":[{"embeddable":true,"href":"https:\/\/vawlt.io\/br\/wp-json\/wp\/v2\/comments?post=384"}],"version-history":[{"count":23,"href":"https:\/\/vawlt.io\/br\/wp-json\/wp\/v2\/pages\/384\/revisions"}],"predecessor-version":[{"id":3374,"href":"https:\/\/vawlt.io\/br\/wp-json\/wp\/v2\/pages\/384\/revisions\/3374"}],"up":[{"embeddable":true,"href":"https:\/\/vawlt.io\/br\/wp-json\/wp\/v2\/pages\/349"}],"wp:attachment":[{"href":"https:\/\/vawlt.io\/br\/wp-json\/wp\/v2\/media?parent=384"}],"curies":[{"name":"wp","href":"https:\/\/api.w.org\/{rel}","templated":true}]}}