{"id":430,"date":"2021-08-12T16:25:33","date_gmt":"2021-08-12T16:25:33","guid":{"rendered":"http:\/\/vawlt.io\/?page_id=430"},"modified":"2022-03-04T17:17:57","modified_gmt":"2022-03-04T17:17:57","slug":"healthcare","status":"publish","type":"page","link":"https:\/\/vawlt.io\/br\/solucoes\/industrias\/saude\/","title":{"rendered":"Sa\u00fade"},"content":{"rendered":"<section class=\"section has-parallax\" id=\"section_2060574858\">\n\t\t<div class=\"bg section-bg fill bg-fill\" data-parallax-container=\".section\" data-parallax-background data-parallax=\"-2\">\n\n\t\t\t\n\t\t\t\n\t\t\t\n\n\t\t<\/div>\n\n\t\t<div class=\"section-content relative\">\n\t\t\t\n\n<div class=\"row\"  id=\"row-166968340\">\n\n\n\t<div id=\"col-177629451\" class=\"col medium-6 small-12 large-6\"  >\n\t\t\t\t<div class=\"col-inner dark\"  >\n\t\t\t\n\t\t\t\n\n\t<div id=\"text-2509165428\" class=\"text\">\n\t\t\n\n<h1><strong>Sa\u00fade<\/strong><\/h1>\n\t\t\n<style>\n#text-2509165428 {\n  font-size: 1.95rem;\n}\n<\/style>\n\t<\/div>\n\t\n\t<div id=\"text-1272824203\" class=\"text\">\n\t\t\n\n<p>Ajude seus pacientes a se sentirem mais seguros com um sistema desenhado a pensar na seguran\u00e7a. Armazene suas imagens e registros, enquanto controla facilmente quem tem acesso a eles. Continue usando seu centro de dados enquanto explora o potencial das clouds p\u00fablicas, estando ao mesmo em conformidade com regula\u00e7\u00f5es.<\/p>\n\t\t\n<style>\n#text-1272824203 {\n  font-size: 1.25rem;\n}\n<\/style>\n\t<\/div>\n\t\n\n\t\t<\/div>\n\t\t\t\t\n<style>\n#col-177629451 > .col-inner {\n  padding: 25px 20px 0px 20px;\n}\n@media (min-width:550px) {\n  #col-177629451 > .col-inner {\n    padding: 25px 0px 0px 20px;\n  }\n}\n@media (min-width:850px) {\n  #col-177629451 > .col-inner {\n    padding: 25px 0px 0px 0px;\n  }\n}\n<\/style>\n\t<\/div>\n\n\t\n\n<\/div>\n\n\t\t<\/div>\n\n\t\t\n<style>\n#section_2060574858 {\n  padding-top: 30px;\n  padding-bottom: 30px;\n  min-height: 60vh;\n}\n#section_2060574858 .section-bg.bg-loaded {\n  background-image: url(https:\/\/vawlt.io\/wp-content\/uploads\/2021\/08\/healthcare.svg);\n}\n#section_2060574858 .section-bg {\n  background-position: 74% 53%;\n}\n<\/style>\n\t<\/section>\n\t\n\t<section class=\"section\" id=\"section_1658899003\">\n\t\t<div class=\"bg section-bg fill bg-fill  bg-loaded\" >\n\n\t\t\t\n\t\t\t\n\t\t\t\n\n\t\t<\/div>\n\n\t\t<div class=\"section-content relative\">\n\t\t\t\n\n<div class=\"row\"  id=\"row-435674108\">\n\n\n\t<div id=\"col-953169512\" class=\"col medium-4 small-12 large-4\"  data-animate=\"fadeInUp\">\n\t\t\t\t<div class=\"col-inner\"  >\n\t\t\t\n\t\t\t\n\n\t<div class=\"img has-hover x md-x lg-x y md-y lg-y\" id=\"image_525437506\">\n\t\t\t\t\t\t\t\t<div class=\"img-inner dark\" >\n\t\t\t<img loading=\"lazy\" decoding=\"async\" width=\"1\" height=\"1\" src=\"https:\/\/vawlt.io\/wp-content\/uploads\/2021\/08\/graph01.svg\" class=\"attachment-large size-large\" alt=\"\" \/>\t\t\t\t\t\t\n\t\t\t\t\t<\/div>\n\t\t\t\t\t\t\t\t\n<style>\n#image_525437506 {\n  width: 10%;\n}\n@media (min-width:550px) {\n  #image_525437506 {\n    width: 15%;\n  }\n}\n<\/style>\n\t<\/div>\n\t\n\n<h3>Desafios de armazenamento de arquivos<\/h3>\n<p>Arquivos importantes de imagem em formato digital, como os raios X, est\u00e3o aumentando em tamanho para atender aos padr\u00f5es de qualidade. Devido a esse fato, as necessidades de armazenamento de dados para a sa\u00fade tamb\u00e9m est\u00e3o crescendo, aumentando os custos e a infra-estrutura f\u00edsica.<\/p>\n\n\t\t<\/div>\n\t\t\t\t\n<style>\n#col-953169512 > .col-inner {\n  padding: 25px 20px 0px 20px;\n}\n@media (min-width:550px) {\n  #col-953169512 > .col-inner {\n    padding: 25px 0px 0px 20px;\n  }\n}\n@media (min-width:850px) {\n  #col-953169512 > .col-inner {\n    padding: 25px 0px 0px 0px;\n  }\n}\n<\/style>\n\t<\/div>\n\n\t\n\n\t<div id=\"col-1860310732\" class=\"col medium-4 small-12 large-4\"  data-animate=\"fadeInUp\">\n\t\t\t\t<div class=\"col-inner\"  >\n\t\t\t\n\t\t\t\n\n\t<div class=\"img has-hover x md-x lg-x y md-y lg-y\" id=\"image_880020751\">\n\t\t\t\t\t\t\t\t<div class=\"img-inner dark\" >\n\t\t\t<img loading=\"lazy\" decoding=\"async\" width=\"1\" height=\"1\" src=\"https:\/\/vawlt.io\/wp-content\/uploads\/2021\/08\/graph02.svg\" class=\"attachment-large size-large\" alt=\"\" \/>\t\t\t\t\t\t\n\t\t\t\t\t<\/div>\n\t\t\t\t\t\t\t\t\n<style>\n#image_880020751 {\n  width: 10%;\n}\n@media (min-width:550px) {\n  #image_880020751 {\n    width: 15%;\n  }\n}\n<\/style>\n\t<\/div>\n\t\n\n<h3>Modelo pay-as-you-grow e escalabilidade<\/h3><p>A Vawlt permite \u00e0s organiza\u00e7\u00f5es de sa\u00fade a otimizar seus custos, garantindo a disponibilidade dos dados estando, ao mesmo tempo, em conformidade com a LGPD. Com um modelo pay-as-you-grow, voc\u00ea poder\u00e1 escalar o tamanho dos seus volumes de dados conforme a necessidade, sem qualquer migra\u00e7\u00e3o.<\/p>\n\n\t\t<\/div>\n\t\t\t\t\n<style>\n#col-1860310732 > .col-inner {\n  padding: 25px 20px 0px 20px;\n}\n@media (min-width:550px) {\n  #col-1860310732 > .col-inner {\n    padding: 25px 0px 0px 0px;\n  }\n}\n<\/style>\n\t<\/div>\n\n\t\n\n\t<div id=\"col-1434239678\" class=\"col medium-4 small-12 large-4\"  data-animate=\"fadeInUp\">\n\t\t\t\t<div class=\"col-inner\"  >\n\t\t\t\n\t\t\t\n\n\t<div class=\"img has-hover x md-x lg-x y md-y lg-y\" id=\"image_1856942531\">\n\t\t\t\t\t\t\t\t<div class=\"img-inner dark\" >\n\t\t\t<img loading=\"lazy\" decoding=\"async\" width=\"1\" height=\"1\" src=\"https:\/\/vawlt.io\/wp-content\/uploads\/2021\/08\/graph03.svg\" class=\"attachment-large size-large\" alt=\"\" \/>\t\t\t\t\t\t\n\t\t\t\t\t<\/div>\n\t\t\t\t\t\t\t\t\n<style>\n#image_1856942531 {\n  width: 10%;\n}\n@media (min-width:550px) {\n  #image_1856942531 {\n    width: 15%;\n  }\n}\n<\/style>\n\t<\/div>\n\t\n\n<h3>Uma solu\u00e7\u00e3o de armazenamento confi\u00e1vel\n<\/h3><p>A solu\u00e7\u00e3o de armazenamento multicloud da Vawlt permite que arquivos cr\u00edticos sejam armazenados com mais alta seguran\u00e7a, atrav\u00e9s de uma criptografia de ponta a ponta com conhecimento zero. Al\u00e9m disso, sua confiabilidade \u00e9 um fator chave, permitindo que os dados sejam acess\u00edveis mesmo que um dos servi\u00e7os de cloud seja comprometido.<\/p>\n\n\t\t<\/div>\n\t\t\t\t\n<style>\n#col-1434239678 > .col-inner {\n  padding: 25px 20px 0px 21px;\n}\n@media (min-width:550px) {\n  #col-1434239678 > .col-inner {\n    padding: 25px 20px 0px 0px;\n  }\n}\n@media (min-width:850px) {\n  #col-1434239678 > .col-inner {\n    padding: 25px 0px 0px 0px;\n  }\n}\n<\/style>\n\t<\/div>\n\n\t\n\n<\/div>\n\n\t\t<\/div>\n\n\t\t\n<style>\n#section_1658899003 {\n  padding-top: 50px;\n  padding-bottom: 50px;\n  background-color: rgb(248, 249, 250);\n}\n<\/style>\n\t<\/section>\n\t\n\t<section class=\"section\" id=\"section_2034256957\">\n\t\t<div class=\"bg section-bg fill bg-fill  bg-loaded\" >\n\n\t\t\t\n\t\t\t\n\t\t\t\n\n\t\t<\/div>\n\n\t\t<div class=\"section-content relative\">\n\t\t\t\n\n<div class=\"row\"  id=\"row-398357695\">\n\n\n\t<div id=\"col-1565441012\" class=\"col small-12 large-12\"  >\n\t\t\t\t<div class=\"col-inner\"  >\n\t\t\t\n\t\t\t\n\n\t<div id=\"text-3173437828\" class=\"text\">\n\t\t\n\n<h2><strong>Casos de Uso<\/strong><\/h2>\n\t\t\n<style>\n#text-3173437828 {\n  font-size: 1.6rem;\n  line-height: 2.2;\n  text-align: center;\n}\n<\/style>\n\t<\/div>\n\t\n\n\t\t<\/div>\n\t\t\t\t\t<\/div>\n\n\t\n\n<\/div>\n<div class=\"row align-equal\"  id=\"row-2014007645\">\n\n\n\t<div id=\"col-1005680784\" class=\"col medium-6 small-12 large-6\"  >\n\t\t\t\t<div class=\"col-inner box-shadow-2\"  >\n\t\t\t\n\t\t\t\n\n<div class=\"row row-collapse\"  id=\"row-1265951112\">\n\n\n\t<div id=\"col-61221826\" class=\"col blue-gradient small-12 large-12\"  >\n\t\t\t\t<div class=\"col-inner dark\"  >\n\t\t\t\n\t\t\t\n\n<h3>Libertar recursos da infra-estrutura<\/h3>\n\n\t\t<\/div>\n\t\t\t\t\n<style>\n#col-61221826 > .col-inner {\n  padding: 20px 0px 10px 20px;\n}\n<\/style>\n\t<\/div>\n\n\t\n\n\t<div id=\"col-771052182\" class=\"col small-12 large-12\"  >\n\t\t\t\t<div class=\"col-inner\"  >\n\t\t\t\n\t\t\t\n\n<p>Com a Vawlt, voc\u00ea poder\u00e1 tirar alguma press\u00e3o de sua infra-estrutura, movendo dados imut\u00e1veis ou de arquivo para uma solu\u00e7\u00e3o multicloud que foi projetada para ser segura e tem custos de manuten\u00e7\u00e3o mais baixos.<\/p>\n<a href=\"\/br\/solucoes\/casos-de-uso\/libertar-recursos-da-infra-estrutura\/\" target=\"_self\" class=\"button primary is-link\"  >\n    <span>Saiba mais<\/span>\n  <i class=\"icon-angle-right\" ><\/i><\/a>\n\n\n\n\t\t<\/div>\n\t\t\t\t\n<style>\n#col-771052182 > .col-inner {\n  padding: 20px 20px 0px 20px;\n}\n<\/style>\n\t<\/div>\n\n\t\n\n<\/div>\n\n\t\t<\/div>\n\t\t\t\t\t<\/div>\n\n\t\n\n\t<div id=\"col-22292980\" class=\"col medium-6 small-12 large-6\"  >\n\t\t\t\t<div class=\"col-inner box-shadow-2\"  >\n\t\t\t\n\t\t\t\n\n<div class=\"row row-collapse\"  id=\"row-499362464\">\n\n\n\t<div id=\"col-707712160\" class=\"col blue-gradient small-12 large-12\"  >\n\t\t\t\t<div class=\"col-inner dark\"  >\n\t\t\t\n\t\t\t\n\n<h3>Backup e recupera\u00e7\u00e3o de desastres\n<\/h3>\n\n\t\t<\/div>\n\t\t\t\t\n<style>\n#col-707712160 > .col-inner {\n  padding: 20px 0px 10px 20px;\n}\n<\/style>\n\t<\/div>\n\n\t\n\n\t<div id=\"col-1327856832\" class=\"col small-12 large-12\"  >\n\t\t\t\t<div class=\"col-inner\"  >\n\t\t\t\n\t\t\t\n\n<p>A Vawlt permite que arquivos e pastas em seu sistema de arquivos sejam rapidamente restaurados e reconstru\u00eddos a partir da solu\u00e7\u00e3o multicloud, permitindo uma busca abrangente em todos os seus volumes de dados.<\/p>\n<a href=\"\/br\/solucoes\/casos-de-uso\/backup-e-recuperacao-de-desastres\/\" target=\"_self\" class=\"button primary is-link\"  >\n    <span>Saiba mais<\/span>\n  <i class=\"icon-angle-right\" ><\/i><\/a>\n\n\n\n\t\t<\/div>\n\t\t\t\t\n<style>\n#col-1327856832 > .col-inner {\n  padding: 20px 20px 0px 20px;\n}\n<\/style>\n\t<\/div>\n\n\t\n\n<\/div>\n\n\t\t<\/div>\n\t\t\t\t\t<\/div>\n\n\t\n\n<\/div>\n\t<div id=\"gap-1946316647\" class=\"gap-element clearfix\" style=\"display:block; height:auto;\">\n\t\t\n<style>\n#gap-1946316647 {\n  padding-top: 30px;\n}\n<\/style>\n\t<\/div>\n\t\n\n<div class=\"row row-collapse\"  id=\"row-1752508204\">\n\n\n\t<div id=\"col-561351174\" class=\"col small-12 large-12\"  >\n\t\t\t\t<div class=\"col-inner text-center\"  >\n\t\t\t\n\t\t\t\n\n<a href=\"\/br\/solucoes\/casos-de-uso\/\" target=\"_self\" class=\"button primary is-outline\"  style=\"border-radius:5px;\">\n    <span>Veja todos os casos de uso<\/span>\n  <i class=\"icon-angle-right\" ><\/i><\/a>\n\n\n\n\t\t<\/div>\n\t\t\t\t\t<\/div>\n\n\t\n\n<\/div>\n\n\t\t<\/div>\n\n\t\t\n<style>\n#section_2034256957 {\n  padding-top: 50px;\n  padding-bottom: 50px;\n}\n<\/style>\n\t<\/section>\n\t\n\t<section class=\"section\" id=\"section_598671458\">\n\t\t<div class=\"bg section-bg fill bg-fill  bg-loaded\" >\n\n\t\t\t\n\t\t\t\n\t\t\t\n\n\t\t<\/div>\n\n\t\t<div class=\"section-content relative\">\n\t\t\t\n\n\t<div id=\"gap-1375396850\" class=\"gap-element clearfix\" style=\"display:block; height:auto;\">\n\t\t\n<style>\n#gap-1375396850 {\n  padding-top: 40px;\n}\n<\/style>\n\t<\/div>\n\t\n\n<div class=\"row row-collapse align-middle\"  id=\"row-130932768\">\n\n\n\t<div id=\"col-1270629595\" class=\"col medium-6 small-12 large-6\"  >\n\t\t\t\t<div class=\"col-inner text-left\"  >\n\t\t\t\n\t\t\t\n\n\t<div id=\"text-821763077\" class=\"text\">\n\t\t\n\n<h3 style=\"font-weight: 600;\">N\u00e3o deixe que o ransomware detenha sua empresa<\/h3>\n\t\t\n<style>\n#text-821763077 {\n  font-size: 1rem;\n  text-align: center;\n}\n@media (min-width:550px) {\n  #text-821763077 {\n    text-align: left;\n  }\n}\n<\/style>\n\t<\/div>\n\t\n\t<div id=\"text-3277684022\" class=\"text\">\n\t\t\n\n<h2><span style=\"font-weight: 600; color: #21bffc;\">\u00c9 f\u00e1cil<\/span><span style=\"font-weight: 600; color: #000000;\">\u00a0come\u00e7ar.<br \/><\/span><\/h2>\n\t\t\n<style>\n#text-3277684022 {\n  font-size: 1.6rem;\n  text-align: center;\n}\n@media (min-width:550px) {\n  #text-3277684022 {\n    text-align: left;\n  }\n}\n<\/style>\n\t<\/div>\n\t\n\n\t\t<\/div>\n\t\t\t\t\n<style>\n#col-1270629595 > .col-inner {\n  padding: 0px 20px 0px 20px;\n}\n@media (min-width:550px) {\n  #col-1270629595 > .col-inner {\n    padding: 0px 0px 0px 20px;\n  }\n}\n<\/style>\n\t<\/div>\n\n\t\n\n\t<div id=\"col-121942063\" class=\"col hide-for-medium medium-6 small-12 large-6\"  >\n\t\t\t\t<div class=\"col-inner text-right\"  >\n\t\t\t\n\t\t\t\n\n<a href=\"http:\/\/vawlt.io\/br\/pedir-uma-demonstracao\/\" target=\"_self\" class=\"button primary is-large\"  style=\"border-radius:5px;\">\n    <span>Pe\u00e7a uma Demo<\/span>\n  <\/a>\n\n\n\n\t\t<\/div>\n\t\t\t\t\n<style>\n#col-121942063 > .col-inner {\n  padding: 0px 20px 0px 20px;\n}\n@media (min-width:550px) {\n  #col-121942063 > .col-inner {\n    padding: 0px 20px 0px 0px;\n  }\n}\n<\/style>\n\t<\/div>\n\n\t\n\n\t<div id=\"col-1937414744\" class=\"col show-for-medium hide-for-small medium-6 small-12 large-6\"  >\n\t\t\t\t<div class=\"col-inner text-right\"  >\n\t\t\t\n\t\t\t\n\n<a href=\"http:\/\/vawlt.io\/br\/pedir-uma-demonstracao\/\" target=\"_self\" class=\"button primary\"  style=\"border-radius:5px;\">\n    <span>Pe\u00e7a uma Demo<\/span>\n  <\/a>\n\n\n\n\t\t<\/div>\n\t\t\t\t\n<style>\n#col-1937414744 > .col-inner {\n  padding: 0px 20px 0px 20px;\n}\n@media (min-width:550px) {\n  #col-1937414744 > .col-inner {\n    padding: 0px 20px 0px 0px;\n  }\n}\n<\/style>\n\t<\/div>\n\n\t\n\n\t<div id=\"col-1256598383\" class=\"col show-for-small medium-6 small-12 large-6\"  >\n\t\t\t\t<div class=\"col-inner text-center\"  >\n\t\t\t\n\t\t\t\n\n\t<div id=\"gap-270219787\" class=\"gap-element clearfix\" style=\"display:block; height:auto;\">\n\t\t\n<style>\n#gap-270219787 {\n  padding-top: 23px;\n}\n@media (min-width:550px) {\n  #gap-270219787 {\n    padding-top: 40px;\n  }\n}\n<\/style>\n\t<\/div>\n\t\n\n<a href=\"http:\/\/vawlt.io\/br\/pedir-uma-demonstracao\/\" target=\"_self\" class=\"button primary is-small\"  style=\"border-radius:5px;\">\n    <span>Pe\u00e7a uma Demo<\/span>\n  <\/a>\n\n\n\n\t\t<\/div>\n\t\t\t\t\n<style>\n#col-1256598383 > .col-inner {\n  padding: 0px 20px 0px 20px;\n}\n@media (min-width:550px) {\n  #col-1256598383 > .col-inner {\n    padding: 0px 20px 0px 0px;\n  }\n}\n<\/style>\n\t<\/div>\n\n\t\n\n<\/div>\n\n\t\t<\/div>\n\n\t\t\n<style>\n#section_598671458 {\n  padding-top: 30px;\n  padding-bottom: 30px;\n  background-color: rgb(244, 247, 249);\n}\n<\/style>\n\t<\/section>","protected":false},"excerpt":{"rendered":"","protected":false},"author":8,"featured_media":0,"parent":351,"menu_order":0,"comment_status":"closed","ping_status":"closed","template":"page-blank.php","meta":{"footnotes":""},"class_list":["post-430","page","type-page","status-publish","hentry"],"yoast_head":"<!-- This site is optimized with the Yoast SEO plugin v26.2 - https:\/\/yoast.com\/wordpress\/plugins\/seo\/ -->\n<title>Secure Cloud Archival Services for Healthcare | Multicloud Storage | Vawlt<\/title>\n<meta name=\"description\" content=\"Help your patients feel safer with a system that is secure by design. Store their imaging and records, while easily controlling who has access to them.\" \/>\n<meta name=\"robots\" content=\"index, follow, max-snippet:-1, max-image-preview:large, max-video-preview:-1\" \/>\n<link rel=\"canonical\" href=\"https:\/\/site-temp.vawlt.io\/br\/solucoes\/industrias\/saude\/\" \/>\n<meta property=\"og:locale\" content=\"pt_BR\" \/>\n<meta property=\"og:type\" content=\"article\" \/>\n<meta property=\"og:title\" content=\"Secure Cloud Archival Services for Healthcare | Multicloud Storage | Vawlt\" \/>\n<meta property=\"og:description\" content=\"Help your patients feel safer with a system that is secure by design. Store their imaging and records, while easily controlling who has access to them.\" \/>\n<meta property=\"og:url\" content=\"https:\/\/site-temp.vawlt.io\/br\/solucoes\/industrias\/saude\/\" \/>\n<meta property=\"og:site_name\" content=\"Vawlt\" \/>\n<meta property=\"article:publisher\" content=\"https:\/\/www.facebook.com\/vawlt\" \/>\n<meta property=\"article:modified_time\" content=\"2022-03-04T17:17:57+00:00\" \/>\n<meta property=\"og:image\" content=\"https:\/\/vawlt.io\/wp-content\/uploads\/2021\/09\/mockup.png\" \/>\n\t<meta property=\"og:image:width\" content=\"500\" \/>\n\t<meta property=\"og:image:height\" content=\"256\" \/>\n\t<meta property=\"og:image:type\" content=\"image\/png\" \/>\n<meta name=\"twitter:card\" content=\"summary_large_image\" \/>\n<meta name=\"twitter:site\" content=\"@vawltio\" \/>\n<meta name=\"twitter:label1\" content=\"Est. tempo de leitura\" \/>\n\t<meta name=\"twitter:data1\" content=\"2 minutos\" \/>\n<!-- \/ Yoast SEO plugin. -->","yoast_head_json":{"title":"Servi\u00e7os Seguros de Arquivamento na Cloud para a Sa\u00fade | Armazenamento Multicloud | Vawlt","description":"Ajude seus pacientes a se sentirem mais seguros com um sistema projetado com seguran\u00e7a em mente. Armazene suas imagens e registros, enquanto controla facilmente quem tem acesso a eles.","robots":{"index":"index","follow":"follow","max-snippet":"max-snippet:-1","max-image-preview":"max-image-preview:large","max-video-preview":"max-video-preview:-1"},"canonical":"https:\/\/site-temp.vawlt.io\/br\/solucoes\/industrias\/saude\/","og_locale":"pt_BR","og_type":"article","og_title":"Secure Cloud Archival Services for Healthcare | Multicloud Storage | Vawlt","og_description":"Help your patients feel safer with a system that is secure by design. Store their imaging and records, while easily controlling who has access to them.","og_url":"https:\/\/site-temp.vawlt.io\/br\/solucoes\/industrias\/saude\/","og_site_name":"Vawlt","article_publisher":"https:\/\/www.facebook.com\/vawlt","article_modified_time":"2022-03-04T17:17:57+00:00","og_image":[{"width":500,"height":256,"url":"https:\/\/vawlt.io\/wp-content\/uploads\/2021\/09\/mockup.png","type":"image\/png"}],"twitter_card":"summary_large_image","twitter_site":"@vawltio","twitter_misc":{"Est. tempo de leitura":"2 minutos"},"schema":{"@context":"https:\/\/schema.org","@graph":[{"@type":"WebPage","@id":"https:\/\/site-temp.vawlt.io\/br\/solucoes\/industrias\/saude\/","url":"https:\/\/site-temp.vawlt.io\/br\/solucoes\/industrias\/saude\/","name":"Servi\u00e7os Seguros de Arquivamento na Cloud para a Sa\u00fade | Armazenamento Multicloud | Vawlt","isPartOf":{"@id":"https:\/\/site-temp.vawlt.io\/#website"},"datePublished":"2021-08-12T16:25:33+00:00","dateModified":"2022-03-04T17:17:57+00:00","description":"Ajude seus pacientes a se sentirem mais seguros com um sistema projetado com seguran\u00e7a em mente. Armazene suas imagens e registros, enquanto controla facilmente quem tem acesso a eles.","breadcrumb":{"@id":"https:\/\/site-temp.vawlt.io\/br\/solucoes\/industrias\/saude\/#breadcrumb"},"inLanguage":"pt-BR","potentialAction":[{"@type":"ReadAction","target":["https:\/\/site-temp.vawlt.io\/br\/solucoes\/industrias\/saude\/"]}]},{"@type":"BreadcrumbList","@id":"https:\/\/site-temp.vawlt.io\/br\/solucoes\/industrias\/saude\/#breadcrumb","itemListElement":[{"@type":"ListItem","position":1,"name":"Home","item":"https:\/\/vawlt.io\/"},{"@type":"ListItem","position":2,"name":"Solutions","item":"https:\/\/site-temp.vawlt.io\/solutions\/"},{"@type":"ListItem","position":3,"name":"Industries","item":"https:\/\/site-temp.vawlt.io\/pt\/solucoes\/industrias\/"},{"@type":"ListItem","position":4,"name":"Healthcare"}]},{"@type":"WebSite","@id":"https:\/\/site-temp.vawlt.io\/#website","url":"https:\/\/site-temp.vawlt.io\/","name":"Vawlt","description":"Solu\u00e7\u00e3o multicloud para armazenamento de dados que simplifica a transi\u00e7\u00e3o para a cloud, melhora padr\u00f5es de seguran\u00e7a e otimiza o uso de recursos.","publisher":{"@id":"https:\/\/site-temp.vawlt.io\/#organization"},"potentialAction":[{"@type":"SearchAction","target":{"@type":"EntryPoint","urlTemplate":"https:\/\/site-temp.vawlt.io\/?s={search_term_string}"},"query-input":{"@type":"PropertyValueSpecification","valueRequired":true,"valueName":"search_term_string"}}],"inLanguage":"pt-BR"},{"@type":"Organization","@id":"https:\/\/site-temp.vawlt.io\/#organization","name":"Vawlt","url":"https:\/\/site-temp.vawlt.io\/","logo":{"@type":"ImageObject","inLanguage":"pt-BR","@id":"https:\/\/site-temp.vawlt.io\/#\/schema\/logo\/image\/","url":"http:\/\/vawlt.io\/wp-content\/uploads\/2021\/08\/logo_vawlt_business.png","contentUrl":"http:\/\/vawlt.io\/wp-content\/uploads\/2021\/08\/logo_vawlt_business.png","width":576,"height":92,"caption":"Vawlt"},"image":{"@id":"https:\/\/site-temp.vawlt.io\/#\/schema\/logo\/image\/"},"sameAs":["https:\/\/www.facebook.com\/vawlt","https:\/\/x.com\/vawltio","https:\/\/www.linkedin.com\/company\/vawlt","https:\/\/www.youtube.com\/channel\/UCYzlYYg7j_07CFi8Be0eAMw"]}]}},"_links":{"self":[{"href":"https:\/\/vawlt.io\/br\/wp-json\/wp\/v2\/pages\/430","targetHints":{"allow":["GET"]}}],"collection":[{"href":"https:\/\/vawlt.io\/br\/wp-json\/wp\/v2\/pages"}],"about":[{"href":"https:\/\/vawlt.io\/br\/wp-json\/wp\/v2\/types\/page"}],"author":[{"embeddable":true,"href":"https:\/\/vawlt.io\/br\/wp-json\/wp\/v2\/users\/8"}],"replies":[{"embeddable":true,"href":"https:\/\/vawlt.io\/br\/wp-json\/wp\/v2\/comments?post=430"}],"version-history":[{"count":15,"href":"https:\/\/vawlt.io\/br\/wp-json\/wp\/v2\/pages\/430\/revisions"}],"predecessor-version":[{"id":3366,"href":"https:\/\/vawlt.io\/br\/wp-json\/wp\/v2\/pages\/430\/revisions\/3366"}],"up":[{"embeddable":true,"href":"https:\/\/vawlt.io\/br\/wp-json\/wp\/v2\/pages\/351"}],"wp:attachment":[{"href":"https:\/\/vawlt.io\/br\/wp-json\/wp\/v2\/media?parent=430"}],"curies":[{"name":"wp","href":"https:\/\/api.w.org\/{rel}","templated":true}]}}