{"id":510,"date":"2021-08-13T10:26:06","date_gmt":"2021-08-13T10:26:06","guid":{"rendered":"http:\/\/vawlt.io\/?page_id=510"},"modified":"2022-05-19T10:55:53","modified_gmt":"2022-05-19T10:55:53","slug":"pricing","status":"publish","type":"page","link":"https:\/\/vawlt.io\/br\/produto\/precos\/","title":{"rendered":"Pre\u00e7os"},"content":{"rendered":"<section class=\"section\" id=\"section_1032245672\">\n\t\t<div class=\"bg section-bg fill bg-fill  bg-loaded\" >\n\n\t\t\t\n\t\t\t\n\t\t\t\n\n\t\t<\/div>\n\n\t\t<div class=\"section-content relative\">\n\t\t\t\n\n<div class=\"row align-center\"  id=\"row-1620303839\">\n\n\n\t<div id=\"col-1877071656\" class=\"col small-12 large-12\"  >\n\t\t\t\t<div class=\"col-inner text-center\"  >\n\t\t\t\n\t\t\t\n\n\t<div id=\"text-2003231265\" class=\"text\">\n\t\t\n\n<h1><strong>Inicie sua experi\u00eancia multicloud com a Vawlt<\/strong><\/h1>\n\t\t\n<style>\n#text-2003231265 {\n  font-size: 1.6rem;\n}\n<\/style>\n\t<\/div>\n\t\n<p><strong>Crie um novo volume na Plataforma Din\u00e2mica de Armazenamento para prever seu investimento mensal.<br><\/strong>Os pre\u00e7os iniciais est\u00e3o calculados em D\u00f3lares Americanos e incluem pelo menos um fornecedor de cloud de alto n\u00edvel (por exemplo, AWS, Microsoft Azure, Google Cloud ou IBM). Os pre\u00e7os podem variar de acordo com as especifica\u00e7\u00f5es selecionadas, tais como lista de fornecedores, localiza\u00e7\u00e3o, tamanho do volume, cota de download ou interfaces de armazenamento.<\/p>\n\n\t\t<\/div>\n\t\t\t\t\n<style>\n#col-1877071656 > .col-inner {\n  padding: 50px 20px 0px 20px;\n}\n@media (min-width:850px) {\n  #col-1877071656 > .col-inner {\n    padding: 80px 0px 0px 0px;\n  }\n}\n<\/style>\n\t<\/div>\n\n\t\n\n<\/div>\n\n\t\t<\/div>\n\n\t\t\n<style>\n#section_1032245672 {\n  padding-top: 0px;\n  padding-bottom: 0px;\n}\n<\/style>\n\t<\/section>\n\t\n\t<section class=\"section\" id=\"section_1598376558\">\n\t\t<div class=\"bg section-bg fill bg-fill  bg-loaded\" >\n\n\t\t\t\n\t\t\t\n\t\t\t\n\n\t\t<\/div>\n\n\t\t<div class=\"section-content relative\">\n\t\t\t\n\n<div class=\"row align-equal\"  id=\"row-477570126\">\n\n\n\t<div id=\"col-683379503\" class=\"col medium-3 small-12 large-3\"  data-animate=\"fadeInUp\">\n\t\t\t\t<div class=\"col-inner text-center box-shadow-1 box-shadow-2-hover\" style=\"background-color:rgb(255, 255, 255);\" >\n\t\t\t\n\t\t\t\n\n\t<div class=\"img has-hover x md-x lg-x y md-y lg-y\" id=\"image_755253200\">\n\t\t\t\t\t\t\t\t<div class=\"img-inner dark\" >\n\t\t\t<img loading=\"lazy\" decoding=\"async\" width=\"1\" height=\"1\" src=\"https:\/\/vawlt.io\/wp-content\/uploads\/2021\/08\/solution01.svg\" class=\"attachment-large size-large\" alt=\"\" \/>\t\t\t\t\t\t\n\t\t\t\t\t<\/div>\n\t\t\t\t\t\t\t\t\n<style>\n#image_755253200 {\n  width: 30%;\n}\n<\/style>\n\t<\/div>\n\t\n\n\t<div id=\"text-3229119306\" class=\"text\">\n\t\t\n\n<h3><strong>Hot<\/strong><\/h3>\n\t\t\n<style>\n#text-3229119306 {\n  text-align: center;\n}\n<\/style>\n\t<\/div>\n\t\n\t<div id=\"text-4223093391\" class=\"text\">\n\t\t\n\n<p>Otimizado para armazenamento e compartilhamento peri\u00f3dico <\/p>\n\t\t\n<style>\n#text-4223093391 {\n  font-size: 0.8rem;\n}\n<\/style>\n\t<\/div>\n\t\n\t<div id=\"gap-1079752448\" class=\"gap-element clearfix\" style=\"display:block; height:auto;\">\n\t\t\n<style>\n#gap-1079752448 {\n  padding-top: 21px;\n}\n@media (min-width:850px) {\n  #gap-1079752448 {\n    padding-top: 19px;\n  }\n}\n<\/style>\n\t<\/div>\n\t\n\n<div class=\"row row-collapse align-bottom align-center\"  id=\"row-2109860754\">\n\n\n\t<div id=\"col-708624450\" class=\"col small-12 large-12\"  >\n\t\t\t\t<div class=\"col-inner text-center\"  >\n\t\t\t\n\t\t\t\n\n\t<div id=\"text-3817138535\" class=\"text\">\n\t\t\n\n<p>A partir de<\/p>\n\t\t\n<style>\n#text-3817138535 {\n  line-height: 0.75;\n  color: rgb(48, 100, 137);\n}\n#text-3817138535 > * {\n  color: rgb(48, 100, 137);\n}\n<\/style>\n\t<\/div>\n\t\n\t<div id=\"text-3368771168\" class=\"text\">\n\t\t\n\n<h4 style=\"font-weight: 600;\">$35.33<\/p>\n\t\t\n<style>\n#text-3368771168 {\n  font-size: 2.5rem;\n  line-height: 1;\n  color: rgb(48, 100, 137);\n}\n#text-3368771168 > * {\n  color: rgb(48, 100, 137);\n}\n<\/style>\n\t<\/div>\n\t\n\t<div id=\"text-3254662915\" class=\"text\">\n\t\t\n\n<p>\/TB\/m\u00eas + IVA<\/p>\n\t\t\n<style>\n#text-3254662915 {\n  font-size: 0.75rem;\n  text-align: center;\n  color: #306489;\n}\n#text-3254662915 > * {\n  color: #306489;\n}\n<\/style>\n\t<\/div>\n\t\n\n\t\t<\/div>\n\t\t\t\t\t<\/div>\n\n\t\n\n<\/div>\n\n\t\t<\/div>\n\t\t\t\t\n<style>\n#col-683379503 > .col-inner {\n  padding: 30px 40px 20px 40px;\n}\n<\/style>\n\t<\/div>\n\n\t\n\n\t<div id=\"col-213445264\" class=\"col medium-3 small-12 large-3\"  data-animate=\"fadeInUp\">\n\t\t\t\t<div class=\"col-inner text-center box-shadow-1 box-shadow-2-hover\" style=\"background-color:rgb(255, 255, 255);\" >\n\t\t\t\n\t\t\t\n\n\t<div class=\"img has-hover x md-x lg-x y md-y lg-y\" id=\"image_252733066\">\n\t\t\t\t\t\t\t\t<div class=\"img-inner dark\" >\n\t\t\t<img loading=\"lazy\" decoding=\"async\" width=\"1\" height=\"1\" src=\"https:\/\/vawlt.io\/wp-content\/uploads\/2021\/10\/solution04.svg\" class=\"attachment-large size-large\" alt=\"\" \/>\t\t\t\t\t\t\n\t\t\t\t\t<\/div>\n\t\t\t\t\t\t\t\t\n<style>\n#image_252733066 {\n  width: 30%;\n}\n<\/style>\n\t<\/div>\n\t\n\n\t<div id=\"text-1969323451\" class=\"text\">\n\t\t\n\n<h3><strong>Warm<\/strong><\/h3>\n\t\t\n<style>\n#text-1969323451 {\n  text-align: center;\n}\n<\/style>\n\t<\/div>\n\t\n\t<div id=\"text-2852429820\" class=\"text\">\n\t\t\n\n<p>Otimizado para arquivos edit\u00e1veis, acedidos com menos frequ\u00eancia<\/p>\n\t\t\n<style>\n#text-2852429820 {\n  font-size: 0.8rem;\n}\n<\/style>\n\t<\/div>\n\t\n\t<div id=\"gap-157416781\" class=\"gap-element clearfix\" style=\"display:block; height:auto;\">\n\t\t\n<style>\n#gap-157416781 {\n  padding-top: 0px;\n}\n<\/style>\n\t<\/div>\n\t\n\n<div class=\"row row-collapse align-bottom align-center\"  id=\"row-2142492802\">\n\n\n\t<div id=\"col-790175529\" class=\"col small-12 large-12\"  >\n\t\t\t\t<div class=\"col-inner text-center\"  >\n\t\t\t\n\t\t\t\n\n\t<div id=\"text-3467643647\" class=\"text\">\n\t\t\n\n<p>A partir de<\/p>\n\t\t\n<style>\n#text-3467643647 {\n  line-height: 0.75;\n  color: rgb(48, 100, 137);\n}\n#text-3467643647 > * {\n  color: rgb(48, 100, 137);\n}\n<\/style>\n\t<\/div>\n\t\n\t<div id=\"text-3371485527\" class=\"text\">\n\t\t\n\n<h4 style=\"font-weight: 600;\">$19.32<\/p>\n\t\t\n<style>\n#text-3371485527 {\n  font-size: 2.5rem;\n  line-height: 1;\n  color: rgb(48, 100, 137);\n}\n#text-3371485527 > * {\n  color: rgb(48, 100, 137);\n}\n<\/style>\n\t<\/div>\n\t\n\t<div id=\"text-2062727278\" class=\"text\">\n\t\t\n\n<p>\/TB\/m\u00eas + IVA<\/p>\n\t\t\n<style>\n#text-2062727278 {\n  font-size: 0.75rem;\n  text-align: center;\n  color: #306489;\n}\n#text-2062727278 > * {\n  color: #306489;\n}\n<\/style>\n\t<\/div>\n\t\n\n\t\t<\/div>\n\t\t\t\t\t<\/div>\n\n\t\n\n<\/div>\n\n\t\t<\/div>\n\t\t\t\t\n<style>\n#col-213445264 > .col-inner {\n  padding: 30px 40px 20px 40px;\n}\n<\/style>\n\t<\/div>\n\n\t\n\n\t<div id=\"col-1477492685\" class=\"col medium-3 small-12 large-3\"  data-animate=\"fadeInUp\">\n\t\t\t\t<div class=\"col-inner text-center box-shadow-1 box-shadow-2-hover\" style=\"background-color:rgb(255, 255, 255);\" >\n\t\t\t\n\t\t\t\n\n\t<div class=\"img has-hover x md-x lg-x y md-y lg-y\" id=\"image_1474098564\">\n\t\t\t\t\t\t\t\t<div class=\"img-inner dark\" >\n\t\t\t<img loading=\"lazy\" decoding=\"async\" width=\"1\" height=\"1\" src=\"https:\/\/vawlt.io\/wp-content\/uploads\/2021\/08\/solution02.svg\" class=\"attachment-large size-large\" alt=\"\" \/>\t\t\t\t\t\t\n\t\t\t\t\t<\/div>\n\t\t\t\t\t\t\t\t\n<style>\n#image_1474098564 {\n  width: 30%;\n}\n<\/style>\n\t<\/div>\n\t\n\n\t<div id=\"text-240751738\" class=\"text\">\n\t\t\n\n<h3><strong>Immutable<\/strong><\/h3>\n\t\t\n<style>\n#text-240751738 {\n  text-align: center;\n}\n<\/style>\n\t<\/div>\n\t\n\t<div id=\"text-1039993526\" class=\"text\">\n\t\t\n\n<p>Otimizado para arquivos que n\u00e3o requerem altera\u00e7\u00f5es no armazenamento <\/p>\n\t\t\n<style>\n#text-1039993526 {\n  font-size: 0.8rem;\n}\n<\/style>\n\t<\/div>\n\t\n\t<div id=\"gap-672420728\" class=\"gap-element clearfix\" style=\"display:block; height:auto;\">\n\t\t\n<style>\n#gap-672420728 {\n  padding-top: 0px;\n}\n<\/style>\n\t<\/div>\n\t\n\n<div class=\"row row-collapse align-bottom align-center\"  id=\"row-1981172428\">\n\n\n\t<div id=\"col-523661710\" class=\"col small-12 large-12\"  >\n\t\t\t\t<div class=\"col-inner text-center\"  >\n\t\t\t\n\t\t\t\n\n\t<div id=\"text-1489094854\" class=\"text\">\n\t\t\n\n<p>A partir de<\/p>\n\t\t\n<style>\n#text-1489094854 {\n  line-height: 0.75;\n  color: rgb(48, 100, 137);\n}\n#text-1489094854 > * {\n  color: rgb(48, 100, 137);\n}\n<\/style>\n\t<\/div>\n\t\n\t<div id=\"text-1446622041\" class=\"text\">\n\t\t\n\n<h4 style=\"font-weight: 600;\">$18.18<\/p>\n\t\t\n<style>\n#text-1446622041 {\n  font-size: 2.5rem;\n  line-height: 1;\n  color: rgb(48, 100, 137);\n}\n#text-1446622041 > * {\n  color: rgb(48, 100, 137);\n}\n<\/style>\n\t<\/div>\n\t\n\t<div id=\"text-766975804\" class=\"text\">\n\t\t\n\n<p>\/TB\/m\u00eas + IVA<\/p>\n\t\t\n<style>\n#text-766975804 {\n  font-size: 0.75rem;\n  text-align: center;\n  color: #306489;\n}\n#text-766975804 > * {\n  color: #306489;\n}\n<\/style>\n\t<\/div>\n\t\n\n\t\t<\/div>\n\t\t\t\t\t<\/div>\n\n\t\n\n<\/div>\n\n\t\t<\/div>\n\t\t\t\t\n<style>\n#col-1477492685 > .col-inner {\n  padding: 30px 40px 20px 40px;\n}\n<\/style>\n\t<\/div>\n\n\t\n\n\t<div id=\"col-921979140\" class=\"col medium-3 small-12 large-3\"  data-animate=\"fadeInUp\">\n\t\t\t\t<div class=\"col-inner text-center box-shadow-1 box-shadow-2-hover\" style=\"background-color:rgb(255, 255, 255);\" >\n\t\t\t\n\t\t\t\n\n\t<div class=\"img has-hover x md-x lg-x y md-y lg-y\" id=\"image_1601539641\">\n\t\t\t\t\t\t\t\t<div class=\"img-inner dark\" >\n\t\t\t<img loading=\"lazy\" decoding=\"async\" width=\"1\" height=\"1\" src=\"https:\/\/vawlt.io\/wp-content\/uploads\/2021\/08\/solution03.svg\" class=\"attachment-large size-large\" alt=\"\" \/>\t\t\t\t\t\t\n\t\t\t\t\t<\/div>\n\t\t\t\t\t\t\t\t\n<style>\n#image_1601539641 {\n  width: 30%;\n}\n<\/style>\n\t<\/div>\n\t\n\n\t<div id=\"text-89076850\" class=\"text\">\n\t\t\n\n<h3><strong>Archival<\/strong><\/h3>\n\t\t\n<style>\n#text-89076850 {\n  text-align: center;\n}\n<\/style>\n\t<\/div>\n\t\n\t<div id=\"text-4235325679\" class=\"text\">\n\t\t\n\n<p>Otimizado para arquivos que s\u00e3o armazenados por longos per\u00edodos de tempo e raramente lidos<\/p>\n\t\t\n<style>\n#text-4235325679 {\n  font-size: 0.8rem;\n}\n<\/style>\n\t<\/div>\n\t\n\t<div id=\"gap-1869496493\" class=\"gap-element clearfix\" style=\"display:block; height:auto;\">\n\t\t\n<style>\n#gap-1869496493 {\n  padding-top: 0px;\n}\n<\/style>\n\t<\/div>\n\t\n\n<div class=\"row row-collapse align-bottom align-center\"  id=\"row-117370687\">\n\n\n\t<div id=\"col-512755159\" class=\"col small-12 large-12\"  >\n\t\t\t\t<div class=\"col-inner text-center\"  >\n\t\t\t\n\t\t\t\n\n\t<div id=\"text-3312319696\" class=\"text\">\n\t\t\n\n<p>A partir de<\/p>\n\t\t\n<style>\n#text-3312319696 {\n  line-height: 0.75;\n  color: rgb(48, 100, 137);\n}\n#text-3312319696 > * {\n  color: rgb(48, 100, 137);\n}\n<\/style>\n\t<\/div>\n\t\n\t<div id=\"text-2083820892\" class=\"text\">\n\t\t\n\n<h4 style=\"font-weight: 600;\">$9.03<\/p>\n\t\t\n<style>\n#text-2083820892 {\n  font-size: 2.5rem;\n  line-height: 1;\n  color: rgb(48, 100, 137);\n}\n#text-2083820892 > * {\n  color: rgb(48, 100, 137);\n}\n<\/style>\n\t<\/div>\n\t\n\t<div id=\"text-1581272394\" class=\"text\">\n\t\t\n\n<p>\/TB\/m\u00eas + IVA<\/p>\n\t\t\n<style>\n#text-1581272394 {\n  font-size: 0.75rem;\n  text-align: center;\n  color: #306489;\n}\n#text-1581272394 > * {\n  color: #306489;\n}\n<\/style>\n\t<\/div>\n\t\n\n\t\t<\/div>\n\t\t\t\t\t<\/div>\n\n\t\n\n<\/div>\n\n\t\t<\/div>\n\t\t\t\t\n<style>\n#col-921979140 > .col-inner {\n  padding: 30px 40px 20px 40px;\n}\n<\/style>\n\t<\/div>\n\n\t\n\n<\/div>\n\n\t\t<\/div>\n\n\t\t\n<style>\n#section_1598376558 {\n  padding-top: 50px;\n  padding-bottom: 50px;\n  background-color: rgb(233, 249, 254);\n}\n@media (min-width:850px) {\n  #section_1598376558 {\n    padding-top: 80px;\n    padding-bottom: 80px;\n  }\n}\n<\/style>\n\t<\/section>\n\t\n\t<section class=\"section\" id=\"section_728787026\">\n\t\t<div class=\"bg section-bg fill bg-fill  bg-loaded\" >\n\n\t\t\t\n\t\t\t\n\t\t\t\n\n\t\t<\/div>\n\n\t\t<div class=\"section-content relative\">\n\t\t\t\n\n\t<div id=\"gap-2083150305\" class=\"gap-element clearfix\" style=\"display:block; height:auto;\">\n\t\t\n<style>\n#gap-2083150305 {\n  padding-top: 40px;\n}\n<\/style>\n\t<\/div>\n\t\n\n<div class=\"row row-collapse align-middle\"  id=\"row-42858451\">\n\n\n\t<div id=\"col-946904186\" class=\"col medium-6 small-12 large-6\"  >\n\t\t\t\t<div class=\"col-inner text-left\"  >\n\t\t\t\n\t\t\t\n\n\t<div id=\"text-3224277216\" class=\"text\">\n\t\t\n\n<h3 style=\"font-weight: 600;\">N\u00e3o deixe que o ransomware detenha sua empresa<\/h3>\n\t\t\n<style>\n#text-3224277216 {\n  font-size: 1rem;\n  text-align: center;\n}\n@media (min-width:550px) {\n  #text-3224277216 {\n    text-align: left;\n  }\n}\n<\/style>\n\t<\/div>\n\t\n\t<div id=\"text-2767106769\" class=\"text\">\n\t\t\n\n<h2><span style=\"font-weight: 600; color: #21bffc;\">\u00c9 f\u00e1cil<\/span><span style=\"font-weight: 600; color: #000000;\">\u00a0come\u00e7ar.<br \/><\/span><\/h2>\n\t\t\n<style>\n#text-2767106769 {\n  font-size: 1.6rem;\n  text-align: center;\n}\n@media (min-width:550px) {\n  #text-2767106769 {\n    text-align: left;\n  }\n}\n<\/style>\n\t<\/div>\n\t\n\n\t\t<\/div>\n\t\t\t\t\n<style>\n#col-946904186 > .col-inner {\n  padding: 0px 20px 0px 20px;\n}\n@media (min-width:550px) {\n  #col-946904186 > .col-inner {\n    padding: 0px 0px 0px 20px;\n  }\n}\n<\/style>\n\t<\/div>\n\n\t\n\n\t<div id=\"col-1194109147\" class=\"col hide-for-medium medium-6 small-12 large-6\"  >\n\t\t\t\t<div class=\"col-inner text-right\"  >\n\t\t\t\n\t\t\t\n\n<a href=\"http:\/\/vawlt.io\/br\/pedir-uma-demonstracao\/\" target=\"_self\" class=\"button primary is-large\"  style=\"border-radius:5px;\">\n    <span>Pe\u00e7a uma Demo<\/span>\n  <\/a>\n\n\n\n\t\t<\/div>\n\t\t\t\t\n<style>\n#col-1194109147 > .col-inner {\n  padding: 0px 20px 0px 20px;\n}\n@media (min-width:550px) {\n  #col-1194109147 > .col-inner {\n    padding: 0px 20px 0px 0px;\n  }\n}\n<\/style>\n\t<\/div>\n\n\t\n\n\t<div id=\"col-1140113682\" class=\"col show-for-medium hide-for-small medium-6 small-12 large-6\"  >\n\t\t\t\t<div class=\"col-inner text-right\"  >\n\t\t\t\n\t\t\t\n\n<a href=\"http:\/\/vawlt.io\/br\/pedir-uma-demonstracao\/\" target=\"_self\" class=\"button primary\"  style=\"border-radius:5px;\">\n    <span>Pe\u00e7a uma Demo<\/span>\n  <\/a>\n\n\n\n\t\t<\/div>\n\t\t\t\t\n<style>\n#col-1140113682 > .col-inner {\n  padding: 0px 20px 0px 20px;\n}\n@media (min-width:550px) {\n  #col-1140113682 > .col-inner {\n    padding: 0px 20px 0px 0px;\n  }\n}\n<\/style>\n\t<\/div>\n\n\t\n\n\t<div id=\"col-697597512\" class=\"col show-for-small medium-6 small-12 large-6\"  >\n\t\t\t\t<div class=\"col-inner text-center\"  >\n\t\t\t\n\t\t\t\n\n\t<div id=\"gap-1763842164\" class=\"gap-element clearfix\" style=\"display:block; height:auto;\">\n\t\t\n<style>\n#gap-1763842164 {\n  padding-top: 23px;\n}\n@media (min-width:550px) {\n  #gap-1763842164 {\n    padding-top: 40px;\n  }\n}\n<\/style>\n\t<\/div>\n\t\n\n<a href=\"http:\/\/vawlt.io\/br\/pedir-uma-demonstracao\/\" target=\"_self\" class=\"button primary is-small\"  style=\"border-radius:5px;\">\n    <span>Pe\u00e7a uma Demo<\/span>\n  <\/a>\n\n\n\n\t\t<\/div>\n\t\t\t\t\n<style>\n#col-697597512 > .col-inner {\n  padding: 0px 20px 0px 20px;\n}\n@media (min-width:550px) {\n  #col-697597512 > .col-inner {\n    padding: 0px 20px 0px 0px;\n  }\n}\n<\/style>\n\t<\/div>\n\n\t\n\n<\/div>\n\n\t\t<\/div>\n\n\t\t\n<style>\n#section_728787026 {\n  padding-top: 30px;\n  padding-bottom: 30px;\n  background-color: rgb(244, 247, 249);\n}\n<\/style>\n\t<\/section>","protected":false},"excerpt":{"rendered":"","protected":false},"author":8,"featured_media":0,"parent":36,"menu_order":8,"comment_status":"closed","ping_status":"closed","template":"page-blank.php","meta":{"footnotes":""},"class_list":["post-510","page","type-page","status-publish","hentry"],"yoast_head":"<!-- This site is optimized with the Yoast SEO plugin v26.2 - https:\/\/yoast.com\/wordpress\/plugins\/seo\/ -->\n<title>Pricing | Multicloud Storage | Vawlt<\/title>\n<meta name=\"description\" content=\"Start your multicloud experience with Vawlt - create a new volume on the Dynamic Storage Platform to forecast your monthly investment.\" \/>\n<meta name=\"robots\" content=\"index, follow, max-snippet:-1, max-image-preview:large, max-video-preview:-1\" \/>\n<link rel=\"canonical\" href=\"https:\/\/site-temp.vawlt.io\/product\/pricing\/\" \/>\n<meta property=\"og:locale\" content=\"pt_BR\" \/>\n<meta property=\"og:type\" content=\"article\" \/>\n<meta property=\"og:title\" content=\"Pricing | Multicloud Storage | Vawlt\" \/>\n<meta property=\"og:description\" content=\"Start your multicloud experience with Vawlt - create a new volume on the Dynamic Storage Platform to forecast your monthly investment.\" \/>\n<meta property=\"og:url\" content=\"https:\/\/site-temp.vawlt.io\/product\/pricing\/\" \/>\n<meta property=\"og:site_name\" content=\"Vawlt\" \/>\n<meta property=\"article:publisher\" content=\"https:\/\/www.facebook.com\/vawlt\" \/>\n<meta property=\"article:modified_time\" content=\"2022-05-19T10:55:53+00:00\" \/>\n<meta property=\"og:image\" content=\"https:\/\/vawlt.io\/wp-content\/uploads\/2021\/09\/mockup.png\" \/>\n\t<meta property=\"og:image:width\" content=\"500\" \/>\n\t<meta property=\"og:image:height\" content=\"256\" \/>\n\t<meta property=\"og:image:type\" content=\"image\/png\" \/>\n<meta name=\"twitter:card\" content=\"summary_large_image\" \/>\n<meta name=\"twitter:site\" content=\"@vawltio\" \/>\n<meta name=\"twitter:label1\" content=\"Est. tempo de leitura\" \/>\n\t<meta name=\"twitter:data1\" content=\"2 minutos\" \/>\n<!-- \/ Yoast SEO plugin. -->","yoast_head_json":{"title":"Pre\u00e7os | Armazenamento Multicloud | Vawlt","description":"Comece sua experi\u00eancia multicloud com a Vawlt - crie um novo volume na Plataforma Din\u00e2mica de Armazenamento para prever seu investimento mensal.","robots":{"index":"index","follow":"follow","max-snippet":"max-snippet:-1","max-image-preview":"max-image-preview:large","max-video-preview":"max-video-preview:-1"},"canonical":"https:\/\/site-temp.vawlt.io\/product\/pricing\/","og_locale":"pt_BR","og_type":"article","og_title":"Pricing | Multicloud Storage | Vawlt","og_description":"Start your multicloud experience with Vawlt - create a new volume on the Dynamic Storage Platform to forecast your monthly investment.","og_url":"https:\/\/site-temp.vawlt.io\/product\/pricing\/","og_site_name":"Vawlt","article_publisher":"https:\/\/www.facebook.com\/vawlt","article_modified_time":"2022-05-19T10:55:53+00:00","og_image":[{"width":500,"height":256,"url":"https:\/\/vawlt.io\/wp-content\/uploads\/2021\/09\/mockup.png","type":"image\/png"}],"twitter_card":"summary_large_image","twitter_site":"@vawltio","twitter_misc":{"Est. tempo de leitura":"2 minutos"},"schema":{"@context":"https:\/\/schema.org","@graph":[{"@type":"WebPage","@id":"https:\/\/site-temp.vawlt.io\/product\/pricing\/","url":"https:\/\/site-temp.vawlt.io\/product\/pricing\/","name":"Pre\u00e7os | Armazenamento Multicloud | Vawlt","isPartOf":{"@id":"https:\/\/site-temp.vawlt.io\/#website"},"datePublished":"2021-08-13T10:26:06+00:00","dateModified":"2022-05-19T10:55:53+00:00","description":"Comece sua experi\u00eancia multicloud com a Vawlt - crie um novo volume na Plataforma Din\u00e2mica de Armazenamento para prever seu investimento mensal.","breadcrumb":{"@id":"https:\/\/site-temp.vawlt.io\/product\/pricing\/#breadcrumb"},"inLanguage":"pt-BR","potentialAction":[{"@type":"ReadAction","target":["https:\/\/site-temp.vawlt.io\/product\/pricing\/"]}]},{"@type":"BreadcrumbList","@id":"https:\/\/site-temp.vawlt.io\/product\/pricing\/#breadcrumb","itemListElement":[{"@type":"ListItem","position":1,"name":"Home","item":"https:\/\/vawlt.io\/"},{"@type":"ListItem","position":2,"name":"Product","item":"https:\/\/site-temp.vawlt.io\/product\/"},{"@type":"ListItem","position":3,"name":"Pricing"}]},{"@type":"WebSite","@id":"https:\/\/site-temp.vawlt.io\/#website","url":"https:\/\/site-temp.vawlt.io\/","name":"Vawlt","description":"Solu\u00e7\u00e3o multicloud para armazenamento de dados que simplifica a transi\u00e7\u00e3o para a cloud, melhora padr\u00f5es de seguran\u00e7a e otimiza o uso de recursos.","publisher":{"@id":"https:\/\/site-temp.vawlt.io\/#organization"},"potentialAction":[{"@type":"SearchAction","target":{"@type":"EntryPoint","urlTemplate":"https:\/\/site-temp.vawlt.io\/?s={search_term_string}"},"query-input":{"@type":"PropertyValueSpecification","valueRequired":true,"valueName":"search_term_string"}}],"inLanguage":"pt-BR"},{"@type":"Organization","@id":"https:\/\/site-temp.vawlt.io\/#organization","name":"Vawlt","url":"https:\/\/site-temp.vawlt.io\/","logo":{"@type":"ImageObject","inLanguage":"pt-BR","@id":"https:\/\/site-temp.vawlt.io\/#\/schema\/logo\/image\/","url":"http:\/\/vawlt.io\/wp-content\/uploads\/2021\/08\/logo_vawlt_business.png","contentUrl":"http:\/\/vawlt.io\/wp-content\/uploads\/2021\/08\/logo_vawlt_business.png","width":576,"height":92,"caption":"Vawlt"},"image":{"@id":"https:\/\/site-temp.vawlt.io\/#\/schema\/logo\/image\/"},"sameAs":["https:\/\/www.facebook.com\/vawlt","https:\/\/x.com\/vawltio","https:\/\/www.linkedin.com\/company\/vawlt","https:\/\/www.youtube.com\/channel\/UCYzlYYg7j_07CFi8Be0eAMw"]}]}},"_links":{"self":[{"href":"https:\/\/vawlt.io\/br\/wp-json\/wp\/v2\/pages\/510","targetHints":{"allow":["GET"]}}],"collection":[{"href":"https:\/\/vawlt.io\/br\/wp-json\/wp\/v2\/pages"}],"about":[{"href":"https:\/\/vawlt.io\/br\/wp-json\/wp\/v2\/types\/page"}],"author":[{"embeddable":true,"href":"https:\/\/vawlt.io\/br\/wp-json\/wp\/v2\/users\/8"}],"replies":[{"embeddable":true,"href":"https:\/\/vawlt.io\/br\/wp-json\/wp\/v2\/comments?post=510"}],"version-history":[{"count":36,"href":"https:\/\/vawlt.io\/br\/wp-json\/wp\/v2\/pages\/510\/revisions"}],"predecessor-version":[{"id":5621,"href":"https:\/\/vawlt.io\/br\/wp-json\/wp\/v2\/pages\/510\/revisions\/5621"}],"up":[{"embeddable":true,"href":"https:\/\/vawlt.io\/br\/wp-json\/wp\/v2\/pages\/36"}],"wp:attachment":[{"href":"https:\/\/vawlt.io\/br\/wp-json\/wp\/v2\/media?parent=510"}],"curies":[{"name":"wp","href":"https:\/\/api.w.org\/{rel}","templated":true}]}}