{"id":548,"date":"2021-08-13T11:11:42","date_gmt":"2021-08-13T11:11:42","guid":{"rendered":"http:\/\/vawlt.io\/?page_id=548"},"modified":"2022-05-19T10:48:55","modified_gmt":"2022-05-19T10:48:55","slug":"backup-and-disaster-recovery","status":"publish","type":"page","link":"https:\/\/vawlt.io\/br\/solucoes\/casos-de-uso\/backup-e-recuperacao-de-desastres\/","title":{"rendered":"Backup e recupera\u00e7\u00e3o de desastres"},"content":{"rendered":"<section class=\"section has-parallax\" id=\"section_1791884375\">\n\t\t<div class=\"bg section-bg fill bg-fill\" data-parallax-container=\".section\" data-parallax-background data-parallax=\"-2\">\n\n\t\t\t\n\t\t\t\n\t\t\t\n\n\t\t<\/div>\n\n\t\t<div class=\"section-content relative\">\n\t\t\t\n\n<div class=\"row\"  id=\"row-1761786436\">\n\n\n\t<div id=\"col-1887087109\" class=\"col medium-6 small-12 large-6\"  >\n\t\t\t\t<div class=\"col-inner dark\"  >\n\t\t\t\n\t\t\t\n\n\t<div id=\"text-1110368469\" class=\"text\">\n\t\t\n\n<h1><strong>Backup e recupera\u00e7\u00e3o de desastres<\/strong><\/h1>\n\t\t\n<style>\n#text-1110368469 {\n  font-size: 1.95rem;\n}\n<\/style>\n\t<\/div>\n\t\n\t<div id=\"text-3696244321\" class=\"text\">\n\t\t\n\n<p>A Vawlt permite que arquivos e pastas em seu sistema de arquivos sejam rapidamente restaurados e reconstru\u00eddos a partir da solu\u00e7\u00e3o multicloud, permitindo uma busca abrangente em todos os seus volumes de dados.<\/p>\n\t\t\n<style>\n#text-3696244321 {\n  font-size: 1.25rem;\n}\n<\/style>\n\t<\/div>\n\t\n\n\t\t<\/div>\n\t\t\t\t\n<style>\n#col-1887087109 > .col-inner {\n  padding: 25px 20px 0px 20px;\n}\n@media (min-width:550px) {\n  #col-1887087109 > .col-inner {\n    padding: 25px 0px 0px 20px;\n  }\n}\n@media (min-width:850px) {\n  #col-1887087109 > .col-inner {\n    padding: 25px 0px 0px 0px;\n  }\n}\n<\/style>\n\t<\/div>\n\n\t\n\n<\/div>\n\n\t\t<\/div>\n\n\t\t\n<style>\n#section_1791884375 {\n  padding-top: 30px;\n  padding-bottom: 30px;\n  min-height: 60vh;\n}\n#section_1791884375 .section-bg.bg-loaded {\n  background-image: url(https:\/\/vawlt.io\/wp-content\/uploads\/2021\/08\/backlog_03.svg);\n}\n#section_1791884375 .section-bg {\n  background-position: 70% 60%;\n}\n<\/style>\n\t<\/section>\n\t\n\t<section class=\"section\" id=\"section_1912449220\">\n\t\t<div class=\"bg section-bg fill bg-fill  bg-loaded\" >\n\n\t\t\t\n\t\t\t\n\t\t\t\n\n\t\t<\/div>\n\n\t\t<div class=\"section-content relative\">\n\t\t\t\n\n<div class=\"row\"  id=\"row-1227919928\">\n\n\n\t<div id=\"col-1256523150\" class=\"col medium-4 small-12 large-4\"  data-animate=\"fadeInUp\">\n\t\t\t\t<div class=\"col-inner\"  >\n\t\t\t\n\t\t\t\n\n\t<div class=\"img has-hover x md-x lg-x y md-y lg-y\" id=\"image_1358226793\">\n\t\t\t\t\t\t\t\t<div class=\"img-inner dark\" >\n\t\t\t<img loading=\"lazy\" decoding=\"async\" width=\"1\" height=\"1\" src=\"https:\/\/vawlt.io\/wp-content\/uploads\/2021\/08\/graph01.svg\" class=\"attachment-large size-large\" alt=\"\" \/>\t\t\t\t\t\t\n\t\t\t\t\t<\/div>\n\t\t\t\t\t\t\t\t\n<style>\n#image_1358226793 {\n  width: 10%;\n}\n@media (min-width:550px) {\n  #image_1358226793 {\n    width: 15%;\n  }\n}\n<\/style>\n\t<\/div>\n\t\n\n<h3>Dados criptografados e protegidos em m\u00faltiplas clouds\n<\/h3><p>A Vawlt aplica a seus dados um protocolo de criptografia propriet\u00e1rio de conhecimento zero de ponta-a-ponta, assegurando que somente o propriet\u00e1rio tenha acesso ao seu conte\u00fado.<\/p>\n\n\t\t<\/div>\n\t\t\t\t\n<style>\n#col-1256523150 > .col-inner {\n  padding: 25px 20px 0px 20px;\n}\n@media (min-width:550px) {\n  #col-1256523150 > .col-inner {\n    padding: 25px 0px 0px 20px;\n  }\n}\n@media (min-width:850px) {\n  #col-1256523150 > .col-inner {\n    padding: 25px 0px 0px 0px;\n  }\n}\n<\/style>\n\t<\/div>\n\n\t\n\n\t<div id=\"col-933481683\" class=\"col medium-4 small-12 large-4\"  data-animate=\"fadeInUp\">\n\t\t\t\t<div class=\"col-inner\"  >\n\t\t\t\n\t\t\t\n\n\t<div class=\"img has-hover x md-x lg-x y md-y lg-y\" id=\"image_1128628765\">\n\t\t\t\t\t\t\t\t<div class=\"img-inner dark\" >\n\t\t\t<img loading=\"lazy\" decoding=\"async\" width=\"1\" height=\"1\" src=\"https:\/\/vawlt.io\/wp-content\/uploads\/2021\/08\/graph02.svg\" class=\"attachment-large size-large\" alt=\"\" \/>\t\t\t\t\t\t\n\t\t\t\t\t<\/div>\n\t\t\t\t\t\t\t\t\n<style>\n#image_1128628765 {\n  width: 10%;\n}\n@media (min-width:550px) {\n  #image_1128628765 {\n    width: 15%;\n  }\n}\n<\/style>\n\t<\/div>\n\t\n\n<h3>Redund\u00e2ncia<\/h3><p>Use a Vawlt como um end-point de armazenamento para seus backups e garanta que os seus dados sejam restaurados no caso de uma falha ou indisponibilidade do sistema. Al\u00e9m disso, sua confiabilidade \u00e9 um fator chave, j\u00e1 que todos os dados podem ser recuperados mesmo que um dos servi\u00e7os de cloud esteja comprometido.<\/p>\n\n\t\t<\/div>\n\t\t\t\t\n<style>\n#col-933481683 > .col-inner {\n  padding: 25px 20px 0px 20px;\n}\n@media (min-width:550px) {\n  #col-933481683 > .col-inner {\n    padding: 25px 0px 0px 0px;\n  }\n}\n<\/style>\n\t<\/div>\n\n\t\n\n\t<div id=\"col-1059008160\" class=\"col medium-4 small-12 large-4\"  data-animate=\"fadeInUp\">\n\t\t\t\t<div class=\"col-inner\"  >\n\t\t\t\n\t\t\t\n\n\t<div class=\"img has-hover x md-x lg-x y md-y lg-y\" id=\"image_1303518758\">\n\t\t\t\t\t\t\t\t<div class=\"img-inner dark\" >\n\t\t\t<img loading=\"lazy\" decoding=\"async\" width=\"1\" height=\"1\" src=\"https:\/\/vawlt.io\/wp-content\/uploads\/2021\/08\/graph03.svg\" class=\"attachment-large size-large\" alt=\"\" \/>\t\t\t\t\t\t\n\t\t\t\t\t<\/div>\n\t\t\t\t\t\t\t\t\n<style>\n#image_1303518758 {\n  width: 10%;\n}\n@media (min-width:550px) {\n  #image_1303518758 {\n    width: 15%;\n  }\n}\n<\/style>\n\t<\/div>\n\t\n\n<h3>Prote\u00e7\u00e3o adicional contra ransomware<\/h3><p>Os ataques de ransomware s\u00e3o uma amea\u00e7a recorrente, fazendo com que as empresas gastem muito dinheiro reconstruindo e reparando suas infra-estruturas. A Vawlt oferece uma camada adicional contra este tipo de amea\u00e7a em cada tipo de volume que voc\u00ea escolher.<\/p>\n\n\t\t<\/div>\n\t\t\t\t\n<style>\n#col-1059008160 > .col-inner {\n  padding: 25px 20px 0px 20px;\n}\n@media (min-width:550px) {\n  #col-1059008160 > .col-inner {\n    padding: 25px 20px 0px 0px;\n  }\n}\n@media (min-width:850px) {\n  #col-1059008160 > .col-inner {\n    padding: 25px 0px 0px 0px;\n  }\n}\n<\/style>\n\t<\/div>\n\n\t\n\n<\/div>\n\n\t\t<\/div>\n\n\t\t\n<style>\n#section_1912449220 {\n  padding-top: 50px;\n  padding-bottom: 50px;\n  background-color: rgb(248, 249, 250);\n}\n<\/style>\n\t<\/section>\n\t\n\t<section class=\"section\" id=\"section_1587987526\">\n\t\t<div class=\"bg section-bg fill bg-fill  bg-loaded\" >\n\n\t\t\t\n\t\t\t\n\t\t\t\n\n\t\t<\/div>\n\n\t\t<div class=\"section-content relative\">\n\t\t\t\n\n<div class=\"row\"  id=\"row-2138753958\">\n\n\n\t<div id=\"col-295879866\" class=\"col small-12 large-12\"  >\n\t\t\t\t<div class=\"col-inner\"  >\n\t\t\t\n\t\t\t\n\n\t<div id=\"text-879379067\" class=\"text\">\n\t\t\n\n<h2><strong>Ind\u00fastrias<\/strong><\/h2>\n\t\t\n<style>\n#text-879379067 {\n  font-size: 1.6rem;\n  line-height: 2.2;\n  text-align: center;\n}\n<\/style>\n\t<\/div>\n\t\n\n\t\t<\/div>\n\t\t\t\t\t<\/div>\n\n\t\n\n<\/div>\n<div class=\"row align-equal\"  id=\"row-497355055\">\n\n\n\t<div id=\"col-1665027803\" class=\"col medium-4 small-12 large-4\"  >\n\t\t\t\t<div class=\"col-inner box-shadow-2\"  >\n\t\t\t\n\t\t\t\n\n<div class=\"row row-collapse\"  id=\"row-1935608792\">\n\n\n\t<div id=\"col-7259772\" class=\"col blue-gradient small-12 large-12\"  >\n\t\t\t\t<div class=\"col-inner dark\"  >\n\t\t\t\n\t\t\t\n\n<h3> Sa\u00fade<\/h3>\n\n\t\t<\/div>\n\t\t\t\t\n<style>\n#col-7259772 > .col-inner {\n  padding: 20px 0px 10px 20px;\n}\n<\/style>\n\t<\/div>\n\n\t\n\n\t<div id=\"col-1737111702\" class=\"col small-12 large-12\"  >\n\t\t\t\t<div class=\"col-inner\"  >\n\t\t\t\n\t\t\t\n\n<p>Ajude seus pacientes a se sentirem mais seguros com um sistema desenhado a pensar na seguran\u00e7a. Armazene suas imagens e registros, enquanto controla facilmente quem tem acesso a eles. Continue usando seu centro de dados enquanto explora o potencial das clouds p\u00fablicas, estando ao mesmo em conformidade com regula\u00e7\u00f5es.<\/p>\n\t<div id=\"gap-1591371793\" class=\"gap-element clearfix\" style=\"display:block; height:auto;\">\n\t\t\n<style>\n#gap-1591371793 {\n  padding-top: 0px;\n}\n@media (min-width:550px) {\n  #gap-1591371793 {\n    padding-top: 27px;\n  }\n}\n<\/style>\n\t<\/div>\n\t\n\n<a href=\"http:\/\/vawlt.io\/br\/solucoes\/industrias\/saude\/\" target=\"_self\" class=\"button primary is-link\"  >\n    <span>Saiba mais<\/span>\n  <i class=\"icon-angle-right\" ><\/i><\/a>\n\n\n\n\t\t<\/div>\n\t\t\t\t\n<style>\n#col-1737111702 > .col-inner {\n  padding: 20px 20px 0px 20px;\n}\n<\/style>\n\t<\/div>\n\n\t\n\n<\/div>\n\n\t\t<\/div>\n\t\t\t\t\t<\/div>\n\n\t\n\n\t<div id=\"col-1657642377\" class=\"col medium-4 small-12 large-4\"  >\n\t\t\t\t<div class=\"col-inner box-shadow-2\"  >\n\t\t\t\n\t\t\t\n\n<div class=\"row row-collapse\"  id=\"row-1822841518\">\n\n\n\t<div id=\"col-38629467\" class=\"col blue-gradient small-12 large-12\"  >\n\t\t\t\t<div class=\"col-inner dark\"  >\n\t\t\t\n\t\t\t\n\n<h3>Setor financeiro\n<\/h3>\n\n\t\t<\/div>\n\t\t\t\t\n<style>\n#col-38629467 > .col-inner {\n  padding: 20px 0px 10px 20px;\n}\n<\/style>\n\t<\/div>\n\n\t\n\n\t<div id=\"col-2088416944\" class=\"col small-12 large-12\"  >\n\t\t\t\t<div class=\"col-inner\"  >\n\t\t\t\n\t\t\t\n\n<p>Fa\u00e7a backup de seus bancos de dados e mantenha-os a salvo de viola\u00e7\u00f5es de seguran\u00e7a. Tenha certeza de que seus dados estar\u00e3o sempre l\u00e1 quando necessitar deles, sem quebras de servi\u00e7o.<\/p>\n\t<div id=\"gap-1457749347\" class=\"gap-element clearfix\" style=\"display:block; height:auto;\">\n\t\t\n<style>\n#gap-1457749347 {\n  padding-top: 0px;\n}\n@media (min-width:550px) {\n  #gap-1457749347 {\n    padding-top: 104px;\n  }\n}\n@media (min-width:850px) {\n  #gap-1457749347 {\n    padding-top: 76px;\n  }\n}\n<\/style>\n\t<\/div>\n\t\n\n<a href=\"http:\/\/vawlt.io\/br\/solucoes\/industrias\/setor-financeiro\/\" target=\"_self\" class=\"button primary is-link\"  >\n    <span>Saiba mais<\/span>\n  <i class=\"icon-angle-right\" ><\/i><\/a>\n\n\n\n\t\t<\/div>\n\t\t\t\t\n<style>\n#col-2088416944 > .col-inner {\n  padding: 20px 20px 0px 20px;\n}\n<\/style>\n\t<\/div>\n\n\t\n\n<\/div>\n\n\t\t<\/div>\n\t\t\t\t\t<\/div>\n\n\t\n\n\t<div id=\"col-74786509\" class=\"col medium-4 small-12 large-4\"  >\n\t\t\t\t<div class=\"col-inner box-shadow-2\"  >\n\t\t\t\n\t\t\t\n\n<div class=\"row row-collapse\"  id=\"row-760086184\">\n\n\n\t<div id=\"col-1095958911\" class=\"col blue-gradient small-12 large-12\"  >\n\t\t\t\t<div class=\"col-inner dark\"  >\n\t\t\t\n\t\t\t\n\n<h3>Escrit\u00f3rios de advocacia<\/h3>\n\n\t\t<\/div>\n\t\t\t\t\n<style>\n#col-1095958911 > .col-inner {\n  padding: 20px 0px 10px 20px;\n}\n<\/style>\n\t<\/div>\n\n\t\n\n\t<div id=\"col-1533547868\" class=\"col small-12 large-12\"  >\n\t\t\t\t<div class=\"col-inner\"  >\n\t\t\t\n\t\t\t\n\n<p>Garanta facilmente a confidencialidade de seus documentos e compartilhe-os com seguran\u00e7a com seus clientes e colegas de trabalho. Armazene processos fechados e arquivos mais antigos e economize muito dinheiro. Ajude tamb\u00e9m seus clientes a cumprir a regulamenta\u00e7\u00e3o.<\/p>\n<a href=\"http:\/\/vawlt.io\/br\/solucoes\/industrias\/escritorios-de-advocacia\/\" target=\"_self\" class=\"button primary is-link\"  >\n    <span>Saiba mais<\/span>\n  <i class=\"icon-angle-right\" ><\/i><\/a>\n\n\n\n\t\t<\/div>\n\t\t\t\t\n<style>\n#col-1533547868 > .col-inner {\n  padding: 20px 20px 0px 20px;\n}\n<\/style>\n\t<\/div>\n\n\t\n\n<\/div>\n\n\t\t<\/div>\n\t\t\t\t\t<\/div>\n\n\t\n\n<\/div>\n<div class=\"row align-equal\"  id=\"row-970709267\">\n\n\n\t<div id=\"col-1781976838\" class=\"col medium-4 small-12 large-4\"  >\n\t\t\t\t<div class=\"col-inner box-shadow-2\"  >\n\t\t\t\n\t\t\t\n\n<div class=\"row row-collapse\"  id=\"row-1487866352\">\n\n\n\t<div id=\"col-51574021\" class=\"col blue-gradient small-12 large-12\"  >\n\t\t\t\t<div class=\"col-inner dark\"  >\n\t\t\t\n\t\t\t\n\n<h3>Centros de atendimento\n<\/h3>\n\n\t\t<\/div>\n\t\t\t\t\n<style>\n#col-51574021 > .col-inner {\n  padding: 20px 0px 10px 20px;\n}\n<\/style>\n\t<\/div>\n\n\t\n\n\t<div id=\"col-1858955462\" class=\"col small-12 large-12\"  >\n\t\t\t\t<div class=\"col-inner\"  >\n\t\t\t\n\t\t\t\n\n<p>Retire press\u00e3o da sua estrutura de armazenamento f\u00edsico e otimize custos, armazenando seus registros de chamadas telef\u00f4nicas arquivados em uma solu\u00e7\u00e3o multicloud que os mant\u00e9m seguros.<\/p>\n\t<div id=\"gap-1610475071\" class=\"gap-element clearfix\" style=\"display:block; height:auto;\">\n\t\t\n<style>\n#gap-1610475071 {\n  padding-top: 0px;\n}\n@media (min-width:550px) {\n  #gap-1610475071 {\n    padding-top: 78px;\n  }\n}\n@media (min-width:850px) {\n  #gap-1610475071 {\n    padding-top: 50px;\n  }\n}\n<\/style>\n\t<\/div>\n\t\n\n<a href=\"http:\/\/vawlt.io\/br\/solucoes\/industrias\/centros-de-atendimento\/\" target=\"_self\" class=\"button primary is-link\"  >\n    <span>Saiba mais<\/span>\n  <i class=\"icon-angle-right\" ><\/i><\/a>\n\n\n\n\t\t<\/div>\n\t\t\t\t\n<style>\n#col-1858955462 > .col-inner {\n  padding: 20px 20px 0px 20px;\n}\n<\/style>\n\t<\/div>\n\n\t\n\n<\/div>\n\n\t\t<\/div>\n\t\t\t\t\t<\/div>\n\n\t\n\n\t<div id=\"col-1794079606\" class=\"col medium-4 small-12 large-4\"  >\n\t\t\t\t<div class=\"col-inner box-shadow-2\"  >\n\t\t\t\n\t\t\t\n\n<div class=\"row row-collapse\"  id=\"row-331772953\">\n\n\n\t<div id=\"col-1596415026\" class=\"col blue-gradient small-12 large-12\"  >\n\t\t\t\t<div class=\"col-inner dark\"  >\n\t\t\t\n\t\t\t\n\n<h3>Pequenas e M\u00e9dias Empresas (PME)<\/h3>\n\n\t\t<\/div>\n\t\t\t\t\n<style>\n#col-1596415026 > .col-inner {\n  padding: 20px 0px 10px 20px;\n}\n<\/style>\n\t<\/div>\n\n\t\n\n\t<div id=\"col-260282825\" class=\"col small-12 large-12\"  >\n\t\t\t\t<div class=\"col-inner\"  >\n\t\t\t\n\t\t\t\n\n<p>Se sua empresa tem uma solu\u00e7\u00e3o de armazenamento local on-premise (por exemplo, NAS ou um servidor), otimize os custos mudando para uma solu\u00e7\u00e3o multicloud e proteja seus dados contra ataques de ransomware.<\/p>\n<a href=\"http:\/\/vawlt.io\/br\/solucoes\/industrias\/pequenas-e-medias-empresas\/\" target=\"_self\" class=\"button primary is-link\"  >\n    <span>Saiba mais<\/span>\n  <i class=\"icon-angle-right\" ><\/i><\/a>\n\n\n\n\t\t<\/div>\n\t\t\t\t\n<style>\n#col-260282825 > .col-inner {\n  padding: 20px 20px 0px 20px;\n}\n<\/style>\n\t<\/div>\n\n\t\n\n<\/div>\n\n\t\t<\/div>\n\t\t\t\t\t<\/div>\n\n\t\n\n<\/div>\n\n\t\t<\/div>\n\n\t\t\n<style>\n#section_1587987526 {\n  padding-top: 50px;\n  padding-bottom: 50px;\n}\n<\/style>\n\t<\/section>\n\t\n\t<section class=\"section\" id=\"section_1922435478\">\n\t\t<div class=\"bg section-bg fill bg-fill  bg-loaded\" >\n\n\t\t\t\n\t\t\t\n\t\t\t\n\n\t\t<\/div>\n\n\t\t<div class=\"section-content relative\">\n\t\t\t\n\n\t<div id=\"gap-1710762136\" class=\"gap-element clearfix\" style=\"display:block; height:auto;\">\n\t\t\n<style>\n#gap-1710762136 {\n  padding-top: 40px;\n}\n<\/style>\n\t<\/div>\n\t\n\n<div class=\"row row-collapse align-middle\"  id=\"row-1087441416\">\n\n\n\t<div id=\"col-892701218\" class=\"col medium-6 small-12 large-6\"  >\n\t\t\t\t<div class=\"col-inner text-left\"  >\n\t\t\t\n\t\t\t\n\n\t<div id=\"text-1040617819\" class=\"text\">\n\t\t\n\n<h3 style=\"font-weight: 600;\">N\u00e3o deixe que o ransomware detenha sua empresa<\/h3>\n\t\t\n<style>\n#text-1040617819 {\n  font-size: 1rem;\n  text-align: center;\n}\n@media (min-width:550px) {\n  #text-1040617819 {\n    text-align: left;\n  }\n}\n<\/style>\n\t<\/div>\n\t\n\t<div id=\"text-2074176029\" class=\"text\">\n\t\t\n\n<h2><span style=\"font-weight: 600; color: #21bffc;\">\u00c9 f\u00e1cil<\/span><span style=\"font-weight: 600; color: #000000;\">\u00a0come\u00e7ar.<br \/><\/span><\/h2>\n\t\t\n<style>\n#text-2074176029 {\n  font-size: 1.6rem;\n  text-align: center;\n}\n@media (min-width:550px) {\n  #text-2074176029 {\n    text-align: left;\n  }\n}\n<\/style>\n\t<\/div>\n\t\n\n\t\t<\/div>\n\t\t\t\t\n<style>\n#col-892701218 > .col-inner {\n  padding: 0px 20px 0px 20px;\n}\n@media (min-width:550px) {\n  #col-892701218 > .col-inner {\n    padding: 0px 0px 0px 20px;\n  }\n}\n<\/style>\n\t<\/div>\n\n\t\n\n\t<div id=\"col-1185904327\" class=\"col hide-for-medium medium-6 small-12 large-6\"  >\n\t\t\t\t<div class=\"col-inner text-right\"  >\n\t\t\t\n\t\t\t\n\n<a href=\"http:\/\/vawlt.io\/br\/pedir-uma-demonstracao\/\" target=\"_self\" class=\"button primary is-large\"  style=\"border-radius:5px;\">\n    <span>Pe\u00e7a uma Demo<\/span>\n  <\/a>\n\n\n\n\t\t<\/div>\n\t\t\t\t\n<style>\n#col-1185904327 > .col-inner {\n  padding: 0px 20px 0px 20px;\n}\n@media (min-width:550px) {\n  #col-1185904327 > .col-inner {\n    padding: 0px 20px 0px 0px;\n  }\n}\n<\/style>\n\t<\/div>\n\n\t\n\n\t<div id=\"col-1737566804\" class=\"col show-for-medium hide-for-small medium-6 small-12 large-6\"  >\n\t\t\t\t<div class=\"col-inner text-right\"  >\n\t\t\t\n\t\t\t\n\n<a href=\"http:\/\/vawlt.io\/br\/pedir-uma-demonstracao\/\" target=\"_self\" class=\"button primary\"  style=\"border-radius:5px;\">\n    <span>Pe\u00e7a uma Demo<\/span>\n  <\/a>\n\n\n\n\t\t<\/div>\n\t\t\t\t\n<style>\n#col-1737566804 > .col-inner {\n  padding: 0px 20px 0px 20px;\n}\n@media (min-width:550px) {\n  #col-1737566804 > .col-inner {\n    padding: 0px 20px 0px 0px;\n  }\n}\n<\/style>\n\t<\/div>\n\n\t\n\n\t<div id=\"col-1541524153\" class=\"col show-for-small medium-6 small-12 large-6\"  >\n\t\t\t\t<div class=\"col-inner text-center\"  >\n\t\t\t\n\t\t\t\n\n\t<div id=\"gap-1541169542\" class=\"gap-element clearfix\" style=\"display:block; height:auto;\">\n\t\t\n<style>\n#gap-1541169542 {\n  padding-top: 23px;\n}\n@media (min-width:550px) {\n  #gap-1541169542 {\n    padding-top: 40px;\n  }\n}\n<\/style>\n\t<\/div>\n\t\n\n<a href=\"http:\/\/vawlt.io\/br\/pedir-uma-demonstracao\/\" target=\"_self\" class=\"button primary is-small\"  style=\"border-radius:5px;\">\n    <span>Pe\u00e7a uma Demo<\/span>\n  <\/a>\n\n\n\n\t\t<\/div>\n\t\t\t\t\n<style>\n#col-1541524153 > .col-inner {\n  padding: 0px 20px 0px 20px;\n}\n@media (min-width:550px) {\n  #col-1541524153 > .col-inner {\n    padding: 0px 20px 0px 0px;\n  }\n}\n<\/style>\n\t<\/div>\n\n\t\n\n<\/div>\n\n\t\t<\/div>\n\n\t\t\n<style>\n#section_1922435478 {\n  padding-top: 30px;\n  padding-bottom: 30px;\n  background-color: rgb(244, 247, 249);\n}\n<\/style>\n\t<\/section>","protected":false},"excerpt":{"rendered":"","protected":false},"author":8,"featured_media":0,"parent":384,"menu_order":0,"comment_status":"closed","ping_status":"closed","template":"page-blank.php","meta":{"footnotes":""},"class_list":["post-548","page","type-page","status-publish","hentry"],"yoast_head":"<!-- This site is optimized with the Yoast SEO plugin v26.2 - https:\/\/yoast.com\/wordpress\/plugins\/seo\/ -->\n<title>Enterprise Backup Offsite, Disaster Recovery | Multicloud Storage | Vawlt<\/title>\n<meta name=\"description\" content=\"Restore user access to files right after a system outage. Vawlt enables your file system to be quickly restored and rebuilt from the multicloud solution.\" \/>\n<meta name=\"robots\" content=\"index, follow, max-snippet:-1, max-image-preview:large, max-video-preview:-1\" \/>\n<link rel=\"canonical\" href=\"https:\/\/site-temp.vawlt.io\/solutions\/use-cases\/backup-and-disaster-recovery\/\" \/>\n<meta property=\"og:locale\" content=\"pt_BR\" \/>\n<meta property=\"og:type\" content=\"article\" \/>\n<meta property=\"og:title\" content=\"Enterprise Backup Offsite, Disaster Recovery | Multicloud Storage | Vawlt\" \/>\n<meta property=\"og:description\" content=\"Restore user access to files right after a system outage. Vawlt enables your file system to be quickly restored and rebuilt from the multicloud solution.\" \/>\n<meta property=\"og:url\" content=\"https:\/\/site-temp.vawlt.io\/solutions\/use-cases\/backup-and-disaster-recovery\/\" \/>\n<meta property=\"og:site_name\" content=\"Vawlt\" \/>\n<meta property=\"article:publisher\" content=\"https:\/\/www.facebook.com\/vawlt\" \/>\n<meta property=\"article:modified_time\" content=\"2022-05-19T10:48:55+00:00\" \/>\n<meta property=\"og:image\" content=\"https:\/\/vawlt.io\/wp-content\/uploads\/2021\/09\/mockup.png\" \/>\n\t<meta property=\"og:image:width\" content=\"500\" \/>\n\t<meta property=\"og:image:height\" content=\"256\" \/>\n\t<meta property=\"og:image:type\" content=\"image\/png\" \/>\n<meta name=\"twitter:card\" content=\"summary_large_image\" \/>\n<meta name=\"twitter:site\" content=\"@vawltio\" \/>\n<meta name=\"twitter:label1\" content=\"Est. tempo de leitura\" \/>\n\t<meta name=\"twitter:data1\" content=\"3 minutos\" \/>\n<!-- \/ Yoast SEO plugin. -->","yoast_head_json":{"title":"Backup Empresarial Offsite, Recupera\u00e7\u00e3o de Desastres | Armazenamento Multicloud | Vawlt","description":"Restaure o acesso dos usu\u00e1rios aos arquivos logo ap\u00f3s uma interrup\u00e7\u00e3o do sistema. A Vawlt permite que seu sistema de arquivos seja rapidamente restaurado e reconstru\u00eddo a partir da solu\u00e7\u00e3o multicloud.","robots":{"index":"index","follow":"follow","max-snippet":"max-snippet:-1","max-image-preview":"max-image-preview:large","max-video-preview":"max-video-preview:-1"},"canonical":"https:\/\/site-temp.vawlt.io\/solutions\/use-cases\/backup-and-disaster-recovery\/","og_locale":"pt_BR","og_type":"article","og_title":"Enterprise Backup Offsite, Disaster Recovery | Multicloud Storage | Vawlt","og_description":"Restore user access to files right after a system outage. Vawlt enables your file system to be quickly restored and rebuilt from the multicloud solution.","og_url":"https:\/\/site-temp.vawlt.io\/solutions\/use-cases\/backup-and-disaster-recovery\/","og_site_name":"Vawlt","article_publisher":"https:\/\/www.facebook.com\/vawlt","article_modified_time":"2022-05-19T10:48:55+00:00","og_image":[{"width":500,"height":256,"url":"https:\/\/vawlt.io\/wp-content\/uploads\/2021\/09\/mockup.png","type":"image\/png"}],"twitter_card":"summary_large_image","twitter_site":"@vawltio","twitter_misc":{"Est. tempo de leitura":"3 minutos"},"schema":{"@context":"https:\/\/schema.org","@graph":[{"@type":"WebPage","@id":"https:\/\/site-temp.vawlt.io\/solutions\/use-cases\/backup-and-disaster-recovery\/","url":"https:\/\/site-temp.vawlt.io\/solutions\/use-cases\/backup-and-disaster-recovery\/","name":"Backup Empresarial Offsite, Recupera\u00e7\u00e3o de Desastres | Armazenamento Multicloud | Vawlt","isPartOf":{"@id":"https:\/\/site-temp.vawlt.io\/#website"},"datePublished":"2021-08-13T11:11:42+00:00","dateModified":"2022-05-19T10:48:55+00:00","description":"Restaure o acesso dos usu\u00e1rios aos arquivos logo ap\u00f3s uma interrup\u00e7\u00e3o do sistema. A Vawlt permite que seu sistema de arquivos seja rapidamente restaurado e reconstru\u00eddo a partir da solu\u00e7\u00e3o multicloud.","breadcrumb":{"@id":"https:\/\/site-temp.vawlt.io\/solutions\/use-cases\/backup-and-disaster-recovery\/#breadcrumb"},"inLanguage":"pt-BR","potentialAction":[{"@type":"ReadAction","target":["https:\/\/site-temp.vawlt.io\/solutions\/use-cases\/backup-and-disaster-recovery\/"]}]},{"@type":"BreadcrumbList","@id":"https:\/\/site-temp.vawlt.io\/solutions\/use-cases\/backup-and-disaster-recovery\/#breadcrumb","itemListElement":[{"@type":"ListItem","position":1,"name":"Home","item":"https:\/\/vawlt.io\/"},{"@type":"ListItem","position":2,"name":"Solutions","item":"https:\/\/site-temp.vawlt.io\/solutions\/"},{"@type":"ListItem","position":3,"name":"Use cases","item":"https:\/\/site-temp.vawlt.io\/solutions\/use-cases\/"},{"@type":"ListItem","position":4,"name":"Backup and disaster recovery offsite"}]},{"@type":"WebSite","@id":"https:\/\/site-temp.vawlt.io\/#website","url":"https:\/\/site-temp.vawlt.io\/","name":"Vawlt","description":"Solu\u00e7\u00e3o multicloud para armazenamento de dados que simplifica a transi\u00e7\u00e3o para a cloud, melhora padr\u00f5es de seguran\u00e7a e otimiza o uso de recursos.","publisher":{"@id":"https:\/\/site-temp.vawlt.io\/#organization"},"potentialAction":[{"@type":"SearchAction","target":{"@type":"EntryPoint","urlTemplate":"https:\/\/site-temp.vawlt.io\/?s={search_term_string}"},"query-input":{"@type":"PropertyValueSpecification","valueRequired":true,"valueName":"search_term_string"}}],"inLanguage":"pt-BR"},{"@type":"Organization","@id":"https:\/\/site-temp.vawlt.io\/#organization","name":"Vawlt","url":"https:\/\/site-temp.vawlt.io\/","logo":{"@type":"ImageObject","inLanguage":"pt-BR","@id":"https:\/\/site-temp.vawlt.io\/#\/schema\/logo\/image\/","url":"http:\/\/vawlt.io\/wp-content\/uploads\/2021\/08\/logo_vawlt_business.png","contentUrl":"http:\/\/vawlt.io\/wp-content\/uploads\/2021\/08\/logo_vawlt_business.png","width":576,"height":92,"caption":"Vawlt"},"image":{"@id":"https:\/\/site-temp.vawlt.io\/#\/schema\/logo\/image\/"},"sameAs":["https:\/\/www.facebook.com\/vawlt","https:\/\/x.com\/vawltio","https:\/\/www.linkedin.com\/company\/vawlt","https:\/\/www.youtube.com\/channel\/UCYzlYYg7j_07CFi8Be0eAMw"]}]}},"_links":{"self":[{"href":"https:\/\/vawlt.io\/br\/wp-json\/wp\/v2\/pages\/548","targetHints":{"allow":["GET"]}}],"collection":[{"href":"https:\/\/vawlt.io\/br\/wp-json\/wp\/v2\/pages"}],"about":[{"href":"https:\/\/vawlt.io\/br\/wp-json\/wp\/v2\/types\/page"}],"author":[{"embeddable":true,"href":"https:\/\/vawlt.io\/br\/wp-json\/wp\/v2\/users\/8"}],"replies":[{"embeddable":true,"href":"https:\/\/vawlt.io\/br\/wp-json\/wp\/v2\/comments?post=548"}],"version-history":[{"count":14,"href":"https:\/\/vawlt.io\/br\/wp-json\/wp\/v2\/pages\/548\/revisions"}],"predecessor-version":[{"id":5611,"href":"https:\/\/vawlt.io\/br\/wp-json\/wp\/v2\/pages\/548\/revisions\/5611"}],"up":[{"embeddable":true,"href":"https:\/\/vawlt.io\/br\/wp-json\/wp\/v2\/pages\/384"}],"wp:attachment":[{"href":"https:\/\/vawlt.io\/br\/wp-json\/wp\/v2\/media?parent=548"}],"curies":[{"name":"wp","href":"https:\/\/api.w.org\/{rel}","templated":true}]}}