{"id":729,"date":"2021-08-16T14:17:09","date_gmt":"2021-08-16T14:17:09","guid":{"rendered":"http:\/\/vawlt.io\/?page_id=729"},"modified":"2022-03-04T17:20:49","modified_gmt":"2022-03-04T17:20:49","slug":"help-center","status":"publish","type":"page","link":"https:\/\/vawlt.io\/br\/suporte\/centro-de-ajuda\/","title":{"rendered":"Centro de Ajuda"},"content":{"rendered":"<section class=\"section dark\" id=\"section_43481100\">\n\t\t<div class=\"bg section-bg fill bg-fill  bg-loaded\" >\n\n\t\t\t\n\t\t\t\n\t\t\t\n\n\t\t<\/div>\n\n\t\t<div class=\"section-content relative\">\n\t\t\t\n\n<div class=\"row\"  id=\"row-1924650035\">\n\n\n\t<div id=\"col-195450527\" class=\"col small-12 large-12\"  >\n\t\t\t\t<div class=\"col-inner\"  >\n\t\t\t\n\t\t\t\n\n\t<div id=\"text-432603595\" class=\"text\">\n\t\t\n\n<h1><strong>Centro de Ajuda Vawlt<\/strong><\/h1>\n\t\t\n<style>\n#text-432603595 {\n  font-size: 1.6rem;\n}\n<\/style>\n\t<\/div>\n\t\n<p class=\"translation-block\">Bem-vindo ao <strong>Centro de Ajuda Vawlt<\/strong>! Aqui voc\u00ea pode solucionar uma s\u00e9rie de quest\u00f5es, ver <strong>perguntas frequentes<\/strong> e <strong>tutoriais em v\u00eddeo<\/strong> que podem ajud\u00e1-lo durante o processo de configura\u00e7\u00e3o. Al\u00e9m disso, <strong>nossa equipe est\u00e1 dispon\u00edvel<\/strong> para auxili\u00e1-lo se voc\u00ea precisar.<\/p>\n\n\t\t<\/div>\n\t\t\t\t\n<style>\n#col-195450527 > .col-inner {\n  padding: 50px 20px 20px 20px;\n}\n@media (min-width:850px) {\n  #col-195450527 > .col-inner {\n    padding: 80px 0px 45px 0px;\n  }\n}\n<\/style>\n\t<\/div>\n\n\t\n\n<\/div>\n\n\t\t<\/div>\n\n\t\t\n<style>\n#section_43481100 {\n  padding-top: 0px;\n  padding-bottom: 0px;\n  background-color: rgb(48, 100, 137);\n}\n<\/style>\n\t<\/section>\n\t\n\t<section class=\"section\" id=\"section_601139058\">\n\t\t<div class=\"bg section-bg fill bg-fill  bg-loaded\" >\n\n\t\t\t\n\t\t\t\n\t\t\t\n\n\t\t<\/div>\n\n\t\t<div class=\"section-content relative\">\n\t\t\t\n\n<div class=\"row\"  id=\"row-1667471933\">\n\n\n\t<div id=\"col-320300727\" class=\"col small-12 large-12\"  >\n\t\t\t\t<div class=\"col-inner\"  >\n\t\t\t\n\t\t\t\n\n\t<div id=\"text-2049373344\" class=\"text\">\n\t\t\n\n<h2><strong>Perguntas Frequentes<\/strong><\/h2>\n\t\t\n<style>\n#text-2049373344 {\n  font-size: 1.2rem;\n}\n<\/style>\n\t<\/div>\n\t\n<div class=\"accordion\" rel=\"1\">\n\n<div class=\"accordion-item tabs-css\"><a href=\"#\" class=\"accordion-title plain\"><button class=\"toggle\"><i class=\"icon-angle-down\"><\/i><\/button><span>Como posso come\u00e7ar a usar a Vawlt para armazenar dados?<\/span><\/a><div class=\"accordion-inner\">\n\n<p>Para que voc\u00ea possa usar a Vawlt, tudo o que se segue tem que acontecer:<\/p>\n<ol>\n<li>A administra\u00e7\u00e3o de sua empresa deve adicion\u00e1-lo como um usu\u00e1rio da empresa,<\/li>\n<li>Voc\u00ea deve ativar sua conta definindo sua senha, atrav\u00e9s do link que voc\u00ea receber\u00e1 em seu e-mail,<\/li>\n<li>A administra\u00e7\u00e3o de sua empresa deve lhe conceder acesso a um ou mais volumes de dados,<\/li>\n<li>Voc\u00ea deve baixar e instalar o software Vawlt nos dispositivos que voc\u00ea deseja acessar os volumes de dados aos quais foi concedido acesso, e<\/li>\n<li>Voc\u00ea deve fazer o login em sua conta.<\/li>\n<\/ol>\n\n<\/div><\/div>\n<div class=\"accordion-item\"><a href=\"#\" class=\"accordion-title plain\"><button class=\"toggle\"><i class=\"icon-angle-down\"><\/i><\/button><span>Por que eu preciso baixar e instalar a Vawlt para acessar meus dados?<\/span><\/a><div class=\"accordion-inner\">\n\n<p>Porque a Vawlt tem uma arquitetura centrada em dados. Isto significa que todos os dados que voc\u00ea armazena com a Vawlt nunca passar\u00e3o por nossos servidores; eles viajam diretamente entre seus dispositivos e os provedores de cloud usados em cada volume.<\/p>\n\n<\/div><\/div>\n<div class=\"accordion-item\"><a href=\"#\" class=\"accordion-title plain\"><button class=\"toggle\"><i class=\"icon-angle-down\"><\/i><\/button><span>Posso compartilhar pastas com outros usu\u00e1rios?<\/span><\/a><div class=\"accordion-inner\">\n\n<p>Sim, se a pasta estiver vazia quando voc\u00ea iniciar o compartilhamento. No dispositivo que voc\u00ea est\u00e1 usando para acessar a Vawlt, v\u00e1 at\u00e9 a pasta raiz da Vawlt e crie uma nova pasta dentro. Em seguida, clique com o bot\u00e3o direito sobre a pasta e v\u00e1 at\u00e9 Vawlt &gt;&gt; Share para adicionar membros a esta pasta. Voc\u00ea pode ent\u00e3o come\u00e7ar a adicionar conte\u00fado a essa pasta, e tamb\u00e9m adicionar e remover usu\u00e1rios.<\/p>\n\n<\/div><\/div>\n<div class=\"accordion-item\"><a href=\"#\" class=\"accordion-title plain\"><button class=\"toggle\"><i class=\"icon-angle-down\"><\/i><\/button><span>Posso acessar a Vawlt em v\u00e1rios dispositivos?<\/span><\/a><div class=\"accordion-inner\">\n\n<p>Sim, voc\u00ea pode ser conectado \u00e0 sua conta Vawlt em v\u00e1rios dispositivos. Todos os dispositivos ser\u00e3o capazes de interagir com os volumes aos quais voc\u00ea tem acesso.<\/p>\n\n<\/div><\/div>\n<div class=\"accordion-item\"><a href=\"#\" class=\"accordion-title plain\"><button class=\"toggle\"><i class=\"icon-angle-down\"><\/i><\/button><span>Onde meus dados s\u00e3o armazenados?<\/span><\/a><div class=\"accordion-inner\">\n\n<p>Para cada volume, seus dados ser\u00e3o armazenados nos fornecedores e locais selecionados pela administra\u00e7\u00e3o de sua empresa para aquele volume espec\u00edfico. Para maiores informa\u00e7\u00f5es, entre em contato com o administrador de sua empresa.<\/p>\n\n<\/div><\/div>\n<div class=\"accordion-item\"><a href=\"#\" class=\"accordion-title plain\"><button class=\"toggle\"><i class=\"icon-angle-down\"><\/i><\/button><span>O que acontece se um arquivo ou pasta for exclu\u00eddo por mim, ou por algu\u00e9m com quem estou compartilhando?<\/span><\/a><div class=\"accordion-inner\">\n\n<p>O arquivo ou pasta \u00e9 permanentemente apagado e n\u00e3o \u00e9 poss\u00edvel recuper\u00e1-lo.<\/p>\n\n<\/div><\/div>\n<div class=\"accordion-item\"><a href=\"#\" class=\"accordion-title plain\"><button class=\"toggle\"><i class=\"icon-angle-down\"><\/i><\/button><span>Esqueci minha senha, o que devo fazer?<\/span><\/a><div class=\"accordion-inner\">\n\n<p>Caso voc\u00ea perca ou esque\u00e7a sua senha, n\u00f3s o ajudamos a definir uma nova. Quando voc\u00ea faz o login pela primeira vez na Vawlt usando nosso software, n\u00f3s lhe fornecemos um segredo que s\u00f3 \u00e9 mostrado uma vez, e que aconselhamos que voc\u00ea guarde em um lugar seguro. Quando voc\u00ea pedir um reset de senha na tela de login de seu software Vawlt, iniciaremos um processo seguro de reset que, em algum momento, lhe pedir\u00e1 o segredo acima mencionado.<\/p>\n\n<\/div><\/div>\n<div class=\"accordion-item\"><a href=\"#\" class=\"accordion-title plain\"><button class=\"toggle\"><i class=\"icon-angle-down\"><\/i><\/button><span>Posso interagir com a Vawlt via linha de comando?<\/span><\/a><div class=\"accordion-inner\">\n\n<p>Sim, a Vawlt tem uma interface de linha de comando (CLI) dispon\u00edvel para voc\u00ea usar. Para mais detalhes, por favor, fa\u00e7a o download de nosso Guia Vawlt CLI.<\/p>\n\n<\/div><\/div>\n\n<\/div>\n\n\t\t<\/div>\n\t\t\t\t\n<style>\n#col-320300727 > .col-inner {\n  padding: 0px 20px 0px 20px;\n}\n<\/style>\n\t<\/div>\n\n\t\n\n<\/div>\n\n\t\t<\/div>\n\n\t\t\n<style>\n#section_601139058 {\n  padding-top: 50px;\n  padding-bottom: 50px;\n  background-color: rgb(255, 255, 255);\n}\n@media (min-width:550px) {\n  #section_601139058 {\n    padding-top: 50px;\n    padding-bottom: 50px;\n  }\n}\n@media (min-width:850px) {\n  #section_601139058 {\n    padding-top: 80px;\n    padding-bottom: 80px;\n  }\n}\n<\/style>\n\t<\/section>\n\t\n\t<section class=\"section\" id=\"section_1792872535\">\n\t\t<div class=\"bg section-bg fill bg-fill  bg-loaded\" >\n\n\t\t\t\n\t\t\t\n\t\t\t\n\n\t\t<\/div>\n\n\t\t<div class=\"section-content relative\">\n\t\t\t\n\n<div class=\"row\"  id=\"row-773497256\">\n\n\n\t<div id=\"col-1590940635\" class=\"col medium-6 small-12 large-6 small-col-first\"  >\n\t\t\t\t<div class=\"col-inner\"  >\n\t\t\t\n\t\t\t\n\n\t<div class=\"img has-hover x md-x lg-x y md-y lg-y\" id=\"image_96125420\">\n\t\t\t\t\t\t\t\t<div class=\"img-inner dark\" >\n\t\t\t<img loading=\"lazy\" decoding=\"async\" width=\"935\" height=\"727\" src=\"https:\/\/vawlt.io\/wp-content\/uploads\/2021\/09\/docs.png\" class=\"attachment-large size-large\" alt=\"\" srcset=\"https:\/\/vawlt.io\/wp-content\/uploads\/2021\/09\/docs.png 935w, https:\/\/vawlt.io\/wp-content\/uploads\/2021\/09\/docs-300x233.png 300w, https:\/\/vawlt.io\/wp-content\/uploads\/2021\/09\/docs-768x597.png 768w\" sizes=\"auto, (max-width: 935px) 100vw, 935px\" \/>\t\t\t\t\t\t\n\t\t\t\t\t<\/div>\n\t\t\t\t\t\t\t\t\n<style>\n#image_96125420 {\n  width: 100%;\n}\n<\/style>\n\t<\/div>\n\t\n\n\n\t\t<\/div>\n\t\t\t\t\n<style>\n#col-1590940635 > .col-inner {\n  padding: 0px 20px 0px 20px;\n}\n@media (min-width:550px) {\n  #col-1590940635 > .col-inner {\n    padding: 0px 0px 0px 20px;\n  }\n}\n<\/style>\n\t<\/div>\n\n\t\n\n\t<div id=\"col-2099689570\" class=\"col medium-6 small-12 large-6\"  >\n\t\t\t\t<div class=\"col-inner\"  >\n\t\t\t\n\t\t\t\n\n\t<div id=\"text-3625977504\" class=\"text\">\n\t\t\n\n<h2><strong>Vawlt Docs<\/strong><\/h2>\n\t\t\n<style>\n#text-3625977504 {\n  font-size: 1.2rem;\n}\n<\/style>\n\t<\/div>\n\t\n<div class=\"h20-guide-plank-core__text\">\n<p>Descubra nossa extensa documenta\u00e7\u00e3o relacionada a todos os aspectos da Plataforma Din\u00e2mica de Armazenamento e do agente de software da Vawlt.<\/p>\n<\/div>\n<a rel=\"noopener noreferrer\" href=\"https:\/\/docs.vawlt.io\" target=\"_blank\" class=\"button primary is-outline\"  style=\"border-radius:5px;\">\n    <span>Veja a documenta\u00e7\u00e3o<\/span>\n  <\/a>\n\n\n\n\t\t<\/div>\n\t\t\t\t\n<style>\n#col-2099689570 > .col-inner {\n  padding: 0px 20px 0px 20px;\n}\n@media (min-width:550px) {\n  #col-2099689570 > .col-inner {\n    padding: 0px 20px 0px 0px;\n  }\n}\n<\/style>\n\t<\/div>\n\n\t\n\n<\/div>\n\n\t\t<\/div>\n\n\t\t\n<style>\n#section_1792872535 {\n  padding-top: 50px;\n  padding-bottom: 50px;\n  background-color: rgb(248, 250, 250);\n}\n@media (min-width:850px) {\n  #section_1792872535 {\n    padding-top: 80px;\n    padding-bottom: 80px;\n  }\n}\n<\/style>\n\t<\/section>\n\t\n\t<section class=\"section\" id=\"section_559174002\">\n\t\t<div class=\"bg section-bg fill bg-fill  bg-loaded\" >\n\n\t\t\t\n\t\t\t\n\t\t\t\n\n\t\t<\/div>\n\n\t\t<div class=\"section-content relative\">\n\t\t\t\n\n<div class=\"row\"  id=\"row-1606000925\">\n\n\n\t<div id=\"col-1946865896\" class=\"col medium-6 small-12 large-6\"  >\n\t\t\t\t<div class=\"col-inner\"  >\n\t\t\t\n\t\t\t\n\n\t<div id=\"text-2185817837\" class=\"text\">\n\t\t\n\n<h2><strong>Tutoriais em V\u00eddeo Vawlt<\/strong><\/h2>\n\t\t\n<style>\n#text-2185817837 {\n  font-size: 1.2rem;\n}\n<\/style>\n\t<\/div>\n\t\n<div class=\"h20-guide-plank-core__text\">\n<p>Consulte nossos tutoriais em v\u00eddeo que podem ajud\u00e1-lo a aprender conceitos centrais e recursos avan\u00e7ados.<\/p>\n<\/div>\n<a href=\"\/br\/suporte\/tutoriais\/\" target=\"_self\" class=\"button primary is-outline\"  style=\"border-radius:5px;\">\n    <span>Veja os v\u00eddeos<\/span>\n  <\/a>\n\n\n\n\t\t<\/div>\n\t\t\t\t\n<style>\n#col-1946865896 > .col-inner {\n  padding: 0px 20px 0px 20px;\n}\n@media (min-width:550px) {\n  #col-1946865896 > .col-inner {\n    padding: 0px 0px 0px 20px;\n  }\n}\n<\/style>\n\t<\/div>\n\n\t\n\n\t<div id=\"col-1531793583\" class=\"col medium-6 small-12 large-6 small-col-first\"  >\n\t\t\t\t<div class=\"col-inner\"  >\n\t\t\t\n\t\t\t\n\n\t<div class=\"img has-hover x md-x lg-x y md-y lg-y\" id=\"image_1634788208\">\n\t\t\t\t\t\t\t\t<div class=\"img-inner dark\" >\n\t\t\t<img loading=\"lazy\" decoding=\"async\" width=\"935\" height=\"727\" src=\"https:\/\/vawlt.io\/wp-content\/uploads\/2021\/09\/videos-help.png\" class=\"attachment-large size-large\" alt=\"\" srcset=\"https:\/\/vawlt.io\/wp-content\/uploads\/2021\/09\/videos-help.png 935w, https:\/\/vawlt.io\/wp-content\/uploads\/2021\/09\/videos-help-300x233.png 300w, https:\/\/vawlt.io\/wp-content\/uploads\/2021\/09\/videos-help-768x597.png 768w\" sizes=\"auto, (max-width: 935px) 100vw, 935px\" \/>\t\t\t\t\t\t\n\t\t\t\t\t<\/div>\n\t\t\t\t\t\t\t\t\n<style>\n#image_1634788208 {\n  width: 100%;\n}\n<\/style>\n\t<\/div>\n\t\n\n\n\t\t<\/div>\n\t\t\t\t\n<style>\n#col-1531793583 > .col-inner {\n  padding: 0px 20px 0px 20px;\n}\n@media (min-width:550px) {\n  #col-1531793583 > .col-inner {\n    padding: 0px 20px 0px 0px;\n  }\n}\n<\/style>\n\t<\/div>\n\n\t\n\n<\/div>\n\n\t\t<\/div>\n\n\t\t\n<style>\n#section_559174002 {\n  padding-top: 50px;\n  padding-bottom: 50px;\n  background-color: rgb(255, 255, 255);\n}\n@media (min-width:850px) {\n  #section_559174002 {\n    padding-top: 80px;\n    padding-bottom: 80px;\n  }\n}\n<\/style>\n\t<\/section>\n\t\n\t<section class=\"section\" id=\"section_2108366047\">\n\t\t<div class=\"bg section-bg fill bg-fill  bg-loaded\" >\n\n\t\t\t\n\t\t\t\n\t\t\t\n\n\t\t<\/div>\n\n\t\t<div class=\"section-content relative\">\n\t\t\t\n\n\t<div id=\"gap-1795911064\" class=\"gap-element clearfix\" style=\"display:block; height:auto;\">\n\t\t\n<style>\n#gap-1795911064 {\n  padding-top: 40px;\n}\n<\/style>\n\t<\/div>\n\t\n\n<div class=\"row row-collapse align-middle\"  id=\"row-1503869173\">\n\n\n\t<div id=\"col-2097002649\" class=\"col medium-6 small-12 large-6\"  >\n\t\t\t\t<div class=\"col-inner text-left\"  >\n\t\t\t\n\t\t\t\n\n\t<div id=\"text-454298703\" class=\"text\">\n\t\t\n\n<h3 style=\"font-weight: 600;\">N\u00e3o deixe que o ransomware detenha sua empresa<\/h3>\n\t\t\n<style>\n#text-454298703 {\n  font-size: 1rem;\n  text-align: center;\n}\n@media (min-width:550px) {\n  #text-454298703 {\n    text-align: left;\n  }\n}\n<\/style>\n\t<\/div>\n\t\n\t<div id=\"text-1823980247\" class=\"text\">\n\t\t\n\n<h2><span style=\"font-weight: 600; color: #21bffc;\">\u00c9 f\u00e1cil<\/span><span style=\"font-weight: 600; color: #000000;\">\u00a0come\u00e7ar.<br \/><\/span><\/h2>\n\t\t\n<style>\n#text-1823980247 {\n  font-size: 1.6rem;\n  text-align: center;\n}\n@media (min-width:550px) {\n  #text-1823980247 {\n    text-align: left;\n  }\n}\n<\/style>\n\t<\/div>\n\t\n\n\t\t<\/div>\n\t\t\t\t\n<style>\n#col-2097002649 > .col-inner {\n  padding: 0px 20px 0px 20px;\n}\n@media (min-width:550px) {\n  #col-2097002649 > .col-inner {\n    padding: 0px 0px 0px 20px;\n  }\n}\n<\/style>\n\t<\/div>\n\n\t\n\n\t<div id=\"col-1579810174\" class=\"col hide-for-medium medium-6 small-12 large-6\"  >\n\t\t\t\t<div class=\"col-inner text-right\"  >\n\t\t\t\n\t\t\t\n\n<a href=\"http:\/\/vawlt.io\/br\/pedir-uma-demonstracao\/\" target=\"_self\" class=\"button primary is-large\"  style=\"border-radius:5px;\">\n    <span>Pe\u00e7a uma Demo<\/span>\n  <\/a>\n\n\n\n\t\t<\/div>\n\t\t\t\t\n<style>\n#col-1579810174 > .col-inner {\n  padding: 0px 20px 0px 20px;\n}\n@media (min-width:550px) {\n  #col-1579810174 > .col-inner {\n    padding: 0px 20px 0px 0px;\n  }\n}\n<\/style>\n\t<\/div>\n\n\t\n\n\t<div id=\"col-2021601099\" class=\"col show-for-medium hide-for-small medium-6 small-12 large-6\"  >\n\t\t\t\t<div class=\"col-inner text-right\"  >\n\t\t\t\n\t\t\t\n\n<a href=\"http:\/\/vawlt.io\/br\/pedir-uma-demonstracao\/\" target=\"_self\" class=\"button primary\"  style=\"border-radius:5px;\">\n    <span>Pe\u00e7a uma Demo<\/span>\n  <\/a>\n\n\n\n\t\t<\/div>\n\t\t\t\t\n<style>\n#col-2021601099 > .col-inner {\n  padding: 0px 20px 0px 20px;\n}\n@media (min-width:550px) {\n  #col-2021601099 > .col-inner {\n    padding: 0px 20px 0px 0px;\n  }\n}\n<\/style>\n\t<\/div>\n\n\t\n\n\t<div id=\"col-1422860819\" class=\"col show-for-small medium-6 small-12 large-6\"  >\n\t\t\t\t<div class=\"col-inner text-center\"  >\n\t\t\t\n\t\t\t\n\n\t<div id=\"gap-372263206\" class=\"gap-element clearfix\" style=\"display:block; height:auto;\">\n\t\t\n<style>\n#gap-372263206 {\n  padding-top: 23px;\n}\n@media (min-width:550px) {\n  #gap-372263206 {\n    padding-top: 40px;\n  }\n}\n<\/style>\n\t<\/div>\n\t\n\n<a href=\"http:\/\/vawlt.io\/br\/pedir-uma-demonstracao\/\" target=\"_self\" class=\"button primary is-small\"  style=\"border-radius:5px;\">\n    <span>Pe\u00e7a uma Demo<\/span>\n  <\/a>\n\n\n\n\t\t<\/div>\n\t\t\t\t\n<style>\n#col-1422860819 > .col-inner {\n  padding: 0px 20px 0px 20px;\n}\n@media (min-width:550px) {\n  #col-1422860819 > .col-inner {\n    padding: 0px 20px 0px 0px;\n  }\n}\n<\/style>\n\t<\/div>\n\n\t\n\n<\/div>\n\n\t\t<\/div>\n\n\t\t\n<style>\n#section_2108366047 {\n  padding-top: 30px;\n  padding-bottom: 30px;\n  background-color: rgb(244, 247, 249);\n}\n<\/style>\n\t<\/section>","protected":false},"excerpt":{"rendered":"","protected":false},"author":8,"featured_media":0,"parent":2186,"menu_order":0,"comment_status":"closed","ping_status":"closed","template":"page-blank.php","meta":{"footnotes":""},"class_list":["post-729","page","type-page","status-publish","hentry"],"yoast_head":"<!-- This site is optimized with the Yoast SEO plugin v26.2 - https:\/\/yoast.com\/wordpress\/plugins\/seo\/ -->\n<title>Help Center | Support | Multicloud Storage | Vawlt<\/title>\n<meta name=\"description\" content=\"Here you can check the FAQ and see video tutorials that can help you through the configuration process. Also, our team is available to assist you.\" \/>\n<meta name=\"robots\" content=\"index, follow, max-snippet:-1, max-image-preview:large, max-video-preview:-1\" \/>\n<link rel=\"canonical\" href=\"https:\/\/site-temp.vawlt.io\/support\/help-center\/\" \/>\n<meta property=\"og:locale\" content=\"pt_BR\" \/>\n<meta property=\"og:type\" content=\"article\" \/>\n<meta property=\"og:title\" content=\"Help Center | Support | Multicloud Storage | Vawlt\" \/>\n<meta property=\"og:description\" content=\"Here you can check the FAQ and see video tutorials that can help you through the configuration process. Also, our team is available to assist you.\" \/>\n<meta property=\"og:url\" content=\"https:\/\/site-temp.vawlt.io\/support\/help-center\/\" \/>\n<meta property=\"og:site_name\" content=\"Vawlt\" \/>\n<meta property=\"article:publisher\" content=\"https:\/\/www.facebook.com\/vawlt\" \/>\n<meta property=\"article:modified_time\" content=\"2022-03-04T17:20:49+00:00\" \/>\n<meta property=\"og:image\" content=\"https:\/\/vawlt.io\/wp-content\/uploads\/2021\/09\/mockup.png\" \/>\n\t<meta property=\"og:image:width\" content=\"500\" \/>\n\t<meta property=\"og:image:height\" content=\"256\" \/>\n\t<meta property=\"og:image:type\" content=\"image\/png\" \/>\n<meta name=\"twitter:card\" content=\"summary_large_image\" \/>\n<meta name=\"twitter:site\" content=\"@vawltio\" \/>\n<meta name=\"twitter:label1\" content=\"Est. tempo de leitura\" \/>\n\t<meta name=\"twitter:data1\" content=\"3 minutos\" \/>\n<!-- \/ Yoast SEO plugin. -->","yoast_head_json":{"title":"Centro de Ajuda | Suporte | Armazenamento Multicloud | Vawlt","description":"Aqui voc\u00ea pode conferir as perguntas frequentes e ver tutoriais em v\u00eddeo que podem ajud\u00e1-lo durante o processo de configura\u00e7\u00e3o. Al\u00e9m disso, nossa equipe est\u00e1 dispon\u00edvel para auxili\u00e1-lo.","robots":{"index":"index","follow":"follow","max-snippet":"max-snippet:-1","max-image-preview":"max-image-preview:large","max-video-preview":"max-video-preview:-1"},"canonical":"https:\/\/site-temp.vawlt.io\/support\/help-center\/","og_locale":"pt_BR","og_type":"article","og_title":"Help Center | Support | Multicloud Storage | Vawlt","og_description":"Here you can check the FAQ and see video tutorials that can help you through the configuration process. Also, our team is available to assist you.","og_url":"https:\/\/site-temp.vawlt.io\/support\/help-center\/","og_site_name":"Vawlt","article_publisher":"https:\/\/www.facebook.com\/vawlt","article_modified_time":"2022-03-04T17:20:49+00:00","og_image":[{"width":500,"height":256,"url":"https:\/\/vawlt.io\/wp-content\/uploads\/2021\/09\/mockup.png","type":"image\/png"}],"twitter_card":"summary_large_image","twitter_site":"@vawltio","twitter_misc":{"Est. tempo de leitura":"3 minutos"},"schema":{"@context":"https:\/\/schema.org","@graph":[{"@type":["WebPage","FAQPage"],"@id":"https:\/\/site-temp.vawlt.io\/support\/help-center\/","url":"https:\/\/site-temp.vawlt.io\/support\/help-center\/","name":"Centro de Ajuda | Suporte | Armazenamento Multicloud | Vawlt","isPartOf":{"@id":"https:\/\/site-temp.vawlt.io\/#website"},"datePublished":"2021-08-16T14:17:09+00:00","dateModified":"2022-03-04T17:20:49+00:00","description":"Aqui voc\u00ea pode conferir as perguntas frequentes e ver tutoriais em v\u00eddeo que podem ajud\u00e1-lo durante o processo de configura\u00e7\u00e3o. Al\u00e9m disso, nossa equipe est\u00e1 dispon\u00edvel para auxili\u00e1-lo.","breadcrumb":{"@id":"https:\/\/site-temp.vawlt.io\/support\/help-center\/#breadcrumb"},"inLanguage":"pt-BR","potentialAction":[{"@type":"ReadAction","target":["https:\/\/site-temp.vawlt.io\/support\/help-center\/"]}]},{"@type":"BreadcrumbList","@id":"https:\/\/site-temp.vawlt.io\/support\/help-center\/#breadcrumb","itemListElement":[{"@type":"ListItem","position":1,"name":"Home","item":"https:\/\/vawlt.io\/"},{"@type":"ListItem","position":2,"name":"Support","item":"https:\/\/site-temp.vawlt.io\/support\/"},{"@type":"ListItem","position":3,"name":"Help Center\/FAQ"}]},{"@type":"WebSite","@id":"https:\/\/site-temp.vawlt.io\/#website","url":"https:\/\/site-temp.vawlt.io\/","name":"Vawlt","description":"Solu\u00e7\u00e3o multicloud para armazenamento de dados que simplifica a transi\u00e7\u00e3o para a cloud, melhora padr\u00f5es de seguran\u00e7a e otimiza o uso de recursos.","publisher":{"@id":"https:\/\/site-temp.vawlt.io\/#organization"},"potentialAction":[{"@type":"SearchAction","target":{"@type":"EntryPoint","urlTemplate":"https:\/\/site-temp.vawlt.io\/?s={search_term_string}"},"query-input":{"@type":"PropertyValueSpecification","valueRequired":true,"valueName":"search_term_string"}}],"inLanguage":"pt-BR"},{"@type":"Organization","@id":"https:\/\/site-temp.vawlt.io\/#organization","name":"Vawlt","url":"https:\/\/site-temp.vawlt.io\/","logo":{"@type":"ImageObject","inLanguage":"pt-BR","@id":"https:\/\/site-temp.vawlt.io\/#\/schema\/logo\/image\/","url":"http:\/\/vawlt.io\/wp-content\/uploads\/2021\/08\/logo_vawlt_business.png","contentUrl":"http:\/\/vawlt.io\/wp-content\/uploads\/2021\/08\/logo_vawlt_business.png","width":576,"height":92,"caption":"Vawlt"},"image":{"@id":"https:\/\/site-temp.vawlt.io\/#\/schema\/logo\/image\/"},"sameAs":["https:\/\/www.facebook.com\/vawlt","https:\/\/x.com\/vawltio","https:\/\/www.linkedin.com\/company\/vawlt","https:\/\/www.youtube.com\/channel\/UCYzlYYg7j_07CFi8Be0eAMw"]}]}},"_links":{"self":[{"href":"https:\/\/vawlt.io\/br\/wp-json\/wp\/v2\/pages\/729","targetHints":{"allow":["GET"]}}],"collection":[{"href":"https:\/\/vawlt.io\/br\/wp-json\/wp\/v2\/pages"}],"about":[{"href":"https:\/\/vawlt.io\/br\/wp-json\/wp\/v2\/types\/page"}],"author":[{"embeddable":true,"href":"https:\/\/vawlt.io\/br\/wp-json\/wp\/v2\/users\/8"}],"replies":[{"embeddable":true,"href":"https:\/\/vawlt.io\/br\/wp-json\/wp\/v2\/comments?post=729"}],"version-history":[{"count":34,"href":"https:\/\/vawlt.io\/br\/wp-json\/wp\/v2\/pages\/729\/revisions"}],"predecessor-version":[{"id":2248,"href":"https:\/\/vawlt.io\/br\/wp-json\/wp\/v2\/pages\/729\/revisions\/2248"}],"up":[{"embeddable":true,"href":"https:\/\/vawlt.io\/br\/wp-json\/wp\/v2\/pages\/2186"}],"wp:attachment":[{"href":"https:\/\/vawlt.io\/br\/wp-json\/wp\/v2\/media?parent=729"}],"curies":[{"name":"wp","href":"https:\/\/api.w.org\/{rel}","templated":true}]}}