{"id":764,"date":"2021-08-17T09:44:26","date_gmt":"2021-08-17T09:44:26","guid":{"rendered":"http:\/\/vawlt.io\/?page_id=764"},"modified":"2025-05-14T16:38:11","modified_gmt":"2025-05-14T16:38:11","slug":"privacy-policy","status":"publish","type":"page","link":"https:\/\/vawlt.io\/br\/politica-de-privacidade\/","title":{"rendered":"Pol\u00edtica de Privacidade"},"content":{"rendered":"<section class=\"section\" id=\"section_974440158\">\n\t\t<div class=\"bg section-bg fill bg-fill  bg-loaded\" >\n\n\t\t\t\n\t\t\t\n\t\t\t\n\n\t\t<\/div>\n\n\t\t<div class=\"section-content relative\">\n\t\t\t\n\n<div class=\"row\"  id=\"row-731235057\">\n\n\n\t<div id=\"col-1595767068\" class=\"col small-12 large-12\"  >\n\t\t\t\t<div class=\"col-inner\"  >\n\t\t\t\n\t\t\t\n\n\t<div id=\"text-318481678\" class=\"text\">\n\t\t\n\n<h1><strong>Pol\u00edtica de privacidade<\/strong><\/h1>\n\t\t\n<style>\n#text-318481678 {\n  font-size: 1.6rem;\n}\n<\/style>\n\t<\/div>\n\t\n\n\t\t<\/div>\n\t\t\t\t\n<style>\n#col-1595767068 > .col-inner {\n  padding: 50px 20px 0px 20px;\n}\n@media (min-width:850px) {\n  #col-1595767068 > .col-inner {\n    padding: 80px 0px 0px 0px;\n  }\n}\n<\/style>\n\t<\/div>\n\n\t\n\n<\/div>\n<div class=\"row\"  id=\"row-1795166604\">\n\n\n\t<div id=\"col-876928644\" class=\"col small-12 large-12\"  >\n\t\t\t\t<div class=\"col-inner\"  >\n\t\t\t\n\t\t\t\n\n<h3>\u00daltima atualiza\u00e7\u00e3o: 15 de janeiro de 2020<\/h3>\n<p>Estamos empenhados em proteger suas informa\u00e7\u00f5es pessoais e seu direito \u00e0 privacidade. Se voc\u00ea tiver quaisquer perguntas ou preocupa\u00e7\u00f5es sobre nossa pol\u00edtica, ou nossas pr\u00e1ticas com rela\u00e7\u00e3o a suas informa\u00e7\u00f5es pessoais, favor entrar em contato conosco atrav\u00e9s do endere\u00e7o <strong>privacy (at) vawlt.io<\/strong>.<\/p>\n<p>Esta pol\u00edtica de privacidade se aplica a todas as informa\u00e7\u00f5es coletadas atrav\u00e9s de nosso site, <a href=\"http:\/\/vawlt.io\/br\/\" target=\"_blank\" rel=\"noopener\">http:\/\/vawlt.io<\/a> e atrav\u00e9s de nossa plataforma, acess\u00edvel apenas pelos administradores de nossos clientes em <a href=\"https:\/\/platform.vawlt.io\/login\" target=\"_blank\" rel=\"noopener\">https:\/\/platform.vawlt.io\/login<\/a>, coletivamente referidos nesta pol\u00edtica de privacidade como \u201cSite\u201d.<\/p>\n<p>Esta pol\u00edtica de privacidade N\u00c3O SE APLICA aos dados que voc\u00ea armazena utilizando nosso servi\u00e7o. Como usamos um protocolo de criptografia de ponta-a-ponta de conhecimento zero, n\u00e3o h\u00e1 nenhum caminho t\u00e9cnico para que tenhamos acesso funcional a tais dados. Para maiores informa\u00e7\u00f5es, consulte nossos <a href=\"http:\/\/vawlt.io\/br\/termos-de-uso\/\">Termos de Uso<\/a>.<\/p>\n<p><strong>Por favor, leia atentamente esta pol\u00edtica de privacidade, pois ela o ajudar\u00e1 a tomar decis\u00f5es informadas sobre o compartilhamento de suas informa\u00e7\u00f5es pessoais conosco.<\/strong><\/p>\n\n\t\t<\/div>\n\t\t\t\t\n<style>\n#col-876928644 > .col-inner {\n  padding: 0px 20px 0px 20px;\n}\n<\/style>\n\t<\/div>\n\n\t\n\n\t<div id=\"col-1046614426\" class=\"col small-12 large-12\"  >\n\t\t\t\t<div class=\"col-inner\"  >\n\t\t\t\n\t\t\t\n\n<h4 class=\"uppercase\">1. QUE INFORMA\u00c7\u00d5ES RECOLHEMOS? <\/h4>\n<h5>Informa\u00e7\u00f5es pessoais que voc\u00ea nos divulga<\/h5>\n<ul>\n<li>Recolhemos o nome e endere\u00e7os de e-mail dos usu\u00e1rios, fornecidos pelos administradores, e necess\u00e1rios para que possamos prestar nossos servi\u00e7os a nossos clientes. Essas informa\u00e7\u00f5es s\u00e3o armazenadas com seguran\u00e7a em nossos bancos de dados, de forma criptografada.<\/li>\n<\/ul>\n<h5>Informa\u00e7\u00f5es recolhidas automaticamente<\/h5>\n<ul>\n<li>Coletamos automaticamente informa\u00e7\u00f5es an\u00f4nimas, ou seja, endere\u00e7os IP, e\/ou navegadores e caracter\u00edsticas de dispositivos quando voc\u00ea visita nosso Site.<\/li>\n<li> Com rela\u00e7\u00e3o aos usu\u00e1rios, coletamos o nome do dispositivo e o endere\u00e7o IP dos dispositivos usados para fazer login na Vawlt atrav\u00e9s de nosso software, e tais informa\u00e7\u00f5es tamb\u00e9m s\u00e3o armazenadas de forma segura em nossos bancos de dados, de forma criptografada.<\/li>\n<\/ul>\n\n\t\t<\/div>\n\t\t\t\t\n<style>\n#col-1046614426 > .col-inner {\n  padding: 0px 20px 0px 20px;\n}\n<\/style>\n\t<\/div>\n\n\t\n\n\t<div id=\"col-495797066\" class=\"col small-12 large-12\"  >\n\t\t\t\t<div class=\"col-inner\"  >\n\t\t\t\n\t\t\t\n\n<h4 class=\"uppercase\">2. COMO UTILIZAMOS SUAS INFORMA\u00c7\u00d5ES? <\/h4>\n<ul>\n<li>Processamos suas informa\u00e7\u00f5es para fins baseados em interesses comerciais leg\u00edtimos, no cumprimento de nosso contrato com voc\u00ea, no cumprimento de nossas obriga\u00e7\u00f5es legais, e\/ou em seu consentimento.<\/li>\n<li>Utilizamos as informa\u00e7\u00f5es que coletamos, ou recebemos:\n<ul>\n<li>Podemos utilizar suas informa\u00e7\u00f5es pessoais para enviar-lhe informa\u00e7\u00f5es sobre produtos, servi\u00e7os e novos recursos e\/ou informa\u00e7\u00f5es sobre mudan\u00e7as em nossos termos, condi\u00e7\u00f5es e pol\u00edticas. <\/li>\n<li> Podemos usar suas informa\u00e7\u00f5es para solicitar feedback e para contat\u00e1-lo sobre seu uso de nosso Site. <\/li>\n<li> Para fazer cumprir nossos termos, condi\u00e7\u00f5es e pol\u00edticas para fins comerciais e\/ou por raz\u00f5es legais. <\/li>\n<li> Responder a solicita\u00e7\u00f5es e prevenir danos por motivos legais. Se recebermos uma intima\u00e7\u00e3o ou outro pedido legal, talvez precisemos inspecionar os dados que possu\u00edmos para determinar como responder. <\/li>\n<li> Podemos usar suas informa\u00e7\u00f5es para outros fins comerciais, tais como an\u00e1lise de dados, identifica\u00e7\u00e3o de tend\u00eancias de uso, determina\u00e7\u00e3o da efic\u00e1cia de nossas campanhas promocionais e para avaliar e melhorar nosso Site, produtos, servi\u00e7os, marketing e sua experi\u00eancia. <\/li><\/ul>\n<\/li>\n<\/ul>\n\n\t\t<\/div>\n\t\t\t\t\n<style>\n#col-495797066 > .col-inner {\n  padding: 0px 20px 0px 20px;\n}\n<\/style>\n\t<\/div>\n\n\t\n\n\t<div id=\"col-561454428\" class=\"col small-12 large-12\"  >\n\t\t\t\t<div class=\"col-inner\"  >\n\t\t\t\n\t\t\t\n\n<h4 class=\"uppercase\">3. SUAS INFORMA\u00c7\u00d5ES SER\u00c3O COMPARTILHADAS COM ALGU\u00c9M? <\/h4>\n<ul>\n<li>S\u00f3 compartilhamos informa\u00e7\u00f5es com seu consentimento para cumprir as leis, para proteger seus direitos ou para cumprir obriga\u00e7\u00f5es comerciais.<\/li>\n<li>S\u00f3 compartilharemos e divulgaremos suas informa\u00e7\u00f5es nas seguintes situa\u00e7\u00f5es:\n<ul>\n<li>Podemos divulgar suas informa\u00e7\u00f5es quando formos legalmente obrigados a faz\u00ea-lo para cumprir a lei aplic\u00e1vel, solicita\u00e7\u00f5es governamentais, um processo judicial, ordem judicial ou processo legal, tal como em resposta a uma ordem judicial ou intima\u00e7\u00e3o (inclusive em resposta \u00e0s autoridades p\u00fablicas para atender \u00e0s exig\u00eancias de seguran\u00e7a nacional ou de aplica\u00e7\u00e3o da lei). <\/li>\n<li> Interesses Vitais e Direitos Legais. Podemos divulgar suas informa\u00e7\u00f5es onde acreditamos ser necess\u00e1rio investigar, prevenir ou tomar medidas relativas a poss\u00edveis viola\u00e7\u00f5es de nossas pol\u00edticas, suspeita de fraude, situa\u00e7\u00f5es envolvendo amea\u00e7as potenciais \u00e0 seguran\u00e7a de qualquer pessoa e atividades ilegais, ou como prova em lit\u00edgio no qual estamos envolvidos. <\/li>\n<li> Podemos compartilhar ou transferir suas informa\u00e7\u00f5es em conex\u00e3o com, ou durante negocia\u00e7\u00f5es de qualquer fus\u00e3o, venda de ativos da empresa, financiamento ou aquisi\u00e7\u00e3o da totalidade ou parte de nossos neg\u00f3cios para outra empresa. <\/li>\n<li> Podemos divulgar suas informa\u00e7\u00f5es pessoais para qualquer outro prop\u00f3sito com seu consentimento.<\/li><\/ul>\n<\/li>\n<\/ul>\n\n\t\t<\/div>\n\t\t\t\t\n<style>\n#col-561454428 > .col-inner {\n  padding: 0px 20px 0px 20px;\n}\n<\/style>\n\t<\/div>\n\n\t\n\n\t<div id=\"col-143115949\" class=\"col small-12 large-12\"  >\n\t\t\t\t<div class=\"col-inner\"  >\n\t\t\t\n\t\t\t\n\n<h4 class=\"uppercase\">4. USAMOS COOKIES E OUTRAS TECNOLOGIAS DE RASTREAMENTO? <\/h4>\n<ul>\n<li>Podemos usar cookies e tecnologias de rastreamento similares (como web beacons e pixels) para acessar ou armazenar informa\u00e7\u00f5es. Informa\u00e7\u00f5es espec\u00edficas sobre como usamos tais tecnologias e como voc\u00ea pode recusar certos cookies est\u00e3o definidas em nossa <a href=\"\/br\/politica-de-cookies\/\">Pol\u00edtica de Cookies<\/a>.<\/li>\n<\/ul>\n\n\t\t<\/div>\n\t\t\t\t\n<style>\n#col-143115949 > .col-inner {\n  padding: 0px 20px 0px 20px;\n}\n<\/style>\n\t<\/div>\n\n\t\n\n\t<div id=\"col-439729012\" class=\"col small-12 large-12\"  >\n\t\t\t\t<div class=\"col-inner\"  >\n\t\t\t\n\t\t\t\n\n<h4 class=\"uppercase\">5. POR QUANTO TEMPO GUARDAMOS SUAS INFORMA\u00c7\u00d5ES? <\/h4>\n<ul>\n<li>Manteremos suas informa\u00e7\u00f5es pessoais somente pelo tempo necess\u00e1rio para os prop\u00f3sitos estabelecidos nesta pol\u00edtica de privacidade, a menos que um per\u00edodo de reten\u00e7\u00e3o mais longo seja exigido ou permitido por lei (como exig\u00eancias fiscais, cont\u00e1beis ou outras exig\u00eancias legais). Nenhum prop\u00f3sito nesta pol\u00edtica exigir\u00e1 que mantenhamos suas informa\u00e7\u00f5es pessoais por mais tempo do que o per\u00edodo de tempo em que os usu\u00e1rios tenham uma conta conosco.<\/li>\n<li> Quando n\u00e3o tivermos nenhuma necessidade comercial leg\u00edtima em andamento para processar suas informa\u00e7\u00f5es pessoais, exclui-las-emos ou as tornaremos an\u00f4nimas. <\/li>\n<\/ul>\n\n\t\t<\/div>\n\t\t\t\t\n<style>\n#col-439729012 > .col-inner {\n  padding: 0px 20px 0px 20px;\n}\n<\/style>\n\t<\/div>\n\n\t\n\n\t<div id=\"col-221527011\" class=\"col small-12 large-12\"  >\n\t\t\t\t<div class=\"col-inner\"  >\n\t\t\t\n\t\t\t\n\n<h4 class=\"uppercase\">6. COMO MANTEMOS SUAS INFORMA\u00c7\u00d5ES SEGURAS? <\/h4>\n<ul>\n<li>Todos os dados fornecidos pelos administradores de nossos clientes, e os dados coletados automaticamente por n\u00f3s para lhe prestarmos nossos servi\u00e7os, s\u00e3o armazenados de forma segura em nossos bancos de dados, de forma criptografada.<\/li>\n<li> Embora sempre faremos o melhor para proteger suas informa\u00e7\u00f5es pessoais, a transmiss\u00e3o de informa\u00e7\u00f5es pessoais de e para nosso Site \u00e9 por sua conta e risco. Voc\u00ea s\u00f3 deve acessar os servi\u00e7os dentro de um ambiente seguro. <\/li>\n<\/ul>\n\n\t\t<\/div>\n\t\t\t\t\n<style>\n#col-221527011 > .col-inner {\n  padding: 0px 20px 0px 20px;\n}\n<\/style>\n\t<\/div>\n\n\t\n\n\t<div id=\"col-909139380\" class=\"col small-12 large-12\"  >\n\t\t\t\t<div class=\"col-inner\"  >\n\t\t\t\n\t\t\t\n\n<h4 class=\"uppercase\">7. QUAIS S\u00c3O SEUS DIREITOS DE PRIVACIDADE?<\/h4>\n<ul>\n<li>Em algumas regi\u00f5es (como o Espa\u00e7o Econ\u00f4mico Europeu), voc\u00ea tem certos direitos sob as leis de prote\u00e7\u00e3o de dados aplic\u00e1veis. Estes podem incluir o direito\n<ul>\n<li>(i) de solicitar acesso e obter uma c\u00f3pia de suas informa\u00e7\u00f5es pessoais,<\/li>\n<li>(ii) de solicitar retifica\u00e7\u00e3o ou apagamento;<\/li>\n<li>(iii) de restringir o processamento de suas informa\u00e7\u00f5es pessoais; e<\/li>\n<li>(iv) se aplic\u00e1vel, \u00e0 portabilidade dos dados.<\/li>\n<\/ul>\n<\/li>\n<li>Em certas circunst\u00e2ncias, voc\u00ea tamb\u00e9m pode ter o direito de se opor ao processamento de suas informa\u00e7\u00f5es pessoais. Para fazer tal solicita\u00e7\u00e3o, favor utilizar os dados de contato fornecidos abaixo. Consideraremos e agiremos de acordo com qualquer solicita\u00e7\u00e3o, de acordo com as leis de prote\u00e7\u00e3o de dados aplic\u00e1veis.<\/li>\n<li>Se dependermos de seu consentimento para processar suas informa\u00e7\u00f5es pessoais, voc\u00ea tem o direito de retirar seu consentimento a qualquer momento. Observe, entretanto, que isto n\u00e3o afetar\u00e1 a legalidade do processamento antes de sua retirada.<\/li>\n<li>Se voc\u00ea \u00e9 residente na \u00c1rea Econ\u00f4mica Europ\u00e9ia e acredita que estamos processando ilegalmente suas informa\u00e7\u00f5es pessoais, voc\u00ea tamb\u00e9m tem o direito de reclamar junto \u00e0 autoridade supervisora local de prote\u00e7\u00e3o de dados. Voc\u00ea pode encontrar seus dados de contato aqui: <a href=\"https:\/\/ec.europa.eu\/info\/policies\/justice-and-fundamental-rights_en\" target=\"_blank\" rel=\"noopener\">ec.europe.eu<\/a><\/li>\n<\/ul>\n\n\t\t<\/div>\n\t\t\t\t\n<style>\n#col-909139380 > .col-inner {\n  padding: 0px 20px 0px 20px;\n}\n<\/style>\n\t<\/div>\n\n\t\n\n\t<div id=\"col-1507381011\" class=\"col small-12 large-12\"  >\n\t\t\t\t<div class=\"col-inner\"  >\n\t\t\t\n\t\t\t\n\n<h4 class=\"uppercase\">8. FAZEMOS ATUALIZA\u00c7\u00d5ES A ESTA POL\u00cdTICA? <\/h4>\n<ul>\n<li> Podemos atualizar esta pol\u00edtica de privacidade ocasionalmente. A vers\u00e3o atualizada ser\u00e1 indicada por uma data \u201cRevisada\u201d atualizada e a vers\u00e3o atualizada ser\u00e1 efetiva assim que estiver acess\u00edvel. Se fizermos altera\u00e7\u00f5es materiais a esta pol\u00edtica de privacidade, poderemos notific\u00e1-lo, colocando de forma proeminente um aviso sobre tais altera\u00e7\u00f5es ou enviando-lhe diretamente uma notifica\u00e7\u00e3o. Encorajamos voc\u00ea a rever esta pol\u00edtica de privacidade regularmente para ser informado de como estamos protegendo suas informa\u00e7\u00f5es.<\/li>\n<\/ul>\n\n\t\t<\/div>\n\t\t\t\t\n<style>\n#col-1507381011 > .col-inner {\n  padding: 0px 20px 0px 20px;\n}\n<\/style>\n\t<\/div>\n\n\t\n\n\t<div id=\"col-16742529\" class=\"col small-12 large-12\"  >\n\t\t\t\t<div class=\"col-inner\"  >\n\t\t\t\n\t\t\t\n\n<h4 class=\"uppercase\">9. COMO PODE NOS CONTATAR SOBRE ESTA POL\u00cdTICA? <\/h4>\n<ul>\n<li> Se voc\u00ea tiver perguntas ou coment\u00e1rios sobre esta pol\u00edtica, voc\u00ea pode nos enviar um e-mail para privacy (at) vawlt.io ou pelo correio para: Vawlt Technologies, S. A., Tec Labs \u2013 Centro de Inova\u00e7\u00e3o, Campo Grande, 1749-016 Lisboa, Portugal.<\/li>\n<\/ul>\n\n\t\t<\/div>\n\t\t\t\t\n<style>\n#col-16742529 > .col-inner {\n  padding: 0px 20px 0px 20px;\n}\n<\/style>\n\t<\/div>\n\n\t\n\n<\/div>\n\n\t\t<\/div>\n\n\t\t\n<style>\n#section_974440158 {\n  padding-top: 0px;\n  padding-bottom: 0px;\n}\n<\/style>\n\t<\/section>","protected":false},"excerpt":{"rendered":"","protected":false},"author":8,"featured_media":0,"parent":0,"menu_order":0,"comment_status":"closed","ping_status":"closed","template":"page-blank.php","meta":{"footnotes":""},"class_list":["post-764","page","type-page","status-publish","hentry"],"yoast_head":"<!-- This site is optimized with the Yoast SEO plugin v26.2 - https:\/\/yoast.com\/wordpress\/plugins\/seo\/ -->\n<title>Privacy Policy | Multicloud Storage | Vawlt<\/title>\n<meta name=\"robots\" content=\"index, follow, max-snippet:-1, max-image-preview:large, max-video-preview:-1\" \/>\n<link rel=\"canonical\" href=\"https:\/\/site-temp.vawlt.io\/privacy-policy\/\" \/>\n<meta property=\"og:locale\" content=\"pt_BR\" \/>\n<meta property=\"og:type\" content=\"article\" \/>\n<meta property=\"og:title\" content=\"Privacy Policy | Multicloud Storage | Vawlt\" \/>\n<meta property=\"og:url\" content=\"https:\/\/site-temp.vawlt.io\/privacy-policy\/\" \/>\n<meta property=\"og:site_name\" content=\"Vawlt\" \/>\n<meta property=\"article:publisher\" content=\"https:\/\/www.facebook.com\/vawlt\" \/>\n<meta property=\"article:modified_time\" content=\"2025-05-14T16:38:11+00:00\" \/>\n<meta property=\"og:image\" content=\"https:\/\/vawlt.io\/wp-content\/uploads\/2021\/09\/mockup.png\" \/>\n\t<meta property=\"og:image:width\" content=\"500\" \/>\n\t<meta property=\"og:image:height\" content=\"256\" \/>\n\t<meta property=\"og:image:type\" content=\"image\/png\" \/>\n<meta name=\"twitter:card\" content=\"summary_large_image\" \/>\n<meta name=\"twitter:site\" content=\"@vawltio\" \/>\n<meta name=\"twitter:label1\" content=\"Est. tempo de leitura\" \/>\n\t<meta name=\"twitter:data1\" content=\"6 minutos\" \/>\n<!-- \/ Yoast SEO plugin. -->","yoast_head_json":{"title":"Pol\u00edtica de Privacidade | Armazenamento Multicloud | Vawlt","robots":{"index":"index","follow":"follow","max-snippet":"max-snippet:-1","max-image-preview":"max-image-preview:large","max-video-preview":"max-video-preview:-1"},"canonical":"https:\/\/site-temp.vawlt.io\/privacy-policy\/","og_locale":"pt_BR","og_type":"article","og_title":"Privacy Policy | Multicloud Storage | Vawlt","og_url":"https:\/\/site-temp.vawlt.io\/privacy-policy\/","og_site_name":"Vawlt","article_publisher":"https:\/\/www.facebook.com\/vawlt","article_modified_time":"2025-05-14T16:38:11+00:00","og_image":[{"width":500,"height":256,"url":"https:\/\/vawlt.io\/wp-content\/uploads\/2021\/09\/mockup.png","type":"image\/png"}],"twitter_card":"summary_large_image","twitter_site":"@vawltio","twitter_misc":{"Est. tempo de leitura":"6 minutos"},"schema":{"@context":"https:\/\/schema.org","@graph":[{"@type":"WebPage","@id":"https:\/\/site-temp.vawlt.io\/privacy-policy\/","url":"https:\/\/site-temp.vawlt.io\/privacy-policy\/","name":"Pol\u00edtica de Privacidade | Armazenamento Multicloud | Vawlt","isPartOf":{"@id":"https:\/\/site-temp.vawlt.io\/#website"},"datePublished":"2021-08-17T09:44:26+00:00","dateModified":"2025-05-14T16:38:11+00:00","breadcrumb":{"@id":"https:\/\/site-temp.vawlt.io\/privacy-policy\/#breadcrumb"},"inLanguage":"pt-BR","potentialAction":[{"@type":"ReadAction","target":["https:\/\/site-temp.vawlt.io\/privacy-policy\/"]}]},{"@type":"BreadcrumbList","@id":"https:\/\/site-temp.vawlt.io\/privacy-policy\/#breadcrumb","itemListElement":[{"@type":"ListItem","position":1,"name":"Home","item":"https:\/\/vawlt.io\/"},{"@type":"ListItem","position":2,"name":"Privacy Policy"}]},{"@type":"WebSite","@id":"https:\/\/site-temp.vawlt.io\/#website","url":"https:\/\/site-temp.vawlt.io\/","name":"Vawlt","description":"Solu\u00e7\u00e3o multicloud para armazenamento de dados que simplifica a transi\u00e7\u00e3o para a cloud, melhora padr\u00f5es de seguran\u00e7a e otimiza o uso de recursos.","publisher":{"@id":"https:\/\/site-temp.vawlt.io\/#organization"},"potentialAction":[{"@type":"SearchAction","target":{"@type":"EntryPoint","urlTemplate":"https:\/\/site-temp.vawlt.io\/?s={search_term_string}"},"query-input":{"@type":"PropertyValueSpecification","valueRequired":true,"valueName":"search_term_string"}}],"inLanguage":"pt-BR"},{"@type":"Organization","@id":"https:\/\/site-temp.vawlt.io\/#organization","name":"Vawlt","url":"https:\/\/site-temp.vawlt.io\/","logo":{"@type":"ImageObject","inLanguage":"pt-BR","@id":"https:\/\/site-temp.vawlt.io\/#\/schema\/logo\/image\/","url":"http:\/\/vawlt.io\/wp-content\/uploads\/2021\/08\/logo_vawlt_business.png","contentUrl":"http:\/\/vawlt.io\/wp-content\/uploads\/2021\/08\/logo_vawlt_business.png","width":576,"height":92,"caption":"Vawlt"},"image":{"@id":"https:\/\/site-temp.vawlt.io\/#\/schema\/logo\/image\/"},"sameAs":["https:\/\/www.facebook.com\/vawlt","https:\/\/x.com\/vawltio","https:\/\/www.linkedin.com\/company\/vawlt","https:\/\/www.youtube.com\/channel\/UCYzlYYg7j_07CFi8Be0eAMw"]}]}},"_links":{"self":[{"href":"https:\/\/vawlt.io\/br\/wp-json\/wp\/v2\/pages\/764","targetHints":{"allow":["GET"]}}],"collection":[{"href":"https:\/\/vawlt.io\/br\/wp-json\/wp\/v2\/pages"}],"about":[{"href":"https:\/\/vawlt.io\/br\/wp-json\/wp\/v2\/types\/page"}],"author":[{"embeddable":true,"href":"https:\/\/vawlt.io\/br\/wp-json\/wp\/v2\/users\/8"}],"replies":[{"embeddable":true,"href":"https:\/\/vawlt.io\/br\/wp-json\/wp\/v2\/comments?post=764"}],"version-history":[{"count":11,"href":"https:\/\/vawlt.io\/br\/wp-json\/wp\/v2\/pages\/764\/revisions"}],"predecessor-version":[{"id":3828,"href":"https:\/\/vawlt.io\/br\/wp-json\/wp\/v2\/pages\/764\/revisions\/3828"}],"wp:attachment":[{"href":"https:\/\/vawlt.io\/br\/wp-json\/wp\/v2\/media?parent=764"}],"curies":[{"name":"wp","href":"https:\/\/api.w.org\/{rel}","templated":true}]}}