{"id":769,"date":"2021-08-17T09:51:06","date_gmt":"2021-08-17T09:51:06","guid":{"rendered":"http:\/\/vawlt.io\/?page_id=769"},"modified":"2022-03-04T17:18:07","modified_gmt":"2022-03-04T17:18:07","slug":"vulnerability-detection-program","status":"publish","type":"page","link":"https:\/\/vawlt.io\/br\/detecao-de-vulnerabilidades\/","title":{"rendered":"Dete\u00e7\u00e3o de Vulnerabilidades"},"content":{"rendered":"<section class=\"section\" id=\"section_1166581933\">\n\t\t<div class=\"bg section-bg fill bg-fill  bg-loaded\" >\n\n\t\t\t\n\t\t\t\n\t\t\t\n\n\t\t<\/div>\n\n\t\t<div class=\"section-content relative\">\n\t\t\t\n\n<div class=\"row row-collapse\"  id=\"row-331935557\">\n\n\n\t<div id=\"col-1052123639\" class=\"col small-12 large-12\"  >\n\t\t\t\t<div class=\"col-inner\"  >\n\t\t\t\n\t\t\t\n\n\t<div id=\"text-2534650273\" class=\"text\">\n\t\t\n\n<h1><strong>Encontrou uma vulnerabilidade em nossa plataforma?<\/strong><\/h1>\n\t\t\n<style>\n#text-2534650273 {\n  font-size: 1.6rem;\n}\n<\/style>\n\t<\/div>\n\t\n\n\t\t<\/div>\n\t\t\t\t\n<style>\n#col-1052123639 > .col-inner {\n  padding: 80px 20px 0px 20px;\n}\n@media (min-width:850px) {\n  #col-1052123639 > .col-inner {\n    padding: 80px 0px 0px 0px;\n  }\n}\n<\/style>\n\t<\/div>\n\n\t\n\n<\/div>\n<div class=\"row\"  id=\"row-189190167\">\n\n\n\t<div id=\"col-1664852258\" class=\"col small-12 large-12\"  >\n\t\t\t\t<div class=\"col-inner\"  >\n\t\t\t\n\t\t\t\n\n<p>A Vawlt \u00e9 uma solu\u00e7\u00e3o constru\u00edda com a seguran\u00e7a como prioridade m\u00e1xima. Embora nossa equipe esteja totalmente comprometida em projetar e desenvolver uma solu\u00e7\u00e3o que mantenha seus dados seguros, encorajamos qualquer usu\u00e1rio a apontar e reportar quaisquer fragilidades ou vulnerabilidades em nosso site e plataforma.<\/p>\n<p>Se este for o caso, convidamos voc\u00ea a compartilhar conosco um relat\u00f3rio detalhado para&nbsp;<a class=\"link text-link\" href=\"mailto:security@vawlt.io\" target=\"_blank\" rel=\"noopener noreferrer\">security@vawlt.io<\/a>.<\/p>\n<p>Abaixo, voc\u00ea pode encontrar algumas informa\u00e7\u00f5es \u00fateis sobre como enviar um relat\u00f3rio \u00e0 nossa equipe, bem como um conjunto de regras para orient\u00e1-lo caso encontre algum problema. Seu relat\u00f3rio pode at\u00e9 mesmo ser considerado para uma recompensa.<\/p>\n<p class=\"translation-block\">Welcome to our&nbsp;<strong>Vulnerability Detection Program<\/strong>.<\/p>\n\n\t\t<\/div>\n\t\t\t\t\n<style>\n#col-1664852258 > .col-inner {\n  padding: 0px 20px 0px 20px;\n}\n<\/style>\n\t<\/div>\n\n\t\n\n\t<div id=\"col-1681445294\" class=\"col small-12 large-12\"  >\n\t\t\t\t<div class=\"col-inner\"  >\n\t\t\t\n\t\t\t\n\n<h3>Como apresentar um relat\u00f3rio corretamente<\/h3>\n<p>Para enviar um relat\u00f3rio de vulnerabilidade, envie-nos um e-mail para&nbsp;<a class=\"link text-link\" href=\"mailto:security@vawlt.io\" target=\"_blank\" rel=\"noopener noreferrer\">security@vawlt.io<\/a>. Leve em considera\u00e7\u00e3o os seguintes t\u00f3picos:<\/p>\n<ul>\n<li>Forne\u00e7a uma descri\u00e7\u00e3o completa para nossa an\u00e1lise.<\/li>\n<li>Anexe um guia \u201cComo fazer\u201d com os passos necess\u00e1rios para que possamos replicar a situa\u00e7\u00e3o, seja em texto ou v\u00eddeo, ou uma prova de conceito.<\/li>\n<li>Use a&nbsp;<a class=\"link text-link\" href=\"https:\/\/www.first.org\/cvss\/calculator\/3.0\" target=\"_blank\" rel=\"noopener noreferrer\">calculadora CVSS<\/a> e nos forne\u00e7a o resultado anexado no relat\u00f3rio.<\/li>\n<li>Fa\u00e7a uma auto-avalia\u00e7\u00e3o da gravidade da situa\u00e7\u00e3o.<\/li>\n<li>Forne\u00e7a-nos qualquer outra informa\u00e7\u00e3o que voc\u00ea considere \u00fatil para a an\u00e1lise.<\/li>\n<\/ul>\n<h3>Crit\u00e9rios de qualifica\u00e7\u00e3o<\/h3>\n<p>Seu relat\u00f3rio de vulnerabilidade ser\u00e1 qualificado para um pr\u00eamio se todas estas condi\u00e7\u00f5es se aplicarem:<\/p>\n<ul>\n<li>O relat\u00f3rio deve ter a estrutura mencionada acima.<\/li>\n<li>O relat\u00f3rio n\u00e3o pode ser apenas uma c\u00f3pia colada de um scanner de seguran\u00e7a automatizado: os relat\u00f3rios sem conhecimentos adicionais n\u00e3o ser\u00e3o considerados.<\/li>\n<li>A quest\u00e3o deve ser real e test\u00e1vel: situa\u00e7\u00f5es hipot\u00e9ticas n\u00e3o ser\u00e3o consideradas.<\/li>\n<li>A quest\u00e3o deve se referir a algo que desconhecemos: n\u00e3o recompensaremos nenhuma descoberta que j\u00e1 tenha sido relatada anteriormente, seja por voc\u00ea ou por outra pessoa.<\/li>\n<li>A quest\u00e3o deve ocorrer na \u00faltima vers\u00e3o dispon\u00edvel publicamente no site\/plataforma da vawlt.io.<\/li>\n<li>A quest\u00e3o deve estar no escopo (veja a lista abaixo).<\/li>\n<\/ul>\n<h3>Lista fora do escopo<\/h3>\n<p>Aqui est\u00e3o algumas situa\u00e7\u00f5es que geralmente consideramos fora do escopo:<\/p>\n<ul>\n<li>Bugs de funcionalidades.<\/li>\n<li>Vulnerabilidades em c\u00f3digos ou servi\u00e7os de terceiros que n\u00e3o levam a um exploit.<\/li>\n<li>Cabe\u00e7alhos de seguran\u00e7a HTTP inexistentes.<\/li>\n<\/ul>\n<h3>Pr\u00eamios<\/h3>\n<p>Se o relat\u00f3rio for comprovado como v\u00e1lido, pode haver um pr\u00eamio para voc\u00ea. Os valores s\u00e3o calculados com base na categoria ou severidade de cada edi\u00e7\u00e3o relatada, como voc\u00ea pode verificar na tabela abaixo.<\/p>\n\n\t\t<\/div>\n\t\t\t\t\n<style>\n#col-1681445294 > .col-inner {\n  padding: 0px 20px 0px 20px;\n}\n@media (min-width:850px) {\n  #col-1681445294 > .col-inner {\n    padding: 0px 0px 0px 0px;\n  }\n}\n<\/style>\n\t<\/div>\n\n\t\n\n\t<div id=\"col-1057125103\" class=\"col medium-4 small-12 large-3\"  >\n\t\t\t\t<div class=\"col-inner\"  >\n\t\t\t\n\t\t\t\n\n<table class=\"table\" style=\"height: 152px;\" width=\"253\">\n<thead class=\"thead-light\">\n<tr>\n<th scope=\"col\">GRAVIDADE<\/th>\n<th scope=\"col\">VALOR<\/th>\n<\/tr>\n<\/thead>\n<tbody>\n<tr>\n<td>Baixa<\/td>\n<td>\u20ac75<\/td>\n<\/tr>\n<tr>\n<td>M\u00e9dia<\/td>\n<td>\u20ac100<\/td>\n<\/tr>\n<tr>\n<td>Alta<\/td>\n<td>\u20ac200<\/td>\n<\/tr>\n<tr>\n<td>Cr\u00edtica<\/td>\n<td>\u20ac750<\/td>\n<\/tr>\n<\/tbody>\n<\/table>\n\n\t\t<\/div>\n\t\t\t\t\n<style>\n#col-1057125103 > .col-inner {\n  padding: 0px 20px 0px 20px;\n}\n@media (min-width:550px) {\n  #col-1057125103 > .col-inner {\n    padding: 0px 0px 0px 20px;\n  }\n}\n@media (min-width:850px) {\n  #col-1057125103 > .col-inner {\n    padding: 0px 0px 0px 0px;\n  }\n}\n<\/style>\n\t<\/div>\n\n\t\n\n\t<div id=\"col-179108531\" class=\"col small-12 large-12\"  >\n\t\t\t\t<div class=\"col-inner\"  >\n\t\t\t\n\t\t\t\n\n<h3>Isen\u00e7\u00e3o de responsabilidade<\/h3>\n<p>Revelar qualquer quest\u00e3o publicamente sem o consentimento da Vawlt \u00e9 rigorosamente proibido.<\/p>\n<p>Notifique-nos se este \u00e9 seu trabalho ou se est\u00e1 coberto por direitos de propriedade intelectual de entidades terceiras.<\/p>\n<p>Se voc\u00ea enviar qualquer relat\u00f3rio deste tipo, voc\u00ea estar\u00e1 concedendo \u00e0 Vawlt Technologies, S. A. uma licen\u00e7a permanente e irrevers\u00edvel para todos os direitos de propriedade intelectual licenci\u00e1veis por voc\u00ea em ou relacionados ao uso deste material.<\/p>\n<p>N\u00e3o nos notificar sobre este assunto significar\u00e1 que o relat\u00f3rio \u00e9 seu pr\u00f3prio trabalho, portanto n\u00e3o \u00e9 coberto por direitos de propriedade intelectual de nenhuma outra entidade.<\/p>\n<p>Agradecemos sua colabora\u00e7\u00e3o, mantendo nossa plataforma e nossos clientes seguros.<\/p>\n\n\t\t<\/div>\n\t\t\t\t\n<style>\n#col-179108531 > .col-inner {\n  padding: 0px 20px 0px 20px;\n}\n@media (min-width:850px) {\n  #col-179108531 > .col-inner {\n    padding: 0px 0px 0px 0px;\n  }\n}\n<\/style>\n\t<\/div>\n\n\t\n\n<\/div>\n\n\t\t<\/div>\n\n\t\t\n<style>\n#section_1166581933 {\n  padding-top: 0px;\n  padding-bottom: 0px;\n}\n<\/style>\n\t<\/section>\n\t\n\t<section class=\"section\" id=\"section_1329412758\">\n\t\t<div class=\"bg section-bg fill bg-fill  bg-loaded\" >\n\n\t\t\t\n\t\t\t\n\t\t\t\n\n\t\t<\/div>\n\n\t\t<div class=\"section-content relative\">\n\t\t\t\n\n\t<div id=\"gap-1659994372\" class=\"gap-element clearfix\" style=\"display:block; height:auto;\">\n\t\t\n<style>\n#gap-1659994372 {\n  padding-top: 40px;\n}\n<\/style>\n\t<\/div>\n\t\n\n<div class=\"row row-collapse align-middle\"  id=\"row-268350820\">\n\n\n\t<div id=\"col-1233306773\" class=\"col medium-6 small-12 large-6\"  >\n\t\t\t\t<div class=\"col-inner text-left\"  >\n\t\t\t\n\t\t\t\n\n\t<div id=\"text-3612907229\" class=\"text\">\n\t\t\n\n<h3 style=\"font-weight: 600;\">N\u00e3o deixe que o ransomware detenha sua empresa<\/h3>\n\t\t\n<style>\n#text-3612907229 {\n  font-size: 1rem;\n  text-align: center;\n}\n@media (min-width:550px) {\n  #text-3612907229 {\n    text-align: left;\n  }\n}\n<\/style>\n\t<\/div>\n\t\n\t<div id=\"text-1672797808\" class=\"text\">\n\t\t\n\n<h2><span style=\"font-weight: 600; color: #21bffc;\">\u00c9 f\u00e1cil<\/span><span style=\"font-weight: 600; color: #000000;\">\u00a0come\u00e7ar.<br \/><\/span><\/h2>\n\t\t\n<style>\n#text-1672797808 {\n  font-size: 1.6rem;\n  text-align: center;\n}\n@media (min-width:550px) {\n  #text-1672797808 {\n    text-align: left;\n  }\n}\n<\/style>\n\t<\/div>\n\t\n\n\t\t<\/div>\n\t\t\t\t\n<style>\n#col-1233306773 > .col-inner {\n  padding: 0px 20px 0px 20px;\n}\n@media (min-width:550px) {\n  #col-1233306773 > .col-inner {\n    padding: 0px 0px 0px 20px;\n  }\n}\n<\/style>\n\t<\/div>\n\n\t\n\n\t<div id=\"col-892813559\" class=\"col hide-for-medium medium-6 small-12 large-6\"  >\n\t\t\t\t<div class=\"col-inner text-right\"  >\n\t\t\t\n\t\t\t\n\n<a href=\"http:\/\/vawlt.io\/br\/pedir-uma-demonstracao\/\" target=\"_self\" class=\"button primary is-large\"  style=\"border-radius:5px;\">\n    <span>Pe\u00e7a uma Demo<\/span>\n  <\/a>\n\n\n\n\t\t<\/div>\n\t\t\t\t\n<style>\n#col-892813559 > .col-inner {\n  padding: 0px 20px 0px 20px;\n}\n@media (min-width:550px) {\n  #col-892813559 > .col-inner {\n    padding: 0px 20px 0px 0px;\n  }\n}\n<\/style>\n\t<\/div>\n\n\t\n\n\t<div id=\"col-783872012\" class=\"col show-for-medium hide-for-small medium-6 small-12 large-6\"  >\n\t\t\t\t<div class=\"col-inner text-right\"  >\n\t\t\t\n\t\t\t\n\n<a href=\"http:\/\/vawlt.io\/br\/pedir-uma-demonstracao\/\" target=\"_self\" class=\"button primary\"  style=\"border-radius:5px;\">\n    <span>Pe\u00e7a uma Demo<\/span>\n  <\/a>\n\n\n\n\t\t<\/div>\n\t\t\t\t\n<style>\n#col-783872012 > .col-inner {\n  padding: 0px 20px 0px 20px;\n}\n@media (min-width:550px) {\n  #col-783872012 > .col-inner {\n    padding: 0px 20px 0px 0px;\n  }\n}\n<\/style>\n\t<\/div>\n\n\t\n\n\t<div id=\"col-1711847791\" class=\"col show-for-small medium-6 small-12 large-6\"  >\n\t\t\t\t<div class=\"col-inner text-center\"  >\n\t\t\t\n\t\t\t\n\n\t<div id=\"gap-426674735\" class=\"gap-element clearfix\" style=\"display:block; height:auto;\">\n\t\t\n<style>\n#gap-426674735 {\n  padding-top: 23px;\n}\n@media (min-width:550px) {\n  #gap-426674735 {\n    padding-top: 40px;\n  }\n}\n<\/style>\n\t<\/div>\n\t\n\n<a href=\"http:\/\/vawlt.io\/br\/pedir-uma-demonstracao\/\" target=\"_self\" class=\"button primary is-small\"  style=\"border-radius:5px;\">\n    <span>Pe\u00e7a uma Demo<\/span>\n  <\/a>\n\n\n\n\t\t<\/div>\n\t\t\t\t\n<style>\n#col-1711847791 > .col-inner {\n  padding: 0px 20px 0px 20px;\n}\n@media (min-width:550px) {\n  #col-1711847791 > .col-inner {\n    padding: 0px 20px 0px 0px;\n  }\n}\n<\/style>\n\t<\/div>\n\n\t\n\n<\/div>\n\n\t\t<\/div>\n\n\t\t\n<style>\n#section_1329412758 {\n  padding-top: 30px;\n  padding-bottom: 30px;\n  background-color: rgb(244, 247, 249);\n}\n<\/style>\n\t<\/section>","protected":false},"excerpt":{"rendered":"","protected":false},"author":8,"featured_media":0,"parent":0,"menu_order":0,"comment_status":"closed","ping_status":"closed","template":"page-blank.php","meta":{"footnotes":""},"class_list":["post-769","page","type-page","status-publish","hentry"],"yoast_head":"<!-- This site is optimized with the Yoast SEO plugin v26.2 - https:\/\/yoast.com\/wordpress\/plugins\/seo\/ -->\n<title>Vulnerability Detection Program | Multicloud Storage | Vawlt<\/title>\n<meta name=\"robots\" content=\"noindex, nofollow\" \/>\n<meta property=\"og:locale\" content=\"pt_BR\" \/>\n<meta property=\"og:type\" content=\"article\" \/>\n<meta property=\"og:title\" content=\"Vulnerability Detection Program | Multicloud Storage | Vawlt\" \/>\n<meta property=\"og:url\" content=\"https:\/\/site-temp.vawlt.io\/es\/programa-de-deteccion-de-vulnerabilidades\/\" \/>\n<meta property=\"og:site_name\" content=\"Vawlt\" \/>\n<meta property=\"article:publisher\" content=\"https:\/\/www.facebook.com\/vawlt\" \/>\n<meta property=\"article:modified_time\" content=\"2022-03-04T17:18:07+00:00\" \/>\n<meta property=\"og:image\" content=\"https:\/\/vawlt.io\/wp-content\/uploads\/2021\/09\/mockup.png\" \/>\n\t<meta property=\"og:image:width\" content=\"500\" \/>\n\t<meta property=\"og:image:height\" content=\"256\" \/>\n\t<meta property=\"og:image:type\" content=\"image\/png\" \/>\n<meta name=\"twitter:card\" content=\"summary_large_image\" \/>\n<meta name=\"twitter:site\" content=\"@vawltio\" \/>\n<meta name=\"twitter:label1\" content=\"Est. tempo de leitura\" \/>\n\t<meta name=\"twitter:data1\" content=\"3 minutos\" \/>\n<!-- \/ Yoast SEO plugin. -->","yoast_head_json":{"title":"Programa de Dete\u00e7\u00e3o de Vulnerabilidades | Vawlt","robots":{"index":"noindex","follow":"nofollow"},"og_locale":"pt_BR","og_type":"article","og_title":"Vulnerability Detection Program | Multicloud Storage | Vawlt","og_url":"https:\/\/site-temp.vawlt.io\/es\/programa-de-deteccion-de-vulnerabilidades\/","og_site_name":"Vawlt","article_publisher":"https:\/\/www.facebook.com\/vawlt","article_modified_time":"2022-03-04T17:18:07+00:00","og_image":[{"width":500,"height":256,"url":"https:\/\/vawlt.io\/wp-content\/uploads\/2021\/09\/mockup.png","type":"image\/png"}],"twitter_card":"summary_large_image","twitter_site":"@vawltio","twitter_misc":{"Est. tempo de leitura":"3 minutos"},"schema":{"@context":"https:\/\/schema.org","@graph":[{"@type":"WebPage","@id":"https:\/\/site-temp.vawlt.io\/es\/programa-de-deteccion-de-vulnerabilidades\/","url":"https:\/\/site-temp.vawlt.io\/es\/programa-de-deteccion-de-vulnerabilidades\/","name":"Programa de Dete\u00e7\u00e3o de Vulnerabilidades | Vawlt","isPartOf":{"@id":"https:\/\/site-temp.vawlt.io\/#website"},"datePublished":"2021-08-17T09:51:06+00:00","dateModified":"2022-03-04T17:18:07+00:00","breadcrumb":{"@id":"https:\/\/site-temp.vawlt.io\/es\/programa-de-deteccion-de-vulnerabilidades\/#breadcrumb"},"inLanguage":"pt-BR","potentialAction":[{"@type":"ReadAction","target":["https:\/\/site-temp.vawlt.io\/es\/programa-de-deteccion-de-vulnerabilidades\/"]}]},{"@type":"BreadcrumbList","@id":"https:\/\/site-temp.vawlt.io\/es\/programa-de-deteccion-de-vulnerabilidades\/#breadcrumb","itemListElement":[{"@type":"ListItem","position":1,"name":"Home","item":"https:\/\/vawlt.io\/"},{"@type":"ListItem","position":2,"name":"Vulnerability Detection Program"}]},{"@type":"WebSite","@id":"https:\/\/site-temp.vawlt.io\/#website","url":"https:\/\/site-temp.vawlt.io\/","name":"Vawlt","description":"Solu\u00e7\u00e3o multicloud para armazenamento de dados que simplifica a transi\u00e7\u00e3o para a cloud, melhora padr\u00f5es de seguran\u00e7a e otimiza o uso de recursos.","publisher":{"@id":"https:\/\/site-temp.vawlt.io\/#organization"},"potentialAction":[{"@type":"SearchAction","target":{"@type":"EntryPoint","urlTemplate":"https:\/\/site-temp.vawlt.io\/?s={search_term_string}"},"query-input":{"@type":"PropertyValueSpecification","valueRequired":true,"valueName":"search_term_string"}}],"inLanguage":"pt-BR"},{"@type":"Organization","@id":"https:\/\/site-temp.vawlt.io\/#organization","name":"Vawlt","url":"https:\/\/site-temp.vawlt.io\/","logo":{"@type":"ImageObject","inLanguage":"pt-BR","@id":"https:\/\/site-temp.vawlt.io\/#\/schema\/logo\/image\/","url":"http:\/\/vawlt.io\/wp-content\/uploads\/2021\/08\/logo_vawlt_business.png","contentUrl":"http:\/\/vawlt.io\/wp-content\/uploads\/2021\/08\/logo_vawlt_business.png","width":576,"height":92,"caption":"Vawlt"},"image":{"@id":"https:\/\/site-temp.vawlt.io\/#\/schema\/logo\/image\/"},"sameAs":["https:\/\/www.facebook.com\/vawlt","https:\/\/x.com\/vawltio","https:\/\/www.linkedin.com\/company\/vawlt","https:\/\/www.youtube.com\/channel\/UCYzlYYg7j_07CFi8Be0eAMw"]}]}},"_links":{"self":[{"href":"https:\/\/vawlt.io\/br\/wp-json\/wp\/v2\/pages\/769","targetHints":{"allow":["GET"]}}],"collection":[{"href":"https:\/\/vawlt.io\/br\/wp-json\/wp\/v2\/pages"}],"about":[{"href":"https:\/\/vawlt.io\/br\/wp-json\/wp\/v2\/types\/page"}],"author":[{"embeddable":true,"href":"https:\/\/vawlt.io\/br\/wp-json\/wp\/v2\/users\/8"}],"replies":[{"embeddable":true,"href":"https:\/\/vawlt.io\/br\/wp-json\/wp\/v2\/comments?post=769"}],"version-history":[{"count":9,"href":"https:\/\/vawlt.io\/br\/wp-json\/wp\/v2\/pages\/769\/revisions"}],"predecessor-version":[{"id":4241,"href":"https:\/\/vawlt.io\/br\/wp-json\/wp\/v2\/pages\/769\/revisions\/4241"}],"wp:attachment":[{"href":"https:\/\/vawlt.io\/br\/wp-json\/wp\/v2\/media?parent=769"}],"curies":[{"name":"wp","href":"https:\/\/api.w.org\/{rel}","templated":true}]}}