{"id":788,"date":"2021-08-17T13:48:37","date_gmt":"2021-08-17T13:48:37","guid":{"rendered":"http:\/\/vawlt.io\/?page_id=788"},"modified":"2023-03-14T17:23:51","modified_gmt":"2023-03-14T17:23:51","slug":"get-a-demo","status":"publish","type":"page","link":"https:\/\/vawlt.io\/br\/pedir-uma-demonstracao\/","title":{"rendered":"Pe\u00e7a uma Demo"},"content":{"rendered":"<section class=\"section\" id=\"section_1555174843\">\n\t\t<div class=\"bg section-bg fill bg-fill  bg-loaded\" >\n\n\t\t\t\n\t\t\t\n\t\t\t\n\n\t\t<\/div>\n\n\t\t<div class=\"section-content relative\">\n\t\t\t\n\n\t<div id=\"gap-767465957\" class=\"gap-element clearfix\" style=\"display:block; height:auto;\">\n\t\t\n<style>\n#gap-767465957 {\n  padding-top: 50px;\n}\n<\/style>\n\t<\/div>\n\t\n\n<div class=\"row\"  id=\"row-1995203474\">\n\n\n\t<div id=\"col-47336597\" class=\"col medium-12 small-12 large-6\"  >\n\t\t\t\t<div class=\"col-inner\"  >\n\t\t\t\n\t\t\t\n\n\t<div id=\"text-1447769742\" class=\"text\">\n\t\t\n\n<h1><strong>Marcar uma Demo<\/strong><\/h1>\n\t\t\n<style>\n#text-1447769742 {\n  font-size: 1.6rem;\n}\n<\/style>\n\t<\/div>\n\t\n\t<div id=\"text-648063295\" class=\"text\">\n\t\t\n\n<p class=\"translation-block\">Voc\u00ea quer experimentar a Vawlt e descobrir todas as suas caracter\u00edsticas e possibilidades? <strong>Preencha o formul\u00e1rio<\/strong> e entre em contato com nossa equipe de vendas para <strong>solicitar uma demonstra\u00e7\u00e3o<\/strong>.<\/p>\n\t\t\n<style>\n#text-648063295 {\n  font-size: 1.3rem;\n}\n<\/style>\n\t<\/div>\n\t\n\t<div class=\"img has-hover hide-for-medium x md-x lg-x y md-y lg-y\" id=\"image_1203496498\">\n\t\t\t\t\t\t\t\t<div class=\"img-inner dark\" >\n\t\t\t<img loading=\"lazy\" decoding=\"async\" width=\"1\" height=\"1\" src=\"https:\/\/vawlt.io\/wp-content\/uploads\/2021\/08\/talk02.svg\" class=\"attachment-large size-large\" alt=\"\" \/>\t\t\t\t\t\t\n\t\t\t\t\t<\/div>\n\t\t\t\t\t\t\t\t\n<style>\n#image_1203496498 {\n  width: 50%;\n}\n<\/style>\n\t<\/div>\n\t\n\n\n\t\t<\/div>\n\t\t\t\t\n<style>\n#col-47336597 > .col-inner {\n  padding: 0px 0px 0px 20px;\n}\n@media (min-width:550px) {\n  #col-47336597 > .col-inner {\n    padding: 0px 0px 0px 20px;\n  }\n}\n<\/style>\n\t<\/div>\n\n\t\n\n\t<div id=\"col-1285072109\" class=\"col medium-12 small-12 large-6\"  >\n\t\t\t\t<div class=\"col-inner\"  >\n\t\t\t\n\t\t\t\n\n<form id=\"request-demo-form\" class=\"col-xl-12 mx-auto recapcha-form\" novalidate=\"\" action=\"\">\r\n<div class=\"row\">\r\n<div class=\"col\">\r\n<div class=\"form-group\">\r\n\r\n<label for=\"firstname\"> Nome <\/label><input id=\"firstname\" class=\"form-control\" name=\"name\" pattern=\".+\" required=\"\" type=\"text\" placeholder=\" Nome\" \/>\r\n<div class=\"invalid-feedback\">Por favor insira um nome v\u00e1lido.<\/div>\r\n<\/div>\r\n<\/div>\r\n<div class=\"col\">\r\n<div class=\"form-group\">\r\n\r\n<label for=\"lastname\"> Apelido <\/label><input id=\"lastname\" class=\"form-control\" name=\"name\" pattern=\".+\" required=\"\" type=\"text\" placeholder=\" Apelido\" \/>\r\n<div class=\"invalid-feedback\">Por favor insira um nome v\u00e1lido.<\/div>\r\n<\/div>\r\n<\/div>\r\n<\/div>\r\n<div class=\"row\">\r\n<div class=\"col\">\r\n<div class=\"form-group\">\r\n\r\n<label for=\"email\"> Email <\/label><input id=\"email\" class=\"form-control\" name=\"email\" pattern=\".+@.+\" required=\"\" type=\"email\" placeholder=\"seuemail@email.com\" \/>\r\n<div class=\"invalid-feedback\">Por favor insira um email v\u00e1lido.<\/div>\r\n<\/div>\r\n<\/div>\r\n<\/div>\r\n<div class=\"row\">\r\n<div class=\"col\">\r\n<div class=\"form-group\">\r\n\r\n<label for=\"phonenumber\">Contato<\/label><input id=\"phonenumber\" class=\"form-control\" style=\"background-image: none;\" name=\"phonenumber\" required=\"\" type=\"tel\" \/>\r\n<div class=\"invalid-feedback phone-number-invalid-feedback\">Por favor insira um n\u00famero de telefone v\u00e1lido.<\/div>\r\n<\/div>\r\n<\/div>\r\n<div class=\"col\">\r\n<div class=\"form-group\">\r\n\r\n<label for=\"storage\"> Previs\u00e3o de Armazenamento <\/label><input id=\"storage\" class=\"form-control\" style=\"background-image: none;\" min=\"1\" name=\"storage\" required=\"\" type=\"number\" placeholder=\"Em TB\" \/>\r\n<div class=\"invalid-feedback\">Favor insira uma previs\u00e3o de armazenamento.<\/div>\r\n<\/div>\r\n<\/div>\r\n<\/div>\r\n<div class=\"row\">\r\n<div class=\"col\">\r\n<div class=\"form-group\">\r\n<div class=\"form-group g-recaptcha\" data-sitekey=\"6LcgU5oUAAAAADsJADmUtUWHpM6h9XNomkwnzODv\"><\/div>\r\n<\/div>\r\n<\/div>\r\n<\/div>\r\n<div class=\"consent-checkboxes-container\"><small class=\"c-grey\">A Vawlt se preocupa com sua privacidade. Ao clicar em \u2018Marcar uma Demo', voc\u00ea concorda que a Vawlt processa as informa\u00e7\u00f5es acima de acordo com seus <a class=\"link\" href=\"http:\/\/vawlt.io\/br\/termos-de-uso\/\" target=\"_blank\" rel=\"noopener noreferrer\">Termos de Uso<\/a> e na nossa <a class=\"link\" href=\"http:\/\/vawlt.io\/br\/politica-de-privacidade\/\" target=\"_blank\" rel=\"noopener noreferrer\"> Pol\u00edtica de Privacidade<\/a>, e voc\u00ea consente em receber comunica\u00e7\u00f5es de marketing da Vawlt.<\/small><\/div>\r\n<h6 class=\"text-center pb-2 mb-4 text-error text-hidden\">Alguma grande mensagem de erro que poder\u00e1 ser mostrada neste espa\u00e7o.<\/h6>\r\n<button class=\"button primary rounded\"> Marcar uma Demo <\/button>\r\n\r\n<input type=\"hidden\" name=\"trp-form-language\" value=\"br\"\/><\/form>\n\n\n\t\t<\/div>\n\t\t\t\t\n<style>\n#col-1285072109 > .col-inner {\n  padding: 0px 20px 0px 0px;\n}\n<\/style>\n\t<\/div>\n\n\t\n\n<\/div>\n\n\t\t<\/div>\n\n\t\t\n<style>\n#section_1555174843 {\n  padding-top: 0px;\n  padding-bottom: 0px;\n  background-color: rgb(244, 247, 249);\n}\n<\/style>\n\t<\/section>","protected":false},"excerpt":{"rendered":"","protected":false},"author":8,"featured_media":0,"parent":0,"menu_order":0,"comment_status":"closed","ping_status":"closed","template":"page-blank.php","meta":{"footnotes":""},"class_list":["post-788","page","type-page","status-publish","hentry"],"yoast_head":"<!-- This site is optimized with the Yoast SEO plugin v26.2 - https:\/\/yoast.com\/wordpress\/plugins\/seo\/ -->\n<title>Get A Vawlt Demo | See How It Works | Vawlt<\/title>\n<meta name=\"description\" content=\"Get in touch with us and try the simplest, safest and more optimal multicloud data storage solution in the market. Book a Demo now!\" \/>\n<meta name=\"robots\" content=\"index, follow, max-snippet:-1, max-image-preview:large, max-video-preview:-1\" \/>\n<link rel=\"canonical\" href=\"https:\/\/site-temp.vawlt.io\/get-a-demo\/\" \/>\n<meta property=\"og:locale\" content=\"pt_BR\" \/>\n<meta property=\"og:type\" content=\"article\" \/>\n<meta property=\"og:title\" content=\"Get A Vawlt Demo | See How It Works | Vawlt\" \/>\n<meta property=\"og:description\" content=\"Get in touch with us and try the simplest, safest and more optimal multicloud data storage solution in the market. Book a Demo now!\" \/>\n<meta property=\"og:url\" content=\"https:\/\/site-temp.vawlt.io\/get-a-demo\/\" \/>\n<meta property=\"og:site_name\" content=\"Vawlt\" \/>\n<meta property=\"article:publisher\" content=\"https:\/\/www.facebook.com\/vawlt\" \/>\n<meta property=\"article:modified_time\" content=\"2023-03-14T17:23:51+00:00\" \/>\n<meta property=\"og:image\" content=\"https:\/\/vawlt.io\/wp-content\/uploads\/2021\/09\/mockup.png\" \/>\n\t<meta property=\"og:image:width\" content=\"500\" \/>\n\t<meta property=\"og:image:height\" content=\"256\" \/>\n\t<meta property=\"og:image:type\" content=\"image\/png\" \/>\n<meta name=\"twitter:card\" content=\"summary_large_image\" \/>\n<meta name=\"twitter:site\" content=\"@vawltio\" \/>\n<meta name=\"twitter:label1\" content=\"Est. tempo de leitura\" \/>\n\t<meta name=\"twitter:data1\" content=\"1 minuto\" \/>\n<!-- \/ Yoast SEO plugin. -->","yoast_head_json":{"title":"Pe\u00e7a uma Demonstra\u00e7\u00e3o da Vawlt | Veja Como Funciona | Vawlt","description":"Entre em contato conosco e tente a solu\u00e7\u00e3o mais simples, segura e otimizada de armazenamento de dados multicloud do mercado. Agende uma Demonstra\u00e7\u00e3o agora!","robots":{"index":"index","follow":"follow","max-snippet":"max-snippet:-1","max-image-preview":"max-image-preview:large","max-video-preview":"max-video-preview:-1"},"canonical":"https:\/\/site-temp.vawlt.io\/get-a-demo\/","og_locale":"pt_BR","og_type":"article","og_title":"Get A Vawlt Demo | See How It Works | Vawlt","og_description":"Get in touch with us and try the simplest, safest and more optimal multicloud data storage solution in the market. Book a Demo now!","og_url":"https:\/\/site-temp.vawlt.io\/get-a-demo\/","og_site_name":"Vawlt","article_publisher":"https:\/\/www.facebook.com\/vawlt","article_modified_time":"2023-03-14T17:23:51+00:00","og_image":[{"width":500,"height":256,"url":"https:\/\/vawlt.io\/wp-content\/uploads\/2021\/09\/mockup.png","type":"image\/png"}],"twitter_card":"summary_large_image","twitter_site":"@vawltio","twitter_misc":{"Est. tempo de leitura":"1 minuto"},"schema":{"@context":"https:\/\/schema.org","@graph":[{"@type":"WebPage","@id":"https:\/\/site-temp.vawlt.io\/get-a-demo\/","url":"https:\/\/site-temp.vawlt.io\/get-a-demo\/","name":"Pe\u00e7a uma Demonstra\u00e7\u00e3o da Vawlt | Veja Como Funciona | Vawlt","isPartOf":{"@id":"https:\/\/site-temp.vawlt.io\/#website"},"datePublished":"2021-08-17T13:48:37+00:00","dateModified":"2023-03-14T17:23:51+00:00","description":"Entre em contato conosco e tente a solu\u00e7\u00e3o mais simples, segura e otimizada de armazenamento de dados multicloud do mercado. Agende uma Demonstra\u00e7\u00e3o agora!","breadcrumb":{"@id":"https:\/\/site-temp.vawlt.io\/get-a-demo\/#breadcrumb"},"inLanguage":"pt-BR","potentialAction":[{"@type":"ReadAction","target":["https:\/\/site-temp.vawlt.io\/get-a-demo\/"]}]},{"@type":"BreadcrumbList","@id":"https:\/\/site-temp.vawlt.io\/get-a-demo\/#breadcrumb","itemListElement":[{"@type":"ListItem","position":1,"name":"Home","item":"https:\/\/vawlt.io\/"},{"@type":"ListItem","position":2,"name":"Get a Demo"}]},{"@type":"WebSite","@id":"https:\/\/site-temp.vawlt.io\/#website","url":"https:\/\/site-temp.vawlt.io\/","name":"Vawlt","description":"Solu\u00e7\u00e3o multicloud para armazenamento de dados que simplifica a transi\u00e7\u00e3o para a cloud, melhora padr\u00f5es de seguran\u00e7a e otimiza o uso de recursos.","publisher":{"@id":"https:\/\/site-temp.vawlt.io\/#organization"},"potentialAction":[{"@type":"SearchAction","target":{"@type":"EntryPoint","urlTemplate":"https:\/\/site-temp.vawlt.io\/?s={search_term_string}"},"query-input":{"@type":"PropertyValueSpecification","valueRequired":true,"valueName":"search_term_string"}}],"inLanguage":"pt-BR"},{"@type":"Organization","@id":"https:\/\/site-temp.vawlt.io\/#organization","name":"Vawlt","url":"https:\/\/site-temp.vawlt.io\/","logo":{"@type":"ImageObject","inLanguage":"pt-BR","@id":"https:\/\/site-temp.vawlt.io\/#\/schema\/logo\/image\/","url":"http:\/\/vawlt.io\/wp-content\/uploads\/2021\/08\/logo_vawlt_business.png","contentUrl":"http:\/\/vawlt.io\/wp-content\/uploads\/2021\/08\/logo_vawlt_business.png","width":576,"height":92,"caption":"Vawlt"},"image":{"@id":"https:\/\/site-temp.vawlt.io\/#\/schema\/logo\/image\/"},"sameAs":["https:\/\/www.facebook.com\/vawlt","https:\/\/x.com\/vawltio","https:\/\/www.linkedin.com\/company\/vawlt","https:\/\/www.youtube.com\/channel\/UCYzlYYg7j_07CFi8Be0eAMw"]}]}},"_links":{"self":[{"href":"https:\/\/vawlt.io\/br\/wp-json\/wp\/v2\/pages\/788","targetHints":{"allow":["GET"]}}],"collection":[{"href":"https:\/\/vawlt.io\/br\/wp-json\/wp\/v2\/pages"}],"about":[{"href":"https:\/\/vawlt.io\/br\/wp-json\/wp\/v2\/types\/page"}],"author":[{"embeddable":true,"href":"https:\/\/vawlt.io\/br\/wp-json\/wp\/v2\/users\/8"}],"replies":[{"embeddable":true,"href":"https:\/\/vawlt.io\/br\/wp-json\/wp\/v2\/comments?post=788"}],"version-history":[{"count":29,"href":"https:\/\/vawlt.io\/br\/wp-json\/wp\/v2\/pages\/788\/revisions"}],"predecessor-version":[{"id":5637,"href":"https:\/\/vawlt.io\/br\/wp-json\/wp\/v2\/pages\/788\/revisions\/5637"}],"wp:attachment":[{"href":"https:\/\/vawlt.io\/br\/wp-json\/wp\/v2\/media?parent=788"}],"curies":[{"name":"wp","href":"https:\/\/api.w.org\/{rel}","templated":true}]}}