{"id":173,"date":"2021-08-12T09:05:00","date_gmt":"2021-08-12T09:05:00","guid":{"rendered":"http:\/\/vawlt.io\/?page_id=173"},"modified":"2022-05-19T11:05:25","modified_gmt":"2022-05-19T11:05:25","slug":"volume-types","status":"publish","type":"page","link":"https:\/\/vawlt.io\/de\/produkt\/volumes-typen\/","title":{"rendered":"Volumes-Typen"},"content":{"rendered":"<section class=\"section\" id=\"section_1495343\">\n\t\t<div class=\"bg section-bg fill bg-fill  bg-loaded\" >\n\n\t\t\t\n\t\t\t\n\t\t\t\n\n\t\t<\/div>\n\n\t\t<div class=\"section-content relative\">\n\t\t\t\n\n<div class=\"row\"  id=\"row-1878222734\">\n\n\n\t<div id=\"col-563899647\" class=\"col small-12 large-12\"  >\n\t\t\t\t<div class=\"col-inner\"  >\n\t\t\t\n\t\t\t\n\n\t<div id=\"text-1381620758\" class=\"text\">\n\t\t\n\n<h1><strong>Volumes-Typen<\/strong><\/h1>\n\t\t\n<style>\n#text-1381620758 {\n  font-size: 1.6rem;\n  text-align: center;\n}\n<\/style>\n\t<\/div>\n\t\n\t<div id=\"text-3993794643\" class=\"text\">\n\t\t\n\n<p class=\"lead translation-block\">Jeder Datenbestand hat seinen Lebenszyklus. Aus diesem Grund haben wir verschiedene <strong>Volume-Typen<\/strong> f\u00fcr unterschiedliche Verwendungszwecke und Anforderungen entwickelt: <strong>Hot<\/strong>, <strong>Warm<\/strong>, <strong>Immutable<\/strong> und <strong>Archival<\/strong>. Sie k\u00f6nnen auch andere Eigenschaften wie <strong>Speicherkapazit\u00e4t, Downloadkontingent, Schnittstellen und Aufbewahrungsrichtlinien festlegen<\/strong>. Sie k\u00f6nnen sogar die Cloud-Anbieter nach <strong>Marke<\/strong> oder <strong>geografischem Standort<\/strong> ausw\u00e4hlen.<\/p>\n\t\t\n<style>\n#text-3993794643 {\n  font-size: 0.75rem;\n  text-align: center;\n}\n<\/style>\n\t<\/div>\n\t\n\n\t\t<\/div>\n\t\t\t\t\n<style>\n#col-563899647 > .col-inner {\n  padding: 50px 0px 0px 0px;\n}\n@media (min-width:850px) {\n  #col-563899647 > .col-inner {\n    padding: 80px 0px 0px 0px;\n  }\n}\n<\/style>\n\t<\/div>\n\n\t\n\n<\/div>\n\n\t\t<\/div>\n\n\t\t\n<style>\n#section_1495343 {\n  padding-top: 0px;\n  padding-bottom: 0px;\n}\n<\/style>\n\t<\/section>\n\t\n<span class=\"scroll-to\" data-label=\"Scroll to: #hot\" data-bullet=\"false\" data-link=\"#hot\" data-title=\"Hot\"><a name=\"hot\"><\/a><\/span>\n\n\t<section class=\"section\" id=\"section_1763093899\">\n\t\t<div class=\"bg section-bg fill bg-fill  bg-loaded\" >\n\n\t\t\t\n\t\t\t\n\t\t\t\n\n\t\t<\/div>\n\n\t\t<div class=\"section-content relative\">\n\t\t\t\n\n<div class=\"row align-middle\"  id=\"row-1595140296\">\n\n\n\t<div id=\"col-467746091\" class=\"col medium-6 small-12 large-6\"  >\n\t\t\t\t<div class=\"col-inner text-left\"  >\n\t\t\t\n\t\t\t\n\n<h2><strong>Hot Volumes<\/strong><\/h2>\n<p class=\"translation-block\">Optimiert f\u00fcr <strong>wiederkehrende Speicherung und gemeinsame Nutzung<\/strong> (mehrfaches Schreiben, L\u00f6schen und Herunterladen). Dieser Datentr\u00e4gertyp erm\u00f6glicht die <strong>Versionierung<\/strong> von Dateien und hat eine Download-Zeit (f\u00fcr Dateien, die nicht in einem bestimmten Ger\u00e4t zwischengespeichert werden) in der Gr\u00f6\u00dfenordnung von Millisekunden f\u00fcr das erste Byte (TTFB).<\/p>\n<h4>Beispiele f\u00fcr Verwendungen<\/h4>\n<ul>\n<li>Team-Dateien;<\/li>\n<li>Aktive Gerichtsverfahren;<\/li>\n<li>Die Buchhaltungsunterlagen des laufenden Jahres.<\/li>\n<\/ul>\n<a href=\"https:\/\/platform.vawlt.io\/login\" target=\"_self\" class=\"button primary\"  style=\"border-radius:5px;\">\n    <span>Ein Hot-Volume erstellen<\/span>\n  <\/a>\n\n\n\n\t\t<\/div>\n\t\t\t\t\n<style>\n#col-467746091 > .col-inner {\n  padding: 0px 20px 0px 20px;\n}\n@media (min-width:550px) {\n  #col-467746091 > .col-inner {\n    padding: 0px 0px 0px 20px;\n  }\n}\n<\/style>\n\t<\/div>\n\n\t\n\n\t<div id=\"col-618054308\" class=\"col medium-6 small-6 large-6 small-col-first\"  >\n\t\t\t\t<div class=\"col-inner text-center\"  >\n\t\t\t\n\t\t\t\n\n\t<div class=\"img has-hover x md-x lg-x y md-y lg-y\" id=\"image_2138554546\">\n\t\t\t\t<div data-parallax-fade=\"true\" data-parallax=\"1\">\t\t\t\t<div class=\"img-inner dark\" >\n\t\t\t<img loading=\"lazy\" decoding=\"async\" width=\"1\" height=\"1\" src=\"https:\/\/vawlt.io\/wp-content\/uploads\/2021\/08\/solution01.svg\" class=\"attachment-large size-large\" alt=\"\" \/>\t\t\t\t\t\t\n\t\t\t\t\t<\/div>\n\t\t\t\t<\/div>\t\t\t\t\n<style>\n#image_2138554546 {\n  width: 60%;\n}\n<\/style>\n\t<\/div>\n\t\n\n\n\t\t<\/div>\n\t\t\t\t\n<style>\n#col-618054308 > .col-inner {\n  margin: 0px 0px 0px -10px;\n}\n<\/style>\n\t<\/div>\n\n\t\n\n<\/div>\n\n\t\t<\/div>\n\n\t\t\n<style>\n#section_1763093899 {\n  padding-top: 50px;\n  padding-bottom: 50px;\n  background-color: rgb(248, 250, 250);\n}\n@media (min-width:850px) {\n  #section_1763093899 {\n    padding-top: 80px;\n    padding-bottom: 80px;\n  }\n}\n<\/style>\n\t<\/section>\n\t\n<span class=\"scroll-to\" data-label=\"Scroll to: #warm\" data-bullet=\"false\" data-link=\"#warm\" data-title=\"Warm\"><a name=\"warm\"><\/a><\/span>\n\n\t<section class=\"section\" id=\"section_917301999\">\n\t\t<div class=\"bg section-bg fill bg-fill  bg-loaded\" >\n\n\t\t\t\n\t\t\t\n\t\t\t\n\n\t\t<\/div>\n\n\t\t<div class=\"section-content relative\">\n\t\t\t\n\n<div class=\"row align-middle\"  id=\"row-1537454561\">\n\n\n\t<div id=\"col-1449291392\" class=\"col medium-6 small-6 large-6 small-col-first\"  >\n\t\t\t\t<div class=\"col-inner text-center\"  >\n\t\t\t\n\t\t\t\n\n\t<div class=\"img has-hover x md-x lg-x y md-y lg-y\" id=\"image_1331657563\">\n\t\t\t\t<div data-parallax-fade=\"true\" data-parallax=\"1\">\t\t\t\t<div class=\"img-inner dark\" >\n\t\t\t<img loading=\"lazy\" decoding=\"async\" width=\"1\" height=\"1\" src=\"https:\/\/vawlt.io\/wp-content\/uploads\/2021\/10\/solution04.svg\" class=\"attachment-large size-large\" alt=\"\" \/>\t\t\t\t\t\t\n\t\t\t\t\t<\/div>\n\t\t\t\t<\/div>\t\t\t\t\n<style>\n#image_1331657563 {\n  width: 60%;\n}\n<\/style>\n\t<\/div>\n\t\n\n\n\t\t<\/div>\n\t\t\t\t\n<style>\n#col-1449291392 > .col-inner {\n  margin: 0px 0px 0px -10px;\n}\n<\/style>\n\t<\/div>\n\n\t\n\n\t<div id=\"col-2118623704\" class=\"col medium-6 small-12 large-6\"  >\n\t\t\t\t<div class=\"col-inner text-left\"  >\n\t\t\t\n\t\t\t\n\n<h2><strong>Warm Volumes<\/strong><\/h2>\n<p class=\"translation-block\">Optimiert f\u00fcr die Speicherung von <strong>bearbeitbaren Daten, auf die weniger h\u00e4ufig zugegriffen wird<\/strong>. Dieses Volume erlaubt <strong>zwei zeitliche Versionen pro Datei<\/strong> und erstellt jede Version alle 5 Minuten. Dieses Volume ist ideal f\u00fcr die <strong>Integration mit verschiedenen Backup-Diensten<\/strong>, wie Veeam, Arcserve, NetBackup oder RMAN. F\u00fcr jede in diesem Volume-Typ gespeicherte Datei wird eine Mindestspeicherdauer von 30 Tagen berechnet, was bedeutet, dass Vawlt den von dieser Datei belegten Speicherplatz erst nach diesem Zeitraum freigibt, selbst wenn die Datei vorher gel\u00f6scht wird. Die Download-Zeit (f\u00fcr Dateien, die nicht in einem bestimmten Ger\u00e4t zwischengespeichert sind) in der Gr\u00f6\u00dfenordnung von Millisekunden f\u00fcr das erste Byte (TTFB).<\/p>\n<h4>Beispiele f\u00fcr Verwendungen<\/h4>\n<ul>\n<li>Offsite-Backups;<\/li>\n<li>Wiederherstellung im Katastrophenfall.<\/li>\n<\/ul>\n<a href=\"https:\/\/platform.vawlt.io\/login\" target=\"_self\" class=\"button primary\"  style=\"border-radius:5px;\">\n    <span>Ein Warm-Volume erstellen<\/span>\n  <\/a>\n\n\n\n\t\t<\/div>\n\t\t\t\t\n<style>\n#col-2118623704 > .col-inner {\n  padding: 0px 20px 0px 20px;\n}\n@media (min-width:550px) {\n  #col-2118623704 > .col-inner {\n    padding: 0px 20px 0px 0px;\n  }\n}\n<\/style>\n\t<\/div>\n\n\t\n\n<\/div>\n\n\t\t<\/div>\n\n\t\t\n<style>\n#section_917301999 {\n  padding-top: 50px;\n  padding-bottom: 50px;\n}\n@media (min-width:850px) {\n  #section_917301999 {\n    padding-top: 80px;\n    padding-bottom: 80px;\n  }\n}\n<\/style>\n\t<\/section>\n\t\n<span class=\"scroll-to\" data-label=\"Scroll to: #immutable\" data-bullet=\"false\" data-link=\"#immutable\" data-title=\"Immutable\"><a name=\"immutable\"><\/a><\/span>\n\n\t<section class=\"section\" id=\"section_2089723118\">\n\t\t<div class=\"bg section-bg fill bg-fill  bg-loaded\" >\n\n\t\t\t\n\t\t\t\n\t\t\t\n\n\t\t<\/div>\n\n\t\t<div class=\"section-content relative\">\n\t\t\t\n\n<div class=\"row align-middle\"  id=\"row-1637043603\">\n\n\n\t<div id=\"col-1294665004\" class=\"col medium-6 small-12 large-6\"  >\n\t\t\t\t<div class=\"col-inner text-left\"  >\n\t\t\t\n\t\t\t\n\n<h2><strong>Immutable Volumes<\/strong><\/h2>\n<p class=\"translation-block\">Optimiert f\u00fcr Dateien, die bei der Speicherung <strong>nicht ge\u00e4ndert werden m\u00fcssen<\/strong> (einmal schreiben, oft herunterladen). Dieser Datentr\u00e4gertyp <strong>blockiert aktiv die Ausgabe von Dateien<\/strong> durch einen beliebigen Benutzer und ist damit ein starkes <strong>Instrument zur Bek\u00e4mpfung von Ransomware-Angriffen<\/strong>. F\u00fcr jede in diesem Volume-Typ gespeicherte Datei wird eine Mindestspeicherdauer von 30 Tagen berechnet, was bedeutet, dass Vawlt den von dieser Datei belegten Speicherplatz erst nach Ablauf dieses Zeitraums freigibt, selbst wenn die Datei vorher gel\u00f6scht wird. Die Download-Zeit (f\u00fcr Dateien, die nicht auf einem bestimmten Ger\u00e4t zwischengespeichert werden) liegt in der Gr\u00f6\u00dfenordnung von Millisekunden f\u00fcr das erste Byte (TTFB).<\/p>\n<h4>Beispiele f\u00fcr Verwendungen<\/h4>\n<ul>\n<li>Anrufe im Callcenter;<\/li>\n<li>Medizinisches Bildmaterial und Aufzeichnungen;<\/li>\n<li>Statische Dokumente (z. B. unterzeichnete Vertr\u00e4ge).<\/li>\n<\/ul>\n<a href=\"https:\/\/platform.vawlt.io\/login\" target=\"_self\" class=\"button primary\"  style=\"border-radius:5px;\">\n    <span>Ein Immutable-Volume erstellen<\/span>\n  <\/a>\n\n\n\n\t\t<\/div>\n\t\t\t\t\n<style>\n#col-1294665004 > .col-inner {\n  padding: 0px 20px 0px 20px;\n}\n@media (min-width:550px) {\n  #col-1294665004 > .col-inner {\n    padding: 0px 20px 0px 0px;\n  }\n}\n<\/style>\n\t<\/div>\n\n\t\n\n\t<div id=\"col-1831438852\" class=\"col medium-6 small-6 large-6 small-col-first\"  >\n\t\t\t\t<div class=\"col-inner text-center\"  >\n\t\t\t\n\t\t\t\n\n\t<div class=\"img has-hover x md-x lg-x y md-y lg-y\" id=\"image_1237359424\">\n\t\t\t\t<div data-parallax-fade=\"true\" data-parallax=\"1\">\t\t\t\t<div class=\"img-inner dark\" >\n\t\t\t<img loading=\"lazy\" decoding=\"async\" width=\"1\" height=\"1\" src=\"https:\/\/vawlt.io\/wp-content\/uploads\/2021\/08\/solution02.svg\" class=\"attachment-large size-large\" alt=\"\" \/>\t\t\t\t\t\t\n\t\t\t\t\t<\/div>\n\t\t\t\t<\/div>\t\t\t\t\n<style>\n#image_1237359424 {\n  width: 60%;\n}\n<\/style>\n\t<\/div>\n\t\n\n\n\t\t<\/div>\n\t\t\t\t\n<style>\n#col-1831438852 > .col-inner {\n  margin: 0px 0px 0px -10px;\n}\n<\/style>\n\t<\/div>\n\n\t\n\n<\/div>\n\n\t\t<\/div>\n\n\t\t\n<style>\n#section_2089723118 {\n  padding-top: 50px;\n  padding-bottom: 50px;\n  background-color: rgb(248, 250, 250);\n}\n@media (min-width:850px) {\n  #section_2089723118 {\n    padding-top: 80px;\n    padding-bottom: 80px;\n  }\n}\n<\/style>\n\t<\/section>\n\t\n<span class=\"scroll-to\" data-label=\"Scroll to: #archival\" data-bullet=\"false\" data-link=\"#archival\" data-title=\"Archival\"><a name=\"archival\"><\/a><\/span>\n\n\t<section class=\"section\" id=\"section_686530849\">\n\t\t<div class=\"bg section-bg fill bg-fill  bg-loaded\" >\n\n\t\t\t\n\t\t\t\n\t\t\t\n\n\t\t<\/div>\n\n\t\t<div class=\"section-content relative\">\n\t\t\t\n\n<div class=\"row align-middle\"  id=\"row-810116868\">\n\n\n\t<div id=\"col-17256813\" class=\"col medium-6 small-6 large-6 small-col-first\"  >\n\t\t\t\t<div class=\"col-inner text-center\"  >\n\t\t\t\n\t\t\t\n\n\t<div class=\"img has-hover x md-x lg-x y md-y lg-y\" id=\"image_1615485031\">\n\t\t\t\t<div data-parallax-fade=\"true\" data-parallax=\"1\">\t\t\t\t<div class=\"img-inner dark\" >\n\t\t\t<img loading=\"lazy\" decoding=\"async\" width=\"1\" height=\"1\" src=\"https:\/\/vawlt.io\/wp-content\/uploads\/2021\/08\/solution03.svg\" class=\"attachment-large size-large\" alt=\"\" \/>\t\t\t\t\t\t\n\t\t\t\t\t<\/div>\n\t\t\t\t<\/div>\t\t\t\t\n<style>\n#image_1615485031 {\n  width: 60%;\n}\n<\/style>\n\t<\/div>\n\t\n\n\n\t\t<\/div>\n\t\t\t\t\n<style>\n#col-17256813 > .col-inner {\n  margin: 0px 0px 0px -10px;\n}\n<\/style>\n\t<\/div>\n\n\t\n\n\t<div id=\"col-758360783\" class=\"col medium-6 small-12 large-6\"  >\n\t\t\t\t<div class=\"col-inner text-left\"  >\n\t\t\t\n\t\t\t\n\n<h2><strong>Archival Volumes<\/strong><\/h2>\n<p class=\"translation-block\">Optimiert f\u00fcr Dateien, die \u00fcber <strong>lange Zeitr\u00e4ume gespeichert und nur selten gelesen<\/strong> werden (einmaliges Schreiben, unwahrscheinlich, dass sie gelesen werden). F\u00fcr jede in diesem Volume-Typ gespeicherte Datei wird eine Mindestspeicherdauer von 180 Tagen berechnet, was bedeutet, dass Vawlt den von dieser Datei belegten Speicherplatz erst nach diesem Zeitraum freigibt, selbst wenn die Datei vorher gel\u00f6scht wird. Dateien, die in diesem Volume-Typ gespeichert sind, sind <strong>offline<\/strong> und daher muss vor dem Lesen von Dateien, die nicht in einem bestimmten Ger\u00e4t zwischengespeichert sind, ein Abrufvorgang erfolgen. Bei diesen Dateien kann das Herunterladen bis zu 5 Stunden dauern, nachdem ein Fetch-Vorgang durchgef\u00fchrt wurde.<\/p>\n<h4>Beispiele f\u00fcr Verwendungen<\/h4>\n<ul>\n<li>Protokolle von Switches, Firewalls usw;<\/li>\n<li>Abgeschlossene Gerichtsverfahren;<\/li>\n<li>Die Buchhaltungsunterlagen der vergangenen Jahre.<\/li>\n<\/ul>\n<a href=\"https:\/\/platform.vawlt.io\/login\" target=\"_self\" class=\"button primary\"  style=\"border-radius:5px;\">\n    <span>Ein Archival-Volume erstellen<\/span>\n  <\/a>\n\n\n\n\t\t<\/div>\n\t\t\t\t\n<style>\n#col-758360783 > .col-inner {\n  padding: 0px 20px 0px 20px;\n}\n@media (min-width:550px) {\n  #col-758360783 > .col-inner {\n    padding: 0px 0px 0px 20px;\n  }\n}\n<\/style>\n\t<\/div>\n\n\t\n\n<\/div>\n\n\t\t<\/div>\n\n\t\t\n<style>\n#section_686530849 {\n  padding-top: 50px;\n  padding-bottom: 50px;\n}\n@media (min-width:850px) {\n  #section_686530849 {\n    padding-top: 80px;\n    padding-bottom: 80px;\n  }\n}\n<\/style>\n\t<\/section>\n\t\n\t<section class=\"section\" id=\"section_2007598773\">\n\t\t<div class=\"bg section-bg fill bg-fill  bg-loaded\" >\n\n\t\t\t\n\t\t\t\n\t\t\t\n\n\t\t<\/div>\n\n\t\t<div class=\"section-content relative\">\n\t\t\t\n\n<div class=\"row\"  id=\"row-1854246255\">\n\n\n\t<div id=\"col-1960470348\" class=\"col small-12 large-12\"  >\n\t\t\t\t<div class=\"col-inner text-center\"  >\n\t\t\t\n\t\t\t\n\n\t<div id=\"text-925745862\" class=\"text\">\n\t\t\n\n<h2><strong>Eine einzige L\u00f6sung f\u00fcr Ihren Datenlebenszyklus<\/strong><\/h2>\n\t\t\n<style>\n#text-925745862 {\n  font-size: 1.6rem;\n  text-align: center;\n}\n<\/style>\n\t<\/div>\n\t\n\t<div id=\"gap-849546693\" class=\"gap-element clearfix\" style=\"display:block; height:auto;\">\n\t\t\n<style>\n#gap-849546693 {\n  padding-top: 30px;\n}\n<\/style>\n\t<\/div>\n\t\n\n\t<div class=\"img has-hover x md-x lg-x y md-y lg-y\" id=\"image_1049446876\">\n\t\t\t\t\t\t\t\t<div class=\"img-inner dark\" >\n\t\t\t<img loading=\"lazy\" decoding=\"async\" width=\"1\" height=\"1\" src=\"https:\/\/vawlt.io\/wp-content\/uploads\/2021\/08\/type_volumes01.svg\" class=\"attachment-large size-large\" alt=\"\" \/>\t\t\t\t\t\t\n\t\t\t\t\t<\/div>\n\t\t\t\t\t\t\t\t\n<style>\n#image_1049446876 {\n  width: 100%;\n}\n@media (min-width:550px) {\n  #image_1049446876 {\n    width: 80%;\n  }\n}\n<\/style>\n\t<\/div>\n\t\n\n\n\t\t<\/div>\n\t\t\t\t\t<\/div>\n\n\t\n\n<\/div>\n\n\t\t<\/div>\n\n\t\t\n<style>\n#section_2007598773 {\n  padding-top: 50px;\n  padding-bottom: 50px;\n  background-color: rgb(244, 247, 249);\n}\n@media (min-width:850px) {\n  #section_2007598773 {\n    padding-top: 80px;\n    padding-bottom: 80px;\n  }\n}\n<\/style>\n\t<\/section>\n\t\n\t<section class=\"section\" id=\"section_1715225431\">\n\t\t<div class=\"bg section-bg fill bg-fill  bg-loaded\" >\n\n\t\t\t\n\t\t\t\n\t\t\t\n\n\t\t<\/div>\n\n\t\t<div class=\"section-content relative\">\n\t\t\t\n\n<div class=\"row\"  id=\"row-455293222\">\n\n\n\t<div id=\"col-867667588\" class=\"col small-12 large-12\"  >\n\t\t\t\t<div class=\"col-inner text-center\"  >\n\t\t\t\n\t\t\t\n\n\t<div id=\"text-4045938142\" class=\"text\">\n\t\t\n\n<h2><strong>Entdecken Sie die technischen Spezifikationen<\/strong><\/h2>\n\t\t\n<style>\n#text-4045938142 {\n  font-size: 1.6rem;\n  text-align: center;\n}\n<\/style>\n\t<\/div>\n\t\n\n\t\t<\/div>\n\t\t\t\t\t<\/div>\n\n\t\n\n<\/div>\n<div class=\"row\"  id=\"row-1770510919\">\n\n\n\t<div id=\"col-641331510\" class=\"col small-12 large-12\"  >\n\t\t\t\t<div class=\"col-inner\"  >\n\t\t\t\n\t\t\t\n\n\t<div id=\"text-1743526250\" class=\"text\">\n\t\t\n\n<table class=\"compare table table-striped\"><thead class=\"thead-inverse\"><tr><th class=\"w-25\"><\/th><th class=\"\">Hot<\/th><th class=\"\">Warm<\/th><th class=\"\">Immutable<\/th><th class=\"\">Archival<\/th><\/tr><\/thead><tbody><tr><td class=\"w-25 option\">Mindestlagerdauer<\/td><td class=\"\">N.A<\/td><td class=\"\">30 Tage<\/td><td class=\"\">30 Tage<\/td><td class=\"\">180 Tage<\/td><\/tr><tr><td class=\"option\">Versionierung<\/td><td>Ja<\/td><td>Ja<\/td><td>Nein<\/td><td>Nein<\/td><\/tr><tr><td class=\"option\">Downloadzeit (erstes Byte)<\/td><td>Millisekunde<\/td><td>Millisekunde<\/td><td>Millisekunde<\/td><td>bis zu 5 Stunden<\/td><\/tr><\/tbody><\/table>\n\t\t\n<style>\n#text-1743526250 {\n  font-size: 0.75rem;\n}\n<\/style>\n\t<\/div>\n\t\n\n\t\t<\/div>\n\t\t\t\t\n<style>\n#col-641331510 > .col-inner {\n  padding: 0px 0px 0px 0px;\n}\n@media (min-width:550px) {\n  #col-641331510 > .col-inner {\n    padding: 0px 20px 0px 20px;\n  }\n}\n<\/style>\n\t<\/div>\n\n\t\n\n<\/div>\n\n\t\t<\/div>\n\n\t\t\n<style>\n#section_1715225431 {\n  padding-top: 50px;\n  padding-bottom: 50px;\n  background-color: rgb(255, 255, 255);\n}\n@media (min-width:850px) {\n  #section_1715225431 {\n    padding-top: 80px;\n    padding-bottom: 80px;\n  }\n}\n<\/style>\n\t<\/section>\n\t\n\t<section class=\"section\" id=\"section_991951431\">\n\t\t<div class=\"bg section-bg fill bg-fill  bg-loaded\" >\n\n\t\t\t\n\t\t\t\n\t\t\t\n\n\t\t<\/div>\n\n\t\t<div class=\"section-content relative\">\n\t\t\t\n\n<div class=\"row row-collapse\"  id=\"row-355750647\">\n\n\n\t<div id=\"col-852307959\" class=\"col small-12 large-12\"  >\n\t\t\t\t<div class=\"col-inner text-center\"  >\n\t\t\t\n\t\t\t\n\n\t<div id=\"text-3210246518\" class=\"text\">\n\t\t\n\n<h3><strong>Zugriffskontrolle<\/strong><\/h3>\n\t\t\n<style>\n#text-3210246518 {\n  color: rgb(48, 100, 137);\n}\n#text-3210246518 > * {\n  color: rgb(48, 100, 137);\n}\n<\/style>\n\t<\/div>\n\t\n<a href=\"\/de\/produkt\/zugriffskontrolle\/\" target=\"_self\" class=\"button primary is-link\"  >\n    <span>Zugriffskontrolle entdecken<\/span>\n  <i class=\"icon-angle-right\" ><\/i><\/a>\n\n\n\n\t\t<\/div>\n\t\t\t\t\t<\/div>\n\n\t\n\n<\/div>\n\n\t\t<\/div>\n\n\t\t\n<style>\n#section_991951431 {\n  padding-top: 50px;\n  padding-bottom: 50px;\n  background-color: rgb(244, 247, 249);\n}\n@media (min-width:850px) {\n  #section_991951431 {\n    padding-top: 80px;\n    padding-bottom: 80px;\n  }\n}\n<\/style>\n\t<\/section>","protected":false},"excerpt":{"rendered":"","protected":false},"author":8,"featured_media":0,"parent":36,"menu_order":2,"comment_status":"closed","ping_status":"closed","template":"page-blank.php","meta":{"footnotes":""},"class_list":["post-173","page","type-page","status-publish","hentry"],"yoast_head":"<!-- This site is optimized with the Yoast SEO plugin v26.2 - https:\/\/yoast.com\/wordpress\/plugins\/seo\/ -->\n<title>Volume Types: Hot, Warm, Immutable, Archival | Multicloud Storage | Vawlt<\/title>\n<meta name=\"description\" content=\"Vawlt adapts to your needs: define storage capacity, download quota, interfaces and retention policies to your data volumes, or by brand and location.\" \/>\n<meta name=\"robots\" content=\"index, follow, max-snippet:-1, max-image-preview:large, max-video-preview:-1\" \/>\n<link rel=\"canonical\" href=\"https:\/\/site-temp.vawlt.io\/product\/volume-types\/\" \/>\n<meta property=\"og:locale\" content=\"de_DE\" \/>\n<meta property=\"og:type\" content=\"article\" \/>\n<meta property=\"og:title\" content=\"Volume Types: Hot, Warm, Immutable, Archival | Multicloud Storage | Vawlt\" \/>\n<meta property=\"og:description\" content=\"Vawlt adapts to your needs: define storage capacity, download quota, interfaces and retention policies to your data volumes, or by brand and location.\" \/>\n<meta property=\"og:url\" content=\"https:\/\/site-temp.vawlt.io\/product\/volume-types\/\" \/>\n<meta property=\"og:site_name\" content=\"Vawlt\" \/>\n<meta property=\"article:publisher\" content=\"https:\/\/www.facebook.com\/vawlt\" \/>\n<meta property=\"article:modified_time\" content=\"2022-05-19T11:05:25+00:00\" \/>\n<meta property=\"og:image\" content=\"https:\/\/vawlt.io\/wp-content\/uploads\/2021\/09\/mockup.png\" \/>\n\t<meta property=\"og:image:width\" content=\"500\" \/>\n\t<meta property=\"og:image:height\" content=\"256\" \/>\n\t<meta property=\"og:image:type\" content=\"image\/png\" \/>\n<meta name=\"twitter:card\" content=\"summary_large_image\" \/>\n<meta name=\"twitter:site\" content=\"@vawltio\" \/>\n<meta name=\"twitter:label1\" content=\"Gesch\u00e4tzte Lesezeit\" \/>\n\t<meta name=\"twitter:data1\" content=\"4\u00a0Minuten\" \/>\n<!-- \/ Yoast SEO plugin. -->","yoast_head_json":{"title":"Volume-Typen: Hot, Warm, Immutable, Archival | Multicloud-Speicher | Vawlt","description":"Vawlt passt sich Ihren Bed\u00fcrfnissen an: Definieren Sie Speicherkapazit\u00e4t, Downloadkontingente, Schnittstellen und Aufbewahrungsrichtlinien f\u00fcr Ihre Datenmengen oder nach Marke und Standort.","robots":{"index":"index","follow":"follow","max-snippet":"max-snippet:-1","max-image-preview":"max-image-preview:large","max-video-preview":"max-video-preview:-1"},"canonical":"https:\/\/site-temp.vawlt.io\/product\/volume-types\/","og_locale":"de_DE","og_type":"article","og_title":"Volume Types: Hot, Warm, Immutable, Archival | Multicloud Storage | Vawlt","og_description":"Vawlt adapts to your needs: define storage capacity, download quota, interfaces and retention policies to your data volumes, or by brand and location.","og_url":"https:\/\/site-temp.vawlt.io\/product\/volume-types\/","og_site_name":"Vawlt","article_publisher":"https:\/\/www.facebook.com\/vawlt","article_modified_time":"2022-05-19T11:05:25+00:00","og_image":[{"width":500,"height":256,"url":"https:\/\/vawlt.io\/wp-content\/uploads\/2021\/09\/mockup.png","type":"image\/png"}],"twitter_card":"summary_large_image","twitter_site":"@vawltio","twitter_misc":{"Gesch\u00e4tzte Lesezeit":"4\u00a0Minuten"},"schema":{"@context":"https:\/\/schema.org","@graph":[{"@type":"WebPage","@id":"https:\/\/site-temp.vawlt.io\/product\/volume-types\/","url":"https:\/\/site-temp.vawlt.io\/product\/volume-types\/","name":"Volume-Typen: Hot, Warm, Immutable, Archival | Multicloud-Speicher | Vawlt","isPartOf":{"@id":"https:\/\/site-temp.vawlt.io\/#website"},"datePublished":"2021-08-12T09:05:00+00:00","dateModified":"2022-05-19T11:05:25+00:00","description":"Vawlt passt sich Ihren Bed\u00fcrfnissen an: Definieren Sie Speicherkapazit\u00e4t, Downloadkontingente, Schnittstellen und Aufbewahrungsrichtlinien f\u00fcr Ihre Datenmengen oder nach Marke und Standort.","breadcrumb":{"@id":"https:\/\/site-temp.vawlt.io\/product\/volume-types\/#breadcrumb"},"inLanguage":"de","potentialAction":[{"@type":"ReadAction","target":["https:\/\/site-temp.vawlt.io\/product\/volume-types\/"]}]},{"@type":"BreadcrumbList","@id":"https:\/\/site-temp.vawlt.io\/product\/volume-types\/#breadcrumb","itemListElement":[{"@type":"ListItem","position":1,"name":"Home","item":"https:\/\/vawlt.io\/"},{"@type":"ListItem","position":2,"name":"Product","item":"https:\/\/site-temp.vawlt.io\/product\/"},{"@type":"ListItem","position":3,"name":"Volume Types"}]},{"@type":"WebSite","@id":"https:\/\/site-temp.vawlt.io\/#website","url":"https:\/\/site-temp.vawlt.io\/","name":"Vawlt","description":"Multicloud-Datenspeicherl\u00f6sung, die den \u00dcbergang zur Cloud vereinfacht, die Sicherheitsstandards verbessert und die Nutzung von Speicherressourcen optimiert.","publisher":{"@id":"https:\/\/site-temp.vawlt.io\/#organization"},"potentialAction":[{"@type":"SearchAction","target":{"@type":"EntryPoint","urlTemplate":"https:\/\/site-temp.vawlt.io\/?s={search_term_string}"},"query-input":{"@type":"PropertyValueSpecification","valueRequired":true,"valueName":"search_term_string"}}],"inLanguage":"de"},{"@type":"Organization","@id":"https:\/\/site-temp.vawlt.io\/#organization","name":"Vawlt","url":"https:\/\/site-temp.vawlt.io\/","logo":{"@type":"ImageObject","inLanguage":"de","@id":"https:\/\/site-temp.vawlt.io\/#\/schema\/logo\/image\/","url":"http:\/\/vawlt.io\/wp-content\/uploads\/2021\/08\/logo_vawlt_business.png","contentUrl":"http:\/\/vawlt.io\/wp-content\/uploads\/2021\/08\/logo_vawlt_business.png","width":576,"height":92,"caption":"Vawlt"},"image":{"@id":"https:\/\/site-temp.vawlt.io\/#\/schema\/logo\/image\/"},"sameAs":["https:\/\/www.facebook.com\/vawlt","https:\/\/x.com\/vawltio","https:\/\/www.linkedin.com\/company\/vawlt","https:\/\/www.youtube.com\/channel\/UCYzlYYg7j_07CFi8Be0eAMw"]}]}},"_links":{"self":[{"href":"https:\/\/vawlt.io\/de\/wp-json\/wp\/v2\/pages\/173","targetHints":{"allow":["GET"]}}],"collection":[{"href":"https:\/\/vawlt.io\/de\/wp-json\/wp\/v2\/pages"}],"about":[{"href":"https:\/\/vawlt.io\/de\/wp-json\/wp\/v2\/types\/page"}],"author":[{"embeddable":true,"href":"https:\/\/vawlt.io\/de\/wp-json\/wp\/v2\/users\/8"}],"replies":[{"embeddable":true,"href":"https:\/\/vawlt.io\/de\/wp-json\/wp\/v2\/comments?post=173"}],"version-history":[{"count":45,"href":"https:\/\/vawlt.io\/de\/wp-json\/wp\/v2\/pages\/173\/revisions"}],"predecessor-version":[{"id":5629,"href":"https:\/\/vawlt.io\/de\/wp-json\/wp\/v2\/pages\/173\/revisions\/5629"}],"up":[{"embeddable":true,"href":"https:\/\/vawlt.io\/de\/wp-json\/wp\/v2\/pages\/36"}],"wp:attachment":[{"href":"https:\/\/vawlt.io\/de\/wp-json\/wp\/v2\/media?parent=173"}],"curies":[{"name":"wp","href":"https:\/\/api.w.org\/{rel}","templated":true}]}}