{"id":1943,"date":"2021-09-01T14:11:36","date_gmt":"2021-09-01T14:11:36","guid":{"rendered":"http:\/\/vawlt.io\/?page_id=1943"},"modified":"2022-03-04T17:17:46","modified_gmt":"2022-03-04T17:17:46","slug":"service-providers","status":"publish","type":"page","link":"https:\/\/vawlt.io\/de\/partner\/anbieter-von-dienstleistungen\/","title":{"rendered":"Anbieter von Dienstleistungen"},"content":{"rendered":"<section class=\"section has-parallax\" id=\"section_2070472207\">\n\t\t<div class=\"bg section-bg fill bg-fill\" data-parallax-container=\".section\" data-parallax-background data-parallax=\"-2\">\n\n\t\t\t\n\t\t\t\n\t\t\t\n\n\t\t<\/div>\n\n\t\t<div class=\"section-content relative\">\n\t\t\t\n\n<div class=\"row\"  id=\"row-281098900\">\n\n\n\t<div id=\"col-665819826\" class=\"col medium-6 small-12 large-6\"  >\n\t\t\t\t<div class=\"col-inner dark\"  >\n\t\t\t\n\t\t\t\n\n\t<div id=\"text-702161235\" class=\"text\">\n\t\t\n\n<h1><strong>Anbieter von Dienstleistungen\n<\/strong><\/h1>\n\t\t\n<style>\n#text-702161235 {\n  font-size: 1.95rem;\n}\n<\/style>\n\t<\/div>\n\t\n\t<div id=\"text-1132439357\" class=\"text\">\n\t\t\n\n<p>Entwickeln Sie neue, datenschutzfreundliche Produkte auf Basis von Vawlt. Bleiben Sie auf dem Weg in die \u00f6ffentliche Cloud nahe bei Ihren Kunden und nutzen Sie gleichzeitig Ihre eigenen Rechenzentren. Positionieren Sie Ihre Cloud-Speicherangebote neben f\u00fchrenden Cloud-Anbietern, anstatt mit ihnen zu konkurrieren.<\/p>\n\t\t\n<style>\n#text-1132439357 {\n  font-size: 1.25rem;\n}\n<\/style>\n\t<\/div>\n\t\n\n\t\t<\/div>\n\t\t\t\t\n<style>\n#col-665819826 > .col-inner {\n  padding: 30px 20px 0px 20px;\n}\n@media (min-width:550px) {\n  #col-665819826 > .col-inner {\n    padding: 25px 0px 0px 20px;\n  }\n}\n@media (min-width:850px) {\n  #col-665819826 > .col-inner {\n    padding: 25px 0px 0px 0px;\n  }\n}\n<\/style>\n\t<\/div>\n\n\t\n\n<\/div>\n\n\t\t<\/div>\n\n\t\t\n<style>\n#section_2070472207 {\n  padding-top: 30px;\n  padding-bottom: 30px;\n  min-height: 60vh;\n}\n#section_2070472207 .section-bg.bg-loaded {\n  background-image: url(https:\/\/vawlt.io\/wp-content\/uploads\/2021\/08\/telco.svg);\n}\n#section_2070472207 .section-bg {\n  background-position: 71% 44%;\n}\n<\/style>\n\t<\/section>\n\t\n\t<section class=\"section\" id=\"section_1292097890\">\n\t\t<div class=\"bg section-bg fill bg-fill  bg-loaded\" >\n\n\t\t\t\n\t\t\t\n\t\t\t\n\n\t\t<\/div>\n\n\t\t<div class=\"section-content relative\">\n\t\t\t\n\n<div class=\"row\"  id=\"row-175053255\">\n\n\n\t<div id=\"col-2139539019\" class=\"col medium-4 small-12 large-4\"  data-animate=\"fadeInUp\">\n\t\t\t\t<div class=\"col-inner\"  >\n\t\t\t\n\t\t\t\n\n\t<div class=\"img has-hover x md-x lg-x y md-y lg-y\" id=\"image_919660206\">\n\t\t\t\t\t\t\t\t<div class=\"img-inner dark\" >\n\t\t\t<img loading=\"lazy\" decoding=\"async\" width=\"1\" height=\"1\" src=\"https:\/\/vawlt.io\/wp-content\/uploads\/2021\/08\/graph01.svg\" class=\"attachment-large size-large\" alt=\"\" \/>\t\t\t\t\t\t\n\t\t\t\t\t<\/div>\n\t\t\t\t\t\t\t\t\n<style>\n#image_919660206 {\n  width: 10%;\n}\n@media (min-width:550px) {\n  #image_919660206 {\n    width: 15%;\n  }\n}\n<\/style>\n\t<\/div>\n\t\n\n<h3>Datenkontrolle und Sicherheit<\/h3><p>Vawlt ist ein One-Stop-Shop, der mehrere Speicherebenen f\u00fcr unterschiedliche Marktchancen bietet, mit einer Datensicherheitsebene, die auf dem Markt einzigartig ist. Eine L\u00f6sung, die das wichtigste Gut in einer digitalen Welt sch\u00fctzt - Daten.<\/p>\n\n\t\t<\/div>\n\t\t\t\t\n<style>\n#col-2139539019 > .col-inner {\n  padding: 25px 20px 0px 20px;\n}\n@media (min-width:550px) {\n  #col-2139539019 > .col-inner {\n    padding: 25px 0px 0px 20px;\n  }\n}\n@media (min-width:850px) {\n  #col-2139539019 > .col-inner {\n    padding: 25px 0px 0px 0px;\n  }\n}\n<\/style>\n\t<\/div>\n\n\t\n\n\t<div id=\"col-2020129\" class=\"col medium-4 small-12 large-4\"  data-animate=\"fadeInUp\">\n\t\t\t\t<div class=\"col-inner\"  >\n\t\t\t\n\t\t\t\n\n\t<div class=\"img has-hover x md-x lg-x y md-y lg-y\" id=\"image_2090428290\">\n\t\t\t\t\t\t\t\t<div class=\"img-inner dark\" >\n\t\t\t<img loading=\"lazy\" decoding=\"async\" width=\"1\" height=\"1\" src=\"https:\/\/vawlt.io\/wp-content\/uploads\/2021\/08\/graph02.svg\" class=\"attachment-large size-large\" alt=\"\" \/>\t\t\t\t\t\t\n\t\t\t\t\t<\/div>\n\t\t\t\t\t\t\t\t\n<style>\n#image_2090428290 {\n  width: 10%;\n}\n@media (min-width:550px) {\n  #image_2090428290 {\n    width: 15%;\n  }\n}\n<\/style>\n\t<\/div>\n\t\n\n<h3>Schutz vor Ransomware<\/h3><p>Ransomware-Angriffe sind eine immer wiederkehrende Bedrohung, die dazu f\u00fchrt, dass Unternehmen viel Geld f\u00fcr den Wiederaufbau und die Reparatur ihrer Infrastrukturen ausgeben m\u00fcssen. Vawlt bietet eine zus\u00e4tzliche Schutzschicht gegen Ransomware f\u00fcr jeden von Ihnen gew\u00e4hlten Datentr\u00e4gertyp.<\/p>\n\n\t\t<\/div>\n\t\t\t\t\n<style>\n#col-2020129 > .col-inner {\n  padding: 0px 20px 0px 20px;\n}\n@media (min-width:550px) {\n  #col-2020129 > .col-inner {\n    padding: 25px 0px 0px 0px;\n  }\n}\n@media (min-width:850px) {\n  #col-2020129 > .col-inner {\n    padding: 25px 0px 0px 0px;\n  }\n}\n<\/style>\n\t<\/div>\n\n\t\n\n\t<div id=\"col-584160928\" class=\"col medium-4 small-12 large-4\"  data-animate=\"fadeInUp\">\n\t\t\t\t<div class=\"col-inner\"  >\n\t\t\t\n\t\t\t\n\n\t<div class=\"img has-hover x md-x lg-x y md-y lg-y\" id=\"image_1557526312\">\n\t\t\t\t\t\t\t\t<div class=\"img-inner dark\" >\n\t\t\t<img loading=\"lazy\" decoding=\"async\" width=\"1\" height=\"1\" src=\"https:\/\/vawlt.io\/wp-content\/uploads\/2021\/08\/graph03.svg\" class=\"attachment-large size-large\" alt=\"\" \/>\t\t\t\t\t\t\n\t\t\t\t\t<\/div>\n\t\t\t\t\t\t\t\t\n<style>\n#image_1557526312 {\n  width: 10%;\n}\n@media (min-width:550px) {\n  #image_1557526312 {\n    width: 15%;\n  }\n}\n<\/style>\n\t<\/div>\n\t\n\n<h3>Veraltete IT-Infrastruktur\n<\/h3><p>Optimieren Sie Ihre Leistung und nutzen Sie Ihre IT-Struktur. Die Schnittstellen von Vawlt erm\u00f6glichen auch die Ausf\u00fchrung von Legacy-Anwendungen in der Cloud, sodass Sie einen reibungslosen \u00dcbergang zu einer Multi-Cloud-L\u00f6sung haben, ohne Ihre Infrastruktur zu \u00e4ndern.<\/p>\n\n\t\t<\/div>\n\t\t\t\t\n<style>\n#col-584160928 > .col-inner {\n  padding: 0px 20px 0px 20px;\n}\n@media (min-width:550px) {\n  #col-584160928 > .col-inner {\n    padding: 25px 20px 0px 0px;\n  }\n}\n@media (min-width:850px) {\n  #col-584160928 > .col-inner {\n    padding: 25px 0px 0px 0px;\n  }\n}\n<\/style>\n\t<\/div>\n\n\t\n\n<\/div>\n\n\t\t<\/div>\n\n\t\t\n<style>\n#section_1292097890 {\n  padding-top: 50px;\n  padding-bottom: 50px;\n  background-color: rgb(248, 249, 250);\n}\n<\/style>\n\t<\/section>\n\t\n\t<section class=\"section\" id=\"section_1196639713\">\n\t\t<div class=\"bg section-bg fill bg-fill  bg-loaded\" >\n\n\t\t\t\n\t\t\t\n\t\t\t\n\n\t\t<\/div>\n\n\t\t<div class=\"section-content relative\">\n\t\t\t\n\n<div class=\"row\"  id=\"row-1996329371\">\n\n\n\t<div id=\"col-2141511375\" class=\"col small-12 large-12\"  >\n\t\t\t\t<div class=\"col-inner\"  >\n\t\t\t\n\t\t\t\n\n\t<div id=\"text-3418075910\" class=\"text\">\n\t\t\n\n<h2><strong>Anwendungsf\u00e4lle<\/strong><\/h2>\n\t\t\n<style>\n#text-3418075910 {\n  font-size: 1.6rem;\n  line-height: 2.2;\n  text-align: center;\n}\n<\/style>\n\t<\/div>\n\t\n\n\t\t<\/div>\n\t\t\t\t\t<\/div>\n\n\t\n\n<\/div>\n<div class=\"row align-equal\"  id=\"row-559582432\">\n\n\n\t<div id=\"col-74012155\" class=\"col medium-6 small-12 large-6\"  >\n\t\t\t\t<div class=\"col-inner box-shadow-2\"  >\n\t\t\t\n\t\t\t\n\n<div class=\"row row-collapse\"  id=\"row-95962667\">\n\n\n\t<div id=\"col-530428915\" class=\"col blue-gradient small-12 large-12\"  >\n\t\t\t\t<div class=\"col-inner dark\"  >\n\t\t\t\n\t\t\t\n\n<h3><strong>Freisetzung von Ressourcen aus der Infrastruktur\n<\/strong><\/h3>\n\n\t\t<\/div>\n\t\t\t\t\n<style>\n#col-530428915 > .col-inner {\n  padding: 20px 0px 10px 20px;\n}\n<\/style>\n\t<\/div>\n\n\t\n\n\t<div id=\"col-149572117\" class=\"col small-12 large-12\"  >\n\t\t\t\t<div class=\"col-inner\"  >\n\t\t\t\n\t\t\t\n\n<p>Mit Vawlt k\u00f6nnen Sie Ihre Infrastruktur entlasten, indem Sie unver\u00e4nderliche oder archivierte Daten in eine Multicloud-L\u00f6sung verlagern, die von vornherein sicher und kosteng\u00fcnstiger ist.<\/p>\n\t<div id=\"gap-1686636675\" class=\"gap-element clearfix\" style=\"display:block; height:auto;\">\n\t\t\n<style>\n#gap-1686636675 {\n  padding-top: 0px;\n}\n@media (min-width:550px) {\n  #gap-1686636675 {\n    padding-top: 25px;\n  }\n}\n<\/style>\n\t<\/div>\n\t\n\n<a href=\"\/de\/losungen\/anwendungsfalle\/freisetzung-von-ressourcen-aus-der-infrastruktur\/\" target=\"_self\" class=\"button primary is-link\"  >\n    <span>Mehr lesen<\/span>\n  <i class=\"icon-angle-right\" ><\/i><\/a>\n\n\n\n\t\t<\/div>\n\t\t\t\t\n<style>\n#col-149572117 > .col-inner {\n  padding: 20px 20px 0px 20px;\n}\n<\/style>\n\t<\/div>\n\n\t\n\n<\/div>\n\n\t\t<\/div>\n\t\t\t\t\t<\/div>\n\n\t\n\n\t<div id=\"col-648105869\" class=\"col medium-6 small-12 large-6\"  >\n\t\t\t\t<div class=\"col-inner box-shadow-2\"  >\n\t\t\t\n\t\t\t\n\n<div class=\"row row-collapse\"  id=\"row-1014538928\">\n\n\n\t<div id=\"col-1620907740\" class=\"col blue-gradient small-12 large-12\"  >\n\t\t\t\t<div class=\"col-inner dark\"  >\n\t\t\t\n\t\t\t\n\n<h3><strong>Offsite-Sicherung und Notfallwiederherstellung\n<\/strong><\/h3>\n\n\t\t<\/div>\n\t\t\t\t\n<style>\n#col-1620907740 > .col-inner {\n  padding: 20px 0px 10px 20px;\n}\n<\/style>\n\t<\/div>\n\n\t\n\n\t<div id=\"col-1486587902\" class=\"col small-12 large-12\"  >\n\t\t\t\t<div class=\"col-inner\"  >\n\t\t\t\n\t\t\t\n\n<p>Wiederherstellung des Benutzerzugriffs auf Dateien direkt nach einem Systemausfall. Vawlt erm\u00f6glicht es, Dateien und Ordner in Ihrem Dateisystem schnell wiederherzustellen und aus der Multicloud-L\u00f6sung wiederherzustellen, indem es eine umfassende Suche in Ihren Volumes erm\u00f6glicht.<\/p>\n<a href=\"\/de\/losungen\/anwendungsfalle\/offsite-sicherung-und-notfallwiederherstellung\/\" target=\"_self\" class=\"button primary is-link\"  >\n    <span>Mehr lesen<\/span>\n  <i class=\"icon-angle-right\" ><\/i><\/a>\n\n\n\n\t\t<\/div>\n\t\t\t\t\n<style>\n#col-1486587902 > .col-inner {\n  padding: 20px 20px 0px 20px;\n}\n<\/style>\n\t<\/div>\n\n\t\n\n<\/div>\n\n\t\t<\/div>\n\t\t\t\t\t<\/div>\n\n\t\n\n<\/div>\n<div class=\"row row-collapse\"  id=\"row-1510713460\">\n\n\n\t<div id=\"col-826147388\" class=\"col small-12 large-12\"  >\n\t\t\t\t<div class=\"col-inner text-center\"  >\n\t\t\t\n\t\t\t\n\n<a href=\"\/de\/losungen\/anwendungsfalle\/\" target=\"_self\" class=\"button primary is-outline\"  style=\"border-radius:5px;\">\n    <span>Alle Anwendungsf\u00e4lle<\/span>\n  <i class=\"icon-angle-right\" ><\/i><\/a>\n\n\n\n\t\t<\/div>\n\t\t\t\t\t<\/div>\n\n\t\n\n<\/div>\n\n\t\t<\/div>\n\n\t\t\n<style>\n#section_1196639713 {\n  padding-top: 50px;\n  padding-bottom: 50px;\n}\n<\/style>\n\t<\/section>\n\t\n\t<section class=\"section\" id=\"section_1493604539\">\n\t\t<div class=\"bg section-bg fill bg-fill  bg-loaded\" >\n\n\t\t\t\n\t\t\t\n\t\t\t\n\n\t\t<\/div>\n\n\t\t<div class=\"section-content relative\">\n\t\t\t\n\n\t<div id=\"gap-1640744477\" class=\"gap-element clearfix\" style=\"display:block; height:auto;\">\n\t\t\n<style>\n#gap-1640744477 {\n  padding-top: 40px;\n}\n<\/style>\n\t<\/div>\n\t\n\n<div class=\"row row-collapse align-middle\"  id=\"row-946651986\">\n\n\n\t<div id=\"col-1513216777\" class=\"col medium-6 small-12 large-6\"  >\n\t\t\t\t<div class=\"col-inner text-left\"  >\n\t\t\t\n\t\t\t\n\n\t<div id=\"text-134950352\" class=\"text\">\n\t\t\n\n<h3 style=\"font-weight: 600;\">Lassen Sie Ihr Unternehmen nicht von Ransomware aufhalten<\/h3>\n\t\t\n<style>\n#text-134950352 {\n  font-size: 1rem;\n  text-align: center;\n}\n@media (min-width:550px) {\n  #text-134950352 {\n    text-align: left;\n  }\n}\n<\/style>\n\t<\/div>\n\t\n\t<div id=\"text-2918853015\" class=\"text\">\n\t\t\n\n<h2><span style=\"font-weight: 600; color: #21bffc;\">Der Anfang<\/span><span style=\"font-weight: 600; color: #000000;\">\u00a0ist leicht.<br \/><\/span><\/h2>\n\t\t\n<style>\n#text-2918853015 {\n  font-size: 1.6rem;\n  text-align: center;\n}\n@media (min-width:550px) {\n  #text-2918853015 {\n    text-align: left;\n  }\n}\n<\/style>\n\t<\/div>\n\t\n\n\t\t<\/div>\n\t\t\t\t\n<style>\n#col-1513216777 > .col-inner {\n  padding: 0px 20px 0px 20px;\n}\n@media (min-width:550px) {\n  #col-1513216777 > .col-inner {\n    padding: 0px 0px 0px 20px;\n  }\n}\n<\/style>\n\t<\/div>\n\n\t\n\n\t<div id=\"col-1923406633\" class=\"col hide-for-medium medium-6 small-12 large-6\"  >\n\t\t\t\t<div class=\"col-inner text-right\"  >\n\t\t\t\n\t\t\t\n\n<a href=\"http:\/\/vawlt.io\/de\/demo-anfordern\/\" target=\"_self\" class=\"button primary is-large\"  style=\"border-radius:5px;\">\n    <span>Demo Anforden<\/span>\n  <\/a>\n\n\n\n\t\t<\/div>\n\t\t\t\t\n<style>\n#col-1923406633 > .col-inner {\n  padding: 0px 20px 0px 20px;\n}\n@media (min-width:550px) {\n  #col-1923406633 > .col-inner {\n    padding: 0px 20px 0px 0px;\n  }\n}\n<\/style>\n\t<\/div>\n\n\t\n\n\t<div id=\"col-1139070435\" class=\"col show-for-medium hide-for-small medium-6 small-12 large-6\"  >\n\t\t\t\t<div class=\"col-inner text-right\"  >\n\t\t\t\n\t\t\t\n\n<a href=\"http:\/\/vawlt.io\/de\/demo-anfordern\/\" target=\"_self\" class=\"button primary\"  style=\"border-radius:5px;\">\n    <span>Demo Anforden<\/span>\n  <\/a>\n\n\n\n\t\t<\/div>\n\t\t\t\t\n<style>\n#col-1139070435 > .col-inner {\n  padding: 0px 20px 0px 20px;\n}\n@media (min-width:550px) {\n  #col-1139070435 > .col-inner {\n    padding: 0px 20px 0px 0px;\n  }\n}\n<\/style>\n\t<\/div>\n\n\t\n\n\t<div id=\"col-1269097030\" class=\"col show-for-small medium-6 small-12 large-6\"  >\n\t\t\t\t<div class=\"col-inner text-center\"  >\n\t\t\t\n\t\t\t\n\n\t<div id=\"gap-1222210048\" class=\"gap-element clearfix\" style=\"display:block; height:auto;\">\n\t\t\n<style>\n#gap-1222210048 {\n  padding-top: 23px;\n}\n@media (min-width:550px) {\n  #gap-1222210048 {\n    padding-top: 40px;\n  }\n}\n<\/style>\n\t<\/div>\n\t\n\n<a href=\"http:\/\/vawlt.io\/de\/demo-anfordern\/\" target=\"_self\" class=\"button primary is-small\"  style=\"border-radius:5px;\">\n    <span>Demo Anforden<\/span>\n  <\/a>\n\n\n\n\t\t<\/div>\n\t\t\t\t\n<style>\n#col-1269097030 > .col-inner {\n  padding: 0px 20px 0px 20px;\n}\n@media (min-width:550px) {\n  #col-1269097030 > .col-inner {\n    padding: 0px 20px 0px 0px;\n  }\n}\n<\/style>\n\t<\/div>\n\n\t\n\n<\/div>\n\n\t\t<\/div>\n\n\t\t\n<style>\n#section_1493604539 {\n  padding-top: 30px;\n  padding-bottom: 30px;\n  background-color: rgb(244, 247, 249);\n}\n<\/style>\n\t<\/section>","protected":false},"excerpt":{"rendered":"","protected":false},"author":8,"featured_media":0,"parent":389,"menu_order":0,"comment_status":"closed","ping_status":"closed","template":"page-blank.php","meta":{"footnotes":""},"class_list":["post-1943","page","type-page","status-publish","hentry"],"yoast_head":"<!-- This site is optimized with the Yoast SEO plugin v26.2 - https:\/\/yoast.com\/wordpress\/plugins\/seo\/ -->\n<title>Cloud Data Storage For Service Providers | Multicloud Storage | Vawlt<\/title>\n<meta name=\"description\" content=\"Position your cloud storage offers alongside leading cloud providers, instead of competing with them. Stay close to your customers in their cloud journey.\" \/>\n<meta name=\"robots\" content=\"index, follow, max-snippet:-1, max-image-preview:large, max-video-preview:-1\" \/>\n<link rel=\"canonical\" href=\"https:\/\/site-temp.vawlt.io\/partners\/service-providers\/\" \/>\n<meta property=\"og:locale\" content=\"de_DE\" \/>\n<meta property=\"og:type\" content=\"article\" \/>\n<meta property=\"og:title\" content=\"Cloud Data Storage For Service Providers | Multicloud Storage | Vawlt\" \/>\n<meta property=\"og:description\" content=\"Position your cloud storage offers alongside leading cloud providers, instead of competing with them. Stay close to your customers in their cloud journey.\" \/>\n<meta property=\"og:url\" content=\"https:\/\/site-temp.vawlt.io\/partners\/service-providers\/\" \/>\n<meta property=\"og:site_name\" content=\"Vawlt\" \/>\n<meta property=\"article:publisher\" content=\"https:\/\/www.facebook.com\/vawlt\" \/>\n<meta property=\"article:modified_time\" content=\"2022-03-04T17:17:46+00:00\" \/>\n<meta property=\"og:image\" content=\"https:\/\/vawlt.io\/wp-content\/uploads\/2021\/09\/mockup.png\" \/>\n\t<meta property=\"og:image:width\" content=\"500\" \/>\n\t<meta property=\"og:image:height\" content=\"256\" \/>\n\t<meta property=\"og:image:type\" content=\"image\/png\" \/>\n<meta name=\"twitter:card\" content=\"summary_large_image\" \/>\n<meta name=\"twitter:site\" content=\"@vawltio\" \/>\n<meta name=\"twitter:label1\" content=\"Gesch\u00e4tzte Lesezeit\" \/>\n\t<meta name=\"twitter:data1\" content=\"2\u00a0Minuten\" \/>\n<!-- \/ Yoast SEO plugin. -->","yoast_head_json":{"title":"Cloud-Datenspeicher f\u00fcr Dienstanbieter | Multicloud Storage | Vawlt","description":"Positionieren Sie Ihre Cloud-Speicherangebote neben f\u00fchrenden Cloud-Anbietern, anstatt mit ihnen zu konkurrieren. Bleiben Sie bei der Cloud-Reise Ihrer Kunden nah dran.","robots":{"index":"index","follow":"follow","max-snippet":"max-snippet:-1","max-image-preview":"max-image-preview:large","max-video-preview":"max-video-preview:-1"},"canonical":"https:\/\/site-temp.vawlt.io\/partners\/service-providers\/","og_locale":"de_DE","og_type":"article","og_title":"Cloud Data Storage For Service Providers | Multicloud Storage | Vawlt","og_description":"Position your cloud storage offers alongside leading cloud providers, instead of competing with them. Stay close to your customers in their cloud journey.","og_url":"https:\/\/site-temp.vawlt.io\/partners\/service-providers\/","og_site_name":"Vawlt","article_publisher":"https:\/\/www.facebook.com\/vawlt","article_modified_time":"2022-03-04T17:17:46+00:00","og_image":[{"width":500,"height":256,"url":"https:\/\/vawlt.io\/wp-content\/uploads\/2021\/09\/mockup.png","type":"image\/png"}],"twitter_card":"summary_large_image","twitter_site":"@vawltio","twitter_misc":{"Gesch\u00e4tzte Lesezeit":"2\u00a0Minuten"},"schema":{"@context":"https:\/\/schema.org","@graph":[{"@type":"WebPage","@id":"https:\/\/site-temp.vawlt.io\/partners\/service-providers\/","url":"https:\/\/site-temp.vawlt.io\/partners\/service-providers\/","name":"Cloud-Datenspeicher f\u00fcr Dienstanbieter | Multicloud Storage | Vawlt","isPartOf":{"@id":"https:\/\/site-temp.vawlt.io\/#website"},"datePublished":"2021-09-01T14:11:36+00:00","dateModified":"2022-03-04T17:17:46+00:00","description":"Positionieren Sie Ihre Cloud-Speicherangebote neben f\u00fchrenden Cloud-Anbietern, anstatt mit ihnen zu konkurrieren. Bleiben Sie bei der Cloud-Reise Ihrer Kunden nah dran.","breadcrumb":{"@id":"https:\/\/site-temp.vawlt.io\/partners\/service-providers\/#breadcrumb"},"inLanguage":"de","potentialAction":[{"@type":"ReadAction","target":["https:\/\/site-temp.vawlt.io\/partners\/service-providers\/"]}]},{"@type":"BreadcrumbList","@id":"https:\/\/site-temp.vawlt.io\/partners\/service-providers\/#breadcrumb","itemListElement":[{"@type":"ListItem","position":1,"name":"Home","item":"https:\/\/vawlt.io\/"},{"@type":"ListItem","position":2,"name":"Partners","item":"https:\/\/site-temp.vawlt.io\/partners\/"},{"@type":"ListItem","position":3,"name":"Service providers"}]},{"@type":"WebSite","@id":"https:\/\/site-temp.vawlt.io\/#website","url":"https:\/\/site-temp.vawlt.io\/","name":"Vawlt","description":"Multicloud-Datenspeicherl\u00f6sung, die den \u00dcbergang zur Cloud vereinfacht, die Sicherheitsstandards verbessert und die Nutzung von Speicherressourcen optimiert.","publisher":{"@id":"https:\/\/site-temp.vawlt.io\/#organization"},"potentialAction":[{"@type":"SearchAction","target":{"@type":"EntryPoint","urlTemplate":"https:\/\/site-temp.vawlt.io\/?s={search_term_string}"},"query-input":{"@type":"PropertyValueSpecification","valueRequired":true,"valueName":"search_term_string"}}],"inLanguage":"de"},{"@type":"Organization","@id":"https:\/\/site-temp.vawlt.io\/#organization","name":"Vawlt","url":"https:\/\/site-temp.vawlt.io\/","logo":{"@type":"ImageObject","inLanguage":"de","@id":"https:\/\/site-temp.vawlt.io\/#\/schema\/logo\/image\/","url":"http:\/\/vawlt.io\/wp-content\/uploads\/2021\/08\/logo_vawlt_business.png","contentUrl":"http:\/\/vawlt.io\/wp-content\/uploads\/2021\/08\/logo_vawlt_business.png","width":576,"height":92,"caption":"Vawlt"},"image":{"@id":"https:\/\/site-temp.vawlt.io\/#\/schema\/logo\/image\/"},"sameAs":["https:\/\/www.facebook.com\/vawlt","https:\/\/x.com\/vawltio","https:\/\/www.linkedin.com\/company\/vawlt","https:\/\/www.youtube.com\/channel\/UCYzlYYg7j_07CFi8Be0eAMw"]}]}},"_links":{"self":[{"href":"https:\/\/vawlt.io\/de\/wp-json\/wp\/v2\/pages\/1943","targetHints":{"allow":["GET"]}}],"collection":[{"href":"https:\/\/vawlt.io\/de\/wp-json\/wp\/v2\/pages"}],"about":[{"href":"https:\/\/vawlt.io\/de\/wp-json\/wp\/v2\/types\/page"}],"author":[{"embeddable":true,"href":"https:\/\/vawlt.io\/de\/wp-json\/wp\/v2\/users\/8"}],"replies":[{"embeddable":true,"href":"https:\/\/vawlt.io\/de\/wp-json\/wp\/v2\/comments?post=1943"}],"version-history":[{"count":6,"href":"https:\/\/vawlt.io\/de\/wp-json\/wp\/v2\/pages\/1943\/revisions"}],"predecessor-version":[{"id":3414,"href":"https:\/\/vawlt.io\/de\/wp-json\/wp\/v2\/pages\/1943\/revisions\/3414"}],"up":[{"embeddable":true,"href":"https:\/\/vawlt.io\/de\/wp-json\/wp\/v2\/pages\/389"}],"wp:attachment":[{"href":"https:\/\/vawlt.io\/de\/wp-json\/wp\/v2\/media?parent=1943"}],"curies":[{"name":"wp","href":"https:\/\/api.w.org\/{rel}","templated":true}]}}