{"id":351,"date":"2021-08-12T14:47:49","date_gmt":"2021-08-12T14:47:49","guid":{"rendered":"http:\/\/vawlt.io\/?page_id=351"},"modified":"2022-03-04T17:17:57","modified_gmt":"2022-03-04T17:17:57","slug":"industries","status":"publish","type":"page","link":"https:\/\/vawlt.io\/de\/losungen\/branchen\/","title":{"rendered":"Branchen"},"content":{"rendered":"<section class=\"section\" id=\"section_1070556759\">\n\t\t<div class=\"bg section-bg fill bg-fill  bg-loaded\" >\n\n\t\t\t\n\t\t\t\n\t\t\t\n\n\t\t<\/div>\n\n\t\t<div class=\"section-content relative\">\n\t\t\t\n\n<div class=\"row\"  id=\"row-1080930462\">\n\n\n\t<div id=\"col-8670322\" class=\"col small-12 large-12\"  >\n\t\t\t\t<div class=\"col-inner\"  >\n\t\t\t\n\t\t\t\n\n\t<div id=\"text-2278324816\" class=\"text\">\n\t\t\n\n<h1><strong>Entdecken Sie, wie Vawlt Ihr Unternehmen st\u00e4rkt<\/strong><\/h1>\n\t\t\n<style>\n#text-2278324816 {\n  font-size: 1.6rem;\n  line-height: 2.2;\n  text-align: center;\n}\n<\/style>\n\t<\/div>\n\t\n\t<div id=\"text-3877346110\" class=\"text\">\n\t\t\n\n<p>Erfahren Sie, wie verschiedene Branchen von der Verwendung von Vawlt in ihren Speicherl\u00f6sungen profitieren k\u00f6nnen, indem sie ihnen modernste Datensicherheit in einer kosteneffizienten Multicloud-L\u00f6sung bieten.<\/p>\n\t\t\n<style>\n#text-3877346110 {\n  text-align: center;\n}\n<\/style>\n\t<\/div>\n\t\n\n\t\t<\/div>\n\t\t\t\t\n<style>\n#col-8670322 > .col-inner {\n  padding: 50px 20px 0px 20px;\n}\n@media (min-width:850px) {\n  #col-8670322 > .col-inner {\n    padding: 80px 0px 0px 0px;\n  }\n}\n<\/style>\n\t<\/div>\n\n\t\n\n<\/div>\n\n\t\t<\/div>\n\n\t\t\n<style>\n#section_1070556759 {\n  padding-top: 0px;\n  padding-bottom: 0px;\n}\n<\/style>\n\t<\/section>\n\t\n\t<section class=\"section\" id=\"section_2137217339\">\n\t\t<div class=\"bg section-bg fill bg-fill  bg-loaded\" >\n\n\t\t\t\n\t\t\t\n\t\t\t\n\n\t\t<\/div>\n\n\t\t<div class=\"section-content relative\">\n\t\t\t\n\n<div class=\"row align-equal\"  id=\"row-1974628586\">\n\n\n\t<div id=\"col-388935466\" class=\"col medium-4 small-12 large-4\"  data-animate=\"fadeInUp\">\n\t\t\t\t<div class=\"col-inner box-shadow-2\"  >\n\t\t\t\n\t\t\t\n\n<div class=\"row row-collapse align-equal\"  id=\"row-366409904\">\n\n\n\t<div id=\"col-2079353196\" class=\"col blue-gradient small-12 large-12\"  >\n\t\t\t\t<div class=\"col-inner dark\"  >\n\t\t\t\n\t\t\t\n\n<h2>Kontaktstellen<\/h2>\n\n\t\t<\/div>\n\t\t\t\t\n<style>\n#col-2079353196 > .col-inner {\n  padding: 20px 0px 10px 20px;\n}\n<\/style>\n\t<\/div>\n\n\t\n\n\t<div id=\"col-470984730\" class=\"col small-12 large-12\"  >\n\t\t\t\t<div class=\"col-inner\"  >\n\t\t\t\n\t\t\t\n\n<p>Verlagern Sie Ihre archivierten Telefonaufzeichnungen und optimieren Sie die Kosten, indem Sie sie in einer Cloud-nativen L\u00f6sung speichern, die sie sicher aufbewahrt.<\/p>\n<a href=\"\/de\/losungen\/branchen\/kontaktstellen\/\" target=\"_self\" class=\"button primary is-link\"  >\n    <span>Mehr erfahren<\/span>\n  <i class=\"icon-angle-right\" ><\/i><\/a>\n\n\n\n\t\t<\/div>\n\t\t\t\t\n<style>\n#col-470984730 > .col-inner {\n  padding: 20px 20px 0px 20px;\n}\n<\/style>\n\t<\/div>\n\n\t\n\n<\/div>\n\n\t\t<\/div>\n\t\t\t\t\t<\/div>\n\n\t\n\n\t<div id=\"col-1043531546\" class=\"col medium-4 small-12 large-4\"  data-animate=\"fadeInUp\">\n\t\t\t\t<div class=\"col-inner box-shadow-2\"  >\n\t\t\t\n\t\t\t\n\n<div class=\"row row-collapse align-equal\"  id=\"row-1929062778\">\n\n\n\t<div id=\"col-776755109\" class=\"col blue-gradient small-12 large-12\"  >\n\t\t\t\t<div class=\"col-inner dark\"  >\n\t\t\t\n\t\t\t\n\n<h2>Gesundheitswesen<\/h2>\n\n\t\t<\/div>\n\t\t\t\t\n<style>\n#col-776755109 > .col-inner {\n  padding: 20px 0px 10px 20px;\n}\n<\/style>\n\t<\/div>\n\n\t\n\n\t<div id=\"col-636529671\" class=\"col small-12 large-12\"  >\n\t\t\t\t<div class=\"col-inner\"  >\n\t\t\t\n\t\t\t\n\n<p>Speichern Sie die Bilder und Aufzeichnungen Ihrer Patienten sicher und kontrollieren Sie ganz einfach, wer Zugriff darauf hat.<\/p>\n<a href=\"\/de\/losungen\/branchen\/gesundheitswesen\/\" target=\"_self\" class=\"button primary is-link\"  >\n    <span>Mehr erfahren<\/span>\n  <i class=\"icon-angle-right\" ><\/i><\/a>\n\n\n\n\t\t<\/div>\n\t\t\t\t\n<style>\n#col-636529671 > .col-inner {\n  padding: 20px 20px 0px 20px;\n}\n<\/style>\n\t<\/div>\n\n\t\n\n<\/div>\n\n\t\t<\/div>\n\t\t\t\t\t<\/div>\n\n\t\n\n\t<div id=\"col-1259448814\" class=\"col medium-4 small-12 large-4\"  data-animate=\"fadeInUp\">\n\t\t\t\t<div class=\"col-inner box-shadow-2\"  >\n\t\t\t\n\t\t\t\n\n<div class=\"row row-collapse align-equal\"  id=\"row-1736654216\">\n\n\n\t<div id=\"col-771078119\" class=\"col blue-gradient small-12 large-12\"  >\n\t\t\t\t<div class=\"col-inner dark\"  >\n\t\t\t\n\t\t\t\n\n<h2>Anwaltskanzleien<\/h2>\n\n\t\t<\/div>\n\t\t\t\t\n<style>\n#col-771078119 > .col-inner {\n  padding: 20px 0px 10px 20px;\n}\n<\/style>\n\t<\/div>\n\n\t\n\n\t<div id=\"col-1213044809\" class=\"col small-12 large-12\"  >\n\t\t\t\t<div class=\"col-inner\"  >\n\t\t\t\n\t\t\t\n\n<p>Speichern Sie abgeschlossene Prozesse und \u00e4ltere Dateien als Archiv und sparen Sie viel Geld.<\/p>\n<a href=\"\/de\/losungen\/branchen\/anwaltskanzleien\/\" target=\"_self\" class=\"button primary is-link\"  >\n    <span>Mehr erfahren<\/span>\n  <i class=\"icon-angle-right\" ><\/i><\/a>\n\n\n\n\t\t<\/div>\n\t\t\t\t\n<style>\n#col-1213044809 > .col-inner {\n  padding: 20px 20px 0px 20px;\n}\n<\/style>\n\t<\/div>\n\n\t\n\n<\/div>\n\n\t\t<\/div>\n\t\t\t\t\t<\/div>\n\n\t\n\n\n<style>\n#row-1974628586 > .col > .col-inner {\n  border-radius: 5px;\n}\n<\/style>\n<\/div>\n<div class=\"row align-equal\"  id=\"row-1359989318\">\n\n\n\t<div id=\"col-349317690\" class=\"col medium-4 small-12 large-4\"  data-animate=\"fadeInUp\">\n\t\t\t\t<div class=\"col-inner box-shadow-2\"  >\n\t\t\t\n\t\t\t\n\n<div class=\"row row-collapse\"  id=\"row-1821657267\">\n\n\n\t<div id=\"col-403218210\" class=\"col blue-gradient small-12 large-12\"  >\n\t\t\t\t<div class=\"col-inner dark\"  >\n\t\t\t\n\t\t\t\n\n<h2>Finanzen<\/h2>\n\n\t\t<\/div>\n\t\t\t\t\n<style>\n#col-403218210 > .col-inner {\n  padding: 20px 0px 10px 20px;\n}\n<\/style>\n\t<\/div>\n\n\t\n\n\t<div id=\"col-1345054057\" class=\"col small-12 large-12\"  >\n\t\t\t\t<div class=\"col-inner\"  >\n\t\t\t\n\t\t\t\n\n<p>Sichern Sie Ihre Datenbanken und bewahren Sie Ihre Daten vor Verst\u00f6\u00dfen und Gef\u00e4hrdungen. Stellen Sie sicher, dass Ihre Daten immer verf\u00fcgbar sind, wenn Sie sie brauchen, ohne Ausfallzeiten.<\/p>\n<a href=\"\/de\/losungen\/branchen\/finanzen\/\" target=\"_self\" class=\"button primary is-link\"  >\n    <span>Mehr erfahren<\/span>\n  <i class=\"icon-angle-right\" ><\/i><\/a>\n\n\n\n\t\t<\/div>\n\t\t\t\t\n<style>\n#col-1345054057 > .col-inner {\n  padding: 20px 20px 0px 20px;\n}\n<\/style>\n\t<\/div>\n\n\t\n\n<\/div>\n\n\t\t<\/div>\n\t\t\t\t\t<\/div>\n\n\t\n\n\t<div id=\"col-1890375865\" class=\"col medium-4 small-12 large-4\"  data-animate=\"fadeInUp\">\n\t\t\t\t<div class=\"col-inner box-shadow-2\"  >\n\t\t\t\n\t\t\t\n\n<div class=\"row row-collapse\"  id=\"row-2138674351\">\n\n\n\t<div id=\"col-862019208\" class=\"col blue-gradient small-12 large-12\"  >\n\t\t\t\t<div class=\"col-inner dark\"  >\n\t\t\t\n\t\t\t\n\n<h2>SMBs<\/h2>\n\n\t\t<\/div>\n\t\t\t\t\n<style>\n#col-862019208 > .col-inner {\n  padding: 20px 0px 10px 20px;\n}\n<\/style>\n\t<\/div>\n\n\t\n\n\t<div id=\"col-991130430\" class=\"col small-12 large-12\"  >\n\t\t\t\t<div class=\"col-inner\"  >\n\t\t\t\n\t\t\t\n\n<p>Wenn Ihr kleines oder mittleres Unternehmen \u00fcber eine NAS-L\u00f6sung verf\u00fcgt, k\u00f6nnen Sie die Kosten durch den Wechsel in die Cloud optimieren und Ihre Daten vor Katastrophen wie Ransomware-Angriffen sch\u00fctzen.<\/p>\n<a href=\"\/de\/losungen\/branchen\/kleine-und-mittlere-unternehmen\/\" target=\"_self\" class=\"button primary is-link\"  >\n    <span>Mehr erfahren<\/span>\n  <i class=\"icon-angle-right\" ><\/i><\/a>\n\n\n\n\t\t<\/div>\n\t\t\t\t\n<style>\n#col-991130430 > .col-inner {\n  padding: 20px 20px 0px 20px;\n}\n<\/style>\n\t<\/div>\n\n\t\n\n<\/div>\n\n\t\t<\/div>\n\t\t\t\t\t<\/div>\n\n\t\n\n\n<style>\n#row-1359989318 > .col > .col-inner {\n  border-radius: 5px;\n}\n<\/style>\n<\/div>\n\n\t\t<\/div>\n\n\t\t\n<style>\n#section_2137217339 {\n  padding-top: 30px;\n  padding-bottom: 30px;\n}\n<\/style>\n\t<\/section>\n\t\n\t<section class=\"section\" id=\"section_1595096372\">\n\t\t<div class=\"bg section-bg fill bg-fill  bg-loaded\" >\n\n\t\t\t\n\t\t\t\n\t\t\t\n\n\t\t<\/div>\n\n\t\t<div class=\"section-content relative\">\n\t\t\t\n\n\t<div id=\"gap-495998034\" class=\"gap-element clearfix\" style=\"display:block; height:auto;\">\n\t\t\n<style>\n#gap-495998034 {\n  padding-top: 40px;\n}\n<\/style>\n\t<\/div>\n\t\n\n<div class=\"row row-collapse align-middle\"  id=\"row-299919068\">\n\n\n\t<div id=\"col-1049686213\" class=\"col medium-6 small-12 large-6\"  >\n\t\t\t\t<div class=\"col-inner text-left\"  >\n\t\t\t\n\t\t\t\n\n\t<div id=\"text-305864566\" class=\"text\">\n\t\t\n\n<h3 style=\"font-weight: 600;\">Lassen Sie Ihr Unternehmen nicht von Ransomware aufhalten<\/h3>\n\t\t\n<style>\n#text-305864566 {\n  font-size: 1rem;\n  text-align: center;\n}\n@media (min-width:550px) {\n  #text-305864566 {\n    text-align: left;\n  }\n}\n<\/style>\n\t<\/div>\n\t\n\t<div id=\"text-408360165\" class=\"text\">\n\t\t\n\n<h2><span style=\"font-weight: 600; color: #21bffc;\">Der Anfang<\/span><span style=\"font-weight: 600; color: #000000;\">\u00a0ist leicht.<br \/><\/span><\/h2>\n\t\t\n<style>\n#text-408360165 {\n  font-size: 1.6rem;\n  text-align: center;\n}\n@media (min-width:550px) {\n  #text-408360165 {\n    text-align: left;\n  }\n}\n<\/style>\n\t<\/div>\n\t\n\n\t\t<\/div>\n\t\t\t\t\n<style>\n#col-1049686213 > .col-inner {\n  padding: 0px 20px 0px 20px;\n}\n@media (min-width:550px) {\n  #col-1049686213 > .col-inner {\n    padding: 0px 0px 0px 20px;\n  }\n}\n<\/style>\n\t<\/div>\n\n\t\n\n\t<div id=\"col-730876111\" class=\"col hide-for-medium medium-6 small-12 large-6\"  >\n\t\t\t\t<div class=\"col-inner text-right\"  >\n\t\t\t\n\t\t\t\n\n<a href=\"http:\/\/vawlt.io\/de\/demo-anfordern\/\" target=\"_self\" class=\"button primary is-large\"  style=\"border-radius:5px;\">\n    <span>Demo Anforden<\/span>\n  <\/a>\n\n\n\n\t\t<\/div>\n\t\t\t\t\n<style>\n#col-730876111 > .col-inner {\n  padding: 0px 20px 0px 20px;\n}\n@media (min-width:550px) {\n  #col-730876111 > .col-inner {\n    padding: 0px 20px 0px 0px;\n  }\n}\n<\/style>\n\t<\/div>\n\n\t\n\n\t<div id=\"col-392427452\" class=\"col show-for-medium hide-for-small medium-6 small-12 large-6\"  >\n\t\t\t\t<div class=\"col-inner text-right\"  >\n\t\t\t\n\t\t\t\n\n<a href=\"http:\/\/vawlt.io\/de\/demo-anfordern\/\" target=\"_self\" class=\"button primary\"  style=\"border-radius:5px;\">\n    <span>Demo Anforden<\/span>\n  <\/a>\n\n\n\n\t\t<\/div>\n\t\t\t\t\n<style>\n#col-392427452 > .col-inner {\n  padding: 0px 20px 0px 20px;\n}\n@media (min-width:550px) {\n  #col-392427452 > .col-inner {\n    padding: 0px 20px 0px 0px;\n  }\n}\n<\/style>\n\t<\/div>\n\n\t\n\n\t<div id=\"col-1132022866\" class=\"col show-for-small medium-6 small-12 large-6\"  >\n\t\t\t\t<div class=\"col-inner text-center\"  >\n\t\t\t\n\t\t\t\n\n\t<div id=\"gap-1546530612\" class=\"gap-element clearfix\" style=\"display:block; height:auto;\">\n\t\t\n<style>\n#gap-1546530612 {\n  padding-top: 23px;\n}\n@media (min-width:550px) {\n  #gap-1546530612 {\n    padding-top: 40px;\n  }\n}\n<\/style>\n\t<\/div>\n\t\n\n<a href=\"http:\/\/vawlt.io\/de\/demo-anfordern\/\" target=\"_self\" class=\"button primary is-small\"  style=\"border-radius:5px;\">\n    <span>Demo Anforden<\/span>\n  <\/a>\n\n\n\n\t\t<\/div>\n\t\t\t\t\n<style>\n#col-1132022866 > .col-inner {\n  padding: 0px 20px 0px 20px;\n}\n@media (min-width:550px) {\n  #col-1132022866 > .col-inner {\n    padding: 0px 20px 0px 0px;\n  }\n}\n<\/style>\n\t<\/div>\n\n\t\n\n<\/div>\n\n\t\t<\/div>\n\n\t\t\n<style>\n#section_1595096372 {\n  padding-top: 30px;\n  padding-bottom: 30px;\n  background-color: rgb(244, 247, 249);\n}\n<\/style>\n\t<\/section>","protected":false},"excerpt":{"rendered":"","protected":false},"author":8,"featured_media":0,"parent":349,"menu_order":0,"comment_status":"closed","ping_status":"closed","template":"page-blank.php","meta":{"footnotes":""},"class_list":["post-351","page","type-page","status-publish","hentry"],"yoast_head":"<!-- This site is optimized with the Yoast SEO plugin v26.2 - https:\/\/yoast.com\/wordpress\/plugins\/seo\/ -->\n<title>Discover How Vawlt Benefits Your Industry | Multicloud Storage | Vawlt<\/title>\n<meta name=\"description\" content=\"Learn how several industries can benefit from using Vawlt in their storage solutions, by providing them data security and cost-efficiency.\" \/>\n<meta name=\"robots\" content=\"index, follow, max-snippet:-1, max-image-preview:large, max-video-preview:-1\" \/>\n<link rel=\"canonical\" href=\"https:\/\/site-temp.vawlt.io\/pt\/solucoes\/industrias\/\" \/>\n<meta property=\"og:locale\" content=\"de_DE\" \/>\n<meta property=\"og:type\" content=\"article\" \/>\n<meta property=\"og:title\" content=\"Discover How Vawlt Benefits Your Industry | Multicloud Storage | Vawlt\" \/>\n<meta property=\"og:description\" content=\"Learn how several industries can benefit from using Vawlt in their storage solutions, by providing them data security and cost-efficiency.\" \/>\n<meta property=\"og:url\" content=\"https:\/\/site-temp.vawlt.io\/pt\/solucoes\/industrias\/\" \/>\n<meta property=\"og:site_name\" content=\"Vawlt\" \/>\n<meta property=\"article:publisher\" content=\"https:\/\/www.facebook.com\/vawlt\" \/>\n<meta property=\"article:modified_time\" content=\"2022-03-04T17:17:57+00:00\" \/>\n<meta property=\"og:image\" content=\"https:\/\/vawlt.io\/wp-content\/uploads\/2021\/09\/mockup.png\" \/>\n\t<meta property=\"og:image:width\" content=\"500\" \/>\n\t<meta property=\"og:image:height\" content=\"256\" \/>\n\t<meta property=\"og:image:type\" content=\"image\/png\" \/>\n<meta name=\"twitter:card\" content=\"summary_large_image\" \/>\n<meta name=\"twitter:site\" content=\"@vawltio\" \/>\n<meta name=\"twitter:label1\" content=\"Gesch\u00e4tzte Lesezeit\" \/>\n\t<meta name=\"twitter:data1\" content=\"2\u00a0Minuten\" \/>\n<!-- \/ Yoast SEO plugin. -->","yoast_head_json":{"title":"Entdecken Sie, wie Vawlt Ihrer Branche n\u00fctzt | Multicloud Storage | Vawlt","description":"Erfahren Sie, wie verschiedene Branchen vom Einsatz von Vawlt in ihren Speicherl\u00f6sungen profitieren k\u00f6nnen, indem sie ihnen Datensicherheit und Kosteneffizienz bieten.","robots":{"index":"index","follow":"follow","max-snippet":"max-snippet:-1","max-image-preview":"max-image-preview:large","max-video-preview":"max-video-preview:-1"},"canonical":"https:\/\/site-temp.vawlt.io\/pt\/solucoes\/industrias\/","og_locale":"de_DE","og_type":"article","og_title":"Discover How Vawlt Benefits Your Industry | Multicloud Storage | Vawlt","og_description":"Learn how several industries can benefit from using Vawlt in their storage solutions, by providing them data security and cost-efficiency.","og_url":"https:\/\/site-temp.vawlt.io\/pt\/solucoes\/industrias\/","og_site_name":"Vawlt","article_publisher":"https:\/\/www.facebook.com\/vawlt","article_modified_time":"2022-03-04T17:17:57+00:00","og_image":[{"width":500,"height":256,"url":"https:\/\/vawlt.io\/wp-content\/uploads\/2021\/09\/mockup.png","type":"image\/png"}],"twitter_card":"summary_large_image","twitter_site":"@vawltio","twitter_misc":{"Gesch\u00e4tzte Lesezeit":"2\u00a0Minuten"},"schema":{"@context":"https:\/\/schema.org","@graph":[{"@type":"WebPage","@id":"https:\/\/site-temp.vawlt.io\/pt\/solucoes\/industrias\/","url":"https:\/\/site-temp.vawlt.io\/pt\/solucoes\/industrias\/","name":"Entdecken Sie, wie Vawlt Ihrer Branche n\u00fctzt | Multicloud Storage | Vawlt","isPartOf":{"@id":"https:\/\/site-temp.vawlt.io\/#website"},"datePublished":"2021-08-12T14:47:49+00:00","dateModified":"2022-03-04T17:17:57+00:00","description":"Erfahren Sie, wie verschiedene Branchen vom Einsatz von Vawlt in ihren Speicherl\u00f6sungen profitieren k\u00f6nnen, indem sie ihnen Datensicherheit und Kosteneffizienz bieten.","breadcrumb":{"@id":"https:\/\/site-temp.vawlt.io\/pt\/solucoes\/industrias\/#breadcrumb"},"inLanguage":"de","potentialAction":[{"@type":"ReadAction","target":["https:\/\/site-temp.vawlt.io\/pt\/solucoes\/industrias\/"]}]},{"@type":"BreadcrumbList","@id":"https:\/\/site-temp.vawlt.io\/pt\/solucoes\/industrias\/#breadcrumb","itemListElement":[{"@type":"ListItem","position":1,"name":"Home","item":"https:\/\/vawlt.io\/"},{"@type":"ListItem","position":2,"name":"Solutions","item":"https:\/\/site-temp.vawlt.io\/solutions\/"},{"@type":"ListItem","position":3,"name":"Industries"}]},{"@type":"WebSite","@id":"https:\/\/site-temp.vawlt.io\/#website","url":"https:\/\/site-temp.vawlt.io\/","name":"Vawlt","description":"Multicloud-Datenspeicherl\u00f6sung, die den \u00dcbergang zur Cloud vereinfacht, die Sicherheitsstandards verbessert und die Nutzung von Speicherressourcen optimiert.","publisher":{"@id":"https:\/\/site-temp.vawlt.io\/#organization"},"potentialAction":[{"@type":"SearchAction","target":{"@type":"EntryPoint","urlTemplate":"https:\/\/site-temp.vawlt.io\/?s={search_term_string}"},"query-input":{"@type":"PropertyValueSpecification","valueRequired":true,"valueName":"search_term_string"}}],"inLanguage":"de"},{"@type":"Organization","@id":"https:\/\/site-temp.vawlt.io\/#organization","name":"Vawlt","url":"https:\/\/site-temp.vawlt.io\/","logo":{"@type":"ImageObject","inLanguage":"de","@id":"https:\/\/site-temp.vawlt.io\/#\/schema\/logo\/image\/","url":"http:\/\/vawlt.io\/wp-content\/uploads\/2021\/08\/logo_vawlt_business.png","contentUrl":"http:\/\/vawlt.io\/wp-content\/uploads\/2021\/08\/logo_vawlt_business.png","width":576,"height":92,"caption":"Vawlt"},"image":{"@id":"https:\/\/site-temp.vawlt.io\/#\/schema\/logo\/image\/"},"sameAs":["https:\/\/www.facebook.com\/vawlt","https:\/\/x.com\/vawltio","https:\/\/www.linkedin.com\/company\/vawlt","https:\/\/www.youtube.com\/channel\/UCYzlYYg7j_07CFi8Be0eAMw"]}]}},"_links":{"self":[{"href":"https:\/\/vawlt.io\/de\/wp-json\/wp\/v2\/pages\/351","targetHints":{"allow":["GET"]}}],"collection":[{"href":"https:\/\/vawlt.io\/de\/wp-json\/wp\/v2\/pages"}],"about":[{"href":"https:\/\/vawlt.io\/de\/wp-json\/wp\/v2\/types\/page"}],"author":[{"embeddable":true,"href":"https:\/\/vawlt.io\/de\/wp-json\/wp\/v2\/users\/8"}],"replies":[{"embeddable":true,"href":"https:\/\/vawlt.io\/de\/wp-json\/wp\/v2\/comments?post=351"}],"version-history":[{"count":47,"href":"https:\/\/vawlt.io\/de\/wp-json\/wp\/v2\/pages\/351\/revisions"}],"predecessor-version":[{"id":3303,"href":"https:\/\/vawlt.io\/de\/wp-json\/wp\/v2\/pages\/351\/revisions\/3303"}],"up":[{"embeddable":true,"href":"https:\/\/vawlt.io\/de\/wp-json\/wp\/v2\/pages\/349"}],"wp:attachment":[{"href":"https:\/\/vawlt.io\/de\/wp-json\/wp\/v2\/media?parent=351"}],"curies":[{"name":"wp","href":"https:\/\/api.w.org\/{rel}","templated":true}]}}