{"id":430,"date":"2021-08-12T16:25:33","date_gmt":"2021-08-12T16:25:33","guid":{"rendered":"http:\/\/vawlt.io\/?page_id=430"},"modified":"2022-03-04T17:17:57","modified_gmt":"2022-03-04T17:17:57","slug":"healthcare","status":"publish","type":"page","link":"https:\/\/vawlt.io\/de\/losungen\/branchen\/gesundheitswesen\/","title":{"rendered":"Gesundheitswesen"},"content":{"rendered":"<section class=\"section has-parallax\" id=\"section_977163597\">\n\t\t<div class=\"bg section-bg fill bg-fill\" data-parallax-container=\".section\" data-parallax-background data-parallax=\"-2\">\n\n\t\t\t\n\t\t\t\n\t\t\t\n\n\t\t<\/div>\n\n\t\t<div class=\"section-content relative\">\n\t\t\t\n\n<div class=\"row\"  id=\"row-2030638149\">\n\n\n\t<div id=\"col-184525606\" class=\"col medium-6 small-12 large-6\"  >\n\t\t\t\t<div class=\"col-inner dark\"  >\n\t\t\t\n\t\t\t\n\n\t<div id=\"text-2834682156\" class=\"text\">\n\t\t\n\n<h1><strong>Gesundheitswesen<\/strong><\/h1>\n\t\t\n<style>\n#text-2834682156 {\n  font-size: 1.95rem;\n}\n<\/style>\n\t<\/div>\n\t\n\t<div id=\"text-3669234086\" class=\"text\">\n\t\t\n\n<p>Geben Sie Ihren Patienten ein sicheres Gef\u00fchl mit einem System, das von vornherein sicher ist. Speichern Sie ihre Bilder und Aufzeichnungen und kontrollieren Sie gleichzeitig, wer Zugriff darauf hat. Nutzen Sie Ihr Rechenzentrum weiter, w\u00e4hrend Sie das Potenzial der \u00f6ffentlichen Clouds aussch\u00f6pfen und gleichzeitig die Vorschriften einhalten.<\/p>\n\t\t\n<style>\n#text-3669234086 {\n  font-size: 1.25rem;\n}\n<\/style>\n\t<\/div>\n\t\n\n\t\t<\/div>\n\t\t\t\t\n<style>\n#col-184525606 > .col-inner {\n  padding: 25px 20px 0px 20px;\n}\n@media (min-width:550px) {\n  #col-184525606 > .col-inner {\n    padding: 25px 0px 0px 20px;\n  }\n}\n@media (min-width:850px) {\n  #col-184525606 > .col-inner {\n    padding: 25px 0px 0px 0px;\n  }\n}\n<\/style>\n\t<\/div>\n\n\t\n\n<\/div>\n\n\t\t<\/div>\n\n\t\t\n<style>\n#section_977163597 {\n  padding-top: 30px;\n  padding-bottom: 30px;\n  min-height: 60vh;\n}\n#section_977163597 .section-bg.bg-loaded {\n  background-image: url(https:\/\/vawlt.io\/wp-content\/uploads\/2021\/08\/healthcare.svg);\n}\n#section_977163597 .section-bg {\n  background-position: 74% 53%;\n}\n<\/style>\n\t<\/section>\n\t\n\t<section class=\"section\" id=\"section_1859516138\">\n\t\t<div class=\"bg section-bg fill bg-fill  bg-loaded\" >\n\n\t\t\t\n\t\t\t\n\t\t\t\n\n\t\t<\/div>\n\n\t\t<div class=\"section-content relative\">\n\t\t\t\n\n<div class=\"row\"  id=\"row-37991158\">\n\n\n\t<div id=\"col-464908554\" class=\"col medium-4 small-12 large-4\"  data-animate=\"fadeInUp\">\n\t\t\t\t<div class=\"col-inner\"  >\n\t\t\t\n\t\t\t\n\n\t<div class=\"img has-hover x md-x lg-x y md-y lg-y\" id=\"image_1525773820\">\n\t\t\t\t\t\t\t\t<div class=\"img-inner dark\" >\n\t\t\t<img loading=\"lazy\" decoding=\"async\" width=\"1\" height=\"1\" src=\"https:\/\/vawlt.io\/wp-content\/uploads\/2021\/08\/graph01.svg\" class=\"attachment-large size-large\" alt=\"\" \/>\t\t\t\t\t\t\n\t\t\t\t\t<\/div>\n\t\t\t\t\t\t\t\t\n<style>\n#image_1525773820 {\n  width: 10%;\n}\n@media (min-width:550px) {\n  #image_1525773820 {\n    width: 15%;\n  }\n}\n<\/style>\n\t<\/div>\n\t\n\n<h3>Herausforderungen bei der Dateiablage<\/h3>\n<p>Da wichtige digitale Bilddateien wie R\u00f6ntgenbilder immer gr\u00f6\u00dfer werden, um die Qualit\u00e4tsstandards zu erf\u00fcllen, steigt auch der Bedarf an Datenspeicherung im Gesundheitswesen, was die Kosten und die physischen Infrastrukturen in die H\u00f6he treibt.<\/p>\n\n\t\t<\/div>\n\t\t\t\t\n<style>\n#col-464908554 > .col-inner {\n  padding: 25px 20px 0px 20px;\n}\n@media (min-width:550px) {\n  #col-464908554 > .col-inner {\n    padding: 25px 0px 0px 20px;\n  }\n}\n@media (min-width:850px) {\n  #col-464908554 > .col-inner {\n    padding: 25px 0px 0px 0px;\n  }\n}\n<\/style>\n\t<\/div>\n\n\t\n\n\t<div id=\"col-752117185\" class=\"col medium-4 small-12 large-4\"  data-animate=\"fadeInUp\">\n\t\t\t\t<div class=\"col-inner\"  >\n\t\t\t\n\t\t\t\n\n\t<div class=\"img has-hover x md-x lg-x y md-y lg-y\" id=\"image_1933307693\">\n\t\t\t\t\t\t\t\t<div class=\"img-inner dark\" >\n\t\t\t<img loading=\"lazy\" decoding=\"async\" width=\"1\" height=\"1\" src=\"https:\/\/vawlt.io\/wp-content\/uploads\/2021\/08\/graph02.svg\" class=\"attachment-large size-large\" alt=\"\" \/>\t\t\t\t\t\t\n\t\t\t\t\t<\/div>\n\t\t\t\t\t\t\t\t\n<style>\n#image_1933307693 {\n  width: 10%;\n}\n@media (min-width:550px) {\n  #image_1933307693 {\n    width: 15%;\n  }\n}\n<\/style>\n\t<\/div>\n\t\n\n<h3>Pay-as-you-grow-Modell und Skalierbarkeit<\/h3><p>Vawlt kann Organisationen im Gesundheitswesen dabei helfen, ihre Kosten zu optimieren, die Datenverf\u00fcgbarkeit zu gew\u00e4hrleisten und gleichzeitig DSGVO-konform zu sein. Mit einem Pay-as-you-grow-Modell k\u00f6nnen Sie je nach Bedarf auf- oder absteigen, ohne dass eine Migration erforderlich ist.<\/p>\n\n\t\t<\/div>\n\t\t\t\t\n<style>\n#col-752117185 > .col-inner {\n  padding: 25px 20px 0px 20px;\n}\n@media (min-width:550px) {\n  #col-752117185 > .col-inner {\n    padding: 25px 0px 0px 0px;\n  }\n}\n<\/style>\n\t<\/div>\n\n\t\n\n\t<div id=\"col-1152671891\" class=\"col medium-4 small-12 large-4\"  data-animate=\"fadeInUp\">\n\t\t\t\t<div class=\"col-inner\"  >\n\t\t\t\n\t\t\t\n\n\t<div class=\"img has-hover x md-x lg-x y md-y lg-y\" id=\"image_1642960268\">\n\t\t\t\t\t\t\t\t<div class=\"img-inner dark\" >\n\t\t\t<img loading=\"lazy\" decoding=\"async\" width=\"1\" height=\"1\" src=\"https:\/\/vawlt.io\/wp-content\/uploads\/2021\/08\/graph03.svg\" class=\"attachment-large size-large\" alt=\"\" \/>\t\t\t\t\t\t\n\t\t\t\t\t<\/div>\n\t\t\t\t\t\t\t\t\n<style>\n#image_1642960268 {\n  width: 10%;\n}\n@media (min-width:550px) {\n  #image_1642960268 {\n    width: 15%;\n  }\n}\n<\/style>\n\t<\/div>\n\t\n\n<h3>Eine zuverl\u00e4ssige Speicherl\u00f6sung\n<\/h3><p>Die Multi-Cloud-Speicherl\u00f6sung von Vawlt erm\u00f6glicht es, kritische Dateien durch eine milit\u00e4rtaugliche Ende-zu-Ende-Null-Kenntnis-Verschl\u00fcsselung \u00e4u\u00dferst sicher zu speichern. Auch die Zuverl\u00e4ssigkeit ist ein Schl\u00fcsselfaktor, da die Daten selbst dann zug\u00e4nglich sind, wenn eine der Clouds beeintr\u00e4chtigt ist.<\/p>\n\n\t\t<\/div>\n\t\t\t\t\n<style>\n#col-1152671891 > .col-inner {\n  padding: 25px 20px 0px 21px;\n}\n@media (min-width:550px) {\n  #col-1152671891 > .col-inner {\n    padding: 25px 20px 0px 0px;\n  }\n}\n@media (min-width:850px) {\n  #col-1152671891 > .col-inner {\n    padding: 25px 0px 0px 0px;\n  }\n}\n<\/style>\n\t<\/div>\n\n\t\n\n<\/div>\n\n\t\t<\/div>\n\n\t\t\n<style>\n#section_1859516138 {\n  padding-top: 50px;\n  padding-bottom: 50px;\n  background-color: rgb(248, 249, 250);\n}\n<\/style>\n\t<\/section>\n\t\n\t<section class=\"section\" id=\"section_1272689714\">\n\t\t<div class=\"bg section-bg fill bg-fill  bg-loaded\" >\n\n\t\t\t\n\t\t\t\n\t\t\t\n\n\t\t<\/div>\n\n\t\t<div class=\"section-content relative\">\n\t\t\t\n\n<div class=\"row\"  id=\"row-773554018\">\n\n\n\t<div id=\"col-1516002166\" class=\"col small-12 large-12\"  >\n\t\t\t\t<div class=\"col-inner\"  >\n\t\t\t\n\t\t\t\n\n\t<div id=\"text-3877832103\" class=\"text\">\n\t\t\n\n<h2><strong>Anwendungsf\u00e4lle<\/strong><\/h2>\n\t\t\n<style>\n#text-3877832103 {\n  font-size: 1.6rem;\n  line-height: 2.2;\n  text-align: center;\n}\n<\/style>\n\t<\/div>\n\t\n\n\t\t<\/div>\n\t\t\t\t\t<\/div>\n\n\t\n\n<\/div>\n<div class=\"row align-equal\"  id=\"row-309444338\">\n\n\n\t<div id=\"col-1346798137\" class=\"col medium-6 small-12 large-6\"  >\n\t\t\t\t<div class=\"col-inner box-shadow-2\"  >\n\t\t\t\n\t\t\t\n\n<div class=\"row row-collapse\"  id=\"row-634096432\">\n\n\n\t<div id=\"col-493496653\" class=\"col blue-gradient small-12 large-12\"  >\n\t\t\t\t<div class=\"col-inner dark\"  >\n\t\t\t\n\t\t\t\n\n<h3>Freisetzung von Ressourcen aus der Infrastruktur<\/h3>\n\n\t\t<\/div>\n\t\t\t\t\n<style>\n#col-493496653 > .col-inner {\n  padding: 20px 0px 10px 20px;\n}\n<\/style>\n\t<\/div>\n\n\t\n\n\t<div id=\"col-932695258\" class=\"col small-12 large-12\"  >\n\t\t\t\t<div class=\"col-inner\"  >\n\t\t\t\n\t\t\t\n\n<p>Mit Vawlt k\u00f6nnen Sie Ihre Infrastruktur entlasten, indem Sie unver\u00e4nderliche oder archivierte Daten in eine Multicloud-L\u00f6sung verlagern, die von vornherein sicher und kosteng\u00fcnstiger ist.<\/p>\n<a href=\"\/de\/losungen\/anwendungsfalle\/freisetzung-von-ressourcen-aus-der-infrastruktur\/\" target=\"_self\" class=\"button primary is-link\"  >\n    <span>Mehr lesen<\/span>\n  <i class=\"icon-angle-right\" ><\/i><\/a>\n\n\n\n\t\t<\/div>\n\t\t\t\t\n<style>\n#col-932695258 > .col-inner {\n  padding: 20px 20px 0px 20px;\n}\n<\/style>\n\t<\/div>\n\n\t\n\n<\/div>\n\n\t\t<\/div>\n\t\t\t\t\t<\/div>\n\n\t\n\n\t<div id=\"col-108579764\" class=\"col medium-6 small-12 large-6\"  >\n\t\t\t\t<div class=\"col-inner box-shadow-2\"  >\n\t\t\t\n\t\t\t\n\n<div class=\"row row-collapse\"  id=\"row-1286387900\">\n\n\n\t<div id=\"col-400653893\" class=\"col blue-gradient small-12 large-12\"  >\n\t\t\t\t<div class=\"col-inner dark\"  >\n\t\t\t\n\t\t\t\n\n<h3>Offsite-Sicherung und Notfallwiederherstellung\n<\/h3>\n\n\t\t<\/div>\n\t\t\t\t\n<style>\n#col-400653893 > .col-inner {\n  padding: 20px 0px 10px 20px;\n}\n<\/style>\n\t<\/div>\n\n\t\n\n\t<div id=\"col-1246334200\" class=\"col small-12 large-12\"  >\n\t\t\t\t<div class=\"col-inner\"  >\n\t\t\t\n\t\t\t\n\n<p>Wiederherstellung des Benutzerzugriffs auf Dateien direkt nach einem Systemausfall. Vawlt erm\u00f6glicht es, Dateien und Ordner in Ihrem Dateisystem schnell wiederherzustellen und aus der Multicloud-L\u00f6sung wiederherzustellen, indem es eine umfassende Suche in Ihren Volumes erm\u00f6glicht.<\/p>\n<a href=\"\/de\/losungen\/anwendungsfalle\/offsite-sicherung-und-notfallwiederherstellung\/\" target=\"_self\" class=\"button primary is-link\"  >\n    <span>Mehr lesen<\/span>\n  <i class=\"icon-angle-right\" ><\/i><\/a>\n\n\n\n\t\t<\/div>\n\t\t\t\t\n<style>\n#col-1246334200 > .col-inner {\n  padding: 20px 20px 0px 20px;\n}\n<\/style>\n\t<\/div>\n\n\t\n\n<\/div>\n\n\t\t<\/div>\n\t\t\t\t\t<\/div>\n\n\t\n\n<\/div>\n\t<div id=\"gap-2047094033\" class=\"gap-element clearfix\" style=\"display:block; height:auto;\">\n\t\t\n<style>\n#gap-2047094033 {\n  padding-top: 30px;\n}\n<\/style>\n\t<\/div>\n\t\n\n<div class=\"row row-collapse\"  id=\"row-963996118\">\n\n\n\t<div id=\"col-528060041\" class=\"col small-12 large-12\"  >\n\t\t\t\t<div class=\"col-inner text-center\"  >\n\t\t\t\n\t\t\t\n\n<a href=\"\/de\/losungen\/anwendungsfalle\/\" target=\"_self\" class=\"button primary is-outline\"  style=\"border-radius:5px;\">\n    <span>Alle Anwendungsf\u00e4lle<\/span>\n  <i class=\"icon-angle-right\" ><\/i><\/a>\n\n\n\n\t\t<\/div>\n\t\t\t\t\t<\/div>\n\n\t\n\n<\/div>\n\n\t\t<\/div>\n\n\t\t\n<style>\n#section_1272689714 {\n  padding-top: 50px;\n  padding-bottom: 50px;\n}\n<\/style>\n\t<\/section>\n\t\n\t<section class=\"section\" id=\"section_578666474\">\n\t\t<div class=\"bg section-bg fill bg-fill  bg-loaded\" >\n\n\t\t\t\n\t\t\t\n\t\t\t\n\n\t\t<\/div>\n\n\t\t<div class=\"section-content relative\">\n\t\t\t\n\n\t<div id=\"gap-2117219199\" class=\"gap-element clearfix\" style=\"display:block; height:auto;\">\n\t\t\n<style>\n#gap-2117219199 {\n  padding-top: 40px;\n}\n<\/style>\n\t<\/div>\n\t\n\n<div class=\"row row-collapse align-middle\"  id=\"row-723471214\">\n\n\n\t<div id=\"col-1429065783\" class=\"col medium-6 small-12 large-6\"  >\n\t\t\t\t<div class=\"col-inner text-left\"  >\n\t\t\t\n\t\t\t\n\n\t<div id=\"text-2133531472\" class=\"text\">\n\t\t\n\n<h3 style=\"font-weight: 600;\">Lassen Sie Ihr Unternehmen nicht von Ransomware aufhalten<\/h3>\n\t\t\n<style>\n#text-2133531472 {\n  font-size: 1rem;\n  text-align: center;\n}\n@media (min-width:550px) {\n  #text-2133531472 {\n    text-align: left;\n  }\n}\n<\/style>\n\t<\/div>\n\t\n\t<div id=\"text-3671165298\" class=\"text\">\n\t\t\n\n<h2><span style=\"font-weight: 600; color: #21bffc;\">Der Anfang<\/span><span style=\"font-weight: 600; color: #000000;\">\u00a0ist leicht.<br \/><\/span><\/h2>\n\t\t\n<style>\n#text-3671165298 {\n  font-size: 1.6rem;\n  text-align: center;\n}\n@media (min-width:550px) {\n  #text-3671165298 {\n    text-align: left;\n  }\n}\n<\/style>\n\t<\/div>\n\t\n\n\t\t<\/div>\n\t\t\t\t\n<style>\n#col-1429065783 > .col-inner {\n  padding: 0px 20px 0px 20px;\n}\n@media (min-width:550px) {\n  #col-1429065783 > .col-inner {\n    padding: 0px 0px 0px 20px;\n  }\n}\n<\/style>\n\t<\/div>\n\n\t\n\n\t<div id=\"col-113654111\" class=\"col hide-for-medium medium-6 small-12 large-6\"  >\n\t\t\t\t<div class=\"col-inner text-right\"  >\n\t\t\t\n\t\t\t\n\n<a href=\"http:\/\/vawlt.io\/de\/demo-anfordern\/\" target=\"_self\" class=\"button primary is-large\"  style=\"border-radius:5px;\">\n    <span>Demo Anforden<\/span>\n  <\/a>\n\n\n\n\t\t<\/div>\n\t\t\t\t\n<style>\n#col-113654111 > .col-inner {\n  padding: 0px 20px 0px 20px;\n}\n@media (min-width:550px) {\n  #col-113654111 > .col-inner {\n    padding: 0px 20px 0px 0px;\n  }\n}\n<\/style>\n\t<\/div>\n\n\t\n\n\t<div id=\"col-182423899\" class=\"col show-for-medium hide-for-small medium-6 small-12 large-6\"  >\n\t\t\t\t<div class=\"col-inner text-right\"  >\n\t\t\t\n\t\t\t\n\n<a href=\"http:\/\/vawlt.io\/de\/demo-anfordern\/\" target=\"_self\" class=\"button primary\"  style=\"border-radius:5px;\">\n    <span>Demo Anforden<\/span>\n  <\/a>\n\n\n\n\t\t<\/div>\n\t\t\t\t\n<style>\n#col-182423899 > .col-inner {\n  padding: 0px 20px 0px 20px;\n}\n@media (min-width:550px) {\n  #col-182423899 > .col-inner {\n    padding: 0px 20px 0px 0px;\n  }\n}\n<\/style>\n\t<\/div>\n\n\t\n\n\t<div id=\"col-2053982352\" class=\"col show-for-small medium-6 small-12 large-6\"  >\n\t\t\t\t<div class=\"col-inner text-center\"  >\n\t\t\t\n\t\t\t\n\n\t<div id=\"gap-1458096264\" class=\"gap-element clearfix\" style=\"display:block; height:auto;\">\n\t\t\n<style>\n#gap-1458096264 {\n  padding-top: 23px;\n}\n@media (min-width:550px) {\n  #gap-1458096264 {\n    padding-top: 40px;\n  }\n}\n<\/style>\n\t<\/div>\n\t\n\n<a href=\"http:\/\/vawlt.io\/de\/demo-anfordern\/\" target=\"_self\" class=\"button primary is-small\"  style=\"border-radius:5px;\">\n    <span>Demo Anforden<\/span>\n  <\/a>\n\n\n\n\t\t<\/div>\n\t\t\t\t\n<style>\n#col-2053982352 > .col-inner {\n  padding: 0px 20px 0px 20px;\n}\n@media (min-width:550px) {\n  #col-2053982352 > .col-inner {\n    padding: 0px 20px 0px 0px;\n  }\n}\n<\/style>\n\t<\/div>\n\n\t\n\n<\/div>\n\n\t\t<\/div>\n\n\t\t\n<style>\n#section_578666474 {\n  padding-top: 30px;\n  padding-bottom: 30px;\n  background-color: rgb(244, 247, 249);\n}\n<\/style>\n\t<\/section>","protected":false},"excerpt":{"rendered":"","protected":false},"author":8,"featured_media":0,"parent":351,"menu_order":0,"comment_status":"closed","ping_status":"closed","template":"page-blank.php","meta":{"footnotes":""},"class_list":["post-430","page","type-page","status-publish","hentry"],"yoast_head":"<!-- This site is optimized with the Yoast SEO plugin v26.2 - https:\/\/yoast.com\/wordpress\/plugins\/seo\/ -->\n<title>Secure Cloud Archival Services for Healthcare | Multicloud Storage | Vawlt<\/title>\n<meta name=\"description\" content=\"Help your patients feel safer with a system that is secure by design. Store their imaging and records, while easily controlling who has access to them.\" \/>\n<meta name=\"robots\" content=\"index, follow, max-snippet:-1, max-image-preview:large, max-video-preview:-1\" \/>\n<link rel=\"canonical\" href=\"https:\/\/site-temp.vawlt.io\/br\/solucoes\/industrias\/saude\/\" \/>\n<meta property=\"og:locale\" content=\"de_DE\" \/>\n<meta property=\"og:type\" content=\"article\" \/>\n<meta property=\"og:title\" content=\"Secure Cloud Archival Services for Healthcare | Multicloud Storage | Vawlt\" \/>\n<meta property=\"og:description\" content=\"Help your patients feel safer with a system that is secure by design. Store their imaging and records, while easily controlling who has access to them.\" \/>\n<meta property=\"og:url\" content=\"https:\/\/site-temp.vawlt.io\/br\/solucoes\/industrias\/saude\/\" \/>\n<meta property=\"og:site_name\" content=\"Vawlt\" \/>\n<meta property=\"article:publisher\" content=\"https:\/\/www.facebook.com\/vawlt\" \/>\n<meta property=\"article:modified_time\" content=\"2022-03-04T17:17:57+00:00\" \/>\n<meta property=\"og:image\" content=\"https:\/\/vawlt.io\/wp-content\/uploads\/2021\/09\/mockup.png\" \/>\n\t<meta property=\"og:image:width\" content=\"500\" \/>\n\t<meta property=\"og:image:height\" content=\"256\" \/>\n\t<meta property=\"og:image:type\" content=\"image\/png\" \/>\n<meta name=\"twitter:card\" content=\"summary_large_image\" \/>\n<meta name=\"twitter:site\" content=\"@vawltio\" \/>\n<meta name=\"twitter:label1\" content=\"Gesch\u00e4tzte Lesezeit\" \/>\n\t<meta name=\"twitter:data1\" content=\"2\u00a0Minuten\" \/>\n<!-- \/ Yoast SEO plugin. -->","yoast_head_json":{"title":"Sichere Cloud-Archivierungsdienste f\u00fcr das Gesundheitswesen | Multicloud Storage | Vawlt","description":"Geben Sie Ihren Patienten ein sicheres Gef\u00fchl mit einem System, das von vornherein sicher ist. Speichern Sie ihre Bilder und Aufzeichnungen und kontrollieren Sie gleichzeitig, wer Zugriff darauf hat.","robots":{"index":"index","follow":"follow","max-snippet":"max-snippet:-1","max-image-preview":"max-image-preview:large","max-video-preview":"max-video-preview:-1"},"canonical":"https:\/\/site-temp.vawlt.io\/br\/solucoes\/industrias\/saude\/","og_locale":"de_DE","og_type":"article","og_title":"Secure Cloud Archival Services for Healthcare | Multicloud Storage | Vawlt","og_description":"Help your patients feel safer with a system that is secure by design. Store their imaging and records, while easily controlling who has access to them.","og_url":"https:\/\/site-temp.vawlt.io\/br\/solucoes\/industrias\/saude\/","og_site_name":"Vawlt","article_publisher":"https:\/\/www.facebook.com\/vawlt","article_modified_time":"2022-03-04T17:17:57+00:00","og_image":[{"width":500,"height":256,"url":"https:\/\/vawlt.io\/wp-content\/uploads\/2021\/09\/mockup.png","type":"image\/png"}],"twitter_card":"summary_large_image","twitter_site":"@vawltio","twitter_misc":{"Gesch\u00e4tzte Lesezeit":"2\u00a0Minuten"},"schema":{"@context":"https:\/\/schema.org","@graph":[{"@type":"WebPage","@id":"https:\/\/site-temp.vawlt.io\/br\/solucoes\/industrias\/saude\/","url":"https:\/\/site-temp.vawlt.io\/br\/solucoes\/industrias\/saude\/","name":"Sichere Cloud-Archivierungsdienste f\u00fcr das Gesundheitswesen | Multicloud Storage | Vawlt","isPartOf":{"@id":"https:\/\/site-temp.vawlt.io\/#website"},"datePublished":"2021-08-12T16:25:33+00:00","dateModified":"2022-03-04T17:17:57+00:00","description":"Geben Sie Ihren Patienten ein sicheres Gef\u00fchl mit einem System, das von vornherein sicher ist. Speichern Sie ihre Bilder und Aufzeichnungen und kontrollieren Sie gleichzeitig, wer Zugriff darauf hat.","breadcrumb":{"@id":"https:\/\/site-temp.vawlt.io\/br\/solucoes\/industrias\/saude\/#breadcrumb"},"inLanguage":"de","potentialAction":[{"@type":"ReadAction","target":["https:\/\/site-temp.vawlt.io\/br\/solucoes\/industrias\/saude\/"]}]},{"@type":"BreadcrumbList","@id":"https:\/\/site-temp.vawlt.io\/br\/solucoes\/industrias\/saude\/#breadcrumb","itemListElement":[{"@type":"ListItem","position":1,"name":"Home","item":"https:\/\/vawlt.io\/"},{"@type":"ListItem","position":2,"name":"Solutions","item":"https:\/\/site-temp.vawlt.io\/solutions\/"},{"@type":"ListItem","position":3,"name":"Industries","item":"https:\/\/site-temp.vawlt.io\/pt\/solucoes\/industrias\/"},{"@type":"ListItem","position":4,"name":"Healthcare"}]},{"@type":"WebSite","@id":"https:\/\/site-temp.vawlt.io\/#website","url":"https:\/\/site-temp.vawlt.io\/","name":"Vawlt","description":"Multicloud-Datenspeicherl\u00f6sung, die den \u00dcbergang zur Cloud vereinfacht, die Sicherheitsstandards verbessert und die Nutzung von Speicherressourcen optimiert.","publisher":{"@id":"https:\/\/site-temp.vawlt.io\/#organization"},"potentialAction":[{"@type":"SearchAction","target":{"@type":"EntryPoint","urlTemplate":"https:\/\/site-temp.vawlt.io\/?s={search_term_string}"},"query-input":{"@type":"PropertyValueSpecification","valueRequired":true,"valueName":"search_term_string"}}],"inLanguage":"de"},{"@type":"Organization","@id":"https:\/\/site-temp.vawlt.io\/#organization","name":"Vawlt","url":"https:\/\/site-temp.vawlt.io\/","logo":{"@type":"ImageObject","inLanguage":"de","@id":"https:\/\/site-temp.vawlt.io\/#\/schema\/logo\/image\/","url":"http:\/\/vawlt.io\/wp-content\/uploads\/2021\/08\/logo_vawlt_business.png","contentUrl":"http:\/\/vawlt.io\/wp-content\/uploads\/2021\/08\/logo_vawlt_business.png","width":576,"height":92,"caption":"Vawlt"},"image":{"@id":"https:\/\/site-temp.vawlt.io\/#\/schema\/logo\/image\/"},"sameAs":["https:\/\/www.facebook.com\/vawlt","https:\/\/x.com\/vawltio","https:\/\/www.linkedin.com\/company\/vawlt","https:\/\/www.youtube.com\/channel\/UCYzlYYg7j_07CFi8Be0eAMw"]}]}},"_links":{"self":[{"href":"https:\/\/vawlt.io\/de\/wp-json\/wp\/v2\/pages\/430","targetHints":{"allow":["GET"]}}],"collection":[{"href":"https:\/\/vawlt.io\/de\/wp-json\/wp\/v2\/pages"}],"about":[{"href":"https:\/\/vawlt.io\/de\/wp-json\/wp\/v2\/types\/page"}],"author":[{"embeddable":true,"href":"https:\/\/vawlt.io\/de\/wp-json\/wp\/v2\/users\/8"}],"replies":[{"embeddable":true,"href":"https:\/\/vawlt.io\/de\/wp-json\/wp\/v2\/comments?post=430"}],"version-history":[{"count":15,"href":"https:\/\/vawlt.io\/de\/wp-json\/wp\/v2\/pages\/430\/revisions"}],"predecessor-version":[{"id":3366,"href":"https:\/\/vawlt.io\/de\/wp-json\/wp\/v2\/pages\/430\/revisions\/3366"}],"up":[{"embeddable":true,"href":"https:\/\/vawlt.io\/de\/wp-json\/wp\/v2\/pages\/351"}],"wp:attachment":[{"href":"https:\/\/vawlt.io\/de\/wp-json\/wp\/v2\/media?parent=430"}],"curies":[{"name":"wp","href":"https:\/\/api.w.org\/{rel}","templated":true}]}}