{"id":444,"date":"2021-08-12T16:38:14","date_gmt":"2021-08-12T16:38:14","guid":{"rendered":"http:\/\/vawlt.io\/?page_id=444"},"modified":"2022-03-04T17:17:57","modified_gmt":"2022-03-04T17:17:57","slug":"small-medium-businesses","status":"publish","type":"page","link":"https:\/\/vawlt.io\/de\/losungen\/branchen\/kleine-und-mittlere-unternehmen\/","title":{"rendered":"Kleine und mittlere Unternehmen (SMBs)"},"content":{"rendered":"<section class=\"section has-parallax\" id=\"section_1320572832\">\n\t\t<div class=\"bg section-bg fill bg-fill\" data-parallax-container=\".section\" data-parallax-background data-parallax=\"-2\">\n\n\t\t\t\n\t\t\t\n\t\t\t\n\n\t\t<\/div>\n\n\t\t<div class=\"section-content relative\">\n\t\t\t\n\n<div class=\"row\"  id=\"row-1645392460\">\n\n\n\t<div id=\"col-1302354197\" class=\"col medium-8 small-12 large-6\"  >\n\t\t\t\t<div class=\"col-inner dark\"  >\n\t\t\t\n\t\t\t\n\n\t<div id=\"text-4102872963\" class=\"text\">\n\t\t\n\n<h1><strong>Kleine und mittlere Unternehmen (SMBs)<\/strong><\/h1>\n\t\t\n<style>\n#text-4102872963 {\n  font-size: 1.95rem;\n}\n<\/style>\n\t<\/div>\n\t\n\t<div id=\"text-3955344320\" class=\"text\">\n\t\t\n\n<p>Wenn Ihr kleines oder mittleres Unternehmen eine lokale On-Premise-Speicherl\u00f6sung (z. B. NAS oder einen Dateiserver) hat, k\u00f6nnen Sie die Kosten durch den Wechsel in die Cloud optimieren und Ihre Daten vor Ransomware-Angriffen sch\u00fctzen.<\/p>\n\t\t\n<style>\n#text-3955344320 {\n  font-size: 1.25rem;\n}\n<\/style>\n\t<\/div>\n\t\n\n\t\t<\/div>\n\t\t\t\t\n<style>\n#col-1302354197 > .col-inner {\n  padding: 25px 20px 0px 20px;\n}\n@media (min-width:550px) {\n  #col-1302354197 > .col-inner {\n    padding: 25px 0px 0px 20px;\n  }\n}\n<\/style>\n\t<\/div>\n\n\t\n\n<\/div>\n\n\t\t<\/div>\n\n\t\t\n<style>\n#section_1320572832 {\n  padding-top: 30px;\n  padding-bottom: 30px;\n  min-height: 60vh;\n}\n#section_1320572832 .section-bg.bg-loaded {\n  background-image: url(https:\/\/vawlt.io\/wp-content\/uploads\/2021\/08\/service_provider.svg);\n}\n#section_1320572832 .section-bg {\n  background-position: 72% 60%;\n}\n<\/style>\n\t<\/section>\n\t\n\t<section class=\"section\" id=\"section_900012056\">\n\t\t<div class=\"bg section-bg fill bg-fill  bg-loaded\" >\n\n\t\t\t\n\t\t\t\n\t\t\t\n\n\t\t<\/div>\n\n\t\t<div class=\"section-content relative\">\n\t\t\t\n\n<div class=\"row\"  id=\"row-1284492809\">\n\n\n\t<div id=\"col-534918514\" class=\"col medium-4 small-12 large-4\"  data-animate=\"fadeInUp\">\n\t\t\t\t<div class=\"col-inner\"  >\n\t\t\t\n\t\t\t\n\n\t<div class=\"img has-hover x md-x lg-x y md-y lg-y\" id=\"image_438831997\">\n\t\t\t\t\t\t\t\t<div class=\"img-inner dark\" >\n\t\t\t<img loading=\"lazy\" decoding=\"async\" width=\"1\" height=\"1\" src=\"https:\/\/vawlt.io\/wp-content\/uploads\/2021\/08\/graph01.svg\" class=\"attachment-large size-large\" alt=\"\" \/>\t\t\t\t\t\t\n\t\t\t\t\t<\/div>\n\t\t\t\t\t\t\t\t\n<style>\n#image_438831997 {\n  width: 10%;\n}\n@media (min-width:550px) {\n  #image_438831997 {\n    width: 15%;\n  }\n}\n<\/style>\n\t<\/div>\n\t\n\n<h3>Sicherung in der Cloud\n<\/h3>\n<p>Die Multi-Cloud-L\u00f6sung von Vawlt stellt sicher, dass die Daten in mehreren Clouds verschl\u00fcsselt und gesichert werden. Redundanz ist ein Schl\u00fcsselfaktor in diesem Prozess, und Sie k\u00f6nnen weiterhin auf Ihre Dateien zugreifen, selbst wenn eine der Clouds offline ist.<\/p>\n\n\t\t<\/div>\n\t\t\t\t\n<style>\n#col-534918514 > .col-inner {\n  padding: 25px 20px 0px 20px;\n}\n@media (min-width:550px) {\n  #col-534918514 > .col-inner {\n    padding: 25px 0px 0px 20px;\n  }\n}\n@media (min-width:850px) {\n  #col-534918514 > .col-inner {\n    padding: 25px 0px 0px 0px;\n  }\n}\n<\/style>\n\t<\/div>\n\n\t\n\n\t<div id=\"col-1686377562\" class=\"col medium-4 small-12 large-4\"  data-animate=\"fadeInUp\">\n\t\t\t\t<div class=\"col-inner\"  >\n\t\t\t\n\t\t\t\n\n\t<div class=\"img has-hover x md-x lg-x y md-y lg-y\" id=\"image_910020955\">\n\t\t\t\t\t\t\t\t<div class=\"img-inner dark\" >\n\t\t\t<img loading=\"lazy\" decoding=\"async\" width=\"1\" height=\"1\" src=\"https:\/\/vawlt.io\/wp-content\/uploads\/2021\/08\/graph02.svg\" class=\"attachment-large size-large\" alt=\"\" \/>\t\t\t\t\t\t\n\t\t\t\t\t<\/div>\n\t\t\t\t\t\t\t\t\n<style>\n#image_910020955 {\n  width: 10%;\n}\n@media (min-width:550px) {\n  #image_910020955 {\n    width: 15%;\n  }\n}\n<\/style>\n\t<\/div>\n\t\n\n<h3>Dateisynchronisation und -freigabe<\/h3><p>Vawlt kann eine Plattform zur Synchronisierung und Freigabe von Dateien sein, die Ihrem Team auch unterwegs zur Verf\u00fcgung steht, und zwar auf die sicherste Weise. Arbeiten Sie von \u00fcberall aus \u00fcber eine einfache Benutzeroberfl\u00e4che, und seien Sie sicher, dass Ihre Dateien sicher sind.<\/p>\n\n\t\t<\/div>\n\t\t\t\t\n<style>\n#col-1686377562 > .col-inner {\n  padding: 25px 20px 0px 20px;\n}\n@media (min-width:550px) {\n  #col-1686377562 > .col-inner {\n    padding: 25px 0px 0px 0px;\n  }\n}\n<\/style>\n\t<\/div>\n\n\t\n\n\t<div id=\"col-889995504\" class=\"col medium-4 small-12 large-4\"  data-animate=\"fadeInUp\">\n\t\t\t\t<div class=\"col-inner\"  >\n\t\t\t\n\t\t\t\n\n\t<div class=\"img has-hover x md-x lg-x y md-y lg-y\" id=\"image_503811066\">\n\t\t\t\t\t\t\t\t<div class=\"img-inner dark\" >\n\t\t\t<img loading=\"lazy\" decoding=\"async\" width=\"1\" height=\"1\" src=\"https:\/\/vawlt.io\/wp-content\/uploads\/2021\/08\/graph03.svg\" class=\"attachment-large size-large\" alt=\"\" \/>\t\t\t\t\t\t\n\t\t\t\t\t<\/div>\n\t\t\t\t\t\t\t\t\n<style>\n#image_503811066 {\n  width: 10%;\n}\n@media (min-width:550px) {\n  #image_503811066 {\n    width: 15%;\n  }\n}\n<\/style>\n\t<\/div>\n\t\n\n<h3>Schutz vor Ransomware<\/h3><p>Ransomware-Angriffe sind eine immer wiederkehrende Bedrohung, die dazu f\u00fchrt, dass Unternehmen viel Geld f\u00fcr den Wiederaufbau und die Reparatur ihrer Infrastrukturen ausgeben m\u00fcssen. Vawlt bietet eine zus\u00e4tzliche Schutzschicht gegen Ransomware f\u00fcr jeden von Ihnen gew\u00e4hlten Datentr\u00e4gertyp.<\/p>\n\n\t\t<\/div>\n\t\t\t\t\n<style>\n#col-889995504 > .col-inner {\n  padding: 25px 20px 0px 20px;\n}\n@media (min-width:550px) {\n  #col-889995504 > .col-inner {\n    padding: 25px 20px 0px 0px;\n  }\n}\n@media (min-width:850px) {\n  #col-889995504 > .col-inner {\n    padding: 25px 0px 0px 0px;\n  }\n}\n<\/style>\n\t<\/div>\n\n\t\n\n<\/div>\n\n\t\t<\/div>\n\n\t\t\n<style>\n#section_900012056 {\n  padding-top: 50px;\n  padding-bottom: 50px;\n  background-color: rgb(248, 249, 250);\n}\n<\/style>\n\t<\/section>\n\t\n\t<section class=\"section\" id=\"section_1053488776\">\n\t\t<div class=\"bg section-bg fill bg-fill  bg-loaded\" >\n\n\t\t\t\n\t\t\t\n\t\t\t\n\n\t\t<\/div>\n\n\t\t<div class=\"section-content relative\">\n\t\t\t\n\n<div class=\"row\"  id=\"row-1484147653\">\n\n\n\t<div id=\"col-725234798\" class=\"col small-12 large-12\"  >\n\t\t\t\t<div class=\"col-inner\"  >\n\t\t\t\n\t\t\t\n\n\t<div id=\"text-2772554275\" class=\"text\">\n\t\t\n\n<h2><strong>Anwendungsf\u00e4lle<\/strong><\/h2>\n\t\t\n<style>\n#text-2772554275 {\n  font-size: 1.6rem;\n  line-height: 2.2;\n  text-align: center;\n}\n<\/style>\n\t<\/div>\n\t\n\n\t\t<\/div>\n\t\t\t\t\t<\/div>\n\n\t\n\n<\/div>\n<div class=\"row align-equal\"  id=\"row-1380035567\">\n\n\n\t<div id=\"col-404331268\" class=\"col medium-6 small-12 large-6\"  >\n\t\t\t\t<div class=\"col-inner box-shadow-2\"  >\n\t\t\t\n\t\t\t\n\n<div class=\"row row-collapse\"  id=\"row-572434790\">\n\n\n\t<div id=\"col-1588003276\" class=\"col blue-gradient small-12 large-12\"  >\n\t\t\t\t<div class=\"col-inner dark\"  >\n\t\t\t\n\t\t\t\n\n<h3>Archivierung von Dateien<\/h3>\n\n\t\t<\/div>\n\t\t\t\t\n<style>\n#col-1588003276 > .col-inner {\n  padding: 20px 0px 10px 20px;\n}\n<\/style>\n\t<\/div>\n\n\t\n\n\t<div id=\"col-1577877009\" class=\"col small-12 large-12\"  >\n\t\t\t\t<div class=\"col-inner\"  >\n\t\t\t\n\t\t\t\n\n<p>Wenn Ihre Arbeitslast viele Daten vor Ort produziert, wie z. B. t\u00e4gliche Protokolle, kann Ihr Unternehmen eine Kostenoptimierung erreichen, indem es einen gro\u00dfen Teil der ungenutzten Dateien in einer Multi-Cloud-L\u00f6sung archiviert, anstatt ein teures Speichermedium zu verwenden.<\/p>\n<a href=\"\/de\/losungen\/anwendungsfalle\/archivierung-von-dateien\/\" target=\"_self\" class=\"button primary is-link\"  >\n    <span>Mehr lesen<\/span>\n  <i class=\"icon-angle-right\" ><\/i><\/a>\n\n\n\n\t\t<\/div>\n\t\t\t\t\n<style>\n#col-1577877009 > .col-inner {\n  padding: 20px 20px 0px 20px;\n}\n<\/style>\n\t<\/div>\n\n\t\n\n<\/div>\n\n\t\t<\/div>\n\t\t\t\t\t<\/div>\n\n\t\n\n\t<div id=\"col-448342832\" class=\"col medium-6 small-12 large-6\"  >\n\t\t\t\t<div class=\"col-inner box-shadow-2\"  >\n\t\t\t\n\t\t\t\n\n<div class=\"row row-collapse\"  id=\"row-764796480\">\n\n\n\t<div id=\"col-216713687\" class=\"col blue-gradient small-12 large-12\"  >\n\t\t\t\t<div class=\"col-inner dark\"  >\n\t\t\t\n\t\t\t\n\n<h3>Schutz vor Ransomware<\/h3>\n\n\t\t<\/div>\n\t\t\t\t\n<style>\n#col-216713687 > .col-inner {\n  padding: 20px 0px 10px 20px;\n}\n<\/style>\n\t<\/div>\n\n\t\n\n\t<div id=\"col-2144018414\" class=\"col small-12 large-12\"  >\n\t\t\t\t<div class=\"col-inner\"  >\n\t\t\t\n\t\t\t\n\n<p>Eine unver\u00e4nderliche Datenarchitektur ist eine Antwort auf die immer gr\u00f6\u00dfer werdende Herausforderung durch Ransomware. Immer h\u00e4ufiger werden Unternehmen Opfer einer Infektion durch Software, die Dateien verschl\u00fcsselt und sperrt, bis ein L\u00f6segeld f\u00fcr deren R\u00fcckgabe gezahlt wird.<\/p>\n<a href=\"\/de\/losungen\/anwendungsfalle\/schutz-vor-ransomware\/\" target=\"_self\" class=\"button primary is-link\"  >\n    <span>Mehr lesen<\/span>\n  <i class=\"icon-angle-right\" ><\/i><\/a>\n\n\n\n\t\t<\/div>\n\t\t\t\t\n<style>\n#col-2144018414 > .col-inner {\n  padding: 20px 20px 0px 20px;\n}\n<\/style>\n\t<\/div>\n\n\t\n\n<\/div>\n\n\t\t<\/div>\n\t\t\t\t\t<\/div>\n\n\t\n\n<\/div>\n\t<div id=\"gap-1059617873\" class=\"gap-element clearfix\" style=\"display:block; height:auto;\">\n\t\t\n<style>\n#gap-1059617873 {\n  padding-top: 30px;\n}\n<\/style>\n\t<\/div>\n\t\n\n<div class=\"row row-collapse\"  id=\"row-285323307\">\n\n\n\t<div id=\"col-1586926493\" class=\"col small-12 large-12\"  >\n\t\t\t\t<div class=\"col-inner text-center\"  >\n\t\t\t\n\t\t\t\n\n<a href=\"\/de\/losungen\/anwendungsfalle\/\" target=\"_self\" class=\"button primary is-outline\"  style=\"border-radius:5px;\">\n    <span>Alle Anwendungsf\u00e4lle<\/span>\n  <i class=\"icon-angle-right\" ><\/i><\/a>\n\n\n\n\t\t<\/div>\n\t\t\t\t\t<\/div>\n\n\t\n\n<\/div>\n\n\t\t<\/div>\n\n\t\t\n<style>\n#section_1053488776 {\n  padding-top: 50px;\n  padding-bottom: 50px;\n}\n<\/style>\n\t<\/section>\n\t\n\t<section class=\"section\" id=\"section_1228337081\">\n\t\t<div class=\"bg section-bg fill bg-fill  bg-loaded\" >\n\n\t\t\t\n\t\t\t\n\t\t\t\n\n\t\t<\/div>\n\n\t\t<div class=\"section-content relative\">\n\t\t\t\n\n\t<div id=\"gap-1440693841\" class=\"gap-element clearfix\" style=\"display:block; height:auto;\">\n\t\t\n<style>\n#gap-1440693841 {\n  padding-top: 40px;\n}\n<\/style>\n\t<\/div>\n\t\n\n<div class=\"row row-collapse align-middle\"  id=\"row-1591858687\">\n\n\n\t<div id=\"col-32922896\" class=\"col medium-6 small-12 large-6\"  >\n\t\t\t\t<div class=\"col-inner text-left\"  >\n\t\t\t\n\t\t\t\n\n\t<div id=\"text-223113067\" class=\"text\">\n\t\t\n\n<h3 style=\"font-weight: 600;\">Lassen Sie Ihr Unternehmen nicht von Ransomware aufhalten<\/h3>\n\t\t\n<style>\n#text-223113067 {\n  font-size: 1rem;\n  text-align: center;\n}\n@media (min-width:550px) {\n  #text-223113067 {\n    text-align: left;\n  }\n}\n<\/style>\n\t<\/div>\n\t\n\t<div id=\"text-3341057741\" class=\"text\">\n\t\t\n\n<h2><span style=\"font-weight: 600; color: #21bffc;\">Der Anfang<\/span><span style=\"font-weight: 600; color: #000000;\">\u00a0ist leicht.<br \/><\/span><\/h2>\n\t\t\n<style>\n#text-3341057741 {\n  font-size: 1.6rem;\n  text-align: center;\n}\n@media (min-width:550px) {\n  #text-3341057741 {\n    text-align: left;\n  }\n}\n<\/style>\n\t<\/div>\n\t\n\n\t\t<\/div>\n\t\t\t\t\n<style>\n#col-32922896 > .col-inner {\n  padding: 0px 20px 0px 20px;\n}\n@media (min-width:550px) {\n  #col-32922896 > .col-inner {\n    padding: 0px 0px 0px 20px;\n  }\n}\n<\/style>\n\t<\/div>\n\n\t\n\n\t<div id=\"col-160559405\" class=\"col hide-for-medium medium-6 small-12 large-6\"  >\n\t\t\t\t<div class=\"col-inner text-right\"  >\n\t\t\t\n\t\t\t\n\n<a href=\"http:\/\/vawlt.io\/de\/demo-anfordern\/\" target=\"_self\" class=\"button primary is-large\"  style=\"border-radius:5px;\">\n    <span>Demo Anforden<\/span>\n  <\/a>\n\n\n\n\t\t<\/div>\n\t\t\t\t\n<style>\n#col-160559405 > .col-inner {\n  padding: 0px 20px 0px 20px;\n}\n@media (min-width:550px) {\n  #col-160559405 > .col-inner {\n    padding: 0px 20px 0px 0px;\n  }\n}\n<\/style>\n\t<\/div>\n\n\t\n\n\t<div id=\"col-1006256072\" class=\"col show-for-medium hide-for-small medium-6 small-12 large-6\"  >\n\t\t\t\t<div class=\"col-inner text-right\"  >\n\t\t\t\n\t\t\t\n\n<a href=\"http:\/\/vawlt.io\/de\/demo-anfordern\/\" target=\"_self\" class=\"button primary\"  style=\"border-radius:5px;\">\n    <span>Demo Anforden<\/span>\n  <\/a>\n\n\n\n\t\t<\/div>\n\t\t\t\t\n<style>\n#col-1006256072 > .col-inner {\n  padding: 0px 20px 0px 20px;\n}\n@media (min-width:550px) {\n  #col-1006256072 > .col-inner {\n    padding: 0px 20px 0px 0px;\n  }\n}\n<\/style>\n\t<\/div>\n\n\t\n\n\t<div id=\"col-64201214\" class=\"col show-for-small medium-6 small-12 large-6\"  >\n\t\t\t\t<div class=\"col-inner text-center\"  >\n\t\t\t\n\t\t\t\n\n\t<div id=\"gap-1478511673\" class=\"gap-element clearfix\" style=\"display:block; height:auto;\">\n\t\t\n<style>\n#gap-1478511673 {\n  padding-top: 23px;\n}\n@media (min-width:550px) {\n  #gap-1478511673 {\n    padding-top: 40px;\n  }\n}\n<\/style>\n\t<\/div>\n\t\n\n<a href=\"http:\/\/vawlt.io\/de\/demo-anfordern\/\" target=\"_self\" class=\"button primary is-small\"  style=\"border-radius:5px;\">\n    <span>Demo Anforden<\/span>\n  <\/a>\n\n\n\n\t\t<\/div>\n\t\t\t\t\n<style>\n#col-64201214 > .col-inner {\n  padding: 0px 20px 0px 20px;\n}\n@media (min-width:550px) {\n  #col-64201214 > .col-inner {\n    padding: 0px 20px 0px 0px;\n  }\n}\n<\/style>\n\t<\/div>\n\n\t\n\n<\/div>\n\n\t\t<\/div>\n\n\t\t\n<style>\n#section_1228337081 {\n  padding-top: 30px;\n  padding-bottom: 30px;\n  background-color: rgb(244, 247, 249);\n}\n<\/style>\n\t<\/section>","protected":false},"excerpt":{"rendered":"","protected":false},"author":8,"featured_media":0,"parent":351,"menu_order":0,"comment_status":"closed","ping_status":"closed","template":"page-blank.php","meta":{"footnotes":""},"class_list":["post-444","page","type-page","status-publish","hentry"],"yoast_head":"<!-- This site is optimized with the Yoast SEO plugin v26.2 - https:\/\/yoast.com\/wordpress\/plugins\/seo\/ -->\n<title>Ransomware Mitigation For Businesses | Multicloud Storage | Vawlt<\/title>\n<meta name=\"description\" content=\"If your business has a local NAS on-prem storage solution, optimise costs by moving to the cloud and protect your data against ransomware attacks.\" \/>\n<meta name=\"robots\" content=\"index, follow, max-snippet:-1, max-image-preview:large, max-video-preview:-1\" \/>\n<link rel=\"canonical\" href=\"https:\/\/site-temp.vawlt.io\/de\/losungen\/branchen\/kleine-und-mittlere-unternehmen\/\" \/>\n<meta property=\"og:locale\" content=\"de_DE\" \/>\n<meta property=\"og:type\" content=\"article\" \/>\n<meta property=\"og:title\" content=\"Ransomware Mitigation For Businesses | Multicloud Storage | Vawlt\" \/>\n<meta property=\"og:description\" content=\"If your business has a local NAS on-prem storage solution, optimise costs by moving to the cloud and protect your data against ransomware attacks.\" \/>\n<meta property=\"og:url\" content=\"https:\/\/site-temp.vawlt.io\/de\/losungen\/branchen\/kleine-und-mittlere-unternehmen\/\" \/>\n<meta property=\"og:site_name\" content=\"Vawlt\" \/>\n<meta property=\"article:publisher\" content=\"https:\/\/www.facebook.com\/vawlt\" \/>\n<meta property=\"article:modified_time\" content=\"2022-03-04T17:17:57+00:00\" \/>\n<meta property=\"og:image\" content=\"https:\/\/vawlt.io\/wp-content\/uploads\/2021\/09\/mockup.png\" \/>\n\t<meta property=\"og:image:width\" content=\"500\" \/>\n\t<meta property=\"og:image:height\" content=\"256\" \/>\n\t<meta property=\"og:image:type\" content=\"image\/png\" \/>\n<meta name=\"twitter:card\" content=\"summary_large_image\" \/>\n<meta name=\"twitter:site\" content=\"@vawltio\" \/>\n<meta name=\"twitter:label1\" content=\"Gesch\u00e4tzte Lesezeit\" \/>\n\t<meta name=\"twitter:data1\" content=\"2\u00a0Minuten\" \/>\n<!-- \/ Yoast SEO plugin. -->","yoast_head_json":{"title":"Ransomware-Schutz f\u00fcr Unternehmen | Multicloud Storage | Vawlt","description":"Wenn Ihr Unternehmen \u00fcber eine lokale NAS-Speicherl\u00f6sung vor Ort verf\u00fcgt, k\u00f6nnen Sie die Kosten durch den Wechsel in die Cloud optimieren und Ihre Daten vor Ransomware-Angriffen sch\u00fctzen.","robots":{"index":"index","follow":"follow","max-snippet":"max-snippet:-1","max-image-preview":"max-image-preview:large","max-video-preview":"max-video-preview:-1"},"canonical":"https:\/\/site-temp.vawlt.io\/de\/losungen\/branchen\/kleine-und-mittlere-unternehmen\/","og_locale":"de_DE","og_type":"article","og_title":"Ransomware Mitigation For Businesses | Multicloud Storage | Vawlt","og_description":"If your business has a local NAS on-prem storage solution, optimise costs by moving to the cloud and protect your data against ransomware attacks.","og_url":"https:\/\/site-temp.vawlt.io\/de\/losungen\/branchen\/kleine-und-mittlere-unternehmen\/","og_site_name":"Vawlt","article_publisher":"https:\/\/www.facebook.com\/vawlt","article_modified_time":"2022-03-04T17:17:57+00:00","og_image":[{"width":500,"height":256,"url":"https:\/\/vawlt.io\/wp-content\/uploads\/2021\/09\/mockup.png","type":"image\/png"}],"twitter_card":"summary_large_image","twitter_site":"@vawltio","twitter_misc":{"Gesch\u00e4tzte Lesezeit":"2\u00a0Minuten"},"schema":{"@context":"https:\/\/schema.org","@graph":[{"@type":"WebPage","@id":"https:\/\/site-temp.vawlt.io\/de\/losungen\/branchen\/kleine-und-mittlere-unternehmen\/","url":"https:\/\/site-temp.vawlt.io\/de\/losungen\/branchen\/kleine-und-mittlere-unternehmen\/","name":"Ransomware-Schutz f\u00fcr Unternehmen | Multicloud Storage | Vawlt","isPartOf":{"@id":"https:\/\/site-temp.vawlt.io\/#website"},"datePublished":"2021-08-12T16:38:14+00:00","dateModified":"2022-03-04T17:17:57+00:00","description":"Wenn Ihr Unternehmen \u00fcber eine lokale NAS-Speicherl\u00f6sung vor Ort verf\u00fcgt, k\u00f6nnen Sie die Kosten durch den Wechsel in die Cloud optimieren und Ihre Daten vor Ransomware-Angriffen sch\u00fctzen.","breadcrumb":{"@id":"https:\/\/site-temp.vawlt.io\/de\/losungen\/branchen\/kleine-und-mittlere-unternehmen\/#breadcrumb"},"inLanguage":"de","potentialAction":[{"@type":"ReadAction","target":["https:\/\/site-temp.vawlt.io\/de\/losungen\/branchen\/kleine-und-mittlere-unternehmen\/"]}]},{"@type":"BreadcrumbList","@id":"https:\/\/site-temp.vawlt.io\/de\/losungen\/branchen\/kleine-und-mittlere-unternehmen\/#breadcrumb","itemListElement":[{"@type":"ListItem","position":1,"name":"Home","item":"https:\/\/vawlt.io\/"},{"@type":"ListItem","position":2,"name":"Solutions","item":"https:\/\/site-temp.vawlt.io\/solutions\/"},{"@type":"ListItem","position":3,"name":"Industries","item":"https:\/\/site-temp.vawlt.io\/pt\/solucoes\/industrias\/"},{"@type":"ListItem","position":4,"name":"Small and medium businesses (SMBs)"}]},{"@type":"WebSite","@id":"https:\/\/site-temp.vawlt.io\/#website","url":"https:\/\/site-temp.vawlt.io\/","name":"Vawlt","description":"Multicloud-Datenspeicherl\u00f6sung, die den \u00dcbergang zur Cloud vereinfacht, die Sicherheitsstandards verbessert und die Nutzung von Speicherressourcen optimiert.","publisher":{"@id":"https:\/\/site-temp.vawlt.io\/#organization"},"potentialAction":[{"@type":"SearchAction","target":{"@type":"EntryPoint","urlTemplate":"https:\/\/site-temp.vawlt.io\/?s={search_term_string}"},"query-input":{"@type":"PropertyValueSpecification","valueRequired":true,"valueName":"search_term_string"}}],"inLanguage":"de"},{"@type":"Organization","@id":"https:\/\/site-temp.vawlt.io\/#organization","name":"Vawlt","url":"https:\/\/site-temp.vawlt.io\/","logo":{"@type":"ImageObject","inLanguage":"de","@id":"https:\/\/site-temp.vawlt.io\/#\/schema\/logo\/image\/","url":"http:\/\/vawlt.io\/wp-content\/uploads\/2021\/08\/logo_vawlt_business.png","contentUrl":"http:\/\/vawlt.io\/wp-content\/uploads\/2021\/08\/logo_vawlt_business.png","width":576,"height":92,"caption":"Vawlt"},"image":{"@id":"https:\/\/site-temp.vawlt.io\/#\/schema\/logo\/image\/"},"sameAs":["https:\/\/www.facebook.com\/vawlt","https:\/\/x.com\/vawltio","https:\/\/www.linkedin.com\/company\/vawlt","https:\/\/www.youtube.com\/channel\/UCYzlYYg7j_07CFi8Be0eAMw"]}]}},"_links":{"self":[{"href":"https:\/\/vawlt.io\/de\/wp-json\/wp\/v2\/pages\/444","targetHints":{"allow":["GET"]}}],"collection":[{"href":"https:\/\/vawlt.io\/de\/wp-json\/wp\/v2\/pages"}],"about":[{"href":"https:\/\/vawlt.io\/de\/wp-json\/wp\/v2\/types\/page"}],"author":[{"embeddable":true,"href":"https:\/\/vawlt.io\/de\/wp-json\/wp\/v2\/users\/8"}],"replies":[{"embeddable":true,"href":"https:\/\/vawlt.io\/de\/wp-json\/wp\/v2\/comments?post=444"}],"version-history":[{"count":15,"href":"https:\/\/vawlt.io\/de\/wp-json\/wp\/v2\/pages\/444\/revisions"}],"predecessor-version":[{"id":3369,"href":"https:\/\/vawlt.io\/de\/wp-json\/wp\/v2\/pages\/444\/revisions\/3369"}],"up":[{"embeddable":true,"href":"https:\/\/vawlt.io\/de\/wp-json\/wp\/v2\/pages\/351"}],"wp:attachment":[{"href":"https:\/\/vawlt.io\/de\/wp-json\/wp\/v2\/media?parent=444"}],"curies":[{"name":"wp","href":"https:\/\/api.w.org\/{rel}","templated":true}]}}