{"id":510,"date":"2021-08-13T10:26:06","date_gmt":"2021-08-13T10:26:06","guid":{"rendered":"http:\/\/vawlt.io\/?page_id=510"},"modified":"2022-05-19T10:55:53","modified_gmt":"2022-05-19T10:55:53","slug":"pricing","status":"publish","type":"page","link":"https:\/\/vawlt.io\/de\/produkt\/preisgestaltung\/","title":{"rendered":"Preisgestaltung"},"content":{"rendered":"<section class=\"section\" id=\"section_204701206\">\n\t\t<div class=\"bg section-bg fill bg-fill  bg-loaded\" >\n\n\t\t\t\n\t\t\t\n\t\t\t\n\n\t\t<\/div>\n\n\t\t<div class=\"section-content relative\">\n\t\t\t\n\n<div class=\"row align-center\"  id=\"row-1219234994\">\n\n\n\t<div id=\"col-1857965265\" class=\"col small-12 large-12\"  >\n\t\t\t\t<div class=\"col-inner text-center\"  >\n\t\t\t\n\t\t\t\n\n\t<div id=\"text-2052368005\" class=\"text\">\n\t\t\n\n<h1><strong>Starten Sie Ihr Multicloud-Erlebnis mit Vawlt<\/strong><\/h1>\n\t\t\n<style>\n#text-2052368005 {\n  font-size: 1.6rem;\n}\n<\/style>\n\t<\/div>\n\t\n<p><strong>Erstellen Sie ein neues Volume auf der Dynamic Storage Platform, um Ihre monatliche Investition zu prognostizieren.<br><\/strong>Die Startpreise beinhalten mindestens einen Top-Tier-Cloud-Anbieter (z. B. AWS, Microsoft Azure, Google Cloud oder IBM). Die Preise k\u00f6nnen je nach den gew\u00e4hlten Spezifikationen variieren, z. B. Anbieterliste, Standort, Volumesgr\u00f6\u00dfe, Download-Kontingent oder Speicherschnittstellen.<\/p>\n\n\t\t<\/div>\n\t\t\t\t\n<style>\n#col-1857965265 > .col-inner {\n  padding: 50px 20px 0px 20px;\n}\n@media (min-width:850px) {\n  #col-1857965265 > .col-inner {\n    padding: 80px 0px 0px 0px;\n  }\n}\n<\/style>\n\t<\/div>\n\n\t\n\n<\/div>\n\n\t\t<\/div>\n\n\t\t\n<style>\n#section_204701206 {\n  padding-top: 0px;\n  padding-bottom: 0px;\n}\n<\/style>\n\t<\/section>\n\t\n\t<section class=\"section\" id=\"section_837686909\">\n\t\t<div class=\"bg section-bg fill bg-fill  bg-loaded\" >\n\n\t\t\t\n\t\t\t\n\t\t\t\n\n\t\t<\/div>\n\n\t\t<div class=\"section-content relative\">\n\t\t\t\n\n<div class=\"row align-equal\"  id=\"row-563745935\">\n\n\n\t<div id=\"col-71029234\" class=\"col medium-3 small-12 large-3\"  data-animate=\"fadeInUp\">\n\t\t\t\t<div class=\"col-inner text-center box-shadow-1 box-shadow-2-hover\" style=\"background-color:rgb(255, 255, 255);\" >\n\t\t\t\n\t\t\t\n\n\t<div class=\"img has-hover x md-x lg-x y md-y lg-y\" id=\"image_1476651490\">\n\t\t\t\t\t\t\t\t<div class=\"img-inner dark\" >\n\t\t\t<img loading=\"lazy\" decoding=\"async\" width=\"1\" height=\"1\" src=\"https:\/\/vawlt.io\/wp-content\/uploads\/2021\/08\/solution01.svg\" class=\"attachment-large size-large\" alt=\"\" \/>\t\t\t\t\t\t\n\t\t\t\t\t<\/div>\n\t\t\t\t\t\t\t\t\n<style>\n#image_1476651490 {\n  width: 30%;\n}\n<\/style>\n\t<\/div>\n\t\n\n\t<div id=\"text-152039922\" class=\"text\">\n\t\t\n\n<h3><strong>Hot<\/strong><\/h3>\n\t\t\n<style>\n#text-152039922 {\n  text-align: center;\n}\n<\/style>\n\t<\/div>\n\t\n\t<div id=\"text-166377706\" class=\"text\">\n\t\t\n\n<p>Am besten f\u00fcr wiederholte Speicherung und gemeinsame Nutzung <\/p>\n\t\t\n<style>\n#text-166377706 {\n  font-size: 0.8rem;\n}\n<\/style>\n\t<\/div>\n\t\n\t<div id=\"gap-1379314015\" class=\"gap-element clearfix\" style=\"display:block; height:auto;\">\n\t\t\n<style>\n#gap-1379314015 {\n  padding-top: 21px;\n}\n@media (min-width:850px) {\n  #gap-1379314015 {\n    padding-top: 19px;\n  }\n}\n<\/style>\n\t<\/div>\n\t\n\n<div class=\"row row-collapse align-bottom align-center\"  id=\"row-1251109777\">\n\n\n\t<div id=\"col-515812689\" class=\"col small-12 large-12\"  >\n\t\t\t\t<div class=\"col-inner text-center\"  >\n\t\t\t\n\t\t\t\n\n\t<div id=\"text-3025351142\" class=\"text\">\n\t\t\n\n<p>Beginnend bei<\/p>\n\t\t\n<style>\n#text-3025351142 {\n  line-height: 0.75;\n  color: rgb(48, 100, 137);\n}\n#text-3025351142 > * {\n  color: rgb(48, 100, 137);\n}\n<\/style>\n\t<\/div>\n\t\n\t<div id=\"text-3854829197\" class=\"text\">\n\t\t\n\n<h4 style=\"font-weight: 600;\">\u20ac30,90<\/p>\n\t\t\n<style>\n#text-3854829197 {\n  font-size: 2.5rem;\n  line-height: 1;\n  color: rgb(48, 100, 137);\n}\n#text-3854829197 > * {\n  color: rgb(48, 100, 137);\n}\n<\/style>\n\t<\/div>\n\t\n\t<div id=\"text-3109551786\" class=\"text\">\n\t\t\n\n<p>\/TB\/Monat + MwSt.<\/p>\n\t\t\n<style>\n#text-3109551786 {\n  font-size: 0.75rem;\n  text-align: center;\n  color: #306489;\n}\n#text-3109551786 > * {\n  color: #306489;\n}\n<\/style>\n\t<\/div>\n\t\n\n\t\t<\/div>\n\t\t\t\t\t<\/div>\n\n\t\n\n<\/div>\n\n\t\t<\/div>\n\t\t\t\t\n<style>\n#col-71029234 > .col-inner {\n  padding: 30px 40px 20px 40px;\n}\n<\/style>\n\t<\/div>\n\n\t\n\n\t<div id=\"col-1359932375\" class=\"col medium-3 small-12 large-3\"  data-animate=\"fadeInUp\">\n\t\t\t\t<div class=\"col-inner text-center box-shadow-1 box-shadow-2-hover\" style=\"background-color:rgb(255, 255, 255);\" >\n\t\t\t\n\t\t\t\n\n\t<div class=\"img has-hover x md-x lg-x y md-y lg-y\" id=\"image_64699433\">\n\t\t\t\t\t\t\t\t<div class=\"img-inner dark\" >\n\t\t\t<img loading=\"lazy\" decoding=\"async\" width=\"1\" height=\"1\" src=\"https:\/\/vawlt.io\/wp-content\/uploads\/2021\/10\/solution04.svg\" class=\"attachment-large size-large\" alt=\"\" \/>\t\t\t\t\t\t\n\t\t\t\t\t<\/div>\n\t\t\t\t\t\t\t\t\n<style>\n#image_64699433 {\n  width: 30%;\n}\n<\/style>\n\t<\/div>\n\t\n\n\t<div id=\"text-2982943596\" class=\"text\">\n\t\t\n\n<h3><strong>Warm<\/strong><\/h3>\n\t\t\n<style>\n#text-2982943596 {\n  text-align: center;\n}\n<\/style>\n\t<\/div>\n\t\n\t<div id=\"text-1297915467\" class=\"text\">\n\t\t\n\n<p>Optimiert f\u00fcr die Speicherung von bearbeitbaren Daten, auf die weniger h\u00e4ufig zugegriffen wird<\/p>\n\t\t\n<style>\n#text-1297915467 {\n  font-size: 0.8rem;\n}\n<\/style>\n\t<\/div>\n\t\n\t<div id=\"gap-547120426\" class=\"gap-element clearfix\" style=\"display:block; height:auto;\">\n\t\t\n<style>\n#gap-547120426 {\n  padding-top: 0px;\n}\n<\/style>\n\t<\/div>\n\t\n\n<div class=\"row row-collapse align-bottom align-center\"  id=\"row-1896931808\">\n\n\n\t<div id=\"col-430728209\" class=\"col small-12 large-12\"  >\n\t\t\t\t<div class=\"col-inner text-center\"  >\n\t\t\t\n\t\t\t\n\n\t<div id=\"text-3953773420\" class=\"text\">\n\t\t\n\n<p>Beginnend bei<\/p>\n\t\t\n<style>\n#text-3953773420 {\n  line-height: 0.75;\n  color: rgb(48, 100, 137);\n}\n#text-3953773420 > * {\n  color: rgb(48, 100, 137);\n}\n<\/style>\n\t<\/div>\n\t\n\t<div id=\"text-1431430636\" class=\"text\">\n\t\t\n\n<h4 style=\"font-weight: 600;\">\u20ac16,90<\/p>\n\t\t\n<style>\n#text-1431430636 {\n  font-size: 2.5rem;\n  line-height: 1;\n  color: rgb(48, 100, 137);\n}\n#text-1431430636 > * {\n  color: rgb(48, 100, 137);\n}\n<\/style>\n\t<\/div>\n\t\n\t<div id=\"text-831079664\" class=\"text\">\n\t\t\n\n<p>\/TB\/Monat + MwSt.<\/p>\n\t\t\n<style>\n#text-831079664 {\n  font-size: 0.75rem;\n  text-align: center;\n  color: #306489;\n}\n#text-831079664 > * {\n  color: #306489;\n}\n<\/style>\n\t<\/div>\n\t\n\n\t\t<\/div>\n\t\t\t\t\t<\/div>\n\n\t\n\n<\/div>\n\n\t\t<\/div>\n\t\t\t\t\n<style>\n#col-1359932375 > .col-inner {\n  padding: 30px 40px 20px 40px;\n}\n<\/style>\n\t<\/div>\n\n\t\n\n\t<div id=\"col-1865649957\" class=\"col medium-3 small-12 large-3\"  data-animate=\"fadeInUp\">\n\t\t\t\t<div class=\"col-inner text-center box-shadow-1 box-shadow-2-hover\" style=\"background-color:rgb(255, 255, 255);\" >\n\t\t\t\n\t\t\t\n\n\t<div class=\"img has-hover x md-x lg-x y md-y lg-y\" id=\"image_855823713\">\n\t\t\t\t\t\t\t\t<div class=\"img-inner dark\" >\n\t\t\t<img loading=\"lazy\" decoding=\"async\" width=\"1\" height=\"1\" src=\"https:\/\/vawlt.io\/wp-content\/uploads\/2021\/08\/solution02.svg\" class=\"attachment-large size-large\" alt=\"\" \/>\t\t\t\t\t\t\n\t\t\t\t\t<\/div>\n\t\t\t\t\t\t\t\t\n<style>\n#image_855823713 {\n  width: 30%;\n}\n<\/style>\n\t<\/div>\n\t\n\n\t<div id=\"text-1952656219\" class=\"text\">\n\t\t\n\n<h3><strong>Immutable<\/strong><\/h3>\n\t\t\n<style>\n#text-1952656219 {\n  text-align: center;\n}\n<\/style>\n\t<\/div>\n\t\n\t<div id=\"text-3565540394\" class=\"text\">\n\t\t\n\n<p>Am besten geeignet f\u00fcr Dateien, die bei der Speicherung nicht ge\u00e4ndert werden m\u00fcssen <\/p>\n\t\t\n<style>\n#text-3565540394 {\n  font-size: 0.8rem;\n}\n<\/style>\n\t<\/div>\n\t\n\t<div id=\"gap-175007563\" class=\"gap-element clearfix\" style=\"display:block; height:auto;\">\n\t\t\n<style>\n#gap-175007563 {\n  padding-top: 0px;\n}\n<\/style>\n\t<\/div>\n\t\n\n<div class=\"row row-collapse align-bottom align-center\"  id=\"row-92340902\">\n\n\n\t<div id=\"col-524653154\" class=\"col small-12 large-12\"  >\n\t\t\t\t<div class=\"col-inner text-center\"  >\n\t\t\t\n\t\t\t\n\n\t<div id=\"text-838858272\" class=\"text\">\n\t\t\n\n<p>Beginnend bei<\/p>\n\t\t\n<style>\n#text-838858272 {\n  line-height: 0.75;\n  color: rgb(48, 100, 137);\n}\n#text-838858272 > * {\n  color: rgb(48, 100, 137);\n}\n<\/style>\n\t<\/div>\n\t\n\t<div id=\"text-943342756\" class=\"text\">\n\t\t\n\n<h4 style=\"font-weight: 600;\">\u20ac15,90<\/p>\n\t\t\n<style>\n#text-943342756 {\n  font-size: 2.5rem;\n  line-height: 1;\n  color: rgb(48, 100, 137);\n}\n#text-943342756 > * {\n  color: rgb(48, 100, 137);\n}\n<\/style>\n\t<\/div>\n\t\n\t<div id=\"text-1970858497\" class=\"text\">\n\t\t\n\n<p>\/TB\/Monat + MwSt.<\/p>\n\t\t\n<style>\n#text-1970858497 {\n  font-size: 0.75rem;\n  text-align: center;\n  color: #306489;\n}\n#text-1970858497 > * {\n  color: #306489;\n}\n<\/style>\n\t<\/div>\n\t\n\n\t\t<\/div>\n\t\t\t\t\t<\/div>\n\n\t\n\n<\/div>\n\n\t\t<\/div>\n\t\t\t\t\n<style>\n#col-1865649957 > .col-inner {\n  padding: 30px 40px 20px 40px;\n}\n<\/style>\n\t<\/div>\n\n\t\n\n\t<div id=\"col-931358896\" class=\"col medium-3 small-12 large-3\"  data-animate=\"fadeInUp\">\n\t\t\t\t<div class=\"col-inner text-center box-shadow-1 box-shadow-2-hover\" style=\"background-color:rgb(255, 255, 255);\" >\n\t\t\t\n\t\t\t\n\n\t<div class=\"img has-hover x md-x lg-x y md-y lg-y\" id=\"image_519967353\">\n\t\t\t\t\t\t\t\t<div class=\"img-inner dark\" >\n\t\t\t<img loading=\"lazy\" decoding=\"async\" width=\"1\" height=\"1\" src=\"https:\/\/vawlt.io\/wp-content\/uploads\/2021\/08\/solution03.svg\" class=\"attachment-large size-large\" alt=\"\" \/>\t\t\t\t\t\t\n\t\t\t\t\t<\/div>\n\t\t\t\t\t\t\t\t\n<style>\n#image_519967353 {\n  width: 30%;\n}\n<\/style>\n\t<\/div>\n\t\n\n\t<div id=\"text-67206571\" class=\"text\">\n\t\t\n\n<h3><strong>Archival<\/strong><\/h3>\n\t\t\n<style>\n#text-67206571 {\n  text-align: center;\n}\n<\/style>\n\t<\/div>\n\t\n\t<div id=\"text-1445034959\" class=\"text\">\n\t\t\n\n<p>Am besten geeignet f\u00fcr Dateien, die \u00fcber lange Zeitr\u00e4ume gespeichert und selten gelesen werden<\/p>\n\t\t\n<style>\n#text-1445034959 {\n  font-size: 0.8rem;\n}\n<\/style>\n\t<\/div>\n\t\n\t<div id=\"gap-1809093116\" class=\"gap-element clearfix\" style=\"display:block; height:auto;\">\n\t\t\n<style>\n#gap-1809093116 {\n  padding-top: 0px;\n}\n<\/style>\n\t<\/div>\n\t\n\n<div class=\"row row-collapse align-bottom align-center\"  id=\"row-617588984\">\n\n\n\t<div id=\"col-567017793\" class=\"col small-12 large-12\"  >\n\t\t\t\t<div class=\"col-inner text-center\"  >\n\t\t\t\n\t\t\t\n\n\t<div id=\"text-2471936707\" class=\"text\">\n\t\t\n\n<p>Beginnend bei<\/p>\n\t\t\n<style>\n#text-2471936707 {\n  line-height: 0.75;\n  color: rgb(48, 100, 137);\n}\n#text-2471936707 > * {\n  color: rgb(48, 100, 137);\n}\n<\/style>\n\t<\/div>\n\t\n\t<div id=\"text-158927701\" class=\"text\">\n\t\t\n\n<h4 style=\"font-weight: 600;\">\u20ac7,90<\/p>\n\t\t\n<style>\n#text-158927701 {\n  font-size: 2.5rem;\n  line-height: 1;\n  color: rgb(48, 100, 137);\n}\n#text-158927701 > * {\n  color: rgb(48, 100, 137);\n}\n<\/style>\n\t<\/div>\n\t\n\t<div id=\"text-1125877239\" class=\"text\">\n\t\t\n\n<p>\/TB\/Monat + MwSt.<\/p>\n\t\t\n<style>\n#text-1125877239 {\n  font-size: 0.75rem;\n  text-align: center;\n  color: #306489;\n}\n#text-1125877239 > * {\n  color: #306489;\n}\n<\/style>\n\t<\/div>\n\t\n\n\t\t<\/div>\n\t\t\t\t\t<\/div>\n\n\t\n\n<\/div>\n\n\t\t<\/div>\n\t\t\t\t\n<style>\n#col-931358896 > .col-inner {\n  padding: 30px 40px 20px 40px;\n}\n<\/style>\n\t<\/div>\n\n\t\n\n<\/div>\n\n\t\t<\/div>\n\n\t\t\n<style>\n#section_837686909 {\n  padding-top: 50px;\n  padding-bottom: 50px;\n  background-color: rgb(233, 249, 254);\n}\n@media (min-width:850px) {\n  #section_837686909 {\n    padding-top: 80px;\n    padding-bottom: 80px;\n  }\n}\n<\/style>\n\t<\/section>\n\t\n\t<section class=\"section\" id=\"section_331701895\">\n\t\t<div class=\"bg section-bg fill bg-fill  bg-loaded\" >\n\n\t\t\t\n\t\t\t\n\t\t\t\n\n\t\t<\/div>\n\n\t\t<div class=\"section-content relative\">\n\t\t\t\n\n\t<div id=\"gap-1695548968\" class=\"gap-element clearfix\" style=\"display:block; height:auto;\">\n\t\t\n<style>\n#gap-1695548968 {\n  padding-top: 40px;\n}\n<\/style>\n\t<\/div>\n\t\n\n<div class=\"row row-collapse align-middle\"  id=\"row-326590755\">\n\n\n\t<div id=\"col-1729911488\" class=\"col medium-6 small-12 large-6\"  >\n\t\t\t\t<div class=\"col-inner text-left\"  >\n\t\t\t\n\t\t\t\n\n\t<div id=\"text-2232950658\" class=\"text\">\n\t\t\n\n<h3 style=\"font-weight: 600;\">Lassen Sie Ihr Unternehmen nicht von Ransomware aufhalten<\/h3>\n\t\t\n<style>\n#text-2232950658 {\n  font-size: 1rem;\n  text-align: center;\n}\n@media (min-width:550px) {\n  #text-2232950658 {\n    text-align: left;\n  }\n}\n<\/style>\n\t<\/div>\n\t\n\t<div id=\"text-1491525829\" class=\"text\">\n\t\t\n\n<h2><span style=\"font-weight: 600; color: #21bffc;\">Der Anfang<\/span><span style=\"font-weight: 600; color: #000000;\">\u00a0ist leicht.<br \/><\/span><\/h2>\n\t\t\n<style>\n#text-1491525829 {\n  font-size: 1.6rem;\n  text-align: center;\n}\n@media (min-width:550px) {\n  #text-1491525829 {\n    text-align: left;\n  }\n}\n<\/style>\n\t<\/div>\n\t\n\n\t\t<\/div>\n\t\t\t\t\n<style>\n#col-1729911488 > .col-inner {\n  padding: 0px 20px 0px 20px;\n}\n@media (min-width:550px) {\n  #col-1729911488 > .col-inner {\n    padding: 0px 0px 0px 20px;\n  }\n}\n<\/style>\n\t<\/div>\n\n\t\n\n\t<div id=\"col-49299405\" class=\"col hide-for-medium medium-6 small-12 large-6\"  >\n\t\t\t\t<div class=\"col-inner text-right\"  >\n\t\t\t\n\t\t\t\n\n<a href=\"http:\/\/vawlt.io\/de\/demo-anfordern\/\" target=\"_self\" class=\"button primary is-large\"  style=\"border-radius:5px;\">\n    <span>Demo Anforden<\/span>\n  <\/a>\n\n\n\n\t\t<\/div>\n\t\t\t\t\n<style>\n#col-49299405 > .col-inner {\n  padding: 0px 20px 0px 20px;\n}\n@media (min-width:550px) {\n  #col-49299405 > .col-inner {\n    padding: 0px 20px 0px 0px;\n  }\n}\n<\/style>\n\t<\/div>\n\n\t\n\n\t<div id=\"col-2062788003\" class=\"col show-for-medium hide-for-small medium-6 small-12 large-6\"  >\n\t\t\t\t<div class=\"col-inner text-right\"  >\n\t\t\t\n\t\t\t\n\n<a href=\"http:\/\/vawlt.io\/de\/demo-anfordern\/\" target=\"_self\" class=\"button primary\"  style=\"border-radius:5px;\">\n    <span>Demo Anforden<\/span>\n  <\/a>\n\n\n\n\t\t<\/div>\n\t\t\t\t\n<style>\n#col-2062788003 > .col-inner {\n  padding: 0px 20px 0px 20px;\n}\n@media (min-width:550px) {\n  #col-2062788003 > .col-inner {\n    padding: 0px 20px 0px 0px;\n  }\n}\n<\/style>\n\t<\/div>\n\n\t\n\n\t<div id=\"col-1618470345\" class=\"col show-for-small medium-6 small-12 large-6\"  >\n\t\t\t\t<div class=\"col-inner text-center\"  >\n\t\t\t\n\t\t\t\n\n\t<div id=\"gap-2125309819\" class=\"gap-element clearfix\" style=\"display:block; height:auto;\">\n\t\t\n<style>\n#gap-2125309819 {\n  padding-top: 23px;\n}\n@media (min-width:550px) {\n  #gap-2125309819 {\n    padding-top: 40px;\n  }\n}\n<\/style>\n\t<\/div>\n\t\n\n<a href=\"http:\/\/vawlt.io\/de\/demo-anfordern\/\" target=\"_self\" class=\"button primary is-small\"  style=\"border-radius:5px;\">\n    <span>Demo Anforden<\/span>\n  <\/a>\n\n\n\n\t\t<\/div>\n\t\t\t\t\n<style>\n#col-1618470345 > .col-inner {\n  padding: 0px 20px 0px 20px;\n}\n@media (min-width:550px) {\n  #col-1618470345 > .col-inner {\n    padding: 0px 20px 0px 0px;\n  }\n}\n<\/style>\n\t<\/div>\n\n\t\n\n<\/div>\n\n\t\t<\/div>\n\n\t\t\n<style>\n#section_331701895 {\n  padding-top: 30px;\n  padding-bottom: 30px;\n  background-color: rgb(244, 247, 249);\n}\n<\/style>\n\t<\/section>","protected":false},"excerpt":{"rendered":"","protected":false},"author":8,"featured_media":0,"parent":36,"menu_order":8,"comment_status":"closed","ping_status":"closed","template":"page-blank.php","meta":{"footnotes":""},"class_list":["post-510","page","type-page","status-publish","hentry"],"yoast_head":"<!-- This site is optimized with the Yoast SEO plugin v26.2 - https:\/\/yoast.com\/wordpress\/plugins\/seo\/ -->\n<title>Pricing | Multicloud Storage | Vawlt<\/title>\n<meta name=\"description\" content=\"Start your multicloud experience with Vawlt - create a new volume on the Dynamic Storage Platform to forecast your monthly investment.\" \/>\n<meta name=\"robots\" content=\"index, follow, max-snippet:-1, max-image-preview:large, max-video-preview:-1\" \/>\n<link rel=\"canonical\" href=\"https:\/\/site-temp.vawlt.io\/product\/pricing\/\" \/>\n<meta property=\"og:locale\" content=\"de_DE\" \/>\n<meta property=\"og:type\" content=\"article\" \/>\n<meta property=\"og:title\" content=\"Pricing | Multicloud Storage | Vawlt\" \/>\n<meta property=\"og:description\" content=\"Start your multicloud experience with Vawlt - create a new volume on the Dynamic Storage Platform to forecast your monthly investment.\" \/>\n<meta property=\"og:url\" content=\"https:\/\/site-temp.vawlt.io\/product\/pricing\/\" \/>\n<meta property=\"og:site_name\" content=\"Vawlt\" \/>\n<meta property=\"article:publisher\" content=\"https:\/\/www.facebook.com\/vawlt\" \/>\n<meta property=\"article:modified_time\" content=\"2022-05-19T10:55:53+00:00\" \/>\n<meta property=\"og:image\" content=\"https:\/\/vawlt.io\/wp-content\/uploads\/2021\/09\/mockup.png\" \/>\n\t<meta property=\"og:image:width\" content=\"500\" \/>\n\t<meta property=\"og:image:height\" content=\"256\" \/>\n\t<meta property=\"og:image:type\" content=\"image\/png\" \/>\n<meta name=\"twitter:card\" content=\"summary_large_image\" \/>\n<meta name=\"twitter:site\" content=\"@vawltio\" \/>\n<meta name=\"twitter:label1\" content=\"Gesch\u00e4tzte Lesezeit\" \/>\n\t<meta name=\"twitter:data1\" content=\"2\u00a0Minuten\" \/>\n<!-- \/ Yoast SEO plugin. -->","yoast_head_json":{"title":"Preisgestaltung | Multicloud Storage | Vawlt","description":"Beginnen Sie Ihr Multicloud-Erlebnis mit Vawlt - erstellen Sie ein neues Volume auf der Dynamic Storage Platform, um Ihre monatliche Investition zu prognostizieren.","robots":{"index":"index","follow":"follow","max-snippet":"max-snippet:-1","max-image-preview":"max-image-preview:large","max-video-preview":"max-video-preview:-1"},"canonical":"https:\/\/site-temp.vawlt.io\/product\/pricing\/","og_locale":"de_DE","og_type":"article","og_title":"Pricing | Multicloud Storage | Vawlt","og_description":"Start your multicloud experience with Vawlt - create a new volume on the Dynamic Storage Platform to forecast your monthly investment.","og_url":"https:\/\/site-temp.vawlt.io\/product\/pricing\/","og_site_name":"Vawlt","article_publisher":"https:\/\/www.facebook.com\/vawlt","article_modified_time":"2022-05-19T10:55:53+00:00","og_image":[{"width":500,"height":256,"url":"https:\/\/vawlt.io\/wp-content\/uploads\/2021\/09\/mockup.png","type":"image\/png"}],"twitter_card":"summary_large_image","twitter_site":"@vawltio","twitter_misc":{"Gesch\u00e4tzte Lesezeit":"2\u00a0Minuten"},"schema":{"@context":"https:\/\/schema.org","@graph":[{"@type":"WebPage","@id":"https:\/\/site-temp.vawlt.io\/product\/pricing\/","url":"https:\/\/site-temp.vawlt.io\/product\/pricing\/","name":"Preisgestaltung | Multicloud Storage | Vawlt","isPartOf":{"@id":"https:\/\/site-temp.vawlt.io\/#website"},"datePublished":"2021-08-13T10:26:06+00:00","dateModified":"2022-05-19T10:55:53+00:00","description":"Beginnen Sie Ihr Multicloud-Erlebnis mit Vawlt - erstellen Sie ein neues Volume auf der Dynamic Storage Platform, um Ihre monatliche Investition zu prognostizieren.","breadcrumb":{"@id":"https:\/\/site-temp.vawlt.io\/product\/pricing\/#breadcrumb"},"inLanguage":"de","potentialAction":[{"@type":"ReadAction","target":["https:\/\/site-temp.vawlt.io\/product\/pricing\/"]}]},{"@type":"BreadcrumbList","@id":"https:\/\/site-temp.vawlt.io\/product\/pricing\/#breadcrumb","itemListElement":[{"@type":"ListItem","position":1,"name":"Home","item":"https:\/\/vawlt.io\/"},{"@type":"ListItem","position":2,"name":"Product","item":"https:\/\/site-temp.vawlt.io\/product\/"},{"@type":"ListItem","position":3,"name":"Pricing"}]},{"@type":"WebSite","@id":"https:\/\/site-temp.vawlt.io\/#website","url":"https:\/\/site-temp.vawlt.io\/","name":"Vawlt","description":"Multicloud-Datenspeicherl\u00f6sung, die den \u00dcbergang zur Cloud vereinfacht, die Sicherheitsstandards verbessert und die Nutzung von Speicherressourcen optimiert.","publisher":{"@id":"https:\/\/site-temp.vawlt.io\/#organization"},"potentialAction":[{"@type":"SearchAction","target":{"@type":"EntryPoint","urlTemplate":"https:\/\/site-temp.vawlt.io\/?s={search_term_string}"},"query-input":{"@type":"PropertyValueSpecification","valueRequired":true,"valueName":"search_term_string"}}],"inLanguage":"de"},{"@type":"Organization","@id":"https:\/\/site-temp.vawlt.io\/#organization","name":"Vawlt","url":"https:\/\/site-temp.vawlt.io\/","logo":{"@type":"ImageObject","inLanguage":"de","@id":"https:\/\/site-temp.vawlt.io\/#\/schema\/logo\/image\/","url":"http:\/\/vawlt.io\/wp-content\/uploads\/2021\/08\/logo_vawlt_business.png","contentUrl":"http:\/\/vawlt.io\/wp-content\/uploads\/2021\/08\/logo_vawlt_business.png","width":576,"height":92,"caption":"Vawlt"},"image":{"@id":"https:\/\/site-temp.vawlt.io\/#\/schema\/logo\/image\/"},"sameAs":["https:\/\/www.facebook.com\/vawlt","https:\/\/x.com\/vawltio","https:\/\/www.linkedin.com\/company\/vawlt","https:\/\/www.youtube.com\/channel\/UCYzlYYg7j_07CFi8Be0eAMw"]}]}},"_links":{"self":[{"href":"https:\/\/vawlt.io\/de\/wp-json\/wp\/v2\/pages\/510","targetHints":{"allow":["GET"]}}],"collection":[{"href":"https:\/\/vawlt.io\/de\/wp-json\/wp\/v2\/pages"}],"about":[{"href":"https:\/\/vawlt.io\/de\/wp-json\/wp\/v2\/types\/page"}],"author":[{"embeddable":true,"href":"https:\/\/vawlt.io\/de\/wp-json\/wp\/v2\/users\/8"}],"replies":[{"embeddable":true,"href":"https:\/\/vawlt.io\/de\/wp-json\/wp\/v2\/comments?post=510"}],"version-history":[{"count":36,"href":"https:\/\/vawlt.io\/de\/wp-json\/wp\/v2\/pages\/510\/revisions"}],"predecessor-version":[{"id":5621,"href":"https:\/\/vawlt.io\/de\/wp-json\/wp\/v2\/pages\/510\/revisions\/5621"}],"up":[{"embeddable":true,"href":"https:\/\/vawlt.io\/de\/wp-json\/wp\/v2\/pages\/36"}],"wp:attachment":[{"href":"https:\/\/vawlt.io\/de\/wp-json\/wp\/v2\/media?parent=510"}],"curies":[{"name":"wp","href":"https:\/\/api.w.org\/{rel}","templated":true}]}}