{"id":564,"date":"2021-08-13T11:22:37","date_gmt":"2021-08-13T11:22:37","guid":{"rendered":"http:\/\/vawlt.io\/?page_id=564"},"modified":"2025-06-21T15:10:09","modified_gmt":"2025-06-21T15:10:09","slug":"file-archiving","status":"publish","type":"page","link":"https:\/\/vawlt.io\/de\/losungen\/anwendungsfalle\/archivierung-von-dateien\/","title":{"rendered":"Archivierung von Dateien"},"content":{"rendered":"<section class=\"section has-parallax\" id=\"section_1590147435\">\n\t\t<div class=\"bg section-bg fill bg-fill\" data-parallax-container=\".section\" data-parallax-background data-parallax=\"-2\">\n\n\t\t\t\n\t\t\t\n\t\t\t\n\n\t\t<\/div>\n\n\t\t<div class=\"section-content relative\">\n\t\t\t\n\n<div class=\"row\"  id=\"row-1086966747\">\n\n\n\t<div id=\"col-750419236\" class=\"col medium-6 small-12 large-6\"  >\n\t\t\t\t<div class=\"col-inner dark\"  >\n\t\t\t\n\t\t\t\n\n\t<div id=\"text-400308923\" class=\"text\">\n\t\t\n\n<h1><strong>Archivierung von Dateien<\/strong><\/h1>\n\t\t\n<style>\n#text-400308923 {\n  font-size: 1.95rem;\n}\n<\/style>\n\t<\/div>\n\t\n\t<div id=\"text-1946955244\" class=\"text\">\n\t\t\n\n<p>Wenn Ihre Arbeitslast viele Daten vor Ort produziert, wie z. B. t\u00e4gliche Protokolle, kann Ihr Unternehmen eine Kostenoptimierung erreichen, indem es einen gro\u00dfen Teil der ungenutzten Dateien in einer Multi-Cloud-L\u00f6sung archiviert, anstatt ein teures Speichermedium zu verwenden.<\/p>\n\t\t\n<style>\n#text-1946955244 {\n  font-size: 1.25rem;\n}\n<\/style>\n\t<\/div>\n\t\n\n\t\t<\/div>\n\t\t\t\t\n<style>\n#col-750419236 > .col-inner {\n  padding: 25px 20px 0px 20px;\n}\n@media (min-width:550px) {\n  #col-750419236 > .col-inner {\n    padding: 25px 0px 0px 20px;\n  }\n}\n@media (min-width:850px) {\n  #col-750419236 > .col-inner {\n    padding: 25px 0px 0px 0px;\n  }\n}\n<\/style>\n\t<\/div>\n\n\t\n\n<\/div>\n\n\t\t<\/div>\n\n\t\t\n<style>\n#section_1590147435 {\n  padding-top: 30px;\n  padding-bottom: 30px;\n  min-height: 60vh;\n}\n#section_1590147435 .section-bg.bg-loaded {\n  background-image: url(https:\/\/vawlt.io\/wp-content\/uploads\/2021\/08\/file_archiving.svg);\n}\n#section_1590147435 .section-bg {\n  background-position: 72% 52%;\n}\n<\/style>\n\t<\/section>\n\t\n\t<section class=\"section\" id=\"section_544088875\">\n\t\t<div class=\"bg section-bg fill bg-fill  bg-loaded\" >\n\n\t\t\t\n\t\t\t\n\t\t\t\n\n\t\t<\/div>\n\n\t\t<div class=\"section-content relative\">\n\t\t\t\n\n<div class=\"row\"  id=\"row-227223851\">\n\n\n\t<div id=\"col-1578322533\" class=\"col medium-4 small-12 large-4\"  data-animate=\"fadeInUp\">\n\t\t\t\t<div class=\"col-inner\"  >\n\t\t\t\n\t\t\t\n\n\t<div class=\"img has-hover x md-x lg-x y md-y lg-y\" id=\"image_910741071\">\n\t\t\t\t\t\t\t\t<div class=\"img-inner dark\" >\n\t\t\t<img loading=\"lazy\" decoding=\"async\" width=\"1\" height=\"1\" src=\"https:\/\/vawlt.io\/wp-content\/uploads\/2021\/08\/graph01.svg\" class=\"attachment-large size-large\" alt=\"\" \/>\t\t\t\t\t\t\n\t\t\t\t\t<\/div>\n\t\t\t\t\t\t\t\t\n<style>\n#image_910741071 {\n  width: 10%;\n}\n@media (min-width:550px) {\n  #image_910741071 {\n    width: 15%;\n  }\n}\n<\/style>\n\t<\/div>\n\t\n\n<h3>Geringere Betriebs- und Wartungskosten\n<\/h3><p>Vawlt bietet eine kosteneffizientere L\u00f6sung f\u00fcr jede IT-Infrastruktur, indem es die M\u00f6glichkeit bietet, alte oder unver\u00e4nderliche Daten einer Multicloud-L\u00f6sung zuzuordnen, im Vergleich zu On-Prem- oder Legacy-Systemen.<\/p>\n\n\t\t<\/div>\n\t\t\t\t\n<style>\n#col-1578322533 > .col-inner {\n  padding: 25px 20px 0px 20px;\n}\n@media (min-width:550px) {\n  #col-1578322533 > .col-inner {\n    padding: 25px 0px 0px 20px;\n  }\n}\n@media (min-width:850px) {\n  #col-1578322533 > .col-inner {\n    padding: 25px 0px 0px 0px;\n  }\n}\n<\/style>\n\t<\/div>\n\n\t\n\n\t<div id=\"col-185484345\" class=\"col medium-4 small-12 large-4\"  data-animate=\"fadeInUp\">\n\t\t\t\t<div class=\"col-inner\"  >\n\t\t\t\n\t\t\t\n\n\t<div class=\"img has-hover x md-x lg-x y md-y lg-y\" id=\"image_76651848\">\n\t\t\t\t\t\t\t\t<div class=\"img-inner dark\" >\n\t\t\t<img loading=\"lazy\" decoding=\"async\" width=\"1\" height=\"1\" src=\"https:\/\/vawlt.io\/wp-content\/uploads\/2021\/08\/graph02.svg\" class=\"attachment-large size-large\" alt=\"\" \/>\t\t\t\t\t\t\n\t\t\t\t\t<\/div>\n\t\t\t\t\t\t\t\t\n<style>\n#image_76651848 {\n  width: 10%;\n}\n@media (min-width:550px) {\n  #image_76651848 {\n    width: 15%;\n  }\n}\n<\/style>\n\t<\/div>\n\t\n\n<h3> Skalierbarkeit\n<\/h3><p>Vawlt bietet Ihnen Zugang zu den besten Cloud-Diensten auf dem Markt. Mit einem Pay-as-you-grow-Modell k\u00f6nnen Sie die Kosten kontrollieren und eine skalierbare L\u00f6sung anbieten, die am besten zu Ihrer Arbeitslast passt.<\/p>\n\n\t\t<\/div>\n\t\t\t\t\n<style>\n#col-185484345 > .col-inner {\n  padding: 25px 20px 0px 20px;\n}\n@media (min-width:550px) {\n  #col-185484345 > .col-inner {\n    padding: 25px 0px 0px 0px;\n  }\n}\n<\/style>\n\t<\/div>\n\n\t\n\n\t<div id=\"col-1739887161\" class=\"col medium-4 small-12 large-4\"  data-animate=\"fadeInUp\">\n\t\t\t\t<div class=\"col-inner\"  >\n\t\t\t\n\t\t\t\n\n\t<div class=\"img has-hover x md-x lg-x y md-y lg-y\" id=\"image_2041334806\">\n\t\t\t\t\t\t\t\t<div class=\"img-inner dark\" >\n\t\t\t<img loading=\"lazy\" decoding=\"async\" width=\"1\" height=\"1\" src=\"https:\/\/vawlt.io\/wp-content\/uploads\/2021\/08\/graph03.svg\" class=\"attachment-large size-large\" alt=\"\" \/>\t\t\t\t\t\t\n\t\t\t\t\t<\/div>\n\t\t\t\t\t\t\t\t\n<style>\n#image_2041334806 {\n  width: 10%;\n}\n@media (min-width:550px) {\n  #image_2041334806 {\n    width: 15%;\n  }\n}\n<\/style>\n\t<\/div>\n\t\n\n<h3>Sicherheit der Daten\n<\/h3><p>Vawlt wendet ein propriet\u00e4res Zero-Knowledge-End-to-End-Verschl\u00fcsselungsprotokoll auf Ihre Daten an, das sicherstellt, dass nur der Eigent\u00fcmer Zugriff auf die Dateiinhalte hat.<\/p>\n\n\t\t<\/div>\n\t\t\t\t\n<style>\n#col-1739887161 > .col-inner {\n  padding: 25px 20px 0px 20px;\n}\n@media (min-width:550px) {\n  #col-1739887161 > .col-inner {\n    padding: 25px 20px 0px 0px;\n  }\n}\n@media (min-width:850px) {\n  #col-1739887161 > .col-inner {\n    padding: 25px 0px 0px 0px;\n  }\n}\n<\/style>\n\t<\/div>\n\n\t\n\n<\/div>\n\n\t\t<\/div>\n\n\t\t\n<style>\n#section_544088875 {\n  padding-top: 50px;\n  padding-bottom: 50px;\n  background-color: rgb(248, 249, 250);\n}\n<\/style>\n\t<\/section>\n\t\n\t<section class=\"section\" id=\"section_1081547368\">\n\t\t<div class=\"bg section-bg fill bg-fill  bg-loaded\" >\n\n\t\t\t\n\t\t\t\n\t\t\t\n\n\t\t<\/div>\n\n\t\t<div class=\"section-content relative\">\n\t\t\t\n\n<div class=\"row\"  id=\"row-1758656732\">\n\n\n\t<div id=\"col-2140977470\" class=\"col small-12 large-12\"  >\n\t\t\t\t<div class=\"col-inner\"  >\n\t\t\t\n\t\t\t\n\n\t<div id=\"text-3271126811\" class=\"text\">\n\t\t\n\n<h2><strong>Branchen<\/strong><\/h2>\n\t\t\n<style>\n#text-3271126811 {\n  font-size: 1.6rem;\n  line-height: 2.2;\n  text-align: center;\n}\n<\/style>\n\t<\/div>\n\t\n\n\t\t<\/div>\n\t\t\t\t\t<\/div>\n\n\t\n\n<\/div>\n<div class=\"row align-equal\"  id=\"row-1477826305\">\n\n\n\t<div id=\"col-290869370\" class=\"col medium-4 small-12 large-4\"  >\n\t\t\t\t<div class=\"col-inner box-shadow-2\"  >\n\t\t\t\n\t\t\t\n\n<div class=\"row row-collapse\"  id=\"row-376844788\">\n\n\n\t<div id=\"col-1660633715\" class=\"col blue-gradient small-12 large-12\"  >\n\t\t\t\t<div class=\"col-inner dark\"  >\n\t\t\t\n\t\t\t\n\n<h3> Gesundheitswesen<\/h3>\n\n\t\t<\/div>\n\t\t\t\t\n<style>\n#col-1660633715 > .col-inner {\n  padding: 20px 0px 10px 20px;\n}\n<\/style>\n\t<\/div>\n\n\t\n\n\t<div id=\"col-514332578\" class=\"col small-12 large-12\"  >\n\t\t\t\t<div class=\"col-inner\"  >\n\t\t\t\n\t\t\t\n\n<p>Geben Sie Ihren Patienten ein sicheres Gef\u00fchl mit einem System, das von vornherein sicher ist. Speichern Sie ihre Bilder und Aufzeichnungen und kontrollieren Sie einfach, wer Zugriff darauf hat. Nutzen Sie Ihr Rechenzentrum weiter, w\u00e4hrend Sie das Potenzial der \u00f6ffentlichen Clouds aussch\u00f6pfen und gleichzeitig die Vorschriften einhalten.<\/p>\n\t<div id=\"gap-259113492\" class=\"gap-element clearfix\" style=\"display:block; height:auto;\">\n\t\t\n<style>\n#gap-259113492 {\n  padding-top: 0px;\n}\n@media (min-width:550px) {\n  #gap-259113492 {\n    padding-top: 27px;\n  }\n}\n<\/style>\n\t<\/div>\n\t\n\n<a href=\"http:\/\/vawlt.io\/de\/losungen\/branchen\/gesundheitswesen\/\" target=\"_self\" class=\"button primary is-link\"  >\n    <span>Mehr lesen<\/span>\n  <i class=\"icon-angle-right\" ><\/i><\/a>\n\n\n\n\t\t<\/div>\n\t\t\t\t\n<style>\n#col-514332578 > .col-inner {\n  padding: 20px 20px 0px 20px;\n}\n<\/style>\n\t<\/div>\n\n\t\n\n<\/div>\n\n\t\t<\/div>\n\t\t\t\t\t<\/div>\n\n\t\n\n\t<div id=\"col-1212308428\" class=\"col medium-4 small-12 large-4\"  >\n\t\t\t\t<div class=\"col-inner box-shadow-2\"  >\n\t\t\t\n\t\t\t\n\n<div class=\"row row-collapse\"  id=\"row-1207320642\">\n\n\n\t<div id=\"col-2111550133\" class=\"col blue-gradient small-12 large-12\"  >\n\t\t\t\t<div class=\"col-inner dark\"  >\n\t\t\t\n\t\t\t\n\n<h3>Finanzdienstleistungen\n<\/h3>\n\n\t\t<\/div>\n\t\t\t\t\n<style>\n#col-2111550133 > .col-inner {\n  padding: 20px 0px 10px 20px;\n}\n<\/style>\n\t<\/div>\n\n\t\n\n\t<div id=\"col-1668127758\" class=\"col small-12 large-12\"  >\n\t\t\t\t<div class=\"col-inner\"  >\n\t\t\t\n\t\t\t\n\n<p>Sichern Sie Ihre Datenbanken und bewahren Sie Ihre Daten vor Verst\u00f6\u00dfen und Gef\u00e4hrdungen. Stellen Sie sicher, dass Ihre Daten immer verf\u00fcgbar sind, wenn Sie sie brauchen, ohne Ausfallzeiten.<\/p>\n\t<div id=\"gap-1526717774\" class=\"gap-element clearfix\" style=\"display:block; height:auto;\">\n\t\t\n<style>\n#gap-1526717774 {\n  padding-top: 0px;\n}\n@media (min-width:550px) {\n  #gap-1526717774 {\n    padding-top: 102px;\n  }\n}\n@media (min-width:850px) {\n  #gap-1526717774 {\n    padding-top: 76px;\n  }\n}\n<\/style>\n\t<\/div>\n\t\n\n<a href=\"http:\/\/vawlt.io\/de\/losungen\/branchen\/finanzen\/\" target=\"_self\" class=\"button primary is-link\"  >\n    <span>Mehr lesen<\/span>\n  <i class=\"icon-angle-right\" ><\/i><\/a>\n\n\n\n\t\t<\/div>\n\t\t\t\t\n<style>\n#col-1668127758 > .col-inner {\n  padding: 20px 20px 0px 20px;\n}\n<\/style>\n\t<\/div>\n\n\t\n\n<\/div>\n\n\t\t<\/div>\n\t\t\t\t\t<\/div>\n\n\t\n\n\t<div id=\"col-59395045\" class=\"col medium-4 small-12 large-4\"  >\n\t\t\t\t<div class=\"col-inner box-shadow-2\"  >\n\t\t\t\n\t\t\t\n\n<div class=\"row row-collapse\"  id=\"row-2070185179\">\n\n\n\t<div id=\"col-868423593\" class=\"col blue-gradient small-12 large-12\"  >\n\t\t\t\t<div class=\"col-inner dark\"  >\n\t\t\t\n\t\t\t\n\n<h3>Anwaltskanzleien<\/h3>\n\n\t\t<\/div>\n\t\t\t\t\n<style>\n#col-868423593 > .col-inner {\n  padding: 20px 0px 10px 20px;\n}\n<\/style>\n\t<\/div>\n\n\t\n\n\t<div id=\"col-1303135504\" class=\"col small-12 large-12\"  >\n\t\t\t\t<div class=\"col-inner\"  >\n\t\t\t\n\t\t\t\n\n<p>Garantieren Sie auf einfache Weise die Vertraulichkeit Ihrer Dokumente und geben Sie sie sicher an Ihre Kunden und Mitarbeiter weiter. Speichern Sie abgeschlossene Prozesse und \u00e4ltere Dateien als Archiv und sparen Sie viel Geld. Unterst\u00fctzen Sie Ihre Kunden auf ihrem Weg zur Einhaltung gesetzlicher Vorschriften.<\/p>\n<a href=\"http:\/\/vawlt.io\/de\/losungen\/branchen\/anwaltskanzleien\/\" target=\"_self\" class=\"button primary is-link\"  >\n    <span>Mehr lesen<\/span>\n  <i class=\"icon-angle-right\" ><\/i><\/a>\n\n\n\n\t\t<\/div>\n\t\t\t\t\n<style>\n#col-1303135504 > .col-inner {\n  padding: 20px 20px 0px 20px;\n}\n<\/style>\n\t<\/div>\n\n\t\n\n<\/div>\n\n\t\t<\/div>\n\t\t\t\t\t<\/div>\n\n\t\n\n<\/div>\n<div class=\"row align-equal\"  id=\"row-682649007\">\n\n\n\t<div id=\"col-1109608860\" class=\"col medium-4 small-12 large-4\"  >\n\t\t\t\t<div class=\"col-inner box-shadow-2\"  >\n\t\t\t\n\t\t\t\n\n<div class=\"row row-collapse\"  id=\"row-623335538\">\n\n\n\t<div id=\"col-1824827485\" class=\"col blue-gradient small-12 large-12\"  >\n\t\t\t\t<div class=\"col-inner dark\"  >\n\t\t\t\n\t\t\t\n\n<h3>Kontaktstellen\n<\/h3>\n\n\t\t<\/div>\n\t\t\t\t\n<style>\n#col-1824827485 > .col-inner {\n  padding: 20px 0px 10px 20px;\n}\n<\/style>\n\t<\/div>\n\n\t\n\n\t<div id=\"col-1380516097\" class=\"col small-12 large-12\"  >\n\t\t\t\t<div class=\"col-inner\"  >\n\t\t\t\n\t\t\t\n\n<p>Verlagern Sie Ihre archivierten Telefonaufzeichnungen und optimieren Sie die Kosten, indem Sie sie in einer Multi-Cloud-L\u00f6sung speichern, die sie sicher aufbewahrt.<\/p>\n\t<div id=\"gap-1787061709\" class=\"gap-element clearfix\" style=\"display:block; height:auto;\">\n\t\t\n<style>\n#gap-1787061709 {\n  padding-top: 0px;\n}\n@media (min-width:550px) {\n  #gap-1787061709 {\n    padding-top: 76px;\n  }\n}\n@media (min-width:850px) {\n  #gap-1787061709 {\n    padding-top: 50px;\n  }\n}\n<\/style>\n\t<\/div>\n\t\n\n<a href=\"http:\/\/vawlt.io\/de\/losungen\/branchen\/kontaktstellen\/\" target=\"_self\" class=\"button primary is-link\"  >\n    <span>Mehr lesen<\/span>\n  <i class=\"icon-angle-right\" ><\/i><\/a>\n\n\n\n\t\t<\/div>\n\t\t\t\t\n<style>\n#col-1380516097 > .col-inner {\n  padding: 20px 20px 0px 20px;\n}\n<\/style>\n\t<\/div>\n\n\t\n\n<\/div>\n\n\t\t<\/div>\n\t\t\t\t\t<\/div>\n\n\t\n\n\t<div id=\"col-705376025\" class=\"col medium-4 small-12 large-4\"  >\n\t\t\t\t<div class=\"col-inner box-shadow-2\"  >\n\t\t\t\n\t\t\t\n\n<div class=\"row row-collapse\"  id=\"row-1600902911\">\n\n\n\t<div id=\"col-1771021470\" class=\"col blue-gradient small-12 large-12\"  >\n\t\t\t\t<div class=\"col-inner dark\"  >\n\t\t\t\n\t\t\t\n\n<h3>SMBs<\/h3>\n\n\t\t<\/div>\n\t\t\t\t\n<style>\n#col-1771021470 > .col-inner {\n  padding: 20px 0px 10px 20px;\n}\n<\/style>\n\t<\/div>\n\n\t\n\n\t<div id=\"col-1542525242\" class=\"col small-12 large-12\"  >\n\t\t\t\t<div class=\"col-inner\"  >\n\t\t\t\n\t\t\t\n\n<p>Wenn Ihr kleines oder mittleres Unternehmen eine lokale On-Premise-Speicherl\u00f6sung (z. B. NAS oder einen Dateiserver) hat, k\u00f6nnen Sie die Kosten durch den Wechsel in die Cloud optimieren und Ihre Daten vor Ransomware-Angriffen sch\u00fctzen.<\/p>\n<a href=\"http:\/\/vawlt.io\/de\/losungen\/branchen\/kleine-und-mittlere-unternehmen\/\" target=\"_self\" class=\"button primary is-link\"  >\n    <span>Mehr lesen<\/span>\n  <i class=\"icon-angle-right\" ><\/i><\/a>\n\n\n\n\t\t<\/div>\n\t\t\t\t\n<style>\n#col-1542525242 > .col-inner {\n  padding: 20px 20px 0px 20px;\n}\n<\/style>\n\t<\/div>\n\n\t\n\n<\/div>\n\n\t\t<\/div>\n\t\t\t\t\t<\/div>\n\n\t\n\n<\/div>\n\n\t\t<\/div>\n\n\t\t\n<style>\n#section_1081547368 {\n  padding-top: 50px;\n  padding-bottom: 50px;\n}\n<\/style>\n\t<\/section>\n\t\n\t<section class=\"section\" id=\"section_2086030642\">\n\t\t<div class=\"bg section-bg fill bg-fill  bg-loaded\" >\n\n\t\t\t\n\t\t\t\n\t\t\t\n\n\t\t<\/div>\n\n\t\t<div class=\"section-content relative\">\n\t\t\t\n\n\t<div id=\"gap-55692647\" class=\"gap-element clearfix\" style=\"display:block; height:auto;\">\n\t\t\n<style>\n#gap-55692647 {\n  padding-top: 40px;\n}\n<\/style>\n\t<\/div>\n\t\n\n<div class=\"row row-collapse align-middle\"  id=\"row-126660377\">\n\n\n\t<div id=\"col-1065181048\" class=\"col medium-6 small-12 large-6\"  >\n\t\t\t\t<div class=\"col-inner text-left\"  >\n\t\t\t\n\t\t\t\n\n\t<div id=\"text-4005057101\" class=\"text\">\n\t\t\n\n<h3 style=\"font-weight: 600;\">Lassen Sie Ihr Unternehmen nicht von Ransomware aufhalten<\/h3>\n\t\t\n<style>\n#text-4005057101 {\n  font-size: 1rem;\n  text-align: center;\n}\n@media (min-width:550px) {\n  #text-4005057101 {\n    text-align: left;\n  }\n}\n<\/style>\n\t<\/div>\n\t\n\t<div id=\"text-2785968897\" class=\"text\">\n\t\t\n\n<h2><span style=\"font-weight: 600; color: #21bffc;\">Der Anfang<\/span><span style=\"font-weight: 600; color: #000000;\">\u00a0ist leicht.<br \/><\/span><\/h2>\n\t\t\n<style>\n#text-2785968897 {\n  font-size: 1.6rem;\n  text-align: center;\n}\n@media (min-width:550px) {\n  #text-2785968897 {\n    text-align: left;\n  }\n}\n<\/style>\n\t<\/div>\n\t\n\n\t\t<\/div>\n\t\t\t\t\n<style>\n#col-1065181048 > .col-inner {\n  padding: 0px 20px 0px 20px;\n}\n@media (min-width:550px) {\n  #col-1065181048 > .col-inner {\n    padding: 0px 0px 0px 20px;\n  }\n}\n<\/style>\n\t<\/div>\n\n\t\n\n\t<div id=\"col-954708475\" class=\"col hide-for-medium medium-6 small-12 large-6\"  >\n\t\t\t\t<div class=\"col-inner text-right\"  >\n\t\t\t\n\t\t\t\n\n<a href=\"http:\/\/vawlt.io\/de\/demo-anfordern\/\" target=\"_self\" class=\"button primary is-large\"  style=\"border-radius:5px;\">\n    <span>Demo Anforden<\/span>\n  <\/a>\n\n\n\n\t\t<\/div>\n\t\t\t\t\n<style>\n#col-954708475 > .col-inner {\n  padding: 0px 20px 0px 20px;\n}\n@media (min-width:550px) {\n  #col-954708475 > .col-inner {\n    padding: 0px 20px 0px 0px;\n  }\n}\n<\/style>\n\t<\/div>\n\n\t\n\n\t<div id=\"col-2008626058\" class=\"col show-for-medium hide-for-small medium-6 small-12 large-6\"  >\n\t\t\t\t<div class=\"col-inner text-right\"  >\n\t\t\t\n\t\t\t\n\n<a href=\"http:\/\/vawlt.io\/de\/demo-anfordern\/\" target=\"_self\" class=\"button primary\"  style=\"border-radius:5px;\">\n    <span>Demo Anforden<\/span>\n  <\/a>\n\n\n\n\t\t<\/div>\n\t\t\t\t\n<style>\n#col-2008626058 > .col-inner {\n  padding: 0px 20px 0px 20px;\n}\n@media (min-width:550px) {\n  #col-2008626058 > .col-inner {\n    padding: 0px 20px 0px 0px;\n  }\n}\n<\/style>\n\t<\/div>\n\n\t\n\n\t<div id=\"col-366763527\" class=\"col show-for-small medium-6 small-12 large-6\"  >\n\t\t\t\t<div class=\"col-inner text-center\"  >\n\t\t\t\n\t\t\t\n\n\t<div id=\"gap-1364229803\" class=\"gap-element clearfix\" style=\"display:block; height:auto;\">\n\t\t\n<style>\n#gap-1364229803 {\n  padding-top: 23px;\n}\n@media (min-width:550px) {\n  #gap-1364229803 {\n    padding-top: 40px;\n  }\n}\n<\/style>\n\t<\/div>\n\t\n\n<a href=\"http:\/\/vawlt.io\/de\/demo-anfordern\/\" target=\"_self\" class=\"button primary is-small\"  style=\"border-radius:5px;\">\n    <span>Demo Anforden<\/span>\n  <\/a>\n\n\n\n\t\t<\/div>\n\t\t\t\t\n<style>\n#col-366763527 > .col-inner {\n  padding: 0px 20px 0px 20px;\n}\n@media (min-width:550px) {\n  #col-366763527 > .col-inner {\n    padding: 0px 20px 0px 0px;\n  }\n}\n<\/style>\n\t<\/div>\n\n\t\n\n<\/div>\n\n\t\t<\/div>\n\n\t\t\n<style>\n#section_2086030642 {\n  padding-top: 30px;\n  padding-bottom: 30px;\n  background-color: rgb(244, 247, 249);\n}\n<\/style>\n\t<\/section>","protected":false},"excerpt":{"rendered":"","protected":false},"author":8,"featured_media":0,"parent":384,"menu_order":0,"comment_status":"closed","ping_status":"closed","template":"page-blank.php","meta":{"footnotes":""},"class_list":["post-564","page","type-page","status-publish","hentry"],"yoast_head":"<!-- This site is optimized with the Yoast SEO plugin v26.2 - https:\/\/yoast.com\/wordpress\/plugins\/seo\/ -->\n<title>Low-Cost Cloud File Archiving Solutions | Multicloud Storage | Vawlt<\/title>\n<meta name=\"description\" content=\"If your workload produces a lot of data, reduce costs by archiving unused files in a multicloud solution, instead of an expensive storage medium.\" \/>\n<meta name=\"robots\" content=\"index, follow, max-snippet:-1, max-image-preview:large, max-video-preview:-1\" \/>\n<link rel=\"canonical\" href=\"https:\/\/site-temp.vawlt.io\/solutions\/use-cases\/file-archiving\/\" \/>\n<meta property=\"og:locale\" content=\"de_DE\" \/>\n<meta property=\"og:type\" content=\"article\" \/>\n<meta property=\"og:title\" content=\"Low-Cost Cloud File Archiving Solutions | Multicloud Storage | Vawlt\" \/>\n<meta property=\"og:description\" content=\"If your workload produces a lot of data, reduce costs by archiving unused files in a multicloud solution, instead of an expensive storage medium.\" \/>\n<meta property=\"og:url\" content=\"https:\/\/site-temp.vawlt.io\/solutions\/use-cases\/file-archiving\/\" \/>\n<meta property=\"og:site_name\" content=\"Vawlt\" \/>\n<meta property=\"article:publisher\" content=\"https:\/\/www.facebook.com\/vawlt\" \/>\n<meta property=\"article:modified_time\" content=\"2025-06-21T15:10:09+00:00\" \/>\n<meta property=\"og:image\" content=\"https:\/\/vawlt.io\/wp-content\/uploads\/2021\/09\/mockup.png\" \/>\n\t<meta property=\"og:image:width\" content=\"500\" \/>\n\t<meta property=\"og:image:height\" content=\"256\" \/>\n\t<meta property=\"og:image:type\" content=\"image\/png\" \/>\n<meta name=\"twitter:card\" content=\"summary_large_image\" \/>\n<meta name=\"twitter:site\" content=\"@vawltio\" \/>\n<!-- \/ Yoast SEO plugin. -->","yoast_head_json":{"title":"Kosteng\u00fcnstige Cloud File Archivierungsl\u00f6sungen | Multicloud Storage | Vawlt","description":"Wenn Ihr Arbeitsaufkommen sehr gro\u00df ist, k\u00f6nnen Sie die Kosten senken, indem Sie ungenutzte Dateien in einer Multi-Cloud-L\u00f6sung archivieren, anstatt sie auf einem teuren Speichermedium zu speichern.","robots":{"index":"index","follow":"follow","max-snippet":"max-snippet:-1","max-image-preview":"max-image-preview:large","max-video-preview":"max-video-preview:-1"},"canonical":"https:\/\/site-temp.vawlt.io\/solutions\/use-cases\/file-archiving\/","og_locale":"de_DE","og_type":"article","og_title":"Low-Cost Cloud File Archiving Solutions | Multicloud Storage | Vawlt","og_description":"If your workload produces a lot of data, reduce costs by archiving unused files in a multicloud solution, instead of an expensive storage medium.","og_url":"https:\/\/site-temp.vawlt.io\/solutions\/use-cases\/file-archiving\/","og_site_name":"Vawlt","article_publisher":"https:\/\/www.facebook.com\/vawlt","article_modified_time":"2025-06-21T15:10:09+00:00","og_image":[{"width":500,"height":256,"url":"https:\/\/vawlt.io\/wp-content\/uploads\/2021\/09\/mockup.png","type":"image\/png"}],"twitter_card":"summary_large_image","twitter_site":"@vawltio","schema":{"@context":"https:\/\/schema.org","@graph":[{"@type":"WebPage","@id":"https:\/\/site-temp.vawlt.io\/solutions\/use-cases\/file-archiving\/","url":"https:\/\/site-temp.vawlt.io\/solutions\/use-cases\/file-archiving\/","name":"Kosteng\u00fcnstige Cloud File Archivierungsl\u00f6sungen | Multicloud Storage | Vawlt","isPartOf":{"@id":"https:\/\/site-temp.vawlt.io\/#website"},"datePublished":"2021-08-13T11:22:37+00:00","dateModified":"2025-06-21T15:10:09+00:00","description":"Wenn Ihr Arbeitsaufkommen sehr gro\u00df ist, k\u00f6nnen Sie die Kosten senken, indem Sie ungenutzte Dateien in einer Multi-Cloud-L\u00f6sung archivieren, anstatt sie auf einem teuren Speichermedium zu speichern.","breadcrumb":{"@id":"https:\/\/site-temp.vawlt.io\/solutions\/use-cases\/file-archiving\/#breadcrumb"},"inLanguage":"de","potentialAction":[{"@type":"ReadAction","target":["https:\/\/site-temp.vawlt.io\/solutions\/use-cases\/file-archiving\/"]}]},{"@type":"BreadcrumbList","@id":"https:\/\/site-temp.vawlt.io\/solutions\/use-cases\/file-archiving\/#breadcrumb","itemListElement":[{"@type":"ListItem","position":1,"name":"Home","item":"https:\/\/vawlt.io\/"},{"@type":"ListItem","position":2,"name":"Solutions","item":"https:\/\/site-temp.vawlt.io\/solutions\/"},{"@type":"ListItem","position":3,"name":"Use cases","item":"https:\/\/site-temp.vawlt.io\/solutions\/use-cases\/"},{"@type":"ListItem","position":4,"name":"File archiving"}]},{"@type":"WebSite","@id":"https:\/\/site-temp.vawlt.io\/#website","url":"https:\/\/site-temp.vawlt.io\/","name":"Vawlt","description":"Multicloud-Datenspeicherl\u00f6sung, die den \u00dcbergang zur Cloud vereinfacht, die Sicherheitsstandards verbessert und die Nutzung von Speicherressourcen optimiert.","publisher":{"@id":"https:\/\/site-temp.vawlt.io\/#organization"},"potentialAction":[{"@type":"SearchAction","target":{"@type":"EntryPoint","urlTemplate":"https:\/\/site-temp.vawlt.io\/?s={search_term_string}"},"query-input":{"@type":"PropertyValueSpecification","valueRequired":true,"valueName":"search_term_string"}}],"inLanguage":"de"},{"@type":"Organization","@id":"https:\/\/site-temp.vawlt.io\/#organization","name":"Vawlt","url":"https:\/\/site-temp.vawlt.io\/","logo":{"@type":"ImageObject","inLanguage":"de","@id":"https:\/\/site-temp.vawlt.io\/#\/schema\/logo\/image\/","url":"http:\/\/vawlt.io\/wp-content\/uploads\/2021\/08\/logo_vawlt_business.png","contentUrl":"http:\/\/vawlt.io\/wp-content\/uploads\/2021\/08\/logo_vawlt_business.png","width":576,"height":92,"caption":"Vawlt"},"image":{"@id":"https:\/\/site-temp.vawlt.io\/#\/schema\/logo\/image\/"},"sameAs":["https:\/\/www.facebook.com\/vawlt","https:\/\/x.com\/vawltio","https:\/\/www.linkedin.com\/company\/vawlt","https:\/\/www.youtube.com\/channel\/UCYzlYYg7j_07CFi8Be0eAMw"]}]}},"_links":{"self":[{"href":"https:\/\/vawlt.io\/de\/wp-json\/wp\/v2\/pages\/564","targetHints":{"allow":["GET"]}}],"collection":[{"href":"https:\/\/vawlt.io\/de\/wp-json\/wp\/v2\/pages"}],"about":[{"href":"https:\/\/vawlt.io\/de\/wp-json\/wp\/v2\/types\/page"}],"author":[{"embeddable":true,"href":"https:\/\/vawlt.io\/de\/wp-json\/wp\/v2\/users\/8"}],"replies":[{"embeddable":true,"href":"https:\/\/vawlt.io\/de\/wp-json\/wp\/v2\/comments?post=564"}],"version-history":[{"count":12,"href":"https:\/\/vawlt.io\/de\/wp-json\/wp\/v2\/pages\/564\/revisions"}],"predecessor-version":[{"id":5620,"href":"https:\/\/vawlt.io\/de\/wp-json\/wp\/v2\/pages\/564\/revisions\/5620"}],"up":[{"embeddable":true,"href":"https:\/\/vawlt.io\/de\/wp-json\/wp\/v2\/pages\/384"}],"wp:attachment":[{"href":"https:\/\/vawlt.io\/de\/wp-json\/wp\/v2\/media?parent=564"}],"curies":[{"name":"wp","href":"https:\/\/api.w.org\/{rel}","templated":true}]}}