{"id":729,"date":"2021-08-16T14:17:09","date_gmt":"2021-08-16T14:17:09","guid":{"rendered":"http:\/\/vawlt.io\/?page_id=729"},"modified":"2022-03-04T17:20:49","modified_gmt":"2022-03-04T17:20:49","slug":"help-center","status":"publish","type":"page","link":"https:\/\/vawlt.io\/de\/unterstutzung\/hilfe-center\/","title":{"rendered":"Hilfe-Center\/FAQ"},"content":{"rendered":"<section class=\"section dark\" id=\"section_764258771\">\n\t\t<div class=\"bg section-bg fill bg-fill  bg-loaded\" >\n\n\t\t\t\n\t\t\t\n\t\t\t\n\n\t\t<\/div>\n\n\t\t<div class=\"section-content relative\">\n\t\t\t\n\n<div class=\"row\"  id=\"row-201326531\">\n\n\n\t<div id=\"col-1271915414\" class=\"col small-12 large-12\"  >\n\t\t\t\t<div class=\"col-inner\"  >\n\t\t\t\n\t\t\t\n\n\t<div id=\"text-667867842\" class=\"text\">\n\t\t\n\n<h1><strong>Vawlt Hilfe-Center<\/strong><\/h1>\n\t\t\n<style>\n#text-667867842 {\n  font-size: 1.6rem;\n}\n<\/style>\n\t<\/div>\n\t\n<p class=\"translation-block\">Willkommen im <strong>Vawlt Hilfe-Center<\/strong>! Hier k\u00f6nnen Sie eine Reihe von Problemen beheben, <strong>h\u00e4ufig gestellte Fragen<\/strong> einsehen und <strong>Video-Tutorials<\/strong> ansehen, die Ihnen bei der Konfiguration helfen k\u00f6nnen. Au\u00dferdem steht Ihnen <strong>unser Team zur Verf\u00fcgung<\/strong>, wenn Sie Hilfe ben\u00f6tigen.<\/p>\n\n\t\t<\/div>\n\t\t\t\t\n<style>\n#col-1271915414 > .col-inner {\n  padding: 50px 20px 20px 20px;\n}\n@media (min-width:850px) {\n  #col-1271915414 > .col-inner {\n    padding: 80px 0px 45px 0px;\n  }\n}\n<\/style>\n\t<\/div>\n\n\t\n\n<\/div>\n\n\t\t<\/div>\n\n\t\t\n<style>\n#section_764258771 {\n  padding-top: 0px;\n  padding-bottom: 0px;\n  background-color: rgb(48, 100, 137);\n}\n<\/style>\n\t<\/section>\n\t\n\t<section class=\"section\" id=\"section_341634597\">\n\t\t<div class=\"bg section-bg fill bg-fill  bg-loaded\" >\n\n\t\t\t\n\t\t\t\n\t\t\t\n\n\t\t<\/div>\n\n\t\t<div class=\"section-content relative\">\n\t\t\t\n\n<div class=\"row\"  id=\"row-1219088472\">\n\n\n\t<div id=\"col-625757010\" class=\"col small-12 large-12\"  >\n\t\t\t\t<div class=\"col-inner\"  >\n\t\t\t\n\t\t\t\n\n\t<div id=\"text-1719025000\" class=\"text\">\n\t\t\n\n<h2><strong>H\u00e4ufig gestellte Fragen<\/strong><\/h2>\n\t\t\n<style>\n#text-1719025000 {\n  font-size: 1.2rem;\n}\n<\/style>\n\t<\/div>\n\t\n<div class=\"accordion\" rel=\"1\">\n\n<div class=\"accordion-item tabs-css\"><a href=\"#\" class=\"accordion-title plain\"><button class=\"toggle\"><i class=\"icon-angle-down\"><\/i><\/button><span>Wie kann ich Vawlt zum Speichern von Daten verwenden?<\/span><\/a><div class=\"accordion-inner\">\n\n<p>Damit Sie Vawlt nutzen k\u00f6nnen, m\u00fcssen alle der folgenden Punkte erf\u00fcllt sein:<\/p>\n<ol>\n<li>Ihr Unternehmensadministrator muss Sie als Unternehmensbenutzer hinzuf\u00fcgen,<\/li>\n<li>Sie m\u00fcssen Ihr Konto aktivieren, indem Sie Ihr Passwort \u00fcber den Link, den Sie in Ihrer E-Mail erhalten, festlegen,<\/li>\n<li>Ihr Unternehmensadministrator muss Ihnen Zugriff auf ein oder mehrere Datenvolumen gew\u00e4hren,<\/li>\n<li>Sie m\u00fcssen die Vawlt-Software herunterladen und auf den Ger\u00e4ten installieren, mit denen Sie auf die Datenmengen zugreifen m\u00f6chten, auf die Sie Zugriff erhalten haben, und<\/li>\n<li>Sie m\u00fcssen sich bei Ihrem Konto anmelden.<\/li>\n<\/ol>\n\n<\/div><\/div>\n<div class=\"accordion-item\"><a href=\"#\" class=\"accordion-title plain\"><button class=\"toggle\"><i class=\"icon-angle-down\"><\/i><\/button><span>Warum muss ich Vawlt herunterladen und installieren, um auf meine Daten zugreifen zu k\u00f6nnen?<\/span><\/a><div class=\"accordion-inner\">\n\n<p>Weil Vawlt eine datenzentrierte Architektur hat. Das bedeutet, dass alle Daten, die Sie bei Vawlt speichern, niemals \u00fcber unsere Server laufen; sie werden direkt zwischen Ihren Ger\u00e4ten und den Cloud-Anbietern \u00fcbertragen, die f\u00fcr jedes Volumes verwendet werden.<\/p>\n\n<\/div><\/div>\n<div class=\"accordion-item\"><a href=\"#\" class=\"accordion-title plain\"><button class=\"toggle\"><i class=\"icon-angle-down\"><\/i><\/button><span>Kann ich Ordner f\u00fcr andere Benutzer freigeben?<\/span><\/a><div class=\"accordion-inner\">\n\n<p>Ja, wenn der Ordner leer ist, wenn Sie die Freigabe initiieren. Gehen Sie auf dem Ger\u00e4t, das Sie f\u00fcr den Zugriff auf Vawlt verwenden, zum Vawlt-Stammordner und erstellen Sie darin einen neuen Ordner. Klicken Sie dann mit der rechten Maustaste auf den Ordner und w\u00e4hlen Sie Vawlt &gt;&gt; Freigeben, um Mitglieder zu diesem Ordner hinzuzuf\u00fcgen. Sie k\u00f6nnen dann beginnen, Inhalte zu diesem Ordner hinzuzuf\u00fcgen und auch Benutzer hinzuf\u00fcgen und entfernen.<\/p>\n\n<\/div><\/div>\n<div class=\"accordion-item\"><a href=\"#\" class=\"accordion-title plain\"><button class=\"toggle\"><i class=\"icon-angle-down\"><\/i><\/button><span>Kann ich mit mehreren Ger\u00e4ten auf Vawlt zugreifen?<\/span><\/a><div class=\"accordion-inner\">\n\n<p>Ja, Sie k\u00f6nnen auf mehreren Ger\u00e4ten in Ihrem Vawlt-Konto angemeldet sein. Alle Ger\u00e4te k\u00f6nnen mit den Volumes interagieren, auf die Sie Zugriff erhalten haben.<\/p>\n\n<\/div><\/div>\n<div class=\"accordion-item\"><a href=\"#\" class=\"accordion-title plain\"><button class=\"toggle\"><i class=\"icon-angle-down\"><\/i><\/button><span>Wo werden meine Daten gespeichert?<\/span><\/a><div class=\"accordion-inner\">\n\n<p>F\u00fcr jedes Volume werden Ihre Daten bei den Providern und an den Speicherorten gespeichert, die Ihr Unternehmensadministrator f\u00fcr dieses spezifische Volume ausgew\u00e4hlt hat. F\u00fcr weitere Informationen wenden Sie sich bitte an Ihren Unternehmensadministrator.<\/p>\n\n<\/div><\/div>\n<div class=\"accordion-item\"><a href=\"#\" class=\"accordion-title plain\"><button class=\"toggle\"><i class=\"icon-angle-down\"><\/i><\/button><span>Was passiert, wenn eine Datei oder ein Ordner von mir oder von jemandem, mit dem ich sie gemeinsam nutze, gel\u00f6scht wird?<\/span><\/a><div class=\"accordion-inner\">\n\n<p>Die Datei oder der Ordner werden dauerhaft gel\u00f6scht und es gibt keinen Weg zur\u00fcck.<\/p>\n\n<\/div><\/div>\n<div class=\"accordion-item\"><a href=\"#\" class=\"accordion-title plain\"><button class=\"toggle\"><i class=\"icon-angle-down\"><\/i><\/button><span>Ich habe mein Passwort vergessen, was soll ich tun?<\/span><\/a><div class=\"accordion-inner\">\n\n<p>Falls Sie Ihr Passwort verlieren oder vergessen, helfen wir Ihnen, ein neues zu setzen. Wenn Sie sich zum ersten Mal mit unserer Software bei Vawlt anmelden, teilen wir Ihnen ein Geheimnis mit, das nur einmal angezeigt wird und das Sie an einem sicheren Ort aufbewahren sollten. Wenn Sie auf dem Anmeldebildschirm Ihrer Vawlt-Software um eine Passwortr\u00fccksetzung bitten, leiten wir einen sicheren R\u00fccksetzungsprozess ein, bei dem Sie irgendwann nach dem vorgenannten Geheimnis gefragt werden.<\/p>\n\n<\/div><\/div>\n<div class=\"accordion-item\"><a href=\"#\" class=\"accordion-title plain\"><button class=\"toggle\"><i class=\"icon-angle-down\"><\/i><\/button><span>Kann ich mit Vawlt \u00fcber die Kommandozeile interagieren?<\/span><\/a><div class=\"accordion-inner\">\n\n<p>Ja, Vawlt verf\u00fcgt \u00fcber eine Befehlszeilenschnittstelle (CLI), die Sie verwenden k\u00f6nnen. F\u00fcr weitere Details laden Sie bitte unseren Vawlt CLI Guide herunter.<\/p>\n\n<\/div><\/div>\n\n<\/div>\n\n\t\t<\/div>\n\t\t\t\t\n<style>\n#col-625757010 > .col-inner {\n  padding: 0px 20px 0px 20px;\n}\n<\/style>\n\t<\/div>\n\n\t\n\n<\/div>\n\n\t\t<\/div>\n\n\t\t\n<style>\n#section_341634597 {\n  padding-top: 50px;\n  padding-bottom: 50px;\n  background-color: rgb(255, 255, 255);\n}\n@media (min-width:550px) {\n  #section_341634597 {\n    padding-top: 50px;\n    padding-bottom: 50px;\n  }\n}\n@media (min-width:850px) {\n  #section_341634597 {\n    padding-top: 80px;\n    padding-bottom: 80px;\n  }\n}\n<\/style>\n\t<\/section>\n\t\n\t<section class=\"section\" id=\"section_851461545\">\n\t\t<div class=\"bg section-bg fill bg-fill  bg-loaded\" >\n\n\t\t\t\n\t\t\t\n\t\t\t\n\n\t\t<\/div>\n\n\t\t<div class=\"section-content relative\">\n\t\t\t\n\n<div class=\"row\"  id=\"row-441961821\">\n\n\n\t<div id=\"col-2034313272\" class=\"col medium-6 small-12 large-6 small-col-first\"  >\n\t\t\t\t<div class=\"col-inner\"  >\n\t\t\t\n\t\t\t\n\n\t<div class=\"img has-hover x md-x lg-x y md-y lg-y\" id=\"image_913283035\">\n\t\t\t\t\t\t\t\t<div class=\"img-inner dark\" >\n\t\t\t<img loading=\"lazy\" decoding=\"async\" width=\"935\" height=\"727\" src=\"https:\/\/vawlt.io\/wp-content\/uploads\/2021\/09\/docs.png\" class=\"attachment-large size-large\" alt=\"\" srcset=\"https:\/\/vawlt.io\/wp-content\/uploads\/2021\/09\/docs.png 935w, https:\/\/vawlt.io\/wp-content\/uploads\/2021\/09\/docs-300x233.png 300w, https:\/\/vawlt.io\/wp-content\/uploads\/2021\/09\/docs-768x597.png 768w\" sizes=\"auto, (max-width: 935px) 100vw, 935px\" \/>\t\t\t\t\t\t\n\t\t\t\t\t<\/div>\n\t\t\t\t\t\t\t\t\n<style>\n#image_913283035 {\n  width: 100%;\n}\n<\/style>\n\t<\/div>\n\t\n\n\n\t\t<\/div>\n\t\t\t\t\n<style>\n#col-2034313272 > .col-inner {\n  padding: 0px 20px 0px 20px;\n}\n@media (min-width:550px) {\n  #col-2034313272 > .col-inner {\n    padding: 0px 0px 0px 20px;\n  }\n}\n<\/style>\n\t<\/div>\n\n\t\n\n\t<div id=\"col-1211958917\" class=\"col medium-6 small-12 large-6\"  >\n\t\t\t\t<div class=\"col-inner\"  >\n\t\t\t\n\t\t\t\n\n\t<div id=\"text-1729455708\" class=\"text\">\n\t\t\n\n<h2><strong>Vawlt Docs<\/strong><\/h2>\n\t\t\n<style>\n#text-1729455708 {\n  font-size: 1.2rem;\n}\n<\/style>\n\t<\/div>\n\t\n<div class=\"h20-guide-plank-core__text\">\n<p>Entdecken Sie unsere umfangreiche Dokumentation zu jedem Aspekt der Dynamic Storage Platform und des Software-Agenten von Vawlt.<\/p>\n<\/div>\n<a rel=\"noopener noreferrer\" href=\"https:\/\/docs.vawlt.io\" target=\"_blank\" class=\"button primary is-outline\"  style=\"border-radius:5px;\">\n    <span>Siehe die Dokumentation<\/span>\n  <\/a>\n\n\n\n\t\t<\/div>\n\t\t\t\t\n<style>\n#col-1211958917 > .col-inner {\n  padding: 0px 20px 0px 20px;\n}\n@media (min-width:550px) {\n  #col-1211958917 > .col-inner {\n    padding: 0px 20px 0px 0px;\n  }\n}\n<\/style>\n\t<\/div>\n\n\t\n\n<\/div>\n\n\t\t<\/div>\n\n\t\t\n<style>\n#section_851461545 {\n  padding-top: 50px;\n  padding-bottom: 50px;\n  background-color: rgb(248, 250, 250);\n}\n@media (min-width:850px) {\n  #section_851461545 {\n    padding-top: 80px;\n    padding-bottom: 80px;\n  }\n}\n<\/style>\n\t<\/section>\n\t\n\t<section class=\"section\" id=\"section_1933680654\">\n\t\t<div class=\"bg section-bg fill bg-fill  bg-loaded\" >\n\n\t\t\t\n\t\t\t\n\t\t\t\n\n\t\t<\/div>\n\n\t\t<div class=\"section-content relative\">\n\t\t\t\n\n<div class=\"row\"  id=\"row-259717919\">\n\n\n\t<div id=\"col-689476897\" class=\"col medium-6 small-12 large-6\"  >\n\t\t\t\t<div class=\"col-inner\"  >\n\t\t\t\n\t\t\t\n\n\t<div id=\"text-1851461248\" class=\"text\">\n\t\t\n\n<h2><strong>Vawlt Video Tutorials<\/strong><\/h2>\n\t\t\n<style>\n#text-1851461248 {\n  font-size: 1.2rem;\n}\n<\/style>\n\t<\/div>\n\t\n<div class=\"h20-guide-plank-core__text\">\n<p>Schauen Sie sich unsere Video-Tutorials an, die Ihnen helfen k\u00f6nnen, die wichtigsten Konzepte und fortgeschrittenen Funktionen zu erlernen.<\/p>\n<\/div>\n<a href=\"\/de\/unterstutzung\/tutorials\/\" target=\"_self\" class=\"button primary is-outline\"  style=\"border-radius:5px;\">\n    <span>Siehe Videos<\/span>\n  <\/a>\n\n\n\n\t\t<\/div>\n\t\t\t\t\n<style>\n#col-689476897 > .col-inner {\n  padding: 0px 20px 0px 20px;\n}\n@media (min-width:550px) {\n  #col-689476897 > .col-inner {\n    padding: 0px 0px 0px 20px;\n  }\n}\n<\/style>\n\t<\/div>\n\n\t\n\n\t<div id=\"col-1070823345\" class=\"col medium-6 small-12 large-6 small-col-first\"  >\n\t\t\t\t<div class=\"col-inner\"  >\n\t\t\t\n\t\t\t\n\n\t<div class=\"img has-hover x md-x lg-x y md-y lg-y\" id=\"image_624989648\">\n\t\t\t\t\t\t\t\t<div class=\"img-inner dark\" >\n\t\t\t<img loading=\"lazy\" decoding=\"async\" width=\"935\" height=\"727\" src=\"https:\/\/vawlt.io\/wp-content\/uploads\/2021\/09\/videos-help.png\" class=\"attachment-large size-large\" alt=\"\" srcset=\"https:\/\/vawlt.io\/wp-content\/uploads\/2021\/09\/videos-help.png 935w, https:\/\/vawlt.io\/wp-content\/uploads\/2021\/09\/videos-help-300x233.png 300w, https:\/\/vawlt.io\/wp-content\/uploads\/2021\/09\/videos-help-768x597.png 768w\" sizes=\"auto, (max-width: 935px) 100vw, 935px\" \/>\t\t\t\t\t\t\n\t\t\t\t\t<\/div>\n\t\t\t\t\t\t\t\t\n<style>\n#image_624989648 {\n  width: 100%;\n}\n<\/style>\n\t<\/div>\n\t\n\n\n\t\t<\/div>\n\t\t\t\t\n<style>\n#col-1070823345 > .col-inner {\n  padding: 0px 20px 0px 20px;\n}\n@media (min-width:550px) {\n  #col-1070823345 > .col-inner {\n    padding: 0px 20px 0px 0px;\n  }\n}\n<\/style>\n\t<\/div>\n\n\t\n\n<\/div>\n\n\t\t<\/div>\n\n\t\t\n<style>\n#section_1933680654 {\n  padding-top: 50px;\n  padding-bottom: 50px;\n  background-color: rgb(255, 255, 255);\n}\n@media (min-width:850px) {\n  #section_1933680654 {\n    padding-top: 80px;\n    padding-bottom: 80px;\n  }\n}\n<\/style>\n\t<\/section>\n\t\n\t<section class=\"section\" id=\"section_1701829567\">\n\t\t<div class=\"bg section-bg fill bg-fill  bg-loaded\" >\n\n\t\t\t\n\t\t\t\n\t\t\t\n\n\t\t<\/div>\n\n\t\t<div class=\"section-content relative\">\n\t\t\t\n\n\t<div id=\"gap-553315165\" class=\"gap-element clearfix\" style=\"display:block; height:auto;\">\n\t\t\n<style>\n#gap-553315165 {\n  padding-top: 40px;\n}\n<\/style>\n\t<\/div>\n\t\n\n<div class=\"row row-collapse align-middle\"  id=\"row-420115645\">\n\n\n\t<div id=\"col-1043309373\" class=\"col medium-6 small-12 large-6\"  >\n\t\t\t\t<div class=\"col-inner text-left\"  >\n\t\t\t\n\t\t\t\n\n\t<div id=\"text-244051581\" class=\"text\">\n\t\t\n\n<h3 style=\"font-weight: 600;\">Lassen Sie Ihr Unternehmen nicht von Ransomware aufhalten<\/h3>\n\t\t\n<style>\n#text-244051581 {\n  font-size: 1rem;\n  text-align: center;\n}\n@media (min-width:550px) {\n  #text-244051581 {\n    text-align: left;\n  }\n}\n<\/style>\n\t<\/div>\n\t\n\t<div id=\"text-3812051429\" class=\"text\">\n\t\t\n\n<h2><span style=\"font-weight: 600; color: #21bffc;\">Der Anfang<\/span><span style=\"font-weight: 600; color: #000000;\">\u00a0ist leicht.<br \/><\/span><\/h2>\n\t\t\n<style>\n#text-3812051429 {\n  font-size: 1.6rem;\n  text-align: center;\n}\n@media (min-width:550px) {\n  #text-3812051429 {\n    text-align: left;\n  }\n}\n<\/style>\n\t<\/div>\n\t\n\n\t\t<\/div>\n\t\t\t\t\n<style>\n#col-1043309373 > .col-inner {\n  padding: 0px 20px 0px 20px;\n}\n@media (min-width:550px) {\n  #col-1043309373 > .col-inner {\n    padding: 0px 0px 0px 20px;\n  }\n}\n<\/style>\n\t<\/div>\n\n\t\n\n\t<div id=\"col-2005742587\" class=\"col hide-for-medium medium-6 small-12 large-6\"  >\n\t\t\t\t<div class=\"col-inner text-right\"  >\n\t\t\t\n\t\t\t\n\n<a href=\"http:\/\/vawlt.io\/de\/demo-anfordern\/\" target=\"_self\" class=\"button primary is-large\"  style=\"border-radius:5px;\">\n    <span>Demo Anforden<\/span>\n  <\/a>\n\n\n\n\t\t<\/div>\n\t\t\t\t\n<style>\n#col-2005742587 > .col-inner {\n  padding: 0px 20px 0px 20px;\n}\n@media (min-width:550px) {\n  #col-2005742587 > .col-inner {\n    padding: 0px 20px 0px 0px;\n  }\n}\n<\/style>\n\t<\/div>\n\n\t\n\n\t<div id=\"col-1108657049\" class=\"col show-for-medium hide-for-small medium-6 small-12 large-6\"  >\n\t\t\t\t<div class=\"col-inner text-right\"  >\n\t\t\t\n\t\t\t\n\n<a href=\"http:\/\/vawlt.io\/de\/demo-anfordern\/\" target=\"_self\" class=\"button primary\"  style=\"border-radius:5px;\">\n    <span>Demo Anforden<\/span>\n  <\/a>\n\n\n\n\t\t<\/div>\n\t\t\t\t\n<style>\n#col-1108657049 > .col-inner {\n  padding: 0px 20px 0px 20px;\n}\n@media (min-width:550px) {\n  #col-1108657049 > .col-inner {\n    padding: 0px 20px 0px 0px;\n  }\n}\n<\/style>\n\t<\/div>\n\n\t\n\n\t<div id=\"col-1336888702\" class=\"col show-for-small medium-6 small-12 large-6\"  >\n\t\t\t\t<div class=\"col-inner text-center\"  >\n\t\t\t\n\t\t\t\n\n\t<div id=\"gap-1658735287\" class=\"gap-element clearfix\" style=\"display:block; height:auto;\">\n\t\t\n<style>\n#gap-1658735287 {\n  padding-top: 23px;\n}\n@media (min-width:550px) {\n  #gap-1658735287 {\n    padding-top: 40px;\n  }\n}\n<\/style>\n\t<\/div>\n\t\n\n<a href=\"http:\/\/vawlt.io\/de\/demo-anfordern\/\" target=\"_self\" class=\"button primary is-small\"  style=\"border-radius:5px;\">\n    <span>Demo Anforden<\/span>\n  <\/a>\n\n\n\n\t\t<\/div>\n\t\t\t\t\n<style>\n#col-1336888702 > .col-inner {\n  padding: 0px 20px 0px 20px;\n}\n@media (min-width:550px) {\n  #col-1336888702 > .col-inner {\n    padding: 0px 20px 0px 0px;\n  }\n}\n<\/style>\n\t<\/div>\n\n\t\n\n<\/div>\n\n\t\t<\/div>\n\n\t\t\n<style>\n#section_1701829567 {\n  padding-top: 30px;\n  padding-bottom: 30px;\n  background-color: rgb(244, 247, 249);\n}\n<\/style>\n\t<\/section>","protected":false},"excerpt":{"rendered":"","protected":false},"author":8,"featured_media":0,"parent":2186,"menu_order":0,"comment_status":"closed","ping_status":"closed","template":"page-blank.php","meta":{"footnotes":""},"class_list":["post-729","page","type-page","status-publish","hentry"],"yoast_head":"<!-- This site is optimized with the Yoast SEO plugin v26.2 - https:\/\/yoast.com\/wordpress\/plugins\/seo\/ -->\n<title>Help Center | Support | Multicloud Storage | Vawlt<\/title>\n<meta name=\"description\" content=\"Here you can check the FAQ and see video tutorials that can help you through the configuration process. Also, our team is available to assist you.\" \/>\n<meta name=\"robots\" content=\"index, follow, max-snippet:-1, max-image-preview:large, max-video-preview:-1\" \/>\n<link rel=\"canonical\" href=\"https:\/\/site-temp.vawlt.io\/support\/help-center\/\" \/>\n<meta property=\"og:locale\" content=\"de_DE\" \/>\n<meta property=\"og:type\" content=\"article\" \/>\n<meta property=\"og:title\" content=\"Help Center | Support | Multicloud Storage | Vawlt\" \/>\n<meta property=\"og:description\" content=\"Here you can check the FAQ and see video tutorials that can help you through the configuration process. Also, our team is available to assist you.\" \/>\n<meta property=\"og:url\" content=\"https:\/\/site-temp.vawlt.io\/support\/help-center\/\" \/>\n<meta property=\"og:site_name\" content=\"Vawlt\" \/>\n<meta property=\"article:publisher\" content=\"https:\/\/www.facebook.com\/vawlt\" \/>\n<meta property=\"article:modified_time\" content=\"2022-03-04T17:20:49+00:00\" \/>\n<meta property=\"og:image\" content=\"https:\/\/vawlt.io\/wp-content\/uploads\/2021\/09\/mockup.png\" \/>\n\t<meta property=\"og:image:width\" content=\"500\" \/>\n\t<meta property=\"og:image:height\" content=\"256\" \/>\n\t<meta property=\"og:image:type\" content=\"image\/png\" \/>\n<meta name=\"twitter:card\" content=\"summary_large_image\" \/>\n<meta name=\"twitter:site\" content=\"@vawltio\" \/>\n<meta name=\"twitter:label1\" content=\"Gesch\u00e4tzte Lesezeit\" \/>\n\t<meta name=\"twitter:data1\" content=\"3\u00a0Minuten\" \/>\n<!-- \/ Yoast SEO plugin. -->","yoast_head_json":{"title":"Help Center | Support | Multicloud Storage | Vawlt","description":"Here you can check the FAQ and see video tutorials that can help you through the configuration process. Also, our team is available to assist you.","robots":{"index":"index","follow":"follow","max-snippet":"max-snippet:-1","max-image-preview":"max-image-preview:large","max-video-preview":"max-video-preview:-1"},"canonical":"https:\/\/site-temp.vawlt.io\/support\/help-center\/","og_locale":"de_DE","og_type":"article","og_title":"Help Center | Support | Multicloud Storage | Vawlt","og_description":"Here you can check the FAQ and see video tutorials that can help you through the configuration process. Also, our team is available to assist you.","og_url":"https:\/\/site-temp.vawlt.io\/support\/help-center\/","og_site_name":"Vawlt","article_publisher":"https:\/\/www.facebook.com\/vawlt","article_modified_time":"2022-03-04T17:20:49+00:00","og_image":[{"width":500,"height":256,"url":"https:\/\/vawlt.io\/wp-content\/uploads\/2021\/09\/mockup.png","type":"image\/png"}],"twitter_card":"summary_large_image","twitter_site":"@vawltio","twitter_misc":{"Gesch\u00e4tzte Lesezeit":"3\u00a0Minuten"},"schema":{"@context":"https:\/\/schema.org","@graph":[{"@type":["WebPage","FAQPage"],"@id":"https:\/\/site-temp.vawlt.io\/support\/help-center\/","url":"https:\/\/site-temp.vawlt.io\/support\/help-center\/","name":"Help Center | Support | Multicloud Storage | Vawlt","isPartOf":{"@id":"https:\/\/site-temp.vawlt.io\/#website"},"datePublished":"2021-08-16T14:17:09+00:00","dateModified":"2022-03-04T17:20:49+00:00","description":"Here you can check the FAQ and see video tutorials that can help you through the configuration process. Also, our team is available to assist you.","breadcrumb":{"@id":"https:\/\/site-temp.vawlt.io\/support\/help-center\/#breadcrumb"},"inLanguage":"de","potentialAction":[{"@type":"ReadAction","target":["https:\/\/site-temp.vawlt.io\/support\/help-center\/"]}]},{"@type":"BreadcrumbList","@id":"https:\/\/site-temp.vawlt.io\/support\/help-center\/#breadcrumb","itemListElement":[{"@type":"ListItem","position":1,"name":"Home","item":"https:\/\/vawlt.io\/"},{"@type":"ListItem","position":2,"name":"Support","item":"https:\/\/site-temp.vawlt.io\/support\/"},{"@type":"ListItem","position":3,"name":"Help Center\/FAQ"}]},{"@type":"WebSite","@id":"https:\/\/site-temp.vawlt.io\/#website","url":"https:\/\/site-temp.vawlt.io\/","name":"Vawlt","description":"Multicloud-Datenspeicherl\u00f6sung, die den \u00dcbergang zur Cloud vereinfacht, die Sicherheitsstandards verbessert und die Nutzung von Speicherressourcen optimiert.","publisher":{"@id":"https:\/\/site-temp.vawlt.io\/#organization"},"potentialAction":[{"@type":"SearchAction","target":{"@type":"EntryPoint","urlTemplate":"https:\/\/site-temp.vawlt.io\/?s={search_term_string}"},"query-input":{"@type":"PropertyValueSpecification","valueRequired":true,"valueName":"search_term_string"}}],"inLanguage":"de"},{"@type":"Organization","@id":"https:\/\/site-temp.vawlt.io\/#organization","name":"Vawlt","url":"https:\/\/site-temp.vawlt.io\/","logo":{"@type":"ImageObject","inLanguage":"de","@id":"https:\/\/site-temp.vawlt.io\/#\/schema\/logo\/image\/","url":"http:\/\/vawlt.io\/wp-content\/uploads\/2021\/08\/logo_vawlt_business.png","contentUrl":"http:\/\/vawlt.io\/wp-content\/uploads\/2021\/08\/logo_vawlt_business.png","width":576,"height":92,"caption":"Vawlt"},"image":{"@id":"https:\/\/site-temp.vawlt.io\/#\/schema\/logo\/image\/"},"sameAs":["https:\/\/www.facebook.com\/vawlt","https:\/\/x.com\/vawltio","https:\/\/www.linkedin.com\/company\/vawlt","https:\/\/www.youtube.com\/channel\/UCYzlYYg7j_07CFi8Be0eAMw"]}]}},"_links":{"self":[{"href":"https:\/\/vawlt.io\/de\/wp-json\/wp\/v2\/pages\/729","targetHints":{"allow":["GET"]}}],"collection":[{"href":"https:\/\/vawlt.io\/de\/wp-json\/wp\/v2\/pages"}],"about":[{"href":"https:\/\/vawlt.io\/de\/wp-json\/wp\/v2\/types\/page"}],"author":[{"embeddable":true,"href":"https:\/\/vawlt.io\/de\/wp-json\/wp\/v2\/users\/8"}],"replies":[{"embeddable":true,"href":"https:\/\/vawlt.io\/de\/wp-json\/wp\/v2\/comments?post=729"}],"version-history":[{"count":34,"href":"https:\/\/vawlt.io\/de\/wp-json\/wp\/v2\/pages\/729\/revisions"}],"predecessor-version":[{"id":2248,"href":"https:\/\/vawlt.io\/de\/wp-json\/wp\/v2\/pages\/729\/revisions\/2248"}],"up":[{"embeddable":true,"href":"https:\/\/vawlt.io\/de\/wp-json\/wp\/v2\/pages\/2186"}],"wp:attachment":[{"href":"https:\/\/vawlt.io\/de\/wp-json\/wp\/v2\/media?parent=729"}],"curies":[{"name":"wp","href":"https:\/\/api.w.org\/{rel}","templated":true}]}}