{"id":764,"date":"2021-08-17T09:44:26","date_gmt":"2021-08-17T09:44:26","guid":{"rendered":"http:\/\/vawlt.io\/?page_id=764"},"modified":"2025-05-14T16:38:11","modified_gmt":"2025-05-14T16:38:11","slug":"privacy-policy","status":"publish","type":"page","link":"https:\/\/vawlt.io\/de\/datenschutzbestimmungen\/","title":{"rendered":"Datenschutzbestimmungen"},"content":{"rendered":"<section class=\"section\" id=\"section_814676467\">\n\t\t<div class=\"bg section-bg fill bg-fill  bg-loaded\" >\n\n\t\t\t\n\t\t\t\n\t\t\t\n\n\t\t<\/div>\n\n\t\t<div class=\"section-content relative\">\n\t\t\t\n\n<div class=\"row\"  id=\"row-1285891000\">\n\n\n\t<div id=\"col-102426137\" class=\"col small-12 large-12\"  >\n\t\t\t\t<div class=\"col-inner\"  >\n\t\t\t\n\t\t\t\n\n\t<div id=\"text-3815093837\" class=\"text\">\n\t\t\n\n<h1><strong>Datenschutzbestimmungen<\/strong><\/h1>\n\t\t\n<style>\n#text-3815093837 {\n  font-size: 1.6rem;\n}\n<\/style>\n\t<\/div>\n\t\n\n\t\t<\/div>\n\t\t\t\t\n<style>\n#col-102426137 > .col-inner {\n  padding: 50px 20px 0px 20px;\n}\n@media (min-width:850px) {\n  #col-102426137 > .col-inner {\n    padding: 80px 0px 0px 0px;\n  }\n}\n<\/style>\n\t<\/div>\n\n\t\n\n<\/div>\n<div class=\"row\"  id=\"row-1094341937\">\n\n\n\t<div id=\"col-1661553977\" class=\"col small-12 large-12\"  >\n\t\t\t\t<div class=\"col-inner\"  >\n\t\t\t\n\t\t\t\n\n<h3>Zuletzt aktualisiert am 15. Januar 2020<\/h3>\n<p>Wir verpflichten uns, Ihre pers\u00f6nlichen Daten und Ihr Recht auf Privatsph\u00e4re zu sch\u00fctzen. Wenn Sie Fragen oder Bedenken zu unserer Politik oder unseren Praktiken in Bezug auf Ihre pers\u00f6nlichen Daten haben, kontaktieren Sie uns bitte unter <strong>privacy (at) vawlt.io<\/strong>.<\/p>\n<p>Diese Datenschutzrichtlinie gilt f\u00fcr alle Informationen, die \u00fcber unsere Website <a href=\"http:\/\/vawlt.io\/de\/\" target=\"_blank\" rel=\"noopener\">http:\/\/vawlt.io<\/a> und \u00fcber unsere Plattform gesammelt werden, auf die nur die Administratoren unserer Kunden unter <a href=\"https:\/\/platform.vawlt.io\/login\" target=\"_blank\" rel=\"noopener\">https:\/\/platform.vawlt.io\/login<\/a>, zugreifen k\u00f6nnen und die in dieser Datenschutzrichtlinie als \"Website\" bezeichnet wird.<\/p>\n<p>Diese Datenschutzerkl\u00e4rung GILT NICHT f\u00fcr die Daten, die Sie \u00fcber unseren Dienst speichern. Da wir ein Ende-zu-Ende-Verschl\u00fcsselungsprotokoll ohne Kenntnisnahme verwenden, gibt es f\u00fcr uns keinen technischen Weg, um funktionalen Zugriff auf diese Daten zu erhalten. Weitere Informationen finden Sie in unseren <a href=\"http:\/\/vawlt.io\/de\/nutzungsbedingungen\/\">Nutzungsbedingungen<\/a>.<\/p>\n<p><strong>Bitte lesen Sie diese Datenschutzrichtlinie sorgf\u00e4ltig durch, da sie Ihnen helfen wird, fundierte Entscheidungen \u00fcber die Weitergabe Ihrer pers\u00f6nlichen Daten an uns zu treffen.<\/strong><\/p>\n\n\t\t<\/div>\n\t\t\t\t\n<style>\n#col-1661553977 > .col-inner {\n  padding: 0px 20px 0px 20px;\n}\n<\/style>\n\t<\/div>\n\n\t\n\n\t<div id=\"col-972743410\" class=\"col small-12 large-12\"  >\n\t\t\t\t<div class=\"col-inner\"  >\n\t\t\t\n\t\t\t\n\n<h4 class=\"uppercase\">1. WELCHE INFORMATIONEN SAMMELN WIR? <\/h4>\n<h5>Pers\u00f6nliche Informationen, die Sie uns mitteilen<\/h5>\n<ul>\n<li>Wir sammeln den Namen und die E-Mail-Adressen der Nutzer unserer Kunden, die von den Administratoren der Kunden zur Verf\u00fcgung gestellt werden und die wir ben\u00f6tigen, um unseren Kunden unseren Service anbieten zu k\u00f6nnen. Diese Informationen werden in unseren Datenbanken sicher und verschl\u00fcsselt gespeichert.<\/li>\n<\/ul>\n<h5>Automatisch erfasste Informationen<\/h5>\n<ul>\n<li>Wir erfassen automatisch anonyme Informationen, n\u00e4mlich IP-Adressen und\/oder Merkmale von Browsern und Ger\u00e4ten, wenn Sie unsere Website besuchen.<\/li>\n<li> Was die Nutzer unserer Kunden betrifft, so erfassen wir den Ger\u00e4tenamen und die IP-Adresse der Ger\u00e4te, mit denen sie sich \u00fcber unsere Software bei Vawlt anmelden, und diese Informationen werden auch in verschl\u00fcsselter Form sicher in unseren Datenbanken gespeichert.<\/li>\n<\/ul>\n\n\t\t<\/div>\n\t\t\t\t\n<style>\n#col-972743410 > .col-inner {\n  padding: 0px 20px 0px 20px;\n}\n<\/style>\n\t<\/div>\n\n\t\n\n\t<div id=\"col-138584966\" class=\"col small-12 large-12\"  >\n\t\t\t\t<div class=\"col-inner\"  >\n\t\t\t\n\t\t\t\n\n<h4 class=\"uppercase\">2. WIE VERWENDEN WIR IHRE INFORMATIONEN? <\/h4>\n<ul>\n<li>Wir verarbeiten Ihre Daten f\u00fcr Zwecke, die auf legitimen Gesch\u00e4ftsinteressen, der Erf\u00fcllung unseres Vertrags mit Ihnen, der Einhaltung unserer gesetzlichen Verpflichtungen und\/oder Ihrer Zustimmung beruhen.<\/li>\n<li>Wir verwenden die Informationen, die wir sammeln oder erhalten:\n<ul>\n<li>Wir k\u00f6nnen Ihre pers\u00f6nlichen Daten verwenden, um Ihnen Informationen \u00fcber Produkte, Dienstleistungen und neue Funktionen und\/oder Informationen \u00fcber \u00c4nderungen unserer Bedingungen und Richtlinien zuzusenden. <\/li>\n<li> Wir k\u00f6nnen Ihre Daten verwenden, um Sie um Feedback zu bitten und Sie \u00fcber Ihre Nutzung unserer Website zu informieren. <\/li>\n<li> Zur Durchsetzung unserer Gesch\u00e4ftsbedingungen und Richtlinien f\u00fcr gesch\u00e4ftliche Zwecke und\/oder aus rechtlichen Gr\u00fcnden. <\/li>\n<li> Zur Beantwortung rechtlicher Anfragen und zur Vermeidung von Schaden aus rechtlichen Gr\u00fcnden. Wenn wir eine Vorladung oder ein anderes rechtliches Ersuchen erhalten, m\u00fcssen wir m\u00f6glicherweise die in unserem Besitz befindlichen Daten pr\u00fcfen, um festzustellen, wie wir darauf reagieren sollen. <\/li>\n<li> Wir k\u00f6nnen Ihre Daten f\u00fcr andere Gesch\u00e4ftszwecke verwenden, wie z. B. zur Datenanalyse, zur Ermittlung von Nutzungstrends, zur Bestimmung der Wirksamkeit unserer Werbekampagnen und zur Bewertung und Verbesserung unserer Website, Produkte, Dienstleistungen, des Marketings und Ihrer Erfahrungen. <\/li><\/ul>\n<\/li>\n<\/ul>\n\n\t\t<\/div>\n\t\t\t\t\n<style>\n#col-138584966 > .col-inner {\n  padding: 0px 20px 0px 20px;\n}\n<\/style>\n\t<\/div>\n\n\t\n\n\t<div id=\"col-495134900\" class=\"col small-12 large-12\"  >\n\t\t\t\t<div class=\"col-inner\"  >\n\t\t\t\n\t\t\t\n\n<h4 class=\"uppercase\">3. WERDEN IHRE INFORMATIONEN AN DRITTE WEITERGEGEBEN? <\/h4>\n<ul>\n<li>Wir geben Informationen nur mit Ihrem Einverst\u00e4ndnis weiter, um Gesetze einzuhalten, Ihre Rechte zu sch\u00fctzen oder um gesch\u00e4ftliche Verpflichtungen zu erf\u00fcllen.<\/li>\n<li>Wir werden Ihre Daten nur in den folgenden Situationen weitergeben und offenlegen:\n<ul>\n<li>Wir k\u00f6nnen Ihre Daten offenlegen, wenn wir gesetzlich dazu verpflichtet sind, um geltendem Recht, beh\u00f6rdlichen Aufforderungen, einem Gerichtsverfahren, einem Gerichtsbeschluss oder einem rechtlichen Verfahren nachzukommen, wie z. B. als Reaktion auf einen Gerichtsbeschluss oder eine Vorladung (einschlie\u00dflich als Reaktion auf \u00f6ffentliche Beh\u00f6rden zur Erf\u00fcllung nationaler Sicherheits- oder Strafverfolgungsanforderungen). <\/li>\n<li> Wichtige Interessen und gesetzliche Rechte. Wir k\u00f6nnen Ihre Daten offenlegen, wenn wir der Meinung sind, dass dies notwendig ist, um potenzielle Verst\u00f6\u00dfe gegen unsere Richtlinien, Betrugsverdacht, Situationen, die eine potenzielle Bedrohung f\u00fcr die Sicherheit einer Person darstellen, und illegale Aktivit\u00e4ten zu untersuchen, zu verhindern oder Ma\u00dfnahmen zu ergreifen, oder als Beweismittel in Rechtsstreitigkeiten, an denen wir beteiligt sind. <\/li>\n<li> Wir k\u00f6nnen Ihre Daten in Verbindung mit oder w\u00e4hrend der Verhandlungen \u00fcber eine Fusion, den Verkauf von Unternehmensverm\u00f6gen, eine Finanzierung oder die \u00dcbernahme unseres gesamten oder eines Teils unseres Unternehmens durch ein anderes Unternehmen weitergeben oder \u00fcbertragen. <\/li>\n<li> Mit Ihrem Einverst\u00e4ndnis k\u00f6nnen wir Ihre personenbezogenen Daten auch f\u00fcr andere Zwecke weitergeben.<\/li><\/ul>\n<\/li>\n<\/ul>\n\n\t\t<\/div>\n\t\t\t\t\n<style>\n#col-495134900 > .col-inner {\n  padding: 0px 20px 0px 20px;\n}\n<\/style>\n\t<\/div>\n\n\t\n\n\t<div id=\"col-8980313\" class=\"col small-12 large-12\"  >\n\t\t\t\t<div class=\"col-inner\"  >\n\t\t\t\n\t\t\t\n\n<h4 class=\"uppercase\">4. VERWENDEN WIR COOKIES UND ANDERE TRACKING-TECHNOLOGIEN? <\/h4>\n<ul>\n<li>Wir k\u00f6nnen Cookies und \u00e4hnliche Tracking-Technologien (wie Web-Beacons und Pixel) verwenden, um Informationen abzurufen oder zu speichern. Spezifische Informationen dar\u00fcber, wie wir solche Technologien verwenden und wie Sie bestimmte Cookies ablehnen k\u00f6nnen, finden Sie in unserer <a href=\"\/de\/cookie-policy\/\">Cookie-Richtlinie<\/a>.<\/li>\n<\/ul>\n\n\t\t<\/div>\n\t\t\t\t\n<style>\n#col-8980313 > .col-inner {\n  padding: 0px 20px 0px 20px;\n}\n<\/style>\n\t<\/div>\n\n\t\n\n\t<div id=\"col-891438091\" class=\"col small-12 large-12\"  >\n\t\t\t\t<div class=\"col-inner\"  >\n\t\t\t\n\t\t\t\n\n<h4 class=\"uppercase\">5. WIE LANGE BEWAHREN WIR IHRE INFORMATIONEN AUF? <\/h4>\n<ul>\n<li>Wir werden Ihre personenbezogenen Daten nur so lange aufbewahren, wie es f\u00fcr die in dieser Datenschutzerkl\u00e4rung dargelegten Zwecke erforderlich ist, es sei denn, eine l\u00e4ngere Aufbewahrungsfrist ist gesetzlich vorgeschrieben oder zul\u00e4ssig (z. B. aus steuerlichen, buchhalterischen oder anderen rechtlichen Gr\u00fcnden). F\u00fcr keinen der in dieser Richtlinie genannten Zwecke m\u00fcssen wir Ihre personenbezogenen Daten l\u00e4nger aufbewahren als f\u00fcr den Zeitraum, in dem die Nutzer ein Konto bei uns haben.<\/li>\n<li> Wenn wir keine legitime gesch\u00e4ftliche Notwendigkeit mehr haben, Ihre pers\u00f6nlichen Daten zu verarbeiten, werden wir sie entweder l\u00f6schen oder anonymisieren. <\/li>\n<\/ul>\n\n\t\t<\/div>\n\t\t\t\t\n<style>\n#col-891438091 > .col-inner {\n  padding: 0px 20px 0px 20px;\n}\n<\/style>\n\t<\/div>\n\n\t\n\n\t<div id=\"col-2118940724\" class=\"col small-12 large-12\"  >\n\t\t\t\t<div class=\"col-inner\"  >\n\t\t\t\n\t\t\t\n\n<h4 class=\"uppercase\">6. WIE BEWAHREN WIR IHRE INFORMATIONEN SICHER AUF? <\/h4>\n<ul>\n<li>Alle Daten, die von den Administratoren unserer Kunden zur Verf\u00fcgung gestellt werden, sowie die Daten, die von uns automatisch erfasst werden, um Ihnen unseren Service anbieten zu k\u00f6nnen, werden in unseren Datenbanken sicher und verschl\u00fcsselt gespeichert.<\/li>\n<li> Obwohl wir stets unser Bestes tun, um Ihre pers\u00f6nlichen Daten zu sch\u00fctzen, erfolgt die \u00dcbertragung pers\u00f6nlicher Daten zu und von unserer Website auf Ihr eigenes Risiko. Sie sollten nur in einer sicheren Umgebung auf die Dienste zugreifen. <\/li>\n<\/ul>\n\n\t\t<\/div>\n\t\t\t\t\n<style>\n#col-2118940724 > .col-inner {\n  padding: 0px 20px 0px 20px;\n}\n<\/style>\n\t<\/div>\n\n\t\n\n\t<div id=\"col-1528121464\" class=\"col small-12 large-12\"  >\n\t\t\t\t<div class=\"col-inner\"  >\n\t\t\t\n\t\t\t\n\n<h4 class=\"uppercase\">7. WELCHE RECHTE HABEN SIE IN BEZUG AUF IHRE PRIVATSPH\u00c4RE?<\/h4>\n<ul>\n<li>In einigen Regionen (wie dem Europ\u00e4ischen Wirtschaftsraum) haben Sie nach den geltenden Datenschutzgesetzen bestimmte Rechte. Dazu kann das Recht geh\u00f6ren\n<ul>\n<li>(i) Zugang zu Ihren personenbezogenen Daten zu verlangen und eine Kopie davon zu erhalten,<\/li>\n<li>(ii) eine Berichtigung oder L\u00f6schung zu verlangen,<\/li>\n<li>(iii) die Verarbeitung Ihrer personenbezogenen Daten einzuschr\u00e4nken; und<\/li>\n<li>(iv) gegebenenfalls die Daten\u00fcbertragbarkeit.<\/li>\n<\/ul>\n<\/li>\n<li>Unter bestimmten Umst\u00e4nden k\u00f6nnen Sie auch das Recht haben, der Verarbeitung Ihrer personenbezogenen Daten zu widersprechen. Um einen solchen Antrag zu stellen, verwenden Sie bitte die unten angegebenen Kontaktdaten. Wir werden jeden Antrag in \u00dcbereinstimmung mit den geltenden Datenschutzgesetzen pr\u00fcfen und entsprechend handeln.<\/li>\n<li>Wenn wir uns auf Ihre Einwilligung zur Verarbeitung Ihrer personenbezogenen Daten st\u00fctzen, haben Sie das Recht, Ihre Einwilligung jederzeit zu widerrufen. Bitte beachten Sie jedoch, dass dadurch die Rechtm\u00e4\u00dfigkeit der Verarbeitung vor dem Widerruf nicht ber\u00fchrt wird.<\/li>\n<li>Wenn Sie Ihren Wohnsitz im Europ\u00e4ischen Wirtschaftsraum haben und der Meinung sind, dass wir Ihre personenbezogenen Daten unrechtm\u00e4\u00dfig verarbeiten, haben Sie auch das Recht, sich bei Ihrer \u00f6rtlichen Datenschutzaufsichtsbeh\u00f6rde zu beschweren. Deren Kontaktdaten finden Sie hier: <a href=\"https:\/\/ec.europa.eu\/info\/policies\/justice-and-fundamental-rights_en\" target=\"_blank\" rel=\"noopener\">ec.europe.eu<\/a><\/li>\n<\/ul>\n\n\t\t<\/div>\n\t\t\t\t\n<style>\n#col-1528121464 > .col-inner {\n  padding: 0px 20px 0px 20px;\n}\n<\/style>\n\t<\/div>\n\n\t\n\n\t<div id=\"col-1204741981\" class=\"col small-12 large-12\"  >\n\t\t\t\t<div class=\"col-inner\"  >\n\t\t\t\n\t\t\t\n\n<h4 class=\"uppercase\">8. AKTUALISIEREN WIR DIESE RICHTLINIE? <\/h4>\n<ul>\n<li> Wir k\u00f6nnen diese Datenschutzrichtlinie von Zeit zu Zeit aktualisieren. Die aktualisierte Version wird durch ein aktualisiertes \"Revidiert\"-Datum gekennzeichnet, und die aktualisierte Version tritt in Kraft, sobald sie zug\u00e4nglich ist. Wenn wir wesentliche \u00c4nderungen an dieser Datenschutzrichtlinie vornehmen, k\u00f6nnen wir Sie entweder durch einen gut sichtbaren Hinweis auf diese \u00c4nderungen oder durch direkte Zusendung einer Benachrichtigung dar\u00fcber informieren. Wir empfehlen Ihnen, diese Datenschutzrichtlinie regelm\u00e4\u00dfig zu lesen, um sich dar\u00fcber zu informieren, wie wir Ihre Daten sch\u00fctzen.<\/li>\n<\/ul>\n\n\t\t<\/div>\n\t\t\t\t\n<style>\n#col-1204741981 > .col-inner {\n  padding: 0px 20px 0px 20px;\n}\n<\/style>\n\t<\/div>\n\n\t\n\n\t<div id=\"col-575879219\" class=\"col small-12 large-12\"  >\n\t\t\t\t<div class=\"col-inner\"  >\n\t\t\t\n\t\t\t\n\n<h4 class=\"uppercase\">9. WIE K\u00d6NNEN SIE UNS BEZ\u00dcGLICH DIESER RICHTLINIE KONTAKTIEREN? <\/h4>\n<ul>\n<li> Wenn Sie Fragen oder Anmerkungen zu dieser Richtlinie haben, k\u00f6nnen Sie uns eine E-Mail an privacy (at) vawlt.io oder per Post an: Vawlt Technologies, S. A., Tec Labs - Centro de Inova\u00e7\u00e3o, Campo Grande, 1749-016 Lissabon, Portugal.<\/li>\n<\/ul>\n\n\t\t<\/div>\n\t\t\t\t\n<style>\n#col-575879219 > .col-inner {\n  padding: 0px 20px 0px 20px;\n}\n<\/style>\n\t<\/div>\n\n\t\n\n<\/div>\n\n\t\t<\/div>\n\n\t\t\n<style>\n#section_814676467 {\n  padding-top: 0px;\n  padding-bottom: 0px;\n}\n<\/style>\n\t<\/section>","protected":false},"excerpt":{"rendered":"","protected":false},"author":8,"featured_media":0,"parent":0,"menu_order":0,"comment_status":"closed","ping_status":"closed","template":"page-blank.php","meta":{"footnotes":""},"class_list":["post-764","page","type-page","status-publish","hentry"],"yoast_head":"<!-- This site is optimized with the Yoast SEO plugin v26.2 - https:\/\/yoast.com\/wordpress\/plugins\/seo\/ -->\n<title>Privacy Policy | Multicloud Storage | Vawlt<\/title>\n<meta name=\"robots\" content=\"index, follow, max-snippet:-1, max-image-preview:large, max-video-preview:-1\" \/>\n<link rel=\"canonical\" href=\"https:\/\/site-temp.vawlt.io\/privacy-policy\/\" \/>\n<meta property=\"og:locale\" content=\"de_DE\" \/>\n<meta property=\"og:type\" content=\"article\" \/>\n<meta property=\"og:title\" content=\"Privacy Policy | Multicloud Storage | Vawlt\" \/>\n<meta property=\"og:url\" content=\"https:\/\/site-temp.vawlt.io\/privacy-policy\/\" \/>\n<meta property=\"og:site_name\" content=\"Vawlt\" \/>\n<meta property=\"article:publisher\" content=\"https:\/\/www.facebook.com\/vawlt\" \/>\n<meta property=\"article:modified_time\" content=\"2025-05-14T16:38:11+00:00\" \/>\n<meta property=\"og:image\" content=\"https:\/\/vawlt.io\/wp-content\/uploads\/2021\/09\/mockup.png\" \/>\n\t<meta property=\"og:image:width\" content=\"500\" \/>\n\t<meta property=\"og:image:height\" content=\"256\" \/>\n\t<meta property=\"og:image:type\" content=\"image\/png\" \/>\n<meta name=\"twitter:card\" content=\"summary_large_image\" \/>\n<meta name=\"twitter:site\" content=\"@vawltio\" \/>\n<meta name=\"twitter:label1\" content=\"Gesch\u00e4tzte Lesezeit\" \/>\n\t<meta name=\"twitter:data1\" content=\"6\u00a0Minuten\" \/>\n<!-- \/ Yoast SEO plugin. -->","yoast_head_json":{"title":"Datenschutz | Multicloud-Speicher | Vawlt","robots":{"index":"index","follow":"follow","max-snippet":"max-snippet:-1","max-image-preview":"max-image-preview:large","max-video-preview":"max-video-preview:-1"},"canonical":"https:\/\/site-temp.vawlt.io\/privacy-policy\/","og_locale":"de_DE","og_type":"article","og_title":"Privacy Policy | Multicloud Storage | Vawlt","og_url":"https:\/\/site-temp.vawlt.io\/privacy-policy\/","og_site_name":"Vawlt","article_publisher":"https:\/\/www.facebook.com\/vawlt","article_modified_time":"2025-05-14T16:38:11+00:00","og_image":[{"width":500,"height":256,"url":"https:\/\/vawlt.io\/wp-content\/uploads\/2021\/09\/mockup.png","type":"image\/png"}],"twitter_card":"summary_large_image","twitter_site":"@vawltio","twitter_misc":{"Gesch\u00e4tzte Lesezeit":"6\u00a0Minuten"},"schema":{"@context":"https:\/\/schema.org","@graph":[{"@type":"WebPage","@id":"https:\/\/site-temp.vawlt.io\/privacy-policy\/","url":"https:\/\/site-temp.vawlt.io\/privacy-policy\/","name":"Datenschutz | Multicloud-Speicher | Vawlt","isPartOf":{"@id":"https:\/\/site-temp.vawlt.io\/#website"},"datePublished":"2021-08-17T09:44:26+00:00","dateModified":"2025-05-14T16:38:11+00:00","breadcrumb":{"@id":"https:\/\/site-temp.vawlt.io\/privacy-policy\/#breadcrumb"},"inLanguage":"de","potentialAction":[{"@type":"ReadAction","target":["https:\/\/site-temp.vawlt.io\/privacy-policy\/"]}]},{"@type":"BreadcrumbList","@id":"https:\/\/site-temp.vawlt.io\/privacy-policy\/#breadcrumb","itemListElement":[{"@type":"ListItem","position":1,"name":"Home","item":"https:\/\/vawlt.io\/"},{"@type":"ListItem","position":2,"name":"Privacy Policy"}]},{"@type":"WebSite","@id":"https:\/\/site-temp.vawlt.io\/#website","url":"https:\/\/site-temp.vawlt.io\/","name":"Vawlt","description":"Multicloud-Datenspeicherl\u00f6sung, die den \u00dcbergang zur Cloud vereinfacht, die Sicherheitsstandards verbessert und die Nutzung von Speicherressourcen optimiert.","publisher":{"@id":"https:\/\/site-temp.vawlt.io\/#organization"},"potentialAction":[{"@type":"SearchAction","target":{"@type":"EntryPoint","urlTemplate":"https:\/\/site-temp.vawlt.io\/?s={search_term_string}"},"query-input":{"@type":"PropertyValueSpecification","valueRequired":true,"valueName":"search_term_string"}}],"inLanguage":"de"},{"@type":"Organization","@id":"https:\/\/site-temp.vawlt.io\/#organization","name":"Vawlt","url":"https:\/\/site-temp.vawlt.io\/","logo":{"@type":"ImageObject","inLanguage":"de","@id":"https:\/\/site-temp.vawlt.io\/#\/schema\/logo\/image\/","url":"http:\/\/vawlt.io\/wp-content\/uploads\/2021\/08\/logo_vawlt_business.png","contentUrl":"http:\/\/vawlt.io\/wp-content\/uploads\/2021\/08\/logo_vawlt_business.png","width":576,"height":92,"caption":"Vawlt"},"image":{"@id":"https:\/\/site-temp.vawlt.io\/#\/schema\/logo\/image\/"},"sameAs":["https:\/\/www.facebook.com\/vawlt","https:\/\/x.com\/vawltio","https:\/\/www.linkedin.com\/company\/vawlt","https:\/\/www.youtube.com\/channel\/UCYzlYYg7j_07CFi8Be0eAMw"]}]}},"_links":{"self":[{"href":"https:\/\/vawlt.io\/de\/wp-json\/wp\/v2\/pages\/764","targetHints":{"allow":["GET"]}}],"collection":[{"href":"https:\/\/vawlt.io\/de\/wp-json\/wp\/v2\/pages"}],"about":[{"href":"https:\/\/vawlt.io\/de\/wp-json\/wp\/v2\/types\/page"}],"author":[{"embeddable":true,"href":"https:\/\/vawlt.io\/de\/wp-json\/wp\/v2\/users\/8"}],"replies":[{"embeddable":true,"href":"https:\/\/vawlt.io\/de\/wp-json\/wp\/v2\/comments?post=764"}],"version-history":[{"count":11,"href":"https:\/\/vawlt.io\/de\/wp-json\/wp\/v2\/pages\/764\/revisions"}],"predecessor-version":[{"id":3828,"href":"https:\/\/vawlt.io\/de\/wp-json\/wp\/v2\/pages\/764\/revisions\/3828"}],"wp:attachment":[{"href":"https:\/\/vawlt.io\/de\/wp-json\/wp\/v2\/media?parent=764"}],"curies":[{"name":"wp","href":"https:\/\/api.w.org\/{rel}","templated":true}]}}