{"id":769,"date":"2021-08-17T09:51:06","date_gmt":"2021-08-17T09:51:06","guid":{"rendered":"http:\/\/vawlt.io\/?page_id=769"},"modified":"2022-03-04T17:18:07","modified_gmt":"2022-03-04T17:18:07","slug":"vulnerability-detection-program","status":"publish","type":"page","link":"https:\/\/vawlt.io\/de\/vulnerability-detection-program\/","title":{"rendered":"Erkennung von Sicherheitsl\u00fccken"},"content":{"rendered":"<section class=\"section\" id=\"section_142747481\">\n\t\t<div class=\"bg section-bg fill bg-fill  bg-loaded\" >\n\n\t\t\t\n\t\t\t\n\t\t\t\n\n\t\t<\/div>\n\n\t\t<div class=\"section-content relative\">\n\t\t\t\n\n<div class=\"row row-collapse\"  id=\"row-930254546\">\n\n\n\t<div id=\"col-1085708780\" class=\"col small-12 large-12\"  >\n\t\t\t\t<div class=\"col-inner\"  >\n\t\t\t\n\t\t\t\n\n\t<div id=\"text-522705497\" class=\"text\">\n\t\t\n\n<h1><strong>Sie haben eine Sicherheitsl\u00fccke in unserer Plattform gefunden?<\/strong><\/h1>\n\t\t\n<style>\n#text-522705497 {\n  font-size: 1.6rem;\n}\n<\/style>\n\t<\/div>\n\t\n\n\t\t<\/div>\n\t\t\t\t\n<style>\n#col-1085708780 > .col-inner {\n  padding: 80px 20px 0px 20px;\n}\n@media (min-width:850px) {\n  #col-1085708780 > .col-inner {\n    padding: 80px 0px 0px 0px;\n  }\n}\n<\/style>\n\t<\/div>\n\n\t\n\n<\/div>\n<div class=\"row\"  id=\"row-1431016242\">\n\n\n\t<div id=\"col-1969982991\" class=\"col small-12 large-12\"  >\n\t\t\t\t<div class=\"col-inner\"  >\n\t\t\t\n\t\t\t\n\n<p>Vawlt ist eine L\u00f6sung, bei deren Entwicklung die Sicherheit oberste Priorit\u00e4t hatte. Unser Team setzt sich voll und ganz f\u00fcr die Konzeption und Entwicklung einer L\u00f6sung ein, die Ihre Daten sch\u00fctzt. Wir ermutigen jeden Nutzer, uns auf Schwachstellen und Sicherheitsl\u00fccken in unserer Website und Plattform hinzuweisen.<\/p>\n<p>Sollte dies der Fall sein, bitten wir Sie, uns einen ausf\u00fchrlichen Bericht an&nbsp;<a class=\"link text-link\" href=\"mailto:security@vawlt.io\" target=\"_blank\" rel=\"noopener noreferrer\">security@vawlt.io<\/a>.<\/p>\n<p>Nachstehend finden Sie einige n\u00fctzliche Informationen dar\u00fcber, wie Sie unserem Team einen Bericht \u00fcbermitteln k\u00f6nnen, sowie eine Reihe von Regeln, die Ihnen helfen sollen, wenn Sie Probleme finden. Ihr Bericht kann sogar f\u00fcr eine Belohnung in Betracht gezogen werden.<\/p>\n<p class=\"translation-block\">Willkommen bei unserem\u00a0<strong>Programm zur Erkennung von Schwachstellen<\/strong>.<\/p>\n\n\t\t<\/div>\n\t\t\t\t\n<style>\n#col-1969982991 > .col-inner {\n  padding: 0px 20px 0px 20px;\n}\n<\/style>\n\t<\/div>\n\n\t\n\n\t<div id=\"col-40920039\" class=\"col small-12 large-12\"  >\n\t\t\t\t<div class=\"col-inner\"  >\n\t\t\t\n\t\t\t\n\n<h3>Wie man einen Bericht korrekt einreicht<\/h3>\n<p>Um einen Schwachstellenbericht einzureichen, senden Sie uns eine E-Mail an&nbsp;<a class=\"link text-link\" href=\"mailto:security@vawlt.io\" target=\"_blank\" rel=\"noopener noreferrer\">security@vawlt.io<\/a>. Ber\u00fccksichtigen Sie die folgenden Themen:<\/p>\n<ul>\n<li>Geben Sie eine vollst\u00e4ndige Beschreibung f\u00fcr unsere Analyse.<\/li>\n<li>F\u00fcgen Sie eine Anleitung mit den erforderlichen Schritten bei, damit wir die Situation nachstellen k\u00f6nnen, entweder in Textform oder als Video, oder ein Proof of Concept.<\/li>\n<li>Verwenden Sie den&nbsp;<a class=\"link text-link\" href=\"https:\/\/www.first.org\/cvss\/calculator\/3.0\" target=\"_blank\" rel=\"noopener noreferrer\">CVSS-Rechner<\/a> und \u00fcbermitteln Sie uns die Ergebnisse im Anhang des Berichts.<\/li>\n<li>Nehmen Sie eine Selbsteinsch\u00e4tzung des Schweregrads der Situation vor.<\/li>\n<li>Geben Sie uns alle weiteren Informationen, die Sie f\u00fcr die Analyse f\u00fcr n\u00fctzlich halten.<\/li>\n<\/ul>\n<h3>Qualifikationskriterien<\/h3>\n<p>Ihr Schwachstellenbericht ist f\u00fcr eine Belohnung qualifiziert, wenn alle diese Bedingungen erf\u00fcllt sind:<\/p>\n<ul>\n<li>Der Bericht muss die oben genannte Struktur aufweisen.<\/li>\n<li>Der Bericht darf nicht nur ein Copy-Paste eines automatischen Sicherheitsscanners sein: Berichte ohne zus\u00e4tzliche Erkenntnisse werden nicht ber\u00fccksichtigt.<\/li>\n<li>Das Thema muss real und \u00fcberpr\u00fcfbar sein: Hypothetische Situationen werden nicht ber\u00fccksichtigt.<\/li>\n<li>Die Frage muss sich auf etwas beziehen, das wir noch nicht kennen: Wir werden keine Ergebnisse belohnen, die bereits zuvor gemeldet wurden, entweder von Ihnen oder von jemand anderem.<\/li>\n<li>Die Ausgabe muss auf der neuesten \u00f6ffentlich zug\u00e4nglichen Website\/Plattformversion von vawlt.io erfolgen.<\/li>\n<li>Die Frage muss in den Geltungsbereich fallen (siehe Liste unten).<\/li>\n<\/ul>\n<h3>Liste au\u00dferhalb des Geltungsbereichs<\/h3>\n<p>Im Folgenden sind einige Situationen aufgef\u00fchrt, die wir im Allgemeinen als au\u00dferhalb des Geltungsbereichs liegend betrachten:<\/p>\n<ul>\n<li>Fehler im Feature.<\/li>\n<li>Schwachstellen in Code oder Diensten von Drittanbietern, die nicht zu einem Exploit f\u00fchren.<\/li>\n<li>Fehlende HTTP-Sicherheits-Header.<\/li>\n<\/ul>\n<h3>Belohnungen<\/h3>\n<p>Wenn sich die Meldung als stichhaltig erweist, kann es eine Belohnung f\u00fcr Sie geben. Die Betr\u00e4ge werden auf der Grundlage der Kategorie oder des Schweregrads jedes gemeldeten Problems berechnet, wie Sie in der nachstehenden Tabelle sehen k\u00f6nnen.<\/p>\n\n\t\t<\/div>\n\t\t\t\t\n<style>\n#col-40920039 > .col-inner {\n  padding: 0px 20px 0px 20px;\n}\n@media (min-width:850px) {\n  #col-40920039 > .col-inner {\n    padding: 0px 0px 0px 0px;\n  }\n}\n<\/style>\n\t<\/div>\n\n\t\n\n\t<div id=\"col-1285939672\" class=\"col medium-4 small-12 large-3\"  >\n\t\t\t\t<div class=\"col-inner\"  >\n\t\t\t\n\t\t\t\n\n<table class=\"table\" style=\"height: 152px;\" width=\"253\">\n<thead class=\"thead-light\">\n<tr>\n<th scope=\"col\">SCHWEREGRAD<\/th>\n<th scope=\"col\">WERT<\/th>\n<\/tr>\n<\/thead>\n<tbody>\n<tr>\n<td>Niedrig<\/td>\n<td>\u20ac75<\/td>\n<\/tr>\n<tr>\n<td>Mittel<\/td>\n<td>\u20ac100<\/td>\n<\/tr>\n<tr>\n<td>Hoch<\/td>\n<td>\u20ac200<\/td>\n<\/tr>\n<tr>\n<td>Kritisch<\/td>\n<td>\u20ac750<\/td>\n<\/tr>\n<\/tbody>\n<\/table>\n\n\t\t<\/div>\n\t\t\t\t\n<style>\n#col-1285939672 > .col-inner {\n  padding: 0px 20px 0px 20px;\n}\n@media (min-width:550px) {\n  #col-1285939672 > .col-inner {\n    padding: 0px 0px 0px 20px;\n  }\n}\n@media (min-width:850px) {\n  #col-1285939672 > .col-inner {\n    padding: 0px 0px 0px 0px;\n  }\n}\n<\/style>\n\t<\/div>\n\n\t\n\n\t<div id=\"col-40894974\" class=\"col small-12 large-12\"  >\n\t\t\t\t<div class=\"col-inner\"  >\n\t\t\t\n\t\t\t\n\n<h3>Haftungsausschluss<\/h3>\n<p>Es ist strengstens untersagt, ohne die Zustimmung von Vawlt ein Thema \u00f6ffentlich zu machen.<\/p>\n<p>Bitte teilen Sie uns mit, ob es sich um Ihr Werk handelt oder ob es unter die geistigen Eigentumsrechte Dritter f\u00e4llt.<\/p>\n<p>Wenn Sie einen Bericht dieser Art einreichen, erteilen Sie Vawlt Technologies, S. A. eine dauerhafte und unwiderrufliche Lizenz f\u00fcr alle Rechte an geistigem Eigentum, die Sie in Bezug auf die Verwendung dieses Materials lizenzieren k\u00f6nnen oder die damit verbunden sind.<\/p>\n<p>Wenn Sie uns dies nicht mitteilen, ist der Bericht Ihr eigenes Werk und unterliegt nicht den Rechten am geistigen Eigentum einer anderen Einrichtung.<\/p>\n<p>Wir danken Ihnen f\u00fcr Ihre Mitarbeit bei der Gew\u00e4hrleistung der Sicherheit unserer Plattform und unserer Kunden.<\/p>\n\n\t\t<\/div>\n\t\t\t\t\n<style>\n#col-40894974 > .col-inner {\n  padding: 0px 20px 0px 20px;\n}\n@media (min-width:850px) {\n  #col-40894974 > .col-inner {\n    padding: 0px 0px 0px 0px;\n  }\n}\n<\/style>\n\t<\/div>\n\n\t\n\n<\/div>\n\n\t\t<\/div>\n\n\t\t\n<style>\n#section_142747481 {\n  padding-top: 0px;\n  padding-bottom: 0px;\n}\n<\/style>\n\t<\/section>\n\t\n\t<section class=\"section\" id=\"section_1902931785\">\n\t\t<div class=\"bg section-bg fill bg-fill  bg-loaded\" >\n\n\t\t\t\n\t\t\t\n\t\t\t\n\n\t\t<\/div>\n\n\t\t<div class=\"section-content relative\">\n\t\t\t\n\n\t<div id=\"gap-130746163\" class=\"gap-element clearfix\" style=\"display:block; height:auto;\">\n\t\t\n<style>\n#gap-130746163 {\n  padding-top: 40px;\n}\n<\/style>\n\t<\/div>\n\t\n\n<div class=\"row row-collapse align-middle\"  id=\"row-1289558555\">\n\n\n\t<div id=\"col-1758487783\" class=\"col medium-6 small-12 large-6\"  >\n\t\t\t\t<div class=\"col-inner text-left\"  >\n\t\t\t\n\t\t\t\n\n\t<div id=\"text-2790946467\" class=\"text\">\n\t\t\n\n<h3 style=\"font-weight: 600;\">Lassen Sie Ihr Unternehmen nicht von Ransomware aufhalten<\/h3>\n\t\t\n<style>\n#text-2790946467 {\n  font-size: 1rem;\n  text-align: center;\n}\n@media (min-width:550px) {\n  #text-2790946467 {\n    text-align: left;\n  }\n}\n<\/style>\n\t<\/div>\n\t\n\t<div id=\"text-618110409\" class=\"text\">\n\t\t\n\n<h2><span style=\"font-weight: 600; color: #21bffc;\">Der Anfang<\/span><span style=\"font-weight: 600; color: #000000;\">\u00a0ist leicht.<br \/><\/span><\/h2>\n\t\t\n<style>\n#text-618110409 {\n  font-size: 1.6rem;\n  text-align: center;\n}\n@media (min-width:550px) {\n  #text-618110409 {\n    text-align: left;\n  }\n}\n<\/style>\n\t<\/div>\n\t\n\n\t\t<\/div>\n\t\t\t\t\n<style>\n#col-1758487783 > .col-inner {\n  padding: 0px 20px 0px 20px;\n}\n@media (min-width:550px) {\n  #col-1758487783 > .col-inner {\n    padding: 0px 0px 0px 20px;\n  }\n}\n<\/style>\n\t<\/div>\n\n\t\n\n\t<div id=\"col-272112616\" class=\"col hide-for-medium medium-6 small-12 large-6\"  >\n\t\t\t\t<div class=\"col-inner text-right\"  >\n\t\t\t\n\t\t\t\n\n<a href=\"http:\/\/vawlt.io\/de\/demo-anfordern\/\" target=\"_self\" class=\"button primary is-large\"  style=\"border-radius:5px;\">\n    <span>Demo Anforden<\/span>\n  <\/a>\n\n\n\n\t\t<\/div>\n\t\t\t\t\n<style>\n#col-272112616 > .col-inner {\n  padding: 0px 20px 0px 20px;\n}\n@media (min-width:550px) {\n  #col-272112616 > .col-inner {\n    padding: 0px 20px 0px 0px;\n  }\n}\n<\/style>\n\t<\/div>\n\n\t\n\n\t<div id=\"col-449451884\" class=\"col show-for-medium hide-for-small medium-6 small-12 large-6\"  >\n\t\t\t\t<div class=\"col-inner text-right\"  >\n\t\t\t\n\t\t\t\n\n<a href=\"http:\/\/vawlt.io\/de\/demo-anfordern\/\" target=\"_self\" class=\"button primary\"  style=\"border-radius:5px;\">\n    <span>Demo Anforden<\/span>\n  <\/a>\n\n\n\n\t\t<\/div>\n\t\t\t\t\n<style>\n#col-449451884 > .col-inner {\n  padding: 0px 20px 0px 20px;\n}\n@media (min-width:550px) {\n  #col-449451884 > .col-inner {\n    padding: 0px 20px 0px 0px;\n  }\n}\n<\/style>\n\t<\/div>\n\n\t\n\n\t<div id=\"col-1715163210\" class=\"col show-for-small medium-6 small-12 large-6\"  >\n\t\t\t\t<div class=\"col-inner text-center\"  >\n\t\t\t\n\t\t\t\n\n\t<div id=\"gap-1153484325\" class=\"gap-element clearfix\" style=\"display:block; height:auto;\">\n\t\t\n<style>\n#gap-1153484325 {\n  padding-top: 23px;\n}\n@media (min-width:550px) {\n  #gap-1153484325 {\n    padding-top: 40px;\n  }\n}\n<\/style>\n\t<\/div>\n\t\n\n<a href=\"http:\/\/vawlt.io\/de\/demo-anfordern\/\" target=\"_self\" class=\"button primary is-small\"  style=\"border-radius:5px;\">\n    <span>Demo Anforden<\/span>\n  <\/a>\n\n\n\n\t\t<\/div>\n\t\t\t\t\n<style>\n#col-1715163210 > .col-inner {\n  padding: 0px 20px 0px 20px;\n}\n@media (min-width:550px) {\n  #col-1715163210 > .col-inner {\n    padding: 0px 20px 0px 0px;\n  }\n}\n<\/style>\n\t<\/div>\n\n\t\n\n<\/div>\n\n\t\t<\/div>\n\n\t\t\n<style>\n#section_1902931785 {\n  padding-top: 30px;\n  padding-bottom: 30px;\n  background-color: rgb(244, 247, 249);\n}\n<\/style>\n\t<\/section>","protected":false},"excerpt":{"rendered":"","protected":false},"author":8,"featured_media":0,"parent":0,"menu_order":0,"comment_status":"closed","ping_status":"closed","template":"page-blank.php","meta":{"footnotes":""},"class_list":["post-769","page","type-page","status-publish","hentry"],"yoast_head":"<!-- This site is optimized with the Yoast SEO plugin v26.2 - https:\/\/yoast.com\/wordpress\/plugins\/seo\/ -->\n<title>Vulnerability Detection Program | Multicloud Storage | Vawlt<\/title>\n<meta name=\"robots\" content=\"noindex, nofollow\" \/>\n<meta property=\"og:locale\" content=\"de_DE\" \/>\n<meta property=\"og:type\" content=\"article\" \/>\n<meta property=\"og:title\" content=\"Vulnerability Detection Program | Multicloud Storage | Vawlt\" \/>\n<meta property=\"og:url\" content=\"https:\/\/site-temp.vawlt.io\/es\/programa-de-deteccion-de-vulnerabilidades\/\" \/>\n<meta property=\"og:site_name\" content=\"Vawlt\" \/>\n<meta property=\"article:publisher\" content=\"https:\/\/www.facebook.com\/vawlt\" \/>\n<meta property=\"article:modified_time\" content=\"2022-03-04T17:18:07+00:00\" \/>\n<meta property=\"og:image\" content=\"https:\/\/vawlt.io\/wp-content\/uploads\/2021\/09\/mockup.png\" \/>\n\t<meta property=\"og:image:width\" content=\"500\" \/>\n\t<meta property=\"og:image:height\" content=\"256\" \/>\n\t<meta property=\"og:image:type\" content=\"image\/png\" \/>\n<meta name=\"twitter:card\" content=\"summary_large_image\" \/>\n<meta name=\"twitter:site\" content=\"@vawltio\" \/>\n<meta name=\"twitter:label1\" content=\"Gesch\u00e4tzte Lesezeit\" \/>\n\t<meta name=\"twitter:data1\" content=\"3\u00a0Minuten\" \/>\n<!-- \/ Yoast SEO plugin. -->","yoast_head_json":{"title":"Schwachstellenerkennungsprogramm | Multicloud-Speicher | Vawlt","robots":{"index":"noindex","follow":"nofollow"},"og_locale":"de_DE","og_type":"article","og_title":"Vulnerability Detection Program | Multicloud Storage | Vawlt","og_url":"https:\/\/site-temp.vawlt.io\/es\/programa-de-deteccion-de-vulnerabilidades\/","og_site_name":"Vawlt","article_publisher":"https:\/\/www.facebook.com\/vawlt","article_modified_time":"2022-03-04T17:18:07+00:00","og_image":[{"width":500,"height":256,"url":"https:\/\/vawlt.io\/wp-content\/uploads\/2021\/09\/mockup.png","type":"image\/png"}],"twitter_card":"summary_large_image","twitter_site":"@vawltio","twitter_misc":{"Gesch\u00e4tzte Lesezeit":"3\u00a0Minuten"},"schema":{"@context":"https:\/\/schema.org","@graph":[{"@type":"WebPage","@id":"https:\/\/site-temp.vawlt.io\/es\/programa-de-deteccion-de-vulnerabilidades\/","url":"https:\/\/site-temp.vawlt.io\/es\/programa-de-deteccion-de-vulnerabilidades\/","name":"Schwachstellenerkennungsprogramm | Multicloud-Speicher | Vawlt","isPartOf":{"@id":"https:\/\/site-temp.vawlt.io\/#website"},"datePublished":"2021-08-17T09:51:06+00:00","dateModified":"2022-03-04T17:18:07+00:00","breadcrumb":{"@id":"https:\/\/site-temp.vawlt.io\/es\/programa-de-deteccion-de-vulnerabilidades\/#breadcrumb"},"inLanguage":"de","potentialAction":[{"@type":"ReadAction","target":["https:\/\/site-temp.vawlt.io\/es\/programa-de-deteccion-de-vulnerabilidades\/"]}]},{"@type":"BreadcrumbList","@id":"https:\/\/site-temp.vawlt.io\/es\/programa-de-deteccion-de-vulnerabilidades\/#breadcrumb","itemListElement":[{"@type":"ListItem","position":1,"name":"Home","item":"https:\/\/vawlt.io\/"},{"@type":"ListItem","position":2,"name":"Vulnerability Detection Program"}]},{"@type":"WebSite","@id":"https:\/\/site-temp.vawlt.io\/#website","url":"https:\/\/site-temp.vawlt.io\/","name":"Vawlt","description":"Multicloud-Datenspeicherl\u00f6sung, die den \u00dcbergang zur Cloud vereinfacht, die Sicherheitsstandards verbessert und die Nutzung von Speicherressourcen optimiert.","publisher":{"@id":"https:\/\/site-temp.vawlt.io\/#organization"},"potentialAction":[{"@type":"SearchAction","target":{"@type":"EntryPoint","urlTemplate":"https:\/\/site-temp.vawlt.io\/?s={search_term_string}"},"query-input":{"@type":"PropertyValueSpecification","valueRequired":true,"valueName":"search_term_string"}}],"inLanguage":"de"},{"@type":"Organization","@id":"https:\/\/site-temp.vawlt.io\/#organization","name":"Vawlt","url":"https:\/\/site-temp.vawlt.io\/","logo":{"@type":"ImageObject","inLanguage":"de","@id":"https:\/\/site-temp.vawlt.io\/#\/schema\/logo\/image\/","url":"http:\/\/vawlt.io\/wp-content\/uploads\/2021\/08\/logo_vawlt_business.png","contentUrl":"http:\/\/vawlt.io\/wp-content\/uploads\/2021\/08\/logo_vawlt_business.png","width":576,"height":92,"caption":"Vawlt"},"image":{"@id":"https:\/\/site-temp.vawlt.io\/#\/schema\/logo\/image\/"},"sameAs":["https:\/\/www.facebook.com\/vawlt","https:\/\/x.com\/vawltio","https:\/\/www.linkedin.com\/company\/vawlt","https:\/\/www.youtube.com\/channel\/UCYzlYYg7j_07CFi8Be0eAMw"]}]}},"_links":{"self":[{"href":"https:\/\/vawlt.io\/de\/wp-json\/wp\/v2\/pages\/769","targetHints":{"allow":["GET"]}}],"collection":[{"href":"https:\/\/vawlt.io\/de\/wp-json\/wp\/v2\/pages"}],"about":[{"href":"https:\/\/vawlt.io\/de\/wp-json\/wp\/v2\/types\/page"}],"author":[{"embeddable":true,"href":"https:\/\/vawlt.io\/de\/wp-json\/wp\/v2\/users\/8"}],"replies":[{"embeddable":true,"href":"https:\/\/vawlt.io\/de\/wp-json\/wp\/v2\/comments?post=769"}],"version-history":[{"count":9,"href":"https:\/\/vawlt.io\/de\/wp-json\/wp\/v2\/pages\/769\/revisions"}],"predecessor-version":[{"id":4241,"href":"https:\/\/vawlt.io\/de\/wp-json\/wp\/v2\/pages\/769\/revisions\/4241"}],"wp:attachment":[{"href":"https:\/\/vawlt.io\/de\/wp-json\/wp\/v2\/media?parent=769"}],"curies":[{"name":"wp","href":"https:\/\/api.w.org\/{rel}","templated":true}]}}