{"id":173,"date":"2021-08-12T09:05:00","date_gmt":"2021-08-12T09:05:00","guid":{"rendered":"http:\/\/vawlt.io\/?page_id=173"},"modified":"2022-05-19T11:05:25","modified_gmt":"2022-05-19T11:05:25","slug":"volume-types","status":"publish","type":"page","link":"https:\/\/vawlt.io\/es\/producto\/tipos-de-volumenes\/","title":{"rendered":"Tipos de Vol\u00famenes"},"content":{"rendered":"<section class=\"section\" id=\"section_756459128\">\n\t\t<div class=\"bg section-bg fill bg-fill  bg-loaded\" >\n\n\t\t\t\n\t\t\t\n\t\t\t\n\n\t\t<\/div>\n\n\t\t<div class=\"section-content relative\">\n\t\t\t\n\n<div class=\"row\"  id=\"row-1839403732\">\n\n\n\t<div id=\"col-1788451919\" class=\"col small-12 large-12\"  >\n\t\t\t\t<div class=\"col-inner\"  >\n\t\t\t\n\t\t\t\n\n\t<div id=\"text-1678762896\" class=\"text\">\n\t\t\n\n<h1><strong>Tipos de Vol\u00famenes<\/strong><\/h1>\n\t\t\n<style>\n#text-1678762896 {\n  font-size: 1.6rem;\n  text-align: center;\n}\n<\/style>\n\t<\/div>\n\t\n\t<div id=\"text-3960446819\" class=\"text\">\n\t\t\n\n<p class=\"lead translation-block\">Cada dato tiene su ciclo de vida. Teniendo esto en cuenta, hemos creado varios <strong>tipos de vol\u00famenes<\/strong> de acuerdo con diferentes usos y necesidades: <strong>Hot<\/strong>, <strong>Warm<\/strong>, <strong>Immutable<\/strong> y <strong>Archival<\/strong>. Tambi\u00e9n puede definir otras propiedades, como la <strong>capacidad de almacenamiento<\/strong>, la <strong>cuota de descarga<\/strong>, las <strong>interfaces<\/strong> y las <strong>pol\u00edticas de retenci\u00f3n<\/strong>. Incluso puede elegir los proveedores de la nube por <strong>marca<\/strong> o <strong>ubicaci\u00f3n geogr\u00e1fica<\/strong>.<\/p>\n\t\t\n<style>\n#text-3960446819 {\n  font-size: 0.75rem;\n  text-align: center;\n}\n<\/style>\n\t<\/div>\n\t\n\n\t\t<\/div>\n\t\t\t\t\n<style>\n#col-1788451919 > .col-inner {\n  padding: 50px 0px 0px 0px;\n}\n@media (min-width:850px) {\n  #col-1788451919 > .col-inner {\n    padding: 80px 0px 0px 0px;\n  }\n}\n<\/style>\n\t<\/div>\n\n\t\n\n<\/div>\n\n\t\t<\/div>\n\n\t\t\n<style>\n#section_756459128 {\n  padding-top: 0px;\n  padding-bottom: 0px;\n}\n<\/style>\n\t<\/section>\n\t\n<span class=\"scroll-to\" data-label=\"Scroll to: #hot\" data-bullet=\"false\" data-link=\"#hot\" data-title=\"Hot\"><a name=\"hot\"><\/a><\/span>\n\n\t<section class=\"section\" id=\"section_1281325386\">\n\t\t<div class=\"bg section-bg fill bg-fill  bg-loaded\" >\n\n\t\t\t\n\t\t\t\n\t\t\t\n\n\t\t<\/div>\n\n\t\t<div class=\"section-content relative\">\n\t\t\t\n\n<div class=\"row align-middle\"  id=\"row-1138481937\">\n\n\n\t<div id=\"col-1970328374\" class=\"col medium-6 small-12 large-6\"  >\n\t\t\t\t<div class=\"col-inner text-left\"  >\n\t\t\t\n\t\t\t\n\n<h2><strong>Vol\u00famenes Hot<\/strong><\/h2>\n<p class=\"translation-block\">Optimizados para<strong> almacenamiento y uso compartido recurrente<\/strong> (m\u00faltiples escrituras, eliminaciones y descargas). Este tipo de volumen permite el <strong>control de versiones de archivos<\/strong> y tiene un tiempo de descarga (para archivos que no est\u00e1n almacenados en cach\u00e9 en un dispositivo espec\u00edfico) del orden de milisegundos para el primer byte (TTFB).<\/p>\n<h4>Ejemplos de Uso<\/h4>\n<ul>\n<li>Archivos de equipo;<\/li>\n<li>Procesos legales activos;<\/li>\n<li>Documentaci\u00f3n contable del a\u00f1o actual.<\/li>\n<\/ul>\n<a href=\"https:\/\/platform.vawlt.io\/login\" target=\"_self\" class=\"button primary\"  style=\"border-radius:5px;\">\n    <span>Crear un Volumen Hot<\/span>\n  <\/a>\n\n\n\n\t\t<\/div>\n\t\t\t\t\n<style>\n#col-1970328374 > .col-inner {\n  padding: 0px 20px 0px 20px;\n}\n@media (min-width:550px) {\n  #col-1970328374 > .col-inner {\n    padding: 0px 0px 0px 20px;\n  }\n}\n<\/style>\n\t<\/div>\n\n\t\n\n\t<div id=\"col-581594673\" class=\"col medium-6 small-6 large-6 small-col-first\"  >\n\t\t\t\t<div class=\"col-inner text-center\"  >\n\t\t\t\n\t\t\t\n\n\t<div class=\"img has-hover x md-x lg-x y md-y lg-y\" id=\"image_667871898\">\n\t\t\t\t<div data-parallax-fade=\"true\" data-parallax=\"1\">\t\t\t\t<div class=\"img-inner dark\" >\n\t\t\t<img loading=\"lazy\" decoding=\"async\" width=\"1\" height=\"1\" src=\"https:\/\/vawlt.io\/wp-content\/uploads\/2021\/08\/solution01.svg\" class=\"attachment-large size-large\" alt=\"\" \/>\t\t\t\t\t\t\n\t\t\t\t\t<\/div>\n\t\t\t\t<\/div>\t\t\t\t\n<style>\n#image_667871898 {\n  width: 60%;\n}\n<\/style>\n\t<\/div>\n\t\n\n\n\t\t<\/div>\n\t\t\t\t\n<style>\n#col-581594673 > .col-inner {\n  margin: 0px 0px 0px -10px;\n}\n<\/style>\n\t<\/div>\n\n\t\n\n<\/div>\n\n\t\t<\/div>\n\n\t\t\n<style>\n#section_1281325386 {\n  padding-top: 50px;\n  padding-bottom: 50px;\n  background-color: rgb(248, 250, 250);\n}\n@media (min-width:850px) {\n  #section_1281325386 {\n    padding-top: 80px;\n    padding-bottom: 80px;\n  }\n}\n<\/style>\n\t<\/section>\n\t\n<span class=\"scroll-to\" data-label=\"Scroll to: #warm\" data-bullet=\"false\" data-link=\"#warm\" data-title=\"Warm\"><a name=\"warm\"><\/a><\/span>\n\n\t<section class=\"section\" id=\"section_1417068923\">\n\t\t<div class=\"bg section-bg fill bg-fill  bg-loaded\" >\n\n\t\t\t\n\t\t\t\n\t\t\t\n\n\t\t<\/div>\n\n\t\t<div class=\"section-content relative\">\n\t\t\t\n\n<div class=\"row align-middle\"  id=\"row-85985989\">\n\n\n\t<div id=\"col-278235865\" class=\"col medium-6 small-6 large-6 small-col-first\"  >\n\t\t\t\t<div class=\"col-inner text-center\"  >\n\t\t\t\n\t\t\t\n\n\t<div class=\"img has-hover x md-x lg-x y md-y lg-y\" id=\"image_74136779\">\n\t\t\t\t<div data-parallax-fade=\"true\" data-parallax=\"1\">\t\t\t\t<div class=\"img-inner dark\" >\n\t\t\t<img loading=\"lazy\" decoding=\"async\" width=\"1\" height=\"1\" src=\"https:\/\/vawlt.io\/wp-content\/uploads\/2021\/10\/solution04.svg\" class=\"attachment-large size-large\" alt=\"\" \/>\t\t\t\t\t\t\n\t\t\t\t\t<\/div>\n\t\t\t\t<\/div>\t\t\t\t\n<style>\n#image_74136779 {\n  width: 60%;\n}\n<\/style>\n\t<\/div>\n\t\n\n\n\t\t<\/div>\n\t\t\t\t\n<style>\n#col-278235865 > .col-inner {\n  margin: 0px 0px 0px -10px;\n}\n<\/style>\n\t<\/div>\n\n\t\n\n\t<div id=\"col-540936384\" class=\"col medium-6 small-12 large-6\"  >\n\t\t\t\t<div class=\"col-inner text-left\"  >\n\t\t\t\n\t\t\t\n\n<h2><strong>Vol\u00famenes Warm<\/strong><\/h2>\n<p class=\"translation-block\">Optimizados para el <strong>almacenamiento de datos editables, a los que se accede con menos frecuencia<\/strong>. Este volumen <strong>permite dos versiones temporales por archivo<\/strong> y crea cada versi\u00f3n cada 5 minutos. Este volumen es ideal para la <strong>integraci\u00f3n con varios servicios de respaldo<\/strong>, como Veeam, Arcserve, NetBackup o RMAN. Cada archivo almacenado en este tipo de volumen tiene un cargo m\u00ednimo de duraci\u00f3n de almacenamiento de 30 d\u00edas, lo que significa que Vawlt solo liberar\u00e1 el espacio ocupado por ese archivo despu\u00e9s de dicho per\u00edodo, incluso aunque el archivo se elimine de antemano. El tiempo de descarga (para archivos que no est\u00e1n almacenados en cach\u00e9 en un dispositivo espec\u00edfico) es del orden de milisegundos para el primer byte (TTFB).<\/p>\n<h4>Ejemplos de Uso<\/h4>\n<ul>\n<li>Copias de seguridad fuera del sitio;<\/li>\n<li>Recuperaci\u00f3n de desastres.<\/li>\n<\/ul>\n<a href=\"https:\/\/platform.vawlt.io\/login\" target=\"_self\" class=\"button primary\"  style=\"border-radius:5px;\">\n    <span>Crear un Volumen Warm<\/span>\n  <\/a>\n\n\n\n\t\t<\/div>\n\t\t\t\t\n<style>\n#col-540936384 > .col-inner {\n  padding: 0px 20px 0px 20px;\n}\n@media (min-width:550px) {\n  #col-540936384 > .col-inner {\n    padding: 0px 20px 0px 0px;\n  }\n}\n<\/style>\n\t<\/div>\n\n\t\n\n<\/div>\n\n\t\t<\/div>\n\n\t\t\n<style>\n#section_1417068923 {\n  padding-top: 50px;\n  padding-bottom: 50px;\n}\n@media (min-width:850px) {\n  #section_1417068923 {\n    padding-top: 80px;\n    padding-bottom: 80px;\n  }\n}\n<\/style>\n\t<\/section>\n\t\n<span class=\"scroll-to\" data-label=\"Scroll to: #immutable\" data-bullet=\"false\" data-link=\"#immutable\" data-title=\"Immutable\"><a name=\"immutable\"><\/a><\/span>\n\n\t<section class=\"section\" id=\"section_1980062022\">\n\t\t<div class=\"bg section-bg fill bg-fill  bg-loaded\" >\n\n\t\t\t\n\t\t\t\n\t\t\t\n\n\t\t<\/div>\n\n\t\t<div class=\"section-content relative\">\n\t\t\t\n\n<div class=\"row align-middle\"  id=\"row-613571475\">\n\n\n\t<div id=\"col-8118973\" class=\"col medium-6 small-12 large-6\"  >\n\t\t\t\t<div class=\"col-inner text-left\"  >\n\t\t\t\n\t\t\t\n\n<h2><strong>Vol\u00famenes Immutable<\/strong><\/h2>\n<p class=\"translation-block\">Optimizados para archivos que <strong>no requieren cambios durante el almacenamiento<\/strong> (se escriben una vez, se descargan con frecuencia). Este volumen <strong>bloquea activamente la edici\u00f3n de archivos<\/strong> por parte de cualquier usuario, convirti\u00e9ndose en una <strong>potente herramienta para combatir los ataques de secuestro de datos<\/strong>. Cada archivo almacenado en este tipo de volumen tiene un cargo m\u00ednimo de duraci\u00f3n de almacenamiento de 30 d\u00edas, lo que significa que Vawlt solo liberar\u00e1 el espacio ocupado por ese archivo despu\u00e9s de dicho per\u00edodo, incluso aunque el archivo se elimine de antemano. El tiempo de descarga (para archivos que no est\u00e1n almacenados en cach\u00e9 en un dispositivo espec\u00edfico) es del orden de milisegundos para el primer byte (TTFB).<\/p>\n<h4>Ejemplos de Uso<\/h4>\n<ul>\n<li>Registros de los centros de llamadas;<\/li>\n<li>Im\u00e1genes y registros m\u00e9dicos;<\/li>\n<li>Documentos est\u00e1ticos (por ejemplo, contratos firmados).<\/li>\n<\/ul>\n<a href=\"https:\/\/platform.vawlt.io\/login\" target=\"_self\" class=\"button primary\"  style=\"border-radius:5px;\">\n    <span>Crear un Volumen Immutable<\/span>\n  <\/a>\n\n\n\n\t\t<\/div>\n\t\t\t\t\n<style>\n#col-8118973 > .col-inner {\n  padding: 0px 20px 0px 20px;\n}\n@media (min-width:550px) {\n  #col-8118973 > .col-inner {\n    padding: 0px 20px 0px 0px;\n  }\n}\n<\/style>\n\t<\/div>\n\n\t\n\n\t<div id=\"col-1531876112\" class=\"col medium-6 small-6 large-6 small-col-first\"  >\n\t\t\t\t<div class=\"col-inner text-center\"  >\n\t\t\t\n\t\t\t\n\n\t<div class=\"img has-hover x md-x lg-x y md-y lg-y\" id=\"image_520184160\">\n\t\t\t\t<div data-parallax-fade=\"true\" data-parallax=\"1\">\t\t\t\t<div class=\"img-inner dark\" >\n\t\t\t<img loading=\"lazy\" decoding=\"async\" width=\"1\" height=\"1\" src=\"https:\/\/vawlt.io\/wp-content\/uploads\/2021\/08\/solution02.svg\" class=\"attachment-large size-large\" alt=\"\" \/>\t\t\t\t\t\t\n\t\t\t\t\t<\/div>\n\t\t\t\t<\/div>\t\t\t\t\n<style>\n#image_520184160 {\n  width: 60%;\n}\n<\/style>\n\t<\/div>\n\t\n\n\n\t\t<\/div>\n\t\t\t\t\n<style>\n#col-1531876112 > .col-inner {\n  margin: 0px 0px 0px -10px;\n}\n<\/style>\n\t<\/div>\n\n\t\n\n<\/div>\n\n\t\t<\/div>\n\n\t\t\n<style>\n#section_1980062022 {\n  padding-top: 50px;\n  padding-bottom: 50px;\n  background-color: rgb(248, 250, 250);\n}\n@media (min-width:850px) {\n  #section_1980062022 {\n    padding-top: 80px;\n    padding-bottom: 80px;\n  }\n}\n<\/style>\n\t<\/section>\n\t\n<span class=\"scroll-to\" data-label=\"Scroll to: #archival\" data-bullet=\"false\" data-link=\"#archival\" data-title=\"Archival\"><a name=\"archival\"><\/a><\/span>\n\n\t<section class=\"section\" id=\"section_1822146623\">\n\t\t<div class=\"bg section-bg fill bg-fill  bg-loaded\" >\n\n\t\t\t\n\t\t\t\n\t\t\t\n\n\t\t<\/div>\n\n\t\t<div class=\"section-content relative\">\n\t\t\t\n\n<div class=\"row align-middle\"  id=\"row-1873523382\">\n\n\n\t<div id=\"col-1745101665\" class=\"col medium-6 small-6 large-6 small-col-first\"  >\n\t\t\t\t<div class=\"col-inner text-center\"  >\n\t\t\t\n\t\t\t\n\n\t<div class=\"img has-hover x md-x lg-x y md-y lg-y\" id=\"image_891077734\">\n\t\t\t\t<div data-parallax-fade=\"true\" data-parallax=\"1\">\t\t\t\t<div class=\"img-inner dark\" >\n\t\t\t<img loading=\"lazy\" decoding=\"async\" width=\"1\" height=\"1\" src=\"https:\/\/vawlt.io\/wp-content\/uploads\/2021\/08\/solution03.svg\" class=\"attachment-large size-large\" alt=\"\" \/>\t\t\t\t\t\t\n\t\t\t\t\t<\/div>\n\t\t\t\t<\/div>\t\t\t\t\n<style>\n#image_891077734 {\n  width: 60%;\n}\n<\/style>\n\t<\/div>\n\t\n\n\n\t\t<\/div>\n\t\t\t\t\n<style>\n#col-1745101665 > .col-inner {\n  margin: 0px 0px 0px -10px;\n}\n<\/style>\n\t<\/div>\n\n\t\n\n\t<div id=\"col-1862238645\" class=\"col medium-6 small-12 large-6\"  >\n\t\t\t\t<div class=\"col-inner text-left\"  >\n\t\t\t\n\t\t\t\n\n<h2><strong>Vol\u00famenes Archival<\/strong><\/h2>\n<p class=\"translation-block\">Optimizados para archivos que se <strong>almacenan durante largos per\u00edodos de tiempo y que rara vez se leen<\/strong> (se escriben una vez, es poco probable que se lean). Cada archivo almacenado en este tipo de volumen tiene un cargo m\u00ednimo de duraci\u00f3n de almacenamiento de 180 d\u00edas, lo que significa que Vawlt solo liberar\u00e1 el espacio ocupado por ese archivo despu\u00e9s de dicho per\u00edodo, incluso aunque el archivo se elimine de antemano. Los archivos almacenados en este tipo de volumen est\u00e1n <strong>fuera de l\u00ednea<\/strong> y, por lo tanto, se debe realizar una operaci\u00f3n de recuperaci\u00f3n antes de leer los archivos que no est\u00e1n almacenados en cach\u00e9 en un dispositivo espec\u00edfico. Para esos archivos, el tiempo de descarga puede durar hasta 5 horas despu\u00e9s de aplicar una recuperaci\u00f3n.<\/p>\n<h4>Ejemplos de Uso<\/h4>\n<ul>\n<li>Registros de conmutadores, cortafuegos, etc;<\/li>\n<li>Procesos legales cerrados;<\/li>\n<li>Documentaci\u00f3n contable de a\u00f1os anteriores.<\/li>\n<\/ul>\n<a href=\"https:\/\/platform.vawlt.io\/login\" target=\"_self\" class=\"button primary\"  style=\"border-radius:5px;\">\n    <span>Crear un Volumen Archival<\/span>\n  <\/a>\n\n\n\n\t\t<\/div>\n\t\t\t\t\n<style>\n#col-1862238645 > .col-inner {\n  padding: 0px 20px 0px 20px;\n}\n@media (min-width:550px) {\n  #col-1862238645 > .col-inner {\n    padding: 0px 0px 0px 20px;\n  }\n}\n<\/style>\n\t<\/div>\n\n\t\n\n<\/div>\n\n\t\t<\/div>\n\n\t\t\n<style>\n#section_1822146623 {\n  padding-top: 50px;\n  padding-bottom: 50px;\n}\n@media (min-width:850px) {\n  #section_1822146623 {\n    padding-top: 80px;\n    padding-bottom: 80px;\n  }\n}\n<\/style>\n\t<\/section>\n\t\n\t<section class=\"section\" id=\"section_1161321875\">\n\t\t<div class=\"bg section-bg fill bg-fill  bg-loaded\" >\n\n\t\t\t\n\t\t\t\n\t\t\t\n\n\t\t<\/div>\n\n\t\t<div class=\"section-content relative\">\n\t\t\t\n\n<div class=\"row\"  id=\"row-1241941832\">\n\n\n\t<div id=\"col-1763808010\" class=\"col small-12 large-12\"  >\n\t\t\t\t<div class=\"col-inner text-center\"  >\n\t\t\t\n\t\t\t\n\n\t<div id=\"text-1082258386\" class=\"text\">\n\t\t\n\n<h2><strong>Una \u00fanica soluci\u00f3n para el ciclo de vida de sus datos<\/strong><\/h2>\n\t\t\n<style>\n#text-1082258386 {\n  font-size: 1.6rem;\n  text-align: center;\n}\n<\/style>\n\t<\/div>\n\t\n\t<div id=\"gap-1429114306\" class=\"gap-element clearfix\" style=\"display:block; height:auto;\">\n\t\t\n<style>\n#gap-1429114306 {\n  padding-top: 30px;\n}\n<\/style>\n\t<\/div>\n\t\n\n\t<div class=\"img has-hover x md-x lg-x y md-y lg-y\" id=\"image_833667499\">\n\t\t\t\t\t\t\t\t<div class=\"img-inner dark\" >\n\t\t\t<img loading=\"lazy\" decoding=\"async\" width=\"1\" height=\"1\" src=\"https:\/\/vawlt.io\/wp-content\/uploads\/2021\/08\/type_volumes01.svg\" class=\"attachment-large size-large\" alt=\"\" \/>\t\t\t\t\t\t\n\t\t\t\t\t<\/div>\n\t\t\t\t\t\t\t\t\n<style>\n#image_833667499 {\n  width: 100%;\n}\n@media (min-width:550px) {\n  #image_833667499 {\n    width: 80%;\n  }\n}\n<\/style>\n\t<\/div>\n\t\n\n\n\t\t<\/div>\n\t\t\t\t\t<\/div>\n\n\t\n\n<\/div>\n\n\t\t<\/div>\n\n\t\t\n<style>\n#section_1161321875 {\n  padding-top: 50px;\n  padding-bottom: 50px;\n  background-color: rgb(244, 247, 249);\n}\n@media (min-width:850px) {\n  #section_1161321875 {\n    padding-top: 80px;\n    padding-bottom: 80px;\n  }\n}\n<\/style>\n\t<\/section>\n\t\n\t<section class=\"section\" id=\"section_1217916171\">\n\t\t<div class=\"bg section-bg fill bg-fill  bg-loaded\" >\n\n\t\t\t\n\t\t\t\n\t\t\t\n\n\t\t<\/div>\n\n\t\t<div class=\"section-content relative\">\n\t\t\t\n\n<div class=\"row\"  id=\"row-870335381\">\n\n\n\t<div id=\"col-1030742154\" class=\"col small-12 large-12\"  >\n\t\t\t\t<div class=\"col-inner text-center\"  >\n\t\t\t\n\t\t\t\n\n\t<div id=\"text-4155448692\" class=\"text\">\n\t\t\n\n<h2><strong>Descubra las especificaciones t\u00e9cnicas<\/strong><\/h2>\n\t\t\n<style>\n#text-4155448692 {\n  font-size: 1.6rem;\n  text-align: center;\n}\n<\/style>\n\t<\/div>\n\t\n\n\t\t<\/div>\n\t\t\t\t\t<\/div>\n\n\t\n\n<\/div>\n<div class=\"row\"  id=\"row-1138634640\">\n\n\n\t<div id=\"col-904811079\" class=\"col small-12 large-12\"  >\n\t\t\t\t<div class=\"col-inner\"  >\n\t\t\t\n\t\t\t\n\n\t<div id=\"text-2128817533\" class=\"text\">\n\t\t\n\n<table class=\"compare table table-striped\"><thead class=\"thead-inverse\"><tr><th class=\"w-25\"><\/th><th class=\"\">Hot<\/th><th class=\"\">Warm<\/th><th class=\"\">Immutable<\/th><th class=\"\">Archival<\/th><\/tr><\/thead><tbody><tr><td class=\"w-25 option\">Duraci\u00f3n m\u00ednima de almacenamiento<\/td><td class=\"\">N \/ A<\/td><td class=\"\">30 dias<\/td><td class=\"\">30 dias<\/td><td class=\"\">180 dias<\/td><\/tr><tr><td class=\"option\">Control de versiones<\/td><td>S\u00ed<\/td><td>S\u00ed<\/td><td>No<\/td><td>No<\/td><\/tr><tr><td class=\"option\">Tiempo de descarga (primer byte)<\/td><td>Milisegundo<\/td><td>Milisegundo<\/td><td>Milisegundo<\/td><td>Hasta 5 horas<\/td><\/tr><\/tbody><\/table>\n\t\t\n<style>\n#text-2128817533 {\n  font-size: 0.75rem;\n}\n<\/style>\n\t<\/div>\n\t\n\n\t\t<\/div>\n\t\t\t\t\n<style>\n#col-904811079 > .col-inner {\n  padding: 0px 0px 0px 0px;\n}\n@media (min-width:550px) {\n  #col-904811079 > .col-inner {\n    padding: 0px 20px 0px 20px;\n  }\n}\n<\/style>\n\t<\/div>\n\n\t\n\n<\/div>\n\n\t\t<\/div>\n\n\t\t\n<style>\n#section_1217916171 {\n  padding-top: 50px;\n  padding-bottom: 50px;\n  background-color: rgb(255, 255, 255);\n}\n@media (min-width:850px) {\n  #section_1217916171 {\n    padding-top: 80px;\n    padding-bottom: 80px;\n  }\n}\n<\/style>\n\t<\/section>\n\t\n\t<section class=\"section\" id=\"section_1702001571\">\n\t\t<div class=\"bg section-bg fill bg-fill  bg-loaded\" >\n\n\t\t\t\n\t\t\t\n\t\t\t\n\n\t\t<\/div>\n\n\t\t<div class=\"section-content relative\">\n\t\t\t\n\n<div class=\"row row-collapse\"  id=\"row-1903485703\">\n\n\n\t<div id=\"col-1503697832\" class=\"col small-12 large-12\"  >\n\t\t\t\t<div class=\"col-inner text-center\"  >\n\t\t\t\n\t\t\t\n\n\t<div id=\"text-1286723767\" class=\"text\">\n\t\t\n\n<h3><strong>Control de Acceso<\/strong><\/h3>\n\t\t\n<style>\n#text-1286723767 {\n  color: rgb(48, 100, 137);\n}\n#text-1286723767 > * {\n  color: rgb(48, 100, 137);\n}\n<\/style>\n\t<\/div>\n\t\n<a href=\"\/es\/producto\/control-de-acceso\/\" target=\"_self\" class=\"button primary is-link\"  >\n    <span>Descubrir Control de Acceso<\/span>\n  <i class=\"icon-angle-right\" ><\/i><\/a>\n\n\n\n\t\t<\/div>\n\t\t\t\t\t<\/div>\n\n\t\n\n<\/div>\n\n\t\t<\/div>\n\n\t\t\n<style>\n#section_1702001571 {\n  padding-top: 50px;\n  padding-bottom: 50px;\n  background-color: rgb(244, 247, 249);\n}\n@media (min-width:850px) {\n  #section_1702001571 {\n    padding-top: 80px;\n    padding-bottom: 80px;\n  }\n}\n<\/style>\n\t<\/section>","protected":false},"excerpt":{"rendered":"","protected":false},"author":8,"featured_media":0,"parent":36,"menu_order":2,"comment_status":"closed","ping_status":"closed","template":"page-blank.php","meta":{"footnotes":""},"class_list":["post-173","page","type-page","status-publish","hentry"],"yoast_head":"<!-- This site is optimized with the Yoast SEO plugin v26.2 - https:\/\/yoast.com\/wordpress\/plugins\/seo\/ -->\n<title>Volume Types: Hot, Warm, Immutable, Archival | Multicloud Storage | Vawlt<\/title>\n<meta name=\"description\" content=\"Vawlt adapts to your needs: define storage capacity, download quota, interfaces and retention policies to your data volumes, or by brand and location.\" \/>\n<meta name=\"robots\" content=\"index, follow, max-snippet:-1, max-image-preview:large, max-video-preview:-1\" \/>\n<link rel=\"canonical\" href=\"https:\/\/site-temp.vawlt.io\/product\/volume-types\/\" \/>\n<meta property=\"og:locale\" content=\"es_ES\" \/>\n<meta property=\"og:type\" content=\"article\" \/>\n<meta property=\"og:title\" content=\"Volume Types: Hot, Warm, Immutable, Archival | Multicloud Storage | Vawlt\" \/>\n<meta property=\"og:description\" content=\"Vawlt adapts to your needs: define storage capacity, download quota, interfaces and retention policies to your data volumes, or by brand and location.\" \/>\n<meta property=\"og:url\" content=\"https:\/\/site-temp.vawlt.io\/product\/volume-types\/\" \/>\n<meta property=\"og:site_name\" content=\"Vawlt\" \/>\n<meta property=\"article:publisher\" content=\"https:\/\/www.facebook.com\/vawlt\" \/>\n<meta property=\"article:modified_time\" content=\"2022-05-19T11:05:25+00:00\" \/>\n<meta property=\"og:image\" content=\"https:\/\/vawlt.io\/wp-content\/uploads\/2021\/09\/mockup.png\" \/>\n\t<meta property=\"og:image:width\" content=\"500\" \/>\n\t<meta property=\"og:image:height\" content=\"256\" \/>\n\t<meta property=\"og:image:type\" content=\"image\/png\" \/>\n<meta name=\"twitter:card\" content=\"summary_large_image\" \/>\n<meta name=\"twitter:site\" content=\"@vawltio\" \/>\n<meta name=\"twitter:label1\" content=\"Tiempo de lectura\" \/>\n\t<meta name=\"twitter:data1\" content=\"4 minutos\" \/>\n<!-- \/ Yoast SEO plugin. -->","yoast_head_json":{"title":"Tipos de Vol\u00famenes: Hot, Warm, Immutable, Archival | Almacenamiento en nube m\u00faltiple | Vawlt","description":"Vawlt se adapta a sus necesidades: defina la capacidad de almacenamiento, la cuota de descarga, las interfaces y las pol\u00edticas de retenci\u00f3n a sus vol\u00famenes de datos, o por marca y ubicaci\u00f3n.","robots":{"index":"index","follow":"follow","max-snippet":"max-snippet:-1","max-image-preview":"max-image-preview:large","max-video-preview":"max-video-preview:-1"},"canonical":"https:\/\/site-temp.vawlt.io\/product\/volume-types\/","og_locale":"es_ES","og_type":"article","og_title":"Volume Types: Hot, Warm, Immutable, Archival | Multicloud Storage | Vawlt","og_description":"Vawlt adapts to your needs: define storage capacity, download quota, interfaces and retention policies to your data volumes, or by brand and location.","og_url":"https:\/\/site-temp.vawlt.io\/product\/volume-types\/","og_site_name":"Vawlt","article_publisher":"https:\/\/www.facebook.com\/vawlt","article_modified_time":"2022-05-19T11:05:25+00:00","og_image":[{"width":500,"height":256,"url":"https:\/\/vawlt.io\/wp-content\/uploads\/2021\/09\/mockup.png","type":"image\/png"}],"twitter_card":"summary_large_image","twitter_site":"@vawltio","twitter_misc":{"Tiempo de lectura":"4 minutos"},"schema":{"@context":"https:\/\/schema.org","@graph":[{"@type":"WebPage","@id":"https:\/\/site-temp.vawlt.io\/product\/volume-types\/","url":"https:\/\/site-temp.vawlt.io\/product\/volume-types\/","name":"Tipos de Vol\u00famenes: Hot, Warm, Immutable, Archival | Almacenamiento en nube m\u00faltiple | Vawlt","isPartOf":{"@id":"https:\/\/site-temp.vawlt.io\/#website"},"datePublished":"2021-08-12T09:05:00+00:00","dateModified":"2022-05-19T11:05:25+00:00","description":"Vawlt se adapta a sus necesidades: defina la capacidad de almacenamiento, la cuota de descarga, las interfaces y las pol\u00edticas de retenci\u00f3n a sus vol\u00famenes de datos, o por marca y ubicaci\u00f3n.","breadcrumb":{"@id":"https:\/\/site-temp.vawlt.io\/product\/volume-types\/#breadcrumb"},"inLanguage":"es","potentialAction":[{"@type":"ReadAction","target":["https:\/\/site-temp.vawlt.io\/product\/volume-types\/"]}]},{"@type":"BreadcrumbList","@id":"https:\/\/site-temp.vawlt.io\/product\/volume-types\/#breadcrumb","itemListElement":[{"@type":"ListItem","position":1,"name":"Home","item":"https:\/\/vawlt.io\/"},{"@type":"ListItem","position":2,"name":"Product","item":"https:\/\/site-temp.vawlt.io\/product\/"},{"@type":"ListItem","position":3,"name":"Volume Types"}]},{"@type":"WebSite","@id":"https:\/\/site-temp.vawlt.io\/#website","url":"https:\/\/site-temp.vawlt.io\/","name":"Vawlt","description":"Soluci\u00f3n de almacenamiento de datos multicloud que simplifica la transici\u00f3n a la nube, mejora los est\u00e1ndares de seguridad y optimiza el uso de los recursos de almacenamiento.","publisher":{"@id":"https:\/\/site-temp.vawlt.io\/#organization"},"potentialAction":[{"@type":"SearchAction","target":{"@type":"EntryPoint","urlTemplate":"https:\/\/site-temp.vawlt.io\/?s={search_term_string}"},"query-input":{"@type":"PropertyValueSpecification","valueRequired":true,"valueName":"search_term_string"}}],"inLanguage":"es"},{"@type":"Organization","@id":"https:\/\/site-temp.vawlt.io\/#organization","name":"Vawlt","url":"https:\/\/site-temp.vawlt.io\/","logo":{"@type":"ImageObject","inLanguage":"es","@id":"https:\/\/site-temp.vawlt.io\/#\/schema\/logo\/image\/","url":"http:\/\/vawlt.io\/wp-content\/uploads\/2021\/08\/logo_vawlt_business.png","contentUrl":"http:\/\/vawlt.io\/wp-content\/uploads\/2021\/08\/logo_vawlt_business.png","width":576,"height":92,"caption":"Vawlt"},"image":{"@id":"https:\/\/site-temp.vawlt.io\/#\/schema\/logo\/image\/"},"sameAs":["https:\/\/www.facebook.com\/vawlt","https:\/\/x.com\/vawltio","https:\/\/www.linkedin.com\/company\/vawlt","https:\/\/www.youtube.com\/channel\/UCYzlYYg7j_07CFi8Be0eAMw"]}]}},"_links":{"self":[{"href":"https:\/\/vawlt.io\/es\/wp-json\/wp\/v2\/pages\/173","targetHints":{"allow":["GET"]}}],"collection":[{"href":"https:\/\/vawlt.io\/es\/wp-json\/wp\/v2\/pages"}],"about":[{"href":"https:\/\/vawlt.io\/es\/wp-json\/wp\/v2\/types\/page"}],"author":[{"embeddable":true,"href":"https:\/\/vawlt.io\/es\/wp-json\/wp\/v2\/users\/8"}],"replies":[{"embeddable":true,"href":"https:\/\/vawlt.io\/es\/wp-json\/wp\/v2\/comments?post=173"}],"version-history":[{"count":45,"href":"https:\/\/vawlt.io\/es\/wp-json\/wp\/v2\/pages\/173\/revisions"}],"predecessor-version":[{"id":5629,"href":"https:\/\/vawlt.io\/es\/wp-json\/wp\/v2\/pages\/173\/revisions\/5629"}],"up":[{"embeddable":true,"href":"https:\/\/vawlt.io\/es\/wp-json\/wp\/v2\/pages\/36"}],"wp:attachment":[{"href":"https:\/\/vawlt.io\/es\/wp-json\/wp\/v2\/media?parent=173"}],"curies":[{"name":"wp","href":"https:\/\/api.w.org\/{rel}","templated":true}]}}