{"id":1943,"date":"2021-09-01T14:11:36","date_gmt":"2021-09-01T14:11:36","guid":{"rendered":"http:\/\/vawlt.io\/?page_id=1943"},"modified":"2022-03-04T17:17:46","modified_gmt":"2022-03-04T17:17:46","slug":"service-providers","status":"publish","type":"page","link":"https:\/\/vawlt.io\/es\/socios\/proveedores-de-servicios\/","title":{"rendered":"Proveedores de servicios"},"content":{"rendered":"<section class=\"section has-parallax\" id=\"section_1939858520\">\n\t\t<div class=\"bg section-bg fill bg-fill\" data-parallax-container=\".section\" data-parallax-background data-parallax=\"-2\">\n\n\t\t\t\n\t\t\t\n\t\t\t\n\n\t\t<\/div>\n\n\t\t<div class=\"section-content relative\">\n\t\t\t\n\n<div class=\"row\"  id=\"row-753403724\">\n\n\n\t<div id=\"col-366927919\" class=\"col medium-6 small-12 large-6\"  >\n\t\t\t\t<div class=\"col-inner dark\"  >\n\t\t\t\n\t\t\t\n\n\t<div id=\"text-1509367293\" class=\"text\">\n\t\t\n\n<h1><strong>Proveedores de servicios\n<\/strong><\/h1>\n\t\t\n<style>\n#text-1509367293 {\n  font-size: 1.95rem;\n}\n<\/style>\n\t<\/div>\n\t\n\t<div id=\"text-2129403119\" class=\"text\">\n\t\t\n\n<p>Cree productos nuevos, centrados en la privacidad, sobre Vawlt. Mant\u00e9ngase cerca de sus clientes en su viaje hacia la nube p\u00fablica, mientras aprovecha sus propios centros de datos. Coloque sus ofertas de almacenamiento en la nube junto con los principales proveedores de la nube, en lugar de competir con ellos.<\/p>\n\t\t\n<style>\n#text-2129403119 {\n  font-size: 1.25rem;\n}\n<\/style>\n\t<\/div>\n\t\n\n\t\t<\/div>\n\t\t\t\t\n<style>\n#col-366927919 > .col-inner {\n  padding: 30px 20px 0px 20px;\n}\n@media (min-width:550px) {\n  #col-366927919 > .col-inner {\n    padding: 25px 0px 0px 20px;\n  }\n}\n@media (min-width:850px) {\n  #col-366927919 > .col-inner {\n    padding: 25px 0px 0px 0px;\n  }\n}\n<\/style>\n\t<\/div>\n\n\t\n\n<\/div>\n\n\t\t<\/div>\n\n\t\t\n<style>\n#section_1939858520 {\n  padding-top: 30px;\n  padding-bottom: 30px;\n  min-height: 60vh;\n}\n#section_1939858520 .section-bg.bg-loaded {\n  background-image: url(https:\/\/vawlt.io\/wp-content\/uploads\/2021\/08\/telco.svg);\n}\n#section_1939858520 .section-bg {\n  background-position: 71% 44%;\n}\n<\/style>\n\t<\/section>\n\t\n\t<section class=\"section\" id=\"section_1679268808\">\n\t\t<div class=\"bg section-bg fill bg-fill  bg-loaded\" >\n\n\t\t\t\n\t\t\t\n\t\t\t\n\n\t\t<\/div>\n\n\t\t<div class=\"section-content relative\">\n\t\t\t\n\n<div class=\"row\"  id=\"row-2105079956\">\n\n\n\t<div id=\"col-24736202\" class=\"col medium-4 small-12 large-4\"  data-animate=\"fadeInUp\">\n\t\t\t\t<div class=\"col-inner\"  >\n\t\t\t\n\t\t\t\n\n\t<div class=\"img has-hover x md-x lg-x y md-y lg-y\" id=\"image_763951111\">\n\t\t\t\t\t\t\t\t<div class=\"img-inner dark\" >\n\t\t\t<img loading=\"lazy\" decoding=\"async\" width=\"1\" height=\"1\" src=\"https:\/\/vawlt.io\/wp-content\/uploads\/2021\/08\/graph01.svg\" class=\"attachment-large size-large\" alt=\"\" \/>\t\t\t\t\t\t\n\t\t\t\t\t<\/div>\n\t\t\t\t\t\t\t\t\n<style>\n#image_763951111 {\n  width: 10%;\n}\n@media (min-width:550px) {\n  #image_763951111 {\n    width: 15%;\n  }\n}\n<\/style>\n\t<\/div>\n\t\n\n<h3>Control y seguridad de datos<\/h3><p>Vawlt es una ventanilla \u00fanica para proporcionar m\u00faltiples niveles de almacenamiento para adaptarse a diferentes oportunidades de mercado, con una capa de seguridad de datos inigualable en el mercado. Una soluci\u00f3n creada para proteger el activo m\u00e1s importante en un mundo digital \u2013 los datos.<\/p>\n\n\t\t<\/div>\n\t\t\t\t\n<style>\n#col-24736202 > .col-inner {\n  padding: 25px 20px 0px 20px;\n}\n@media (min-width:550px) {\n  #col-24736202 > .col-inner {\n    padding: 25px 0px 0px 20px;\n  }\n}\n@media (min-width:850px) {\n  #col-24736202 > .col-inner {\n    padding: 25px 0px 0px 0px;\n  }\n}\n<\/style>\n\t<\/div>\n\n\t\n\n\t<div id=\"col-159221629\" class=\"col medium-4 small-12 large-4\"  data-animate=\"fadeInUp\">\n\t\t\t\t<div class=\"col-inner\"  >\n\t\t\t\n\t\t\t\n\n\t<div class=\"img has-hover x md-x lg-x y md-y lg-y\" id=\"image_126637247\">\n\t\t\t\t\t\t\t\t<div class=\"img-inner dark\" >\n\t\t\t<img loading=\"lazy\" decoding=\"async\" width=\"1\" height=\"1\" src=\"https:\/\/vawlt.io\/wp-content\/uploads\/2021\/08\/graph02.svg\" class=\"attachment-large size-large\" alt=\"\" \/>\t\t\t\t\t\t\n\t\t\t\t\t<\/div>\n\t\t\t\t\t\t\t\t\n<style>\n#image_126637247 {\n  width: 10%;\n}\n@media (min-width:550px) {\n  #image_126637247 {\n    width: 15%;\n  }\n}\n<\/style>\n\t<\/div>\n\t\n\n<h3>Protecci\u00f3n contra el secuestro de datos<\/h3><p>Los ataques de secuestro de datos son una amenaza recurrente que hace que las empresas gasten mucho dinero en la reconstrucci\u00f3n y reparaci\u00f3n de sus infraestructuras. Vawlt ofrece una capa adicional contra el secuestro de datos en cada tipo de volumen que elija.<\/p>\n\n\t\t<\/div>\n\t\t\t\t\n<style>\n#col-159221629 > .col-inner {\n  padding: 0px 20px 0px 20px;\n}\n@media (min-width:550px) {\n  #col-159221629 > .col-inner {\n    padding: 25px 0px 0px 0px;\n  }\n}\n@media (min-width:850px) {\n  #col-159221629 > .col-inner {\n    padding: 25px 0px 0px 0px;\n  }\n}\n<\/style>\n\t<\/div>\n\n\t\n\n\t<div id=\"col-565771735\" class=\"col medium-4 small-12 large-4\"  data-animate=\"fadeInUp\">\n\t\t\t\t<div class=\"col-inner\"  >\n\t\t\t\n\t\t\t\n\n\t<div class=\"img has-hover x md-x lg-x y md-y lg-y\" id=\"image_183753602\">\n\t\t\t\t\t\t\t\t<div class=\"img-inner dark\" >\n\t\t\t<img loading=\"lazy\" decoding=\"async\" width=\"1\" height=\"1\" src=\"https:\/\/vawlt.io\/wp-content\/uploads\/2021\/08\/graph03.svg\" class=\"attachment-large size-large\" alt=\"\" \/>\t\t\t\t\t\t\n\t\t\t\t\t<\/div>\n\t\t\t\t\t\t\t\t\n<style>\n#image_183753602 {\n  width: 10%;\n}\n@media (min-width:550px) {\n  #image_183753602 {\n    width: 15%;\n  }\n}\n<\/style>\n\t<\/div>\n\t\n\n<h3>Infraestructura de TI envejecida\n<\/h3><p>Optimice su rendimiento y aproveche su estructura de TI. Las interfaces de Vawlt tambi\u00e9n permiten que las aplicaciones heredadas se ejecuten en la nube, por lo que puede tener una transici\u00f3n sin problemas a una soluci\u00f3n multinube sin cambiar su infraestructura.<\/p>\n\n\t\t<\/div>\n\t\t\t\t\n<style>\n#col-565771735 > .col-inner {\n  padding: 0px 20px 0px 20px;\n}\n@media (min-width:550px) {\n  #col-565771735 > .col-inner {\n    padding: 25px 20px 0px 0px;\n  }\n}\n@media (min-width:850px) {\n  #col-565771735 > .col-inner {\n    padding: 25px 0px 0px 0px;\n  }\n}\n<\/style>\n\t<\/div>\n\n\t\n\n<\/div>\n\n\t\t<\/div>\n\n\t\t\n<style>\n#section_1679268808 {\n  padding-top: 50px;\n  padding-bottom: 50px;\n  background-color: rgb(248, 249, 250);\n}\n<\/style>\n\t<\/section>\n\t\n\t<section class=\"section\" id=\"section_1304377510\">\n\t\t<div class=\"bg section-bg fill bg-fill  bg-loaded\" >\n\n\t\t\t\n\t\t\t\n\t\t\t\n\n\t\t<\/div>\n\n\t\t<div class=\"section-content relative\">\n\t\t\t\n\n<div class=\"row\"  id=\"row-1715209362\">\n\n\n\t<div id=\"col-22975743\" class=\"col small-12 large-12\"  >\n\t\t\t\t<div class=\"col-inner\"  >\n\t\t\t\n\t\t\t\n\n\t<div id=\"text-2264249441\" class=\"text\">\n\t\t\n\n<h2><strong>Casos de uso<\/strong><\/h2>\n\t\t\n<style>\n#text-2264249441 {\n  font-size: 1.6rem;\n  line-height: 2.2;\n  text-align: center;\n}\n<\/style>\n\t<\/div>\n\t\n\n\t\t<\/div>\n\t\t\t\t\t<\/div>\n\n\t\n\n<\/div>\n<div class=\"row align-equal\"  id=\"row-740008251\">\n\n\n\t<div id=\"col-1882042543\" class=\"col medium-6 small-12 large-6\"  >\n\t\t\t\t<div class=\"col-inner box-shadow-2\"  >\n\t\t\t\n\t\t\t\n\n<div class=\"row row-collapse\"  id=\"row-135948964\">\n\n\n\t<div id=\"col-211941876\" class=\"col blue-gradient small-12 large-12\"  >\n\t\t\t\t<div class=\"col-inner dark\"  >\n\t\t\t\n\t\t\t\n\n<h3><strong>Liberar recursos de infraestructura\n<\/strong><\/h3>\n\n\t\t<\/div>\n\t\t\t\t\n<style>\n#col-211941876 > .col-inner {\n  padding: 20px 0px 10px 20px;\n}\n<\/style>\n\t<\/div>\n\n\t\n\n\t<div id=\"col-238900521\" class=\"col small-12 large-12\"  >\n\t\t\t\t<div class=\"col-inner\"  >\n\t\t\t\n\t\t\t\n\n<p>Con Vawlt, puede aliviar un poco la presi\u00f3n de su infraestructura moviendo datos inmutables o de archivo a una soluci\u00f3n multinube que es segura por dise\u00f1o y m\u00e1s barata de ejecutar.<\/p>\n\t<div id=\"gap-1130490447\" class=\"gap-element clearfix\" style=\"display:block; height:auto;\">\n\t\t\n<style>\n#gap-1130490447 {\n  padding-top: 0px;\n}\n@media (min-width:550px) {\n  #gap-1130490447 {\n    padding-top: 25px;\n  }\n}\n<\/style>\n\t<\/div>\n\t\n\n<a href=\"\/es\/soluciones\/casos-de-uso\/liberar-recursos-de-infraestructura\/\" target=\"_self\" class=\"button primary is-link\"  >\n    <span>Leer m\u00e1s<\/span>\n  <i class=\"icon-angle-right\" ><\/i><\/a>\n\n\n\n\t\t<\/div>\n\t\t\t\t\n<style>\n#col-238900521 > .col-inner {\n  padding: 20px 20px 0px 20px;\n}\n<\/style>\n\t<\/div>\n\n\t\n\n<\/div>\n\n\t\t<\/div>\n\t\t\t\t\t<\/div>\n\n\t\n\n\t<div id=\"col-1220715504\" class=\"col medium-6 small-12 large-6\"  >\n\t\t\t\t<div class=\"col-inner box-shadow-2\"  >\n\t\t\t\n\t\t\t\n\n<div class=\"row row-collapse\"  id=\"row-1909638959\">\n\n\n\t<div id=\"col-918700748\" class=\"col blue-gradient small-12 large-12\"  >\n\t\t\t\t<div class=\"col-inner dark\"  >\n\t\t\t\n\t\t\t\n\n<h3><strong>Copia de seguridad y recuperaci\u00f3n ante desastres fuera del sitio\n<\/strong><\/h3>\n\n\t\t<\/div>\n\t\t\t\t\n<style>\n#col-918700748 > .col-inner {\n  padding: 20px 0px 10px 20px;\n}\n<\/style>\n\t<\/div>\n\n\t\n\n\t<div id=\"col-785261092\" class=\"col small-12 large-12\"  >\n\t\t\t\t<div class=\"col-inner\"  >\n\t\t\t\n\t\t\t\n\n<p>Restaure el acceso de los usuarios a los archivos inmediatamente despu\u00e9s de una interrupci\u00f3n del sistema. Vawlt permite que los archivos y carpetas de su sistema de archivos se restauren y reconstruyan r\u00e1pidamente desde la soluci\u00f3n multinube, al permitir una b\u00fasqueda integral en todos sus vol\u00famenes.<\/p>\n<a href=\"\/es\/soluciones\/casos-de-uso\/copia-de-seguridad-y-recuperacion-ante-desastres-fuera-del-sitio\/\" target=\"_self\" class=\"button primary is-link\"  >\n    <span>Leer m\u00e1s<\/span>\n  <i class=\"icon-angle-right\" ><\/i><\/a>\n\n\n\n\t\t<\/div>\n\t\t\t\t\n<style>\n#col-785261092 > .col-inner {\n  padding: 20px 20px 0px 20px;\n}\n<\/style>\n\t<\/div>\n\n\t\n\n<\/div>\n\n\t\t<\/div>\n\t\t\t\t\t<\/div>\n\n\t\n\n<\/div>\n<div class=\"row row-collapse\"  id=\"row-2058393499\">\n\n\n\t<div id=\"col-1718170788\" class=\"col small-12 large-12\"  >\n\t\t\t\t<div class=\"col-inner text-center\"  >\n\t\t\t\n\t\t\t\n\n<a href=\"\/es\/soluciones\/casos-de-uso\/\" target=\"_self\" class=\"button primary is-outline\"  style=\"border-radius:5px;\">\n    <span>Todos los casos de uso<\/span>\n  <i class=\"icon-angle-right\" ><\/i><\/a>\n\n\n\n\t\t<\/div>\n\t\t\t\t\t<\/div>\n\n\t\n\n<\/div>\n\n\t\t<\/div>\n\n\t\t\n<style>\n#section_1304377510 {\n  padding-top: 50px;\n  padding-bottom: 50px;\n}\n<\/style>\n\t<\/section>\n\t\n\t<section class=\"section\" id=\"section_913824330\">\n\t\t<div class=\"bg section-bg fill bg-fill  bg-loaded\" >\n\n\t\t\t\n\t\t\t\n\t\t\t\n\n\t\t<\/div>\n\n\t\t<div class=\"section-content relative\">\n\t\t\t\n\n\t<div id=\"gap-287386602\" class=\"gap-element clearfix\" style=\"display:block; height:auto;\">\n\t\t\n<style>\n#gap-287386602 {\n  padding-top: 40px;\n}\n<\/style>\n\t<\/div>\n\t\n\n<div class=\"row row-collapse align-middle\"  id=\"row-1403712906\">\n\n\n\t<div id=\"col-2068729113\" class=\"col medium-6 small-12 large-6\"  >\n\t\t\t\t<div class=\"col-inner text-left\"  >\n\t\t\t\n\t\t\t\n\n\t<div id=\"text-2954376064\" class=\"text\">\n\t\t\n\n<h3 style=\"font-weight: 600;\">No deje que el ransomware detenga a su empresa<\/h3>\n\t\t\n<style>\n#text-2954376064 {\n  font-size: 1rem;\n  text-align: center;\n}\n@media (min-width:550px) {\n  #text-2954376064 {\n    text-align: left;\n  }\n}\n<\/style>\n\t<\/div>\n\t\n\t<div id=\"text-3926540434\" class=\"text\">\n\t\t\n\n<h2><span style=\"font-weight: 600; color: #21bffc;\">Es f\u00e1cil<\/span><span style=\"font-weight: 600; color: #000000;\">\u00a0empezar.<br \/><\/span><\/h2>\n\t\t\n<style>\n#text-3926540434 {\n  font-size: 1.6rem;\n  text-align: center;\n}\n@media (min-width:550px) {\n  #text-3926540434 {\n    text-align: left;\n  }\n}\n<\/style>\n\t<\/div>\n\t\n\n\t\t<\/div>\n\t\t\t\t\n<style>\n#col-2068729113 > .col-inner {\n  padding: 0px 20px 0px 20px;\n}\n@media (min-width:550px) {\n  #col-2068729113 > .col-inner {\n    padding: 0px 0px 0px 20px;\n  }\n}\n<\/style>\n\t<\/div>\n\n\t\n\n\t<div id=\"col-1881211324\" class=\"col hide-for-medium medium-6 small-12 large-6\"  >\n\t\t\t\t<div class=\"col-inner text-right\"  >\n\t\t\t\n\t\t\t\n\n<a href=\"http:\/\/vawlt.io\/es\/obtener-una-demo\/\" target=\"_self\" class=\"button primary is-large\"  style=\"border-radius:5px;\">\n    <span>Obtener una demo<\/span>\n  <\/a>\n\n\n\n\t\t<\/div>\n\t\t\t\t\n<style>\n#col-1881211324 > .col-inner {\n  padding: 0px 20px 0px 20px;\n}\n@media (min-width:550px) {\n  #col-1881211324 > .col-inner {\n    padding: 0px 20px 0px 0px;\n  }\n}\n<\/style>\n\t<\/div>\n\n\t\n\n\t<div id=\"col-972635550\" class=\"col show-for-medium hide-for-small medium-6 small-12 large-6\"  >\n\t\t\t\t<div class=\"col-inner text-right\"  >\n\t\t\t\n\t\t\t\n\n<a href=\"http:\/\/vawlt.io\/es\/obtener-una-demo\/\" target=\"_self\" class=\"button primary\"  style=\"border-radius:5px;\">\n    <span>Obtener una demo<\/span>\n  <\/a>\n\n\n\n\t\t<\/div>\n\t\t\t\t\n<style>\n#col-972635550 > .col-inner {\n  padding: 0px 20px 0px 20px;\n}\n@media (min-width:550px) {\n  #col-972635550 > .col-inner {\n    padding: 0px 20px 0px 0px;\n  }\n}\n<\/style>\n\t<\/div>\n\n\t\n\n\t<div id=\"col-1769745602\" class=\"col show-for-small medium-6 small-12 large-6\"  >\n\t\t\t\t<div class=\"col-inner text-center\"  >\n\t\t\t\n\t\t\t\n\n\t<div id=\"gap-1230402387\" class=\"gap-element clearfix\" style=\"display:block; height:auto;\">\n\t\t\n<style>\n#gap-1230402387 {\n  padding-top: 23px;\n}\n@media (min-width:550px) {\n  #gap-1230402387 {\n    padding-top: 40px;\n  }\n}\n<\/style>\n\t<\/div>\n\t\n\n<a href=\"http:\/\/vawlt.io\/es\/obtener-una-demo\/\" target=\"_self\" class=\"button primary is-small\"  style=\"border-radius:5px;\">\n    <span>Obtener una demo<\/span>\n  <\/a>\n\n\n\n\t\t<\/div>\n\t\t\t\t\n<style>\n#col-1769745602 > .col-inner {\n  padding: 0px 20px 0px 20px;\n}\n@media (min-width:550px) {\n  #col-1769745602 > .col-inner {\n    padding: 0px 20px 0px 0px;\n  }\n}\n<\/style>\n\t<\/div>\n\n\t\n\n<\/div>\n\n\t\t<\/div>\n\n\t\t\n<style>\n#section_913824330 {\n  padding-top: 30px;\n  padding-bottom: 30px;\n  background-color: rgb(244, 247, 249);\n}\n<\/style>\n\t<\/section>","protected":false},"excerpt":{"rendered":"","protected":false},"author":8,"featured_media":0,"parent":389,"menu_order":0,"comment_status":"closed","ping_status":"closed","template":"page-blank.php","meta":{"footnotes":""},"class_list":["post-1943","page","type-page","status-publish","hentry"],"yoast_head":"<!-- This site is optimized with the Yoast SEO plugin v26.2 - https:\/\/yoast.com\/wordpress\/plugins\/seo\/ -->\n<title>Cloud Data Storage For Service Providers | Multicloud Storage | Vawlt<\/title>\n<meta name=\"description\" content=\"Position your cloud storage offers alongside leading cloud providers, instead of competing with them. Stay close to your customers in their cloud journey.\" \/>\n<meta name=\"robots\" content=\"index, follow, max-snippet:-1, max-image-preview:large, max-video-preview:-1\" \/>\n<link rel=\"canonical\" href=\"https:\/\/site-temp.vawlt.io\/partners\/service-providers\/\" \/>\n<meta property=\"og:locale\" content=\"es_ES\" \/>\n<meta property=\"og:type\" content=\"article\" \/>\n<meta property=\"og:title\" content=\"Cloud Data Storage For Service Providers | Multicloud Storage | Vawlt\" \/>\n<meta property=\"og:description\" content=\"Position your cloud storage offers alongside leading cloud providers, instead of competing with them. Stay close to your customers in their cloud journey.\" \/>\n<meta property=\"og:url\" content=\"https:\/\/site-temp.vawlt.io\/partners\/service-providers\/\" \/>\n<meta property=\"og:site_name\" content=\"Vawlt\" \/>\n<meta property=\"article:publisher\" content=\"https:\/\/www.facebook.com\/vawlt\" \/>\n<meta property=\"article:modified_time\" content=\"2022-03-04T17:17:46+00:00\" \/>\n<meta property=\"og:image\" content=\"https:\/\/vawlt.io\/wp-content\/uploads\/2021\/09\/mockup.png\" \/>\n\t<meta property=\"og:image:width\" content=\"500\" \/>\n\t<meta property=\"og:image:height\" content=\"256\" \/>\n\t<meta property=\"og:image:type\" content=\"image\/png\" \/>\n<meta name=\"twitter:card\" content=\"summary_large_image\" \/>\n<meta name=\"twitter:site\" content=\"@vawltio\" \/>\n<meta name=\"twitter:label1\" content=\"Tiempo de lectura\" \/>\n\t<meta name=\"twitter:data1\" content=\"2 minutos\" \/>\n<!-- \/ Yoast SEO plugin. -->","yoast_head_json":{"title":"Almacenamiento de datos en la nube para proveedores de servicios | Almacenamiento multicloud | Vawlt","description":"Posicione sus ofertas de almacenamiento en la nube junto a los principales proveedores de la nube, en lugar de competir con ellos. Mant\u00e9ngase cerca de sus clientes en su viaje a la nube.","robots":{"index":"index","follow":"follow","max-snippet":"max-snippet:-1","max-image-preview":"max-image-preview:large","max-video-preview":"max-video-preview:-1"},"canonical":"https:\/\/site-temp.vawlt.io\/partners\/service-providers\/","og_locale":"es_ES","og_type":"article","og_title":"Cloud Data Storage For Service Providers | Multicloud Storage | Vawlt","og_description":"Position your cloud storage offers alongside leading cloud providers, instead of competing with them. Stay close to your customers in their cloud journey.","og_url":"https:\/\/site-temp.vawlt.io\/partners\/service-providers\/","og_site_name":"Vawlt","article_publisher":"https:\/\/www.facebook.com\/vawlt","article_modified_time":"2022-03-04T17:17:46+00:00","og_image":[{"width":500,"height":256,"url":"https:\/\/vawlt.io\/wp-content\/uploads\/2021\/09\/mockup.png","type":"image\/png"}],"twitter_card":"summary_large_image","twitter_site":"@vawltio","twitter_misc":{"Tiempo de lectura":"2 minutos"},"schema":{"@context":"https:\/\/schema.org","@graph":[{"@type":"WebPage","@id":"https:\/\/site-temp.vawlt.io\/partners\/service-providers\/","url":"https:\/\/site-temp.vawlt.io\/partners\/service-providers\/","name":"Almacenamiento de datos en la nube para proveedores de servicios | Almacenamiento multicloud | Vawlt","isPartOf":{"@id":"https:\/\/site-temp.vawlt.io\/#website"},"datePublished":"2021-09-01T14:11:36+00:00","dateModified":"2022-03-04T17:17:46+00:00","description":"Posicione sus ofertas de almacenamiento en la nube junto a los principales proveedores de la nube, en lugar de competir con ellos. Mant\u00e9ngase cerca de sus clientes en su viaje a la nube.","breadcrumb":{"@id":"https:\/\/site-temp.vawlt.io\/partners\/service-providers\/#breadcrumb"},"inLanguage":"es","potentialAction":[{"@type":"ReadAction","target":["https:\/\/site-temp.vawlt.io\/partners\/service-providers\/"]}]},{"@type":"BreadcrumbList","@id":"https:\/\/site-temp.vawlt.io\/partners\/service-providers\/#breadcrumb","itemListElement":[{"@type":"ListItem","position":1,"name":"Home","item":"https:\/\/vawlt.io\/"},{"@type":"ListItem","position":2,"name":"Partners","item":"https:\/\/site-temp.vawlt.io\/partners\/"},{"@type":"ListItem","position":3,"name":"Service providers"}]},{"@type":"WebSite","@id":"https:\/\/site-temp.vawlt.io\/#website","url":"https:\/\/site-temp.vawlt.io\/","name":"Vawlt","description":"Soluci\u00f3n de almacenamiento de datos multicloud que simplifica la transici\u00f3n a la nube, mejora los est\u00e1ndares de seguridad y optimiza el uso de los recursos de almacenamiento.","publisher":{"@id":"https:\/\/site-temp.vawlt.io\/#organization"},"potentialAction":[{"@type":"SearchAction","target":{"@type":"EntryPoint","urlTemplate":"https:\/\/site-temp.vawlt.io\/?s={search_term_string}"},"query-input":{"@type":"PropertyValueSpecification","valueRequired":true,"valueName":"search_term_string"}}],"inLanguage":"es"},{"@type":"Organization","@id":"https:\/\/site-temp.vawlt.io\/#organization","name":"Vawlt","url":"https:\/\/site-temp.vawlt.io\/","logo":{"@type":"ImageObject","inLanguage":"es","@id":"https:\/\/site-temp.vawlt.io\/#\/schema\/logo\/image\/","url":"http:\/\/vawlt.io\/wp-content\/uploads\/2021\/08\/logo_vawlt_business.png","contentUrl":"http:\/\/vawlt.io\/wp-content\/uploads\/2021\/08\/logo_vawlt_business.png","width":576,"height":92,"caption":"Vawlt"},"image":{"@id":"https:\/\/site-temp.vawlt.io\/#\/schema\/logo\/image\/"},"sameAs":["https:\/\/www.facebook.com\/vawlt","https:\/\/x.com\/vawltio","https:\/\/www.linkedin.com\/company\/vawlt","https:\/\/www.youtube.com\/channel\/UCYzlYYg7j_07CFi8Be0eAMw"]}]}},"_links":{"self":[{"href":"https:\/\/vawlt.io\/es\/wp-json\/wp\/v2\/pages\/1943","targetHints":{"allow":["GET"]}}],"collection":[{"href":"https:\/\/vawlt.io\/es\/wp-json\/wp\/v2\/pages"}],"about":[{"href":"https:\/\/vawlt.io\/es\/wp-json\/wp\/v2\/types\/page"}],"author":[{"embeddable":true,"href":"https:\/\/vawlt.io\/es\/wp-json\/wp\/v2\/users\/8"}],"replies":[{"embeddable":true,"href":"https:\/\/vawlt.io\/es\/wp-json\/wp\/v2\/comments?post=1943"}],"version-history":[{"count":6,"href":"https:\/\/vawlt.io\/es\/wp-json\/wp\/v2\/pages\/1943\/revisions"}],"predecessor-version":[{"id":3414,"href":"https:\/\/vawlt.io\/es\/wp-json\/wp\/v2\/pages\/1943\/revisions\/3414"}],"up":[{"embeddable":true,"href":"https:\/\/vawlt.io\/es\/wp-json\/wp\/v2\/pages\/389"}],"wp:attachment":[{"href":"https:\/\/vawlt.io\/es\/wp-json\/wp\/v2\/media?parent=1943"}],"curies":[{"name":"wp","href":"https:\/\/api.w.org\/{rel}","templated":true}]}}