{"id":510,"date":"2021-08-13T10:26:06","date_gmt":"2021-08-13T10:26:06","guid":{"rendered":"http:\/\/vawlt.io\/?page_id=510"},"modified":"2022-05-19T10:55:53","modified_gmt":"2022-05-19T10:55:53","slug":"pricing","status":"publish","type":"page","link":"https:\/\/vawlt.io\/es\/producto\/precios\/","title":{"rendered":"Precios"},"content":{"rendered":"<section class=\"section\" id=\"section_2005292868\">\n\t\t<div class=\"bg section-bg fill bg-fill  bg-loaded\" >\n\n\t\t\t\n\t\t\t\n\t\t\t\n\n\t\t<\/div>\n\n\t\t<div class=\"section-content relative\">\n\t\t\t\n\n<div class=\"row align-center\"  id=\"row-93754536\">\n\n\n\t<div id=\"col-1187110125\" class=\"col small-12 large-12\"  >\n\t\t\t\t<div class=\"col-inner text-center\"  >\n\t\t\t\n\t\t\t\n\n\t<div id=\"text-2530973911\" class=\"text\">\n\t\t\n\n<h1><strong>Comience su experiencia multinube con Vawlt<\/strong><\/h1>\n\t\t\n<style>\n#text-2530973911 {\n  font-size: 1.6rem;\n}\n<\/style>\n\t<\/div>\n\t\n<p><strong>Cree un nuevo volumen en la Plataforma Din\u00e1mica de Almacenamiento para pronosticar su inversi\u00f3n mensual.<br><\/strong>Los precios iniciales incluyen al menos un proveedor de nube de primer nivel (por ejemplo, AWS, Microsoft Azure, Google Cloud o IBM). Los precios pueden variar seg\u00fan las especificaciones seleccionadas, como la lista de proveedores, la ubicaci\u00f3n, el tama\u00f1o del volumen, la cuota de descarga o las interfaces de almacenamiento.<\/p>\n\n\t\t<\/div>\n\t\t\t\t\n<style>\n#col-1187110125 > .col-inner {\n  padding: 50px 20px 0px 20px;\n}\n@media (min-width:850px) {\n  #col-1187110125 > .col-inner {\n    padding: 80px 0px 0px 0px;\n  }\n}\n<\/style>\n\t<\/div>\n\n\t\n\n<\/div>\n\n\t\t<\/div>\n\n\t\t\n<style>\n#section_2005292868 {\n  padding-top: 0px;\n  padding-bottom: 0px;\n}\n<\/style>\n\t<\/section>\n\t\n\t<section class=\"section\" id=\"section_213809271\">\n\t\t<div class=\"bg section-bg fill bg-fill  bg-loaded\" >\n\n\t\t\t\n\t\t\t\n\t\t\t\n\n\t\t<\/div>\n\n\t\t<div class=\"section-content relative\">\n\t\t\t\n\n<div class=\"row align-equal\"  id=\"row-1611005242\">\n\n\n\t<div id=\"col-1078717041\" class=\"col medium-3 small-12 large-3\"  data-animate=\"fadeInUp\">\n\t\t\t\t<div class=\"col-inner text-center box-shadow-1 box-shadow-2-hover\" style=\"background-color:rgb(255, 255, 255);\" >\n\t\t\t\n\t\t\t\n\n\t<div class=\"img has-hover x md-x lg-x y md-y lg-y\" id=\"image_158880955\">\n\t\t\t\t\t\t\t\t<div class=\"img-inner dark\" >\n\t\t\t<img loading=\"lazy\" decoding=\"async\" width=\"1\" height=\"1\" src=\"https:\/\/vawlt.io\/wp-content\/uploads\/2021\/08\/solution01.svg\" class=\"attachment-large size-large\" alt=\"\" \/>\t\t\t\t\t\t\n\t\t\t\t\t<\/div>\n\t\t\t\t\t\t\t\t\n<style>\n#image_158880955 {\n  width: 30%;\n}\n<\/style>\n\t<\/div>\n\t\n\n\t<div id=\"text-782374993\" class=\"text\">\n\t\t\n\n<h3><strong>Hot<\/strong><\/h3>\n\t\t\n<style>\n#text-782374993 {\n  text-align: center;\n}\n<\/style>\n\t<\/div>\n\t\n\t<div id=\"text-1642117519\" class=\"text\">\n\t\t\n\n<p>Lo mejor para el almacenamiento y el uso compartido recurrente <\/p>\n\t\t\n<style>\n#text-1642117519 {\n  font-size: 0.8rem;\n}\n<\/style>\n\t<\/div>\n\t\n\t<div id=\"gap-720171\" class=\"gap-element clearfix\" style=\"display:block; height:auto;\">\n\t\t\n<style>\n#gap-720171 {\n  padding-top: 21px;\n}\n@media (min-width:850px) {\n  #gap-720171 {\n    padding-top: 19px;\n  }\n}\n<\/style>\n\t<\/div>\n\t\n\n<div class=\"row row-collapse align-bottom align-center\"  id=\"row-1918728667\">\n\n\n\t<div id=\"col-1694366912\" class=\"col small-12 large-12\"  >\n\t\t\t\t<div class=\"col-inner text-center\"  >\n\t\t\t\n\t\t\t\n\n\t<div id=\"text-4155724941\" class=\"text\">\n\t\t\n\n<p>Desde<\/p>\n\t\t\n<style>\n#text-4155724941 {\n  line-height: 0.75;\n  color: rgb(48, 100, 137);\n}\n#text-4155724941 > * {\n  color: rgb(48, 100, 137);\n}\n<\/style>\n\t<\/div>\n\t\n\t<div id=\"text-1044610229\" class=\"text\">\n\t\t\n\n<h4 style=\"font-weight: 600;\">\u20ac30,90<\/p>\n\t\t\n<style>\n#text-1044610229 {\n  font-size: 2.5rem;\n  line-height: 1;\n  color: rgb(48, 100, 137);\n}\n#text-1044610229 > * {\n  color: rgb(48, 100, 137);\n}\n<\/style>\n\t<\/div>\n\t\n\t<div id=\"text-1383698109\" class=\"text\">\n\t\t\n\n<p>\/TB\/mes + IVA<\/p>\n\t\t\n<style>\n#text-1383698109 {\n  font-size: 0.75rem;\n  text-align: center;\n  color: #306489;\n}\n#text-1383698109 > * {\n  color: #306489;\n}\n<\/style>\n\t<\/div>\n\t\n\n\t\t<\/div>\n\t\t\t\t\t<\/div>\n\n\t\n\n<\/div>\n\n\t\t<\/div>\n\t\t\t\t\n<style>\n#col-1078717041 > .col-inner {\n  padding: 30px 40px 20px 40px;\n}\n<\/style>\n\t<\/div>\n\n\t\n\n\t<div id=\"col-949880658\" class=\"col medium-3 small-12 large-3\"  data-animate=\"fadeInUp\">\n\t\t\t\t<div class=\"col-inner text-center box-shadow-1 box-shadow-2-hover\" style=\"background-color:rgb(255, 255, 255);\" >\n\t\t\t\n\t\t\t\n\n\t<div class=\"img has-hover x md-x lg-x y md-y lg-y\" id=\"image_1023385844\">\n\t\t\t\t\t\t\t\t<div class=\"img-inner dark\" >\n\t\t\t<img loading=\"lazy\" decoding=\"async\" width=\"1\" height=\"1\" src=\"https:\/\/vawlt.io\/wp-content\/uploads\/2021\/10\/solution04.svg\" class=\"attachment-large size-large\" alt=\"\" \/>\t\t\t\t\t\t\n\t\t\t\t\t<\/div>\n\t\t\t\t\t\t\t\t\n<style>\n#image_1023385844 {\n  width: 30%;\n}\n<\/style>\n\t<\/div>\n\t\n\n\t<div id=\"text-2473344645\" class=\"text\">\n\t\t\n\n<h3><strong>Warm<\/strong><\/h3>\n\t\t\n<style>\n#text-2473344645 {\n  text-align: center;\n}\n<\/style>\n\t<\/div>\n\t\n\t<div id=\"text-2195169504\" class=\"text\">\n\t\t\n\n<p>Optimizado para el almacenamiento de datos editables, a los que se accede con menos frecuencia<\/p>\n\t\t\n<style>\n#text-2195169504 {\n  font-size: 0.8rem;\n}\n<\/style>\n\t<\/div>\n\t\n\t<div id=\"gap-21359162\" class=\"gap-element clearfix\" style=\"display:block; height:auto;\">\n\t\t\n<style>\n#gap-21359162 {\n  padding-top: 0px;\n}\n<\/style>\n\t<\/div>\n\t\n\n<div class=\"row row-collapse align-bottom align-center\"  id=\"row-1026745987\">\n\n\n\t<div id=\"col-1492764764\" class=\"col small-12 large-12\"  >\n\t\t\t\t<div class=\"col-inner text-center\"  >\n\t\t\t\n\t\t\t\n\n\t<div id=\"text-616690687\" class=\"text\">\n\t\t\n\n<p>Desde<\/p>\n\t\t\n<style>\n#text-616690687 {\n  line-height: 0.75;\n  color: rgb(48, 100, 137);\n}\n#text-616690687 > * {\n  color: rgb(48, 100, 137);\n}\n<\/style>\n\t<\/div>\n\t\n\t<div id=\"text-2895305966\" class=\"text\">\n\t\t\n\n<h4 style=\"font-weight: 600;\">\u20ac16,90<\/p>\n\t\t\n<style>\n#text-2895305966 {\n  font-size: 2.5rem;\n  line-height: 1;\n  color: rgb(48, 100, 137);\n}\n#text-2895305966 > * {\n  color: rgb(48, 100, 137);\n}\n<\/style>\n\t<\/div>\n\t\n\t<div id=\"text-4206278270\" class=\"text\">\n\t\t\n\n<p>\/TB\/mes + IVA<\/p>\n\t\t\n<style>\n#text-4206278270 {\n  font-size: 0.75rem;\n  text-align: center;\n  color: #306489;\n}\n#text-4206278270 > * {\n  color: #306489;\n}\n<\/style>\n\t<\/div>\n\t\n\n\t\t<\/div>\n\t\t\t\t\t<\/div>\n\n\t\n\n<\/div>\n\n\t\t<\/div>\n\t\t\t\t\n<style>\n#col-949880658 > .col-inner {\n  padding: 30px 40px 20px 40px;\n}\n<\/style>\n\t<\/div>\n\n\t\n\n\t<div id=\"col-1595478505\" class=\"col medium-3 small-12 large-3\"  data-animate=\"fadeInUp\">\n\t\t\t\t<div class=\"col-inner text-center box-shadow-1 box-shadow-2-hover\" style=\"background-color:rgb(255, 255, 255);\" >\n\t\t\t\n\t\t\t\n\n\t<div class=\"img has-hover x md-x lg-x y md-y lg-y\" id=\"image_1409645371\">\n\t\t\t\t\t\t\t\t<div class=\"img-inner dark\" >\n\t\t\t<img loading=\"lazy\" decoding=\"async\" width=\"1\" height=\"1\" src=\"https:\/\/vawlt.io\/wp-content\/uploads\/2021\/08\/solution02.svg\" class=\"attachment-large size-large\" alt=\"\" \/>\t\t\t\t\t\t\n\t\t\t\t\t<\/div>\n\t\t\t\t\t\t\t\t\n<style>\n#image_1409645371 {\n  width: 30%;\n}\n<\/style>\n\t<\/div>\n\t\n\n\t<div id=\"text-2192621993\" class=\"text\">\n\t\t\n\n<h3><strong>Immutable<\/strong><\/h3>\n\t\t\n<style>\n#text-2192621993 {\n  text-align: center;\n}\n<\/style>\n\t<\/div>\n\t\n\t<div id=\"text-3540635247\" class=\"text\">\n\t\t\n\n<p>Ideal para archivos que no requieren cambios durante el almacenamiento <\/p>\n\t\t\n<style>\n#text-3540635247 {\n  font-size: 0.8rem;\n}\n<\/style>\n\t<\/div>\n\t\n\t<div id=\"gap-890199939\" class=\"gap-element clearfix\" style=\"display:block; height:auto;\">\n\t\t\n<style>\n#gap-890199939 {\n  padding-top: 0px;\n}\n<\/style>\n\t<\/div>\n\t\n\n<div class=\"row row-collapse align-bottom align-center\"  id=\"row-642981196\">\n\n\n\t<div id=\"col-1630669295\" class=\"col small-12 large-12\"  >\n\t\t\t\t<div class=\"col-inner text-center\"  >\n\t\t\t\n\t\t\t\n\n\t<div id=\"text-3190466255\" class=\"text\">\n\t\t\n\n<p>Desde<\/p>\n\t\t\n<style>\n#text-3190466255 {\n  line-height: 0.75;\n  color: rgb(48, 100, 137);\n}\n#text-3190466255 > * {\n  color: rgb(48, 100, 137);\n}\n<\/style>\n\t<\/div>\n\t\n\t<div id=\"text-4135006859\" class=\"text\">\n\t\t\n\n<h4 style=\"font-weight: 600;\">\u20ac15,90<\/p>\n\t\t\n<style>\n#text-4135006859 {\n  font-size: 2.5rem;\n  line-height: 1;\n  color: rgb(48, 100, 137);\n}\n#text-4135006859 > * {\n  color: rgb(48, 100, 137);\n}\n<\/style>\n\t<\/div>\n\t\n\t<div id=\"text-4141457468\" class=\"text\">\n\t\t\n\n<p>\/TB\/mes + IVA<\/p>\n\t\t\n<style>\n#text-4141457468 {\n  font-size: 0.75rem;\n  text-align: center;\n  color: #306489;\n}\n#text-4141457468 > * {\n  color: #306489;\n}\n<\/style>\n\t<\/div>\n\t\n\n\t\t<\/div>\n\t\t\t\t\t<\/div>\n\n\t\n\n<\/div>\n\n\t\t<\/div>\n\t\t\t\t\n<style>\n#col-1595478505 > .col-inner {\n  padding: 30px 40px 20px 40px;\n}\n<\/style>\n\t<\/div>\n\n\t\n\n\t<div id=\"col-78556968\" class=\"col medium-3 small-12 large-3\"  data-animate=\"fadeInUp\">\n\t\t\t\t<div class=\"col-inner text-center box-shadow-1 box-shadow-2-hover\" style=\"background-color:rgb(255, 255, 255);\" >\n\t\t\t\n\t\t\t\n\n\t<div class=\"img has-hover x md-x lg-x y md-y lg-y\" id=\"image_298722682\">\n\t\t\t\t\t\t\t\t<div class=\"img-inner dark\" >\n\t\t\t<img loading=\"lazy\" decoding=\"async\" width=\"1\" height=\"1\" src=\"https:\/\/vawlt.io\/wp-content\/uploads\/2021\/08\/solution03.svg\" class=\"attachment-large size-large\" alt=\"\" \/>\t\t\t\t\t\t\n\t\t\t\t\t<\/div>\n\t\t\t\t\t\t\t\t\n<style>\n#image_298722682 {\n  width: 30%;\n}\n<\/style>\n\t<\/div>\n\t\n\n\t<div id=\"text-2535987298\" class=\"text\">\n\t\t\n\n<h3><strong>Archival<\/strong><\/h3>\n\t\t\n<style>\n#text-2535987298 {\n  text-align: center;\n}\n<\/style>\n\t<\/div>\n\t\n\t<div id=\"text-4172908798\" class=\"text\">\n\t\t\n\n<p>Ideal para archivos que se almacenan durante largos per\u00edodos de tiempo y que rara vez se leen<\/p>\n\t\t\n<style>\n#text-4172908798 {\n  font-size: 0.8rem;\n}\n<\/style>\n\t<\/div>\n\t\n\t<div id=\"gap-1912558111\" class=\"gap-element clearfix\" style=\"display:block; height:auto;\">\n\t\t\n<style>\n#gap-1912558111 {\n  padding-top: 0px;\n}\n<\/style>\n\t<\/div>\n\t\n\n<div class=\"row row-collapse align-bottom align-center\"  id=\"row-1330805295\">\n\n\n\t<div id=\"col-1319200094\" class=\"col small-12 large-12\"  >\n\t\t\t\t<div class=\"col-inner text-center\"  >\n\t\t\t\n\t\t\t\n\n\t<div id=\"text-3337284390\" class=\"text\">\n\t\t\n\n<p>Desde<\/p>\n\t\t\n<style>\n#text-3337284390 {\n  line-height: 0.75;\n  color: rgb(48, 100, 137);\n}\n#text-3337284390 > * {\n  color: rgb(48, 100, 137);\n}\n<\/style>\n\t<\/div>\n\t\n\t<div id=\"text-3381343495\" class=\"text\">\n\t\t\n\n<h4 style=\"font-weight: 600;\">\u20ac7,90<\/p>\n\t\t\n<style>\n#text-3381343495 {\n  font-size: 2.5rem;\n  line-height: 1;\n  color: rgb(48, 100, 137);\n}\n#text-3381343495 > * {\n  color: rgb(48, 100, 137);\n}\n<\/style>\n\t<\/div>\n\t\n\t<div id=\"text-347635365\" class=\"text\">\n\t\t\n\n<p>\/TB\/mes + IVA<\/p>\n\t\t\n<style>\n#text-347635365 {\n  font-size: 0.75rem;\n  text-align: center;\n  color: #306489;\n}\n#text-347635365 > * {\n  color: #306489;\n}\n<\/style>\n\t<\/div>\n\t\n\n\t\t<\/div>\n\t\t\t\t\t<\/div>\n\n\t\n\n<\/div>\n\n\t\t<\/div>\n\t\t\t\t\n<style>\n#col-78556968 > .col-inner {\n  padding: 30px 40px 20px 40px;\n}\n<\/style>\n\t<\/div>\n\n\t\n\n<\/div>\n\n\t\t<\/div>\n\n\t\t\n<style>\n#section_213809271 {\n  padding-top: 50px;\n  padding-bottom: 50px;\n  background-color: rgb(233, 249, 254);\n}\n@media (min-width:850px) {\n  #section_213809271 {\n    padding-top: 80px;\n    padding-bottom: 80px;\n  }\n}\n<\/style>\n\t<\/section>\n\t\n\t<section class=\"section\" id=\"section_1655004682\">\n\t\t<div class=\"bg section-bg fill bg-fill  bg-loaded\" >\n\n\t\t\t\n\t\t\t\n\t\t\t\n\n\t\t<\/div>\n\n\t\t<div class=\"section-content relative\">\n\t\t\t\n\n\t<div id=\"gap-1755401780\" class=\"gap-element clearfix\" style=\"display:block; height:auto;\">\n\t\t\n<style>\n#gap-1755401780 {\n  padding-top: 40px;\n}\n<\/style>\n\t<\/div>\n\t\n\n<div class=\"row row-collapse align-middle\"  id=\"row-1218279076\">\n\n\n\t<div id=\"col-1554931088\" class=\"col medium-6 small-12 large-6\"  >\n\t\t\t\t<div class=\"col-inner text-left\"  >\n\t\t\t\n\t\t\t\n\n\t<div id=\"text-960097616\" class=\"text\">\n\t\t\n\n<h3 style=\"font-weight: 600;\">No deje que el ransomware detenga a su empresa<\/h3>\n\t\t\n<style>\n#text-960097616 {\n  font-size: 1rem;\n  text-align: center;\n}\n@media (min-width:550px) {\n  #text-960097616 {\n    text-align: left;\n  }\n}\n<\/style>\n\t<\/div>\n\t\n\t<div id=\"text-635598318\" class=\"text\">\n\t\t\n\n<h2><span style=\"font-weight: 600; color: #21bffc;\">Es f\u00e1cil<\/span><span style=\"font-weight: 600; color: #000000;\">\u00a0empezar.<br \/><\/span><\/h2>\n\t\t\n<style>\n#text-635598318 {\n  font-size: 1.6rem;\n  text-align: center;\n}\n@media (min-width:550px) {\n  #text-635598318 {\n    text-align: left;\n  }\n}\n<\/style>\n\t<\/div>\n\t\n\n\t\t<\/div>\n\t\t\t\t\n<style>\n#col-1554931088 > .col-inner {\n  padding: 0px 20px 0px 20px;\n}\n@media (min-width:550px) {\n  #col-1554931088 > .col-inner {\n    padding: 0px 0px 0px 20px;\n  }\n}\n<\/style>\n\t<\/div>\n\n\t\n\n\t<div id=\"col-111047332\" class=\"col hide-for-medium medium-6 small-12 large-6\"  >\n\t\t\t\t<div class=\"col-inner text-right\"  >\n\t\t\t\n\t\t\t\n\n<a href=\"http:\/\/vawlt.io\/es\/obtener-una-demo\/\" target=\"_self\" class=\"button primary is-large\"  style=\"border-radius:5px;\">\n    <span>Obtener una demo<\/span>\n  <\/a>\n\n\n\n\t\t<\/div>\n\t\t\t\t\n<style>\n#col-111047332 > .col-inner {\n  padding: 0px 20px 0px 20px;\n}\n@media (min-width:550px) {\n  #col-111047332 > .col-inner {\n    padding: 0px 20px 0px 0px;\n  }\n}\n<\/style>\n\t<\/div>\n\n\t\n\n\t<div id=\"col-570924375\" class=\"col show-for-medium hide-for-small medium-6 small-12 large-6\"  >\n\t\t\t\t<div class=\"col-inner text-right\"  >\n\t\t\t\n\t\t\t\n\n<a href=\"http:\/\/vawlt.io\/es\/obtener-una-demo\/\" target=\"_self\" class=\"button primary\"  style=\"border-radius:5px;\">\n    <span>Obtener una demo<\/span>\n  <\/a>\n\n\n\n\t\t<\/div>\n\t\t\t\t\n<style>\n#col-570924375 > .col-inner {\n  padding: 0px 20px 0px 20px;\n}\n@media (min-width:550px) {\n  #col-570924375 > .col-inner {\n    padding: 0px 20px 0px 0px;\n  }\n}\n<\/style>\n\t<\/div>\n\n\t\n\n\t<div id=\"col-1510250718\" class=\"col show-for-small medium-6 small-12 large-6\"  >\n\t\t\t\t<div class=\"col-inner text-center\"  >\n\t\t\t\n\t\t\t\n\n\t<div id=\"gap-462359983\" class=\"gap-element clearfix\" style=\"display:block; height:auto;\">\n\t\t\n<style>\n#gap-462359983 {\n  padding-top: 23px;\n}\n@media (min-width:550px) {\n  #gap-462359983 {\n    padding-top: 40px;\n  }\n}\n<\/style>\n\t<\/div>\n\t\n\n<a href=\"http:\/\/vawlt.io\/es\/obtener-una-demo\/\" target=\"_self\" class=\"button primary is-small\"  style=\"border-radius:5px;\">\n    <span>Obtener una demo<\/span>\n  <\/a>\n\n\n\n\t\t<\/div>\n\t\t\t\t\n<style>\n#col-1510250718 > .col-inner {\n  padding: 0px 20px 0px 20px;\n}\n@media (min-width:550px) {\n  #col-1510250718 > .col-inner {\n    padding: 0px 20px 0px 0px;\n  }\n}\n<\/style>\n\t<\/div>\n\n\t\n\n<\/div>\n\n\t\t<\/div>\n\n\t\t\n<style>\n#section_1655004682 {\n  padding-top: 30px;\n  padding-bottom: 30px;\n  background-color: rgb(244, 247, 249);\n}\n<\/style>\n\t<\/section>","protected":false},"excerpt":{"rendered":"","protected":false},"author":8,"featured_media":0,"parent":36,"menu_order":8,"comment_status":"closed","ping_status":"closed","template":"page-blank.php","meta":{"footnotes":""},"class_list":["post-510","page","type-page","status-publish","hentry"],"yoast_head":"<!-- This site is optimized with the Yoast SEO plugin v26.2 - https:\/\/yoast.com\/wordpress\/plugins\/seo\/ -->\n<title>Pricing | Multicloud Storage | Vawlt<\/title>\n<meta name=\"description\" content=\"Start your multicloud experience with Vawlt - create a new volume on the Dynamic Storage Platform to forecast your monthly investment.\" \/>\n<meta name=\"robots\" content=\"index, follow, max-snippet:-1, max-image-preview:large, max-video-preview:-1\" \/>\n<link rel=\"canonical\" href=\"https:\/\/site-temp.vawlt.io\/product\/pricing\/\" \/>\n<meta property=\"og:locale\" content=\"es_ES\" \/>\n<meta property=\"og:type\" content=\"article\" \/>\n<meta property=\"og:title\" content=\"Pricing | Multicloud Storage | Vawlt\" \/>\n<meta property=\"og:description\" content=\"Start your multicloud experience with Vawlt - create a new volume on the Dynamic Storage Platform to forecast your monthly investment.\" \/>\n<meta property=\"og:url\" content=\"https:\/\/site-temp.vawlt.io\/product\/pricing\/\" \/>\n<meta property=\"og:site_name\" content=\"Vawlt\" \/>\n<meta property=\"article:publisher\" content=\"https:\/\/www.facebook.com\/vawlt\" \/>\n<meta property=\"article:modified_time\" content=\"2022-05-19T10:55:53+00:00\" \/>\n<meta property=\"og:image\" content=\"https:\/\/vawlt.io\/wp-content\/uploads\/2021\/09\/mockup.png\" \/>\n\t<meta property=\"og:image:width\" content=\"500\" \/>\n\t<meta property=\"og:image:height\" content=\"256\" \/>\n\t<meta property=\"og:image:type\" content=\"image\/png\" \/>\n<meta name=\"twitter:card\" content=\"summary_large_image\" \/>\n<meta name=\"twitter:site\" content=\"@vawltio\" \/>\n<meta name=\"twitter:label1\" content=\"Tiempo de lectura\" \/>\n\t<meta name=\"twitter:data1\" content=\"2 minutos\" \/>\n<!-- \/ Yoast SEO plugin. -->","yoast_head_json":{"title":"Precios | Almacenamiento Multicloud | Vawlt","description":"Comience su experiencia multicloud con Vawlt: cree un nuevo volumen en la Plataforma Din\u00e1mica de Almacenamiento para prever su inversi\u00f3n mensual.","robots":{"index":"index","follow":"follow","max-snippet":"max-snippet:-1","max-image-preview":"max-image-preview:large","max-video-preview":"max-video-preview:-1"},"canonical":"https:\/\/site-temp.vawlt.io\/product\/pricing\/","og_locale":"es_ES","og_type":"article","og_title":"Pricing | Multicloud Storage | Vawlt","og_description":"Start your multicloud experience with Vawlt - create a new volume on the Dynamic Storage Platform to forecast your monthly investment.","og_url":"https:\/\/site-temp.vawlt.io\/product\/pricing\/","og_site_name":"Vawlt","article_publisher":"https:\/\/www.facebook.com\/vawlt","article_modified_time":"2022-05-19T10:55:53+00:00","og_image":[{"width":500,"height":256,"url":"https:\/\/vawlt.io\/wp-content\/uploads\/2021\/09\/mockup.png","type":"image\/png"}],"twitter_card":"summary_large_image","twitter_site":"@vawltio","twitter_misc":{"Tiempo de lectura":"2 minutos"},"schema":{"@context":"https:\/\/schema.org","@graph":[{"@type":"WebPage","@id":"https:\/\/site-temp.vawlt.io\/product\/pricing\/","url":"https:\/\/site-temp.vawlt.io\/product\/pricing\/","name":"Precios | Almacenamiento Multicloud | Vawlt","isPartOf":{"@id":"https:\/\/site-temp.vawlt.io\/#website"},"datePublished":"2021-08-13T10:26:06+00:00","dateModified":"2022-05-19T10:55:53+00:00","description":"Comience su experiencia multicloud con Vawlt: cree un nuevo volumen en la Plataforma Din\u00e1mica de Almacenamiento para prever su inversi\u00f3n mensual.","breadcrumb":{"@id":"https:\/\/site-temp.vawlt.io\/product\/pricing\/#breadcrumb"},"inLanguage":"es","potentialAction":[{"@type":"ReadAction","target":["https:\/\/site-temp.vawlt.io\/product\/pricing\/"]}]},{"@type":"BreadcrumbList","@id":"https:\/\/site-temp.vawlt.io\/product\/pricing\/#breadcrumb","itemListElement":[{"@type":"ListItem","position":1,"name":"Home","item":"https:\/\/vawlt.io\/"},{"@type":"ListItem","position":2,"name":"Product","item":"https:\/\/site-temp.vawlt.io\/product\/"},{"@type":"ListItem","position":3,"name":"Pricing"}]},{"@type":"WebSite","@id":"https:\/\/site-temp.vawlt.io\/#website","url":"https:\/\/site-temp.vawlt.io\/","name":"Vawlt","description":"Soluci\u00f3n de almacenamiento de datos multicloud que simplifica la transici\u00f3n a la nube, mejora los est\u00e1ndares de seguridad y optimiza el uso de los recursos de almacenamiento.","publisher":{"@id":"https:\/\/site-temp.vawlt.io\/#organization"},"potentialAction":[{"@type":"SearchAction","target":{"@type":"EntryPoint","urlTemplate":"https:\/\/site-temp.vawlt.io\/?s={search_term_string}"},"query-input":{"@type":"PropertyValueSpecification","valueRequired":true,"valueName":"search_term_string"}}],"inLanguage":"es"},{"@type":"Organization","@id":"https:\/\/site-temp.vawlt.io\/#organization","name":"Vawlt","url":"https:\/\/site-temp.vawlt.io\/","logo":{"@type":"ImageObject","inLanguage":"es","@id":"https:\/\/site-temp.vawlt.io\/#\/schema\/logo\/image\/","url":"http:\/\/vawlt.io\/wp-content\/uploads\/2021\/08\/logo_vawlt_business.png","contentUrl":"http:\/\/vawlt.io\/wp-content\/uploads\/2021\/08\/logo_vawlt_business.png","width":576,"height":92,"caption":"Vawlt"},"image":{"@id":"https:\/\/site-temp.vawlt.io\/#\/schema\/logo\/image\/"},"sameAs":["https:\/\/www.facebook.com\/vawlt","https:\/\/x.com\/vawltio","https:\/\/www.linkedin.com\/company\/vawlt","https:\/\/www.youtube.com\/channel\/UCYzlYYg7j_07CFi8Be0eAMw"]}]}},"_links":{"self":[{"href":"https:\/\/vawlt.io\/es\/wp-json\/wp\/v2\/pages\/510","targetHints":{"allow":["GET"]}}],"collection":[{"href":"https:\/\/vawlt.io\/es\/wp-json\/wp\/v2\/pages"}],"about":[{"href":"https:\/\/vawlt.io\/es\/wp-json\/wp\/v2\/types\/page"}],"author":[{"embeddable":true,"href":"https:\/\/vawlt.io\/es\/wp-json\/wp\/v2\/users\/8"}],"replies":[{"embeddable":true,"href":"https:\/\/vawlt.io\/es\/wp-json\/wp\/v2\/comments?post=510"}],"version-history":[{"count":36,"href":"https:\/\/vawlt.io\/es\/wp-json\/wp\/v2\/pages\/510\/revisions"}],"predecessor-version":[{"id":5621,"href":"https:\/\/vawlt.io\/es\/wp-json\/wp\/v2\/pages\/510\/revisions\/5621"}],"up":[{"embeddable":true,"href":"https:\/\/vawlt.io\/es\/wp-json\/wp\/v2\/pages\/36"}],"wp:attachment":[{"href":"https:\/\/vawlt.io\/es\/wp-json\/wp\/v2\/media?parent=510"}],"curies":[{"name":"wp","href":"https:\/\/api.w.org\/{rel}","templated":true}]}}