{"id":560,"date":"2021-08-13T11:18:42","date_gmt":"2021-08-13T11:18:42","guid":{"rendered":"http:\/\/vawlt.io\/?page_id=560"},"modified":"2022-05-19T10:52:17","modified_gmt":"2022-05-19T10:52:17","slug":"secure-cloud-gateway","status":"publish","type":"page","link":"https:\/\/vawlt.io\/es\/soluciones\/casos-de-uso\/pasarela-segura-en-la-nube\/","title":{"rendered":"Pasarela segura en la nube"},"content":{"rendered":"<section class=\"section has-parallax\" id=\"section_515680353\">\n\t\t<div class=\"bg section-bg fill bg-fill\" data-parallax-container=\".section\" data-parallax-background data-parallax=\"-2\">\n\n\t\t\t\n\t\t\t\n\t\t\t\n\n\t\t<\/div>\n\n\t\t<div class=\"section-content relative\">\n\t\t\t\n\n<div class=\"row\"  id=\"row-1360924814\">\n\n\n\t<div id=\"col-970612590\" class=\"col medium-6 small-12 large-6\"  >\n\t\t\t\t<div class=\"col-inner dark\"  >\n\t\t\t\n\t\t\t\n\n\t<div id=\"text-4182810232\" class=\"text\">\n\t\t\n\n<h1><strong>Pasarela segura en la nube<\/strong><\/h1>\n\t\t\n<style>\n#text-4182810232 {\n  font-size: 1.95rem;\n}\n<\/style>\n\t<\/div>\n\t\n\t<div id=\"text-3112139497\" class=\"text\">\n\t\t\n\n<p>Si su aplicaci\u00f3n utiliza una API S3, use Vawlt como su punto final y aproveche la mejor soluci\u00f3n de almacenamiento que tiene en cuenta la ubicaci\u00f3n, la latencia, el presupuesto o los requisitos de cumplimiento.<\/p>\n\t\t\n<style>\n#text-3112139497 {\n  font-size: 1.25rem;\n}\n<\/style>\n\t<\/div>\n\t\n\n\t\t<\/div>\n\t\t\t\t\n<style>\n#col-970612590 > .col-inner {\n  padding: 25px 20px 0px 20px;\n}\n@media (min-width:550px) {\n  #col-970612590 > .col-inner {\n    padding: 25px 0px 0px 20px;\n  }\n}\n@media (min-width:850px) {\n  #col-970612590 > .col-inner {\n    padding: 25px 0px 0px 0px;\n  }\n}\n<\/style>\n\t<\/div>\n\n\t\n\n<\/div>\n\n\t\t<\/div>\n\n\t\t\n<style>\n#section_515680353 {\n  padding-top: 30px;\n  padding-bottom: 30px;\n  min-height: 60vh;\n}\n#section_515680353 .section-bg.bg-loaded {\n  background-image: url(https:\/\/vawlt.io\/wp-content\/uploads\/2021\/08\/secure_gateway.svg);\n}\n#section_515680353 .section-bg {\n  background-position: 72% 52%;\n}\n<\/style>\n\t<\/section>\n\t\n\t<section class=\"section\" id=\"section_1369683201\">\n\t\t<div class=\"bg section-bg fill bg-fill  bg-loaded\" >\n\n\t\t\t\n\t\t\t\n\t\t\t\n\n\t\t<\/div>\n\n\t\t<div class=\"section-content relative\">\n\t\t\t\n\n<div class=\"row\"  id=\"row-1664820429\">\n\n\n\t<div id=\"col-1527335928\" class=\"col medium-4 small-12 large-4\"  data-animate=\"fadeInUp\">\n\t\t\t\t<div class=\"col-inner\"  >\n\t\t\t\n\t\t\t\n\n\t<div class=\"img has-hover x md-x lg-x y md-y lg-y\" id=\"image_1661777312\">\n\t\t\t\t\t\t\t\t<div class=\"img-inner dark\" >\n\t\t\t<img loading=\"lazy\" decoding=\"async\" width=\"1\" height=\"1\" src=\"https:\/\/vawlt.io\/wp-content\/uploads\/2021\/08\/graph01.svg\" class=\"attachment-large size-large\" alt=\"\" \/>\t\t\t\t\t\t\n\t\t\t\t\t<\/div>\n\t\t\t\t\t\t\t\t\n<style>\n#image_1661777312 {\n  width: 10%;\n}\n@media (min-width:550px) {\n  #image_1661777312 {\n    width: 15%;\n  }\n}\n<\/style>\n\t<\/div>\n\t\n\n<h3>Interfaces de almacenamiento creadas para simplificar su flujo de trabajo\n<\/h3><p>Vawlt tiene varias interfaces de almacenamiento y se adapta a su arquitectura. Independientemente de que tenga una S3-API, NFS \/ SMB o un sistema de archivos, cualquier tipo de datos se puede mover a la nube sin cambiar su flujo de trabajo.<\/p>\n\n\t\t<\/div>\n\t\t\t\t\n<style>\n#col-1527335928 > .col-inner {\n  padding: 25px 20px 0px 20px;\n}\n@media (min-width:550px) {\n  #col-1527335928 > .col-inner {\n    padding: 25px 0px 0px 20px;\n  }\n}\n@media (min-width:850px) {\n  #col-1527335928 > .col-inner {\n    padding: 25px 0px 0px 0px;\n  }\n}\n<\/style>\n\t<\/div>\n\n\t\n\n\t<div id=\"col-1610436766\" class=\"col medium-4 small-12 large-4\"  data-animate=\"fadeInUp\">\n\t\t\t\t<div class=\"col-inner\"  >\n\t\t\t\n\t\t\t\n\n\t<div class=\"img has-hover x md-x lg-x y md-y lg-y\" id=\"image_1470251947\">\n\t\t\t\t\t\t\t\t<div class=\"img-inner dark\" >\n\t\t\t<img loading=\"lazy\" decoding=\"async\" width=\"1\" height=\"1\" src=\"https:\/\/vawlt.io\/wp-content\/uploads\/2021\/08\/graph02.svg\" class=\"attachment-large size-large\" alt=\"\" \/>\t\t\t\t\t\t\n\t\t\t\t\t<\/div>\n\t\t\t\t\t\t\t\t\n<style>\n#image_1470251947 {\n  width: 10%;\n}\n@media (min-width:550px) {\n  #image_1470251947 {\n    width: 15%;\n  }\n}\n<\/style>\n\t<\/div>\n\t\n\n<h3>Conexi\u00f3n sencilla con sistemas heredados\n<\/h3><p>La arquitectura de Vawlt simplifica la transici\u00f3n de su aplicaci\u00f3n heredada a la nube. Con varias interfaces disponibles, Vawlt se adapta a su infraestructura existente para que pueda realizar una integraci\u00f3n perfecta a una soluci\u00f3n multinube, sin la necesidad de gastar tiempo y dinero reescribiendo su c\u00f3digo.<\/p>\n\n\t\t<\/div>\n\t\t\t\t\n<style>\n#col-1610436766 > .col-inner {\n  padding: 25px 20px 0px 20px;\n}\n@media (min-width:550px) {\n  #col-1610436766 > .col-inner {\n    padding: 25px 0px 0px 0px;\n  }\n}\n<\/style>\n\t<\/div>\n\n\t\n\n\t<div id=\"col-930591515\" class=\"col medium-4 small-12 large-4\"  data-animate=\"fadeInUp\">\n\t\t\t\t<div class=\"col-inner\"  >\n\t\t\t\n\t\t\t\n\n\t<div class=\"img has-hover x md-x lg-x y md-y lg-y\" id=\"image_11693460\">\n\t\t\t\t\t\t\t\t<div class=\"img-inner dark\" >\n\t\t\t<img loading=\"lazy\" decoding=\"async\" width=\"1\" height=\"1\" src=\"https:\/\/vawlt.io\/wp-content\/uploads\/2021\/08\/graph03.svg\" class=\"attachment-large size-large\" alt=\"\" \/>\t\t\t\t\t\t\n\t\t\t\t\t<\/div>\n\t\t\t\t\t\t\t\t\n<style>\n#image_11693460 {\n  width: 10%;\n}\n@media (min-width:550px) {\n  #image_11693460 {\n    width: 15%;\n  }\n}\n<\/style>\n\t<\/div>\n\t\n\n<h3>Crecimiento el\u00e1stico\n<\/h3><p>La soluci\u00f3n multinube de Vawlt es perfecta como un extensor de su almacenamiento de rendimiento local, al tener un disco pr\u00e1cticamente infinito al alcance de su mano. Adem\u00e1s, con un modelo de pago a medida, no espere sorpresas con costes ocultos.<\/p>\n\n\t\t<\/div>\n\t\t\t\t\n<style>\n#col-930591515 > .col-inner {\n  padding: 25px 20px 0px 20px;\n}\n@media (min-width:550px) {\n  #col-930591515 > .col-inner {\n    padding: 25px 20px 0px 0px;\n  }\n}\n@media (min-width:850px) {\n  #col-930591515 > .col-inner {\n    padding: 25px 0px 0px 0px;\n  }\n}\n<\/style>\n\t<\/div>\n\n\t\n\n<\/div>\n\n\t\t<\/div>\n\n\t\t\n<style>\n#section_1369683201 {\n  padding-top: 50px;\n  padding-bottom: 50px;\n  background-color: rgb(248, 249, 250);\n}\n<\/style>\n\t<\/section>\n\t\n\t<section class=\"section\" id=\"section_1443063373\">\n\t\t<div class=\"bg section-bg fill bg-fill  bg-loaded\" >\n\n\t\t\t\n\t\t\t\n\t\t\t\n\n\t\t<\/div>\n\n\t\t<div class=\"section-content relative\">\n\t\t\t\n\n<div class=\"row\"  id=\"row-1519376706\">\n\n\n\t<div id=\"col-206008189\" class=\"col small-12 large-12\"  >\n\t\t\t\t<div class=\"col-inner\"  >\n\t\t\t\n\t\t\t\n\n\t<div id=\"text-1924289005\" class=\"text\">\n\t\t\n\n<h2><strong>Industrias<\/strong><\/h2>\n\t\t\n<style>\n#text-1924289005 {\n  font-size: 1.6rem;\n  line-height: 2.2;\n  text-align: center;\n}\n<\/style>\n\t<\/div>\n\t\n\n\t\t<\/div>\n\t\t\t\t\t<\/div>\n\n\t\n\n<\/div>\n<div class=\"row align-equal\"  id=\"row-557652309\">\n\n\n\t<div id=\"col-884167278\" class=\"col medium-4 small-12 large-4\"  >\n\t\t\t\t<div class=\"col-inner box-shadow-2\"  >\n\t\t\t\n\t\t\t\n\n<div class=\"row row-collapse\"  id=\"row-1785413556\">\n\n\n\t<div id=\"col-493462160\" class=\"col blue-gradient small-12 large-12\"  >\n\t\t\t\t<div class=\"col-inner dark\"  >\n\t\t\t\n\t\t\t\n\n<h3> Atenci\u00f3n m\u00e9dica<\/h3>\n\n\t\t<\/div>\n\t\t\t\t\n<style>\n#col-493462160 > .col-inner {\n  padding: 20px 0px 10px 20px;\n}\n<\/style>\n\t<\/div>\n\n\t\n\n\t<div id=\"col-100147235\" class=\"col small-12 large-12\"  >\n\t\t\t\t<div class=\"col-inner\"  >\n\t\t\t\n\t\t\t\n\n<p>Ayude a sus pacientes a sentirse m\u00e1s seguros con un sistema que es seguro por dise\u00f1o. Almacene sus im\u00e1genes y registros y controle f\u00e1cilmente qui\u00e9n tiene acceso a ellos. Siga usando su centro de datos mientras explora el potencial de las nubes p\u00fablicas y cumple con las normas.<\/p>\n\t<div id=\"gap-1610347597\" class=\"gap-element clearfix\" style=\"display:block; height:auto;\">\n\t\t\n<style>\n#gap-1610347597 {\n  padding-top: 0px;\n}\n@media (min-width:550px) {\n  #gap-1610347597 {\n    padding-top: 27px;\n  }\n}\n<\/style>\n\t<\/div>\n\t\n\n<a href=\"http:\/\/vawlt.io\/es\/soluciones\/industrias\/atencion-medica\/\" target=\"_self\" class=\"button primary is-link\"  >\n    <span>Leer m\u00e1s<\/span>\n  <i class=\"icon-angle-right\" ><\/i><\/a>\n\n\n\n\t\t<\/div>\n\t\t\t\t\n<style>\n#col-100147235 > .col-inner {\n  padding: 20px 20px 0px 20px;\n}\n<\/style>\n\t<\/div>\n\n\t\n\n<\/div>\n\n\t\t<\/div>\n\t\t\t\t\t<\/div>\n\n\t\n\n\t<div id=\"col-1354091192\" class=\"col medium-4 small-12 large-4\"  >\n\t\t\t\t<div class=\"col-inner box-shadow-2\"  >\n\t\t\t\n\t\t\t\n\n<div class=\"row row-collapse\"  id=\"row-2113287611\">\n\n\n\t<div id=\"col-217350128\" class=\"col blue-gradient small-12 large-12\"  >\n\t\t\t\t<div class=\"col-inner dark\"  >\n\t\t\t\n\t\t\t\n\n<h3>Servicios financieros\n<\/h3>\n\n\t\t<\/div>\n\t\t\t\t\n<style>\n#col-217350128 > .col-inner {\n  padding: 20px 0px 10px 20px;\n}\n<\/style>\n\t<\/div>\n\n\t\n\n\t<div id=\"col-1289902662\" class=\"col small-12 large-12\"  >\n\t\t\t\t<div class=\"col-inner\"  >\n\t\t\t\n\t\t\t\n\n<p>Haga una copia de seguridad de sus bases de datos y mantenga sus datos a salvo de violaciones y exposiciones. Aseg\u00farese de que sus datos siempre estar\u00e1n all\u00ed cuando los necesite, sin tiempos de inactividad.<\/p>\n\t<div id=\"gap-92331593\" class=\"gap-element clearfix\" style=\"display:block; height:auto;\">\n\t\t\n<style>\n#gap-92331593 {\n  padding-top: 0px;\n}\n@media (min-width:550px) {\n  #gap-92331593 {\n    padding-top: 102px;\n  }\n}\n@media (min-width:850px) {\n  #gap-92331593 {\n    padding-top: 76px;\n  }\n}\n<\/style>\n\t<\/div>\n\t\n\n<a href=\"http:\/\/vawlt.io\/es\/soluciones\/industrias\/finanzas\/\" target=\"_self\" class=\"button primary is-link\"  >\n    <span>Leer m\u00e1s<\/span>\n  <i class=\"icon-angle-right\" ><\/i><\/a>\n\n\n\n\t\t<\/div>\n\t\t\t\t\n<style>\n#col-1289902662 > .col-inner {\n  padding: 20px 20px 0px 20px;\n}\n<\/style>\n\t<\/div>\n\n\t\n\n<\/div>\n\n\t\t<\/div>\n\t\t\t\t\t<\/div>\n\n\t\n\n\t<div id=\"col-1405102870\" class=\"col medium-4 small-12 large-4\"  >\n\t\t\t\t<div class=\"col-inner box-shadow-2\"  >\n\t\t\t\n\t\t\t\n\n<div class=\"row row-collapse\"  id=\"row-29772842\">\n\n\n\t<div id=\"col-2037870805\" class=\"col blue-gradient small-12 large-12\"  >\n\t\t\t\t<div class=\"col-inner dark\"  >\n\t\t\t\n\t\t\t\n\n<h3>Despachos de abogados<\/h3>\n\n\t\t<\/div>\n\t\t\t\t\n<style>\n#col-2037870805 > .col-inner {\n  padding: 20px 0px 10px 20px;\n}\n<\/style>\n\t<\/div>\n\n\t\n\n\t<div id=\"col-2085680637\" class=\"col small-12 large-12\"  >\n\t\t\t\t<div class=\"col-inner\"  >\n\t\t\t\n\t\t\t\n\n<p>Garantice f\u00e1cilmente la confidencialidad de sus documentos y comp\u00e1rtalos de forma segura con sus clientes y compa\u00f1eros de trabajo. Almacene procesos cerrados y archivos m\u00e1s antiguos como archivo y ahorre mucho dinero. Ayude a sus clientes en su proceso para lograr el cumplimiento normativo.<\/p>\n<a href=\"http:\/\/vawlt.io\/es\/soluciones\/industrias\/despachos-de-abogados\/\" target=\"_self\" class=\"button primary is-link\"  >\n    <span>Leer m\u00e1s<\/span>\n  <i class=\"icon-angle-right\" ><\/i><\/a>\n\n\n\n\t\t<\/div>\n\t\t\t\t\n<style>\n#col-2085680637 > .col-inner {\n  padding: 20px 20px 0px 20px;\n}\n<\/style>\n\t<\/div>\n\n\t\n\n<\/div>\n\n\t\t<\/div>\n\t\t\t\t\t<\/div>\n\n\t\n\n<\/div>\n<div class=\"row align-equal\"  id=\"row-318769552\">\n\n\n\t<div id=\"col-1924020299\" class=\"col medium-4 small-12 large-4\"  >\n\t\t\t\t<div class=\"col-inner box-shadow-2\"  >\n\t\t\t\n\t\t\t\n\n<div class=\"row row-collapse\"  id=\"row-2090605187\">\n\n\n\t<div id=\"col-135820220\" class=\"col blue-gradient small-12 large-12\"  >\n\t\t\t\t<div class=\"col-inner dark\"  >\n\t\t\t\n\t\t\t\n\n<h3>Centros de contacto\n<\/h3>\n\n\t\t<\/div>\n\t\t\t\t\n<style>\n#col-135820220 > .col-inner {\n  padding: 20px 0px 10px 20px;\n}\n<\/style>\n\t<\/div>\n\n\t\n\n\t<div id=\"col-1256667758\" class=\"col small-12 large-12\"  >\n\t\t\t\t<div class=\"col-inner\"  >\n\t\t\t\n\t\t\t\n\n<p>Descargue sus registros de llamadas telef\u00f3nicas archivados y optimice los costes, almacen\u00e1ndolos en una soluci\u00f3n multinube que los mantiene seguros.<\/p>\n\t<div id=\"gap-861816135\" class=\"gap-element clearfix\" style=\"display:block; height:auto;\">\n\t\t\n<style>\n#gap-861816135 {\n  padding-top: 0px;\n}\n@media (min-width:550px) {\n  #gap-861816135 {\n    padding-top: 75px;\n  }\n}\n@media (min-width:850px) {\n  #gap-861816135 {\n    padding-top: 50px;\n  }\n}\n<\/style>\n\t<\/div>\n\t\n\n<a href=\"http:\/\/vawlt.io\/es\/soluciones\/industrias\/centros-de-contacto\/\" target=\"_self\" class=\"button primary is-link\"  >\n    <span>Leer m\u00e1s<\/span>\n  <i class=\"icon-angle-right\" ><\/i><\/a>\n\n\n\n\t\t<\/div>\n\t\t\t\t\n<style>\n#col-1256667758 > .col-inner {\n  padding: 20px 20px 0px 20px;\n}\n<\/style>\n\t<\/div>\n\n\t\n\n<\/div>\n\n\t\t<\/div>\n\t\t\t\t\t<\/div>\n\n\t\n\n\t<div id=\"col-1344100483\" class=\"col medium-4 small-12 large-4\"  >\n\t\t\t\t<div class=\"col-inner box-shadow-2\"  >\n\t\t\t\n\t\t\t\n\n<div class=\"row row-collapse\"  id=\"row-1469757846\">\n\n\n\t<div id=\"col-1025284473\" class=\"col blue-gradient small-12 large-12\"  >\n\t\t\t\t<div class=\"col-inner dark\"  >\n\t\t\t\n\t\t\t\n\n<h3>Peque\u00f1as y medianas empresas (PYMES)<\/h3>\n\n\t\t<\/div>\n\t\t\t\t\n<style>\n#col-1025284473 > .col-inner {\n  padding: 20px 0px 10px 20px;\n}\n<\/style>\n\t<\/div>\n\n\t\n\n\t<div id=\"col-298394792\" class=\"col small-12 large-12\"  >\n\t\t\t\t<div class=\"col-inner\"  >\n\t\t\t\n\t\t\t\n\n<p>Si su peque\u00f1a o mediana empresa tiene una soluci\u00f3n de almacenamiento local (por ejemplo, NAS o un servidor de archivos), optimice los costes mud\u00e1ndose a la nube y proteja sus datos contra ataques de secuestro de datos.<\/p>\n<a href=\"http:\/\/vawlt.io\/es\/soluciones\/industrias\/pequenas-y-medianas-empresas\/\" target=\"_self\" class=\"button primary is-link\"  >\n    <span>Leer m\u00e1s<\/span>\n  <i class=\"icon-angle-right\" ><\/i><\/a>\n\n\n\n\t\t<\/div>\n\t\t\t\t\n<style>\n#col-298394792 > .col-inner {\n  padding: 20px 20px 0px 20px;\n}\n<\/style>\n\t<\/div>\n\n\t\n\n<\/div>\n\n\t\t<\/div>\n\t\t\t\t\t<\/div>\n\n\t\n\n<\/div>\n\n\t\t<\/div>\n\n\t\t\n<style>\n#section_1443063373 {\n  padding-top: 50px;\n  padding-bottom: 50px;\n}\n<\/style>\n\t<\/section>\n\t\n\t<section class=\"section\" id=\"section_532913219\">\n\t\t<div class=\"bg section-bg fill bg-fill  bg-loaded\" >\n\n\t\t\t\n\t\t\t\n\t\t\t\n\n\t\t<\/div>\n\n\t\t<div class=\"section-content relative\">\n\t\t\t\n\n\t<div id=\"gap-262902329\" class=\"gap-element clearfix\" style=\"display:block; height:auto;\">\n\t\t\n<style>\n#gap-262902329 {\n  padding-top: 40px;\n}\n<\/style>\n\t<\/div>\n\t\n\n<div class=\"row row-collapse align-middle\"  id=\"row-1203835359\">\n\n\n\t<div id=\"col-1318981226\" class=\"col medium-6 small-12 large-6\"  >\n\t\t\t\t<div class=\"col-inner text-left\"  >\n\t\t\t\n\t\t\t\n\n\t<div id=\"text-3859562580\" class=\"text\">\n\t\t\n\n<h3 style=\"font-weight: 600;\">No deje que el ransomware detenga a su empresa<\/h3>\n\t\t\n<style>\n#text-3859562580 {\n  font-size: 1rem;\n  text-align: center;\n}\n@media (min-width:550px) {\n  #text-3859562580 {\n    text-align: left;\n  }\n}\n<\/style>\n\t<\/div>\n\t\n\t<div id=\"text-1372508986\" class=\"text\">\n\t\t\n\n<h2><span style=\"font-weight: 600; color: #21bffc;\">Es f\u00e1cil<\/span><span style=\"font-weight: 600; color: #000000;\">\u00a0empezar.<br \/><\/span><\/h2>\n\t\t\n<style>\n#text-1372508986 {\n  font-size: 1.6rem;\n  text-align: center;\n}\n@media (min-width:550px) {\n  #text-1372508986 {\n    text-align: left;\n  }\n}\n<\/style>\n\t<\/div>\n\t\n\n\t\t<\/div>\n\t\t\t\t\n<style>\n#col-1318981226 > .col-inner {\n  padding: 0px 20px 0px 20px;\n}\n@media (min-width:550px) {\n  #col-1318981226 > .col-inner {\n    padding: 0px 0px 0px 20px;\n  }\n}\n<\/style>\n\t<\/div>\n\n\t\n\n\t<div id=\"col-1876825646\" class=\"col hide-for-medium medium-6 small-12 large-6\"  >\n\t\t\t\t<div class=\"col-inner text-right\"  >\n\t\t\t\n\t\t\t\n\n<a href=\"http:\/\/vawlt.io\/es\/obtener-una-demo\/\" target=\"_self\" class=\"button primary is-large\"  style=\"border-radius:5px;\">\n    <span>Obtener una demo<\/span>\n  <\/a>\n\n\n\n\t\t<\/div>\n\t\t\t\t\n<style>\n#col-1876825646 > .col-inner {\n  padding: 0px 20px 0px 20px;\n}\n@media (min-width:550px) {\n  #col-1876825646 > .col-inner {\n    padding: 0px 20px 0px 0px;\n  }\n}\n<\/style>\n\t<\/div>\n\n\t\n\n\t<div id=\"col-15040484\" class=\"col show-for-medium hide-for-small medium-6 small-12 large-6\"  >\n\t\t\t\t<div class=\"col-inner text-right\"  >\n\t\t\t\n\t\t\t\n\n<a href=\"http:\/\/vawlt.io\/es\/obtener-una-demo\/\" target=\"_self\" class=\"button primary\"  style=\"border-radius:5px;\">\n    <span>Obtener una demo<\/span>\n  <\/a>\n\n\n\n\t\t<\/div>\n\t\t\t\t\n<style>\n#col-15040484 > .col-inner {\n  padding: 0px 20px 0px 20px;\n}\n@media (min-width:550px) {\n  #col-15040484 > .col-inner {\n    padding: 0px 20px 0px 0px;\n  }\n}\n<\/style>\n\t<\/div>\n\n\t\n\n\t<div id=\"col-1347510345\" class=\"col show-for-small medium-6 small-12 large-6\"  >\n\t\t\t\t<div class=\"col-inner text-center\"  >\n\t\t\t\n\t\t\t\n\n\t<div id=\"gap-271450079\" class=\"gap-element clearfix\" style=\"display:block; height:auto;\">\n\t\t\n<style>\n#gap-271450079 {\n  padding-top: 23px;\n}\n@media (min-width:550px) {\n  #gap-271450079 {\n    padding-top: 40px;\n  }\n}\n<\/style>\n\t<\/div>\n\t\n\n<a href=\"http:\/\/vawlt.io\/es\/obtener-una-demo\/\" target=\"_self\" class=\"button primary is-small\"  style=\"border-radius:5px;\">\n    <span>Obtener una demo<\/span>\n  <\/a>\n\n\n\n\t\t<\/div>\n\t\t\t\t\n<style>\n#col-1347510345 > .col-inner {\n  padding: 0px 20px 0px 20px;\n}\n@media (min-width:550px) {\n  #col-1347510345 > .col-inner {\n    padding: 0px 20px 0px 0px;\n  }\n}\n<\/style>\n\t<\/div>\n\n\t\n\n<\/div>\n\n\t\t<\/div>\n\n\t\t\n<style>\n#section_532913219 {\n  padding-top: 30px;\n  padding-bottom: 30px;\n  background-color: rgb(244, 247, 249);\n}\n<\/style>\n\t<\/section>","protected":false},"excerpt":{"rendered":"","protected":false},"author":8,"featured_media":0,"parent":384,"menu_order":0,"comment_status":"closed","ping_status":"closed","template":"page-blank.php","meta":{"footnotes":""},"class_list":["post-560","page","type-page","status-publish","hentry"],"yoast_head":"<!-- This site is optimized with the Yoast SEO plugin v26.2 - https:\/\/yoast.com\/wordpress\/plugins\/seo\/ -->\n<title>Enterprise Secure Cloud Gateway | Multicloud Storage | Vawlt<\/title>\n<meta name=\"description\" content=\"If your application uses an S3-API, use Vawlt as your end-point and take advantage of the best storage solution that takes into account location, latency, budget, or compliance requirements.\" \/>\n<meta name=\"robots\" content=\"index, follow, max-snippet:-1, max-image-preview:large, max-video-preview:-1\" \/>\n<link rel=\"canonical\" href=\"https:\/\/site-temp.vawlt.io\/solutions\/use-cases\/secure-cloud-gateway\/\" \/>\n<meta property=\"og:locale\" content=\"es_ES\" \/>\n<meta property=\"og:type\" content=\"article\" \/>\n<meta property=\"og:title\" content=\"Enterprise Secure Cloud Gateway | Multicloud Storage | Vawlt\" \/>\n<meta property=\"og:description\" content=\"If your application uses an S3-API, use Vawlt as your end-point and take advantage of the best storage solution that takes into account location, latency, budget, or compliance requirements.\" \/>\n<meta property=\"og:url\" content=\"https:\/\/site-temp.vawlt.io\/solutions\/use-cases\/secure-cloud-gateway\/\" \/>\n<meta property=\"og:site_name\" content=\"Vawlt\" \/>\n<meta property=\"article:publisher\" content=\"https:\/\/www.facebook.com\/vawlt\" \/>\n<meta property=\"article:modified_time\" content=\"2022-05-19T10:52:17+00:00\" \/>\n<meta property=\"og:image\" content=\"https:\/\/vawlt.io\/wp-content\/uploads\/2021\/09\/mockup.png\" \/>\n\t<meta property=\"og:image:width\" content=\"500\" \/>\n\t<meta property=\"og:image:height\" content=\"256\" \/>\n\t<meta property=\"og:image:type\" content=\"image\/png\" \/>\n<meta name=\"twitter:card\" content=\"summary_large_image\" \/>\n<meta name=\"twitter:site\" content=\"@vawltio\" \/>\n<meta name=\"twitter:label1\" content=\"Tiempo de lectura\" \/>\n\t<meta name=\"twitter:data1\" content=\"3 minutos\" \/>\n<!-- \/ Yoast SEO plugin. -->","yoast_head_json":{"title":"Pasarela segura en la nube para empresas | Almacenamiento en la nube | Vawlt","description":"Si su aplicaci\u00f3n utiliza una API S3, use Vawlt como su punto final y aproveche la mejor soluci\u00f3n de almacenamiento que tiene en cuenta la ubicaci\u00f3n, la latencia, el presupuesto o los requisitos de cumplimiento.","robots":{"index":"index","follow":"follow","max-snippet":"max-snippet:-1","max-image-preview":"max-image-preview:large","max-video-preview":"max-video-preview:-1"},"canonical":"https:\/\/site-temp.vawlt.io\/solutions\/use-cases\/secure-cloud-gateway\/","og_locale":"es_ES","og_type":"article","og_title":"Enterprise Secure Cloud Gateway | Multicloud Storage | Vawlt","og_description":"If your application uses an S3-API, use Vawlt as your end-point and take advantage of the best storage solution that takes into account location, latency, budget, or compliance requirements.","og_url":"https:\/\/site-temp.vawlt.io\/solutions\/use-cases\/secure-cloud-gateway\/","og_site_name":"Vawlt","article_publisher":"https:\/\/www.facebook.com\/vawlt","article_modified_time":"2022-05-19T10:52:17+00:00","og_image":[{"width":500,"height":256,"url":"https:\/\/vawlt.io\/wp-content\/uploads\/2021\/09\/mockup.png","type":"image\/png"}],"twitter_card":"summary_large_image","twitter_site":"@vawltio","twitter_misc":{"Tiempo de lectura":"3 minutos"},"schema":{"@context":"https:\/\/schema.org","@graph":[{"@type":"WebPage","@id":"https:\/\/site-temp.vawlt.io\/solutions\/use-cases\/secure-cloud-gateway\/","url":"https:\/\/site-temp.vawlt.io\/solutions\/use-cases\/secure-cloud-gateway\/","name":"Pasarela segura en la nube para empresas | Almacenamiento en la nube | Vawlt","isPartOf":{"@id":"https:\/\/site-temp.vawlt.io\/#website"},"datePublished":"2021-08-13T11:18:42+00:00","dateModified":"2022-05-19T10:52:17+00:00","description":"Si su aplicaci\u00f3n utiliza una API S3, use Vawlt como su punto final y aproveche la mejor soluci\u00f3n de almacenamiento que tiene en cuenta la ubicaci\u00f3n, la latencia, el presupuesto o los requisitos de cumplimiento.","breadcrumb":{"@id":"https:\/\/site-temp.vawlt.io\/solutions\/use-cases\/secure-cloud-gateway\/#breadcrumb"},"inLanguage":"es","potentialAction":[{"@type":"ReadAction","target":["https:\/\/site-temp.vawlt.io\/solutions\/use-cases\/secure-cloud-gateway\/"]}]},{"@type":"BreadcrumbList","@id":"https:\/\/site-temp.vawlt.io\/solutions\/use-cases\/secure-cloud-gateway\/#breadcrumb","itemListElement":[{"@type":"ListItem","position":1,"name":"Home","item":"https:\/\/vawlt.io\/"},{"@type":"ListItem","position":2,"name":"Solutions","item":"https:\/\/site-temp.vawlt.io\/solutions\/"},{"@type":"ListItem","position":3,"name":"Use cases","item":"https:\/\/site-temp.vawlt.io\/solutions\/use-cases\/"},{"@type":"ListItem","position":4,"name":"Secure cloud gateway"}]},{"@type":"WebSite","@id":"https:\/\/site-temp.vawlt.io\/#website","url":"https:\/\/site-temp.vawlt.io\/","name":"Vawlt","description":"Soluci\u00f3n de almacenamiento de datos multicloud que simplifica la transici\u00f3n a la nube, mejora los est\u00e1ndares de seguridad y optimiza el uso de los recursos de almacenamiento.","publisher":{"@id":"https:\/\/site-temp.vawlt.io\/#organization"},"potentialAction":[{"@type":"SearchAction","target":{"@type":"EntryPoint","urlTemplate":"https:\/\/site-temp.vawlt.io\/?s={search_term_string}"},"query-input":{"@type":"PropertyValueSpecification","valueRequired":true,"valueName":"search_term_string"}}],"inLanguage":"es"},{"@type":"Organization","@id":"https:\/\/site-temp.vawlt.io\/#organization","name":"Vawlt","url":"https:\/\/site-temp.vawlt.io\/","logo":{"@type":"ImageObject","inLanguage":"es","@id":"https:\/\/site-temp.vawlt.io\/#\/schema\/logo\/image\/","url":"http:\/\/vawlt.io\/wp-content\/uploads\/2021\/08\/logo_vawlt_business.png","contentUrl":"http:\/\/vawlt.io\/wp-content\/uploads\/2021\/08\/logo_vawlt_business.png","width":576,"height":92,"caption":"Vawlt"},"image":{"@id":"https:\/\/site-temp.vawlt.io\/#\/schema\/logo\/image\/"},"sameAs":["https:\/\/www.facebook.com\/vawlt","https:\/\/x.com\/vawltio","https:\/\/www.linkedin.com\/company\/vawlt","https:\/\/www.youtube.com\/channel\/UCYzlYYg7j_07CFi8Be0eAMw"]}]}},"_links":{"self":[{"href":"https:\/\/vawlt.io\/es\/wp-json\/wp\/v2\/pages\/560","targetHints":{"allow":["GET"]}}],"collection":[{"href":"https:\/\/vawlt.io\/es\/wp-json\/wp\/v2\/pages"}],"about":[{"href":"https:\/\/vawlt.io\/es\/wp-json\/wp\/v2\/types\/page"}],"author":[{"embeddable":true,"href":"https:\/\/vawlt.io\/es\/wp-json\/wp\/v2\/users\/8"}],"replies":[{"embeddable":true,"href":"https:\/\/vawlt.io\/es\/wp-json\/wp\/v2\/comments?post=560"}],"version-history":[{"count":12,"href":"https:\/\/vawlt.io\/es\/wp-json\/wp\/v2\/pages\/560\/revisions"}],"predecessor-version":[{"id":5618,"href":"https:\/\/vawlt.io\/es\/wp-json\/wp\/v2\/pages\/560\/revisions\/5618"}],"up":[{"embeddable":true,"href":"https:\/\/vawlt.io\/es\/wp-json\/wp\/v2\/pages\/384"}],"wp:attachment":[{"href":"https:\/\/vawlt.io\/es\/wp-json\/wp\/v2\/media?parent=560"}],"curies":[{"name":"wp","href":"https:\/\/api.w.org\/{rel}","templated":true}]}}