{"id":712,"date":"2021-08-16T11:24:39","date_gmt":"2021-08-16T11:24:39","guid":{"rendered":"http:\/\/vawlt.io\/?page_id=712"},"modified":"2025-05-22T09:58:53","modified_gmt":"2025-05-22T09:58:53","slug":"contact-us","status":"publish","type":"page","link":"https:\/\/vawlt.io\/es\/empresa\/contact-us\/","title":{"rendered":"Contactos"},"content":{"rendered":"<div id=\"cover-spin\"><\/div>\n\t<section class=\"section\" id=\"section_1441393483\">\n\t\t<div class=\"bg section-bg fill bg-fill  bg-loaded\" >\n\n\t\t\t\n\t\t\t\n\t\t\t\n\n\t\t<\/div>\n\n\t\t<div class=\"section-content relative\">\n\t\t\t\n\n<div class=\"row\"  id=\"row-679895901\">\n\n\n\t<div id=\"col-322032037\" class=\"col small-12 large-12\"  >\n\t\t\t\t<div class=\"col-inner text-center\"  >\n\t\t\t\n\t\t\t\n\n\t<div id=\"text-3880077082\" class=\"text\">\n\t\t\n\n<h1><strong>\u00a1Hablemos!<\/strong><\/h1>\n\t\t\n<style>\n#text-3880077082 {\n  font-size: 1.6rem;\n  text-align: center;\n}\n@media (min-width:850px) {\n  #text-3880077082 {\n    text-align: left;\n  }\n}\n<\/style>\n\t<\/div>\n\t\n\n\t\t<\/div>\n\t\t\t\t\t<\/div>\n\n\t\n\n<\/div>\n<div class=\"row align-center\"  id=\"row-1430394065\">\n\n\n\t<div id=\"col-1597078334\" class=\"col medium-6 small-12 large-6\"  >\n\t\t\t\t<div class=\"col-inner text-center\" style=\"background-color:rgb(248, 249, 250);\" >\n\t\t\t\n\t\t\t\n\n<h3><strong>Soporte<\/strong><\/h3>\n<p>+351 936 363 214<\/p>\n<p>support@vawlt.io<\/p>\n\n\t\t<\/div>\n\t\t\t\t\n<style>\n#col-1597078334 > .col-inner {\n  padding: 20px 15px 20px 15px;\n}\n<\/style>\n\t<\/div>\n\n\t\n\n\t<div id=\"col-1946379620\" class=\"col medium-6 small-12 large-6\"  >\n\t\t\t\t<div class=\"col-inner text-center\" style=\"background-color:rgb(248, 249, 250);\" >\n\t\t\t\n\t\t\t\n\n<h3><strong>Sales<\/strong><\/h3>\n<p>+351 217 500 467<\/p>\n<p>sales@vawlt.io<\/p>\n\n\t\t<\/div>\n\t\t\t\t\n<style>\n#col-1946379620 > .col-inner {\n  padding: 20px 15px 20px 15px;\n}\n<\/style>\n\t<\/div>\n\n\t\n\n<\/div>\n\n\t\t<\/div>\n\n\t\t\n<style>\n#section_1441393483 {\n  padding-top: 30px;\n  padding-bottom: 30px;\n}\n<\/style>\n\t<\/section>\n\t\n\t<section class=\"section\" id=\"section_2139616734\">\n\t\t<div class=\"bg section-bg fill bg-fill  bg-loaded\" >\n\n\t\t\t\n\t\t\t\n\t\t\t\n\n\t\t<\/div>\n\n\t\t<div class=\"section-content relative\">\n\t\t\t\n\n<div class=\"row\"  id=\"row-1560918505\">\n\n\n\t<div id=\"col-776568677\" class=\"col small-12 large-12\"  >\n\t\t\t\t<div class=\"col-inner text-center\"  >\n\t\t\t\n\t\t\t\n\n\t<div id=\"text-496931277\" class=\"text\">\n\t\t\n\n<h1><strong>Contacte con nosotros<\/strong><\/h1>\n\t\t\n<style>\n#text-496931277 {\n  font-size: 1.6rem;\n}\n<\/style>\n\t<\/div>\n\t\n<p>\u00a1Hablemos! Agradecemos sus sugerencias.<\/p>\n\n\t\t<\/div>\n\t\t\t\t\t<\/div>\n\n\t\n\n<\/div>\n<div class=\"row\"  id=\"row-974700664\">\n\n\n\t<div id=\"col-1489327971\" class=\"col medium-6 small-12 large-6\"  >\n\t\t\t\t<div class=\"col-inner\"  >\n\t\t\t\n\t\t\t\n\n<form id=\"contact-form\" class=\"recapcha-form needs-validation\" action=\"\/es\/empresa\/contact-us\/\" method=\"post\" novalidate=\"\" data-trp-original-action=\"\/company\/contact-us\">\r\n<div class=\"form-row\">\r\n<div class=\"form-group col-md-6\">\r\n\r\n<input id=\"name\" class=\"form-control\" name=\"name\" pattern=\".+\" required=\"\" type=\"text\" placeholder=\"Escriba su nombre\" \/>\r\n<div class=\"invalid-feedback\">Por favor, indique el nombre.<\/div>\r\n<\/div>\r\n<div class=\"form-group col-md-6\">\r\n\r\n<input id=\"email\" class=\"form-control\" name=\"email\" pattern=\".+@.+\" required=\"\" type=\"email\" placeholder=\"Escriba su email\" \/>\r\n<div class=\"invalid-feedback\">Por favor, proporcione un correo electr\u00f3nico v\u00e1lido.<\/div>\r\n<\/div>\r\n<\/div>\r\n<div class=\"form-group\"><select id=\"subject\" class=\"form-control\" style=\"background-image: none;\" name=\"subject\" required=\"\">\r\n<option selected=\"selected\" value=\"suggest\">Tengo una sugerencia para Vawlt<\/option>\r\n<option value=\"career\">Quiero presentarme<\/option>\r\n<option value=\"partner\">Reconozco el valor de la empresa<\/option>\r\n<option value=\"budget\">Mi proyecto necesita Vawlt<\/option>\r\n<\/select><\/div>\r\n<div class=\"form-group\">\r\n\r\n<textarea id=\"message\" class=\"form-control\" name=\"message\" required=\"\" rows=\"4\" placeholder=\"Escriba su mensaje\"><\/textarea>\r\n<div class=\"invalid-feedback\">Por favor, facilite un mensaje.<\/div>\r\n<\/div>\r\n<div class=\"form-group\">\r\n<div class=\"form-group g-recaptcha\" data-sitekey=\"6LcgU5oUAAAAADsJADmUtUWHpM6h9XNomkwnzODv\" data-callback=\"recaptchaCallback\" data-expired-callback=\"recaptchaExpired\"><\/div>\r\n<\/div>\r\n<div class=\"form-group\">\r\n<div class=\"consent-checkboxes-container\">\r\n\r\n<label for=\"newsletterCheckbox\"><input id=\"newsletterCheckbox\" name=\"newsletter\" type=\"checkbox\" \/>Mantenerme actualizado con las \u00faltimas noticias y ofertas especiales de Vawlt<\/label>\r\n\r\n<\/div>\r\n<\/div>\r\n<button id=\"btnSubmit\" class=\"button primary rounded px-5\" value=\"Send\"> Enviar <\/button>\r\n\r\n<input type=\"hidden\" name=\"trp-form-language\" value=\"es\"\/><\/form>\n\n\n\t\t<\/div>\n\t\t\t\t\n<style>\n#col-1489327971 > .col-inner {\n  padding: 0px 20px 0px 20px;\n}\n@media (min-width:550px) {\n  #col-1489327971 > .col-inner {\n    padding: 0px 0px 0px 20px;\n  }\n}\n<\/style>\n\t<\/div>\n\n\t\n\n\t<div id=\"col-1310184836\" class=\"col medium-6 small-12 large-6\"  >\n\t\t\t\t<div class=\"col-inner\"  >\n\t\t\t\n\t\t\t\n\n<div class=\"row\"  id=\"row-818731015\">\n\n\n\t<div id=\"col-611328380\" class=\"col medium-2 small-3 large-2\"  >\n\t\t\t\t<div class=\"col-inner text-center\"  >\n\t\t\t\n\t\t\t\n\n\t<div class=\"img has-hover x md-x lg-x y md-y lg-y\" id=\"image_590558214\">\n\t\t\t\t\t\t\t\t<div class=\"img-inner dark\" >\n\t\t\t<img loading=\"lazy\" decoding=\"async\" width=\"1\" height=\"1\" src=\"https:\/\/vawlt.io\/wp-content\/uploads\/2021\/08\/address.svg\" class=\"attachment-large size-large\" alt=\"\" \/>\t\t\t\t\t\t\n\t\t\t\t\t<\/div>\n\t\t\t\t\t\t\t\t\n<style>\n#image_590558214 {\n  width: 40%;\n}\n<\/style>\n\t<\/div>\n\t\n\n\n\t\t<\/div>\n\t\t\t\t\t<\/div>\n\n\t\n\n\t<div id=\"col-1518105252\" class=\"col medium-10 small-9 large-10\"  >\n\t\t\t\t<div class=\"col-inner\"  >\n\t\t\t\n\t\t\t\n\n<p>Vawlt Technologies, S. A.\u00a0<br \/>F\u00f3rum Tecnol\u00f3gico de Lisboa &#8211; R. Cupertino de Miranda 7<br \/>1600-513 Lisbon, Portugal<\/p>\n\n\t\t<\/div>\n\t\t\t\t\t<\/div>\n\n\t\n\n<\/div>\n<div class=\"row\"  id=\"row-452268476\">\n\n\n\t<div id=\"col-725548157\" class=\"col medium-2 small-3 large-2\"  >\n\t\t\t\t<div class=\"col-inner text-center\"  >\n\t\t\t\n\t\t\t\n\n\t<div class=\"img has-hover x md-x lg-x y md-y lg-y\" id=\"image_448188927\">\n\t\t\t\t\t\t\t\t<div class=\"img-inner dark\" >\n\t\t\t<img loading=\"lazy\" decoding=\"async\" width=\"1\" height=\"1\" src=\"https:\/\/vawlt.io\/wp-content\/uploads\/2021\/08\/phone.svg\" class=\"attachment-large size-large\" alt=\"\" \/>\t\t\t\t\t\t\n\t\t\t\t\t<\/div>\n\t\t\t\t\t\t\t\t\n<style>\n#image_448188927 {\n  width: 40%;\n}\n<\/style>\n\t<\/div>\n\t\n\n\n\t\t<\/div>\n\t\t\t\t\t<\/div>\n\n\t\n\n\t<div id=\"col-719326827\" class=\"col medium-10 small-9 large-10\"  >\n\t\t\t\t<div class=\"col-inner\"  >\n\t\t\t\n\t\t\t\n\n<p> +351 217 500 467 <\/p>\n\n\t\t<\/div>\n\t\t\t\t\t<\/div>\n\n\t\n\n<\/div>\n<div class=\"row\"  id=\"row-1452554352\">\n\n\n\t<div id=\"col-421881388\" class=\"col medium-2 small-3 large-2\"  >\n\t\t\t\t<div class=\"col-inner text-center\"  >\n\t\t\t\n\t\t\t\n\n\t<div class=\"img has-hover x md-x lg-x y md-y lg-y\" id=\"image_1292867384\">\n\t\t\t\t\t\t\t\t<div class=\"img-inner dark\" >\n\t\t\t<img loading=\"lazy\" decoding=\"async\" width=\"1\" height=\"1\" src=\"https:\/\/vawlt.io\/wp-content\/uploads\/2021\/08\/email.svg\" class=\"attachment-large size-large\" alt=\"\" \/>\t\t\t\t\t\t\n\t\t\t\t\t<\/div>\n\t\t\t\t\t\t\t\t\n<style>\n#image_1292867384 {\n  width: 40%;\n}\n<\/style>\n\t<\/div>\n\t\n\n\n\t\t<\/div>\n\t\t\t\t\t<\/div>\n\n\t\n\n\t<div id=\"col-2078758932\" class=\"col medium-10 small-9 large-10\"  >\n\t\t\t\t<div class=\"col-inner\"  >\n\t\t\t\n\t\t\t\n\n<p>info@vawlt.io<\/p>\n\n\t\t<\/div>\n\t\t\t\t\t<\/div>\n\n\t\n\n<\/div>\n\n\t\t<\/div>\n\t\t\t\t\t<\/div>\n\n\t\n\n<\/div>\n\n\t\t<\/div>\n\n\t\t\n<style>\n#section_2139616734 {\n  padding-top: 60px;\n  padding-bottom: 60px;\n  background-color: rgb(248, 249, 250);\n}\n<\/style>\n\t<\/section>","protected":false},"excerpt":{"rendered":"","protected":false},"author":8,"featured_media":0,"parent":2017,"menu_order":2,"comment_status":"closed","ping_status":"closed","template":"page-blank.php","meta":{"footnotes":""},"class_list":["post-712","page","type-page","status-publish","hentry"],"yoast_head":"<!-- This site is optimized with the Yoast SEO plugin v26.2 - https:\/\/yoast.com\/wordpress\/plugins\/seo\/ -->\n<title>Contact Us | Multicloud Storage | Vawlt<\/title>\n<meta name=\"description\" content=\"Let\u2019s talk! We welcome your suggestions. Get in touch with Vawlt and discover how can benefit your business.\" \/>\n<meta name=\"robots\" content=\"index, follow, max-snippet:-1, max-image-preview:large, max-video-preview:-1\" \/>\n<link rel=\"canonical\" href=\"https:\/\/vawlt.io\/es\/empresa\/contact-us\/\" \/>\n<meta property=\"og:locale\" content=\"es_ES\" \/>\n<meta property=\"og:type\" content=\"article\" \/>\n<meta property=\"og:title\" content=\"Contact Us | Multicloud Storage | Vawlt\" \/>\n<meta property=\"og:description\" content=\"Let\u2019s talk! We welcome your suggestions. Get in touch with Vawlt and discover how can benefit your business.\" \/>\n<meta property=\"og:url\" content=\"https:\/\/vawlt.io\/es\/empresa\/contact-us\/\" \/>\n<meta property=\"og:site_name\" content=\"Vawlt\" \/>\n<meta property=\"article:publisher\" content=\"https:\/\/www.facebook.com\/vawlt\" \/>\n<meta property=\"article:modified_time\" content=\"2025-05-22T09:58:53+00:00\" \/>\n<meta property=\"og:image\" content=\"https:\/\/vawlt.io\/wp-content\/uploads\/2021\/09\/mockup.png\" \/>\n\t<meta property=\"og:image:width\" content=\"500\" \/>\n\t<meta property=\"og:image:height\" content=\"256\" \/>\n\t<meta property=\"og:image:type\" content=\"image\/png\" \/>\n<meta name=\"twitter:card\" content=\"summary_large_image\" \/>\n<meta name=\"twitter:site\" content=\"@vawltio\" \/>\n<meta name=\"twitter:label1\" content=\"Tiempo de lectura\" \/>\n\t<meta name=\"twitter:data1\" content=\"1 minuto\" \/>\n<!-- \/ Yoast SEO plugin. -->","yoast_head_json":{"title":"Contact Us | Multicloud Storage | Vawlt","description":"Let\u2019s talk! We welcome your suggestions. Get in touch with Vawlt and discover how can benefit your business.","robots":{"index":"index","follow":"follow","max-snippet":"max-snippet:-1","max-image-preview":"max-image-preview:large","max-video-preview":"max-video-preview:-1"},"canonical":"https:\/\/vawlt.io\/es\/empresa\/contact-us\/","og_locale":"es_ES","og_type":"article","og_title":"Contact Us | Multicloud Storage | Vawlt","og_description":"Let\u2019s talk! We welcome your suggestions. Get in touch with Vawlt and discover how can benefit your business.","og_url":"https:\/\/vawlt.io\/es\/empresa\/contact-us\/","og_site_name":"Vawlt","article_publisher":"https:\/\/www.facebook.com\/vawlt","article_modified_time":"2025-05-22T09:58:53+00:00","og_image":[{"width":500,"height":256,"url":"https:\/\/vawlt.io\/wp-content\/uploads\/2021\/09\/mockup.png","type":"image\/png"}],"twitter_card":"summary_large_image","twitter_site":"@vawltio","twitter_misc":{"Tiempo de lectura":"1 minuto"},"schema":{"@context":"https:\/\/schema.org","@graph":[{"@type":"WebPage","@id":"https:\/\/vawlt.io\/company\/contact-us\/","url":"https:\/\/vawlt.io\/company\/contact-us\/","name":"Contact Us | Multicloud Storage | Vawlt","isPartOf":{"@id":"https:\/\/site-temp.vawlt.io\/#website"},"datePublished":"2021-08-16T11:24:39+00:00","dateModified":"2025-05-22T09:58:53+00:00","description":"Let\u2019s talk! We welcome your suggestions. Get in touch with Vawlt and discover how can benefit your business.","breadcrumb":{"@id":"https:\/\/vawlt.io\/company\/contact-us\/#breadcrumb"},"inLanguage":"es","potentialAction":[{"@type":"ReadAction","target":["https:\/\/vawlt.io\/company\/contact-us\/"]}]},{"@type":"BreadcrumbList","@id":"https:\/\/vawlt.io\/company\/contact-us\/#breadcrumb","itemListElement":[{"@type":"ListItem","position":1,"name":"Home","item":"https:\/\/vawlt.io\/"},{"@type":"ListItem","position":2,"name":"Company","item":"https:\/\/vawlt.io\/company\/"},{"@type":"ListItem","position":3,"name":"Contacts"}]},{"@type":"WebSite","@id":"https:\/\/site-temp.vawlt.io\/#website","url":"https:\/\/site-temp.vawlt.io\/","name":"Vawlt","description":"Soluci\u00f3n de almacenamiento de datos multicloud que simplifica la transici\u00f3n a la nube, mejora los est\u00e1ndares de seguridad y optimiza el uso de los recursos de almacenamiento.","publisher":{"@id":"https:\/\/site-temp.vawlt.io\/#organization"},"potentialAction":[{"@type":"SearchAction","target":{"@type":"EntryPoint","urlTemplate":"https:\/\/site-temp.vawlt.io\/?s={search_term_string}"},"query-input":{"@type":"PropertyValueSpecification","valueRequired":true,"valueName":"search_term_string"}}],"inLanguage":"es"},{"@type":"Organization","@id":"https:\/\/site-temp.vawlt.io\/#organization","name":"Vawlt","url":"https:\/\/site-temp.vawlt.io\/","logo":{"@type":"ImageObject","inLanguage":"es","@id":"https:\/\/site-temp.vawlt.io\/#\/schema\/logo\/image\/","url":"http:\/\/vawlt.io\/wp-content\/uploads\/2021\/08\/logo_vawlt_business.png","contentUrl":"http:\/\/vawlt.io\/wp-content\/uploads\/2021\/08\/logo_vawlt_business.png","width":576,"height":92,"caption":"Vawlt"},"image":{"@id":"https:\/\/site-temp.vawlt.io\/#\/schema\/logo\/image\/"},"sameAs":["https:\/\/www.facebook.com\/vawlt","https:\/\/x.com\/vawltio","https:\/\/www.linkedin.com\/company\/vawlt","https:\/\/www.youtube.com\/channel\/UCYzlYYg7j_07CFi8Be0eAMw"]}]}},"_links":{"self":[{"href":"https:\/\/vawlt.io\/es\/wp-json\/wp\/v2\/pages\/712","targetHints":{"allow":["GET"]}}],"collection":[{"href":"https:\/\/vawlt.io\/es\/wp-json\/wp\/v2\/pages"}],"about":[{"href":"https:\/\/vawlt.io\/es\/wp-json\/wp\/v2\/types\/page"}],"author":[{"embeddable":true,"href":"https:\/\/vawlt.io\/es\/wp-json\/wp\/v2\/users\/8"}],"replies":[{"embeddable":true,"href":"https:\/\/vawlt.io\/es\/wp-json\/wp\/v2\/comments?post=712"}],"version-history":[{"count":14,"href":"https:\/\/vawlt.io\/es\/wp-json\/wp\/v2\/pages\/712\/revisions"}],"predecessor-version":[{"id":5947,"href":"https:\/\/vawlt.io\/es\/wp-json\/wp\/v2\/pages\/712\/revisions\/5947"}],"up":[{"embeddable":true,"href":"https:\/\/vawlt.io\/es\/wp-json\/wp\/v2\/pages\/2017"}],"wp:attachment":[{"href":"https:\/\/vawlt.io\/es\/wp-json\/wp\/v2\/media?parent=712"}],"curies":[{"name":"wp","href":"https:\/\/api.w.org\/{rel}","templated":true}]}}