{"id":722,"date":"2021-08-16T13:37:30","date_gmt":"2021-08-16T13:37:30","guid":{"rendered":"http:\/\/vawlt.io\/?page_id=722"},"modified":"2026-03-12T18:50:44","modified_gmt":"2026-03-12T17:50:44","slug":"downloads","status":"publish","type":"page","link":"https:\/\/vawlt.io\/es\/descargas\/","title":{"rendered":"Descargas"},"content":{"rendered":"<div id=\"cover-spin\"><\/div>\n\t<section class=\"section\" id=\"section_961887559\">\n\t\t<div class=\"bg section-bg fill bg-fill  bg-loaded\" >\n\n\t\t\t\n\t\t\t\n\t\t\t\n\n\t\t<\/div>\n\n\t\t<div class=\"section-content relative\">\n\t\t\t\n\n<div class=\"row\"  id=\"row-787135411\">\n\n\n\t<div id=\"col-2077713525\" class=\"col small-12 large-12\"  >\n\t\t\t\t<div class=\"col-inner text-center\"  >\n\t\t\t\n\t\t\t\n\n\t<div id=\"text-3807652705\" class=\"text\">\n\t\t\n\n<h1><strong>Descargas para macOS, Windows y Linux<\/strong><\/h1>\n\t\t\n<style>\n#text-3807652705 {\n  font-size: 1.6rem;\n}\n<\/style>\n\t<\/div>\n\t\n<p class=\"translation-block\">Descargue Vawlt para diferentes plataformas para <strong>interactuar con sus vol\u00famenes de datos<\/strong>. El <strong>agente de software <\/strong>de Vawlt est\u00e1 disponible para su descarga en varias plataformas, incluidos algunos de sus administradores de paquetes favoritos. Elija entre las opciones a continuaci\u00f3n para elegir justo lo que necesita.<\/p>\n\n\t\t<\/div>\n\t\t\t\t\t<\/div>\n\n\t\n\n<\/div>\n\n\t\t<\/div>\n\n\t\t\n<style>\n#section_961887559 {\n  padding-top: 30px;\n  padding-bottom: 30px;\n}\n<\/style>\n\t<\/section>\n\t\n\t<section class=\"section\" id=\"section_1924727210\">\n\t\t<div class=\"bg section-bg fill bg-fill  bg-loaded\" >\n\n\t\t\t\n\t\t\t\n\t\t\t\n\n\t\t<\/div>\n\n\t\t<div class=\"section-content relative\">\n\t\t\t\n\n<div class=\"row\"  id=\"row-87343905\">\n\n\n\t<div id=\"col-1764436757\" class=\"col medium-3 small-3 large-3\"  >\n\t\t\t\t<div class=\"col-inner\"  >\n\t\t\t\n\t\t\t\n\n<p><strong>Versi\u00f3n<\/strong><\/p>\n\n\t\t<\/div>\n\t\t\t\t\t<\/div>\n\n\t\n\n\t<div id=\"col-205167515\" class=\"col medium-3 small-3 large-3\"  >\n\t\t\t\t<div class=\"col-inner\"  >\n\t\t\t\n\t\t\t\n\n<p><strong>Sistema<\/strong><\/p>\n\n\t\t<\/div>\n\t\t\t\t\t<\/div>\n\n\t\n\n\t<div id=\"col-1817073690\" class=\"col medium-3 small-3 large-3\"  >\n\t\t\t\t<div class=\"col-inner\"  >\n\t\t\t\n\t\t\t\n\n<p><strong>\tFecha <\/strong><\/p>\n\n\t\t<\/div>\n\t\t\t\t\t<\/div>\n\n\t\n\n<\/div>\n<div class=\"row\"  id=\"row-243135440\">\n\n\n\t<div id=\"col-2127128181\" class=\"col medium-3 small-3 large-3\"  >\n\t\t\t\t<div class=\"col-inner\"  >\n\t\t\t\n\t\t\t\n\n\t<div id=\"text-1849611310\" class=\"text\">\n\t\t\n\n<a href=\"https:\/\/platform.vawlt.io\/downloads\/macos\/vawlt_installer.pkg\"><span class=\"downloads-app-version\"><strong>&#8230;<\/strong><\/p><\/a>\n\t\t\n<style>\n#text-1849611310 {\n  color: rgb(48, 100, 137);\n}\n#text-1849611310 > * {\n  color: rgb(48, 100, 137);\n}\n<\/style>\n\t<\/div>\n\t\n\n\t\t<\/div>\n\t\t\t\t\t<\/div>\n\n\t\n\n\t<div id=\"col-961906078\" class=\"col medium-3 small-3 large-3\"  >\n\t\t\t\t<div class=\"col-inner\"  >\n\t\t\t\n\t\t\t\n\n<p> mac0S<\/p>\n\n\t\t<\/div>\n\t\t\t\t\t<\/div>\n\n\t\n\n\t<div id=\"col-1007068259\" class=\"col medium-3 small-3 large-3\"  >\n\t\t\t\t<div class=\"col-inner\"  >\n\t\t\t\n\t\t\t\n\n<p class=\"downloads-app-version-released-at\">&#8230;<\/p>\n\n\t\t<\/div>\n\t\t\t\t\t<\/div>\n\n\t\n\n\t<div id=\"col-1764330340\" class=\"col medium-3 small-9 large-3\"  >\n\t\t\t\t<div class=\"col-inner\"  >\n\t\t\t\n\t\t\t\n\n<a href=\"https:\/\/platform.vawlt.io\/downloads\/macos\/vawlt-installer.pkg\" target=\"_self\" class=\"button primary expand white-color\"  style=\"border-radius:10px;\">\n    <span>Descargar<\/span>\n  <i class=\"icon-angle-down\" ><\/i><\/a>\n\n\n\n\t\t<\/div>\n\t\t\t\t\t<\/div>\n\n\t\n\n<\/div>\n<div class=\"row\"  id=\"row-1114975183\">\n\n\n\t<div id=\"col-138981464\" class=\"col medium-3 small-3 large-3\"  >\n\t\t\t\t<div class=\"col-inner\"  >\n\t\t\t\n\t\t\t\n\n\t<div id=\"text-764849508\" class=\"text\">\n\t\t\n\n<a href=\"https:\/\/platform.vawlt.io\/downloads\/windows\/vawlt_setup.exe\"><span class=\"downloads-app-version\"><strong>&#8230;<\/strong><\/p><\/a>\n\t\t\n<style>\n#text-764849508 {\n  color: rgb(48, 100, 137);\n}\n#text-764849508 > * {\n  color: rgb(48, 100, 137);\n}\n<\/style>\n\t<\/div>\n\t\n\n\t\t<\/div>\n\t\t\t\t\t<\/div>\n\n\t\n\n\t<div id=\"col-1084867209\" class=\"col medium-3 small-3 large-3\"  >\n\t\t\t\t<div class=\"col-inner\"  >\n\t\t\t\n\t\t\t\n\n<p> Windows (64bits)<\/p>\n\n\t\t<\/div>\n\t\t\t\t\t<\/div>\n\n\t\n\n\t<div id=\"col-1448950786\" class=\"col medium-3 small-3 large-3\"  >\n\t\t\t\t<div class=\"col-inner\"  >\n\t\t\t\n\t\t\t\n\n<p class=\"downloads-app-version-released-at\">&#8230;<\/p>\n\n\t\t<\/div>\n\t\t\t\t\t<\/div>\n\n\t\n\n\t<div id=\"col-84566364\" class=\"col medium-3 small-9 large-3\"  >\n\t\t\t\t<div class=\"col-inner\"  >\n\t\t\t\n\t\t\t\n\n<a href=\"https:\/\/platform.vawlt.io\/downloads\/windows\/vawlt-installer.exe\" target=\"_self\" class=\"button primary expand white-color\"  style=\"border-radius:10px;\">\n    <span>Descargar<\/span>\n  <i class=\"icon-angle-down\" ><\/i><\/a>\n\n\n\n\t\t<\/div>\n\t\t\t\t\t<\/div>\n\n\t\n\n<\/div>\n<div class=\"row\"  id=\"row-1310551071\">\n\n\n\t<div id=\"col-91942531\" class=\"col medium-3 small-3 large-3\"  >\n\t\t\t\t<div class=\"col-inner\"  >\n\t\t\t\n\t\t\t\n\n\t<div id=\"text-342496995\" class=\"text\">\n\t\t\n\n<a href=\"https:\/\/platform.vawlt.io\/downloads\/linux\/vawlt_setup.deb\"><span class=\"downloads-app-version\"><strong>&#8230;<\/strong><\/p><\/a>\n\t\t\n<style>\n#text-342496995 {\n  color: rgb(48, 100, 137);\n}\n#text-342496995 > * {\n  color: rgb(48, 100, 137);\n}\n<\/style>\n\t<\/div>\n\t\n\n\t\t<\/div>\n\t\t\t\t\t<\/div>\n\n\t\n\n\t<div id=\"col-1452160933\" class=\"col medium-3 small-3 large-3\"  >\n\t\t\t\t<div class=\"col-inner\"  >\n\t\t\t\n\t\t\t\n\n<p> Linux (.deb) <\/p>\n\n\t\t<\/div>\n\t\t\t\t\t<\/div>\n\n\t\n\n\t<div id=\"col-1004027049\" class=\"col medium-3 small-3 large-3\"  >\n\t\t\t\t<div class=\"col-inner\"  >\n\t\t\t\n\t\t\t\n\n<p class=\"downloads-app-version-released-at\">&#8230;<\/p>\n\n\t\t<\/div>\n\t\t\t\t\t<\/div>\n\n\t\n\n\t<div id=\"col-303307616\" class=\"col medium-3 small-9 large-3\"  >\n\t\t\t\t<div class=\"col-inner\"  >\n\t\t\t\n\t\t\t\n\n<a href=\"https:\/\/platform.vawlt.io\/downloads\/linux\/vawlt-installer.deb\" target=\"_self\" class=\"button primary expand white-color\"  style=\"border-radius:10px;\">\n    <span>Descargar<\/span>\n  <i class=\"icon-angle-down\" ><\/i><\/a>\n\n\n\n\t\t<\/div>\n\t\t\t\t\t<\/div>\n\n\t\n\n<\/div>\n<div class=\"row\"  id=\"row-401759820\">\n\n\n\t<div id=\"col-34935693\" class=\"col medium-3 small-3 large-3\"  >\n\t\t\t\t<div class=\"col-inner\"  >\n\t\t\t\n\t\t\t\n\n\t<div id=\"text-1696469594\" class=\"text\">\n\t\t\n\n<a href=\"https:\/\/platform.vawlt.io\/downloads\/linux\/vawlt_setup.rpm\"><span class=\"downloads-app-version\"><strong>&#8230;<\/strong><\/p><\/a>\n\t\t\n<style>\n#text-1696469594 {\n  color: rgb(48, 100, 137);\n}\n#text-1696469594 > * {\n  color: rgb(48, 100, 137);\n}\n<\/style>\n\t<\/div>\n\t\n\n\t\t<\/div>\n\t\t\t\t\t<\/div>\n\n\t\n\n\t<div id=\"col-410529431\" class=\"col medium-3 small-3 large-3\"  >\n\t\t\t\t<div class=\"col-inner\"  >\n\t\t\t\n\t\t\t\n\n<p>Linux (.rpm)<\/p>\n\n\t\t<\/div>\n\t\t\t\t\t<\/div>\n\n\t\n\n\t<div id=\"col-150024932\" class=\"col medium-3 small-3 large-3\"  >\n\t\t\t\t<div class=\"col-inner\"  >\n\t\t\t\n\t\t\t\n\n<p class=\"downloads-app-version-released-at\">&#8230;<\/p>\n\n\t\t<\/div>\n\t\t\t\t\t<\/div>\n\n\t\n\n\t<div id=\"col-1184678763\" class=\"col medium-3 small-9 large-3\"  >\n\t\t\t\t<div class=\"col-inner\"  >\n\t\t\t\n\t\t\t\n\n<a href=\"https:\/\/platform.vawlt.io\/downloads\/linux\/vawlt-installer.rpm\" target=\"_self\" class=\"button primary expand white-color\"  style=\"border-radius:10px;\">\n    <span>Descargar<\/span>\n  <i class=\"icon-angle-down\" ><\/i><\/a>\n\n\n\n\t\t<\/div>\n\t\t\t\t\t<\/div>\n\n\t\n\n<\/div>\n<div class=\"row\"  id=\"row-1035051567\">\n\n\n\t<div id=\"col-492821666\" class=\"col medium-3 small-3 large-3\"  >\n\t\t\t\t<div class=\"col-inner\"  >\n\t\t\t\n\t\t\t\n\n\t<div id=\"text-493944070\" class=\"text\">\n\t\t\n\n<a href=\"https:\/\/platform.vawlt.io\/downloads\/linux\/vawlt-linux.zip\"><span class=\"downloads-app-version\"><strong>&#8230;<\/strong><\/p><\/a>\n\t\t\n<style>\n#text-493944070 {\n  color: rgb(48, 100, 137);\n}\n#text-493944070 > * {\n  color: rgb(48, 100, 137);\n}\n<\/style>\n\t<\/div>\n\t\n\n\t\t<\/div>\n\t\t\t\t\t<\/div>\n\n\t\n\n\t<div id=\"col-1015574270\" class=\"col medium-3 small-3 large-3\"  >\n\t\t\t\t<div class=\"col-inner\"  >\n\t\t\t\n\t\t\t\n\n<p> Linux (binaries)<\/p>\n\n\t\t<\/div>\n\t\t\t\t\t<\/div>\n\n\t\n\n\t<div id=\"col-109120575\" class=\"col medium-3 small-3 large-3\"  >\n\t\t\t\t<div class=\"col-inner\"  >\n\t\t\t\n\t\t\t\n\n<p class=\"downloads-app-version-released-at\">&#8230;<\/p>\n\n\t\t<\/div>\n\t\t\t\t\t<\/div>\n\n\t\n\n\t<div id=\"col-1155363731\" class=\"col medium-3 small-9 large-3\"  >\n\t\t\t\t<div class=\"col-inner\"  >\n\t\t\t\n\t\t\t\n\n<a href=\"https:\/\/platform.vawlt.io\/downloads\/linux\/vawlt-linux.zip\" target=\"_self\" class=\"button primary expand white-color\"  style=\"border-radius:10px;\">\n    <span>Descargar<\/span>\n  <i class=\"icon-angle-down\" ><\/i><\/a>\n\n\n\n\t\t<\/div>\n\t\t\t\t\t<\/div>\n\n\t\n\n<\/div>\n<div class=\"row\"  id=\"row-143534057\">\n\n\n\t<div id=\"col-742386113\" class=\"col small-12 large-12\"  >\n\t\t\t\t<div class=\"col-inner\"  >\n\t\t\t\n\t\t\t\n\n<div class=\"accordion\" rel=\"\">\n\n<div class=\"accordion-item\"><a href=\"#\" class=\"accordion-title plain\"><button class=\"toggle\"><i class=\"icon-angle-down\"><\/i><\/button><span>Release Notes<\/span><\/a><div class=\"accordion-inner\">\n\n\t<div id=\"text-1675822075\" class=\"text\">\n\t\t\n\n<div>Improvements\/Changes:<\/div>\n<div>\u00a0<\/div>\n<div>&#8211; Added support for new public clouds (Scaleway, IONOS, Impossible Cloud) and a new private cloud (MinIO).<\/div>\n<div>&#8211; Immutability duration can now be configured when applying object immutability by policy.<\/div>\n<div>&#8211; Added support for session lock, allowing the Storage Agent to remain active while preventing changes to deployment configuration.<\/div>\n<div>&#8211; Improved upload performance for workloads involving a large number of small objects.<\/div>\n<div>&#8211; Improved download performance, with notable gains for large object workloads.<\/div>\n<div>&#8211; Enhanced multipart upload support in the S3-compatible API.<\/div>\n<div>&#8211; Enhanced data synchronizer capabilities:<\/div>\n<div>&#8211; Added support for copying file security descriptors over SMB.<\/div>\n<div>&#8211; Introduced a new heuristic to skip file copies when only timestamp changes are detected but content remains unchanged.<\/div>\n<div>&#8211; Improved user email reporting for synchronization results.<\/div>\n<div>\u00a0<\/div>\n<div>Resolved Issues:<\/div>\n<div>\u00a0<\/div>\n<div>&#8211; Fixed a problem that caused an error during the installation of the Storage Agent.<\/div>\n<div>&#8211; Fixed an issue during volume rollback that prevented files from being moved to the trash.<\/div>\n<div>&#8211; Fixed an issue that prevented the trash policy from properly cleaning deleted objects.<\/div>\n<div>&#8211; Fixed a concurrency issue that caused metadata to merge incorrectly.<\/div>\n<div>&#8211; Other minor bug fixes to improve overall stability and performance.<\/div>\n\t\t\n<style>\n#text-1675822075 {\n  color: rgb(48, 100, 137);\n}\n#text-1675822075 > * {\n  color: rgb(48, 100, 137);\n}\n<\/style>\n\t<\/div>\n\t\n\n<\/div><\/div>\n\n<\/div>\n\n\t\t<\/div>\n\t\t\t\t\t<\/div>\n\n\t\n\n<\/div>\n\n\t\t<\/div>\n\n\t\t\n<style>\n#section_1924727210 {\n  padding-top: 30px;\n  padding-bottom: 30px;\n}\n<\/style>\n\t<\/section>\n\t\n\t<section class=\"section\" id=\"section_1129233687\">\n\t\t<div class=\"bg section-bg fill bg-fill  bg-loaded\" >\n\n\t\t\t\n\t\t\t\n\t\t\t\n\n\t\t<\/div>\n\n\t\t<div class=\"section-content relative\">\n\t\t\t\n\n\t<div id=\"gap-200815292\" class=\"gap-element clearfix\" style=\"display:block; height:auto;\">\n\t\t\n<style>\n#gap-200815292 {\n  padding-top: 40px;\n}\n<\/style>\n\t<\/div>\n\t\n\n<div class=\"row row-collapse align-middle\"  id=\"row-971880724\">\n\n\n\t<div id=\"col-1136364273\" class=\"col medium-6 small-12 large-6\"  >\n\t\t\t\t<div class=\"col-inner text-left\"  >\n\t\t\t\n\t\t\t\n\n\t<div id=\"text-3062615847\" class=\"text\">\n\t\t\n\n<h3 style=\"font-weight: 600;\">No deje que el ransomware detenga a su empresa<\/h3>\n\t\t\n<style>\n#text-3062615847 {\n  font-size: 1rem;\n  text-align: center;\n}\n@media (min-width:550px) {\n  #text-3062615847 {\n    text-align: left;\n  }\n}\n<\/style>\n\t<\/div>\n\t\n\t<div id=\"text-1499603803\" class=\"text\">\n\t\t\n\n<h2><span style=\"font-weight: 600; color: #21bffc;\">Es f\u00e1cil<\/span><span style=\"font-weight: 600; color: #000000;\">\u00a0empezar.<br \/><\/span><\/h2>\n\t\t\n<style>\n#text-1499603803 {\n  font-size: 1.6rem;\n  text-align: center;\n}\n@media (min-width:550px) {\n  #text-1499603803 {\n    text-align: left;\n  }\n}\n<\/style>\n\t<\/div>\n\t\n\n\t\t<\/div>\n\t\t\t\t\n<style>\n#col-1136364273 > .col-inner {\n  padding: 0px 20px 0px 20px;\n}\n@media (min-width:550px) {\n  #col-1136364273 > .col-inner {\n    padding: 0px 0px 0px 20px;\n  }\n}\n<\/style>\n\t<\/div>\n\n\t\n\n\t<div id=\"col-1260457739\" class=\"col hide-for-medium medium-6 small-12 large-6\"  >\n\t\t\t\t<div class=\"col-inner text-right\"  >\n\t\t\t\n\t\t\t\n\n<a href=\"http:\/\/vawlt.io\/es\/obtener-una-demo\/\" target=\"_self\" class=\"button primary is-large\"  style=\"border-radius:5px;\">\n    <span>Obtener una demo<\/span>\n  <\/a>\n\n\n\n\t\t<\/div>\n\t\t\t\t\n<style>\n#col-1260457739 > .col-inner {\n  padding: 0px 20px 0px 20px;\n}\n@media (min-width:550px) {\n  #col-1260457739 > .col-inner {\n    padding: 0px 20px 0px 0px;\n  }\n}\n<\/style>\n\t<\/div>\n\n\t\n\n\t<div id=\"col-1622340093\" class=\"col show-for-medium hide-for-small medium-6 small-12 large-6\"  >\n\t\t\t\t<div class=\"col-inner text-right\"  >\n\t\t\t\n\t\t\t\n\n<a href=\"http:\/\/vawlt.io\/es\/obtener-una-demo\/\" target=\"_self\" class=\"button primary\"  style=\"border-radius:5px;\">\n    <span>Obtener una demo<\/span>\n  <\/a>\n\n\n\n\t\t<\/div>\n\t\t\t\t\n<style>\n#col-1622340093 > .col-inner {\n  padding: 0px 20px 0px 20px;\n}\n@media (min-width:550px) {\n  #col-1622340093 > .col-inner {\n    padding: 0px 20px 0px 0px;\n  }\n}\n<\/style>\n\t<\/div>\n\n\t\n\n\t<div id=\"col-1909306901\" class=\"col show-for-small medium-6 small-12 large-6\"  >\n\t\t\t\t<div class=\"col-inner text-center\"  >\n\t\t\t\n\t\t\t\n\n\t<div id=\"gap-727907296\" class=\"gap-element clearfix\" style=\"display:block; height:auto;\">\n\t\t\n<style>\n#gap-727907296 {\n  padding-top: 23px;\n}\n@media (min-width:550px) {\n  #gap-727907296 {\n    padding-top: 40px;\n  }\n}\n<\/style>\n\t<\/div>\n\t\n\n<a href=\"http:\/\/vawlt.io\/es\/obtener-una-demo\/\" target=\"_self\" class=\"button primary is-small\"  style=\"border-radius:5px;\">\n    <span>Obtener una demo<\/span>\n  <\/a>\n\n\n\n\t\t<\/div>\n\t\t\t\t\n<style>\n#col-1909306901 > .col-inner {\n  padding: 0px 20px 0px 20px;\n}\n@media (min-width:550px) {\n  #col-1909306901 > .col-inner {\n    padding: 0px 20px 0px 0px;\n  }\n}\n<\/style>\n\t<\/div>\n\n\t\n\n<\/div>\n\n\t\t<\/div>\n\n\t\t\n<style>\n#section_1129233687 {\n  padding-top: 30px;\n  padding-bottom: 30px;\n  background-color: rgb(244, 247, 249);\n}\n<\/style>\n\t<\/section>","protected":false},"excerpt":{"rendered":"","protected":false},"author":8,"featured_media":0,"parent":0,"menu_order":0,"comment_status":"closed","ping_status":"closed","template":"page-blank.php","meta":{"footnotes":""},"class_list":["post-722","page","type-page","status-publish","hentry"],"yoast_head":"<!-- This site is optimized with the Yoast SEO plugin v26.2 - https:\/\/yoast.com\/wordpress\/plugins\/seo\/ -->\n<title>Download Vawlt for macOS, Windows, Linux | Multicloud Storage | Vawlt<\/title>\n<meta name=\"description\" content=\"Download Vawlt for different platforms to interact with your data volumes. Vawlt\u2019s software agent is available for download for several platforms.\" \/>\n<meta name=\"robots\" content=\"index, follow, max-snippet:-1, max-image-preview:large, max-video-preview:-1\" \/>\n<link rel=\"canonical\" href=\"https:\/\/vawlt.io\/es\/descargas\/\" \/>\n<meta property=\"og:locale\" content=\"es_ES\" \/>\n<meta property=\"og:type\" content=\"article\" \/>\n<meta property=\"og:title\" content=\"Download Vawlt for macOS, Windows, Linux | Multicloud Storage | Vawlt\" \/>\n<meta property=\"og:description\" content=\"Download Vawlt for different platforms to interact with your data volumes. Vawlt\u2019s software agent is available for download for several platforms.\" \/>\n<meta property=\"og:url\" content=\"https:\/\/vawlt.io\/es\/descargas\/\" \/>\n<meta property=\"og:site_name\" content=\"Vawlt\" \/>\n<meta property=\"article:publisher\" content=\"https:\/\/www.facebook.com\/vawlt\" \/>\n<meta property=\"article:modified_time\" content=\"2026-03-12T17:50:44+00:00\" \/>\n<meta property=\"og:image\" content=\"https:\/\/vawlt.io\/wp-content\/uploads\/2021\/09\/mockup.png\" \/>\n\t<meta property=\"og:image:width\" content=\"500\" \/>\n\t<meta property=\"og:image:height\" content=\"256\" \/>\n\t<meta property=\"og:image:type\" content=\"image\/png\" \/>\n<meta name=\"twitter:card\" content=\"summary_large_image\" \/>\n<meta name=\"twitter:site\" content=\"@vawltio\" \/>\n<meta name=\"twitter:label1\" content=\"Tiempo de lectura\" \/>\n\t<meta name=\"twitter:data1\" content=\"2 minutos\" \/>\n<!-- \/ Yoast SEO plugin. -->","yoast_head_json":{"title":"Descargar Vawlt para macOS, Windows, Linux | Almacenamiento Multicloud | Vawlt","description":"Descargue Vawlt para diferentes plataformas para interactuar con sus vol\u00famenes de datos. El agente de software de Vawlt est\u00e1 disponible para su descarga para varias plataformas.","robots":{"index":"index","follow":"follow","max-snippet":"max-snippet:-1","max-image-preview":"max-image-preview:large","max-video-preview":"max-video-preview:-1"},"canonical":"https:\/\/vawlt.io\/es\/descargas\/","og_locale":"es_ES","og_type":"article","og_title":"Download Vawlt for macOS, Windows, Linux | Multicloud Storage | Vawlt","og_description":"Download Vawlt for different platforms to interact with your data volumes. Vawlt\u2019s software agent is available for download for several platforms.","og_url":"https:\/\/vawlt.io\/es\/descargas\/","og_site_name":"Vawlt","article_publisher":"https:\/\/www.facebook.com\/vawlt","article_modified_time":"2026-03-12T17:50:44+00:00","og_image":[{"width":500,"height":256,"url":"https:\/\/vawlt.io\/wp-content\/uploads\/2021\/09\/mockup.png","type":"image\/png"}],"twitter_card":"summary_large_image","twitter_site":"@vawltio","twitter_misc":{"Tiempo de lectura":"2 minutos"},"schema":{"@context":"https:\/\/schema.org","@graph":[{"@type":"WebPage","@id":"https:\/\/vawlt.io\/downloads\/","url":"https:\/\/vawlt.io\/downloads\/","name":"Descargar Vawlt para macOS, Windows, Linux | Almacenamiento Multicloud | Vawlt","isPartOf":{"@id":"https:\/\/site-temp.vawlt.io\/#website"},"datePublished":"2021-08-16T13:37:30+00:00","dateModified":"2026-03-12T17:50:44+00:00","description":"Descargue Vawlt para diferentes plataformas para interactuar con sus vol\u00famenes de datos. El agente de software de Vawlt est\u00e1 disponible para su descarga para varias plataformas.","breadcrumb":{"@id":"https:\/\/vawlt.io\/downloads\/#breadcrumb"},"inLanguage":"es","potentialAction":[{"@type":"ReadAction","target":["https:\/\/vawlt.io\/downloads\/"]}]},{"@type":"BreadcrumbList","@id":"https:\/\/vawlt.io\/downloads\/#breadcrumb","itemListElement":[{"@type":"ListItem","position":1,"name":"Home","item":"https:\/\/vawlt.io\/"},{"@type":"ListItem","position":2,"name":"Downloads"}]},{"@type":"WebSite","@id":"https:\/\/site-temp.vawlt.io\/#website","url":"https:\/\/site-temp.vawlt.io\/","name":"Vawlt","description":"Soluci\u00f3n de almacenamiento de datos multicloud que simplifica la transici\u00f3n a la nube, mejora los est\u00e1ndares de seguridad y optimiza el uso de los recursos de almacenamiento.","publisher":{"@id":"https:\/\/site-temp.vawlt.io\/#organization"},"potentialAction":[{"@type":"SearchAction","target":{"@type":"EntryPoint","urlTemplate":"https:\/\/site-temp.vawlt.io\/?s={search_term_string}"},"query-input":{"@type":"PropertyValueSpecification","valueRequired":true,"valueName":"search_term_string"}}],"inLanguage":"es"},{"@type":"Organization","@id":"https:\/\/site-temp.vawlt.io\/#organization","name":"Vawlt","url":"https:\/\/site-temp.vawlt.io\/","logo":{"@type":"ImageObject","inLanguage":"es","@id":"https:\/\/site-temp.vawlt.io\/#\/schema\/logo\/image\/","url":"http:\/\/vawlt.io\/wp-content\/uploads\/2021\/08\/logo_vawlt_business.png","contentUrl":"http:\/\/vawlt.io\/wp-content\/uploads\/2021\/08\/logo_vawlt_business.png","width":576,"height":92,"caption":"Vawlt"},"image":{"@id":"https:\/\/site-temp.vawlt.io\/#\/schema\/logo\/image\/"},"sameAs":["https:\/\/www.facebook.com\/vawlt","https:\/\/x.com\/vawltio","https:\/\/www.linkedin.com\/company\/vawlt","https:\/\/www.youtube.com\/channel\/UCYzlYYg7j_07CFi8Be0eAMw"]}]}},"_links":{"self":[{"href":"https:\/\/vawlt.io\/es\/wp-json\/wp\/v2\/pages\/722","targetHints":{"allow":["GET"]}}],"collection":[{"href":"https:\/\/vawlt.io\/es\/wp-json\/wp\/v2\/pages"}],"about":[{"href":"https:\/\/vawlt.io\/es\/wp-json\/wp\/v2\/types\/page"}],"author":[{"embeddable":true,"href":"https:\/\/vawlt.io\/es\/wp-json\/wp\/v2\/users\/8"}],"replies":[{"embeddable":true,"href":"https:\/\/vawlt.io\/es\/wp-json\/wp\/v2\/comments?post=722"}],"version-history":[{"count":60,"href":"https:\/\/vawlt.io\/es\/wp-json\/wp\/v2\/pages\/722\/revisions"}],"predecessor-version":[{"id":6046,"href":"https:\/\/vawlt.io\/es\/wp-json\/wp\/v2\/pages\/722\/revisions\/6046"}],"wp:attachment":[{"href":"https:\/\/vawlt.io\/es\/wp-json\/wp\/v2\/media?parent=722"}],"curies":[{"name":"wp","href":"https:\/\/api.w.org\/{rel}","templated":true}]}}