{"id":729,"date":"2021-08-16T14:17:09","date_gmt":"2021-08-16T14:17:09","guid":{"rendered":"http:\/\/vawlt.io\/?page_id=729"},"modified":"2022-03-04T17:20:49","modified_gmt":"2022-03-04T17:20:49","slug":"help-center","status":"publish","type":"page","link":"https:\/\/vawlt.io\/es\/support\/centro-de-ayuda\/","title":{"rendered":"Centro de ayuda"},"content":{"rendered":"<section class=\"section dark\" id=\"section_1770386023\">\n\t\t<div class=\"bg section-bg fill bg-fill  bg-loaded\" >\n\n\t\t\t\n\t\t\t\n\t\t\t\n\n\t\t<\/div>\n\n\t\t<div class=\"section-content relative\">\n\t\t\t\n\n<div class=\"row\"  id=\"row-1395361251\">\n\n\n\t<div id=\"col-2804949\" class=\"col small-12 large-12\"  >\n\t\t\t\t<div class=\"col-inner\"  >\n\t\t\t\n\t\t\t\n\n\t<div id=\"text-1896134558\" class=\"text\">\n\t\t\n\n<h1><strong>Centro de Ayuda de Vawlt<\/strong><\/h1>\n\t\t\n<style>\n#text-1896134558 {\n  font-size: 1.6rem;\n}\n<\/style>\n\t<\/div>\n\t\n<p class=\"translation-block\">\u00a1Bienvenido al <strong>Centro de Ayuda de Vawlt<\/strong>! Aqu\u00ed puede solucionar una serie de problemas, ver las <strong>Preguntas Frecuentes<\/strong> y ver <strong>v\u00eddeo tutoriales<\/strong> que pueden ayudarlo durante el proceso de configuraci\u00f3n. Adem\u00e1s, <strong>nuestro equipo est\u00e1 disponible<\/strong> para ayudarlo si lo necesita.<\/p>\n\n\t\t<\/div>\n\t\t\t\t\n<style>\n#col-2804949 > .col-inner {\n  padding: 50px 20px 20px 20px;\n}\n@media (min-width:850px) {\n  #col-2804949 > .col-inner {\n    padding: 80px 0px 45px 0px;\n  }\n}\n<\/style>\n\t<\/div>\n\n\t\n\n<\/div>\n\n\t\t<\/div>\n\n\t\t\n<style>\n#section_1770386023 {\n  padding-top: 0px;\n  padding-bottom: 0px;\n  background-color: rgb(48, 100, 137);\n}\n<\/style>\n\t<\/section>\n\t\n\t<section class=\"section\" id=\"section_1809391256\">\n\t\t<div class=\"bg section-bg fill bg-fill  bg-loaded\" >\n\n\t\t\t\n\t\t\t\n\t\t\t\n\n\t\t<\/div>\n\n\t\t<div class=\"section-content relative\">\n\t\t\t\n\n<div class=\"row\"  id=\"row-171342191\">\n\n\n\t<div id=\"col-1430907553\" class=\"col small-12 large-12\"  >\n\t\t\t\t<div class=\"col-inner\"  >\n\t\t\t\n\t\t\t\n\n\t<div id=\"text-4163704247\" class=\"text\">\n\t\t\n\n<h2><strong>Preguntas Frecuentes<\/strong><\/h2>\n\t\t\n<style>\n#text-4163704247 {\n  font-size: 1.2rem;\n}\n<\/style>\n\t<\/div>\n\t\n<div class=\"accordion\" rel=\"1\">\n\n<div class=\"accordion-item tabs-css\"><a href=\"#\" class=\"accordion-title plain\"><button class=\"toggle\"><i class=\"icon-angle-down\"><\/i><\/button><span>\u00bfC\u00f3mo puedo empezar a usar Vawlt para almacenar datos?<\/span><\/a><div class=\"accordion-inner\">\n\n<p>Para que usted utilice Vawlt, debe ocurrir todo lo siguiente:<\/p>\n<ol>\n<li>El administrador de su empresa debe a\u00f1adirlo como usuario de la empresa,<\/li>\n<li>Debe activar su cuenta configurando su contrase\u00f1a, a trav\u00e9s del enlace que recibir\u00e1 en su correo electr\u00f3nico,<\/li>\n<li>El administrador de su empresa debe otorgarle acceso a uno o m\u00e1s vol\u00famenes de datos,<\/li>\n<li>Debe descargar e instalar el software de Vawlt en los dispositivos a los que desea acceder a los vol\u00famenes de datos a los que se le otorg\u00f3 acceso,<\/li>\n<li>Debe iniciar sesi\u00f3n en su cuenta.<\/li>\n<\/ol>\n\n<\/div><\/div>\n<div class=\"accordion-item\"><a href=\"#\" class=\"accordion-title plain\"><button class=\"toggle\"><i class=\"icon-angle-down\"><\/i><\/button><span>\u00bfPor qu\u00e9 necesito descargar e instalar Vawlt para acceder a mis datos?<\/span><\/a><div class=\"accordion-inner\">\n\n<p>Porque Vawlt tiene una arquitectura centrada en datos. Esto significa que todos los datos que almacena con Vawlt nunca pasar\u00e1n por nuestros servidores; viaja directamente entre sus dispositivos y los proveedores de nube utilizados en cada volumen.<\/p>\n\n<\/div><\/div>\n<div class=\"accordion-item\"><a href=\"#\" class=\"accordion-title plain\"><button class=\"toggle\"><i class=\"icon-angle-down\"><\/i><\/button><span>\u00bfPuedo compartir carpetas con otros usuarios?<\/span><\/a><div class=\"accordion-inner\">\n\n<p>S\u00ed, si la carpeta est\u00e1 vac\u00eda cuando inicia el uso compartido. En el dispositivo que est\u00e1 utilizando para acceder a Vawlt, vaya a la carpeta ra\u00edz de Vawlt y cree una nueva carpeta en su interior. Luego, haga clic derecho en la carpeta y vaya a Vawlt &gt;&gt; Share para a\u00f1adir miembros a esta carpeta. Despu\u00e9s puede comenzar a a\u00f1adir contenido a esa carpeta y tambi\u00e9n a\u00f1adir y eliminar usuarios.<\/p>\n\n<\/div><\/div>\n<div class=\"accordion-item\"><a href=\"#\" class=\"accordion-title plain\"><button class=\"toggle\"><i class=\"icon-angle-down\"><\/i><\/button><span>\u00bfPuedo acceder a Vawlt en varios dispositivos?<\/span><\/a><div class=\"accordion-inner\">\n\n<p>S\u00ed, puede iniciar sesi\u00f3n en su cuenta de Vawlt en varios dispositivos. Todos los dispositivos podr\u00e1n interactuar con los vol\u00famenes a los que se le otorg\u00f3 acceso.<\/p>\n\n<\/div><\/div>\n<div class=\"accordion-item\"><a href=\"#\" class=\"accordion-title plain\"><button class=\"toggle\"><i class=\"icon-angle-down\"><\/i><\/button><span>\u00bfD\u00f3nde se almacenan mis datos?<\/span><\/a><div class=\"accordion-inner\">\n\n<p>Para cada volumen, sus datos se almacenar\u00e1n en los proveedores y ubicaciones que el administrador de su empresa seleccion\u00f3 para ese volumen espec\u00edfico. Para obtener m\u00e1s informaci\u00f3n, p\u00f3ngase en contacto con el administrador de su empresa.<\/p>\n\n<\/div><\/div>\n<div class=\"accordion-item\"><a href=\"#\" class=\"accordion-title plain\"><button class=\"toggle\"><i class=\"icon-angle-down\"><\/i><\/button><span>\u00bfQu\u00e9 sucede si yo o alguien con quien estoy compartiendo elimina un archivo o carpeta?<\/span><\/a><div class=\"accordion-inner\">\n\n<p>El archivo o la carpeta se eliminan de forma permanente y no hay vuelta atr\u00e1s.<\/p>\n\n<\/div><\/div>\n<div class=\"accordion-item\"><a href=\"#\" class=\"accordion-title plain\"><button class=\"toggle\"><i class=\"icon-angle-down\"><\/i><\/button><span>He olvidado mi contrase\u00f1a, \u00bfqu\u00e9 debo hacer?<\/span><\/a><div class=\"accordion-inner\">\n\n<p>En caso de que pierda u olvide su contrase\u00f1a, le ayudaremos a configurar una nueva. Cuando inicia sesi\u00f3n por primera vez en Vawlt utilizando nuestro software, le proporcionamos un secreto que solo se muestra una vez y que le recomendamos que guarde en un lugar seguro. Cuando solicite un restablecimiento de contrase\u00f1a en la pantalla de inicio de sesi\u00f3n de su software de Vawlt, iniciaremos un proceso de restablecimiento seguro que, en alg\u00fan momento, le pedir\u00e1 el secreto antes mencionado.<\/p>\n\n<\/div><\/div>\n<div class=\"accordion-item\"><a href=\"#\" class=\"accordion-title plain\"><button class=\"toggle\"><i class=\"icon-angle-down\"><\/i><\/button><span>\u00bfPuedo interactuar con Vawlt a trav\u00e9s de la l\u00ednea de comandos?<\/span><\/a><div class=\"accordion-inner\">\n\n<p>S\u00ed, Vawlt tiene una interfaz de l\u00ednea de comandos (CLI) disponible para su uso. Para obtener m\u00e1s detalles, descargue nuestra Gu\u00eda CLI de Vawlt.<\/p>\n\n<\/div><\/div>\n\n<\/div>\n\n\t\t<\/div>\n\t\t\t\t\n<style>\n#col-1430907553 > .col-inner {\n  padding: 0px 20px 0px 20px;\n}\n<\/style>\n\t<\/div>\n\n\t\n\n<\/div>\n\n\t\t<\/div>\n\n\t\t\n<style>\n#section_1809391256 {\n  padding-top: 50px;\n  padding-bottom: 50px;\n  background-color: rgb(255, 255, 255);\n}\n@media (min-width:550px) {\n  #section_1809391256 {\n    padding-top: 50px;\n    padding-bottom: 50px;\n  }\n}\n@media (min-width:850px) {\n  #section_1809391256 {\n    padding-top: 80px;\n    padding-bottom: 80px;\n  }\n}\n<\/style>\n\t<\/section>\n\t\n\t<section class=\"section\" id=\"section_1271527494\">\n\t\t<div class=\"bg section-bg fill bg-fill  bg-loaded\" >\n\n\t\t\t\n\t\t\t\n\t\t\t\n\n\t\t<\/div>\n\n\t\t<div class=\"section-content relative\">\n\t\t\t\n\n<div class=\"row\"  id=\"row-689326776\">\n\n\n\t<div id=\"col-854824666\" class=\"col medium-6 small-12 large-6 small-col-first\"  >\n\t\t\t\t<div class=\"col-inner\"  >\n\t\t\t\n\t\t\t\n\n\t<div class=\"img has-hover x md-x lg-x y md-y lg-y\" id=\"image_114263572\">\n\t\t\t\t\t\t\t\t<div class=\"img-inner dark\" >\n\t\t\t<img loading=\"lazy\" decoding=\"async\" width=\"935\" height=\"727\" src=\"https:\/\/vawlt.io\/wp-content\/uploads\/2021\/09\/docs.png\" class=\"attachment-large size-large\" alt=\"\" srcset=\"https:\/\/vawlt.io\/wp-content\/uploads\/2021\/09\/docs.png 935w, https:\/\/vawlt.io\/wp-content\/uploads\/2021\/09\/docs-300x233.png 300w, https:\/\/vawlt.io\/wp-content\/uploads\/2021\/09\/docs-768x597.png 768w\" sizes=\"auto, (max-width: 935px) 100vw, 935px\" \/>\t\t\t\t\t\t\n\t\t\t\t\t<\/div>\n\t\t\t\t\t\t\t\t\n<style>\n#image_114263572 {\n  width: 100%;\n}\n<\/style>\n\t<\/div>\n\t\n\n\n\t\t<\/div>\n\t\t\t\t\n<style>\n#col-854824666 > .col-inner {\n  padding: 0px 20px 0px 20px;\n}\n@media (min-width:550px) {\n  #col-854824666 > .col-inner {\n    padding: 0px 0px 0px 20px;\n  }\n}\n<\/style>\n\t<\/div>\n\n\t\n\n\t<div id=\"col-31920437\" class=\"col medium-6 small-12 large-6\"  >\n\t\t\t\t<div class=\"col-inner\"  >\n\t\t\t\n\t\t\t\n\n\t<div id=\"text-2296279215\" class=\"text\">\n\t\t\n\n<h2><strong>Vawlt Docs<\/strong><\/h2>\n\t\t\n<style>\n#text-2296279215 {\n  font-size: 1.2rem;\n}\n<\/style>\n\t<\/div>\n\t\n<div class=\"h20-guide-plank-core__text\">\n<p>Descubra nuestra extensa documentaci\u00f3n relacionada con todos los aspectos de la Plataforma Din\u00e1mica de Almacenamiento y el agente de software de Vawlt.<\/p>\n<\/div>\n<a rel=\"noopener noreferrer\" href=\"https:\/\/docs.vawlt.io\" target=\"_blank\" class=\"button primary is-outline\"  style=\"border-radius:5px;\">\n    <span>Ver la documentaci\u00f3n<\/span>\n  <\/a>\n\n\n\n\t\t<\/div>\n\t\t\t\t\n<style>\n#col-31920437 > .col-inner {\n  padding: 0px 20px 0px 20px;\n}\n@media (min-width:550px) {\n  #col-31920437 > .col-inner {\n    padding: 0px 20px 0px 0px;\n  }\n}\n<\/style>\n\t<\/div>\n\n\t\n\n<\/div>\n\n\t\t<\/div>\n\n\t\t\n<style>\n#section_1271527494 {\n  padding-top: 50px;\n  padding-bottom: 50px;\n  background-color: rgb(248, 250, 250);\n}\n@media (min-width:850px) {\n  #section_1271527494 {\n    padding-top: 80px;\n    padding-bottom: 80px;\n  }\n}\n<\/style>\n\t<\/section>\n\t\n\t<section class=\"section\" id=\"section_2121003069\">\n\t\t<div class=\"bg section-bg fill bg-fill  bg-loaded\" >\n\n\t\t\t\n\t\t\t\n\t\t\t\n\n\t\t<\/div>\n\n\t\t<div class=\"section-content relative\">\n\t\t\t\n\n<div class=\"row\"  id=\"row-707328499\">\n\n\n\t<div id=\"col-148231381\" class=\"col medium-6 small-12 large-6\"  >\n\t\t\t\t<div class=\"col-inner\"  >\n\t\t\t\n\t\t\t\n\n\t<div id=\"text-2696625152\" class=\"text\">\n\t\t\n\n<h2><strong>V\u00eddeo tutoriales de Vawlt<\/strong><\/h2>\n\t\t\n<style>\n#text-2696625152 {\n  font-size: 1.2rem;\n}\n<\/style>\n\t<\/div>\n\t\n<div class=\"h20-guide-plank-core__text\">\n<p>Consulte nuestros v\u00eddeo tutoriales que pueden ayudarlo a aprender conceptos b\u00e1sicos y funciones avanzadas.<\/p>\n<\/div>\n<a href=\"\/es\/support\/tutorials\/\" target=\"_self\" class=\"button primary is-outline\"  style=\"border-radius:5px;\">\n    <span>Ver v\u00eddeos<\/span>\n  <\/a>\n\n\n\n\t\t<\/div>\n\t\t\t\t\n<style>\n#col-148231381 > .col-inner {\n  padding: 0px 20px 0px 20px;\n}\n@media (min-width:550px) {\n  #col-148231381 > .col-inner {\n    padding: 0px 0px 0px 20px;\n  }\n}\n<\/style>\n\t<\/div>\n\n\t\n\n\t<div id=\"col-1111909488\" class=\"col medium-6 small-12 large-6 small-col-first\"  >\n\t\t\t\t<div class=\"col-inner\"  >\n\t\t\t\n\t\t\t\n\n\t<div class=\"img has-hover x md-x lg-x y md-y lg-y\" id=\"image_339461488\">\n\t\t\t\t\t\t\t\t<div class=\"img-inner dark\" >\n\t\t\t<img loading=\"lazy\" decoding=\"async\" width=\"935\" height=\"727\" src=\"https:\/\/vawlt.io\/wp-content\/uploads\/2021\/09\/videos-help.png\" class=\"attachment-large size-large\" alt=\"\" srcset=\"https:\/\/vawlt.io\/wp-content\/uploads\/2021\/09\/videos-help.png 935w, https:\/\/vawlt.io\/wp-content\/uploads\/2021\/09\/videos-help-300x233.png 300w, https:\/\/vawlt.io\/wp-content\/uploads\/2021\/09\/videos-help-768x597.png 768w\" sizes=\"auto, (max-width: 935px) 100vw, 935px\" \/>\t\t\t\t\t\t\n\t\t\t\t\t<\/div>\n\t\t\t\t\t\t\t\t\n<style>\n#image_339461488 {\n  width: 100%;\n}\n<\/style>\n\t<\/div>\n\t\n\n\n\t\t<\/div>\n\t\t\t\t\n<style>\n#col-1111909488 > .col-inner {\n  padding: 0px 20px 0px 20px;\n}\n@media (min-width:550px) {\n  #col-1111909488 > .col-inner {\n    padding: 0px 20px 0px 0px;\n  }\n}\n<\/style>\n\t<\/div>\n\n\t\n\n<\/div>\n\n\t\t<\/div>\n\n\t\t\n<style>\n#section_2121003069 {\n  padding-top: 50px;\n  padding-bottom: 50px;\n  background-color: rgb(255, 255, 255);\n}\n@media (min-width:850px) {\n  #section_2121003069 {\n    padding-top: 80px;\n    padding-bottom: 80px;\n  }\n}\n<\/style>\n\t<\/section>\n\t\n\t<section class=\"section\" id=\"section_265498866\">\n\t\t<div class=\"bg section-bg fill bg-fill  bg-loaded\" >\n\n\t\t\t\n\t\t\t\n\t\t\t\n\n\t\t<\/div>\n\n\t\t<div class=\"section-content relative\">\n\t\t\t\n\n\t<div id=\"gap-1823227226\" class=\"gap-element clearfix\" style=\"display:block; height:auto;\">\n\t\t\n<style>\n#gap-1823227226 {\n  padding-top: 40px;\n}\n<\/style>\n\t<\/div>\n\t\n\n<div class=\"row row-collapse align-middle\"  id=\"row-906845122\">\n\n\n\t<div id=\"col-78892668\" class=\"col medium-6 small-12 large-6\"  >\n\t\t\t\t<div class=\"col-inner text-left\"  >\n\t\t\t\n\t\t\t\n\n\t<div id=\"text-3925740089\" class=\"text\">\n\t\t\n\n<h3 style=\"font-weight: 600;\">No deje que el ransomware detenga a su empresa<\/h3>\n\t\t\n<style>\n#text-3925740089 {\n  font-size: 1rem;\n  text-align: center;\n}\n@media (min-width:550px) {\n  #text-3925740089 {\n    text-align: left;\n  }\n}\n<\/style>\n\t<\/div>\n\t\n\t<div id=\"text-3732728447\" class=\"text\">\n\t\t\n\n<h2><span style=\"font-weight: 600; color: #21bffc;\">Es f\u00e1cil<\/span><span style=\"font-weight: 600; color: #000000;\">\u00a0empezar.<br \/><\/span><\/h2>\n\t\t\n<style>\n#text-3732728447 {\n  font-size: 1.6rem;\n  text-align: center;\n}\n@media (min-width:550px) {\n  #text-3732728447 {\n    text-align: left;\n  }\n}\n<\/style>\n\t<\/div>\n\t\n\n\t\t<\/div>\n\t\t\t\t\n<style>\n#col-78892668 > .col-inner {\n  padding: 0px 20px 0px 20px;\n}\n@media (min-width:550px) {\n  #col-78892668 > .col-inner {\n    padding: 0px 0px 0px 20px;\n  }\n}\n<\/style>\n\t<\/div>\n\n\t\n\n\t<div id=\"col-571080945\" class=\"col hide-for-medium medium-6 small-12 large-6\"  >\n\t\t\t\t<div class=\"col-inner text-right\"  >\n\t\t\t\n\t\t\t\n\n<a href=\"http:\/\/vawlt.io\/es\/obtener-una-demo\/\" target=\"_self\" class=\"button primary is-large\"  style=\"border-radius:5px;\">\n    <span>Obtener una demo<\/span>\n  <\/a>\n\n\n\n\t\t<\/div>\n\t\t\t\t\n<style>\n#col-571080945 > .col-inner {\n  padding: 0px 20px 0px 20px;\n}\n@media (min-width:550px) {\n  #col-571080945 > .col-inner {\n    padding: 0px 20px 0px 0px;\n  }\n}\n<\/style>\n\t<\/div>\n\n\t\n\n\t<div id=\"col-1423448927\" class=\"col show-for-medium hide-for-small medium-6 small-12 large-6\"  >\n\t\t\t\t<div class=\"col-inner text-right\"  >\n\t\t\t\n\t\t\t\n\n<a href=\"http:\/\/vawlt.io\/es\/obtener-una-demo\/\" target=\"_self\" class=\"button primary\"  style=\"border-radius:5px;\">\n    <span>Obtener una demo<\/span>\n  <\/a>\n\n\n\n\t\t<\/div>\n\t\t\t\t\n<style>\n#col-1423448927 > .col-inner {\n  padding: 0px 20px 0px 20px;\n}\n@media (min-width:550px) {\n  #col-1423448927 > .col-inner {\n    padding: 0px 20px 0px 0px;\n  }\n}\n<\/style>\n\t<\/div>\n\n\t\n\n\t<div id=\"col-2098565007\" class=\"col show-for-small medium-6 small-12 large-6\"  >\n\t\t\t\t<div class=\"col-inner text-center\"  >\n\t\t\t\n\t\t\t\n\n\t<div id=\"gap-1000974392\" class=\"gap-element clearfix\" style=\"display:block; height:auto;\">\n\t\t\n<style>\n#gap-1000974392 {\n  padding-top: 23px;\n}\n@media (min-width:550px) {\n  #gap-1000974392 {\n    padding-top: 40px;\n  }\n}\n<\/style>\n\t<\/div>\n\t\n\n<a href=\"http:\/\/vawlt.io\/es\/obtener-una-demo\/\" target=\"_self\" class=\"button primary is-small\"  style=\"border-radius:5px;\">\n    <span>Obtener una demo<\/span>\n  <\/a>\n\n\n\n\t\t<\/div>\n\t\t\t\t\n<style>\n#col-2098565007 > .col-inner {\n  padding: 0px 20px 0px 20px;\n}\n@media (min-width:550px) {\n  #col-2098565007 > .col-inner {\n    padding: 0px 20px 0px 0px;\n  }\n}\n<\/style>\n\t<\/div>\n\n\t\n\n<\/div>\n\n\t\t<\/div>\n\n\t\t\n<style>\n#section_265498866 {\n  padding-top: 30px;\n  padding-bottom: 30px;\n  background-color: rgb(244, 247, 249);\n}\n<\/style>\n\t<\/section>","protected":false},"excerpt":{"rendered":"","protected":false},"author":8,"featured_media":0,"parent":2186,"menu_order":0,"comment_status":"closed","ping_status":"closed","template":"page-blank.php","meta":{"footnotes":""},"class_list":["post-729","page","type-page","status-publish","hentry"],"yoast_head":"<!-- This site is optimized with the Yoast SEO plugin v26.2 - https:\/\/yoast.com\/wordpress\/plugins\/seo\/ -->\n<title>Help Center | Support | Multicloud Storage | Vawlt<\/title>\n<meta name=\"description\" content=\"Here you can check the FAQ and see video tutorials that can help you through the configuration process. Also, our team is available to assist you.\" \/>\n<meta name=\"robots\" content=\"index, follow, max-snippet:-1, max-image-preview:large, max-video-preview:-1\" \/>\n<link rel=\"canonical\" href=\"https:\/\/site-temp.vawlt.io\/support\/help-center\/\" \/>\n<meta property=\"og:locale\" content=\"es_ES\" \/>\n<meta property=\"og:type\" content=\"article\" \/>\n<meta property=\"og:title\" content=\"Help Center | Support | Multicloud Storage | Vawlt\" \/>\n<meta property=\"og:description\" content=\"Here you can check the FAQ and see video tutorials that can help you through the configuration process. Also, our team is available to assist you.\" \/>\n<meta property=\"og:url\" content=\"https:\/\/site-temp.vawlt.io\/support\/help-center\/\" \/>\n<meta property=\"og:site_name\" content=\"Vawlt\" \/>\n<meta property=\"article:publisher\" content=\"https:\/\/www.facebook.com\/vawlt\" \/>\n<meta property=\"article:modified_time\" content=\"2022-03-04T17:20:49+00:00\" \/>\n<meta property=\"og:image\" content=\"https:\/\/vawlt.io\/wp-content\/uploads\/2021\/09\/mockup.png\" \/>\n\t<meta property=\"og:image:width\" content=\"500\" \/>\n\t<meta property=\"og:image:height\" content=\"256\" \/>\n\t<meta property=\"og:image:type\" content=\"image\/png\" \/>\n<meta name=\"twitter:card\" content=\"summary_large_image\" \/>\n<meta name=\"twitter:site\" content=\"@vawltio\" \/>\n<meta name=\"twitter:label1\" content=\"Tiempo de lectura\" \/>\n\t<meta name=\"twitter:data1\" content=\"3 minutos\" \/>\n<!-- \/ Yoast SEO plugin. -->","yoast_head_json":{"title":"Centro de Ayuda | Soporte | Almacenamiento Multicloud | Vawlt","description":"Aqu\u00ed puedes consultar las preguntas m\u00e1s frecuentes y ver tutoriales en v\u00eddeo que pueden ayudarte en el proceso de configuraci\u00f3n. Adem\u00e1s, nuestro equipo est\u00e1 disponible para ayudarte.","robots":{"index":"index","follow":"follow","max-snippet":"max-snippet:-1","max-image-preview":"max-image-preview:large","max-video-preview":"max-video-preview:-1"},"canonical":"https:\/\/site-temp.vawlt.io\/support\/help-center\/","og_locale":"es_ES","og_type":"article","og_title":"Help Center | Support | Multicloud Storage | Vawlt","og_description":"Here you can check the FAQ and see video tutorials that can help you through the configuration process. Also, our team is available to assist you.","og_url":"https:\/\/site-temp.vawlt.io\/support\/help-center\/","og_site_name":"Vawlt","article_publisher":"https:\/\/www.facebook.com\/vawlt","article_modified_time":"2022-03-04T17:20:49+00:00","og_image":[{"width":500,"height":256,"url":"https:\/\/vawlt.io\/wp-content\/uploads\/2021\/09\/mockup.png","type":"image\/png"}],"twitter_card":"summary_large_image","twitter_site":"@vawltio","twitter_misc":{"Tiempo de lectura":"3 minutos"},"schema":{"@context":"https:\/\/schema.org","@graph":[{"@type":["WebPage","FAQPage"],"@id":"https:\/\/site-temp.vawlt.io\/support\/help-center\/","url":"https:\/\/site-temp.vawlt.io\/support\/help-center\/","name":"Centro de Ayuda | Soporte | Almacenamiento Multicloud | Vawlt","isPartOf":{"@id":"https:\/\/site-temp.vawlt.io\/#website"},"datePublished":"2021-08-16T14:17:09+00:00","dateModified":"2022-03-04T17:20:49+00:00","description":"Aqu\u00ed puedes consultar las preguntas m\u00e1s frecuentes y ver tutoriales en v\u00eddeo que pueden ayudarte en el proceso de configuraci\u00f3n. Adem\u00e1s, nuestro equipo est\u00e1 disponible para ayudarte.","breadcrumb":{"@id":"https:\/\/site-temp.vawlt.io\/support\/help-center\/#breadcrumb"},"inLanguage":"es","potentialAction":[{"@type":"ReadAction","target":["https:\/\/site-temp.vawlt.io\/support\/help-center\/"]}]},{"@type":"BreadcrumbList","@id":"https:\/\/site-temp.vawlt.io\/support\/help-center\/#breadcrumb","itemListElement":[{"@type":"ListItem","position":1,"name":"Home","item":"https:\/\/vawlt.io\/"},{"@type":"ListItem","position":2,"name":"Support","item":"https:\/\/site-temp.vawlt.io\/support\/"},{"@type":"ListItem","position":3,"name":"Help Center\/FAQ"}]},{"@type":"WebSite","@id":"https:\/\/site-temp.vawlt.io\/#website","url":"https:\/\/site-temp.vawlt.io\/","name":"Vawlt","description":"Soluci\u00f3n de almacenamiento de datos multicloud que simplifica la transici\u00f3n a la nube, mejora los est\u00e1ndares de seguridad y optimiza el uso de los recursos de almacenamiento.","publisher":{"@id":"https:\/\/site-temp.vawlt.io\/#organization"},"potentialAction":[{"@type":"SearchAction","target":{"@type":"EntryPoint","urlTemplate":"https:\/\/site-temp.vawlt.io\/?s={search_term_string}"},"query-input":{"@type":"PropertyValueSpecification","valueRequired":true,"valueName":"search_term_string"}}],"inLanguage":"es"},{"@type":"Organization","@id":"https:\/\/site-temp.vawlt.io\/#organization","name":"Vawlt","url":"https:\/\/site-temp.vawlt.io\/","logo":{"@type":"ImageObject","inLanguage":"es","@id":"https:\/\/site-temp.vawlt.io\/#\/schema\/logo\/image\/","url":"http:\/\/vawlt.io\/wp-content\/uploads\/2021\/08\/logo_vawlt_business.png","contentUrl":"http:\/\/vawlt.io\/wp-content\/uploads\/2021\/08\/logo_vawlt_business.png","width":576,"height":92,"caption":"Vawlt"},"image":{"@id":"https:\/\/site-temp.vawlt.io\/#\/schema\/logo\/image\/"},"sameAs":["https:\/\/www.facebook.com\/vawlt","https:\/\/x.com\/vawltio","https:\/\/www.linkedin.com\/company\/vawlt","https:\/\/www.youtube.com\/channel\/UCYzlYYg7j_07CFi8Be0eAMw"]}]}},"_links":{"self":[{"href":"https:\/\/vawlt.io\/es\/wp-json\/wp\/v2\/pages\/729","targetHints":{"allow":["GET"]}}],"collection":[{"href":"https:\/\/vawlt.io\/es\/wp-json\/wp\/v2\/pages"}],"about":[{"href":"https:\/\/vawlt.io\/es\/wp-json\/wp\/v2\/types\/page"}],"author":[{"embeddable":true,"href":"https:\/\/vawlt.io\/es\/wp-json\/wp\/v2\/users\/8"}],"replies":[{"embeddable":true,"href":"https:\/\/vawlt.io\/es\/wp-json\/wp\/v2\/comments?post=729"}],"version-history":[{"count":34,"href":"https:\/\/vawlt.io\/es\/wp-json\/wp\/v2\/pages\/729\/revisions"}],"predecessor-version":[{"id":2248,"href":"https:\/\/vawlt.io\/es\/wp-json\/wp\/v2\/pages\/729\/revisions\/2248"}],"up":[{"embeddable":true,"href":"https:\/\/vawlt.io\/es\/wp-json\/wp\/v2\/pages\/2186"}],"wp:attachment":[{"href":"https:\/\/vawlt.io\/es\/wp-json\/wp\/v2\/media?parent=729"}],"curies":[{"name":"wp","href":"https:\/\/api.w.org\/{rel}","templated":true}]}}