{"id":764,"date":"2021-08-17T09:44:26","date_gmt":"2021-08-17T09:44:26","guid":{"rendered":"http:\/\/vawlt.io\/?page_id=764"},"modified":"2025-05-14T16:38:11","modified_gmt":"2025-05-14T16:38:11","slug":"privacy-policy","status":"publish","type":"page","link":"https:\/\/vawlt.io\/es\/politica-de-privacidad\/","title":{"rendered":"Pol\u00edtica de Privacidad"},"content":{"rendered":"<section class=\"section\" id=\"section_1648405004\">\n\t\t<div class=\"bg section-bg fill bg-fill  bg-loaded\" >\n\n\t\t\t\n\t\t\t\n\t\t\t\n\n\t\t<\/div>\n\n\t\t<div class=\"section-content relative\">\n\t\t\t\n\n<div class=\"row\"  id=\"row-2047441718\">\n\n\n\t<div id=\"col-440653127\" class=\"col small-12 large-12\"  >\n\t\t\t\t<div class=\"col-inner\"  >\n\t\t\t\n\t\t\t\n\n\t<div id=\"text-732787658\" class=\"text\">\n\t\t\n\n<h1><strong>Pol\u00edtica de privacidad<\/strong><\/h1>\n\t\t\n<style>\n#text-732787658 {\n  font-size: 1.6rem;\n}\n<\/style>\n\t<\/div>\n\t\n\n\t\t<\/div>\n\t\t\t\t\n<style>\n#col-440653127 > .col-inner {\n  padding: 50px 20px 0px 20px;\n}\n@media (min-width:850px) {\n  #col-440653127 > .col-inner {\n    padding: 80px 0px 0px 0px;\n  }\n}\n<\/style>\n\t<\/div>\n\n\t\n\n<\/div>\n<div class=\"row\"  id=\"row-402729892\">\n\n\n\t<div id=\"col-793416848\" class=\"col small-12 large-12\"  >\n\t\t\t\t<div class=\"col-inner\"  >\n\t\t\t\n\t\t\t\n\n<h3>\u00daltima actualizaci\u00f3n 15 de enero de 2020<\/h3>\n<p>Estamos comprometidos a proteger su informaci\u00f3n personal y su derecho a la privacidad. Si tiene alguna pregunta o inquietud sobre nuestra pol\u00edtica o nuestras pr\u00e1cticas con respecto a su informaci\u00f3n personal, contacte con nosotros en <strong>privacy (at) vawlt.io<\/strong>.<\/p>\n<p>Esta pol\u00edtica de privacidad se aplica a toda la informaci\u00f3n recopilada a trav\u00e9s de nuestro sitio web, <a href=\"http:\/\/vawlt.io\/es\/\" target=\"_blank\" rel=\"noopener\">http:\/\/vawlt.io<\/a> y a trav\u00e9s de nuestra plataforma, a la que solo pueden acceder los administradores de nuestros clientes en <a href=\"https:\/\/platform.vawlt.io\/login\" target=\"_blank\" rel=\"noopener\">https:\/\/platform.vawlt.io\/login<\/a>, denominados colectivamente en esta pol\u00edtica de privacidad como \u201cSitio \u201d.<\/p>\n<p>Esta pol\u00edtica de privacidad NO SE APLICA a los datos que almacena utilizando nuestro servicio. Dado que utilizamos un protocolo de cifrado de extremo a extremo de conocimiento cero, no existe una ruta t\u00e9cnica para que tengamos acceso funcional a dichos datos. Para obtener m\u00e1s informaci\u00f3n, consulte nuestros <a href=\"http:\/\/vawlt.io\/es\/condiciones-de-uso\/\">Condiciones de Uso<\/a>.<\/p>\n<p><strong>Lea atentamente esta pol\u00edtica de privacidad, ya que le ayudar\u00e1 a tomar decisiones informadas sobre c\u00f3mo compartir su informaci\u00f3n personal con nosotros.<\/strong><\/p>\n\n\t\t<\/div>\n\t\t\t\t\n<style>\n#col-793416848 > .col-inner {\n  padding: 0px 20px 0px 20px;\n}\n<\/style>\n\t<\/div>\n\n\t\n\n\t<div id=\"col-457042328\" class=\"col small-12 large-12\"  >\n\t\t\t\t<div class=\"col-inner\"  >\n\t\t\t\n\t\t\t\n\n<h4 class=\"uppercase\">1. \u00bfQU\u00c9 INFORMACI\u00d3N RECOPILAMOS? <\/h4>\n<h5>Informaci\u00f3n personal que usted nos proporciona<\/h5>\n<ul>\n<li>Recopilamos el nombre y las direcciones de correo electr\u00f3nico de los usuarios de nuestros clientes, proporcionados por los administradores de los clientes, y necesarios para que ofrezcamos nuestro servicio a nuestros clientes. Esta informaci\u00f3n se almacena de forma segura en nuestras bases de datos, de forma cifrada.<\/li>\n<\/ul>\n<h5>Informaci\u00f3n recopilada autom\u00e1ticamente<\/h5>\n<ul>\n<li>Recopilamos autom\u00e1ticamente informaci\u00f3n an\u00f3nima, como por ejemplo, direcciones IP y \/ o caracter\u00edsticas de los navegadores y dispositivos cuando visita nuestro Sitio.<\/li>\n<li> Con respecto a los usuarios de nuestros clientes, recopilamos el nombre del dispositivo y la direcci\u00f3n IP de los dispositivos utilizados para iniciar sesi\u00f3n en Vawlt a trav\u00e9s de nuestro software, y dicha informaci\u00f3n tambi\u00e9n se almacena de forma segura en nuestras bases de datos, de forma cifrada.<\/li>\n<\/ul>\n\n\t\t<\/div>\n\t\t\t\t\n<style>\n#col-457042328 > .col-inner {\n  padding: 0px 20px 0px 20px;\n}\n<\/style>\n\t<\/div>\n\n\t\n\n\t<div id=\"col-494812326\" class=\"col small-12 large-12\"  >\n\t\t\t\t<div class=\"col-inner\"  >\n\t\t\t\n\t\t\t\n\n<h4 class=\"uppercase\">2. \u00bfC\u00d3MO UTILIZAMOS SU INFORMACI\u00d3N? <\/h4>\n<ul>\n<li>Procesamos su informaci\u00f3n con fines basados en intereses comerciales leg\u00edtimos, el cumplimiento de nuestro contrato con usted, el cumplimiento de nuestras obligaciones legales y \/ o su consentimiento.<\/li>\n<li>Usamos la informaci\u00f3n que recopilamos o recibimos:\n<ul>\n<li>Podemos utilizar su informaci\u00f3n personal para enviarle informaci\u00f3n sobre productos, servicios y nuevas funciones y \/ o informaci\u00f3n sobre cambios en nuestros t\u00e9rminos, condiciones y pol\u00edticas. <\/li>\n<li> Podemos utilizar su informaci\u00f3n para solicitar opini\u00f3n y comunicarnos con usted sobre su uso de nuestro Sitio. <\/li>\n<li> Para hacer cumplir nuestros t\u00e9rminos, condiciones y pol\u00edticas con fines comerciales y \/ o por razones legales. <\/li>\n<li> Para responder a solicitudes legales y prevenir da\u00f1os por motivos legales. Si recibimos una citaci\u00f3n u otra solicitud legal, es posible que debamos inspeccionar los datos que tenemos para determinar c\u00f3mo responder. <\/li>\n<li> Podemos utilizar su informaci\u00f3n para otros fines comerciales, como an\u00e1lisis de datos, identificaci\u00f3n de tendencias de uso, determinaci\u00f3n de la eficacia de nuestras campa\u00f1as promocionales y para evaluar y mejorar nuestro Sitio, productos, servicios, marketing y su experiencia. <\/li><\/ul>\n<\/li>\n<\/ul>\n\n\t\t<\/div>\n\t\t\t\t\n<style>\n#col-494812326 > .col-inner {\n  padding: 0px 20px 0px 20px;\n}\n<\/style>\n\t<\/div>\n\n\t\n\n\t<div id=\"col-1015565743\" class=\"col small-12 large-12\"  >\n\t\t\t\t<div class=\"col-inner\"  >\n\t\t\t\n\t\t\t\n\n<h4 class=\"uppercase\">3. \u00bfSU INFORMACI\u00d3N SER\u00c1 COMPARTIDA CON ALGUIEN? <\/h4>\n<ul>\n<li>Solo compartimos informaci\u00f3n con su consentimiento para cumplir con las leyes, proteger sus derechos o cumplir con las obligaciones comerciales.<\/li>\n<li>Solo compartiremos y divulgaremos su informaci\u00f3n en las siguientes situaciones:\n<ul>\n<li>Podemos divulgar su informaci\u00f3n cuando estemos legalmente obligados a hacerlo para cumplir con la ley aplicable, las solicitudes gubernamentales, un procedimiento judicial, una orden judicial o un proceso legal, as\u00ed como en respuesta a una orden judicial o una citaci\u00f3n (incluso en respuesta a a las autoridades p\u00fablicas para cumplir con los requisitos de seguridad nacional o de aplicaci\u00f3n de la ley). <\/li>\n<li> Intereses vitales y derechos legales. Podemos divulgar su informaci\u00f3n cuando creamos que es necesario investigar, prevenir o tomar medidas con respecto a posibles violaciones de nuestras pol\u00edticas, sospecha de fraude, situaciones que impliquen amenazas potenciales a la seguridad de cualquier persona y actividades ilegales, o como prueba en un litigio en el que estemos implicados. <\/li>\n<li> Podemos compartir o transferir su informaci\u00f3n en relaci\u00f3n con, o durante las negociaciones de, cualquier fusi\u00f3n, venta de activos de la empresa, financiaci\u00f3n o adquisici\u00f3n de la totalidad o una parte de nuestro negocio a otra empresa. <\/li>\n<li> Podemos divulgar su informaci\u00f3n personal para cualquier otro prop\u00f3sito con su consentimiento.<\/li><\/ul>\n<\/li>\n<\/ul>\n\n\t\t<\/div>\n\t\t\t\t\n<style>\n#col-1015565743 > .col-inner {\n  padding: 0px 20px 0px 20px;\n}\n<\/style>\n\t<\/div>\n\n\t\n\n\t<div id=\"col-49071567\" class=\"col small-12 large-12\"  >\n\t\t\t\t<div class=\"col-inner\"  >\n\t\t\t\n\t\t\t\n\n<h4 class=\"uppercase\">4. \u00bfUTILIZAMOS COOKIES Y OTRAS TECNOLOG\u00cdAS DE SEGUIMIENTO? <\/h4>\n<ul>\n<li>Podemos utilizar cookies y tecnolog\u00edas de seguimiento similares (como balizas web y p\u00edxeles) para acceder a informaci\u00f3n o almacenarla. La informaci\u00f3n espec\u00edfica sobre c\u00f3mo usamos dichas tecnolog\u00edas y c\u00f3mo puede rechazar ciertas cookies se establece en nuestra <a href=\"\/es\/politica-de-cookies\/\">Pol\u00edtica de Cookies<\/a>.<\/li>\n<\/ul>\n\n\t\t<\/div>\n\t\t\t\t\n<style>\n#col-49071567 > .col-inner {\n  padding: 0px 20px 0px 20px;\n}\n<\/style>\n\t<\/div>\n\n\t\n\n\t<div id=\"col-1995234909\" class=\"col small-12 large-12\"  >\n\t\t\t\t<div class=\"col-inner\"  >\n\t\t\t\n\t\t\t\n\n<h4 class=\"uppercase\">5. \u00bfDURANTE CU\u00c1NTO TIEMPO CONSERVAMOS SU INFORMACI\u00d3N? <\/h4>\n<ul>\n<li>Solo conservaremos su informaci\u00f3n personal durante el tiempo que sea necesario para los fines establecidos en esta pol\u00edtica de privacidad, a menos que la ley exija o permita un per\u00edodo de retenci\u00f3n m\u00e1s prolongado (como impuestos, contabilidad o otros requisitos legales). Ning\u00fan prop\u00f3sito de esta pol\u00edtica requerir\u00e1 que mantengamos su informaci\u00f3n personal durante m\u00e1s tiempo que el per\u00edodo en el que los usuarios tienen una cuenta con nosotros.<\/li>\n<li> Cuando no tengamos una necesidad comercial leg\u00edtima en curso para procesar su informaci\u00f3n personal, la eliminaremos o la anonimizaremos. <\/li>\n<\/ul>\n\n\t\t<\/div>\n\t\t\t\t\n<style>\n#col-1995234909 > .col-inner {\n  padding: 0px 20px 0px 20px;\n}\n<\/style>\n\t<\/div>\n\n\t\n\n\t<div id=\"col-1245476521\" class=\"col small-12 large-12\"  >\n\t\t\t\t<div class=\"col-inner\"  >\n\t\t\t\n\t\t\t\n\n<h4 class=\"uppercase\">6. \u00bfC\u00d3MO MANTENEMOS SEGURA SU INFORMACI\u00d3N? <\/h4>\n<ul>\n<li>Todos los datos proporcionados por los administradores de nuestros clientes, y los datos recopilados autom\u00e1ticamente por nosotros para ofrecerle nuestro servicio, se almacenan de forma segura en nuestras bases de datos, de forma cifrada.<\/li>\n<li> Aunque siempre haremos todo lo posible para proteger su informaci\u00f3n personal, la transmisi\u00f3n de informaci\u00f3n personal hacia y desde nuestro Sitio es bajo su propio riesgo. Solo debe acceder a los servicios dentro de un entorno seguro. <\/li>\n<\/ul>\n\n\t\t<\/div>\n\t\t\t\t\n<style>\n#col-1245476521 > .col-inner {\n  padding: 0px 20px 0px 20px;\n}\n<\/style>\n\t<\/div>\n\n\t\n\n\t<div id=\"col-603672887\" class=\"col small-12 large-12\"  >\n\t\t\t\t<div class=\"col-inner\"  >\n\t\t\t\n\t\t\t\n\n<h4 class=\"uppercase\">7. \u00bfCU\u00c1LES SON SUS DERECHOS DE PRIVACIDAD?<\/h4>\n<ul>\n<li>En algunas regiones (como el Espacio Econ\u00f3mico Europeo), tiene ciertos derechos seg\u00fan las leyes de protecci\u00f3n de datos aplicables. Estos pueden incluir el derecho\n<ul>\n<li>(i) a solicitar acceso y obtener una copia de su informaci\u00f3n personal,<\/li>\n<li>(ii) a solicitar su rectificaci\u00f3n o supresi\u00f3n;<\/li>\n<li>(iii) a restringir el procesamiento de su informaci\u00f3n personal; y<\/li>\n<li>(iv) en su caso, a la portabilidad de datos.<\/li>\n<\/ul>\n<\/li>\n<li>En determinadas circunstancias, tambi\u00e9n puede tener derecho a oponerse al procesamiento de su informaci\u00f3n personal. Para realizar dicha solicitud, utilice los datos de contacto que se proporcionan a continuaci\u00f3n. Consideraremos y actuaremos ante cualquier solicitud de acuerdo con las leyes de protecci\u00f3n de datos aplicables.<\/li>\n<li>Si confiamos en su consentimiento para procesar su informaci\u00f3n personal, tiene derecho a retirar su consentimiento en cualquier momento. Sin embargo, tenga en cuenta que esto no afectar\u00e1 la legalidad del procesamiento antes de su rechazo.<\/li>\n<li>Si reside en el Espacio Econ\u00f3mico Europeo y cree que estamos procesando ilegalmente su informaci\u00f3n personal, tambi\u00e9n tiene derecho a presentar una queja ante la autoridad supervisora \u200b\u200bde protecci\u00f3n de datos local. Puede encontrar sus datos de contacto aqu\u00ed: <a href=\"https:\/\/ec.europa.eu\/info\/policies\/justice-and-fundamental-rights_en\" target=\"_blank\" rel=\"noopener\">ec.europe.eu<\/a><\/li>\n<\/ul>\n\n\t\t<\/div>\n\t\t\t\t\n<style>\n#col-603672887 > .col-inner {\n  padding: 0px 20px 0px 20px;\n}\n<\/style>\n\t<\/div>\n\n\t\n\n\t<div id=\"col-812925179\" class=\"col small-12 large-12\"  >\n\t\t\t\t<div class=\"col-inner\"  >\n\t\t\t\n\t\t\t\n\n<h4 class=\"uppercase\">8. \u00bfHACEMOS ACTUALIZACIONES A ESTA POL\u00cdTICA? <\/h4>\n<ul>\n<li> Es posible que actualicemos esta pol\u00edtica de privacidad de vez en cuando. La versi\u00f3n actualizada se indicar\u00e1 con una fecha \"Revisada\" actualizada y la versi\u00f3n actualizada entrar\u00e1 en vigencia tan pronto como sea accesible. Si realizamos cambios sustanciales a esta pol\u00edtica de privacidad, podemos notificarle publicando un aviso de manera prominente de dichos cambios o envi\u00e1ndole directamente una notificaci\u00f3n. Le recomendamos que revise esta pol\u00edtica de privacidad con frecuencia para estar informado de c\u00f3mo protegemos su informaci\u00f3n.<\/li>\n<\/ul>\n\n\t\t<\/div>\n\t\t\t\t\n<style>\n#col-812925179 > .col-inner {\n  padding: 0px 20px 0px 20px;\n}\n<\/style>\n\t<\/div>\n\n\t\n\n\t<div id=\"col-1567691187\" class=\"col small-12 large-12\"  >\n\t\t\t\t<div class=\"col-inner\"  >\n\t\t\t\n\t\t\t\n\n<h4 class=\"uppercase\">9. \u00bfC\u00d3MO PUEDE CONTACTARNOS SOBRE ESTA POL\u00cdTICA? <\/h4>\n<ul>\n<li> Si tiene preguntas o comentarios sobre esta pol\u00edtica, puede enviarnos un correo electr\u00f3nico a privacy (at) vawlt.io o por correo postal a: Vawlt Technologies, S. A., Tec Labs - Centro de Inova\u00e7\u00e3o, Campo Grande, 1749-016 Lisboa, Portugal.<\/li>\n<\/ul>\n\n\t\t<\/div>\n\t\t\t\t\n<style>\n#col-1567691187 > .col-inner {\n  padding: 0px 20px 0px 20px;\n}\n<\/style>\n\t<\/div>\n\n\t\n\n<\/div>\n\n\t\t<\/div>\n\n\t\t\n<style>\n#section_1648405004 {\n  padding-top: 0px;\n  padding-bottom: 0px;\n}\n<\/style>\n\t<\/section>","protected":false},"excerpt":{"rendered":"","protected":false},"author":8,"featured_media":0,"parent":0,"menu_order":0,"comment_status":"closed","ping_status":"closed","template":"page-blank.php","meta":{"footnotes":""},"class_list":["post-764","page","type-page","status-publish","hentry"],"yoast_head":"<!-- This site is optimized with the Yoast SEO plugin v26.2 - https:\/\/yoast.com\/wordpress\/plugins\/seo\/ -->\n<title>Privacy Policy | Multicloud Storage | Vawlt<\/title>\n<meta name=\"robots\" content=\"index, follow, max-snippet:-1, max-image-preview:large, max-video-preview:-1\" \/>\n<link rel=\"canonical\" href=\"https:\/\/site-temp.vawlt.io\/privacy-policy\/\" \/>\n<meta property=\"og:locale\" content=\"es_ES\" \/>\n<meta property=\"og:type\" content=\"article\" \/>\n<meta property=\"og:title\" content=\"Privacy Policy | Multicloud Storage | Vawlt\" \/>\n<meta property=\"og:url\" content=\"https:\/\/site-temp.vawlt.io\/privacy-policy\/\" \/>\n<meta property=\"og:site_name\" content=\"Vawlt\" \/>\n<meta property=\"article:publisher\" content=\"https:\/\/www.facebook.com\/vawlt\" \/>\n<meta property=\"article:modified_time\" content=\"2025-05-14T16:38:11+00:00\" \/>\n<meta property=\"og:image\" content=\"https:\/\/vawlt.io\/wp-content\/uploads\/2021\/09\/mockup.png\" \/>\n\t<meta property=\"og:image:width\" content=\"500\" \/>\n\t<meta property=\"og:image:height\" content=\"256\" \/>\n\t<meta property=\"og:image:type\" content=\"image\/png\" \/>\n<meta name=\"twitter:card\" content=\"summary_large_image\" \/>\n<meta name=\"twitter:site\" content=\"@vawltio\" \/>\n<meta name=\"twitter:label1\" content=\"Tiempo de lectura\" \/>\n\t<meta name=\"twitter:data1\" content=\"6 minutos\" \/>\n<!-- \/ Yoast SEO plugin. -->","yoast_head_json":{"title":"Pol\u00edtica de privacidad | Almacenamiento en la nube | Vawlt","robots":{"index":"index","follow":"follow","max-snippet":"max-snippet:-1","max-image-preview":"max-image-preview:large","max-video-preview":"max-video-preview:-1"},"canonical":"https:\/\/site-temp.vawlt.io\/privacy-policy\/","og_locale":"es_ES","og_type":"article","og_title":"Privacy Policy | Multicloud Storage | Vawlt","og_url":"https:\/\/site-temp.vawlt.io\/privacy-policy\/","og_site_name":"Vawlt","article_publisher":"https:\/\/www.facebook.com\/vawlt","article_modified_time":"2025-05-14T16:38:11+00:00","og_image":[{"width":500,"height":256,"url":"https:\/\/vawlt.io\/wp-content\/uploads\/2021\/09\/mockup.png","type":"image\/png"}],"twitter_card":"summary_large_image","twitter_site":"@vawltio","twitter_misc":{"Tiempo de lectura":"6 minutos"},"schema":{"@context":"https:\/\/schema.org","@graph":[{"@type":"WebPage","@id":"https:\/\/site-temp.vawlt.io\/privacy-policy\/","url":"https:\/\/site-temp.vawlt.io\/privacy-policy\/","name":"Pol\u00edtica de privacidad | Almacenamiento en la nube | Vawlt","isPartOf":{"@id":"https:\/\/site-temp.vawlt.io\/#website"},"datePublished":"2021-08-17T09:44:26+00:00","dateModified":"2025-05-14T16:38:11+00:00","breadcrumb":{"@id":"https:\/\/site-temp.vawlt.io\/privacy-policy\/#breadcrumb"},"inLanguage":"es","potentialAction":[{"@type":"ReadAction","target":["https:\/\/site-temp.vawlt.io\/privacy-policy\/"]}]},{"@type":"BreadcrumbList","@id":"https:\/\/site-temp.vawlt.io\/privacy-policy\/#breadcrumb","itemListElement":[{"@type":"ListItem","position":1,"name":"Home","item":"https:\/\/vawlt.io\/"},{"@type":"ListItem","position":2,"name":"Privacy Policy"}]},{"@type":"WebSite","@id":"https:\/\/site-temp.vawlt.io\/#website","url":"https:\/\/site-temp.vawlt.io\/","name":"Vawlt","description":"Soluci\u00f3n de almacenamiento de datos multicloud que simplifica la transici\u00f3n a la nube, mejora los est\u00e1ndares de seguridad y optimiza el uso de los recursos de almacenamiento.","publisher":{"@id":"https:\/\/site-temp.vawlt.io\/#organization"},"potentialAction":[{"@type":"SearchAction","target":{"@type":"EntryPoint","urlTemplate":"https:\/\/site-temp.vawlt.io\/?s={search_term_string}"},"query-input":{"@type":"PropertyValueSpecification","valueRequired":true,"valueName":"search_term_string"}}],"inLanguage":"es"},{"@type":"Organization","@id":"https:\/\/site-temp.vawlt.io\/#organization","name":"Vawlt","url":"https:\/\/site-temp.vawlt.io\/","logo":{"@type":"ImageObject","inLanguage":"es","@id":"https:\/\/site-temp.vawlt.io\/#\/schema\/logo\/image\/","url":"http:\/\/vawlt.io\/wp-content\/uploads\/2021\/08\/logo_vawlt_business.png","contentUrl":"http:\/\/vawlt.io\/wp-content\/uploads\/2021\/08\/logo_vawlt_business.png","width":576,"height":92,"caption":"Vawlt"},"image":{"@id":"https:\/\/site-temp.vawlt.io\/#\/schema\/logo\/image\/"},"sameAs":["https:\/\/www.facebook.com\/vawlt","https:\/\/x.com\/vawltio","https:\/\/www.linkedin.com\/company\/vawlt","https:\/\/www.youtube.com\/channel\/UCYzlYYg7j_07CFi8Be0eAMw"]}]}},"_links":{"self":[{"href":"https:\/\/vawlt.io\/es\/wp-json\/wp\/v2\/pages\/764","targetHints":{"allow":["GET"]}}],"collection":[{"href":"https:\/\/vawlt.io\/es\/wp-json\/wp\/v2\/pages"}],"about":[{"href":"https:\/\/vawlt.io\/es\/wp-json\/wp\/v2\/types\/page"}],"author":[{"embeddable":true,"href":"https:\/\/vawlt.io\/es\/wp-json\/wp\/v2\/users\/8"}],"replies":[{"embeddable":true,"href":"https:\/\/vawlt.io\/es\/wp-json\/wp\/v2\/comments?post=764"}],"version-history":[{"count":11,"href":"https:\/\/vawlt.io\/es\/wp-json\/wp\/v2\/pages\/764\/revisions"}],"predecessor-version":[{"id":3828,"href":"https:\/\/vawlt.io\/es\/wp-json\/wp\/v2\/pages\/764\/revisions\/3828"}],"wp:attachment":[{"href":"https:\/\/vawlt.io\/es\/wp-json\/wp\/v2\/media?parent=764"}],"curies":[{"name":"wp","href":"https:\/\/api.w.org\/{rel}","templated":true}]}}