{"id":769,"date":"2021-08-17T09:51:06","date_gmt":"2021-08-17T09:51:06","guid":{"rendered":"http:\/\/vawlt.io\/?page_id=769"},"modified":"2022-03-04T17:18:07","modified_gmt":"2022-03-04T17:18:07","slug":"vulnerability-detection-program","status":"publish","type":"page","link":"https:\/\/vawlt.io\/es\/programa-de-deteccion-de-vulnerabilidades\/","title":{"rendered":"Detecci\u00f3n de Vulnerabilidades"},"content":{"rendered":"<section class=\"section\" id=\"section_375309014\">\n\t\t<div class=\"bg section-bg fill bg-fill  bg-loaded\" >\n\n\t\t\t\n\t\t\t\n\t\t\t\n\n\t\t<\/div>\n\n\t\t<div class=\"section-content relative\">\n\t\t\t\n\n<div class=\"row row-collapse\"  id=\"row-1479255352\">\n\n\n\t<div id=\"col-1592423978\" class=\"col small-12 large-12\"  >\n\t\t\t\t<div class=\"col-inner\"  >\n\t\t\t\n\t\t\t\n\n\t<div id=\"text-1132445655\" class=\"text\">\n\t\t\n\n<h1><strong>\u00bfHa encontrado una vulnerabilidad en nuestra plataforma?<\/strong><\/h1>\n\t\t\n<style>\n#text-1132445655 {\n  font-size: 1.6rem;\n}\n<\/style>\n\t<\/div>\n\t\n\n\t\t<\/div>\n\t\t\t\t\n<style>\n#col-1592423978 > .col-inner {\n  padding: 80px 20px 0px 20px;\n}\n@media (min-width:850px) {\n  #col-1592423978 > .col-inner {\n    padding: 80px 0px 0px 0px;\n  }\n}\n<\/style>\n\t<\/div>\n\n\t\n\n<\/div>\n<div class=\"row\"  id=\"row-2050814324\">\n\n\n\t<div id=\"col-1797572166\" class=\"col small-12 large-12\"  >\n\t\t\t\t<div class=\"col-inner\"  >\n\t\t\t\n\t\t\t\n\n<p>Vawlt es una soluci\u00f3n creada con la seguridad como m\u00e1xima prioridad. Si bien nuestro equipo est\u00e1 completamente comprometido con el dise\u00f1o y desarrollo de una soluci\u00f3n que mantenga sus datos seguros, animamos a cualquier usuario a se\u00f1alar e informar cualquier fragilidad o vulnerabilidad en nuestro sitio web y plataforma.<\/p>\n<p>Si este es el caso, lo invitamos a compartir con nosotros un informe detallado en&nbsp;<a class=\"link text-link\" href=\"mailto:security@vawlt.io\" target=\"_blank\" rel=\"noopener noreferrer\">security@vawlt.io<\/a>.<\/p>\n<p>A continuaci\u00f3n, puede encontrar informaci\u00f3n \u00fatil sobre c\u00f3mo enviar un informe a nuestro equipo, as\u00ed como un conjunto de reglas que lo guiar\u00e1n si encuentra alg\u00fan problema. Incluso puede tenerse en cuenta su informe para atribuirle una recompensa.<\/p>\n<p class=\"translation-block\">Welcome to our&nbsp;<strong>Vulnerability Detection Program<\/strong>.<\/p>\n\n\t\t<\/div>\n\t\t\t\t\n<style>\n#col-1797572166 > .col-inner {\n  padding: 0px 20px 0px 20px;\n}\n<\/style>\n\t<\/div>\n\n\t\n\n\t<div id=\"col-233778036\" class=\"col small-12 large-12\"  >\n\t\t\t\t<div class=\"col-inner\"  >\n\t\t\t\n\t\t\t\n\n<h3>C\u00f3mo enviar un informe correctamente<\/h3>\n<p>Para enviar un informe de vulnerabilidad, env\u00edenos un correo electr\u00f3nico a&nbsp;<a class=\"link text-link\" href=\"mailto:security@vawlt.io\" target=\"_blank\" rel=\"noopener noreferrer\">security@vawlt.io<\/a>. Tenga en cuenta los siguientes elementos:<\/p>\n<ul>\n<li>Proporcione una descripci\u00f3n completa para nuestro an\u00e1lisis.<\/li>\n<li>Adjunte una gu\u00eda de \u201cC\u00f3mo hacerlo\u201d con los pasos necesarios para que podamos replicar la situaci\u00f3n, ya sea en texto o v\u00eddeo, o una prueba de concepto.<\/li>\n<li>Utilice la&nbsp;<a class=\"link text-link\" href=\"https:\/\/www.first.org\/cvss\/calculator\/3.0\" target=\"_blank\" rel=\"noopener noreferrer\">calculadora CVSS<\/a> y env\u00edenos el resultado adjunto en el informe.<\/li>\n<li>Realice una autoevaluaci\u00f3n de la gravedad de la situaci\u00f3n.<\/li>\n<li>Facil\u00edtenos cualquier otra informaci\u00f3n que considere \u00fatil para el an\u00e1lisis.<\/li>\n<\/ul>\n<h3>Criterios de calificaci\u00f3n<\/h3>\n<p>Su informe de vulnerabilidad ser\u00e1 calificado para obtener un premio si se cumplen todas estas condiciones:<\/p>\n<ul>\n<li>El informe debe tener la estructura mencionada anteriormente.<\/li>\n<li>El informe no puede ser solo un copia y pega de un esc\u00e1ner de seguridad automatizado: No se tomar\u00e1n en consideraci\u00f3n los informes sin informaci\u00f3n adicional.<\/li>\n<li>El problema debe ser real y comprobable: No se tomar\u00e1n en consideraci\u00f3n situaciones hipot\u00e9ticas.<\/li>\n<li>El problema debe referirse a algo que no conocemos: No recompensaremos ning\u00fan hallazgo que ya haya sido informado previamente, independientemente de que haya sido por usted o por otra persona.<\/li>\n<li>El problema debe tener lugar en la \u00faltima versi\u00f3n del sitio web \/ plataforma disponible p\u00fablicamente de vawlt.io.<\/li>\n<li>El problema debe estar dentro del \u00e1mbito (consulte la lista a continuaci\u00f3n).<\/li>\n<\/ul>\n<h3>Lista fuera del \u00e1mbito<\/h3>\n<p>A continuaci\u00f3n, se muestran algunas situaciones que generalmente consideramos que est\u00e1n fuera de nuestro \u00e1mbito:<\/p>\n<ul>\n<li>Errores destacados<\/li>\n<li>Vulnerabilidades en c\u00f3digo o servicios de terceros que no conducen a un exploit.<\/li>\n<li>Encabezados de seguridad HTTP en falta.<\/li>\n<\/ul>\n<h3>Premios<\/h3>\n<p>Si se demuestra que el informe es v\u00e1lido, es posible que haya un premio para usted. Las cantidades se calculan en funci\u00f3n de la categor\u00eda o gravedad de cada problema informado, como puede consultar en la siguiente tabla.<\/p>\n\n\t\t<\/div>\n\t\t\t\t\n<style>\n#col-233778036 > .col-inner {\n  padding: 0px 20px 0px 20px;\n}\n@media (min-width:850px) {\n  #col-233778036 > .col-inner {\n    padding: 0px 0px 0px 0px;\n  }\n}\n<\/style>\n\t<\/div>\n\n\t\n\n\t<div id=\"col-1407427490\" class=\"col medium-4 small-12 large-3\"  >\n\t\t\t\t<div class=\"col-inner\"  >\n\t\t\t\n\t\t\t\n\n<table class=\"table\" style=\"height: 152px;\" width=\"253\">\n<thead class=\"thead-light\">\n<tr>\n<th scope=\"col\">GRAVEDAD<\/th>\n<th scope=\"col\">VALOR<\/th>\n<\/tr>\n<\/thead>\n<tbody>\n<tr>\n<td>Bajo<\/td>\n<td>\u20ac75<\/td>\n<\/tr>\n<tr>\n<td>Medio<\/td>\n<td>\u20ac100<\/td>\n<\/tr>\n<tr>\n<td>Alto<\/td>\n<td>\u20ac200<\/td>\n<\/tr>\n<tr>\n<td>Cr\u00edtico<\/td>\n<td>\u20ac750<\/td>\n<\/tr>\n<\/tbody>\n<\/table>\n\n\t\t<\/div>\n\t\t\t\t\n<style>\n#col-1407427490 > .col-inner {\n  padding: 0px 20px 0px 20px;\n}\n@media (min-width:550px) {\n  #col-1407427490 > .col-inner {\n    padding: 0px 0px 0px 20px;\n  }\n}\n@media (min-width:850px) {\n  #col-1407427490 > .col-inner {\n    padding: 0px 0px 0px 0px;\n  }\n}\n<\/style>\n\t<\/div>\n\n\t\n\n\t<div id=\"col-880067563\" class=\"col small-12 large-12\"  >\n\t\t\t\t<div class=\"col-inner\"  >\n\t\t\t\n\t\t\t\n\n<h3>Renuncia de responsabilidad<\/h3>\n<p>Est\u00e1 estrictamente prohibido revelar cualquier problema p\u00fablicamente sin el consentimiento de Vawlt.<\/p>\n<p>Por favor, notif\u00edquenos si este es su trabajo o est\u00e1 cubierto por los derechos de propiedad intelectual de entidades de terceros.<\/p>\n<p>Si env\u00eda un informe de este tipo, est\u00e1 otorgando a Vawlt Technologies, S. A. una licencia permanente e irreversible de todos los derechos de propiedad intelectual de los que usted puede tener licenecia o relacionados con el uso de este material.<\/p>\n<p>No notificarnos sobre este asunto significar\u00e1 que el informe es su propio trabajo, por lo que no est\u00e1 cubierto por derechos de propiedad intelectual de ninguna otra entidad.<\/p>\n<p>Agradecemos su colaboraci\u00f3n manteniendo a nuestra plataforma y a nuestros clientes seguros.<\/p>\n\n\t\t<\/div>\n\t\t\t\t\n<style>\n#col-880067563 > .col-inner {\n  padding: 0px 20px 0px 20px;\n}\n@media (min-width:850px) {\n  #col-880067563 > .col-inner {\n    padding: 0px 0px 0px 0px;\n  }\n}\n<\/style>\n\t<\/div>\n\n\t\n\n<\/div>\n\n\t\t<\/div>\n\n\t\t\n<style>\n#section_375309014 {\n  padding-top: 0px;\n  padding-bottom: 0px;\n}\n<\/style>\n\t<\/section>\n\t\n\t<section class=\"section\" id=\"section_1251505376\">\n\t\t<div class=\"bg section-bg fill bg-fill  bg-loaded\" >\n\n\t\t\t\n\t\t\t\n\t\t\t\n\n\t\t<\/div>\n\n\t\t<div class=\"section-content relative\">\n\t\t\t\n\n\t<div id=\"gap-1271555218\" class=\"gap-element clearfix\" style=\"display:block; height:auto;\">\n\t\t\n<style>\n#gap-1271555218 {\n  padding-top: 40px;\n}\n<\/style>\n\t<\/div>\n\t\n\n<div class=\"row row-collapse align-middle\"  id=\"row-1610778454\">\n\n\n\t<div id=\"col-490066232\" class=\"col medium-6 small-12 large-6\"  >\n\t\t\t\t<div class=\"col-inner text-left\"  >\n\t\t\t\n\t\t\t\n\n\t<div id=\"text-3630559637\" class=\"text\">\n\t\t\n\n<h3 style=\"font-weight: 600;\">No deje que el ransomware detenga a su empresa<\/h3>\n\t\t\n<style>\n#text-3630559637 {\n  font-size: 1rem;\n  text-align: center;\n}\n@media (min-width:550px) {\n  #text-3630559637 {\n    text-align: left;\n  }\n}\n<\/style>\n\t<\/div>\n\t\n\t<div id=\"text-749420743\" class=\"text\">\n\t\t\n\n<h2><span style=\"font-weight: 600; color: #21bffc;\">Es f\u00e1cil<\/span><span style=\"font-weight: 600; color: #000000;\">\u00a0empezar.<br \/><\/span><\/h2>\n\t\t\n<style>\n#text-749420743 {\n  font-size: 1.6rem;\n  text-align: center;\n}\n@media (min-width:550px) {\n  #text-749420743 {\n    text-align: left;\n  }\n}\n<\/style>\n\t<\/div>\n\t\n\n\t\t<\/div>\n\t\t\t\t\n<style>\n#col-490066232 > .col-inner {\n  padding: 0px 20px 0px 20px;\n}\n@media (min-width:550px) {\n  #col-490066232 > .col-inner {\n    padding: 0px 0px 0px 20px;\n  }\n}\n<\/style>\n\t<\/div>\n\n\t\n\n\t<div id=\"col-1281889488\" class=\"col hide-for-medium medium-6 small-12 large-6\"  >\n\t\t\t\t<div class=\"col-inner text-right\"  >\n\t\t\t\n\t\t\t\n\n<a href=\"http:\/\/vawlt.io\/es\/obtener-una-demo\/\" target=\"_self\" class=\"button primary is-large\"  style=\"border-radius:5px;\">\n    <span>Obtener una demo<\/span>\n  <\/a>\n\n\n\n\t\t<\/div>\n\t\t\t\t\n<style>\n#col-1281889488 > .col-inner {\n  padding: 0px 20px 0px 20px;\n}\n@media (min-width:550px) {\n  #col-1281889488 > .col-inner {\n    padding: 0px 20px 0px 0px;\n  }\n}\n<\/style>\n\t<\/div>\n\n\t\n\n\t<div id=\"col-344197413\" class=\"col show-for-medium hide-for-small medium-6 small-12 large-6\"  >\n\t\t\t\t<div class=\"col-inner text-right\"  >\n\t\t\t\n\t\t\t\n\n<a href=\"http:\/\/vawlt.io\/es\/obtener-una-demo\/\" target=\"_self\" class=\"button primary\"  style=\"border-radius:5px;\">\n    <span>Obtener una demo<\/span>\n  <\/a>\n\n\n\n\t\t<\/div>\n\t\t\t\t\n<style>\n#col-344197413 > .col-inner {\n  padding: 0px 20px 0px 20px;\n}\n@media (min-width:550px) {\n  #col-344197413 > .col-inner {\n    padding: 0px 20px 0px 0px;\n  }\n}\n<\/style>\n\t<\/div>\n\n\t\n\n\t<div id=\"col-526835709\" class=\"col show-for-small medium-6 small-12 large-6\"  >\n\t\t\t\t<div class=\"col-inner text-center\"  >\n\t\t\t\n\t\t\t\n\n\t<div id=\"gap-1191177794\" class=\"gap-element clearfix\" style=\"display:block; height:auto;\">\n\t\t\n<style>\n#gap-1191177794 {\n  padding-top: 23px;\n}\n@media (min-width:550px) {\n  #gap-1191177794 {\n    padding-top: 40px;\n  }\n}\n<\/style>\n\t<\/div>\n\t\n\n<a href=\"http:\/\/vawlt.io\/es\/obtener-una-demo\/\" target=\"_self\" class=\"button primary is-small\"  style=\"border-radius:5px;\">\n    <span>Obtener una demo<\/span>\n  <\/a>\n\n\n\n\t\t<\/div>\n\t\t\t\t\n<style>\n#col-526835709 > .col-inner {\n  padding: 0px 20px 0px 20px;\n}\n@media (min-width:550px) {\n  #col-526835709 > .col-inner {\n    padding: 0px 20px 0px 0px;\n  }\n}\n<\/style>\n\t<\/div>\n\n\t\n\n<\/div>\n\n\t\t<\/div>\n\n\t\t\n<style>\n#section_1251505376 {\n  padding-top: 30px;\n  padding-bottom: 30px;\n  background-color: rgb(244, 247, 249);\n}\n<\/style>\n\t<\/section>","protected":false},"excerpt":{"rendered":"","protected":false},"author":8,"featured_media":0,"parent":0,"menu_order":0,"comment_status":"closed","ping_status":"closed","template":"page-blank.php","meta":{"footnotes":""},"class_list":["post-769","page","type-page","status-publish","hentry"],"yoast_head":"<!-- This site is optimized with the Yoast SEO plugin v26.2 - https:\/\/yoast.com\/wordpress\/plugins\/seo\/ -->\n<title>Vulnerability Detection Program | Multicloud Storage | Vawlt<\/title>\n<meta name=\"robots\" content=\"noindex, nofollow\" \/>\n<meta property=\"og:locale\" content=\"es_ES\" \/>\n<meta property=\"og:type\" content=\"article\" \/>\n<meta property=\"og:title\" content=\"Vulnerability Detection Program | Multicloud Storage | Vawlt\" \/>\n<meta property=\"og:url\" content=\"https:\/\/site-temp.vawlt.io\/es\/programa-de-deteccion-de-vulnerabilidades\/\" \/>\n<meta property=\"og:site_name\" content=\"Vawlt\" \/>\n<meta property=\"article:publisher\" content=\"https:\/\/www.facebook.com\/vawlt\" \/>\n<meta property=\"article:modified_time\" content=\"2022-03-04T17:18:07+00:00\" \/>\n<meta property=\"og:image\" content=\"https:\/\/vawlt.io\/wp-content\/uploads\/2021\/09\/mockup.png\" \/>\n\t<meta property=\"og:image:width\" content=\"500\" \/>\n\t<meta property=\"og:image:height\" content=\"256\" \/>\n\t<meta property=\"og:image:type\" content=\"image\/png\" \/>\n<meta name=\"twitter:card\" content=\"summary_large_image\" \/>\n<meta name=\"twitter:site\" content=\"@vawltio\" \/>\n<meta name=\"twitter:label1\" content=\"Tiempo de lectura\" \/>\n\t<meta name=\"twitter:data1\" content=\"3 minutos\" \/>\n<!-- \/ Yoast SEO plugin. -->","yoast_head_json":{"title":"Programa de detecci\u00f3n de vulnerabilidades | Almacenamiento en la nube | Vawlt","robots":{"index":"noindex","follow":"nofollow"},"og_locale":"es_ES","og_type":"article","og_title":"Vulnerability Detection Program | Multicloud Storage | Vawlt","og_url":"https:\/\/site-temp.vawlt.io\/es\/programa-de-deteccion-de-vulnerabilidades\/","og_site_name":"Vawlt","article_publisher":"https:\/\/www.facebook.com\/vawlt","article_modified_time":"2022-03-04T17:18:07+00:00","og_image":[{"width":500,"height":256,"url":"https:\/\/vawlt.io\/wp-content\/uploads\/2021\/09\/mockup.png","type":"image\/png"}],"twitter_card":"summary_large_image","twitter_site":"@vawltio","twitter_misc":{"Tiempo de lectura":"3 minutos"},"schema":{"@context":"https:\/\/schema.org","@graph":[{"@type":"WebPage","@id":"https:\/\/site-temp.vawlt.io\/es\/programa-de-deteccion-de-vulnerabilidades\/","url":"https:\/\/site-temp.vawlt.io\/es\/programa-de-deteccion-de-vulnerabilidades\/","name":"Programa de detecci\u00f3n de vulnerabilidades | Almacenamiento en la nube | Vawlt","isPartOf":{"@id":"https:\/\/site-temp.vawlt.io\/#website"},"datePublished":"2021-08-17T09:51:06+00:00","dateModified":"2022-03-04T17:18:07+00:00","breadcrumb":{"@id":"https:\/\/site-temp.vawlt.io\/es\/programa-de-deteccion-de-vulnerabilidades\/#breadcrumb"},"inLanguage":"es","potentialAction":[{"@type":"ReadAction","target":["https:\/\/site-temp.vawlt.io\/es\/programa-de-deteccion-de-vulnerabilidades\/"]}]},{"@type":"BreadcrumbList","@id":"https:\/\/site-temp.vawlt.io\/es\/programa-de-deteccion-de-vulnerabilidades\/#breadcrumb","itemListElement":[{"@type":"ListItem","position":1,"name":"Home","item":"https:\/\/vawlt.io\/"},{"@type":"ListItem","position":2,"name":"Vulnerability Detection Program"}]},{"@type":"WebSite","@id":"https:\/\/site-temp.vawlt.io\/#website","url":"https:\/\/site-temp.vawlt.io\/","name":"Vawlt","description":"Soluci\u00f3n de almacenamiento de datos multicloud que simplifica la transici\u00f3n a la nube, mejora los est\u00e1ndares de seguridad y optimiza el uso de los recursos de almacenamiento.","publisher":{"@id":"https:\/\/site-temp.vawlt.io\/#organization"},"potentialAction":[{"@type":"SearchAction","target":{"@type":"EntryPoint","urlTemplate":"https:\/\/site-temp.vawlt.io\/?s={search_term_string}"},"query-input":{"@type":"PropertyValueSpecification","valueRequired":true,"valueName":"search_term_string"}}],"inLanguage":"es"},{"@type":"Organization","@id":"https:\/\/site-temp.vawlt.io\/#organization","name":"Vawlt","url":"https:\/\/site-temp.vawlt.io\/","logo":{"@type":"ImageObject","inLanguage":"es","@id":"https:\/\/site-temp.vawlt.io\/#\/schema\/logo\/image\/","url":"http:\/\/vawlt.io\/wp-content\/uploads\/2021\/08\/logo_vawlt_business.png","contentUrl":"http:\/\/vawlt.io\/wp-content\/uploads\/2021\/08\/logo_vawlt_business.png","width":576,"height":92,"caption":"Vawlt"},"image":{"@id":"https:\/\/site-temp.vawlt.io\/#\/schema\/logo\/image\/"},"sameAs":["https:\/\/www.facebook.com\/vawlt","https:\/\/x.com\/vawltio","https:\/\/www.linkedin.com\/company\/vawlt","https:\/\/www.youtube.com\/channel\/UCYzlYYg7j_07CFi8Be0eAMw"]}]}},"_links":{"self":[{"href":"https:\/\/vawlt.io\/es\/wp-json\/wp\/v2\/pages\/769","targetHints":{"allow":["GET"]}}],"collection":[{"href":"https:\/\/vawlt.io\/es\/wp-json\/wp\/v2\/pages"}],"about":[{"href":"https:\/\/vawlt.io\/es\/wp-json\/wp\/v2\/types\/page"}],"author":[{"embeddable":true,"href":"https:\/\/vawlt.io\/es\/wp-json\/wp\/v2\/users\/8"}],"replies":[{"embeddable":true,"href":"https:\/\/vawlt.io\/es\/wp-json\/wp\/v2\/comments?post=769"}],"version-history":[{"count":9,"href":"https:\/\/vawlt.io\/es\/wp-json\/wp\/v2\/pages\/769\/revisions"}],"predecessor-version":[{"id":4241,"href":"https:\/\/vawlt.io\/es\/wp-json\/wp\/v2\/pages\/769\/revisions\/4241"}],"wp:attachment":[{"href":"https:\/\/vawlt.io\/es\/wp-json\/wp\/v2\/media?parent=769"}],"curies":[{"name":"wp","href":"https:\/\/api.w.org\/{rel}","templated":true}]}}