{"id":173,"date":"2021-08-12T09:05:00","date_gmt":"2021-08-12T09:05:00","guid":{"rendered":"http:\/\/vawlt.io\/?page_id=173"},"modified":"2022-05-19T11:05:25","modified_gmt":"2022-05-19T11:05:25","slug":"volume-types","status":"publish","type":"page","link":"https:\/\/vawlt.io\/fr\/produit\/types-de-volumes\/","title":{"rendered":"Types de Volumes"},"content":{"rendered":"<section class=\"section\" id=\"section_899702480\">\n\t\t<div class=\"bg section-bg fill bg-fill  bg-loaded\" >\n\n\t\t\t\n\t\t\t\n\t\t\t\n\n\t\t<\/div>\n\n\t\t<div class=\"section-content relative\">\n\t\t\t\n\n<div class=\"row\"  id=\"row-1668503788\">\n\n\n\t<div id=\"col-1834391217\" class=\"col small-12 large-12\"  >\n\t\t\t\t<div class=\"col-inner\"  >\n\t\t\t\n\t\t\t\n\n\t<div id=\"text-1989313305\" class=\"text\">\n\t\t\n\n<h1><strong>Types de Volumes<\/strong><\/h1>\n\t\t\n<style>\n#text-1989313305 {\n  font-size: 1.6rem;\n  text-align: center;\n}\n<\/style>\n\t<\/div>\n\t\n\t<div id=\"text-3802456541\" class=\"text\">\n\t\t\n\n<p class=\"lead translation-block\">Chaque \u00e9l\u00e9ment de donn\u00e9es poss\u00e8de son cycle de vie. C'est pourquoi nous avons cr\u00e9\u00e9 plusieurs <strong>types de volumes<\/strong> en fonction des diff\u00e9rents usages et besoins : <strong>\u201cHot\u201d<\/strong>, <strong>\u201cWarm\u201d<\/strong>, <strong>\u201cImmutable\u201d<\/strong> et <strong>\u201cArchival\u201d<\/strong>. Vous pouvez \u00e9galement d\u00e9finir d'autres propri\u00e9t\u00e9s, comme la <strong>capacit\u00e9 de stockage<\/strong>, le <strong>quota de t\u00e9l\u00e9chargement<\/strong>, les <strong>interfaces<\/strong> et les <strong>politiques d\u2019archivage<\/strong>. Vous pouvez m\u00eame choisir les fournisseurs de cloud par <strong>nom<\/strong> ou <strong>emplacement g\u00e9ographique<\/strong>.<\/p>\n\t\t\n<style>\n#text-3802456541 {\n  font-size: 0.75rem;\n  text-align: center;\n}\n<\/style>\n\t<\/div>\n\t\n\n\t\t<\/div>\n\t\t\t\t\n<style>\n#col-1834391217 > .col-inner {\n  padding: 50px 0px 0px 0px;\n}\n@media (min-width:850px) {\n  #col-1834391217 > .col-inner {\n    padding: 80px 0px 0px 0px;\n  }\n}\n<\/style>\n\t<\/div>\n\n\t\n\n<\/div>\n\n\t\t<\/div>\n\n\t\t\n<style>\n#section_899702480 {\n  padding-top: 0px;\n  padding-bottom: 0px;\n}\n<\/style>\n\t<\/section>\n\t\n<span class=\"scroll-to\" data-label=\"Scroll to: #hot\" data-bullet=\"false\" data-link=\"#hot\" data-title=\"Hot\"><a name=\"hot\"><\/a><\/span>\n\n\t<section class=\"section\" id=\"section_1963845458\">\n\t\t<div class=\"bg section-bg fill bg-fill  bg-loaded\" >\n\n\t\t\t\n\t\t\t\n\t\t\t\n\n\t\t<\/div>\n\n\t\t<div class=\"section-content relative\">\n\t\t\t\n\n<div class=\"row align-middle\"  id=\"row-122432489\">\n\n\n\t<div id=\"col-1830531765\" class=\"col medium-6 small-12 large-6\"  >\n\t\t\t\t<div class=\"col-inner text-left\"  >\n\t\t\t\n\t\t\t\n\n<h2><strong>Volumes Hot<\/strong><\/h2>\n<p class=\"translation-block\">Optimis\u00e9 pour le <strong>stockage et le partage r\u00e9currents <\/strong>(\u00e9critures, suppressions et t\u00e9l\u00e9chargements multiples). Ce type de volume permet la <strong>gestion de versions des fichiers<\/strong> et un temps de t\u00e9l\u00e9chargement (pour les fichiers qui ne sont pas mis en cache dans un dispositif sp\u00e9cifique) de l'ordre de quelques millisecondes pour le premier octet (TTFB).<\/p>\n<h4>Exemples d'utilisation<\/h4>\n<ul>\n<li>Partage de fichiers au sein d\u2019une \u00e9quipe;<\/li>\n<li>Dossiers juridiques en cours d\u2019examen;<\/li>\n<li>Documentation comptable de l'ann\u00e9e en cours.<\/li>\n<\/ul>\n<a href=\"https:\/\/platform.vawlt.io\/login\" target=\"_self\" class=\"button primary\"  style=\"border-radius:5px;\">\n    <span>Cr\u00e9er un Hot Volume<\/span>\n  <\/a>\n\n\n\n\t\t<\/div>\n\t\t\t\t\n<style>\n#col-1830531765 > .col-inner {\n  padding: 0px 20px 0px 20px;\n}\n@media (min-width:550px) {\n  #col-1830531765 > .col-inner {\n    padding: 0px 0px 0px 20px;\n  }\n}\n<\/style>\n\t<\/div>\n\n\t\n\n\t<div id=\"col-1211219829\" class=\"col medium-6 small-6 large-6 small-col-first\"  >\n\t\t\t\t<div class=\"col-inner text-center\"  >\n\t\t\t\n\t\t\t\n\n\t<div class=\"img has-hover x md-x lg-x y md-y lg-y\" id=\"image_1482651531\">\n\t\t\t\t<div data-parallax-fade=\"true\" data-parallax=\"1\">\t\t\t\t<div class=\"img-inner dark\" >\n\t\t\t<img loading=\"lazy\" decoding=\"async\" width=\"1\" height=\"1\" src=\"https:\/\/vawlt.io\/wp-content\/uploads\/2021\/08\/solution01.svg\" class=\"attachment-large size-large\" alt=\"\" \/>\t\t\t\t\t\t\n\t\t\t\t\t<\/div>\n\t\t\t\t<\/div>\t\t\t\t\n<style>\n#image_1482651531 {\n  width: 60%;\n}\n<\/style>\n\t<\/div>\n\t\n\n\n\t\t<\/div>\n\t\t\t\t\n<style>\n#col-1211219829 > .col-inner {\n  margin: 0px 0px 0px -10px;\n}\n<\/style>\n\t<\/div>\n\n\t\n\n<\/div>\n\n\t\t<\/div>\n\n\t\t\n<style>\n#section_1963845458 {\n  padding-top: 50px;\n  padding-bottom: 50px;\n  background-color: rgb(248, 250, 250);\n}\n@media (min-width:850px) {\n  #section_1963845458 {\n    padding-top: 80px;\n    padding-bottom: 80px;\n  }\n}\n<\/style>\n\t<\/section>\n\t\n<span class=\"scroll-to\" data-label=\"Scroll to: #warm\" data-bullet=\"false\" data-link=\"#warm\" data-title=\"Warm\"><a name=\"warm\"><\/a><\/span>\n\n\t<section class=\"section\" id=\"section_835659297\">\n\t\t<div class=\"bg section-bg fill bg-fill  bg-loaded\" >\n\n\t\t\t\n\t\t\t\n\t\t\t\n\n\t\t<\/div>\n\n\t\t<div class=\"section-content relative\">\n\t\t\t\n\n<div class=\"row align-middle\"  id=\"row-277546306\">\n\n\n\t<div id=\"col-926950965\" class=\"col medium-6 small-6 large-6 small-col-first\"  >\n\t\t\t\t<div class=\"col-inner text-center\"  >\n\t\t\t\n\t\t\t\n\n\t<div class=\"img has-hover x md-x lg-x y md-y lg-y\" id=\"image_293538797\">\n\t\t\t\t<div data-parallax-fade=\"true\" data-parallax=\"1\">\t\t\t\t<div class=\"img-inner dark\" >\n\t\t\t<img loading=\"lazy\" decoding=\"async\" width=\"1\" height=\"1\" src=\"https:\/\/vawlt.io\/wp-content\/uploads\/2021\/10\/solution04.svg\" class=\"attachment-large size-large\" alt=\"\" \/>\t\t\t\t\t\t\n\t\t\t\t\t<\/div>\n\t\t\t\t<\/div>\t\t\t\t\n<style>\n#image_293538797 {\n  width: 60%;\n}\n<\/style>\n\t<\/div>\n\t\n\n\n\t\t<\/div>\n\t\t\t\t\n<style>\n#col-926950965 > .col-inner {\n  margin: 0px 0px 0px -10px;\n}\n<\/style>\n\t<\/div>\n\n\t\n\n\t<div id=\"col-1401630537\" class=\"col medium-6 small-12 large-6\"  >\n\t\t\t\t<div class=\"col-inner text-left\"  >\n\t\t\t\n\t\t\t\n\n<h2><strong>Volumes Warm<\/strong><\/h2>\n<p class=\"translation-block\">Optimis\u00e9 pour le stockage de <strong>donn\u00e9es modifiables, auxquelles on acc\u00e8de moins fr\u00e9quemment<\/strong>. Ce volume autorise <strong>deux versions temporelles par fichier<\/strong>, et cr\u00e9e une nouvelle version toutes les 5 minutes. Ce volume est id\u00e9al pour <strong>l'int\u00e9gration avec plusieurs services de backup<\/strong>, tels que Veeam, Arcserve, NetBackup ou RMAN. Chaque fichier stock\u00e9 dans ce type de volume a une dur\u00e9e de stockage minimale de 30 jours, ce qui signifie que Vawlt ne lib\u00e9rera l'espace occup\u00e9 par ce fichier qu'apr\u00e8s cette p\u00e9riode, m\u00eame si le fichier est supprim\u00e9 avant. Le temps de t\u00e9l\u00e9chargement (pour les fichiers qui ne sont pas mis en cache dans un p\u00e9riph\u00e9rique sp\u00e9cifique) est de l'ordre de quelques millisecondes pour le premier octet (TTFB).<\/p>\n<h4>Exemples d'utilisation<\/h4>\n<ul>\n<li>Backups hors site;<\/li>\n<li>Reprise apr\u00e8s sinistre.<\/li>\n<\/ul>\n<a href=\"https:\/\/platform.vawlt.io\/login\" target=\"_self\" class=\"button primary\"  style=\"border-radius:5px;\">\n    <span>Cr\u00e9er un Volume Warm<\/span>\n  <\/a>\n\n\n\n\t\t<\/div>\n\t\t\t\t\n<style>\n#col-1401630537 > .col-inner {\n  padding: 0px 20px 0px 20px;\n}\n@media (min-width:550px) {\n  #col-1401630537 > .col-inner {\n    padding: 0px 20px 0px 0px;\n  }\n}\n<\/style>\n\t<\/div>\n\n\t\n\n<\/div>\n\n\t\t<\/div>\n\n\t\t\n<style>\n#section_835659297 {\n  padding-top: 50px;\n  padding-bottom: 50px;\n}\n@media (min-width:850px) {\n  #section_835659297 {\n    padding-top: 80px;\n    padding-bottom: 80px;\n  }\n}\n<\/style>\n\t<\/section>\n\t\n<span class=\"scroll-to\" data-label=\"Scroll to: #immutable\" data-bullet=\"false\" data-link=\"#immutable\" data-title=\"Immutable\"><a name=\"immutable\"><\/a><\/span>\n\n\t<section class=\"section\" id=\"section_1915678157\">\n\t\t<div class=\"bg section-bg fill bg-fill  bg-loaded\" >\n\n\t\t\t\n\t\t\t\n\t\t\t\n\n\t\t<\/div>\n\n\t\t<div class=\"section-content relative\">\n\t\t\t\n\n<div class=\"row align-middle\"  id=\"row-180441714\">\n\n\n\t<div id=\"col-211156206\" class=\"col medium-6 small-12 large-6\"  >\n\t\t\t\t<div class=\"col-inner text-left\"  >\n\t\t\t\n\t\t\t\n\n<h2><strong>Volumes Immutable<\/strong><\/h2>\n<p class=\"translation-block\">Optimis\u00e9s pour les fichiers qui <strong>ne n\u00e9cessitent pas de modifications lors du stockage <\/strong>(\u00e9cris une fois mais souvent t\u00e9l\u00e9charg\u00e9s). Ce volume <strong>bloque activement l'\u00e9dition de fichiers<\/strong> pour tout utilisateur, devenant ainsi un <strong>outil puissant pour lutter contre les attaques de ransomware<\/strong>. Chaque fichier stock\u00e9 dans ce type de volume a une charge de dur\u00e9e de stockage minimale de 30 jours, ce qui signifie que Vawlt ne lib\u00e9rera l'espace occup\u00e9 par ce fichier qu'apr\u00e8s cette p\u00e9riode, m\u00eame si le fichier est supprim\u00e9 avant. Le temps de t\u00e9l\u00e9chargement (pour les fichiers qui ne sont pas mis en cache dans un appareil sp\u00e9cifique) est de l'ordre de quelques millisecondes pour le premier octet (TTFB).<\/p>\n<h4>Exemples d'utilisation<\/h4>\n<ul>\n<li>Conversation de centres d'appels;<\/li>\n<li>Imagerie et dossiers m\u00e9dicaux;<\/li>\n<li>Documents fig\u00e9s (par exemple, des contrats sign\u00e9s).<\/li>\n<\/ul>\n<a href=\"https:\/\/platform.vawlt.io\/login\" target=\"_self\" class=\"button primary\"  style=\"border-radius:5px;\">\n    <span>Cr\u00e9er un Volume Immutable<\/span>\n  <\/a>\n\n\n\n\t\t<\/div>\n\t\t\t\t\n<style>\n#col-211156206 > .col-inner {\n  padding: 0px 20px 0px 20px;\n}\n@media (min-width:550px) {\n  #col-211156206 > .col-inner {\n    padding: 0px 20px 0px 0px;\n  }\n}\n<\/style>\n\t<\/div>\n\n\t\n\n\t<div id=\"col-289213697\" class=\"col medium-6 small-6 large-6 small-col-first\"  >\n\t\t\t\t<div class=\"col-inner text-center\"  >\n\t\t\t\n\t\t\t\n\n\t<div class=\"img has-hover x md-x lg-x y md-y lg-y\" id=\"image_2125610305\">\n\t\t\t\t<div data-parallax-fade=\"true\" data-parallax=\"1\">\t\t\t\t<div class=\"img-inner dark\" >\n\t\t\t<img loading=\"lazy\" decoding=\"async\" width=\"1\" height=\"1\" src=\"https:\/\/vawlt.io\/wp-content\/uploads\/2021\/08\/solution02.svg\" class=\"attachment-large size-large\" alt=\"\" \/>\t\t\t\t\t\t\n\t\t\t\t\t<\/div>\n\t\t\t\t<\/div>\t\t\t\t\n<style>\n#image_2125610305 {\n  width: 60%;\n}\n<\/style>\n\t<\/div>\n\t\n\n\n\t\t<\/div>\n\t\t\t\t\n<style>\n#col-289213697 > .col-inner {\n  margin: 0px 0px 0px -10px;\n}\n<\/style>\n\t<\/div>\n\n\t\n\n<\/div>\n\n\t\t<\/div>\n\n\t\t\n<style>\n#section_1915678157 {\n  padding-top: 50px;\n  padding-bottom: 50px;\n  background-color: rgb(248, 250, 250);\n}\n@media (min-width:850px) {\n  #section_1915678157 {\n    padding-top: 80px;\n    padding-bottom: 80px;\n  }\n}\n<\/style>\n\t<\/section>\n\t\n<span class=\"scroll-to\" data-label=\"Scroll to: #archival\" data-bullet=\"false\" data-link=\"#archival\" data-title=\"Archival\"><a name=\"archival\"><\/a><\/span>\n\n\t<section class=\"section\" id=\"section_503994433\">\n\t\t<div class=\"bg section-bg fill bg-fill  bg-loaded\" >\n\n\t\t\t\n\t\t\t\n\t\t\t\n\n\t\t<\/div>\n\n\t\t<div class=\"section-content relative\">\n\t\t\t\n\n<div class=\"row align-middle\"  id=\"row-2129694833\">\n\n\n\t<div id=\"col-357355902\" class=\"col medium-6 small-6 large-6 small-col-first\"  >\n\t\t\t\t<div class=\"col-inner text-center\"  >\n\t\t\t\n\t\t\t\n\n\t<div class=\"img has-hover x md-x lg-x y md-y lg-y\" id=\"image_916527472\">\n\t\t\t\t<div data-parallax-fade=\"true\" data-parallax=\"1\">\t\t\t\t<div class=\"img-inner dark\" >\n\t\t\t<img loading=\"lazy\" decoding=\"async\" width=\"1\" height=\"1\" src=\"https:\/\/vawlt.io\/wp-content\/uploads\/2021\/08\/solution03.svg\" class=\"attachment-large size-large\" alt=\"\" \/>\t\t\t\t\t\t\n\t\t\t\t\t<\/div>\n\t\t\t\t<\/div>\t\t\t\t\n<style>\n#image_916527472 {\n  width: 60%;\n}\n<\/style>\n\t<\/div>\n\t\n\n\n\t\t<\/div>\n\t\t\t\t\n<style>\n#col-357355902 > .col-inner {\n  margin: 0px 0px 0px -10px;\n}\n<\/style>\n\t<\/div>\n\n\t\n\n\t<div id=\"col-1567350394\" class=\"col medium-6 small-12 large-6\"  >\n\t\t\t\t<div class=\"col-inner text-left\"  >\n\t\t\t\n\t\t\t\n\n<h2><strong>Volumes Archival<\/strong><\/h2>\n<p class=\"translation-block\">Optimis\u00e9s pour les fichiers qui sont <strong>stock\u00e9s pendant de longues p\u00e9riodes<\/strong> (\u00e9crits une fois mais rarement lus). Chaque fichier stock\u00e9 dans ce type de volume a une dur\u00e9e de stockage minimale de 180 jours, ce qui signifie que Vawlt ne lib\u00e9rera l'espace occup\u00e9 par ce fichier qu'apr\u00e8s cette p\u00e9riode, m\u00eame si le fichier est supprim\u00e9 avant. Les fichiers stock\u00e9s dans ce type de volume sont <strong>hors ligne<\/strong> et, par cons\u00e9quent, une op\u00e9ration Fetch doit \u00eatre effectu\u00e9e avant de lire les fichiers qui ne sont pas mis en cache dans un appareil sp\u00e9cifique. Pour ces fichiers, le temps de t\u00e9l\u00e9chargement peut prendre jusqu'\u00e0 5 heures apr\u00e8s l'application d'un Fetch.<\/p>\n<h4>Exemples d'utilisation<\/h4>\n<ul>\n<li>Journaux d\u2019activit\u00e9 des commutateurs, des pare-feu, etc;<\/li>\n<li>Processus juridiques clos;<\/li>\n<li>Documents comptables des ann\u00e9es pr\u00e9c\u00e9dentes.<\/li>\n<\/ul>\n<a href=\"https:\/\/platform.vawlt.io\/login\" target=\"_self\" class=\"button primary\"  style=\"border-radius:5px;\">\n    <span>Cr\u00e9er un Volume Archival<\/span>\n  <\/a>\n\n\n\n\t\t<\/div>\n\t\t\t\t\n<style>\n#col-1567350394 > .col-inner {\n  padding: 0px 20px 0px 20px;\n}\n@media (min-width:550px) {\n  #col-1567350394 > .col-inner {\n    padding: 0px 0px 0px 20px;\n  }\n}\n<\/style>\n\t<\/div>\n\n\t\n\n<\/div>\n\n\t\t<\/div>\n\n\t\t\n<style>\n#section_503994433 {\n  padding-top: 50px;\n  padding-bottom: 50px;\n}\n@media (min-width:850px) {\n  #section_503994433 {\n    padding-top: 80px;\n    padding-bottom: 80px;\n  }\n}\n<\/style>\n\t<\/section>\n\t\n\t<section class=\"section\" id=\"section_1343391334\">\n\t\t<div class=\"bg section-bg fill bg-fill  bg-loaded\" >\n\n\t\t\t\n\t\t\t\n\t\t\t\n\n\t\t<\/div>\n\n\t\t<div class=\"section-content relative\">\n\t\t\t\n\n<div class=\"row\"  id=\"row-1001182508\">\n\n\n\t<div id=\"col-1350310917\" class=\"col small-12 large-12\"  >\n\t\t\t\t<div class=\"col-inner text-center\"  >\n\t\t\t\n\t\t\t\n\n\t<div id=\"text-8867321\" class=\"text\">\n\t\t\n\n<h2><strong>Une solution unique pour le cycle de vie de vos donn\u00e9es<\/strong><\/h2>\n\t\t\n<style>\n#text-8867321 {\n  font-size: 1.6rem;\n  text-align: center;\n}\n<\/style>\n\t<\/div>\n\t\n\t<div id=\"gap-1276617807\" class=\"gap-element clearfix\" style=\"display:block; height:auto;\">\n\t\t\n<style>\n#gap-1276617807 {\n  padding-top: 30px;\n}\n<\/style>\n\t<\/div>\n\t\n\n\t<div class=\"img has-hover x md-x lg-x y md-y lg-y\" id=\"image_61873871\">\n\t\t\t\t\t\t\t\t<div class=\"img-inner dark\" >\n\t\t\t<img loading=\"lazy\" decoding=\"async\" width=\"1\" height=\"1\" src=\"https:\/\/vawlt.io\/wp-content\/uploads\/2021\/08\/type_volumes01.svg\" class=\"attachment-large size-large\" alt=\"\" \/>\t\t\t\t\t\t\n\t\t\t\t\t<\/div>\n\t\t\t\t\t\t\t\t\n<style>\n#image_61873871 {\n  width: 100%;\n}\n@media (min-width:550px) {\n  #image_61873871 {\n    width: 80%;\n  }\n}\n<\/style>\n\t<\/div>\n\t\n\n\n\t\t<\/div>\n\t\t\t\t\t<\/div>\n\n\t\n\n<\/div>\n\n\t\t<\/div>\n\n\t\t\n<style>\n#section_1343391334 {\n  padding-top: 50px;\n  padding-bottom: 50px;\n  background-color: rgb(244, 247, 249);\n}\n@media (min-width:850px) {\n  #section_1343391334 {\n    padding-top: 80px;\n    padding-bottom: 80px;\n  }\n}\n<\/style>\n\t<\/section>\n\t\n\t<section class=\"section\" id=\"section_1417443956\">\n\t\t<div class=\"bg section-bg fill bg-fill  bg-loaded\" >\n\n\t\t\t\n\t\t\t\n\t\t\t\n\n\t\t<\/div>\n\n\t\t<div class=\"section-content relative\">\n\t\t\t\n\n<div class=\"row\"  id=\"row-1154900838\">\n\n\n\t<div id=\"col-413643936\" class=\"col small-12 large-12\"  >\n\t\t\t\t<div class=\"col-inner text-center\"  >\n\t\t\t\n\t\t\t\n\n\t<div id=\"text-2696332100\" class=\"text\">\n\t\t\n\n<h2><strong>D\u00e9couvrez les sp\u00e9cifications techniques<\/strong><\/h2>\n\t\t\n<style>\n#text-2696332100 {\n  font-size: 1.6rem;\n  text-align: center;\n}\n<\/style>\n\t<\/div>\n\t\n\n\t\t<\/div>\n\t\t\t\t\t<\/div>\n\n\t\n\n<\/div>\n<div class=\"row\"  id=\"row-1257695469\">\n\n\n\t<div id=\"col-1018785765\" class=\"col small-12 large-12\"  >\n\t\t\t\t<div class=\"col-inner\"  >\n\t\t\t\n\t\t\t\n\n\t<div id=\"text-1472712654\" class=\"text\">\n\t\t\n\n<table class=\"compare table table-striped\"><thead class=\"thead-inverse\"><tr><th class=\"w-25\"><\/th><th class=\"\">Hot<\/th><th class=\"\">Warm<\/th><th class=\"\">Immutable<\/th><th class=\"\">Archival<\/th><\/tr><\/thead><tbody><tr><td class=\"w-25 option\">Dur\u00e9e minimale de stockage<\/td><td class=\"\">N.D<\/td><td class=\"\">30 jours<\/td><td class=\"\">30 jours<\/td><td class=\"\">180 jours<\/td><\/tr><tr><td class=\"option\">Gestion des versions<\/td><td>Oui<\/td><td>Oui<\/td><td>Non<\/td><td>Non<\/td><\/tr><tr><td class=\"option\">Temps de t\u00e9l\u00e9chargement (premier octet)<\/td><td>Milliseconde<\/td><td>Milliseconde<\/td><td>Milliseconde<\/td><td>Jusqu'\u00e0 5 heures<\/td><\/tr><\/tbody><\/table>\n\t\t\n<style>\n#text-1472712654 {\n  font-size: 0.75rem;\n}\n<\/style>\n\t<\/div>\n\t\n\n\t\t<\/div>\n\t\t\t\t\n<style>\n#col-1018785765 > .col-inner {\n  padding: 0px 0px 0px 0px;\n}\n@media (min-width:550px) {\n  #col-1018785765 > .col-inner {\n    padding: 0px 20px 0px 20px;\n  }\n}\n<\/style>\n\t<\/div>\n\n\t\n\n<\/div>\n\n\t\t<\/div>\n\n\t\t\n<style>\n#section_1417443956 {\n  padding-top: 50px;\n  padding-bottom: 50px;\n  background-color: rgb(255, 255, 255);\n}\n@media (min-width:850px) {\n  #section_1417443956 {\n    padding-top: 80px;\n    padding-bottom: 80px;\n  }\n}\n<\/style>\n\t<\/section>\n\t\n\t<section class=\"section\" id=\"section_1082624191\">\n\t\t<div class=\"bg section-bg fill bg-fill  bg-loaded\" >\n\n\t\t\t\n\t\t\t\n\t\t\t\n\n\t\t<\/div>\n\n\t\t<div class=\"section-content relative\">\n\t\t\t\n\n<div class=\"row row-collapse\"  id=\"row-1930635628\">\n\n\n\t<div id=\"col-270329451\" class=\"col small-12 large-12\"  >\n\t\t\t\t<div class=\"col-inner text-center\"  >\n\t\t\t\n\t\t\t\n\n\t<div id=\"text-1049030514\" class=\"text\">\n\t\t\n\n<h3><strong>Contr\u00f4le d'Acc\u00e8s<\/strong><\/h3>\n\t\t\n<style>\n#text-1049030514 {\n  color: rgb(48, 100, 137);\n}\n#text-1049030514 > * {\n  color: rgb(48, 100, 137);\n}\n<\/style>\n\t<\/div>\n\t\n<a href=\"\/fr\/produit\/controle-d-acces\/\" target=\"_self\" class=\"button primary is-link\"  >\n    <span>D\u00e9couvrez le Contr\u00f4le d'Acc\u00e8s<\/span>\n  <i class=\"icon-angle-right\" ><\/i><\/a>\n\n\n\n\t\t<\/div>\n\t\t\t\t\t<\/div>\n\n\t\n\n<\/div>\n\n\t\t<\/div>\n\n\t\t\n<style>\n#section_1082624191 {\n  padding-top: 50px;\n  padding-bottom: 50px;\n  background-color: rgb(244, 247, 249);\n}\n@media (min-width:850px) {\n  #section_1082624191 {\n    padding-top: 80px;\n    padding-bottom: 80px;\n  }\n}\n<\/style>\n\t<\/section>","protected":false},"excerpt":{"rendered":"","protected":false},"author":8,"featured_media":0,"parent":36,"menu_order":2,"comment_status":"closed","ping_status":"closed","template":"page-blank.php","meta":{"footnotes":""},"class_list":["post-173","page","type-page","status-publish","hentry"],"yoast_head":"<!-- This site is optimized with the Yoast SEO plugin v26.2 - https:\/\/yoast.com\/wordpress\/plugins\/seo\/ -->\n<title>Volume Types: Hot, Warm, Immutable, Archival | Multicloud Storage | Vawlt<\/title>\n<meta name=\"description\" content=\"Vawlt adapts to your needs: define storage capacity, download quota, interfaces and retention policies to your data volumes, or by brand and location.\" \/>\n<meta name=\"robots\" content=\"index, follow, max-snippet:-1, max-image-preview:large, max-video-preview:-1\" \/>\n<link rel=\"canonical\" href=\"https:\/\/site-temp.vawlt.io\/product\/volume-types\/\" \/>\n<meta property=\"og:locale\" content=\"fr_FR\" \/>\n<meta property=\"og:type\" content=\"article\" \/>\n<meta property=\"og:title\" content=\"Volume Types: Hot, Warm, Immutable, Archival | Multicloud Storage | Vawlt\" \/>\n<meta property=\"og:description\" content=\"Vawlt adapts to your needs: define storage capacity, download quota, interfaces and retention policies to your data volumes, or by brand and location.\" \/>\n<meta property=\"og:url\" content=\"https:\/\/site-temp.vawlt.io\/product\/volume-types\/\" \/>\n<meta property=\"og:site_name\" content=\"Vawlt\" \/>\n<meta property=\"article:publisher\" content=\"https:\/\/www.facebook.com\/vawlt\" \/>\n<meta property=\"article:modified_time\" content=\"2022-05-19T11:05:25+00:00\" \/>\n<meta property=\"og:image\" content=\"https:\/\/vawlt.io\/wp-content\/uploads\/2021\/09\/mockup.png\" \/>\n\t<meta property=\"og:image:width\" content=\"500\" \/>\n\t<meta property=\"og:image:height\" content=\"256\" \/>\n\t<meta property=\"og:image:type\" content=\"image\/png\" \/>\n<meta name=\"twitter:card\" content=\"summary_large_image\" \/>\n<meta name=\"twitter:site\" content=\"@vawltio\" \/>\n<meta name=\"twitter:label1\" content=\"Dur\u00e9e de lecture estim\u00e9e\" \/>\n\t<meta name=\"twitter:data1\" content=\"4 minutes\" \/>\n<!-- \/ Yoast SEO plugin. -->","yoast_head_json":{"title":"Types de Volumes: Hot, Warm, Immutable, Archival | Stockage Multicloud | Vawlt","description":"Vawlt s'adapte \u00e0 vos besoins: d\u00e9finissez la capacit\u00e9 de stockage, le quota de t\u00e9l\u00e9chargement, les interfaces et les politiques de r\u00e9tention en fonction de vos volumes de donn\u00e9es, ou par marque et emplacement.","robots":{"index":"index","follow":"follow","max-snippet":"max-snippet:-1","max-image-preview":"max-image-preview:large","max-video-preview":"max-video-preview:-1"},"canonical":"https:\/\/site-temp.vawlt.io\/product\/volume-types\/","og_locale":"fr_FR","og_type":"article","og_title":"Volume Types: Hot, Warm, Immutable, Archival | Multicloud Storage | Vawlt","og_description":"Vawlt adapts to your needs: define storage capacity, download quota, interfaces and retention policies to your data volumes, or by brand and location.","og_url":"https:\/\/site-temp.vawlt.io\/product\/volume-types\/","og_site_name":"Vawlt","article_publisher":"https:\/\/www.facebook.com\/vawlt","article_modified_time":"2022-05-19T11:05:25+00:00","og_image":[{"width":500,"height":256,"url":"https:\/\/vawlt.io\/wp-content\/uploads\/2021\/09\/mockup.png","type":"image\/png"}],"twitter_card":"summary_large_image","twitter_site":"@vawltio","twitter_misc":{"Dur\u00e9e de lecture estim\u00e9e":"4 minutes"},"schema":{"@context":"https:\/\/schema.org","@graph":[{"@type":"WebPage","@id":"https:\/\/site-temp.vawlt.io\/product\/volume-types\/","url":"https:\/\/site-temp.vawlt.io\/product\/volume-types\/","name":"Types de Volumes: Hot, Warm, Immutable, Archival | Stockage Multicloud | Vawlt","isPartOf":{"@id":"https:\/\/site-temp.vawlt.io\/#website"},"datePublished":"2021-08-12T09:05:00+00:00","dateModified":"2022-05-19T11:05:25+00:00","description":"Vawlt s'adapte \u00e0 vos besoins: d\u00e9finissez la capacit\u00e9 de stockage, le quota de t\u00e9l\u00e9chargement, les interfaces et les politiques de r\u00e9tention en fonction de vos volumes de donn\u00e9es, ou par marque et emplacement.","breadcrumb":{"@id":"https:\/\/site-temp.vawlt.io\/product\/volume-types\/#breadcrumb"},"inLanguage":"fr-FR","potentialAction":[{"@type":"ReadAction","target":["https:\/\/site-temp.vawlt.io\/product\/volume-types\/"]}]},{"@type":"BreadcrumbList","@id":"https:\/\/site-temp.vawlt.io\/product\/volume-types\/#breadcrumb","itemListElement":[{"@type":"ListItem","position":1,"name":"Home","item":"https:\/\/vawlt.io\/"},{"@type":"ListItem","position":2,"name":"Product","item":"https:\/\/site-temp.vawlt.io\/product\/"},{"@type":"ListItem","position":3,"name":"Volume Types"}]},{"@type":"WebSite","@id":"https:\/\/site-temp.vawlt.io\/#website","url":"https:\/\/site-temp.vawlt.io\/","name":"Vawlt","description":"Solution de stockage de donn\u00e9es multicloud qui simplifie la transition vers le cloud, am\u00e9liore les normes de s\u00e9curit\u00e9 et optimise l'utilisation des ressources de stockage.","publisher":{"@id":"https:\/\/site-temp.vawlt.io\/#organization"},"potentialAction":[{"@type":"SearchAction","target":{"@type":"EntryPoint","urlTemplate":"https:\/\/site-temp.vawlt.io\/?s={search_term_string}"},"query-input":{"@type":"PropertyValueSpecification","valueRequired":true,"valueName":"search_term_string"}}],"inLanguage":"fr-FR"},{"@type":"Organization","@id":"https:\/\/site-temp.vawlt.io\/#organization","name":"Vawlt","url":"https:\/\/site-temp.vawlt.io\/","logo":{"@type":"ImageObject","inLanguage":"fr-FR","@id":"https:\/\/site-temp.vawlt.io\/#\/schema\/logo\/image\/","url":"http:\/\/vawlt.io\/wp-content\/uploads\/2021\/08\/logo_vawlt_business.png","contentUrl":"http:\/\/vawlt.io\/wp-content\/uploads\/2021\/08\/logo_vawlt_business.png","width":576,"height":92,"caption":"Vawlt"},"image":{"@id":"https:\/\/site-temp.vawlt.io\/#\/schema\/logo\/image\/"},"sameAs":["https:\/\/www.facebook.com\/vawlt","https:\/\/x.com\/vawltio","https:\/\/www.linkedin.com\/company\/vawlt","https:\/\/www.youtube.com\/channel\/UCYzlYYg7j_07CFi8Be0eAMw"]}]}},"_links":{"self":[{"href":"https:\/\/vawlt.io\/fr\/wp-json\/wp\/v2\/pages\/173","targetHints":{"allow":["GET"]}}],"collection":[{"href":"https:\/\/vawlt.io\/fr\/wp-json\/wp\/v2\/pages"}],"about":[{"href":"https:\/\/vawlt.io\/fr\/wp-json\/wp\/v2\/types\/page"}],"author":[{"embeddable":true,"href":"https:\/\/vawlt.io\/fr\/wp-json\/wp\/v2\/users\/8"}],"replies":[{"embeddable":true,"href":"https:\/\/vawlt.io\/fr\/wp-json\/wp\/v2\/comments?post=173"}],"version-history":[{"count":45,"href":"https:\/\/vawlt.io\/fr\/wp-json\/wp\/v2\/pages\/173\/revisions"}],"predecessor-version":[{"id":5629,"href":"https:\/\/vawlt.io\/fr\/wp-json\/wp\/v2\/pages\/173\/revisions\/5629"}],"up":[{"embeddable":true,"href":"https:\/\/vawlt.io\/fr\/wp-json\/wp\/v2\/pages\/36"}],"wp:attachment":[{"href":"https:\/\/vawlt.io\/fr\/wp-json\/wp\/v2\/media?parent=173"}],"curies":[{"name":"wp","href":"https:\/\/api.w.org\/{rel}","templated":true}]}}