{"id":2186,"date":"2021-09-03T13:08:53","date_gmt":"2021-09-03T13:08:53","guid":{"rendered":"http:\/\/vawlt.io\/?page_id=2186"},"modified":"2022-03-04T17:18:07","modified_gmt":"2022-03-04T17:18:07","slug":"support","status":"publish","type":"page","link":"https:\/\/vawlt.io\/fr\/support\/","title":{"rendered":"Support"},"content":{"rendered":"<section class=\"section\" id=\"section_998508325\">\n\t\t<div class=\"bg section-bg fill bg-fill  bg-loaded\" >\n\n\t\t\t\n\t\t\t\n\t\t\t\n\n\t\t<\/div>\n\n\t\t<div class=\"section-content relative\">\n\t\t\t\n\n<div class=\"row\"  id=\"row-423270062\">\n\n\n\t<div id=\"col-317119900\" class=\"col small-12 large-12\"  >\n\t\t\t\t<div class=\"col-inner\"  >\n\t\t\t\n\t\t\t\n\n\t<div id=\"text-183741299\" class=\"text\">\n\t\t\n\n<h2><strong>Support<\/strong><\/h2>\n\t\t\n<style>\n#text-183741299 {\n  font-size: 1.6rem;\n  text-align: center;\n}\n<\/style>\n\t<\/div>\n\t\n\t<div id=\"text-4028387042\" class=\"text\">\n\t\t\n\n<p class=\"translation-block\">Trouvez un soutien concernant tous les aspects de la <strong>Plate-forme de Stockage Dynamique de Vawlt<\/strong> et de <strong>l'agent logiciel<\/strong>.<\/p>\n\t\t\n<style>\n#text-4028387042 {\n  text-align: center;\n}\n<\/style>\n\t<\/div>\n\t\n\n\t\t<\/div>\n\t\t\t\t\n<style>\n#col-317119900 > .col-inner {\n  padding: 50px 0px 0px 0px;\n}\n@media (min-width:850px) {\n  #col-317119900 > .col-inner {\n    padding: 80px 0px 0px 0px;\n  }\n}\n<\/style>\n\t<\/div>\n\n\t\n\n<\/div>\n\n\t\t<\/div>\n\n\t\t\n<style>\n#section_998508325 {\n  padding-top: 0px;\n  padding-bottom: 0px;\n}\n<\/style>\n\t<\/section>\n\t\n\t<section class=\"section\" id=\"section_411830705\">\n\t\t<div class=\"bg section-bg fill bg-fill  bg-loaded\" >\n\n\t\t\t\n\t\t\t\n\t\t\t\n\n\t\t<\/div>\n\n\t\t<div class=\"section-content relative\">\n\t\t\t\n\n<div class=\"row\"  id=\"row-1985012672\">\n\n\n\t<div id=\"col-1274541348\" class=\"col medium-4 small-12 large-4\"  >\n\t\t\t\t<div class=\"col-inner\" style=\"background-color:rgb(255, 255, 255);\" >\n\t\t\t\n\t\t\t\n\n\t<div class=\"box has-hover   has-hover box-text-bottom\" >\n\n\t\t<div class=\"box-image\" >\n\t\t\t<a href=\"\/fr\/support\/plateforme-d-assistance\/\"  >\t\t\t<div class=\"image-zoom-long\" >\n\t\t\t\t<img decoding=\"async\" src=\"https:\/\/vawlt.io\/wp-content\/uploads\/2021\/08\/Features-2.svg\" class=\"attachment- size-\" alt=\"\" \/>\t\t\t\t\t\t\t\t\t\t\t<\/div>\n\t\t\t<\/a>\t\t<\/div>\n\n\t\t<div class=\"box-text text-left\" >\n\t\t\t<div class=\"box-text-inner\">\n\t\t\t\t\n\n\t<div id=\"text-44937101\" class=\"text\">\n\t\t\n\n<h3>Plateforme d\u2019assistance\/FAQ<\/h3>\n\t\t\n<style>\n#text-44937101 {\n  text-align: left;\n}\n<\/style>\n\t<\/div>\n\t\n<a href=\"\/fr\/support\/plateforme-d-assistance\/\" target=\"_self\" class=\"button primary is-link\"  >\n    <span>En savoir plus<\/span>\n  <i class=\"icon-angle-right\" ><\/i><\/a>\n\n\n\n\t\t\t<\/div>\n\t\t<\/div>\n\t<\/div>\n\t\n\n\t\t<\/div>\n\t\t\t\t\n<style>\n#col-1274541348 > .col-inner {\n  padding: 13px 15px 15px 15px;\n}\n<\/style>\n\t<\/div>\n\n\t\n\n\t<div id=\"col-2010385105\" class=\"col medium-4 small-12 large-4\"  >\n\t\t\t\t<div class=\"col-inner text-left\" style=\"background-color:rgb(255, 255, 255);\" >\n\t\t\t\n\t\t\t\n\n\t<div class=\"box has-hover   has-hover box-text-bottom\" >\n\n\t\t<div class=\"box-image\" >\n\t\t\t<a href=\"https:\/\/docs.vawlt.io\/\" target=\"_blank\" rel=\"noopener noreferrer\" >\t\t\t<div class=\"image-zoom-long\" >\n\t\t\t\t<img decoding=\"async\" src=\"https:\/\/vawlt.io\/wp-content\/uploads\/2021\/08\/Platform-2.svg\" class=\"attachment- size-\" alt=\"\" \/>\t\t\t\t\t\t\t\t\t\t\t<\/div>\n\t\t\t<\/a>\t\t<\/div>\n\n\t\t<div class=\"box-text text-left\" >\n\t\t\t<div class=\"box-text-inner\">\n\t\t\t\t\n\n<h3>Documentation <\/h3>\n<a rel=\"noopener noreferrer\" href=\"https:\/\/docs.vawlt.io\/\" target=\"_blank\" class=\"button primary is-link\"  >\n    <span>En savoir plus<\/span>\n  <i class=\"icon-angle-right\" ><\/i><\/a>\n\n\n\n\t\t\t<\/div>\n\t\t<\/div>\n\t<\/div>\n\t\n\n\t\t<\/div>\n\t\t\t\t\n<style>\n#col-2010385105 > .col-inner {\n  padding: 15px 15px 15px 15px;\n}\n<\/style>\n\t<\/div>\n\n\t\n\n\t<div id=\"col-1368187593\" class=\"col medium-4 small-12 large-4\"  >\n\t\t\t\t<div class=\"col-inner text-left\" style=\"background-color:rgb(255, 255, 255);\" >\n\t\t\t\n\t\t\t\n\n\t<div class=\"box has-hover   has-hover box-text-bottom\" >\n\n\t\t<div class=\"box-image\" >\n\t\t\t<a href=\"\/fr\/support\/tutoriels\/\"  >\t\t\t<div class=\"image-zoom-long\" >\n\t\t\t\t<img decoding=\"async\" src=\"https:\/\/vawlt.io\/wp-content\/uploads\/2021\/08\/Platform-2.svg\" class=\"attachment- size-\" alt=\"\" \/>\t\t\t\t\t\t\t\t\t\t\t<\/div>\n\t\t\t<\/a>\t\t<\/div>\n\n\t\t<div class=\"box-text text-left\" >\n\t\t\t<div class=\"box-text-inner\">\n\t\t\t\t\n\n<h3>Tutoriels vid\u00e9o <\/h3>\n<a href=\"\/fr\/support\/tutoriels\/\" target=\"_self\" class=\"button primary is-link\"  >\n    <span>En savoir plus<\/span>\n  <i class=\"icon-angle-right\" ><\/i><\/a>\n\n\n\n\t\t\t<\/div>\n\t\t<\/div>\n\t<\/div>\n\t\n\n\t\t<\/div>\n\t\t\t\t\n<style>\n#col-1368187593 > .col-inner {\n  padding: 15px 15px 15px 15px;\n}\n<\/style>\n\t<\/div>\n\n\t\n\n<\/div>\n\n\t\t<\/div>\n\n\t\t\n<style>\n#section_411830705 {\n  padding-top: 30px;\n  padding-bottom: 30px;\n  background-color: rgb(248, 249, 250);\n}\n<\/style>\n\t<\/section>","protected":false},"excerpt":{"rendered":"","protected":false},"author":8,"featured_media":0,"parent":0,"menu_order":0,"comment_status":"closed","ping_status":"closed","template":"page-blank.php","meta":{"footnotes":""},"class_list":["post-2186","page","type-page","status-publish","hentry"],"yoast_head":"<!-- This site is optimized with the Yoast SEO plugin v26.2 - https:\/\/yoast.com\/wordpress\/plugins\/seo\/ -->\n<title>Support | Multicloud Storage | Vawlt<\/title>\n<meta name=\"description\" content=\"Find support regarding all aspects from Vawlt\u2019s Dynamic Storage Platform and software agent.\" \/>\n<meta name=\"robots\" content=\"index, follow, max-snippet:-1, max-image-preview:large, max-video-preview:-1\" \/>\n<link rel=\"canonical\" href=\"https:\/\/site-temp.vawlt.io\/support\/\" \/>\n<meta property=\"og:locale\" content=\"fr_FR\" \/>\n<meta property=\"og:type\" content=\"article\" \/>\n<meta property=\"og:title\" content=\"Support | Multicloud Storage | Vawlt\" \/>\n<meta property=\"og:description\" content=\"Find support regarding all aspects from Vawlt\u2019s Dynamic Storage Platform and software agent.\" \/>\n<meta property=\"og:url\" content=\"https:\/\/site-temp.vawlt.io\/support\/\" \/>\n<meta property=\"og:site_name\" content=\"Vawlt\" \/>\n<meta property=\"article:publisher\" content=\"https:\/\/www.facebook.com\/vawlt\" \/>\n<meta property=\"article:modified_time\" content=\"2022-03-04T17:18:07+00:00\" \/>\n<meta property=\"og:image\" content=\"https:\/\/vawlt.io\/wp-content\/uploads\/2021\/09\/mockup.png\" \/>\n\t<meta property=\"og:image:width\" content=\"500\" \/>\n\t<meta property=\"og:image:height\" content=\"256\" \/>\n\t<meta property=\"og:image:type\" content=\"image\/png\" \/>\n<meta name=\"twitter:card\" content=\"summary_large_image\" \/>\n<meta name=\"twitter:site\" content=\"@vawltio\" \/>\n<meta name=\"twitter:label1\" content=\"Dur\u00e9e de lecture estim\u00e9e\" \/>\n\t<meta name=\"twitter:data1\" content=\"1 minute\" \/>\n<!-- \/ Yoast SEO plugin. -->","yoast_head_json":{"title":"Support | Stockage Multicloud | Vawlt","description":"Trouvez un soutien concernant tous les aspects de la Plate-forme de Stockage Dynamique de Vawlt et de l'agent logiciel.","robots":{"index":"index","follow":"follow","max-snippet":"max-snippet:-1","max-image-preview":"max-image-preview:large","max-video-preview":"max-video-preview:-1"},"canonical":"https:\/\/site-temp.vawlt.io\/support\/","og_locale":"fr_FR","og_type":"article","og_title":"Support | Multicloud Storage | Vawlt","og_description":"Find support regarding all aspects from Vawlt\u2019s Dynamic Storage Platform and software agent.","og_url":"https:\/\/site-temp.vawlt.io\/support\/","og_site_name":"Vawlt","article_publisher":"https:\/\/www.facebook.com\/vawlt","article_modified_time":"2022-03-04T17:18:07+00:00","og_image":[{"width":500,"height":256,"url":"https:\/\/vawlt.io\/wp-content\/uploads\/2021\/09\/mockup.png","type":"image\/png"}],"twitter_card":"summary_large_image","twitter_site":"@vawltio","twitter_misc":{"Dur\u00e9e de lecture estim\u00e9e":"1 minute"},"schema":{"@context":"https:\/\/schema.org","@graph":[{"@type":"WebPage","@id":"https:\/\/site-temp.vawlt.io\/support\/","url":"https:\/\/site-temp.vawlt.io\/support\/","name":"Support | Stockage Multicloud | Vawlt","isPartOf":{"@id":"https:\/\/site-temp.vawlt.io\/#website"},"datePublished":"2021-09-03T13:08:53+00:00","dateModified":"2022-03-04T17:18:07+00:00","description":"Trouvez un soutien concernant tous les aspects de la Plate-forme de Stockage Dynamique de Vawlt et de l'agent logiciel.","breadcrumb":{"@id":"https:\/\/site-temp.vawlt.io\/support\/#breadcrumb"},"inLanguage":"fr-FR","potentialAction":[{"@type":"ReadAction","target":["https:\/\/site-temp.vawlt.io\/support\/"]}]},{"@type":"BreadcrumbList","@id":"https:\/\/site-temp.vawlt.io\/support\/#breadcrumb","itemListElement":[{"@type":"ListItem","position":1,"name":"Home","item":"https:\/\/vawlt.io\/"},{"@type":"ListItem","position":2,"name":"Support"}]},{"@type":"WebSite","@id":"https:\/\/site-temp.vawlt.io\/#website","url":"https:\/\/site-temp.vawlt.io\/","name":"Vawlt","description":"Solution de stockage de donn\u00e9es multicloud qui simplifie la transition vers le cloud, am\u00e9liore les normes de s\u00e9curit\u00e9 et optimise l'utilisation des ressources de stockage.","publisher":{"@id":"https:\/\/site-temp.vawlt.io\/#organization"},"potentialAction":[{"@type":"SearchAction","target":{"@type":"EntryPoint","urlTemplate":"https:\/\/site-temp.vawlt.io\/?s={search_term_string}"},"query-input":{"@type":"PropertyValueSpecification","valueRequired":true,"valueName":"search_term_string"}}],"inLanguage":"fr-FR"},{"@type":"Organization","@id":"https:\/\/site-temp.vawlt.io\/#organization","name":"Vawlt","url":"https:\/\/site-temp.vawlt.io\/","logo":{"@type":"ImageObject","inLanguage":"fr-FR","@id":"https:\/\/site-temp.vawlt.io\/#\/schema\/logo\/image\/","url":"http:\/\/vawlt.io\/wp-content\/uploads\/2021\/08\/logo_vawlt_business.png","contentUrl":"http:\/\/vawlt.io\/wp-content\/uploads\/2021\/08\/logo_vawlt_business.png","width":576,"height":92,"caption":"Vawlt"},"image":{"@id":"https:\/\/site-temp.vawlt.io\/#\/schema\/logo\/image\/"},"sameAs":["https:\/\/www.facebook.com\/vawlt","https:\/\/x.com\/vawltio","https:\/\/www.linkedin.com\/company\/vawlt","https:\/\/www.youtube.com\/channel\/UCYzlYYg7j_07CFi8Be0eAMw"]}]}},"_links":{"self":[{"href":"https:\/\/vawlt.io\/fr\/wp-json\/wp\/v2\/pages\/2186","targetHints":{"allow":["GET"]}}],"collection":[{"href":"https:\/\/vawlt.io\/fr\/wp-json\/wp\/v2\/pages"}],"about":[{"href":"https:\/\/vawlt.io\/fr\/wp-json\/wp\/v2\/types\/page"}],"author":[{"embeddable":true,"href":"https:\/\/vawlt.io\/fr\/wp-json\/wp\/v2\/users\/8"}],"replies":[{"embeddable":true,"href":"https:\/\/vawlt.io\/fr\/wp-json\/wp\/v2\/comments?post=2186"}],"version-history":[{"count":7,"href":"https:\/\/vawlt.io\/fr\/wp-json\/wp\/v2\/pages\/2186\/revisions"}],"predecessor-version":[{"id":2202,"href":"https:\/\/vawlt.io\/fr\/wp-json\/wp\/v2\/pages\/2186\/revisions\/2202"}],"wp:attachment":[{"href":"https:\/\/vawlt.io\/fr\/wp-json\/wp\/v2\/media?parent=2186"}],"curies":[{"name":"wp","href":"https:\/\/api.w.org\/{rel}","templated":true}]}}