{"id":36,"date":"2021-08-11T13:46:18","date_gmt":"2021-08-11T13:46:18","guid":{"rendered":"http:\/\/vawlt.io\/?page_id=36"},"modified":"2022-03-04T17:17:56","modified_gmt":"2022-03-04T17:17:56","slug":"product","status":"publish","type":"page","link":"https:\/\/vawlt.io\/fr\/produit\/","title":{"rendered":"Produit"},"content":{"rendered":"<section class=\"section\" id=\"section_1516051820\">\n\t\t<div class=\"bg section-bg fill bg-fill  bg-loaded\" >\n\n\t\t\t\n\t\t\t\n\t\t\t\n\n\t\t<\/div>\n\n\t\t<div class=\"section-content relative\">\n\t\t\t\n\n<div class=\"row\"  id=\"row-582772217\">\n\n\n\t<div id=\"col-1225528937\" class=\"col small-12 large-12\"  >\n\t\t\t\t<div class=\"col-inner\"  >\n\t\t\t\n\t\t\t\n\n\t<div id=\"text-510672579\" class=\"text\">\n\t\t\n\n<h2><strong>Produit<\/strong><\/h2>\n\t\t\n<style>\n#text-510672579 {\n  font-size: 1.6rem;\n  text-align: center;\n}\n<\/style>\n\t<\/div>\n\t\n\t<div id=\"text-1099988772\" class=\"text\">\n\t\t\n\n<p class=\"translation-block\">Vawlt est une <strong>solution SaaS<\/strong> tout-en-un pour le <strong>stockage multicloud de donn\u00e9es<\/strong> qui <strong>simplifie la transition vers le cloud<\/strong>, <strong>am\u00e9liore les normes de s\u00e9curit\u00e9<\/strong> des donn\u00e9es et <strong>optimise l'utilisation des ressources de stockage<\/strong>. Gr\u00e2ce \u00e0 des <strong>structures de donn\u00e9es taill\u00e9es sur mesure<\/strong>, votre entreprise peut <strong>r\u00e9duire efficacement les co\u00fbts<\/strong> lorsqu\u2019un stockage massif  de donn\u00e9es est n\u00e9cessaire. De plus, gr\u00e2ce \u00e0 la <strong>tol\u00e9rance aux pannes<\/strong> et au <strong>chiffrement \u201dzero-knowledge\u201d<\/strong>, vos donn\u00e9es sont toujours <strong>prot\u00e9g\u00e9es<\/strong>, m\u00eame en cas d'attaque par ransomware. D\u00e9couvrez plus sur Vawlt, en choisissant parmi les diff\u00e9rents domaines ci-dessous.<\/p>\n\t\t\n<style>\n#text-1099988772 {\n  text-align: center;\n}\n<\/style>\n\t<\/div>\n\t\n\n\t\t<\/div>\n\t\t\t\t\n<style>\n#col-1225528937 > .col-inner {\n  padding: 80px 0px 0px 0px;\n}\n<\/style>\n\t<\/div>\n\n\t\n\n<\/div>\n\n\t\t<\/div>\n\n\t\t\n<style>\n#section_1516051820 {\n  padding-top: 0px;\n  padding-bottom: 0px;\n}\n<\/style>\n\t<\/section>\n\t\n\t<section class=\"section\" id=\"section_1730479105\">\n\t\t<div class=\"bg section-bg fill bg-fill  bg-loaded\" >\n\n\t\t\t\n\t\t\t\n\t\t\t\n\n\t\t<\/div>\n\n\t\t<div class=\"section-content relative\">\n\t\t\t\n\n<div class=\"row align-equal\"  id=\"row-1926682927\">\n\n\n\t<div id=\"col-549063012\" class=\"col medium-4 small-12 large-4\"  >\n\t\t\t\t<div class=\"col-inner\" style=\"background-color:rgb(255, 255, 255);\" >\n\t\t\t\n\t\t\t\n\n\t<div class=\"box has-hover   has-hover box-text-bottom\" >\n\n\t\t<div class=\"box-image\" >\n\t\t\t<a href=\"\/fr\/produit\/qu-est-ce-que-vawlt\/\"  >\t\t\t<div class=\"image-zoom-long\" >\n\t\t\t\t<img decoding=\"async\" src=\"https:\/\/vawlt.io\/wp-content\/uploads\/2021\/08\/Features-2.svg\" class=\"attachment- size-\" alt=\"\" \/>\t\t\t\t\t\t\t\t\t\t\t<\/div>\n\t\t\t<\/a>\t\t<\/div>\n\n\t\t<div class=\"box-text text-left\" >\n\t\t\t<div class=\"box-text-inner\">\n\t\t\t\t\n\n\t<div id=\"text-3272839765\" class=\"text\">\n\t\t\n\n<h3>Qu'est-ce que Vawlt?<\/h3>\n\t\t\n<style>\n#text-3272839765 {\n  text-align: left;\n}\n<\/style>\n\t<\/div>\n\t\n<a href=\"\/fr\/produit\/qu-est-ce-que-vawlt\/\" target=\"_self\" class=\"button primary is-link\"  >\n    <span>En savoir plus<\/span>\n  <i class=\"icon-angle-right\" ><\/i><\/a>\n\n\n\n\t\t\t<\/div>\n\t\t<\/div>\n\t<\/div>\n\t\n\n\t\t<\/div>\n\t\t\t\t\n<style>\n#col-549063012 > .col-inner {\n  padding: 13px 15px 15px 15px;\n}\n<\/style>\n\t<\/div>\n\n\t\n\n\t<div id=\"col-568045894\" class=\"col medium-4 small-12 large-4\"  >\n\t\t\t\t<div class=\"col-inner text-left\" style=\"background-color:rgb(255, 255, 255);\" >\n\t\t\t\n\t\t\t\n\n\t<div class=\"box has-hover   has-hover box-text-bottom\" >\n\n\t\t<div class=\"box-image\" >\n\t\t\t<a href=\"\/fr\/produit\/plateforme-de-stockage-dynamique\/\"  >\t\t\t<div class=\"image-zoom-long\" >\n\t\t\t\t<img decoding=\"async\" src=\"https:\/\/vawlt.io\/wp-content\/uploads\/2021\/08\/Platform-2.svg\" class=\"attachment- size-\" alt=\"\" \/>\t\t\t\t\t\t\t\t\t\t\t<\/div>\n\t\t\t<\/a>\t\t<\/div>\n\n\t\t<div class=\"box-text text-left\" >\n\t\t\t<div class=\"box-text-inner\">\n\t\t\t\t\n\n<h3>Plate-forme de Stockage Dynamique <\/h3>\n<a href=\"\/fr\/produit\/plateforme-de-stockage-dynamique\/\" target=\"_self\" class=\"button primary is-link\"  >\n    <span>En savoir plus<\/span>\n  <i class=\"icon-angle-right\" ><\/i><\/a>\n\n\n\n\t\t\t<\/div>\n\t\t<\/div>\n\t<\/div>\n\t\n\n\t\t<\/div>\n\t\t\t\t\n<style>\n#col-568045894 > .col-inner {\n  padding: 15px 15px 15px 15px;\n}\n<\/style>\n\t<\/div>\n\n\t\n\n\t<div id=\"col-238187374\" class=\"col medium-4 small-12 large-4\"  >\n\t\t\t\t<div class=\"col-inner text-left\" style=\"background-color:rgb(255, 255, 255);\" >\n\t\t\t\n\t\t\t\n\n\t<div class=\"box has-hover   has-hover box-text-bottom\" >\n\n\t\t<div class=\"box-image\" >\n\t\t\t<a href=\"\/fr\/produit\/types-de-volumes\/\"  >\t\t\t<div class=\"image-zoom-long\" >\n\t\t\t\t<img decoding=\"async\" src=\"https:\/\/vawlt.io\/wp-content\/uploads\/2021\/08\/Volumes-1.svg\" class=\"attachment- size-\" alt=\"\" \/>\t\t\t\t\t\t\t\t\t\t\t<\/div>\n\t\t\t<\/a>\t\t<\/div>\n\n\t\t<div class=\"box-text text-left\" >\n\t\t\t<div class=\"box-text-inner\">\n\t\t\t\t\n\n<h3>Types de Volumes <\/h3>\n<a href=\"\/fr\/produit\/types-de-volumes\/\" target=\"_self\" class=\"button primary is-link\"  >\n    <span>En savoir plus<\/span>\n  <i class=\"icon-angle-right\" ><\/i><\/a>\n\n\n\n\t\t\t<\/div>\n\t\t<\/div>\n\t<\/div>\n\t\n\n\t\t<\/div>\n\t\t\t\t\n<style>\n#col-238187374 > .col-inner {\n  padding: 15px 15px 15px 15px;\n}\n<\/style>\n\t<\/div>\n\n\t\n\n<\/div>\n<div class=\"row align-equal\"  id=\"row-835625280\">\n\n\n\t<div id=\"col-566362038\" class=\"col medium-4 small-12 large-4\"  >\n\t\t\t\t<div class=\"col-inner\" style=\"background-color:rgb(255, 255, 255);\" >\n\t\t\t\n\t\t\t\n\n\t<div class=\"box has-hover   has-hover box-text-bottom\" >\n\n\t\t<div class=\"box-image\" >\n\t\t\t<a href=\"\/fr\/produit\/controle-d-acces\/\"  >\t\t\t<div class=\"image-zoom-long\" >\n\t\t\t\t<img decoding=\"async\" src=\"https:\/\/vawlt.io\/wp-content\/uploads\/2021\/08\/Access-Control-2.svg\" class=\"attachment- size-\" alt=\"\" \/>\t\t\t\t\t\t\t\t\t\t\t<\/div>\n\t\t\t<\/a>\t\t<\/div>\n\n\t\t<div class=\"box-text text-left\" >\n\t\t\t<div class=\"box-text-inner\">\n\t\t\t\t\n\n\t<div id=\"text-1184906472\" class=\"text\">\n\t\t\n\n<h3>Contr\u00f4le d'Acc\u00e8s<\/h3>\n\t\t\n<style>\n#text-1184906472 {\n  text-align: left;\n}\n<\/style>\n\t<\/div>\n\t\n<a href=\"\/fr\/produit\/controle-d-acces\/\" target=\"_self\" class=\"button primary is-link\"  >\n    <span>En savoir plus<\/span>\n  <i class=\"icon-angle-right\" ><\/i><\/a>\n\n\n\n\t\t\t<\/div>\n\t\t<\/div>\n\t<\/div>\n\t\n\n\t\t<\/div>\n\t\t\t\t\n<style>\n#col-566362038 > .col-inner {\n  padding: 13px 15px 15px 15px;\n}\n<\/style>\n\t<\/div>\n\n\t\n\n\t<div id=\"col-1023991228\" class=\"col medium-4 small-12 large-4\"  >\n\t\t\t\t<div class=\"col-inner text-left\" style=\"background-color:rgb(255, 255, 255);\" >\n\t\t\t\n\t\t\t\n\n\t<div class=\"box has-hover   has-hover box-text-bottom\" >\n\n\t\t<div class=\"box-image\" >\n\t\t\t<a href=\"\/fr\/produit\/suivi-et-audit\/\"  >\t\t\t<div class=\"image-zoom-long\" >\n\t\t\t\t<img decoding=\"async\" src=\"https:\/\/vawlt.io\/wp-content\/uploads\/2021\/08\/Trace-1.svg\" class=\"attachment- size-\" alt=\"\" \/>\t\t\t\t\t\t\t\t\t\t\t<\/div>\n\t\t\t<\/a>\t\t<\/div>\n\n\t\t<div class=\"box-text text-left\" >\n\t\t\t<div class=\"box-text-inner\">\n\t\t\t\t\n\n<h3>Suivi et Audit <\/h3>\n<a href=\"\/fr\/produit\/suivi-et-audit\/\" target=\"_self\" class=\"button primary is-link\"  >\n    <span>En savoir plus<\/span>\n  <i class=\"icon-angle-right\" ><\/i><\/a>\n\n\n\n\t\t\t<\/div>\n\t\t<\/div>\n\t<\/div>\n\t\n\n\t\t<\/div>\n\t\t\t\t\n<style>\n#col-1023991228 > .col-inner {\n  padding: 15px 15px 15px 15px;\n}\n<\/style>\n\t<\/div>\n\n\t\n\n\t<div id=\"col-87262799\" class=\"col medium-4 small-12 large-4\"  >\n\t\t\t\t<div class=\"col-inner text-left\" style=\"background-color:rgb(255, 255, 255);\" >\n\t\t\t\n\t\t\t\n\n\t<div class=\"box has-hover   has-hover box-text-bottom\" >\n\n\t\t<div class=\"box-image\" >\n\t\t\t<a href=\"\/fr\/produit\/interfaces-de-stockage\/\"  >\t\t\t<div class=\"image-zoom-long\" >\n\t\t\t\t<img decoding=\"async\" src=\"https:\/\/vawlt.io\/wp-content\/uploads\/2021\/08\/Storage-interfaces.svg\" class=\"attachment- size-\" alt=\"\" \/>\t\t\t\t\t\t\t\t\t\t\t<\/div>\n\t\t\t<\/a>\t\t<\/div>\n\n\t\t<div class=\"box-text text-left\" >\n\t\t\t<div class=\"box-text-inner\">\n\t\t\t\t\n\n<h3> Interfaces de Stockage <\/h3>\n<a href=\"\/fr\/produit\/interfaces-de-stockage\/\" target=\"_self\" class=\"button primary is-link\"  >\n    <span>En savoir plus<\/span>\n  <i class=\"icon-angle-right\" ><\/i><\/a>\n\n\n\n\t\t\t<\/div>\n\t\t<\/div>\n\t<\/div>\n\t\n\n\t\t<\/div>\n\t\t\t\t\n<style>\n#col-87262799 > .col-inner {\n  padding: 15px 15px 15px 15px;\n}\n<\/style>\n\t<\/div>\n\n\t\n\n<\/div>\n<div class=\"row align-equal\"  id=\"row-588766114\">\n\n\n\t<div id=\"col-50387649\" class=\"col medium-4 small-12 large-4\"  >\n\t\t\t\t<div class=\"col-inner\" style=\"background-color:rgb(255, 255, 255);\" >\n\t\t\t\n\t\t\t\n\n\t<div class=\"box has-hover   has-hover box-text-bottom\" >\n\n\t\t<div class=\"box-image\" >\n\t\t\t<a href=\"\/fr\/produit\/destinations-de-stockage\/\"  >\t\t\t<div class=\"image-zoom-long\" >\n\t\t\t\t<img decoding=\"async\" src=\"https:\/\/vawlt.io\/wp-content\/uploads\/2021\/08\/Destinations.svg\" class=\"attachment- size-\" alt=\"\" \/>\t\t\t\t\t\t\t\t\t\t\t<\/div>\n\t\t\t<\/a>\t\t<\/div>\n\n\t\t<div class=\"box-text text-left\" >\n\t\t\t<div class=\"box-text-inner\">\n\t\t\t\t\n\n\t<div id=\"text-3911243653\" class=\"text\">\n\t\t\n\n<h3>Destinations de Stockage <\/h3>\n\t\t\n<style>\n#text-3911243653 {\n  text-align: left;\n}\n<\/style>\n\t<\/div>\n\t\n<a href=\"\/fr\/produit\/destinations-de-stockage\/\" target=\"_self\" class=\"button primary is-link\"  >\n    <span>En savoir plus<\/span>\n  <i class=\"icon-angle-right\" ><\/i><\/a>\n\n\n\n\t\t\t<\/div>\n\t\t<\/div>\n\t<\/div>\n\t\n\n\t\t<\/div>\n\t\t\t\t\n<style>\n#col-50387649 > .col-inner {\n  padding: 13px 15px 15px 15px;\n}\n<\/style>\n\t<\/div>\n\n\t\n\n\t<div id=\"col-1100893687\" class=\"col medium-4 small-12 large-4\"  >\n\t\t\t\t<div class=\"col-inner text-left\" style=\"background-color:rgb(255, 255, 255);\" >\n\t\t\t\n\t\t\t\n\n\t<div class=\"box has-hover   has-hover box-text-bottom\" >\n\n\t\t<div class=\"box-image\" >\n\t\t\t<a href=\"\/fr\/produit\/pourquoi-choisir-vawlt\/\"  >\t\t\t<div class=\"image-zoom-long\" >\n\t\t\t\t<img decoding=\"async\" src=\"https:\/\/vawlt.io\/wp-content\/uploads\/2021\/08\/multicloud.svg\" class=\"attachment- size-\" alt=\"\" \/>\t\t\t\t\t\t\t\t\t\t\t<\/div>\n\t\t\t<\/a>\t\t<\/div>\n\n\t\t<div class=\"box-text text-left\" >\n\t\t\t<div class=\"box-text-inner\">\n\t\t\t\t\n\n<h3>Pourquoi choisir Vawlt?<\/h3>\n<a href=\"\/fr\/produit\/pourquoi-choisir-vawlt\/\" target=\"_self\" class=\"button primary is-link\"  >\n    <span>En savoir plus<\/span>\n  <i class=\"icon-angle-right\" ><\/i><\/a>\n\n\n\n\t\t\t<\/div>\n\t\t<\/div>\n\t<\/div>\n\t\n\n\t\t<\/div>\n\t\t\t\t\n<style>\n#col-1100893687 > .col-inner {\n  padding: 15px 15px 15px 15px;\n}\n<\/style>\n\t<\/div>\n\n\t\n\n\t<div id=\"col-1160163821\" class=\"col medium-4 small-12 large-4\"  >\n\t\t\t\t<div class=\"col-inner text-left\" style=\"background-color:rgb(255, 255, 255);\" >\n\t\t\t\n\t\t\t\n\n\t<div class=\"box has-hover   has-hover box-text-bottom\" >\n\n\t\t<div class=\"box-image\" >\n\t\t\t<a href=\"\/fr\/produit\/tarification\/\"  >\t\t\t<div class=\"image-zoom-long\" >\n\t\t\t\t<img decoding=\"async\" src=\"https:\/\/vawlt.io\/wp-content\/uploads\/2021\/08\/pricing.svg\" class=\"attachment- size-\" alt=\"\" \/>\t\t\t\t\t\t\t\t\t\t\t<\/div>\n\t\t\t<\/a>\t\t<\/div>\n\n\t\t<div class=\"box-text text-left\" >\n\t\t\t<div class=\"box-text-inner\">\n\t\t\t\t\n\n<h3> Tarification <\/h3>\n<a href=\"\/fr\/produit\/tarification\/\" target=\"_self\" class=\"button primary is-link\"  >\n    <span>En savoir plus<\/span>\n  <i class=\"icon-angle-right\" ><\/i><\/a>\n\n\n\n\t\t\t<\/div>\n\t\t<\/div>\n\t<\/div>\n\t\n\n\t\t<\/div>\n\t\t\t\t\n<style>\n#col-1160163821 > .col-inner {\n  padding: 15px 15px 15px 15px;\n}\n<\/style>\n\t<\/div>\n\n\t\n\n<\/div>\n\n\t\t<\/div>\n\n\t\t\n<style>\n#section_1730479105 {\n  padding-top: 30px;\n  padding-bottom: 30px;\n  background-color: rgb(248, 249, 250);\n}\n<\/style>\n\t<\/section>","protected":false},"excerpt":{"rendered":"","protected":false},"author":8,"featured_media":0,"parent":0,"menu_order":0,"comment_status":"closed","ping_status":"closed","template":"page-blank.php","meta":{"footnotes":""},"class_list":["post-36","page","type-page","status-publish","hentry"],"yoast_head":"<!-- This site is optimized with the Yoast SEO plugin v26.2 - https:\/\/yoast.com\/wordpress\/plugins\/seo\/ -->\n<title>Enterprise Multicloud Storage-as-a-service Solution | Vawlt<\/title>\n<meta name=\"description\" content=\"Vawlt is an all-in-one SaaS solution for data storage in a multicloud journey that simplifies the operation of multiple clouds, improves data security standards and optimises usage of storage resources.\" \/>\n<meta name=\"robots\" content=\"index, follow, max-snippet:-1, max-image-preview:large, max-video-preview:-1\" \/>\n<link rel=\"canonical\" href=\"https:\/\/site-temp.vawlt.io\/product\/\" \/>\n<meta property=\"og:locale\" content=\"fr_FR\" \/>\n<meta property=\"og:type\" content=\"article\" \/>\n<meta property=\"og:title\" content=\"Enterprise Multicloud Storage-as-a-service Solution | Vawlt\" \/>\n<meta property=\"og:description\" content=\"Vawlt is an all-in-one SaaS solution for data storage in a multicloud journey that simplifies the operation of multiple clouds, improves data security standards and optimises usage of storage resources.\" \/>\n<meta property=\"og:url\" content=\"https:\/\/site-temp.vawlt.io\/product\/\" \/>\n<meta property=\"og:site_name\" content=\"Vawlt\" \/>\n<meta property=\"article:publisher\" content=\"https:\/\/www.facebook.com\/vawlt\" \/>\n<meta property=\"article:modified_time\" content=\"2022-03-04T17:17:56+00:00\" \/>\n<meta property=\"og:image\" content=\"https:\/\/vawlt.io\/wp-content\/uploads\/2021\/09\/mockup.png\" \/>\n\t<meta property=\"og:image:width\" content=\"500\" \/>\n\t<meta property=\"og:image:height\" content=\"256\" \/>\n\t<meta property=\"og:image:type\" content=\"image\/png\" \/>\n<meta name=\"twitter:card\" content=\"summary_large_image\" \/>\n<meta name=\"twitter:site\" content=\"@vawltio\" \/>\n<meta name=\"twitter:label1\" content=\"Dur\u00e9e de lecture estim\u00e9e\" \/>\n\t<meta name=\"twitter:data1\" content=\"2 minutes\" \/>\n<!-- \/ Yoast SEO plugin. -->","yoast_head_json":{"title":"Solution de Stockage Multicloud en tant que service pour les Entreprises | Vawlt","description":"Vawlt est une solution SaaS tout-en-un pour le stockage multicloud de donn\u00e9es qui simplifie la transition vers le cloud, am\u00e9liore les normes de s\u00e9curit\u00e9 des donn\u00e9es et optimise l'utilisation des ressources de stockage.","robots":{"index":"index","follow":"follow","max-snippet":"max-snippet:-1","max-image-preview":"max-image-preview:large","max-video-preview":"max-video-preview:-1"},"canonical":"https:\/\/site-temp.vawlt.io\/product\/","og_locale":"fr_FR","og_type":"article","og_title":"Enterprise Multicloud Storage-as-a-service Solution | Vawlt","og_description":"Vawlt is an all-in-one SaaS solution for data storage in a multicloud journey that simplifies the operation of multiple clouds, improves data security standards and optimises usage of storage resources.","og_url":"https:\/\/site-temp.vawlt.io\/product\/","og_site_name":"Vawlt","article_publisher":"https:\/\/www.facebook.com\/vawlt","article_modified_time":"2022-03-04T17:17:56+00:00","og_image":[{"width":500,"height":256,"url":"https:\/\/vawlt.io\/wp-content\/uploads\/2021\/09\/mockup.png","type":"image\/png"}],"twitter_card":"summary_large_image","twitter_site":"@vawltio","twitter_misc":{"Dur\u00e9e de lecture estim\u00e9e":"2 minutes"},"schema":{"@context":"https:\/\/schema.org","@graph":[{"@type":"WebPage","@id":"https:\/\/site-temp.vawlt.io\/product\/","url":"https:\/\/site-temp.vawlt.io\/product\/","name":"Solution de Stockage Multicloud en tant que service pour les Entreprises | Vawlt","isPartOf":{"@id":"https:\/\/site-temp.vawlt.io\/#website"},"datePublished":"2021-08-11T13:46:18+00:00","dateModified":"2022-03-04T17:17:56+00:00","description":"Vawlt est une solution SaaS tout-en-un pour le stockage multicloud de donn\u00e9es qui simplifie la transition vers le cloud, am\u00e9liore les normes de s\u00e9curit\u00e9 des donn\u00e9es et optimise l'utilisation des ressources de stockage.","breadcrumb":{"@id":"https:\/\/site-temp.vawlt.io\/product\/#breadcrumb"},"inLanguage":"fr-FR","potentialAction":[{"@type":"ReadAction","target":["https:\/\/site-temp.vawlt.io\/product\/"]}]},{"@type":"BreadcrumbList","@id":"https:\/\/site-temp.vawlt.io\/product\/#breadcrumb","itemListElement":[{"@type":"ListItem","position":1,"name":"Home","item":"https:\/\/vawlt.io\/"},{"@type":"ListItem","position":2,"name":"Product"}]},{"@type":"WebSite","@id":"https:\/\/site-temp.vawlt.io\/#website","url":"https:\/\/site-temp.vawlt.io\/","name":"Vawlt","description":"Solution de stockage de donn\u00e9es multicloud qui simplifie la transition vers le cloud, am\u00e9liore les normes de s\u00e9curit\u00e9 et optimise l'utilisation des ressources de stockage.","publisher":{"@id":"https:\/\/site-temp.vawlt.io\/#organization"},"potentialAction":[{"@type":"SearchAction","target":{"@type":"EntryPoint","urlTemplate":"https:\/\/site-temp.vawlt.io\/?s={search_term_string}"},"query-input":{"@type":"PropertyValueSpecification","valueRequired":true,"valueName":"search_term_string"}}],"inLanguage":"fr-FR"},{"@type":"Organization","@id":"https:\/\/site-temp.vawlt.io\/#organization","name":"Vawlt","url":"https:\/\/site-temp.vawlt.io\/","logo":{"@type":"ImageObject","inLanguage":"fr-FR","@id":"https:\/\/site-temp.vawlt.io\/#\/schema\/logo\/image\/","url":"http:\/\/vawlt.io\/wp-content\/uploads\/2021\/08\/logo_vawlt_business.png","contentUrl":"http:\/\/vawlt.io\/wp-content\/uploads\/2021\/08\/logo_vawlt_business.png","width":576,"height":92,"caption":"Vawlt"},"image":{"@id":"https:\/\/site-temp.vawlt.io\/#\/schema\/logo\/image\/"},"sameAs":["https:\/\/www.facebook.com\/vawlt","https:\/\/x.com\/vawltio","https:\/\/www.linkedin.com\/company\/vawlt","https:\/\/www.youtube.com\/channel\/UCYzlYYg7j_07CFi8Be0eAMw"]}]}},"_links":{"self":[{"href":"https:\/\/vawlt.io\/fr\/wp-json\/wp\/v2\/pages\/36","targetHints":{"allow":["GET"]}}],"collection":[{"href":"https:\/\/vawlt.io\/fr\/wp-json\/wp\/v2\/pages"}],"about":[{"href":"https:\/\/vawlt.io\/fr\/wp-json\/wp\/v2\/types\/page"}],"author":[{"embeddable":true,"href":"https:\/\/vawlt.io\/fr\/wp-json\/wp\/v2\/users\/8"}],"replies":[{"embeddable":true,"href":"https:\/\/vawlt.io\/fr\/wp-json\/wp\/v2\/comments?post=36"}],"version-history":[{"count":22,"href":"https:\/\/vawlt.io\/fr\/wp-json\/wp\/v2\/pages\/36\/revisions"}],"predecessor-version":[{"id":3418,"href":"https:\/\/vawlt.io\/fr\/wp-json\/wp\/v2\/pages\/36\/revisions\/3418"}],"wp:attachment":[{"href":"https:\/\/vawlt.io\/fr\/wp-json\/wp\/v2\/media?parent=36"}],"curies":[{"name":"wp","href":"https:\/\/api.w.org\/{rel}","templated":true}]}}