{"id":384,"date":"2021-08-12T15:14:39","date_gmt":"2021-08-12T15:14:39","guid":{"rendered":"http:\/\/vawlt.io\/?page_id=384"},"modified":"2022-03-04T17:18:07","modified_gmt":"2022-03-04T17:18:07","slug":"use-cases","status":"publish","type":"page","link":"https:\/\/vawlt.io\/fr\/solutions\/cas-d-utilization\/","title":{"rendered":"Cas d'utilisation"},"content":{"rendered":"<section class=\"section\" id=\"section_1822965415\">\n\t\t<div class=\"bg section-bg fill bg-fill  bg-loaded\" >\n\n\t\t\t\n\t\t\t\n\t\t\t\n\n\t\t<\/div>\n\n\t\t<div class=\"section-content relative\">\n\t\t\t\n\n<div class=\"row\"  id=\"row-237355374\">\n\n\n\t<div id=\"col-1090264762\" class=\"col small-12 large-12\"  >\n\t\t\t\t<div class=\"col-inner\"  >\n\t\t\t\n\t\t\t\n\n\t<div id=\"text-2576630633\" class=\"text\">\n\t\t\n\n<h1><strong>Cas d'Utilisation de Vawlt<\/strong><\/h1>\n\t\t\n<style>\n#text-2576630633 {\n  font-size: 1.6rem;\n  line-height: 2.2;\n  text-align: center;\n}\n<\/style>\n\t<\/div>\n\t\n\t<div id=\"text-456472158\" class=\"text\">\n\t\t\n\n<p>D\u00e9couvrez comment Vawlt peut fournir une solution de stockage multicloud \u00e0 travers une s\u00e9rie d\u2019exemples d\u2019applications.<\/p>\n\t\t\n<style>\n#text-456472158 {\n  text-align: center;\n}\n<\/style>\n\t<\/div>\n\t\n\n\t\t<\/div>\n\t\t\t\t\n<style>\n#col-1090264762 > .col-inner {\n  padding: 50px 20px 0px 20px;\n}\n@media (min-width:850px) {\n  #col-1090264762 > .col-inner {\n    padding: 80px 0px 0px 0px;\n  }\n}\n<\/style>\n\t<\/div>\n\n\t\n\n<\/div>\n\n\t\t<\/div>\n\n\t\t\n<style>\n#section_1822965415 {\n  padding-top: 0px;\n  padding-bottom: 0px;\n}\n<\/style>\n\t<\/section>\n\t\n\t<section class=\"section\" id=\"section_1287627045\">\n\t\t<div class=\"bg section-bg fill bg-fill  bg-loaded\" >\n\n\t\t\t\n\t\t\t\n\t\t\t\n\n\t\t<\/div>\n\n\t\t<div class=\"section-content relative\">\n\t\t\t\n\n<div class=\"row align-equal\"  id=\"row-1167946658\">\n\n\n\t<div id=\"col-1160186587\" class=\"col medium-4 small-12 large-4\"  >\n\t\t\t\t<div class=\"col-inner box-shadow-1\"  >\n\t\t\t\n\t\t\t\n\n<div class=\"row row-collapse align-equal\"  id=\"row-1189768951\">\n\n\n\t<div id=\"col-1103587180\" class=\"col blue-gradient small-12 large-12\"  >\n\t\t\t\t<div class=\"col-inner dark\"  >\n\t\t\t\n\t\t\t\n\n\t<div id=\"text-4216889671\" class=\"text\">\n\t\t\n\n<h2>Synchronisation et partage de fichiers<\/h2>\n\t\t\n<style>\n#text-4216889671 {\n  line-height: 1;\n}\n<\/style>\n\t<\/div>\n\t\n\n\t\t<\/div>\n\t\t\t\t\n<style>\n#col-1103587180 > .col-inner {\n  padding: 20px 20px 20px 20px;\n  border-radius: 5px;\n}\n<\/style>\n\t<\/div>\n\n\t\n\n\t<div id=\"col-1200624825\" class=\"col small-12 large-12\"  >\n\t\t\t\t<div class=\"col-inner\"  >\n\t\t\t\n\t\t\t\n\n<p>Vawlt peut \u00eatre une plateforme de synchronisation et de partage de fichiers, disponible pour votre \u00e9quipe en d\u00e9placement, de mani\u00e8re s\u00e9curis\u00e9e. Travaillez de n'importe o\u00f9 gr\u00e2ce \u00e0 une interface simple, en sachant que vos fichiers sont prot\u00e9g\u00e9s.<\/p>\n<a href=\"\/fr\/solutions\/cas-d-utilization\/synchronisation-et-partage-de-fichiers\/\" target=\"_self\" class=\"button primary is-link\"  >\n    <span>En savoir plus<\/span>\n  <i class=\"icon-angle-right\" ><\/i><\/a>\n\n\n\n\t\t<\/div>\n\t\t\t\t\n<style>\n#col-1200624825 > .col-inner {\n  padding: 20px 20px 0px 20px;\n}\n<\/style>\n\t<\/div>\n\n\t\n\n<\/div>\n\n\t\t<\/div>\n\t\t\t\t\t<\/div>\n\n\t\n\n\t<div id=\"col-1541873953\" class=\"col medium-4 small-12 large-4\"  >\n\t\t\t\t<div class=\"col-inner box-shadow-1\"  >\n\t\t\t\n\t\t\t\n\n<div class=\"row row-collapse\"  id=\"row-1889192922\">\n\n\n\t<div id=\"col-1309310146\" class=\"col blue-gradient small-12 large-12\"  >\n\t\t\t\t<div class=\"col-inner dark\"  >\n\t\t\t\n\t\t\t\n\n\t<div id=\"text-2637890534\" class=\"text\">\n\t\t\n\n<h2>Lib\u00e9rer les ressources de vos infrastructures<\/h2>\n\t\t\n<style>\n#text-2637890534 {\n  line-height: 1;\n}\n<\/style>\n\t<\/div>\n\t\n\n\t\t<\/div>\n\t\t\t\t\n<style>\n#col-1309310146 > .col-inner {\n  padding: 20px 20px 20px 20px;\n}\n<\/style>\n\t<\/div>\n\n\t\n\n\t<div id=\"col-1125037656\" class=\"col small-12 large-12\"  >\n\t\t\t\t<div class=\"col-inner\"  >\n\t\t\t\n\t\t\t\n\n<p>Avec Vawlt, vous pouvez all\u00e9ger votre infrastructure en transf\u00e9rant des donn\u00e9es immuables ou archiv\u00e9es vers une solution multicloud, s\u00fbre de par sa conception et moins co\u00fbteuse \u00e0 exploiter.<\/p>\n<a href=\"\/fr\/solutions\/cas-d-utilization\/liberer-les-ressources-de-vos-infrastructures\/\" target=\"_self\" class=\"button primary is-link\"  >\n    <span>En savoir plus<\/span>\n  <i class=\"icon-angle-right\" ><\/i><\/a>\n\n\n\n\t\t<\/div>\n\t\t\t\t\n<style>\n#col-1125037656 > .col-inner {\n  padding: 20px 20px 0px 20px;\n}\n<\/style>\n\t<\/div>\n\n\t\n\n<\/div>\n\n\t\t<\/div>\n\t\t\t\t\t<\/div>\n\n\t\n\n\t<div id=\"col-1180079485\" class=\"col medium-4 small-12 large-4\"  >\n\t\t\t\t<div class=\"col-inner box-shadow-1\"  >\n\t\t\t\n\t\t\t\n\n<div class=\"row row-collapse\"  id=\"row-329248422\">\n\n\n\t<div id=\"col-545087855\" class=\"col blue-gradient small-12 large-12\"  >\n\t\t\t\t<div class=\"col-inner dark\"  >\n\t\t\t\n\t\t\t\n\n\t<div id=\"text-4156116703\" class=\"text\">\n\t\t\n\n<h2>Sauvegarde et r\u00e9cup\u00e9ration hors site apr\u00e8s sinistre<\/h2>\n\t\t\n<style>\n#text-4156116703 {\n  line-height: 1;\n}\n<\/style>\n\t<\/div>\n\t\n\n\t\t<\/div>\n\t\t\t\t\n<style>\n#col-545087855 > .col-inner {\n  padding: 20px 20px 20px 20px;\n}\n<\/style>\n\t<\/div>\n\n\t\n\n\t<div id=\"col-1685342871\" class=\"col small-12 large-12\"  >\n\t\t\t\t<div class=\"col-inner\"  >\n\t\t\t\n\t\t\t\n\n<p>Vawlt permet de restaurer et de reconstruire rapidement les fichiers et dossiers de votre syst\u00e8me de fichiers \u00e0 partir de la solution multicloud, en permettant une recherche exhaustive dans l'ensemble de vos volumes.<\/p>\n<a href=\"\/fr\/solutions\/cas-d-utilization\/sauvegarde-et-recuperation-hors-site-apres-sinistre\/\" target=\"_self\" class=\"button primary is-link\"  >\n    <span>En savoir plus<\/span>\n  <i class=\"icon-angle-right\" ><\/i><\/a>\n\n\n\n\t\t<\/div>\n\t\t\t\t\n<style>\n#col-1685342871 > .col-inner {\n  padding: 20px 20px 0px 20px;\n}\n<\/style>\n\t<\/div>\n\n\t\n\n<\/div>\n\n\t\t<\/div>\n\t\t\t\t\t<\/div>\n\n\t\n\n<\/div>\n<div class=\"row align-equal\"  id=\"row-883190870\">\n\n\n\t<div id=\"col-1026741405\" class=\"col medium-4 small-12 large-4\"  >\n\t\t\t\t<div class=\"col-inner box-shadow-1\"  >\n\t\t\t\n\t\t\t\n\n<div class=\"row row-collapse\"  id=\"row-24377316\">\n\n\n\t<div id=\"col-461837910\" class=\"col blue-gradient small-12 large-12\"  >\n\t\t\t\t<div class=\"col-inner dark\"  >\n\t\t\t\n\t\t\t\n\n\t<div id=\"text-4105873223\" class=\"text\">\n\t\t\n\n<h2>Acc\u00e8s au cloud simplifi\u00e9 pour les applications existantes<\/h2>\n\t\t\n<style>\n#text-4105873223 {\n  line-height: 1;\n}\n<\/style>\n\t<\/div>\n\t\n\n\t\t<\/div>\n\t\t\t\t\n<style>\n#col-461837910 > .col-inner {\n  padding: 20px 20px 20px 20px;\n}\n<\/style>\n\t<\/div>\n\n\t\n\n\t<div id=\"col-62626220\" class=\"col small-12 large-12\"  >\n\t\t\t\t<div class=\"col-inner\"  >\n\t\t\t\n\t\t\t\n\n<p>Le syst\u00e8me de fichiers de Vawlt permet \u00e0 vos anciennes applications de stocker des donn\u00e9es dans le cloud sans avoir \u00e0 \u00e9crire une seule ligne de code.<\/p>\n<a href=\"\/fr\/solutions\/cas-d-utilization\/acces-au-cloud-simplifie-pour-les-applications-existantes\/\" target=\"_self\" class=\"button primary is-link\"  >\n    <span>En savoir plus<\/span>\n  <i class=\"icon-angle-right\" ><\/i><\/a>\n\n\n\n\t\t<\/div>\n\t\t\t\t\n<style>\n#col-62626220 > .col-inner {\n  padding: 20px 20px 0px 20px;\n}\n<\/style>\n\t<\/div>\n\n\t\n\n<\/div>\n\n\t\t<\/div>\n\t\t\t\t\t<\/div>\n\n\t\n\n\t<div id=\"col-1623280409\" class=\"col medium-4 small-12 large-4\"  >\n\t\t\t\t<div class=\"col-inner box-shadow-1\"  >\n\t\t\t\n\t\t\t\n\n<div class=\"row row-collapse\"  id=\"row-639333079\">\n\n\n\t<div id=\"col-999904963\" class=\"col blue-gradient small-12 large-12\"  >\n\t\t\t\t<div class=\"col-inner dark\"  >\n\t\t\t\n\t\t\t\n\n<h2>Passerelle s\u00e9curis\u00e9e vers le cloud<\/h2>\n\n\t\t<\/div>\n\t\t\t\t\n<style>\n#col-999904963 > .col-inner {\n  padding: 20px 20px 20px 20px;\n}\n<\/style>\n\t<\/div>\n\n\t\n\n\t<div id=\"col-826876800\" class=\"col small-12 large-12\"  >\n\t\t\t\t<div class=\"col-inner\"  >\n\t\t\t\n\t\t\t\n\n<p>Si votre application utilise une interface S3-API, utilisez Vawlt comme point de raccordement et profitez de la meilleure solution de stockage qui tient compte de l'emplacement, de la latence, du budget ou des exigences de conformit\u00e9.<\/p>\n<a href=\"\/fr\/solutions\/cas-d-utilization\/passerelle-securisee-vers-le-cloud\/\" target=\"_self\" class=\"button primary is-link\"  >\n    <span>En savoir plus<\/span>\n  <i class=\"icon-angle-right\" ><\/i><\/a>\n\n\n\n\t\t<\/div>\n\t\t\t\t\n<style>\n#col-826876800 > .col-inner {\n  padding: 20px 20px 0px 20px;\n}\n<\/style>\n\t<\/div>\n\n\t\n\n<\/div>\n\n\t\t<\/div>\n\t\t\t\t\t<\/div>\n\n\t\n\n\t<div id=\"col-1595969660\" class=\"col medium-4 small-12 large-4\"  >\n\t\t\t\t<div class=\"col-inner box-shadow-1\"  >\n\t\t\t\n\t\t\t\n\n<div class=\"row row-collapse\"  id=\"row-1333874015\">\n\n\n\t<div id=\"col-1250833039\" class=\"col blue-gradient small-12 large-12\"  >\n\t\t\t\t<div class=\"col-inner dark\"  >\n\t\t\t\n\t\t\t\n\n<h2>Archivage de fichiers<\/h2>\n\n\t\t<\/div>\n\t\t\t\t\n<style>\n#col-1250833039 > .col-inner {\n  padding: 20px 20px 20px 20px;\n}\n<\/style>\n\t<\/div>\n\n\t\n\n\t<div id=\"col-255846601\" class=\"col small-12 large-12\"  >\n\t\t\t\t<div class=\"col-inner\"  >\n\t\t\t\n\t\t\t\n\n<p>Si votre activit\u00e9 g\u00e9n\u00e8re une grande quantit\u00e9 de donn\u00e9es sur site, votre entreprise peut optimiser ses co\u00fbts en archivant les fichiers inutilis\u00e9s dans une solution multicloud, au lieu d'utiliser un support de stockage co\u00fbteux.<\/p>\n<a href=\"\/fr\/solutions\/cas-d-utilization\/archivage-de-fichiers\/\" target=\"_self\" class=\"button primary is-link\"  >\n    <span>En savoir plus<\/span>\n  <i class=\"icon-angle-right\" ><\/i><\/a>\n\n\n\n\t\t<\/div>\n\t\t\t\t\n<style>\n#col-255846601 > .col-inner {\n  padding: 20px 20px 0px 20px;\n}\n<\/style>\n\t<\/div>\n\n\t\n\n<\/div>\n\n\t\t<\/div>\n\t\t\t\t\t<\/div>\n\n\t\n\n<\/div>\n<div class=\"row align-equal\"  id=\"row-227133016\">\n\n\n\t<div id=\"col-1695605085\" class=\"col medium-4 small-12 large-4\"  >\n\t\t\t\t<div class=\"col-inner box-shadow-2\"  >\n\t\t\t\n\t\t\t\n\n<div class=\"row row-collapse\"  id=\"row-1958368599\">\n\n\n\t<div id=\"col-1903045029\" class=\"col blue-gradient small-12 large-12\"  >\n\t\t\t\t<div class=\"col-inner dark\"  >\n\t\t\t\n\t\t\t\n\n<h2>Protection contre les ransomwares<\/h2>\n\n\t\t<\/div>\n\t\t\t\t\n<style>\n#col-1903045029 > .col-inner {\n  padding: 20px 20px 20px 20px;\n}\n<\/style>\n\t<\/div>\n\n\t\n\n\t<div id=\"col-1590024800\" class=\"col small-12 large-12\"  >\n\t\t\t\t<div class=\"col-inner\"  >\n\t\t\t\n\t\t\t\n\n<p>L'architecture de donn\u00e9es non-\u00e9ditables  est une r\u00e9ponse au d\u00e9fi toujours plus grand des ransomwares. Les entreprises sont de plus en plus souvent victimes d'infections par des logiciels qui chiffrent et verrouillent les fichiers jusqu'\u00e0 ce qu'une ran\u00e7on soit pay\u00e9e pour les r\u00e9cup\u00e9rer.<\/p>\n<a href=\"\/fr\/solutions\/cas-d-utilization\/protection-contre-les-ransomwares\/\" target=\"_self\" class=\"button primary is-link\"  >\n    <span>En savoir plus<\/span>\n  <i class=\"icon-angle-right\" ><\/i><\/a>\n\n\n\n\t\t<\/div>\n\t\t\t\t\n<style>\n#col-1590024800 > .col-inner {\n  padding: 20px 20px 0px 20px;\n}\n<\/style>\n\t<\/div>\n\n\t\n\n<\/div>\n\n\t\t<\/div>\n\t\t\t\t\t<\/div>\n\n\t\n\n<\/div>\n\n\t\t<\/div>\n\n\t\t\n<style>\n#section_1287627045 {\n  padding-top: 30px;\n  padding-bottom: 30px;\n}\n<\/style>\n\t<\/section>\n\t\n\t<section class=\"section\" id=\"section_875330811\">\n\t\t<div class=\"bg section-bg fill bg-fill  bg-loaded\" >\n\n\t\t\t\n\t\t\t\n\t\t\t\n\n\t\t<\/div>\n\n\t\t<div class=\"section-content relative\">\n\t\t\t\n\n\t<div id=\"gap-680130958\" class=\"gap-element clearfix\" style=\"display:block; height:auto;\">\n\t\t\n<style>\n#gap-680130958 {\n  padding-top: 40px;\n}\n<\/style>\n\t<\/div>\n\t\n\n<div class=\"row row-collapse align-middle\"  id=\"row-915509364\">\n\n\n\t<div id=\"col-1085671933\" class=\"col medium-6 small-12 large-6\"  >\n\t\t\t\t<div class=\"col-inner text-left\"  >\n\t\t\t\n\t\t\t\n\n\t<div id=\"text-740942540\" class=\"text\">\n\t\t\n\n<h3 style=\"font-weight: 600;\">Ne laissez pas les ransomwares paralyser votre entreprise<\/h3>\n\t\t\n<style>\n#text-740942540 {\n  font-size: 1rem;\n  text-align: center;\n}\n@media (min-width:550px) {\n  #text-740942540 {\n    text-align: left;\n  }\n}\n<\/style>\n\t<\/div>\n\t\n\t<div id=\"text-2987383684\" class=\"text\">\n\t\t\n\n<h2><span style=\"font-weight: 600; color: #21bffc;\">Commencer \u00e0 vous prot\u00e9ger<\/span><span style=\"font-weight: 600; color: #000000;\">\u00a0maintenant.<br \/><\/span><\/h2>\n\t\t\n<style>\n#text-2987383684 {\n  font-size: 1.6rem;\n  text-align: center;\n}\n@media (min-width:550px) {\n  #text-2987383684 {\n    text-align: left;\n  }\n}\n<\/style>\n\t<\/div>\n\t\n\n\t\t<\/div>\n\t\t\t\t\n<style>\n#col-1085671933 > .col-inner {\n  padding: 0px 20px 0px 20px;\n}\n@media (min-width:550px) {\n  #col-1085671933 > .col-inner {\n    padding: 0px 0px 0px 20px;\n  }\n}\n<\/style>\n\t<\/div>\n\n\t\n\n\t<div id=\"col-379809076\" class=\"col hide-for-medium medium-6 small-12 large-6\"  >\n\t\t\t\t<div class=\"col-inner text-right\"  >\n\t\t\t\n\t\t\t\n\n<a href=\"http:\/\/vawlt.io\/fr\/obtenir-une-demonstration\/\" target=\"_self\" class=\"button primary is-large\"  style=\"border-radius:5px;\">\n    <span>Obtenir une d\u00e9mo<\/span>\n  <\/a>\n\n\n\n\t\t<\/div>\n\t\t\t\t\n<style>\n#col-379809076 > .col-inner {\n  padding: 0px 20px 0px 20px;\n}\n@media (min-width:550px) {\n  #col-379809076 > .col-inner {\n    padding: 0px 20px 0px 0px;\n  }\n}\n<\/style>\n\t<\/div>\n\n\t\n\n\t<div id=\"col-608485748\" class=\"col show-for-medium hide-for-small medium-6 small-12 large-6\"  >\n\t\t\t\t<div class=\"col-inner text-right\"  >\n\t\t\t\n\t\t\t\n\n<a href=\"http:\/\/vawlt.io\/fr\/obtenir-une-demonstration\/\" target=\"_self\" class=\"button primary\"  style=\"border-radius:5px;\">\n    <span>Obtenir une d\u00e9mo<\/span>\n  <\/a>\n\n\n\n\t\t<\/div>\n\t\t\t\t\n<style>\n#col-608485748 > .col-inner {\n  padding: 0px 20px 0px 20px;\n}\n@media (min-width:550px) {\n  #col-608485748 > .col-inner {\n    padding: 0px 20px 0px 0px;\n  }\n}\n<\/style>\n\t<\/div>\n\n\t\n\n\t<div id=\"col-1531933564\" class=\"col show-for-small medium-6 small-12 large-6\"  >\n\t\t\t\t<div class=\"col-inner text-center\"  >\n\t\t\t\n\t\t\t\n\n\t<div id=\"gap-2067773886\" class=\"gap-element clearfix\" style=\"display:block; height:auto;\">\n\t\t\n<style>\n#gap-2067773886 {\n  padding-top: 23px;\n}\n@media (min-width:550px) {\n  #gap-2067773886 {\n    padding-top: 40px;\n  }\n}\n<\/style>\n\t<\/div>\n\t\n\n<a href=\"http:\/\/vawlt.io\/fr\/obtenir-une-demonstration\/\" target=\"_self\" class=\"button primary is-small\"  style=\"border-radius:5px;\">\n    <span>Obtenir une d\u00e9mo<\/span>\n  <\/a>\n\n\n\n\t\t<\/div>\n\t\t\t\t\n<style>\n#col-1531933564 > .col-inner {\n  padding: 0px 20px 0px 20px;\n}\n@media (min-width:550px) {\n  #col-1531933564 > .col-inner {\n    padding: 0px 20px 0px 0px;\n  }\n}\n<\/style>\n\t<\/div>\n\n\t\n\n<\/div>\n\n\t\t<\/div>\n\n\t\t\n<style>\n#section_875330811 {\n  padding-top: 30px;\n  padding-bottom: 30px;\n  background-color: rgb(244, 247, 249);\n}\n<\/style>\n\t<\/section>","protected":false},"excerpt":{"rendered":"","protected":false},"author":8,"featured_media":0,"parent":349,"menu_order":0,"comment_status":"closed","ping_status":"closed","template":"page-blank.php","meta":{"footnotes":""},"class_list":["post-384","page","type-page","status-publish","hentry"],"yoast_head":"<!-- This site is optimized with the Yoast SEO plugin v26.2 - https:\/\/yoast.com\/wordpress\/plugins\/seo\/ -->\n<title>Learn How Vawlt Can Add Value: Use Cases | Multicloud Storage | Vawlt<\/title>\n<meta name=\"description\" content=\"Discover how can Vawlt adds value to your business as a multicloud storage solution through a series of use cases.\" \/>\n<meta name=\"robots\" content=\"index, follow, max-snippet:-1, max-image-preview:large, max-video-preview:-1\" \/>\n<link rel=\"canonical\" href=\"https:\/\/site-temp.vawlt.io\/solutions\/use-cases\/\" \/>\n<meta property=\"og:locale\" content=\"fr_FR\" \/>\n<meta property=\"og:type\" content=\"article\" \/>\n<meta property=\"og:title\" content=\"Learn How Vawlt Can Add Value: Use Cases | Multicloud Storage | Vawlt\" \/>\n<meta property=\"og:description\" content=\"Discover how can Vawlt adds value to your business as a multicloud storage solution through a series of use cases.\" \/>\n<meta property=\"og:url\" content=\"https:\/\/site-temp.vawlt.io\/solutions\/use-cases\/\" \/>\n<meta property=\"og:site_name\" content=\"Vawlt\" \/>\n<meta property=\"article:publisher\" content=\"https:\/\/www.facebook.com\/vawlt\" \/>\n<meta property=\"article:modified_time\" content=\"2022-03-04T17:18:07+00:00\" \/>\n<meta property=\"og:image\" content=\"https:\/\/vawlt.io\/wp-content\/uploads\/2021\/09\/mockup.png\" \/>\n\t<meta property=\"og:image:width\" content=\"500\" \/>\n\t<meta property=\"og:image:height\" content=\"256\" \/>\n\t<meta property=\"og:image:type\" content=\"image\/png\" \/>\n<meta name=\"twitter:card\" content=\"summary_large_image\" \/>\n<meta name=\"twitter:site\" content=\"@vawltio\" \/>\n<meta name=\"twitter:label1\" content=\"Dur\u00e9e de lecture estim\u00e9e\" \/>\n\t<meta name=\"twitter:data1\" content=\"3 minutes\" \/>\n<!-- \/ Yoast SEO plugin. -->","yoast_head_json":{"title":"D\u00e9couvrez Comment Vawlt Peut Apporter Une Valeur Ajout\u00e9e : Cas d'Utilisation | Stockage Multicloud | Vawlt","description":"D\u00e9couvrez comment Vawlt peut apporter une valeur ajout\u00e9e \u00e0 votre entreprise en tant que solution de stockage multicloud \u00e0 travers une s\u00e9rie de cas d'utilisation.","robots":{"index":"index","follow":"follow","max-snippet":"max-snippet:-1","max-image-preview":"max-image-preview:large","max-video-preview":"max-video-preview:-1"},"canonical":"https:\/\/site-temp.vawlt.io\/solutions\/use-cases\/","og_locale":"fr_FR","og_type":"article","og_title":"Learn How Vawlt Can Add Value: Use Cases | Multicloud Storage | Vawlt","og_description":"Discover how can Vawlt adds value to your business as a multicloud storage solution through a series of use cases.","og_url":"https:\/\/site-temp.vawlt.io\/solutions\/use-cases\/","og_site_name":"Vawlt","article_publisher":"https:\/\/www.facebook.com\/vawlt","article_modified_time":"2022-03-04T17:18:07+00:00","og_image":[{"width":500,"height":256,"url":"https:\/\/vawlt.io\/wp-content\/uploads\/2021\/09\/mockup.png","type":"image\/png"}],"twitter_card":"summary_large_image","twitter_site":"@vawltio","twitter_misc":{"Dur\u00e9e de lecture estim\u00e9e":"3 minutes"},"schema":{"@context":"https:\/\/schema.org","@graph":[{"@type":"WebPage","@id":"https:\/\/site-temp.vawlt.io\/solutions\/use-cases\/","url":"https:\/\/site-temp.vawlt.io\/solutions\/use-cases\/","name":"D\u00e9couvrez Comment Vawlt Peut Apporter Une Valeur Ajout\u00e9e : Cas d'Utilisation | Stockage Multicloud | Vawlt","isPartOf":{"@id":"https:\/\/site-temp.vawlt.io\/#website"},"datePublished":"2021-08-12T15:14:39+00:00","dateModified":"2022-03-04T17:18:07+00:00","description":"D\u00e9couvrez comment Vawlt peut apporter une valeur ajout\u00e9e \u00e0 votre entreprise en tant que solution de stockage multicloud \u00e0 travers une s\u00e9rie de cas d'utilisation.","breadcrumb":{"@id":"https:\/\/site-temp.vawlt.io\/solutions\/use-cases\/#breadcrumb"},"inLanguage":"fr-FR","potentialAction":[{"@type":"ReadAction","target":["https:\/\/site-temp.vawlt.io\/solutions\/use-cases\/"]}]},{"@type":"BreadcrumbList","@id":"https:\/\/site-temp.vawlt.io\/solutions\/use-cases\/#breadcrumb","itemListElement":[{"@type":"ListItem","position":1,"name":"Home","item":"https:\/\/vawlt.io\/"},{"@type":"ListItem","position":2,"name":"Solutions","item":"https:\/\/site-temp.vawlt.io\/solutions\/"},{"@type":"ListItem","position":3,"name":"Use cases"}]},{"@type":"WebSite","@id":"https:\/\/site-temp.vawlt.io\/#website","url":"https:\/\/site-temp.vawlt.io\/","name":"Vawlt","description":"Solution de stockage de donn\u00e9es multicloud qui simplifie la transition vers le cloud, am\u00e9liore les normes de s\u00e9curit\u00e9 et optimise l'utilisation des ressources de stockage.","publisher":{"@id":"https:\/\/site-temp.vawlt.io\/#organization"},"potentialAction":[{"@type":"SearchAction","target":{"@type":"EntryPoint","urlTemplate":"https:\/\/site-temp.vawlt.io\/?s={search_term_string}"},"query-input":{"@type":"PropertyValueSpecification","valueRequired":true,"valueName":"search_term_string"}}],"inLanguage":"fr-FR"},{"@type":"Organization","@id":"https:\/\/site-temp.vawlt.io\/#organization","name":"Vawlt","url":"https:\/\/site-temp.vawlt.io\/","logo":{"@type":"ImageObject","inLanguage":"fr-FR","@id":"https:\/\/site-temp.vawlt.io\/#\/schema\/logo\/image\/","url":"http:\/\/vawlt.io\/wp-content\/uploads\/2021\/08\/logo_vawlt_business.png","contentUrl":"http:\/\/vawlt.io\/wp-content\/uploads\/2021\/08\/logo_vawlt_business.png","width":576,"height":92,"caption":"Vawlt"},"image":{"@id":"https:\/\/site-temp.vawlt.io\/#\/schema\/logo\/image\/"},"sameAs":["https:\/\/www.facebook.com\/vawlt","https:\/\/x.com\/vawltio","https:\/\/www.linkedin.com\/company\/vawlt","https:\/\/www.youtube.com\/channel\/UCYzlYYg7j_07CFi8Be0eAMw"]}]}},"_links":{"self":[{"href":"https:\/\/vawlt.io\/fr\/wp-json\/wp\/v2\/pages\/384","targetHints":{"allow":["GET"]}}],"collection":[{"href":"https:\/\/vawlt.io\/fr\/wp-json\/wp\/v2\/pages"}],"about":[{"href":"https:\/\/vawlt.io\/fr\/wp-json\/wp\/v2\/types\/page"}],"author":[{"embeddable":true,"href":"https:\/\/vawlt.io\/fr\/wp-json\/wp\/v2\/users\/8"}],"replies":[{"embeddable":true,"href":"https:\/\/vawlt.io\/fr\/wp-json\/wp\/v2\/comments?post=384"}],"version-history":[{"count":23,"href":"https:\/\/vawlt.io\/fr\/wp-json\/wp\/v2\/pages\/384\/revisions"}],"predecessor-version":[{"id":3374,"href":"https:\/\/vawlt.io\/fr\/wp-json\/wp\/v2\/pages\/384\/revisions\/3374"}],"up":[{"embeddable":true,"href":"https:\/\/vawlt.io\/fr\/wp-json\/wp\/v2\/pages\/349"}],"wp:attachment":[{"href":"https:\/\/vawlt.io\/fr\/wp-json\/wp\/v2\/media?parent=384"}],"curies":[{"name":"wp","href":"https:\/\/api.w.org\/{rel}","templated":true}]}}