{"id":430,"date":"2021-08-12T16:25:33","date_gmt":"2021-08-12T16:25:33","guid":{"rendered":"http:\/\/vawlt.io\/?page_id=430"},"modified":"2022-03-04T17:17:57","modified_gmt":"2022-03-04T17:17:57","slug":"healthcare","status":"publish","type":"page","link":"https:\/\/vawlt.io\/fr\/solutions\/industries\/soins-de-sante\/","title":{"rendered":"Soins de sant\u00e9"},"content":{"rendered":"<section class=\"section has-parallax\" id=\"section_854845221\">\n\t\t<div class=\"bg section-bg fill bg-fill\" data-parallax-container=\".section\" data-parallax-background data-parallax=\"-2\">\n\n\t\t\t\n\t\t\t\n\t\t\t\n\n\t\t<\/div>\n\n\t\t<div class=\"section-content relative\">\n\t\t\t\n\n<div class=\"row\"  id=\"row-1129830665\">\n\n\n\t<div id=\"col-717625177\" class=\"col medium-6 small-12 large-6\"  >\n\t\t\t\t<div class=\"col-inner dark\"  >\n\t\t\t\n\t\t\t\n\n\t<div id=\"text-3511839778\" class=\"text\">\n\t\t\n\n<h1><strong>Soins de sant\u00e9<\/strong><\/h1>\n\t\t\n<style>\n#text-3511839778 {\n  font-size: 1.95rem;\n}\n<\/style>\n\t<\/div>\n\t\n\t<div id=\"text-1981755830\" class=\"text\">\n\t\t\n\n<p>Aidez vos patients \u00e0 se sentir plus en s\u00e9curit\u00e9 gr\u00e2ce \u00e0 un syst\u00e8me s\u00e9curis\u00e9 de par sa conception. Stockez leurs images et leurs dossiers, tout en contr\u00f4lant facilement qui y a acc\u00e8s. Continuez \u00e0 utiliser votre datacenter tout en explorant le potentiel des clouds publics et en restant conforme \u00e0 la loi.<\/p>\n\t\t\n<style>\n#text-1981755830 {\n  font-size: 1.25rem;\n}\n<\/style>\n\t<\/div>\n\t\n\n\t\t<\/div>\n\t\t\t\t\n<style>\n#col-717625177 > .col-inner {\n  padding: 25px 20px 0px 20px;\n}\n@media (min-width:550px) {\n  #col-717625177 > .col-inner {\n    padding: 25px 0px 0px 20px;\n  }\n}\n@media (min-width:850px) {\n  #col-717625177 > .col-inner {\n    padding: 25px 0px 0px 0px;\n  }\n}\n<\/style>\n\t<\/div>\n\n\t\n\n<\/div>\n\n\t\t<\/div>\n\n\t\t\n<style>\n#section_854845221 {\n  padding-top: 30px;\n  padding-bottom: 30px;\n  min-height: 60vh;\n}\n#section_854845221 .section-bg.bg-loaded {\n  background-image: url(https:\/\/vawlt.io\/wp-content\/uploads\/2021\/08\/healthcare.svg);\n}\n#section_854845221 .section-bg {\n  background-position: 74% 53%;\n}\n<\/style>\n\t<\/section>\n\t\n\t<section class=\"section\" id=\"section_1630493905\">\n\t\t<div class=\"bg section-bg fill bg-fill  bg-loaded\" >\n\n\t\t\t\n\t\t\t\n\t\t\t\n\n\t\t<\/div>\n\n\t\t<div class=\"section-content relative\">\n\t\t\t\n\n<div class=\"row\"  id=\"row-1468949151\">\n\n\n\t<div id=\"col-1554740170\" class=\"col medium-4 small-12 large-4\"  data-animate=\"fadeInUp\">\n\t\t\t\t<div class=\"col-inner\"  >\n\t\t\t\n\t\t\t\n\n\t<div class=\"img has-hover x md-x lg-x y md-y lg-y\" id=\"image_1169030707\">\n\t\t\t\t\t\t\t\t<div class=\"img-inner dark\" >\n\t\t\t<img loading=\"lazy\" decoding=\"async\" width=\"1\" height=\"1\" src=\"https:\/\/vawlt.io\/wp-content\/uploads\/2021\/08\/graph01.svg\" class=\"attachment-large size-large\" alt=\"\" \/>\t\t\t\t\t\t\n\t\t\t\t\t<\/div>\n\t\t\t\t\t\t\t\t\n<style>\n#image_1169030707 {\n  width: 10%;\n}\n@media (min-width:550px) {\n  #image_1169030707 {\n    width: 15%;\n  }\n}\n<\/style>\n\t<\/div>\n\t\n\n<h3>Les d\u00e9fis du stockage des fichiers<\/h3>\n<p>Alors que la taille des fichiers d'imagerie num\u00e9rique, tels que les radiographies, augmente pour r\u00e9pondre aux normes de qualit\u00e9, les besoins de stockage de donn\u00e9es pour les soins de sant\u00e9 augmentent \u00e9galement, ce qui fait grimper les co\u00fbts et les infrastructures physiques.<\/p>\n\n\t\t<\/div>\n\t\t\t\t\n<style>\n#col-1554740170 > .col-inner {\n  padding: 25px 20px 0px 20px;\n}\n@media (min-width:550px) {\n  #col-1554740170 > .col-inner {\n    padding: 25px 0px 0px 20px;\n  }\n}\n@media (min-width:850px) {\n  #col-1554740170 > .col-inner {\n    padding: 25px 0px 0px 0px;\n  }\n}\n<\/style>\n\t<\/div>\n\n\t\n\n\t<div id=\"col-1440636100\" class=\"col medium-4 small-12 large-4\"  data-animate=\"fadeInUp\">\n\t\t\t\t<div class=\"col-inner\"  >\n\t\t\t\n\t\t\t\n\n\t<div class=\"img has-hover x md-x lg-x y md-y lg-y\" id=\"image_2112850642\">\n\t\t\t\t\t\t\t\t<div class=\"img-inner dark\" >\n\t\t\t<img loading=\"lazy\" decoding=\"async\" width=\"1\" height=\"1\" src=\"https:\/\/vawlt.io\/wp-content\/uploads\/2021\/08\/graph02.svg\" class=\"attachment-large size-large\" alt=\"\" \/>\t\t\t\t\t\t\n\t\t\t\t\t<\/div>\n\t\t\t\t\t\t\t\t\n<style>\n#image_2112850642 {\n  width: 10%;\n}\n@media (min-width:550px) {\n  #image_2112850642 {\n    width: 15%;\n  }\n}\n<\/style>\n\t<\/div>\n\t\n\n<h3>Mod\u00e8le de paiement \u201cpay-as-you-grow\u201d et \u00e9volutivit\u00e9<\/h3><p>Vawlt peut aider les organismes de sant\u00e9 \u00e0 optimiser les co\u00fbts, en garantissant la disponibilit\u00e9 des donn\u00e9es tout en \u00e9tant conforme au GDPR. Gr\u00e2ce \u00e0 un mod\u00e8le de paiement \u00e0 la croissance, vous pouvez augmenter ou r\u00e9duire vos capacit\u00e9s selon vos besoins, sans aucune migration.<\/p>\n\n\t\t<\/div>\n\t\t\t\t\n<style>\n#col-1440636100 > .col-inner {\n  padding: 25px 20px 0px 20px;\n}\n@media (min-width:550px) {\n  #col-1440636100 > .col-inner {\n    padding: 25px 0px 0px 0px;\n  }\n}\n<\/style>\n\t<\/div>\n\n\t\n\n\t<div id=\"col-1276541518\" class=\"col medium-4 small-12 large-4\"  data-animate=\"fadeInUp\">\n\t\t\t\t<div class=\"col-inner\"  >\n\t\t\t\n\t\t\t\n\n\t<div class=\"img has-hover x md-x lg-x y md-y lg-y\" id=\"image_376502911\">\n\t\t\t\t\t\t\t\t<div class=\"img-inner dark\" >\n\t\t\t<img loading=\"lazy\" decoding=\"async\" width=\"1\" height=\"1\" src=\"https:\/\/vawlt.io\/wp-content\/uploads\/2021\/08\/graph03.svg\" class=\"attachment-large size-large\" alt=\"\" \/>\t\t\t\t\t\t\n\t\t\t\t\t<\/div>\n\t\t\t\t\t\t\t\t\n<style>\n#image_376502911 {\n  width: 10%;\n}\n@media (min-width:550px) {\n  #image_376502911 {\n    width: 15%;\n  }\n}\n<\/style>\n\t<\/div>\n\t\n\n<h3>Une solution de stockage fiable\n<\/h3><p>La solution de stockage multicloud de Vawlt permet de stocker vos fichiers critiques de mani\u00e8re s\u00e9curis\u00e9e, \u00e0 l\u2019aide d\u2019un chiffrement de bout en bout de type \u201czero-knowledge\u201d de qualit\u00e9 militaire. Sa fiabilit\u00e9 \u00e0 toute \u00e9preuve permet aux donn\u00e9es d'\u00eatre accessibles m\u00eame si l'un des clouds est compromis.<\/p>\n\n\t\t<\/div>\n\t\t\t\t\n<style>\n#col-1276541518 > .col-inner {\n  padding: 25px 20px 0px 21px;\n}\n@media (min-width:550px) {\n  #col-1276541518 > .col-inner {\n    padding: 25px 20px 0px 0px;\n  }\n}\n@media (min-width:850px) {\n  #col-1276541518 > .col-inner {\n    padding: 25px 0px 0px 0px;\n  }\n}\n<\/style>\n\t<\/div>\n\n\t\n\n<\/div>\n\n\t\t<\/div>\n\n\t\t\n<style>\n#section_1630493905 {\n  padding-top: 50px;\n  padding-bottom: 50px;\n  background-color: rgb(248, 249, 250);\n}\n<\/style>\n\t<\/section>\n\t\n\t<section class=\"section\" id=\"section_892207773\">\n\t\t<div class=\"bg section-bg fill bg-fill  bg-loaded\" >\n\n\t\t\t\n\t\t\t\n\t\t\t\n\n\t\t<\/div>\n\n\t\t<div class=\"section-content relative\">\n\t\t\t\n\n<div class=\"row\"  id=\"row-947670050\">\n\n\n\t<div id=\"col-1893593380\" class=\"col small-12 large-12\"  >\n\t\t\t\t<div class=\"col-inner\"  >\n\t\t\t\n\t\t\t\n\n\t<div id=\"text-321524173\" class=\"text\">\n\t\t\n\n<h2><strong>Cas d'utilisation<\/strong><\/h2>\n\t\t\n<style>\n#text-321524173 {\n  font-size: 1.6rem;\n  line-height: 2.2;\n  text-align: center;\n}\n<\/style>\n\t<\/div>\n\t\n\n\t\t<\/div>\n\t\t\t\t\t<\/div>\n\n\t\n\n<\/div>\n<div class=\"row align-equal\"  id=\"row-1596856511\">\n\n\n\t<div id=\"col-552795488\" class=\"col medium-6 small-12 large-6\"  >\n\t\t\t\t<div class=\"col-inner box-shadow-2\"  >\n\t\t\t\n\t\t\t\n\n<div class=\"row row-collapse\"  id=\"row-241804236\">\n\n\n\t<div id=\"col-562036731\" class=\"col blue-gradient small-12 large-12\"  >\n\t\t\t\t<div class=\"col-inner dark\"  >\n\t\t\t\n\t\t\t\n\n<h3>Lib\u00e9rer les ressources de vos infrastructures<\/h3>\n\n\t\t<\/div>\n\t\t\t\t\n<style>\n#col-562036731 > .col-inner {\n  padding: 20px 0px 10px 20px;\n}\n<\/style>\n\t<\/div>\n\n\t\n\n\t<div id=\"col-1865194136\" class=\"col small-12 large-12\"  >\n\t\t\t\t<div class=\"col-inner\"  >\n\t\t\t\n\t\t\t\n\n<p>Avec Vawlt, vous pouvez all\u00e9ger votre infrastructure en transf\u00e9rant des donn\u00e9es immuables ou archiv\u00e9es vers une solution multicloud, s\u00fbre de par sa conception et moins co\u00fbteuse \u00e0 exploiter.<\/p>\n<a href=\"\/fr\/solutions\/cas-d-utilization\/liberer-les-ressources-de-vos-infrastructures\/\" target=\"_self\" class=\"button primary is-link\"  >\n    <span>En savoir plus<\/span>\n  <i class=\"icon-angle-right\" ><\/i><\/a>\n\n\n\n\t\t<\/div>\n\t\t\t\t\n<style>\n#col-1865194136 > .col-inner {\n  padding: 20px 20px 0px 20px;\n}\n<\/style>\n\t<\/div>\n\n\t\n\n<\/div>\n\n\t\t<\/div>\n\t\t\t\t\t<\/div>\n\n\t\n\n\t<div id=\"col-2130480836\" class=\"col medium-6 small-12 large-6\"  >\n\t\t\t\t<div class=\"col-inner box-shadow-2\"  >\n\t\t\t\n\t\t\t\n\n<div class=\"row row-collapse\"  id=\"row-1398823940\">\n\n\n\t<div id=\"col-749781086\" class=\"col blue-gradient small-12 large-12\"  >\n\t\t\t\t<div class=\"col-inner dark\"  >\n\t\t\t\n\t\t\t\n\n<h3>Sauvegarde et r\u00e9cup\u00e9ration hors site apr\u00e8s sinistre\n<\/h3>\n\n\t\t<\/div>\n\t\t\t\t\n<style>\n#col-749781086 > .col-inner {\n  padding: 20px 0px 10px 20px;\n}\n<\/style>\n\t<\/div>\n\n\t\n\n\t<div id=\"col-901623744\" class=\"col small-12 large-12\"  >\n\t\t\t\t<div class=\"col-inner\"  >\n\t\t\t\n\t\t\t\n\n<p>Restaurez l'acc\u00e8s des utilisateurs aux fichiers apr\u00e8s une panne du syst\u00e8me. Vawlt permet de restaurer et de reconstruire rapidement les fichiers et dossiers de votre syst\u00e8me de fichiers \u00e0 partir de la solution multicloud, en permettant une recherche exhaustive dans l'ensemble de vos volumes.<\/p>\n<a href=\"\/fr\/solutions\/cas-d-utilization\/sauvegarde-et-recuperation-hors-site-apres-sinistre\/\" target=\"_self\" class=\"button primary is-link\"  >\n    <span>En savoir plus<\/span>\n  <i class=\"icon-angle-right\" ><\/i><\/a>\n\n\n\n\t\t<\/div>\n\t\t\t\t\n<style>\n#col-901623744 > .col-inner {\n  padding: 20px 20px 0px 20px;\n}\n<\/style>\n\t<\/div>\n\n\t\n\n<\/div>\n\n\t\t<\/div>\n\t\t\t\t\t<\/div>\n\n\t\n\n<\/div>\n\t<div id=\"gap-974433861\" class=\"gap-element clearfix\" style=\"display:block; height:auto;\">\n\t\t\n<style>\n#gap-974433861 {\n  padding-top: 30px;\n}\n<\/style>\n\t<\/div>\n\t\n\n<div class=\"row row-collapse\"  id=\"row-1956880737\">\n\n\n\t<div id=\"col-1119064974\" class=\"col small-12 large-12\"  >\n\t\t\t\t<div class=\"col-inner text-center\"  >\n\t\t\t\n\t\t\t\n\n<a href=\"\/fr\/solutions\/cas-d-utilization\/\" target=\"_self\" class=\"button primary is-outline\"  style=\"border-radius:5px;\">\n    <span>Tous les cas d'utilisation<\/span>\n  <i class=\"icon-angle-right\" ><\/i><\/a>\n\n\n\n\t\t<\/div>\n\t\t\t\t\t<\/div>\n\n\t\n\n<\/div>\n\n\t\t<\/div>\n\n\t\t\n<style>\n#section_892207773 {\n  padding-top: 50px;\n  padding-bottom: 50px;\n}\n<\/style>\n\t<\/section>\n\t\n\t<section class=\"section\" id=\"section_2103317401\">\n\t\t<div class=\"bg section-bg fill bg-fill  bg-loaded\" >\n\n\t\t\t\n\t\t\t\n\t\t\t\n\n\t\t<\/div>\n\n\t\t<div class=\"section-content relative\">\n\t\t\t\n\n\t<div id=\"gap-615951886\" class=\"gap-element clearfix\" style=\"display:block; height:auto;\">\n\t\t\n<style>\n#gap-615951886 {\n  padding-top: 40px;\n}\n<\/style>\n\t<\/div>\n\t\n\n<div class=\"row row-collapse align-middle\"  id=\"row-2075524320\">\n\n\n\t<div id=\"col-1285501415\" class=\"col medium-6 small-12 large-6\"  >\n\t\t\t\t<div class=\"col-inner text-left\"  >\n\t\t\t\n\t\t\t\n\n\t<div id=\"text-1627964613\" class=\"text\">\n\t\t\n\n<h3 style=\"font-weight: 600;\">Ne laissez pas les ransomwares paralyser votre entreprise<\/h3>\n\t\t\n<style>\n#text-1627964613 {\n  font-size: 1rem;\n  text-align: center;\n}\n@media (min-width:550px) {\n  #text-1627964613 {\n    text-align: left;\n  }\n}\n<\/style>\n\t<\/div>\n\t\n\t<div id=\"text-2400376033\" class=\"text\">\n\t\t\n\n<h2><span style=\"font-weight: 600; color: #21bffc;\">Commencer \u00e0 vous prot\u00e9ger<\/span><span style=\"font-weight: 600; color: #000000;\">\u00a0maintenant.<br \/><\/span><\/h2>\n\t\t\n<style>\n#text-2400376033 {\n  font-size: 1.6rem;\n  text-align: center;\n}\n@media (min-width:550px) {\n  #text-2400376033 {\n    text-align: left;\n  }\n}\n<\/style>\n\t<\/div>\n\t\n\n\t\t<\/div>\n\t\t\t\t\n<style>\n#col-1285501415 > .col-inner {\n  padding: 0px 20px 0px 20px;\n}\n@media (min-width:550px) {\n  #col-1285501415 > .col-inner {\n    padding: 0px 0px 0px 20px;\n  }\n}\n<\/style>\n\t<\/div>\n\n\t\n\n\t<div id=\"col-1534022719\" class=\"col hide-for-medium medium-6 small-12 large-6\"  >\n\t\t\t\t<div class=\"col-inner text-right\"  >\n\t\t\t\n\t\t\t\n\n<a href=\"http:\/\/vawlt.io\/fr\/obtenir-une-demonstration\/\" target=\"_self\" class=\"button primary is-large\"  style=\"border-radius:5px;\">\n    <span>Obtenir une d\u00e9mo<\/span>\n  <\/a>\n\n\n\n\t\t<\/div>\n\t\t\t\t\n<style>\n#col-1534022719 > .col-inner {\n  padding: 0px 20px 0px 20px;\n}\n@media (min-width:550px) {\n  #col-1534022719 > .col-inner {\n    padding: 0px 20px 0px 0px;\n  }\n}\n<\/style>\n\t<\/div>\n\n\t\n\n\t<div id=\"col-1575661536\" class=\"col show-for-medium hide-for-small medium-6 small-12 large-6\"  >\n\t\t\t\t<div class=\"col-inner text-right\"  >\n\t\t\t\n\t\t\t\n\n<a href=\"http:\/\/vawlt.io\/fr\/obtenir-une-demonstration\/\" target=\"_self\" class=\"button primary\"  style=\"border-radius:5px;\">\n    <span>Obtenir une d\u00e9mo<\/span>\n  <\/a>\n\n\n\n\t\t<\/div>\n\t\t\t\t\n<style>\n#col-1575661536 > .col-inner {\n  padding: 0px 20px 0px 20px;\n}\n@media (min-width:550px) {\n  #col-1575661536 > .col-inner {\n    padding: 0px 20px 0px 0px;\n  }\n}\n<\/style>\n\t<\/div>\n\n\t\n\n\t<div id=\"col-41930886\" class=\"col show-for-small medium-6 small-12 large-6\"  >\n\t\t\t\t<div class=\"col-inner text-center\"  >\n\t\t\t\n\t\t\t\n\n\t<div id=\"gap-2057962492\" class=\"gap-element clearfix\" style=\"display:block; height:auto;\">\n\t\t\n<style>\n#gap-2057962492 {\n  padding-top: 23px;\n}\n@media (min-width:550px) {\n  #gap-2057962492 {\n    padding-top: 40px;\n  }\n}\n<\/style>\n\t<\/div>\n\t\n\n<a href=\"http:\/\/vawlt.io\/fr\/obtenir-une-demonstration\/\" target=\"_self\" class=\"button primary is-small\"  style=\"border-radius:5px;\">\n    <span>Obtenir une d\u00e9mo<\/span>\n  <\/a>\n\n\n\n\t\t<\/div>\n\t\t\t\t\n<style>\n#col-41930886 > .col-inner {\n  padding: 0px 20px 0px 20px;\n}\n@media (min-width:550px) {\n  #col-41930886 > .col-inner {\n    padding: 0px 20px 0px 0px;\n  }\n}\n<\/style>\n\t<\/div>\n\n\t\n\n<\/div>\n\n\t\t<\/div>\n\n\t\t\n<style>\n#section_2103317401 {\n  padding-top: 30px;\n  padding-bottom: 30px;\n  background-color: rgb(244, 247, 249);\n}\n<\/style>\n\t<\/section>","protected":false},"excerpt":{"rendered":"","protected":false},"author":8,"featured_media":0,"parent":351,"menu_order":0,"comment_status":"closed","ping_status":"closed","template":"page-blank.php","meta":{"footnotes":""},"class_list":["post-430","page","type-page","status-publish","hentry"],"yoast_head":"<!-- This site is optimized with the Yoast SEO plugin v26.2 - https:\/\/yoast.com\/wordpress\/plugins\/seo\/ -->\n<title>Secure Cloud Archival Services for Healthcare | Multicloud Storage | Vawlt<\/title>\n<meta name=\"description\" content=\"Help your patients feel safer with a system that is secure by design. Store their imaging and records, while easily controlling who has access to them.\" \/>\n<meta name=\"robots\" content=\"index, follow, max-snippet:-1, max-image-preview:large, max-video-preview:-1\" \/>\n<link rel=\"canonical\" href=\"https:\/\/site-temp.vawlt.io\/br\/solucoes\/industrias\/saude\/\" \/>\n<meta property=\"og:locale\" content=\"fr_FR\" \/>\n<meta property=\"og:type\" content=\"article\" \/>\n<meta property=\"og:title\" content=\"Secure Cloud Archival Services for Healthcare | Multicloud Storage | Vawlt\" \/>\n<meta property=\"og:description\" content=\"Help your patients feel safer with a system that is secure by design. Store their imaging and records, while easily controlling who has access to them.\" \/>\n<meta property=\"og:url\" content=\"https:\/\/site-temp.vawlt.io\/br\/solucoes\/industrias\/saude\/\" \/>\n<meta property=\"og:site_name\" content=\"Vawlt\" \/>\n<meta property=\"article:publisher\" content=\"https:\/\/www.facebook.com\/vawlt\" \/>\n<meta property=\"article:modified_time\" content=\"2022-03-04T17:17:57+00:00\" \/>\n<meta property=\"og:image\" content=\"https:\/\/vawlt.io\/wp-content\/uploads\/2021\/09\/mockup.png\" \/>\n\t<meta property=\"og:image:width\" content=\"500\" \/>\n\t<meta property=\"og:image:height\" content=\"256\" \/>\n\t<meta property=\"og:image:type\" content=\"image\/png\" \/>\n<meta name=\"twitter:card\" content=\"summary_large_image\" \/>\n<meta name=\"twitter:site\" content=\"@vawltio\" \/>\n<meta name=\"twitter:label1\" content=\"Dur\u00e9e de lecture estim\u00e9e\" \/>\n\t<meta name=\"twitter:data1\" content=\"2 minutes\" \/>\n<!-- \/ Yoast SEO plugin. -->","yoast_head_json":{"title":"Services d'Archivage S\u00e9curis\u00e9s dans le Cloud pour le Secteur de la Sant\u00e9 | Stockage Multicloud | Vawlt","description":"Aidez vos patients \u00e0 se sentir plus en s\u00e9curit\u00e9 gr\u00e2ce \u00e0 un syst\u00e8me s\u00e9curis\u00e9 d\u00e8s sa conception. Stockez leurs images et leurs dossiers, tout en contr\u00f4lant facilement qui y a acc\u00e8s.","robots":{"index":"index","follow":"follow","max-snippet":"max-snippet:-1","max-image-preview":"max-image-preview:large","max-video-preview":"max-video-preview:-1"},"canonical":"https:\/\/site-temp.vawlt.io\/br\/solucoes\/industrias\/saude\/","og_locale":"fr_FR","og_type":"article","og_title":"Secure Cloud Archival Services for Healthcare | Multicloud Storage | Vawlt","og_description":"Help your patients feel safer with a system that is secure by design. Store their imaging and records, while easily controlling who has access to them.","og_url":"https:\/\/site-temp.vawlt.io\/br\/solucoes\/industrias\/saude\/","og_site_name":"Vawlt","article_publisher":"https:\/\/www.facebook.com\/vawlt","article_modified_time":"2022-03-04T17:17:57+00:00","og_image":[{"width":500,"height":256,"url":"https:\/\/vawlt.io\/wp-content\/uploads\/2021\/09\/mockup.png","type":"image\/png"}],"twitter_card":"summary_large_image","twitter_site":"@vawltio","twitter_misc":{"Dur\u00e9e de lecture estim\u00e9e":"2 minutes"},"schema":{"@context":"https:\/\/schema.org","@graph":[{"@type":"WebPage","@id":"https:\/\/site-temp.vawlt.io\/br\/solucoes\/industrias\/saude\/","url":"https:\/\/site-temp.vawlt.io\/br\/solucoes\/industrias\/saude\/","name":"Services d'Archivage S\u00e9curis\u00e9s dans le Cloud pour le Secteur de la Sant\u00e9 | Stockage Multicloud | Vawlt","isPartOf":{"@id":"https:\/\/site-temp.vawlt.io\/#website"},"datePublished":"2021-08-12T16:25:33+00:00","dateModified":"2022-03-04T17:17:57+00:00","description":"Aidez vos patients \u00e0 se sentir plus en s\u00e9curit\u00e9 gr\u00e2ce \u00e0 un syst\u00e8me s\u00e9curis\u00e9 d\u00e8s sa conception. Stockez leurs images et leurs dossiers, tout en contr\u00f4lant facilement qui y a acc\u00e8s.","breadcrumb":{"@id":"https:\/\/site-temp.vawlt.io\/br\/solucoes\/industrias\/saude\/#breadcrumb"},"inLanguage":"fr-FR","potentialAction":[{"@type":"ReadAction","target":["https:\/\/site-temp.vawlt.io\/br\/solucoes\/industrias\/saude\/"]}]},{"@type":"BreadcrumbList","@id":"https:\/\/site-temp.vawlt.io\/br\/solucoes\/industrias\/saude\/#breadcrumb","itemListElement":[{"@type":"ListItem","position":1,"name":"Home","item":"https:\/\/vawlt.io\/"},{"@type":"ListItem","position":2,"name":"Solutions","item":"https:\/\/site-temp.vawlt.io\/solutions\/"},{"@type":"ListItem","position":3,"name":"Industries","item":"https:\/\/site-temp.vawlt.io\/pt\/solucoes\/industrias\/"},{"@type":"ListItem","position":4,"name":"Healthcare"}]},{"@type":"WebSite","@id":"https:\/\/site-temp.vawlt.io\/#website","url":"https:\/\/site-temp.vawlt.io\/","name":"Vawlt","description":"Solution de stockage de donn\u00e9es multicloud qui simplifie la transition vers le cloud, am\u00e9liore les normes de s\u00e9curit\u00e9 et optimise l'utilisation des ressources de stockage.","publisher":{"@id":"https:\/\/site-temp.vawlt.io\/#organization"},"potentialAction":[{"@type":"SearchAction","target":{"@type":"EntryPoint","urlTemplate":"https:\/\/site-temp.vawlt.io\/?s={search_term_string}"},"query-input":{"@type":"PropertyValueSpecification","valueRequired":true,"valueName":"search_term_string"}}],"inLanguage":"fr-FR"},{"@type":"Organization","@id":"https:\/\/site-temp.vawlt.io\/#organization","name":"Vawlt","url":"https:\/\/site-temp.vawlt.io\/","logo":{"@type":"ImageObject","inLanguage":"fr-FR","@id":"https:\/\/site-temp.vawlt.io\/#\/schema\/logo\/image\/","url":"http:\/\/vawlt.io\/wp-content\/uploads\/2021\/08\/logo_vawlt_business.png","contentUrl":"http:\/\/vawlt.io\/wp-content\/uploads\/2021\/08\/logo_vawlt_business.png","width":576,"height":92,"caption":"Vawlt"},"image":{"@id":"https:\/\/site-temp.vawlt.io\/#\/schema\/logo\/image\/"},"sameAs":["https:\/\/www.facebook.com\/vawlt","https:\/\/x.com\/vawltio","https:\/\/www.linkedin.com\/company\/vawlt","https:\/\/www.youtube.com\/channel\/UCYzlYYg7j_07CFi8Be0eAMw"]}]}},"_links":{"self":[{"href":"https:\/\/vawlt.io\/fr\/wp-json\/wp\/v2\/pages\/430","targetHints":{"allow":["GET"]}}],"collection":[{"href":"https:\/\/vawlt.io\/fr\/wp-json\/wp\/v2\/pages"}],"about":[{"href":"https:\/\/vawlt.io\/fr\/wp-json\/wp\/v2\/types\/page"}],"author":[{"embeddable":true,"href":"https:\/\/vawlt.io\/fr\/wp-json\/wp\/v2\/users\/8"}],"replies":[{"embeddable":true,"href":"https:\/\/vawlt.io\/fr\/wp-json\/wp\/v2\/comments?post=430"}],"version-history":[{"count":15,"href":"https:\/\/vawlt.io\/fr\/wp-json\/wp\/v2\/pages\/430\/revisions"}],"predecessor-version":[{"id":3366,"href":"https:\/\/vawlt.io\/fr\/wp-json\/wp\/v2\/pages\/430\/revisions\/3366"}],"up":[{"embeddable":true,"href":"https:\/\/vawlt.io\/fr\/wp-json\/wp\/v2\/pages\/351"}],"wp:attachment":[{"href":"https:\/\/vawlt.io\/fr\/wp-json\/wp\/v2\/media?parent=430"}],"curies":[{"name":"wp","href":"https:\/\/api.w.org\/{rel}","templated":true}]}}