{"id":510,"date":"2021-08-13T10:26:06","date_gmt":"2021-08-13T10:26:06","guid":{"rendered":"http:\/\/vawlt.io\/?page_id=510"},"modified":"2022-05-19T10:55:53","modified_gmt":"2022-05-19T10:55:53","slug":"pricing","status":"publish","type":"page","link":"https:\/\/vawlt.io\/fr\/produit\/tarification\/","title":{"rendered":"Tarification"},"content":{"rendered":"<section class=\"section\" id=\"section_1721162640\">\n\t\t<div class=\"bg section-bg fill bg-fill  bg-loaded\" >\n\n\t\t\t\n\t\t\t\n\t\t\t\n\n\t\t<\/div>\n\n\t\t<div class=\"section-content relative\">\n\t\t\t\n\n<div class=\"row align-center\"  id=\"row-1748091223\">\n\n\n\t<div id=\"col-1023092953\" class=\"col small-12 large-12\"  >\n\t\t\t\t<div class=\"col-inner text-center\"  >\n\t\t\t\n\t\t\t\n\n\t<div id=\"text-3939448899\" class=\"text\">\n\t\t\n\n<h1><strong>Commencez votre exp\u00e9rience multicloud avec Vawlt<\/strong><\/h1>\n\t\t\n<style>\n#text-3939448899 {\n  font-size: 1.6rem;\n}\n<\/style>\n\t<\/div>\n\t\n<p><strong>Cr\u00e9ez un nouveau volume sur la plateforme de stockage dynamique et visualisez son co\u00fbt mensuel.<br><\/strong>Les prix de d\u00e9part incluent au moins un fournisseur de cloud de premier plan (par exemple AWS, Microsoft Azure, Google Cloud ou IBM). Les prix peuvent varier en fonction des sp\u00e9cifications s\u00e9lectionn\u00e9es, telles que la liste des fournisseurs, l'emplacement, la taille du volume, le quota de t\u00e9l\u00e9chargement ou les interfaces de stockage.<\/p>\n\n\t\t<\/div>\n\t\t\t\t\n<style>\n#col-1023092953 > .col-inner {\n  padding: 50px 20px 0px 20px;\n}\n@media (min-width:850px) {\n  #col-1023092953 > .col-inner {\n    padding: 80px 0px 0px 0px;\n  }\n}\n<\/style>\n\t<\/div>\n\n\t\n\n<\/div>\n\n\t\t<\/div>\n\n\t\t\n<style>\n#section_1721162640 {\n  padding-top: 0px;\n  padding-bottom: 0px;\n}\n<\/style>\n\t<\/section>\n\t\n\t<section class=\"section\" id=\"section_284137139\">\n\t\t<div class=\"bg section-bg fill bg-fill  bg-loaded\" >\n\n\t\t\t\n\t\t\t\n\t\t\t\n\n\t\t<\/div>\n\n\t\t<div class=\"section-content relative\">\n\t\t\t\n\n<div class=\"row align-equal\"  id=\"row-1688200655\">\n\n\n\t<div id=\"col-203252444\" class=\"col medium-3 small-12 large-3\"  data-animate=\"fadeInUp\">\n\t\t\t\t<div class=\"col-inner text-center box-shadow-1 box-shadow-2-hover\" style=\"background-color:rgb(255, 255, 255);\" >\n\t\t\t\n\t\t\t\n\n\t<div class=\"img has-hover x md-x lg-x y md-y lg-y\" id=\"image_1428272223\">\n\t\t\t\t\t\t\t\t<div class=\"img-inner dark\" >\n\t\t\t<img loading=\"lazy\" decoding=\"async\" width=\"1\" height=\"1\" src=\"https:\/\/vawlt.io\/wp-content\/uploads\/2021\/08\/solution01.svg\" class=\"attachment-large size-large\" alt=\"\" \/>\t\t\t\t\t\t\n\t\t\t\t\t<\/div>\n\t\t\t\t\t\t\t\t\n<style>\n#image_1428272223 {\n  width: 30%;\n}\n<\/style>\n\t<\/div>\n\t\n\n\t<div id=\"text-2132376385\" class=\"text\">\n\t\t\n\n<h3><strong>Hot<\/strong><\/h3>\n\t\t\n<style>\n#text-2132376385 {\n  text-align: center;\n}\n<\/style>\n\t<\/div>\n\t\n\t<div id=\"text-858578680\" class=\"text\">\n\t\t\n\n<p>Id\u00e9al pour le stockage et partage r\u00e9guliers <\/p>\n\t\t\n<style>\n#text-858578680 {\n  font-size: 0.8rem;\n}\n<\/style>\n\t<\/div>\n\t\n\t<div id=\"gap-784346114\" class=\"gap-element clearfix\" style=\"display:block; height:auto;\">\n\t\t\n<style>\n#gap-784346114 {\n  padding-top: 21px;\n}\n@media (min-width:850px) {\n  #gap-784346114 {\n    padding-top: 19px;\n  }\n}\n<\/style>\n\t<\/div>\n\t\n\n<div class=\"row row-collapse align-bottom align-center\"  id=\"row-497783269\">\n\n\n\t<div id=\"col-1297967312\" class=\"col small-12 large-12\"  >\n\t\t\t\t<div class=\"col-inner text-center\"  >\n\t\t\t\n\t\t\t\n\n\t<div id=\"text-594936375\" class=\"text\">\n\t\t\n\n<p>\u00c0 partir de<\/p>\n\t\t\n<style>\n#text-594936375 {\n  line-height: 0.75;\n  color: rgb(48, 100, 137);\n}\n#text-594936375 > * {\n  color: rgb(48, 100, 137);\n}\n<\/style>\n\t<\/div>\n\t\n\t<div id=\"text-4140661737\" class=\"text\">\n\t\t\n\n<h4 style=\"font-weight: 600;\">\u20ac30,90<\/p>\n\t\t\n<style>\n#text-4140661737 {\n  font-size: 2.5rem;\n  line-height: 1;\n  color: rgb(48, 100, 137);\n}\n#text-4140661737 > * {\n  color: rgb(48, 100, 137);\n}\n<\/style>\n\t<\/div>\n\t\n\t<div id=\"text-2428331573\" class=\"text\">\n\t\t\n\n<p>\/To\/mois + TVA<\/p>\n\t\t\n<style>\n#text-2428331573 {\n  font-size: 0.75rem;\n  text-align: center;\n  color: #306489;\n}\n#text-2428331573 > * {\n  color: #306489;\n}\n<\/style>\n\t<\/div>\n\t\n\n\t\t<\/div>\n\t\t\t\t\t<\/div>\n\n\t\n\n<\/div>\n\n\t\t<\/div>\n\t\t\t\t\n<style>\n#col-203252444 > .col-inner {\n  padding: 30px 40px 20px 40px;\n}\n<\/style>\n\t<\/div>\n\n\t\n\n\t<div id=\"col-1432884160\" class=\"col medium-3 small-12 large-3\"  data-animate=\"fadeInUp\">\n\t\t\t\t<div class=\"col-inner text-center box-shadow-1 box-shadow-2-hover\" style=\"background-color:rgb(255, 255, 255);\" >\n\t\t\t\n\t\t\t\n\n\t<div class=\"img has-hover x md-x lg-x y md-y lg-y\" id=\"image_130884400\">\n\t\t\t\t\t\t\t\t<div class=\"img-inner dark\" >\n\t\t\t<img loading=\"lazy\" decoding=\"async\" width=\"1\" height=\"1\" src=\"https:\/\/vawlt.io\/wp-content\/uploads\/2021\/10\/solution04.svg\" class=\"attachment-large size-large\" alt=\"\" \/>\t\t\t\t\t\t\n\t\t\t\t\t<\/div>\n\t\t\t\t\t\t\t\t\n<style>\n#image_130884400 {\n  width: 30%;\n}\n<\/style>\n\t<\/div>\n\t\n\n\t<div id=\"text-3286648232\" class=\"text\">\n\t\t\n\n<h3><strong>Warm<\/strong><\/h3>\n\t\t\n<style>\n#text-3286648232 {\n  text-align: center;\n}\n<\/style>\n\t<\/div>\n\t\n\t<div id=\"text-3519628970\" class=\"text\">\n\t\t\n\n<p>Optimis\u00e9 pour le stockage de donn\u00e9es modifiables, consult\u00e9es moins fr\u00e9quemment.<\/p>\n\t\t\n<style>\n#text-3519628970 {\n  font-size: 0.8rem;\n}\n<\/style>\n\t<\/div>\n\t\n\t<div id=\"gap-474686819\" class=\"gap-element clearfix\" style=\"display:block; height:auto;\">\n\t\t\n<style>\n#gap-474686819 {\n  padding-top: 0px;\n}\n<\/style>\n\t<\/div>\n\t\n\n<div class=\"row row-collapse align-bottom align-center\"  id=\"row-981005710\">\n\n\n\t<div id=\"col-988510092\" class=\"col small-12 large-12\"  >\n\t\t\t\t<div class=\"col-inner text-center\"  >\n\t\t\t\n\t\t\t\n\n\t<div id=\"text-2549874887\" class=\"text\">\n\t\t\n\n<p>\u00c0 partir de<\/p>\n\t\t\n<style>\n#text-2549874887 {\n  line-height: 0.75;\n  color: rgb(48, 100, 137);\n}\n#text-2549874887 > * {\n  color: rgb(48, 100, 137);\n}\n<\/style>\n\t<\/div>\n\t\n\t<div id=\"text-3936359803\" class=\"text\">\n\t\t\n\n<h4 style=\"font-weight: 600;\">\u20ac16,90<\/p>\n\t\t\n<style>\n#text-3936359803 {\n  font-size: 2.5rem;\n  line-height: 1;\n  color: rgb(48, 100, 137);\n}\n#text-3936359803 > * {\n  color: rgb(48, 100, 137);\n}\n<\/style>\n\t<\/div>\n\t\n\t<div id=\"text-3799599941\" class=\"text\">\n\t\t\n\n<p>\/To\/mois + TVA<\/p>\n\t\t\n<style>\n#text-3799599941 {\n  font-size: 0.75rem;\n  text-align: center;\n  color: #306489;\n}\n#text-3799599941 > * {\n  color: #306489;\n}\n<\/style>\n\t<\/div>\n\t\n\n\t\t<\/div>\n\t\t\t\t\t<\/div>\n\n\t\n\n<\/div>\n\n\t\t<\/div>\n\t\t\t\t\n<style>\n#col-1432884160 > .col-inner {\n  padding: 30px 40px 20px 40px;\n}\n<\/style>\n\t<\/div>\n\n\t\n\n\t<div id=\"col-1950130939\" class=\"col medium-3 small-12 large-3\"  data-animate=\"fadeInUp\">\n\t\t\t\t<div class=\"col-inner text-center box-shadow-1 box-shadow-2-hover\" style=\"background-color:rgb(255, 255, 255);\" >\n\t\t\t\n\t\t\t\n\n\t<div class=\"img has-hover x md-x lg-x y md-y lg-y\" id=\"image_64010443\">\n\t\t\t\t\t\t\t\t<div class=\"img-inner dark\" >\n\t\t\t<img loading=\"lazy\" decoding=\"async\" width=\"1\" height=\"1\" src=\"https:\/\/vawlt.io\/wp-content\/uploads\/2021\/08\/solution02.svg\" class=\"attachment-large size-large\" alt=\"\" \/>\t\t\t\t\t\t\n\t\t\t\t\t<\/div>\n\t\t\t\t\t\t\t\t\n<style>\n#image_64010443 {\n  width: 30%;\n}\n<\/style>\n\t<\/div>\n\t\n\n\t<div id=\"text-2065274249\" class=\"text\">\n\t\t\n\n<h3><strong>Immutable<\/strong><\/h3>\n\t\t\n<style>\n#text-2065274249 {\n  text-align: center;\n}\n<\/style>\n\t<\/div>\n\t\n\t<div id=\"text-1832154874\" class=\"text\">\n\t\t\n\n<p>Optimis\u00e9 pour les fichiers qui ne n\u00e9cessitent pas de modifications lors du stockage <\/p>\n\t\t\n<style>\n#text-1832154874 {\n  font-size: 0.8rem;\n}\n<\/style>\n\t<\/div>\n\t\n\t<div id=\"gap-2102950335\" class=\"gap-element clearfix\" style=\"display:block; height:auto;\">\n\t\t\n<style>\n#gap-2102950335 {\n  padding-top: 0px;\n}\n<\/style>\n\t<\/div>\n\t\n\n<div class=\"row row-collapse align-bottom align-center\"  id=\"row-1843923280\">\n\n\n\t<div id=\"col-743969340\" class=\"col small-12 large-12\"  >\n\t\t\t\t<div class=\"col-inner text-center\"  >\n\t\t\t\n\t\t\t\n\n\t<div id=\"text-4074444420\" class=\"text\">\n\t\t\n\n<p>\u00c0 partir de<\/p>\n\t\t\n<style>\n#text-4074444420 {\n  line-height: 0.75;\n  color: rgb(48, 100, 137);\n}\n#text-4074444420 > * {\n  color: rgb(48, 100, 137);\n}\n<\/style>\n\t<\/div>\n\t\n\t<div id=\"text-705441857\" class=\"text\">\n\t\t\n\n<h4 style=\"font-weight: 600;\">\u20ac15,90<\/p>\n\t\t\n<style>\n#text-705441857 {\n  font-size: 2.5rem;\n  line-height: 1;\n  color: rgb(48, 100, 137);\n}\n#text-705441857 > * {\n  color: rgb(48, 100, 137);\n}\n<\/style>\n\t<\/div>\n\t\n\t<div id=\"text-3318266611\" class=\"text\">\n\t\t\n\n<p>\/To\/mois + TVA<\/p>\n\t\t\n<style>\n#text-3318266611 {\n  font-size: 0.75rem;\n  text-align: center;\n  color: #306489;\n}\n#text-3318266611 > * {\n  color: #306489;\n}\n<\/style>\n\t<\/div>\n\t\n\n\t\t<\/div>\n\t\t\t\t\t<\/div>\n\n\t\n\n<\/div>\n\n\t\t<\/div>\n\t\t\t\t\n<style>\n#col-1950130939 > .col-inner {\n  padding: 30px 40px 20px 40px;\n}\n<\/style>\n\t<\/div>\n\n\t\n\n\t<div id=\"col-1355041823\" class=\"col medium-3 small-12 large-3\"  data-animate=\"fadeInUp\">\n\t\t\t\t<div class=\"col-inner text-center box-shadow-1 box-shadow-2-hover\" style=\"background-color:rgb(255, 255, 255);\" >\n\t\t\t\n\t\t\t\n\n\t<div class=\"img has-hover x md-x lg-x y md-y lg-y\" id=\"image_406133664\">\n\t\t\t\t\t\t\t\t<div class=\"img-inner dark\" >\n\t\t\t<img loading=\"lazy\" decoding=\"async\" width=\"1\" height=\"1\" src=\"https:\/\/vawlt.io\/wp-content\/uploads\/2021\/08\/solution03.svg\" class=\"attachment-large size-large\" alt=\"\" \/>\t\t\t\t\t\t\n\t\t\t\t\t<\/div>\n\t\t\t\t\t\t\t\t\n<style>\n#image_406133664 {\n  width: 30%;\n}\n<\/style>\n\t<\/div>\n\t\n\n\t<div id=\"text-4255494451\" class=\"text\">\n\t\t\n\n<h3><strong>Archival<\/strong><\/h3>\n\t\t\n<style>\n#text-4255494451 {\n  text-align: center;\n}\n<\/style>\n\t<\/div>\n\t\n\t<div id=\"text-2444150709\" class=\"text\">\n\t\t\n\n<p>Id\u00e9al pour les fichiers qui sont stock\u00e9s pendant de longues p\u00e9riodes et rarement lus<\/p>\n\t\t\n<style>\n#text-2444150709 {\n  font-size: 0.8rem;\n}\n<\/style>\n\t<\/div>\n\t\n\t<div id=\"gap-152108506\" class=\"gap-element clearfix\" style=\"display:block; height:auto;\">\n\t\t\n<style>\n#gap-152108506 {\n  padding-top: 0px;\n}\n<\/style>\n\t<\/div>\n\t\n\n<div class=\"row row-collapse align-bottom align-center\"  id=\"row-1710546044\">\n\n\n\t<div id=\"col-53400346\" class=\"col small-12 large-12\"  >\n\t\t\t\t<div class=\"col-inner text-center\"  >\n\t\t\t\n\t\t\t\n\n\t<div id=\"text-2374849420\" class=\"text\">\n\t\t\n\n<p>\u00c0 partir de<\/p>\n\t\t\n<style>\n#text-2374849420 {\n  line-height: 0.75;\n  color: rgb(48, 100, 137);\n}\n#text-2374849420 > * {\n  color: rgb(48, 100, 137);\n}\n<\/style>\n\t<\/div>\n\t\n\t<div id=\"text-1586726400\" class=\"text\">\n\t\t\n\n<h4 style=\"font-weight: 600;\">\u20ac7,90<\/p>\n\t\t\n<style>\n#text-1586726400 {\n  font-size: 2.5rem;\n  line-height: 1;\n  color: rgb(48, 100, 137);\n}\n#text-1586726400 > * {\n  color: rgb(48, 100, 137);\n}\n<\/style>\n\t<\/div>\n\t\n\t<div id=\"text-3720606609\" class=\"text\">\n\t\t\n\n<p>\/To\/mois + TVA<\/p>\n\t\t\n<style>\n#text-3720606609 {\n  font-size: 0.75rem;\n  text-align: center;\n  color: #306489;\n}\n#text-3720606609 > * {\n  color: #306489;\n}\n<\/style>\n\t<\/div>\n\t\n\n\t\t<\/div>\n\t\t\t\t\t<\/div>\n\n\t\n\n<\/div>\n\n\t\t<\/div>\n\t\t\t\t\n<style>\n#col-1355041823 > .col-inner {\n  padding: 30px 40px 20px 40px;\n}\n<\/style>\n\t<\/div>\n\n\t\n\n<\/div>\n\n\t\t<\/div>\n\n\t\t\n<style>\n#section_284137139 {\n  padding-top: 50px;\n  padding-bottom: 50px;\n  background-color: rgb(233, 249, 254);\n}\n@media (min-width:850px) {\n  #section_284137139 {\n    padding-top: 80px;\n    padding-bottom: 80px;\n  }\n}\n<\/style>\n\t<\/section>\n\t\n\t<section class=\"section\" id=\"section_890440732\">\n\t\t<div class=\"bg section-bg fill bg-fill  bg-loaded\" >\n\n\t\t\t\n\t\t\t\n\t\t\t\n\n\t\t<\/div>\n\n\t\t<div class=\"section-content relative\">\n\t\t\t\n\n\t<div id=\"gap-1088985220\" class=\"gap-element clearfix\" style=\"display:block; height:auto;\">\n\t\t\n<style>\n#gap-1088985220 {\n  padding-top: 40px;\n}\n<\/style>\n\t<\/div>\n\t\n\n<div class=\"row row-collapse align-middle\"  id=\"row-350472383\">\n\n\n\t<div id=\"col-617833489\" class=\"col medium-6 small-12 large-6\"  >\n\t\t\t\t<div class=\"col-inner text-left\"  >\n\t\t\t\n\t\t\t\n\n\t<div id=\"text-3864256463\" class=\"text\">\n\t\t\n\n<h3 style=\"font-weight: 600;\">Ne laissez pas les ransomwares paralyser votre entreprise<\/h3>\n\t\t\n<style>\n#text-3864256463 {\n  font-size: 1rem;\n  text-align: center;\n}\n@media (min-width:550px) {\n  #text-3864256463 {\n    text-align: left;\n  }\n}\n<\/style>\n\t<\/div>\n\t\n\t<div id=\"text-817706138\" class=\"text\">\n\t\t\n\n<h2><span style=\"font-weight: 600; color: #21bffc;\">Commencer \u00e0 vous prot\u00e9ger<\/span><span style=\"font-weight: 600; color: #000000;\">\u00a0maintenant.<br \/><\/span><\/h2>\n\t\t\n<style>\n#text-817706138 {\n  font-size: 1.6rem;\n  text-align: center;\n}\n@media (min-width:550px) {\n  #text-817706138 {\n    text-align: left;\n  }\n}\n<\/style>\n\t<\/div>\n\t\n\n\t\t<\/div>\n\t\t\t\t\n<style>\n#col-617833489 > .col-inner {\n  padding: 0px 20px 0px 20px;\n}\n@media (min-width:550px) {\n  #col-617833489 > .col-inner {\n    padding: 0px 0px 0px 20px;\n  }\n}\n<\/style>\n\t<\/div>\n\n\t\n\n\t<div id=\"col-39974318\" class=\"col hide-for-medium medium-6 small-12 large-6\"  >\n\t\t\t\t<div class=\"col-inner text-right\"  >\n\t\t\t\n\t\t\t\n\n<a href=\"http:\/\/vawlt.io\/fr\/obtenir-une-demonstration\/\" target=\"_self\" class=\"button primary is-large\"  style=\"border-radius:5px;\">\n    <span>Obtenir une d\u00e9mo<\/span>\n  <\/a>\n\n\n\n\t\t<\/div>\n\t\t\t\t\n<style>\n#col-39974318 > .col-inner {\n  padding: 0px 20px 0px 20px;\n}\n@media (min-width:550px) {\n  #col-39974318 > .col-inner {\n    padding: 0px 20px 0px 0px;\n  }\n}\n<\/style>\n\t<\/div>\n\n\t\n\n\t<div id=\"col-1217888182\" class=\"col show-for-medium hide-for-small medium-6 small-12 large-6\"  >\n\t\t\t\t<div class=\"col-inner text-right\"  >\n\t\t\t\n\t\t\t\n\n<a href=\"http:\/\/vawlt.io\/fr\/obtenir-une-demonstration\/\" target=\"_self\" class=\"button primary\"  style=\"border-radius:5px;\">\n    <span>Obtenir une d\u00e9mo<\/span>\n  <\/a>\n\n\n\n\t\t<\/div>\n\t\t\t\t\n<style>\n#col-1217888182 > .col-inner {\n  padding: 0px 20px 0px 20px;\n}\n@media (min-width:550px) {\n  #col-1217888182 > .col-inner {\n    padding: 0px 20px 0px 0px;\n  }\n}\n<\/style>\n\t<\/div>\n\n\t\n\n\t<div id=\"col-1012578310\" class=\"col show-for-small medium-6 small-12 large-6\"  >\n\t\t\t\t<div class=\"col-inner text-center\"  >\n\t\t\t\n\t\t\t\n\n\t<div id=\"gap-824195111\" class=\"gap-element clearfix\" style=\"display:block; height:auto;\">\n\t\t\n<style>\n#gap-824195111 {\n  padding-top: 23px;\n}\n@media (min-width:550px) {\n  #gap-824195111 {\n    padding-top: 40px;\n  }\n}\n<\/style>\n\t<\/div>\n\t\n\n<a href=\"http:\/\/vawlt.io\/fr\/obtenir-une-demonstration\/\" target=\"_self\" class=\"button primary is-small\"  style=\"border-radius:5px;\">\n    <span>Obtenir une d\u00e9mo<\/span>\n  <\/a>\n\n\n\n\t\t<\/div>\n\t\t\t\t\n<style>\n#col-1012578310 > .col-inner {\n  padding: 0px 20px 0px 20px;\n}\n@media (min-width:550px) {\n  #col-1012578310 > .col-inner {\n    padding: 0px 20px 0px 0px;\n  }\n}\n<\/style>\n\t<\/div>\n\n\t\n\n<\/div>\n\n\t\t<\/div>\n\n\t\t\n<style>\n#section_890440732 {\n  padding-top: 30px;\n  padding-bottom: 30px;\n  background-color: rgb(244, 247, 249);\n}\n<\/style>\n\t<\/section>","protected":false},"excerpt":{"rendered":"","protected":false},"author":8,"featured_media":0,"parent":36,"menu_order":8,"comment_status":"closed","ping_status":"closed","template":"page-blank.php","meta":{"footnotes":""},"class_list":["post-510","page","type-page","status-publish","hentry"],"yoast_head":"<!-- This site is optimized with the Yoast SEO plugin v26.2 - https:\/\/yoast.com\/wordpress\/plugins\/seo\/ -->\n<title>Pricing | Multicloud Storage | Vawlt<\/title>\n<meta name=\"description\" content=\"Start your multicloud experience with Vawlt - create a new volume on the Dynamic Storage Platform to forecast your monthly investment.\" \/>\n<meta name=\"robots\" content=\"index, follow, max-snippet:-1, max-image-preview:large, max-video-preview:-1\" \/>\n<link rel=\"canonical\" href=\"https:\/\/site-temp.vawlt.io\/product\/pricing\/\" \/>\n<meta property=\"og:locale\" content=\"fr_FR\" \/>\n<meta property=\"og:type\" content=\"article\" \/>\n<meta property=\"og:title\" content=\"Pricing | Multicloud Storage | Vawlt\" \/>\n<meta property=\"og:description\" content=\"Start your multicloud experience with Vawlt - create a new volume on the Dynamic Storage Platform to forecast your monthly investment.\" \/>\n<meta property=\"og:url\" content=\"https:\/\/site-temp.vawlt.io\/product\/pricing\/\" \/>\n<meta property=\"og:site_name\" content=\"Vawlt\" \/>\n<meta property=\"article:publisher\" content=\"https:\/\/www.facebook.com\/vawlt\" \/>\n<meta property=\"article:modified_time\" content=\"2022-05-19T10:55:53+00:00\" \/>\n<meta property=\"og:image\" content=\"https:\/\/vawlt.io\/wp-content\/uploads\/2021\/09\/mockup.png\" \/>\n\t<meta property=\"og:image:width\" content=\"500\" \/>\n\t<meta property=\"og:image:height\" content=\"256\" \/>\n\t<meta property=\"og:image:type\" content=\"image\/png\" \/>\n<meta name=\"twitter:card\" content=\"summary_large_image\" \/>\n<meta name=\"twitter:site\" content=\"@vawltio\" \/>\n<meta name=\"twitter:label1\" content=\"Dur\u00e9e de lecture estim\u00e9e\" \/>\n\t<meta name=\"twitter:data1\" content=\"2 minutes\" \/>\n<!-- \/ Yoast SEO plugin. -->","yoast_head_json":{"title":"Tarification | Stockage Multicloud | Vawlt","description":"Commencez votre exp\u00e9rience multicloud avec Vawlt - cr\u00e9ez un nouveau volume sur la plateforme de stockage dynamique pour pr\u00e9voir votre investissement mensuel.","robots":{"index":"index","follow":"follow","max-snippet":"max-snippet:-1","max-image-preview":"max-image-preview:large","max-video-preview":"max-video-preview:-1"},"canonical":"https:\/\/site-temp.vawlt.io\/product\/pricing\/","og_locale":"fr_FR","og_type":"article","og_title":"Pricing | Multicloud Storage | Vawlt","og_description":"Start your multicloud experience with Vawlt - create a new volume on the Dynamic Storage Platform to forecast your monthly investment.","og_url":"https:\/\/site-temp.vawlt.io\/product\/pricing\/","og_site_name":"Vawlt","article_publisher":"https:\/\/www.facebook.com\/vawlt","article_modified_time":"2022-05-19T10:55:53+00:00","og_image":[{"width":500,"height":256,"url":"https:\/\/vawlt.io\/wp-content\/uploads\/2021\/09\/mockup.png","type":"image\/png"}],"twitter_card":"summary_large_image","twitter_site":"@vawltio","twitter_misc":{"Dur\u00e9e de lecture estim\u00e9e":"2 minutes"},"schema":{"@context":"https:\/\/schema.org","@graph":[{"@type":"WebPage","@id":"https:\/\/site-temp.vawlt.io\/product\/pricing\/","url":"https:\/\/site-temp.vawlt.io\/product\/pricing\/","name":"Tarification | Stockage Multicloud | Vawlt","isPartOf":{"@id":"https:\/\/site-temp.vawlt.io\/#website"},"datePublished":"2021-08-13T10:26:06+00:00","dateModified":"2022-05-19T10:55:53+00:00","description":"Commencez votre exp\u00e9rience multicloud avec Vawlt - cr\u00e9ez un nouveau volume sur la plateforme de stockage dynamique pour pr\u00e9voir votre investissement mensuel.","breadcrumb":{"@id":"https:\/\/site-temp.vawlt.io\/product\/pricing\/#breadcrumb"},"inLanguage":"fr-FR","potentialAction":[{"@type":"ReadAction","target":["https:\/\/site-temp.vawlt.io\/product\/pricing\/"]}]},{"@type":"BreadcrumbList","@id":"https:\/\/site-temp.vawlt.io\/product\/pricing\/#breadcrumb","itemListElement":[{"@type":"ListItem","position":1,"name":"Home","item":"https:\/\/vawlt.io\/"},{"@type":"ListItem","position":2,"name":"Product","item":"https:\/\/site-temp.vawlt.io\/product\/"},{"@type":"ListItem","position":3,"name":"Pricing"}]},{"@type":"WebSite","@id":"https:\/\/site-temp.vawlt.io\/#website","url":"https:\/\/site-temp.vawlt.io\/","name":"Vawlt","description":"Solution de stockage de donn\u00e9es multicloud qui simplifie la transition vers le cloud, am\u00e9liore les normes de s\u00e9curit\u00e9 et optimise l'utilisation des ressources de stockage.","publisher":{"@id":"https:\/\/site-temp.vawlt.io\/#organization"},"potentialAction":[{"@type":"SearchAction","target":{"@type":"EntryPoint","urlTemplate":"https:\/\/site-temp.vawlt.io\/?s={search_term_string}"},"query-input":{"@type":"PropertyValueSpecification","valueRequired":true,"valueName":"search_term_string"}}],"inLanguage":"fr-FR"},{"@type":"Organization","@id":"https:\/\/site-temp.vawlt.io\/#organization","name":"Vawlt","url":"https:\/\/site-temp.vawlt.io\/","logo":{"@type":"ImageObject","inLanguage":"fr-FR","@id":"https:\/\/site-temp.vawlt.io\/#\/schema\/logo\/image\/","url":"http:\/\/vawlt.io\/wp-content\/uploads\/2021\/08\/logo_vawlt_business.png","contentUrl":"http:\/\/vawlt.io\/wp-content\/uploads\/2021\/08\/logo_vawlt_business.png","width":576,"height":92,"caption":"Vawlt"},"image":{"@id":"https:\/\/site-temp.vawlt.io\/#\/schema\/logo\/image\/"},"sameAs":["https:\/\/www.facebook.com\/vawlt","https:\/\/x.com\/vawltio","https:\/\/www.linkedin.com\/company\/vawlt","https:\/\/www.youtube.com\/channel\/UCYzlYYg7j_07CFi8Be0eAMw"]}]}},"_links":{"self":[{"href":"https:\/\/vawlt.io\/fr\/wp-json\/wp\/v2\/pages\/510","targetHints":{"allow":["GET"]}}],"collection":[{"href":"https:\/\/vawlt.io\/fr\/wp-json\/wp\/v2\/pages"}],"about":[{"href":"https:\/\/vawlt.io\/fr\/wp-json\/wp\/v2\/types\/page"}],"author":[{"embeddable":true,"href":"https:\/\/vawlt.io\/fr\/wp-json\/wp\/v2\/users\/8"}],"replies":[{"embeddable":true,"href":"https:\/\/vawlt.io\/fr\/wp-json\/wp\/v2\/comments?post=510"}],"version-history":[{"count":36,"href":"https:\/\/vawlt.io\/fr\/wp-json\/wp\/v2\/pages\/510\/revisions"}],"predecessor-version":[{"id":5621,"href":"https:\/\/vawlt.io\/fr\/wp-json\/wp\/v2\/pages\/510\/revisions\/5621"}],"up":[{"embeddable":true,"href":"https:\/\/vawlt.io\/fr\/wp-json\/wp\/v2\/pages\/36"}],"wp:attachment":[{"href":"https:\/\/vawlt.io\/fr\/wp-json\/wp\/v2\/media?parent=510"}],"curies":[{"name":"wp","href":"https:\/\/api.w.org\/{rel}","templated":true}]}}