{"id":722,"date":"2021-08-16T13:37:30","date_gmt":"2021-08-16T13:37:30","guid":{"rendered":"http:\/\/vawlt.io\/?page_id=722"},"modified":"2026-03-12T18:50:44","modified_gmt":"2026-03-12T17:50:44","slug":"downloads","status":"publish","type":"page","link":"https:\/\/vawlt.io\/fr\/telechargements\/","title":{"rendered":"T\u00e9l\u00e9chargements"},"content":{"rendered":"<div id=\"cover-spin\"><\/div>\n\t<section class=\"section\" id=\"section_2073083160\">\n\t\t<div class=\"bg section-bg fill bg-fill  bg-loaded\" >\n\n\t\t\t\n\t\t\t\n\t\t\t\n\n\t\t<\/div>\n\n\t\t<div class=\"section-content relative\">\n\t\t\t\n\n<div class=\"row\"  id=\"row-368082218\">\n\n\n\t<div id=\"col-766565298\" class=\"col small-12 large-12\"  >\n\t\t\t\t<div class=\"col-inner text-center\"  >\n\t\t\t\n\t\t\t\n\n\t<div id=\"text-3444674418\" class=\"text\">\n\t\t\n\n<h1><strong>T\u00e9l\u00e9chargements pour macOS, Windows et Linux<\/strong><\/h1>\n\t\t\n<style>\n#text-3444674418 {\n  font-size: 1.6rem;\n}\n<\/style>\n\t<\/div>\n\t\n<p class=\"translation-block\">T\u00e9l\u00e9chargez Vawlt pour diff\u00e9rentes plateformes afin <strong>d'interagir avec vos volumes de donn\u00e9es<\/strong>. <strong>L'agent logiciel<\/strong> de Vawlt est disponible en t\u00e9l\u00e9chargement pour plusieurs plateformes, y compris certains de vos \u201cpackage managers\u201d pr\u00e9f\u00e9r\u00e9s. Choisissez parmi les options ci-dessous pour obtenir ce dont vous avez besoin.<\/p>\n\n\t\t<\/div>\n\t\t\t\t\t<\/div>\n\n\t\n\n<\/div>\n\n\t\t<\/div>\n\n\t\t\n<style>\n#section_2073083160 {\n  padding-top: 30px;\n  padding-bottom: 30px;\n}\n<\/style>\n\t<\/section>\n\t\n\t<section class=\"section\" id=\"section_1197672510\">\n\t\t<div class=\"bg section-bg fill bg-fill  bg-loaded\" >\n\n\t\t\t\n\t\t\t\n\t\t\t\n\n\t\t<\/div>\n\n\t\t<div class=\"section-content relative\">\n\t\t\t\n\n<div class=\"row\"  id=\"row-1083126472\">\n\n\n\t<div id=\"col-340122253\" class=\"col medium-3 small-3 large-3\"  >\n\t\t\t\t<div class=\"col-inner\"  >\n\t\t\t\n\t\t\t\n\n<p><strong>Version<\/strong><\/p>\n\n\t\t<\/div>\n\t\t\t\t\t<\/div>\n\n\t\n\n\t<div id=\"col-24666887\" class=\"col medium-3 small-3 large-3\"  >\n\t\t\t\t<div class=\"col-inner\"  >\n\t\t\t\n\t\t\t\n\n<p><strong>Syst\u00e8me<\/strong><\/p>\n\n\t\t<\/div>\n\t\t\t\t\t<\/div>\n\n\t\n\n\t<div id=\"col-2026930049\" class=\"col medium-3 small-3 large-3\"  >\n\t\t\t\t<div class=\"col-inner\"  >\n\t\t\t\n\t\t\t\n\n<p><strong>\tDate <\/strong><\/p>\n\n\t\t<\/div>\n\t\t\t\t\t<\/div>\n\n\t\n\n<\/div>\n<div class=\"row\"  id=\"row-1901319566\">\n\n\n\t<div id=\"col-79844596\" class=\"col medium-3 small-3 large-3\"  >\n\t\t\t\t<div class=\"col-inner\"  >\n\t\t\t\n\t\t\t\n\n\t<div id=\"text-2268325585\" class=\"text\">\n\t\t\n\n<a href=\"https:\/\/platform.vawlt.io\/downloads\/macos\/vawlt_installer.pkg\"><span class=\"downloads-app-version\"><strong>&#8230;<\/strong><\/p><\/a>\n\t\t\n<style>\n#text-2268325585 {\n  color: rgb(48, 100, 137);\n}\n#text-2268325585 > * {\n  color: rgb(48, 100, 137);\n}\n<\/style>\n\t<\/div>\n\t\n\n\t\t<\/div>\n\t\t\t\t\t<\/div>\n\n\t\n\n\t<div id=\"col-681820368\" class=\"col medium-3 small-3 large-3\"  >\n\t\t\t\t<div class=\"col-inner\"  >\n\t\t\t\n\t\t\t\n\n<p> mac0S<\/p>\n\n\t\t<\/div>\n\t\t\t\t\t<\/div>\n\n\t\n\n\t<div id=\"col-741781158\" class=\"col medium-3 small-3 large-3\"  >\n\t\t\t\t<div class=\"col-inner\"  >\n\t\t\t\n\t\t\t\n\n<p class=\"downloads-app-version-released-at\">&#8230;<\/p>\n\n\t\t<\/div>\n\t\t\t\t\t<\/div>\n\n\t\n\n\t<div id=\"col-1757152215\" class=\"col medium-3 small-9 large-3\"  >\n\t\t\t\t<div class=\"col-inner\"  >\n\t\t\t\n\t\t\t\n\n<a href=\"https:\/\/platform.vawlt.io\/downloads\/macos\/vawlt-installer.pkg\" target=\"_self\" class=\"button primary expand white-color\"  style=\"border-radius:10px;\">\n    <span>T\u00e9l\u00e9charger<\/span>\n  <i class=\"icon-angle-down\" ><\/i><\/a>\n\n\n\n\t\t<\/div>\n\t\t\t\t\t<\/div>\n\n\t\n\n<\/div>\n<div class=\"row\"  id=\"row-984965844\">\n\n\n\t<div id=\"col-938067157\" class=\"col medium-3 small-3 large-3\"  >\n\t\t\t\t<div class=\"col-inner\"  >\n\t\t\t\n\t\t\t\n\n\t<div id=\"text-1451326541\" class=\"text\">\n\t\t\n\n<a href=\"https:\/\/platform.vawlt.io\/downloads\/windows\/vawlt_setup.exe\"><span class=\"downloads-app-version\"><strong>&#8230;<\/strong><\/p><\/a>\n\t\t\n<style>\n#text-1451326541 {\n  color: rgb(48, 100, 137);\n}\n#text-1451326541 > * {\n  color: rgb(48, 100, 137);\n}\n<\/style>\n\t<\/div>\n\t\n\n\t\t<\/div>\n\t\t\t\t\t<\/div>\n\n\t\n\n\t<div id=\"col-2451723\" class=\"col medium-3 small-3 large-3\"  >\n\t\t\t\t<div class=\"col-inner\"  >\n\t\t\t\n\t\t\t\n\n<p> Windows (64bits)<\/p>\n\n\t\t<\/div>\n\t\t\t\t\t<\/div>\n\n\t\n\n\t<div id=\"col-567254798\" class=\"col medium-3 small-3 large-3\"  >\n\t\t\t\t<div class=\"col-inner\"  >\n\t\t\t\n\t\t\t\n\n<p class=\"downloads-app-version-released-at\">&#8230;<\/p>\n\n\t\t<\/div>\n\t\t\t\t\t<\/div>\n\n\t\n\n\t<div id=\"col-1053508867\" class=\"col medium-3 small-9 large-3\"  >\n\t\t\t\t<div class=\"col-inner\"  >\n\t\t\t\n\t\t\t\n\n<a href=\"https:\/\/platform.vawlt.io\/downloads\/windows\/vawlt-installer.exe\" target=\"_self\" class=\"button primary expand white-color\"  style=\"border-radius:10px;\">\n    <span>T\u00e9l\u00e9charger<\/span>\n  <i class=\"icon-angle-down\" ><\/i><\/a>\n\n\n\n\t\t<\/div>\n\t\t\t\t\t<\/div>\n\n\t\n\n<\/div>\n<div class=\"row\"  id=\"row-1057206934\">\n\n\n\t<div id=\"col-1335757557\" class=\"col medium-3 small-3 large-3\"  >\n\t\t\t\t<div class=\"col-inner\"  >\n\t\t\t\n\t\t\t\n\n\t<div id=\"text-2289930408\" class=\"text\">\n\t\t\n\n<a href=\"https:\/\/platform.vawlt.io\/downloads\/linux\/vawlt_setup.deb\"><span class=\"downloads-app-version\"><strong>&#8230;<\/strong><\/p><\/a>\n\t\t\n<style>\n#text-2289930408 {\n  color: rgb(48, 100, 137);\n}\n#text-2289930408 > * {\n  color: rgb(48, 100, 137);\n}\n<\/style>\n\t<\/div>\n\t\n\n\t\t<\/div>\n\t\t\t\t\t<\/div>\n\n\t\n\n\t<div id=\"col-551809600\" class=\"col medium-3 small-3 large-3\"  >\n\t\t\t\t<div class=\"col-inner\"  >\n\t\t\t\n\t\t\t\n\n<p> Linux (.deb) <\/p>\n\n\t\t<\/div>\n\t\t\t\t\t<\/div>\n\n\t\n\n\t<div id=\"col-1426907670\" class=\"col medium-3 small-3 large-3\"  >\n\t\t\t\t<div class=\"col-inner\"  >\n\t\t\t\n\t\t\t\n\n<p class=\"downloads-app-version-released-at\">&#8230;<\/p>\n\n\t\t<\/div>\n\t\t\t\t\t<\/div>\n\n\t\n\n\t<div id=\"col-1452882679\" class=\"col medium-3 small-9 large-3\"  >\n\t\t\t\t<div class=\"col-inner\"  >\n\t\t\t\n\t\t\t\n\n<a href=\"https:\/\/platform.vawlt.io\/downloads\/linux\/vawlt-installer.deb\" target=\"_self\" class=\"button primary expand white-color\"  style=\"border-radius:10px;\">\n    <span>T\u00e9l\u00e9charger<\/span>\n  <i class=\"icon-angle-down\" ><\/i><\/a>\n\n\n\n\t\t<\/div>\n\t\t\t\t\t<\/div>\n\n\t\n\n<\/div>\n<div class=\"row\"  id=\"row-14199288\">\n\n\n\t<div id=\"col-1837296153\" class=\"col medium-3 small-3 large-3\"  >\n\t\t\t\t<div class=\"col-inner\"  >\n\t\t\t\n\t\t\t\n\n\t<div id=\"text-4182774995\" class=\"text\">\n\t\t\n\n<a href=\"https:\/\/platform.vawlt.io\/downloads\/linux\/vawlt_setup.rpm\"><span class=\"downloads-app-version\"><strong>&#8230;<\/strong><\/p><\/a>\n\t\t\n<style>\n#text-4182774995 {\n  color: rgb(48, 100, 137);\n}\n#text-4182774995 > * {\n  color: rgb(48, 100, 137);\n}\n<\/style>\n\t<\/div>\n\t\n\n\t\t<\/div>\n\t\t\t\t\t<\/div>\n\n\t\n\n\t<div id=\"col-1893165685\" class=\"col medium-3 small-3 large-3\"  >\n\t\t\t\t<div class=\"col-inner\"  >\n\t\t\t\n\t\t\t\n\n<p>Linux (.rpm)<\/p>\n\n\t\t<\/div>\n\t\t\t\t\t<\/div>\n\n\t\n\n\t<div id=\"col-1436854637\" class=\"col medium-3 small-3 large-3\"  >\n\t\t\t\t<div class=\"col-inner\"  >\n\t\t\t\n\t\t\t\n\n<p class=\"downloads-app-version-released-at\">&#8230;<\/p>\n\n\t\t<\/div>\n\t\t\t\t\t<\/div>\n\n\t\n\n\t<div id=\"col-704883430\" class=\"col medium-3 small-9 large-3\"  >\n\t\t\t\t<div class=\"col-inner\"  >\n\t\t\t\n\t\t\t\n\n<a href=\"https:\/\/platform.vawlt.io\/downloads\/linux\/vawlt-installer.rpm\" target=\"_self\" class=\"button primary expand white-color\"  style=\"border-radius:10px;\">\n    <span>T\u00e9l\u00e9charger<\/span>\n  <i class=\"icon-angle-down\" ><\/i><\/a>\n\n\n\n\t\t<\/div>\n\t\t\t\t\t<\/div>\n\n\t\n\n<\/div>\n<div class=\"row\"  id=\"row-1679557755\">\n\n\n\t<div id=\"col-590218485\" class=\"col medium-3 small-3 large-3\"  >\n\t\t\t\t<div class=\"col-inner\"  >\n\t\t\t\n\t\t\t\n\n\t<div id=\"text-1308152337\" class=\"text\">\n\t\t\n\n<a href=\"https:\/\/platform.vawlt.io\/downloads\/linux\/vawlt-linux.zip\"><span class=\"downloads-app-version\"><strong>&#8230;<\/strong><\/p><\/a>\n\t\t\n<style>\n#text-1308152337 {\n  color: rgb(48, 100, 137);\n}\n#text-1308152337 > * {\n  color: rgb(48, 100, 137);\n}\n<\/style>\n\t<\/div>\n\t\n\n\t\t<\/div>\n\t\t\t\t\t<\/div>\n\n\t\n\n\t<div id=\"col-2086426005\" class=\"col medium-3 small-3 large-3\"  >\n\t\t\t\t<div class=\"col-inner\"  >\n\t\t\t\n\t\t\t\n\n<p> Linux (binaries)<\/p>\n\n\t\t<\/div>\n\t\t\t\t\t<\/div>\n\n\t\n\n\t<div id=\"col-1582142492\" class=\"col medium-3 small-3 large-3\"  >\n\t\t\t\t<div class=\"col-inner\"  >\n\t\t\t\n\t\t\t\n\n<p class=\"downloads-app-version-released-at\">&#8230;<\/p>\n\n\t\t<\/div>\n\t\t\t\t\t<\/div>\n\n\t\n\n\t<div id=\"col-269788883\" class=\"col medium-3 small-9 large-3\"  >\n\t\t\t\t<div class=\"col-inner\"  >\n\t\t\t\n\t\t\t\n\n<a href=\"https:\/\/platform.vawlt.io\/downloads\/linux\/vawlt-linux.zip\" target=\"_self\" class=\"button primary expand white-color\"  style=\"border-radius:10px;\">\n    <span>T\u00e9l\u00e9charger<\/span>\n  <i class=\"icon-angle-down\" ><\/i><\/a>\n\n\n\n\t\t<\/div>\n\t\t\t\t\t<\/div>\n\n\t\n\n<\/div>\n<div class=\"row\"  id=\"row-1381326465\">\n\n\n\t<div id=\"col-950295214\" class=\"col small-12 large-12\"  >\n\t\t\t\t<div class=\"col-inner\"  >\n\t\t\t\n\t\t\t\n\n<div class=\"accordion\" rel=\"\">\n\n<div class=\"accordion-item\"><a href=\"#\" class=\"accordion-title plain\"><button class=\"toggle\"><i class=\"icon-angle-down\"><\/i><\/button><span>Release Notes<\/span><\/a><div class=\"accordion-inner\">\n\n\t<div id=\"text-1562344039\" class=\"text\">\n\t\t\n\n<div>Improvements\/Changes:<\/div>\n<div>\u00a0<\/div>\n<div>&#8211; Added support for new public clouds (Scaleway, IONOS, Impossible Cloud) and a new private cloud (MinIO).<\/div>\n<div>&#8211; Immutability duration can now be configured when applying object immutability by policy.<\/div>\n<div>&#8211; Added support for session lock, allowing the Storage Agent to remain active while preventing changes to deployment configuration.<\/div>\n<div>&#8211; Improved upload performance for workloads involving a large number of small objects.<\/div>\n<div>&#8211; Improved download performance, with notable gains for large object workloads.<\/div>\n<div>&#8211; Enhanced multipart upload support in the S3-compatible API.<\/div>\n<div>&#8211; Enhanced data synchronizer capabilities:<\/div>\n<div>&#8211; Added support for copying file security descriptors over SMB.<\/div>\n<div>&#8211; Introduced a new heuristic to skip file copies when only timestamp changes are detected but content remains unchanged.<\/div>\n<div>&#8211; Improved user email reporting for synchronization results.<\/div>\n<div>\u00a0<\/div>\n<div>Resolved Issues:<\/div>\n<div>\u00a0<\/div>\n<div>&#8211; Fixed a problem that caused an error during the installation of the Storage Agent.<\/div>\n<div>&#8211; Fixed an issue during volume rollback that prevented files from being moved to the trash.<\/div>\n<div>&#8211; Fixed an issue that prevented the trash policy from properly cleaning deleted objects.<\/div>\n<div>&#8211; Fixed a concurrency issue that caused metadata to merge incorrectly.<\/div>\n<div>&#8211; Other minor bug fixes to improve overall stability and performance.<\/div>\n\t\t\n<style>\n#text-1562344039 {\n  color: rgb(48, 100, 137);\n}\n#text-1562344039 > * {\n  color: rgb(48, 100, 137);\n}\n<\/style>\n\t<\/div>\n\t\n\n<\/div><\/div>\n\n<\/div>\n\n\t\t<\/div>\n\t\t\t\t\t<\/div>\n\n\t\n\n<\/div>\n\n\t\t<\/div>\n\n\t\t\n<style>\n#section_1197672510 {\n  padding-top: 30px;\n  padding-bottom: 30px;\n}\n<\/style>\n\t<\/section>\n\t\n\t<section class=\"section\" id=\"section_363093892\">\n\t\t<div class=\"bg section-bg fill bg-fill  bg-loaded\" >\n\n\t\t\t\n\t\t\t\n\t\t\t\n\n\t\t<\/div>\n\n\t\t<div class=\"section-content relative\">\n\t\t\t\n\n\t<div id=\"gap-1112301679\" class=\"gap-element clearfix\" style=\"display:block; height:auto;\">\n\t\t\n<style>\n#gap-1112301679 {\n  padding-top: 40px;\n}\n<\/style>\n\t<\/div>\n\t\n\n<div class=\"row row-collapse align-middle\"  id=\"row-647135934\">\n\n\n\t<div id=\"col-518596051\" class=\"col medium-6 small-12 large-6\"  >\n\t\t\t\t<div class=\"col-inner text-left\"  >\n\t\t\t\n\t\t\t\n\n\t<div id=\"text-358454741\" class=\"text\">\n\t\t\n\n<h3 style=\"font-weight: 600;\">Ne laissez pas les ransomwares paralyser votre entreprise<\/h3>\n\t\t\n<style>\n#text-358454741 {\n  font-size: 1rem;\n  text-align: center;\n}\n@media (min-width:550px) {\n  #text-358454741 {\n    text-align: left;\n  }\n}\n<\/style>\n\t<\/div>\n\t\n\t<div id=\"text-1000261025\" class=\"text\">\n\t\t\n\n<h2><span style=\"font-weight: 600; color: #21bffc;\">Commencer \u00e0 vous prot\u00e9ger<\/span><span style=\"font-weight: 600; color: #000000;\">\u00a0maintenant.<br \/><\/span><\/h2>\n\t\t\n<style>\n#text-1000261025 {\n  font-size: 1.6rem;\n  text-align: center;\n}\n@media (min-width:550px) {\n  #text-1000261025 {\n    text-align: left;\n  }\n}\n<\/style>\n\t<\/div>\n\t\n\n\t\t<\/div>\n\t\t\t\t\n<style>\n#col-518596051 > .col-inner {\n  padding: 0px 20px 0px 20px;\n}\n@media (min-width:550px) {\n  #col-518596051 > .col-inner {\n    padding: 0px 0px 0px 20px;\n  }\n}\n<\/style>\n\t<\/div>\n\n\t\n\n\t<div id=\"col-1275529158\" class=\"col hide-for-medium medium-6 small-12 large-6\"  >\n\t\t\t\t<div class=\"col-inner text-right\"  >\n\t\t\t\n\t\t\t\n\n<a href=\"http:\/\/vawlt.io\/fr\/obtenir-une-demonstration\/\" target=\"_self\" class=\"button primary is-large\"  style=\"border-radius:5px;\">\n    <span>Obtenir une d\u00e9mo<\/span>\n  <\/a>\n\n\n\n\t\t<\/div>\n\t\t\t\t\n<style>\n#col-1275529158 > .col-inner {\n  padding: 0px 20px 0px 20px;\n}\n@media (min-width:550px) {\n  #col-1275529158 > .col-inner {\n    padding: 0px 20px 0px 0px;\n  }\n}\n<\/style>\n\t<\/div>\n\n\t\n\n\t<div id=\"col-897463535\" class=\"col show-for-medium hide-for-small medium-6 small-12 large-6\"  >\n\t\t\t\t<div class=\"col-inner text-right\"  >\n\t\t\t\n\t\t\t\n\n<a href=\"http:\/\/vawlt.io\/fr\/obtenir-une-demonstration\/\" target=\"_self\" class=\"button primary\"  style=\"border-radius:5px;\">\n    <span>Obtenir une d\u00e9mo<\/span>\n  <\/a>\n\n\n\n\t\t<\/div>\n\t\t\t\t\n<style>\n#col-897463535 > .col-inner {\n  padding: 0px 20px 0px 20px;\n}\n@media (min-width:550px) {\n  #col-897463535 > .col-inner {\n    padding: 0px 20px 0px 0px;\n  }\n}\n<\/style>\n\t<\/div>\n\n\t\n\n\t<div id=\"col-73577763\" class=\"col show-for-small medium-6 small-12 large-6\"  >\n\t\t\t\t<div class=\"col-inner text-center\"  >\n\t\t\t\n\t\t\t\n\n\t<div id=\"gap-187103626\" class=\"gap-element clearfix\" style=\"display:block; height:auto;\">\n\t\t\n<style>\n#gap-187103626 {\n  padding-top: 23px;\n}\n@media (min-width:550px) {\n  #gap-187103626 {\n    padding-top: 40px;\n  }\n}\n<\/style>\n\t<\/div>\n\t\n\n<a href=\"http:\/\/vawlt.io\/fr\/obtenir-une-demonstration\/\" target=\"_self\" class=\"button primary is-small\"  style=\"border-radius:5px;\">\n    <span>Obtenir une d\u00e9mo<\/span>\n  <\/a>\n\n\n\n\t\t<\/div>\n\t\t\t\t\n<style>\n#col-73577763 > .col-inner {\n  padding: 0px 20px 0px 20px;\n}\n@media (min-width:550px) {\n  #col-73577763 > .col-inner {\n    padding: 0px 20px 0px 0px;\n  }\n}\n<\/style>\n\t<\/div>\n\n\t\n\n<\/div>\n\n\t\t<\/div>\n\n\t\t\n<style>\n#section_363093892 {\n  padding-top: 30px;\n  padding-bottom: 30px;\n  background-color: rgb(244, 247, 249);\n}\n<\/style>\n\t<\/section>","protected":false},"excerpt":{"rendered":"","protected":false},"author":8,"featured_media":0,"parent":0,"menu_order":0,"comment_status":"closed","ping_status":"closed","template":"page-blank.php","meta":{"footnotes":""},"class_list":["post-722","page","type-page","status-publish","hentry"],"yoast_head":"<!-- This site is optimized with the Yoast SEO plugin v26.2 - https:\/\/yoast.com\/wordpress\/plugins\/seo\/ -->\n<title>Download Vawlt for macOS, Windows, Linux | Multicloud Storage | Vawlt<\/title>\n<meta name=\"description\" content=\"Download Vawlt for different platforms to interact with your data volumes. Vawlt\u2019s software agent is available for download for several platforms.\" \/>\n<meta name=\"robots\" content=\"index, follow, max-snippet:-1, max-image-preview:large, max-video-preview:-1\" \/>\n<link rel=\"canonical\" href=\"https:\/\/vawlt.io\/fr\/telechargements\/\" \/>\n<meta property=\"og:locale\" content=\"fr_FR\" \/>\n<meta property=\"og:type\" content=\"article\" \/>\n<meta property=\"og:title\" content=\"Download Vawlt for macOS, Windows, Linux | Multicloud Storage | Vawlt\" \/>\n<meta property=\"og:description\" content=\"Download Vawlt for different platforms to interact with your data volumes. Vawlt\u2019s software agent is available for download for several platforms.\" \/>\n<meta property=\"og:url\" content=\"https:\/\/vawlt.io\/fr\/telechargements\/\" \/>\n<meta property=\"og:site_name\" content=\"Vawlt\" \/>\n<meta property=\"article:publisher\" content=\"https:\/\/www.facebook.com\/vawlt\" \/>\n<meta property=\"article:modified_time\" content=\"2026-03-12T17:50:44+00:00\" \/>\n<meta property=\"og:image\" content=\"https:\/\/vawlt.io\/wp-content\/uploads\/2021\/09\/mockup.png\" \/>\n\t<meta property=\"og:image:width\" content=\"500\" \/>\n\t<meta property=\"og:image:height\" content=\"256\" \/>\n\t<meta property=\"og:image:type\" content=\"image\/png\" \/>\n<meta name=\"twitter:card\" content=\"summary_large_image\" \/>\n<meta name=\"twitter:site\" content=\"@vawltio\" \/>\n<meta name=\"twitter:label1\" content=\"Dur\u00e9e de lecture estim\u00e9e\" \/>\n\t<meta name=\"twitter:data1\" content=\"2 minutes\" \/>\n<!-- \/ Yoast SEO plugin. -->","yoast_head_json":{"title":"T\u00e9l\u00e9chargements pour macOS, Windows, Linux | Stockage Multicloud | Vawlt","description":"T\u00e9l\u00e9chargez Vawlt pour diff\u00e9rentes plateformes afin d'interagir avec vos volumes de donn\u00e9es. L'agent logiciel de Vawlt est disponible en t\u00e9l\u00e9chargement.","robots":{"index":"index","follow":"follow","max-snippet":"max-snippet:-1","max-image-preview":"max-image-preview:large","max-video-preview":"max-video-preview:-1"},"canonical":"https:\/\/vawlt.io\/fr\/telechargements\/","og_locale":"fr_FR","og_type":"article","og_title":"Download Vawlt for macOS, Windows, Linux | Multicloud Storage | Vawlt","og_description":"Download Vawlt for different platforms to interact with your data volumes. Vawlt\u2019s software agent is available for download for several platforms.","og_url":"https:\/\/vawlt.io\/fr\/telechargements\/","og_site_name":"Vawlt","article_publisher":"https:\/\/www.facebook.com\/vawlt","article_modified_time":"2026-03-12T17:50:44+00:00","og_image":[{"width":500,"height":256,"url":"https:\/\/vawlt.io\/wp-content\/uploads\/2021\/09\/mockup.png","type":"image\/png"}],"twitter_card":"summary_large_image","twitter_site":"@vawltio","twitter_misc":{"Dur\u00e9e de lecture estim\u00e9e":"2 minutes"},"schema":{"@context":"https:\/\/schema.org","@graph":[{"@type":"WebPage","@id":"https:\/\/vawlt.io\/downloads\/","url":"https:\/\/vawlt.io\/downloads\/","name":"T\u00e9l\u00e9chargements pour macOS, Windows, Linux | Stockage Multicloud | Vawlt","isPartOf":{"@id":"https:\/\/site-temp.vawlt.io\/#website"},"datePublished":"2021-08-16T13:37:30+00:00","dateModified":"2026-03-12T17:50:44+00:00","description":"T\u00e9l\u00e9chargez Vawlt pour diff\u00e9rentes plateformes afin d'interagir avec vos volumes de donn\u00e9es. L'agent logiciel de Vawlt est disponible en t\u00e9l\u00e9chargement.","breadcrumb":{"@id":"https:\/\/vawlt.io\/downloads\/#breadcrumb"},"inLanguage":"fr-FR","potentialAction":[{"@type":"ReadAction","target":["https:\/\/vawlt.io\/downloads\/"]}]},{"@type":"BreadcrumbList","@id":"https:\/\/vawlt.io\/downloads\/#breadcrumb","itemListElement":[{"@type":"ListItem","position":1,"name":"Home","item":"https:\/\/vawlt.io\/"},{"@type":"ListItem","position":2,"name":"Downloads"}]},{"@type":"WebSite","@id":"https:\/\/site-temp.vawlt.io\/#website","url":"https:\/\/site-temp.vawlt.io\/","name":"Vawlt","description":"Solution de stockage de donn\u00e9es multicloud qui simplifie la transition vers le cloud, am\u00e9liore les normes de s\u00e9curit\u00e9 et optimise l'utilisation des ressources de stockage.","publisher":{"@id":"https:\/\/site-temp.vawlt.io\/#organization"},"potentialAction":[{"@type":"SearchAction","target":{"@type":"EntryPoint","urlTemplate":"https:\/\/site-temp.vawlt.io\/?s={search_term_string}"},"query-input":{"@type":"PropertyValueSpecification","valueRequired":true,"valueName":"search_term_string"}}],"inLanguage":"fr-FR"},{"@type":"Organization","@id":"https:\/\/site-temp.vawlt.io\/#organization","name":"Vawlt","url":"https:\/\/site-temp.vawlt.io\/","logo":{"@type":"ImageObject","inLanguage":"fr-FR","@id":"https:\/\/site-temp.vawlt.io\/#\/schema\/logo\/image\/","url":"http:\/\/vawlt.io\/wp-content\/uploads\/2021\/08\/logo_vawlt_business.png","contentUrl":"http:\/\/vawlt.io\/wp-content\/uploads\/2021\/08\/logo_vawlt_business.png","width":576,"height":92,"caption":"Vawlt"},"image":{"@id":"https:\/\/site-temp.vawlt.io\/#\/schema\/logo\/image\/"},"sameAs":["https:\/\/www.facebook.com\/vawlt","https:\/\/x.com\/vawltio","https:\/\/www.linkedin.com\/company\/vawlt","https:\/\/www.youtube.com\/channel\/UCYzlYYg7j_07CFi8Be0eAMw"]}]}},"_links":{"self":[{"href":"https:\/\/vawlt.io\/fr\/wp-json\/wp\/v2\/pages\/722","targetHints":{"allow":["GET"]}}],"collection":[{"href":"https:\/\/vawlt.io\/fr\/wp-json\/wp\/v2\/pages"}],"about":[{"href":"https:\/\/vawlt.io\/fr\/wp-json\/wp\/v2\/types\/page"}],"author":[{"embeddable":true,"href":"https:\/\/vawlt.io\/fr\/wp-json\/wp\/v2\/users\/8"}],"replies":[{"embeddable":true,"href":"https:\/\/vawlt.io\/fr\/wp-json\/wp\/v2\/comments?post=722"}],"version-history":[{"count":60,"href":"https:\/\/vawlt.io\/fr\/wp-json\/wp\/v2\/pages\/722\/revisions"}],"predecessor-version":[{"id":6046,"href":"https:\/\/vawlt.io\/fr\/wp-json\/wp\/v2\/pages\/722\/revisions\/6046"}],"wp:attachment":[{"href":"https:\/\/vawlt.io\/fr\/wp-json\/wp\/v2\/media?parent=722"}],"curies":[{"name":"wp","href":"https:\/\/api.w.org\/{rel}","templated":true}]}}