{"id":729,"date":"2021-08-16T14:17:09","date_gmt":"2021-08-16T14:17:09","guid":{"rendered":"http:\/\/vawlt.io\/?page_id=729"},"modified":"2022-03-04T17:20:49","modified_gmt":"2022-03-04T17:20:49","slug":"help-center","status":"publish","type":"page","link":"https:\/\/vawlt.io\/fr\/support\/plateforme-d-assistance\/","title":{"rendered":"Plateforme d\u2019assistance\/FAQ"},"content":{"rendered":"<section class=\"section dark\" id=\"section_1110745801\">\n\t\t<div class=\"bg section-bg fill bg-fill  bg-loaded\" >\n\n\t\t\t\n\t\t\t\n\t\t\t\n\n\t\t<\/div>\n\n\t\t<div class=\"section-content relative\">\n\t\t\t\n\n<div class=\"row\"  id=\"row-2115011727\">\n\n\n\t<div id=\"col-1275152902\" class=\"col small-12 large-12\"  >\n\t\t\t\t<div class=\"col-inner\"  >\n\t\t\t\n\t\t\t\n\n\t<div id=\"text-4179523252\" class=\"text\">\n\t\t\n\n<h1><strong>Plateforme d\u2019Assistance de Vawlt<\/strong><\/h1>\n\t\t\n<style>\n#text-4179523252 {\n  font-size: 1.6rem;\n}\n<\/style>\n\t<\/div>\n\t\n<p class=\"translation-block\">Bienvenue au <strong>Plateforme d\u2019Assistance de Vawlt<\/strong>! Ici, vous pouvez r\u00e9soudre une s\u00e9rie de probl\u00e8mes, consulter les <strong>questions fr\u00e9quemment pos\u00e9es<\/strong> et voir des <strong>tutoriels vid\u00e9o<\/strong> qui peuvent vous aider dans le processus de configuration. De plus, <strong>notre \u00e9quipe<\/strong> est disponible pour vous aider si vous en avez besoin.<\/p>\n\n\t\t<\/div>\n\t\t\t\t\n<style>\n#col-1275152902 > .col-inner {\n  padding: 50px 20px 20px 20px;\n}\n@media (min-width:850px) {\n  #col-1275152902 > .col-inner {\n    padding: 80px 0px 45px 0px;\n  }\n}\n<\/style>\n\t<\/div>\n\n\t\n\n<\/div>\n\n\t\t<\/div>\n\n\t\t\n<style>\n#section_1110745801 {\n  padding-top: 0px;\n  padding-bottom: 0px;\n  background-color: rgb(48, 100, 137);\n}\n<\/style>\n\t<\/section>\n\t\n\t<section class=\"section\" id=\"section_1414711777\">\n\t\t<div class=\"bg section-bg fill bg-fill  bg-loaded\" >\n\n\t\t\t\n\t\t\t\n\t\t\t\n\n\t\t<\/div>\n\n\t\t<div class=\"section-content relative\">\n\t\t\t\n\n<div class=\"row\"  id=\"row-46195905\">\n\n\n\t<div id=\"col-1039384094\" class=\"col small-12 large-12\"  >\n\t\t\t\t<div class=\"col-inner\"  >\n\t\t\t\n\t\t\t\n\n\t<div id=\"text-1247993382\" class=\"text\">\n\t\t\n\n<h2><strong>Foire aux questions<\/strong><\/h2>\n\t\t\n<style>\n#text-1247993382 {\n  font-size: 1.2rem;\n}\n<\/style>\n\t<\/div>\n\t\n<div class=\"accordion\" rel=\"1\">\n\n<div class=\"accordion-item tabs-css\"><a href=\"#\" class=\"accordion-title plain\"><button class=\"toggle\"><i class=\"icon-angle-down\"><\/i><\/button><span>Comment puis-je commencer \u00e0 utiliser Vawlt pour stocker des donn\u00e9es?<\/span><\/a><div class=\"accordion-inner\">\n\n<p>Pour que vous puissiez utiliser Vawlt, les conditions suivantes doivent \u00eatre remplies:<\/p>\n<ol>\n<li>L'administrateur de votre entreprise doit vous ajouter en tant qu'utilisateur de l'entreprise,<\/li>\n<li>Vous devez activer votre compte en d\u00e9finissant votre mot de passe, via le lien que vous recevrez dans votre e-mail,<\/li>\n<li>L'administrateur de votre entreprise doit vous accorder l'acc\u00e8s \u00e0 un ou plusieurs volumes de donn\u00e9es,<\/li>\n<li>Vous devez t\u00e9l\u00e9charger et installer le logiciel Vawlt sur les appareils que vous souhaitez utiliser pour acc\u00e9der aux volumes de donn\u00e9es pour lesquels vous avez \u00e9t\u00e9 autoris\u00e9s, et<\/li>\n<li>Vous devez vous connecter \u00e0 votre compte.<\/li>\n<\/ol>\n\n<\/div><\/div>\n<div class=\"accordion-item\"><a href=\"#\" class=\"accordion-title plain\"><button class=\"toggle\"><i class=\"icon-angle-down\"><\/i><\/button><span>Pourquoi dois-je t\u00e9l\u00e9charger et installer Vawlt pour acc\u00e9der \u00e0 mes donn\u00e9es?<\/span><\/a><div class=\"accordion-inner\">\n\n<p>Parce que Vawlt a une architecture centr\u00e9e sur les donn\u00e9es (datacentric). Cela signifie que toutes les donn\u00e9es que vous stockez avec Vawlt ne passeront jamais par nos serveurs; elles voyagent directement entre vos dispositifs et les fournisseurs de cloud utilis\u00e9s dans chaque volume.<\/p>\n\n<\/div><\/div>\n<div class=\"accordion-item\"><a href=\"#\" class=\"accordion-title plain\"><button class=\"toggle\"><i class=\"icon-angle-down\"><\/i><\/button><span>Puis-je partager des dossiers avec d'autres utilisateurs?<\/span><\/a><div class=\"accordion-inner\">\n\n<p>Oui, si le dossier est vide lorsque vous lancez le partage. Sur l'appareil que vous utilisez pour acc\u00e9der \u00e0 Vawlt, allez dans le dossier racine de Vawlt et cr\u00e9ez un nouveau dossier \u00e0 l'int\u00e9rieur. Ensuite, faites un clic droit sur le dossier et allez dans Vawlt &gt;&gt; Partager pour ajouter des membres \u00e0 ce dossier. Vous pouvez alors commencer \u00e0 ajouter du contenu \u00e0 ce dossier, et aussi ajouter et supprimer des utilisateurs.<\/p>\n\n<\/div><\/div>\n<div class=\"accordion-item\"><a href=\"#\" class=\"accordion-title plain\"><button class=\"toggle\"><i class=\"icon-angle-down\"><\/i><\/button><span>Puis-je acc\u00e9der \u00e0 Vawlt sur plusieurs dispositifs?<\/span><\/a><div class=\"accordion-inner\">\n\n<p>Oui, vous pouvez \u00eatre connect\u00e9 \u00e0 votre compte Vawlt sur plusieurs machines. Tous les appareils seront en mesure d'interagir avec les volumes auxquels vous avez eu acc\u00e8s.<\/p>\n\n<\/div><\/div>\n<div class=\"accordion-item\"><a href=\"#\" class=\"accordion-title plain\"><button class=\"toggle\"><i class=\"icon-angle-down\"><\/i><\/button><span>O\u00f9 sont stock\u00e9es mes donn\u00e9es?<\/span><\/a><div class=\"accordion-inner\">\n\n<p>Pour chaque volume, vos donn\u00e9es seront stock\u00e9es dans les fournisseurs et les emplacements que votre administrateur d'entreprise a s\u00e9lectionn\u00e9s pour ce volume sp\u00e9cifique. Pour plus d'informations, veuillez contacter l'administrateur de votre entreprise.<\/p>\n\n<\/div><\/div>\n<div class=\"accordion-item\"><a href=\"#\" class=\"accordion-title plain\"><button class=\"toggle\"><i class=\"icon-angle-down\"><\/i><\/button><span>Que se passe-t-il si un fichier ou un dossier est supprim\u00e9 par moi-m\u00eame ou par une personne avec qui je le partage?<\/span><\/a><div class=\"accordion-inner\">\n\n<p>Le fichier ou le dossier est d\u00e9finitivement supprim\u00e9 et il n'y a pas de retour arri\u00e8re possible.<\/p>\n\n<\/div><\/div>\n<div class=\"accordion-item\"><a href=\"#\" class=\"accordion-title plain\"><button class=\"toggle\"><i class=\"icon-angle-down\"><\/i><\/button><span>J'ai oubli\u00e9 mon mot de passe, que dois-je faire?<\/span><\/a><div class=\"accordion-inner\">\n\n<p>En cas de perte ou d'oubli de votre mot de passe, nous vous aidons \u00e0 en cr\u00e9er un nouveau. Lorsque vous vous connectez pour la premi\u00e8re fois \u00e0 Vawlt en utilisant notre logiciel, nous vous fournissons un code secret qui n'est affich\u00e9 qu'une seule fois et que nous vous conseillons de conserver en lieu s\u00fbr. Lorsque vous demandez une r\u00e9initialisation du mot de passe dans l'\u00e9cran de connexion de votre logiciel Vawlt, nous lan\u00e7ons un processus s\u00e9curis\u00e9 qui, \u00e0 un moment donn\u00e9, vous demandera ce m\u00eame code secret.<\/p>\n\n<\/div><\/div>\n<div class=\"accordion-item\"><a href=\"#\" class=\"accordion-title plain\"><button class=\"toggle\"><i class=\"icon-angle-down\"><\/i><\/button><span>Puis-je interagir avec Vawlt via la ligne de commande?<\/span><\/a><div class=\"accordion-inner\">\n\n<p>Oui, Vawlt dispose d'une interface de ligne de commande (CLI) que vous pouvez utiliser. Pour plus de d\u00e9tails, veuillez t\u00e9l\u00e9charger notre guide Vawlt CLI.<\/p>\n\n<\/div><\/div>\n\n<\/div>\n\n\t\t<\/div>\n\t\t\t\t\n<style>\n#col-1039384094 > .col-inner {\n  padding: 0px 20px 0px 20px;\n}\n<\/style>\n\t<\/div>\n\n\t\n\n<\/div>\n\n\t\t<\/div>\n\n\t\t\n<style>\n#section_1414711777 {\n  padding-top: 50px;\n  padding-bottom: 50px;\n  background-color: rgb(255, 255, 255);\n}\n@media (min-width:550px) {\n  #section_1414711777 {\n    padding-top: 50px;\n    padding-bottom: 50px;\n  }\n}\n@media (min-width:850px) {\n  #section_1414711777 {\n    padding-top: 80px;\n    padding-bottom: 80px;\n  }\n}\n<\/style>\n\t<\/section>\n\t\n\t<section class=\"section\" id=\"section_1972960819\">\n\t\t<div class=\"bg section-bg fill bg-fill  bg-loaded\" >\n\n\t\t\t\n\t\t\t\n\t\t\t\n\n\t\t<\/div>\n\n\t\t<div class=\"section-content relative\">\n\t\t\t\n\n<div class=\"row\"  id=\"row-423702080\">\n\n\n\t<div id=\"col-6519892\" class=\"col medium-6 small-12 large-6 small-col-first\"  >\n\t\t\t\t<div class=\"col-inner\"  >\n\t\t\t\n\t\t\t\n\n\t<div class=\"img has-hover x md-x lg-x y md-y lg-y\" id=\"image_787246328\">\n\t\t\t\t\t\t\t\t<div class=\"img-inner dark\" >\n\t\t\t<img loading=\"lazy\" decoding=\"async\" width=\"935\" height=\"727\" src=\"https:\/\/vawlt.io\/wp-content\/uploads\/2021\/09\/docs.png\" class=\"attachment-large size-large\" alt=\"\" srcset=\"https:\/\/vawlt.io\/wp-content\/uploads\/2021\/09\/docs.png 935w, https:\/\/vawlt.io\/wp-content\/uploads\/2021\/09\/docs-300x233.png 300w, https:\/\/vawlt.io\/wp-content\/uploads\/2021\/09\/docs-768x597.png 768w\" sizes=\"auto, (max-width: 935px) 100vw, 935px\" \/>\t\t\t\t\t\t\n\t\t\t\t\t<\/div>\n\t\t\t\t\t\t\t\t\n<style>\n#image_787246328 {\n  width: 100%;\n}\n<\/style>\n\t<\/div>\n\t\n\n\n\t\t<\/div>\n\t\t\t\t\n<style>\n#col-6519892 > .col-inner {\n  padding: 0px 20px 0px 20px;\n}\n@media (min-width:550px) {\n  #col-6519892 > .col-inner {\n    padding: 0px 0px 0px 20px;\n  }\n}\n<\/style>\n\t<\/div>\n\n\t\n\n\t<div id=\"col-2023541472\" class=\"col medium-6 small-12 large-6\"  >\n\t\t\t\t<div class=\"col-inner\"  >\n\t\t\t\n\t\t\t\n\n\t<div id=\"text-4009073608\" class=\"text\">\n\t\t\n\n<h2><strong>Documentation de Vawlt<\/strong><\/h2>\n\t\t\n<style>\n#text-4009073608 {\n  font-size: 1.2rem;\n}\n<\/style>\n\t<\/div>\n\t\n<div class=\"h20-guide-plank-core__text\">\n<p>D\u00e9couvrez notre vaste documentation relative \u00e0 tous les aspects de la plateforme de stockage dynamique et de l'agent logiciel de Vawlt.<\/p>\n<\/div>\n<a rel=\"noopener noreferrer\" href=\"https:\/\/docs.vawlt.io\" target=\"_blank\" class=\"button primary is-outline\"  style=\"border-radius:5px;\">\n    <span>Voir la documentation<\/span>\n  <\/a>\n\n\n\n\t\t<\/div>\n\t\t\t\t\n<style>\n#col-2023541472 > .col-inner {\n  padding: 0px 20px 0px 20px;\n}\n@media (min-width:550px) {\n  #col-2023541472 > .col-inner {\n    padding: 0px 20px 0px 0px;\n  }\n}\n<\/style>\n\t<\/div>\n\n\t\n\n<\/div>\n\n\t\t<\/div>\n\n\t\t\n<style>\n#section_1972960819 {\n  padding-top: 50px;\n  padding-bottom: 50px;\n  background-color: rgb(248, 250, 250);\n}\n@media (min-width:850px) {\n  #section_1972960819 {\n    padding-top: 80px;\n    padding-bottom: 80px;\n  }\n}\n<\/style>\n\t<\/section>\n\t\n\t<section class=\"section\" id=\"section_1117683783\">\n\t\t<div class=\"bg section-bg fill bg-fill  bg-loaded\" >\n\n\t\t\t\n\t\t\t\n\t\t\t\n\n\t\t<\/div>\n\n\t\t<div class=\"section-content relative\">\n\t\t\t\n\n<div class=\"row\"  id=\"row-592809152\">\n\n\n\t<div id=\"col-708141340\" class=\"col medium-6 small-12 large-6\"  >\n\t\t\t\t<div class=\"col-inner\"  >\n\t\t\t\n\t\t\t\n\n\t<div id=\"text-2721631812\" class=\"text\">\n\t\t\n\n<h2><strong>Tutoriels vid\u00e9o Vawlt<\/strong><\/h2>\n\t\t\n<style>\n#text-2721631812 {\n  font-size: 1.2rem;\n}\n<\/style>\n\t<\/div>\n\t\n<div class=\"h20-guide-plank-core__text\">\n<p>Consultez nos tutoriels vid\u00e9o qui peuvent vous aider \u00e0 apprendre les concepts de base et les fonctionnalit\u00e9s avanc\u00e9es.<\/p>\n<\/div>\n<a href=\"\/fr\/support\/tutoriels\/\" target=\"_self\" class=\"button primary is-outline\"  style=\"border-radius:5px;\">\n    <span>Voir les vid\u00e9os<\/span>\n  <\/a>\n\n\n\n\t\t<\/div>\n\t\t\t\t\n<style>\n#col-708141340 > .col-inner {\n  padding: 0px 20px 0px 20px;\n}\n@media (min-width:550px) {\n  #col-708141340 > .col-inner {\n    padding: 0px 0px 0px 20px;\n  }\n}\n<\/style>\n\t<\/div>\n\n\t\n\n\t<div id=\"col-207656331\" class=\"col medium-6 small-12 large-6 small-col-first\"  >\n\t\t\t\t<div class=\"col-inner\"  >\n\t\t\t\n\t\t\t\n\n\t<div class=\"img has-hover x md-x lg-x y md-y lg-y\" id=\"image_1579402652\">\n\t\t\t\t\t\t\t\t<div class=\"img-inner dark\" >\n\t\t\t<img loading=\"lazy\" decoding=\"async\" width=\"935\" height=\"727\" src=\"https:\/\/vawlt.io\/wp-content\/uploads\/2021\/09\/videos-help.png\" class=\"attachment-large size-large\" alt=\"\" srcset=\"https:\/\/vawlt.io\/wp-content\/uploads\/2021\/09\/videos-help.png 935w, https:\/\/vawlt.io\/wp-content\/uploads\/2021\/09\/videos-help-300x233.png 300w, https:\/\/vawlt.io\/wp-content\/uploads\/2021\/09\/videos-help-768x597.png 768w\" sizes=\"auto, (max-width: 935px) 100vw, 935px\" \/>\t\t\t\t\t\t\n\t\t\t\t\t<\/div>\n\t\t\t\t\t\t\t\t\n<style>\n#image_1579402652 {\n  width: 100%;\n}\n<\/style>\n\t<\/div>\n\t\n\n\n\t\t<\/div>\n\t\t\t\t\n<style>\n#col-207656331 > .col-inner {\n  padding: 0px 20px 0px 20px;\n}\n@media (min-width:550px) {\n  #col-207656331 > .col-inner {\n    padding: 0px 20px 0px 0px;\n  }\n}\n<\/style>\n\t<\/div>\n\n\t\n\n<\/div>\n\n\t\t<\/div>\n\n\t\t\n<style>\n#section_1117683783 {\n  padding-top: 50px;\n  padding-bottom: 50px;\n  background-color: rgb(255, 255, 255);\n}\n@media (min-width:850px) {\n  #section_1117683783 {\n    padding-top: 80px;\n    padding-bottom: 80px;\n  }\n}\n<\/style>\n\t<\/section>\n\t\n\t<section class=\"section\" id=\"section_504945170\">\n\t\t<div class=\"bg section-bg fill bg-fill  bg-loaded\" >\n\n\t\t\t\n\t\t\t\n\t\t\t\n\n\t\t<\/div>\n\n\t\t<div class=\"section-content relative\">\n\t\t\t\n\n\t<div id=\"gap-55904066\" class=\"gap-element clearfix\" style=\"display:block; height:auto;\">\n\t\t\n<style>\n#gap-55904066 {\n  padding-top: 40px;\n}\n<\/style>\n\t<\/div>\n\t\n\n<div class=\"row row-collapse align-middle\"  id=\"row-1016975574\">\n\n\n\t<div id=\"col-743264926\" class=\"col medium-6 small-12 large-6\"  >\n\t\t\t\t<div class=\"col-inner text-left\"  >\n\t\t\t\n\t\t\t\n\n\t<div id=\"text-841898806\" class=\"text\">\n\t\t\n\n<h3 style=\"font-weight: 600;\">Ne laissez pas les ransomwares paralyser votre entreprise<\/h3>\n\t\t\n<style>\n#text-841898806 {\n  font-size: 1rem;\n  text-align: center;\n}\n@media (min-width:550px) {\n  #text-841898806 {\n    text-align: left;\n  }\n}\n<\/style>\n\t<\/div>\n\t\n\t<div id=\"text-3825267886\" class=\"text\">\n\t\t\n\n<h2><span style=\"font-weight: 600; color: #21bffc;\">Commencer \u00e0 vous prot\u00e9ger<\/span><span style=\"font-weight: 600; color: #000000;\">\u00a0maintenant.<br \/><\/span><\/h2>\n\t\t\n<style>\n#text-3825267886 {\n  font-size: 1.6rem;\n  text-align: center;\n}\n@media (min-width:550px) {\n  #text-3825267886 {\n    text-align: left;\n  }\n}\n<\/style>\n\t<\/div>\n\t\n\n\t\t<\/div>\n\t\t\t\t\n<style>\n#col-743264926 > .col-inner {\n  padding: 0px 20px 0px 20px;\n}\n@media (min-width:550px) {\n  #col-743264926 > .col-inner {\n    padding: 0px 0px 0px 20px;\n  }\n}\n<\/style>\n\t<\/div>\n\n\t\n\n\t<div id=\"col-611091615\" class=\"col hide-for-medium medium-6 small-12 large-6\"  >\n\t\t\t\t<div class=\"col-inner text-right\"  >\n\t\t\t\n\t\t\t\n\n<a href=\"http:\/\/vawlt.io\/fr\/obtenir-une-demonstration\/\" target=\"_self\" class=\"button primary is-large\"  style=\"border-radius:5px;\">\n    <span>Obtenir une d\u00e9mo<\/span>\n  <\/a>\n\n\n\n\t\t<\/div>\n\t\t\t\t\n<style>\n#col-611091615 > .col-inner {\n  padding: 0px 20px 0px 20px;\n}\n@media (min-width:550px) {\n  #col-611091615 > .col-inner {\n    padding: 0px 20px 0px 0px;\n  }\n}\n<\/style>\n\t<\/div>\n\n\t\n\n\t<div id=\"col-80327228\" class=\"col show-for-medium hide-for-small medium-6 small-12 large-6\"  >\n\t\t\t\t<div class=\"col-inner text-right\"  >\n\t\t\t\n\t\t\t\n\n<a href=\"http:\/\/vawlt.io\/fr\/obtenir-une-demonstration\/\" target=\"_self\" class=\"button primary\"  style=\"border-radius:5px;\">\n    <span>Obtenir une d\u00e9mo<\/span>\n  <\/a>\n\n\n\n\t\t<\/div>\n\t\t\t\t\n<style>\n#col-80327228 > .col-inner {\n  padding: 0px 20px 0px 20px;\n}\n@media (min-width:550px) {\n  #col-80327228 > .col-inner {\n    padding: 0px 20px 0px 0px;\n  }\n}\n<\/style>\n\t<\/div>\n\n\t\n\n\t<div id=\"col-2054526010\" class=\"col show-for-small medium-6 small-12 large-6\"  >\n\t\t\t\t<div class=\"col-inner text-center\"  >\n\t\t\t\n\t\t\t\n\n\t<div id=\"gap-1055250752\" class=\"gap-element clearfix\" style=\"display:block; height:auto;\">\n\t\t\n<style>\n#gap-1055250752 {\n  padding-top: 23px;\n}\n@media (min-width:550px) {\n  #gap-1055250752 {\n    padding-top: 40px;\n  }\n}\n<\/style>\n\t<\/div>\n\t\n\n<a href=\"http:\/\/vawlt.io\/fr\/obtenir-une-demonstration\/\" target=\"_self\" class=\"button primary is-small\"  style=\"border-radius:5px;\">\n    <span>Obtenir une d\u00e9mo<\/span>\n  <\/a>\n\n\n\n\t\t<\/div>\n\t\t\t\t\n<style>\n#col-2054526010 > .col-inner {\n  padding: 0px 20px 0px 20px;\n}\n@media (min-width:550px) {\n  #col-2054526010 > .col-inner {\n    padding: 0px 20px 0px 0px;\n  }\n}\n<\/style>\n\t<\/div>\n\n\t\n\n<\/div>\n\n\t\t<\/div>\n\n\t\t\n<style>\n#section_504945170 {\n  padding-top: 30px;\n  padding-bottom: 30px;\n  background-color: rgb(244, 247, 249);\n}\n<\/style>\n\t<\/section>","protected":false},"excerpt":{"rendered":"","protected":false},"author":8,"featured_media":0,"parent":2186,"menu_order":0,"comment_status":"closed","ping_status":"closed","template":"page-blank.php","meta":{"footnotes":""},"class_list":["post-729","page","type-page","status-publish","hentry"],"yoast_head":"<!-- This site is optimized with the Yoast SEO plugin v26.2 - https:\/\/yoast.com\/wordpress\/plugins\/seo\/ -->\n<title>Help Center | Support | Multicloud Storage | Vawlt<\/title>\n<meta name=\"description\" content=\"Here you can check the FAQ and see video tutorials that can help you through the configuration process. Also, our team is available to assist you.\" \/>\n<meta name=\"robots\" content=\"index, follow, max-snippet:-1, max-image-preview:large, max-video-preview:-1\" \/>\n<link rel=\"canonical\" href=\"https:\/\/site-temp.vawlt.io\/support\/help-center\/\" \/>\n<meta property=\"og:locale\" content=\"fr_FR\" \/>\n<meta property=\"og:type\" content=\"article\" \/>\n<meta property=\"og:title\" content=\"Help Center | Support | Multicloud Storage | Vawlt\" \/>\n<meta property=\"og:description\" content=\"Here you can check the FAQ and see video tutorials that can help you through the configuration process. Also, our team is available to assist you.\" \/>\n<meta property=\"og:url\" content=\"https:\/\/site-temp.vawlt.io\/support\/help-center\/\" \/>\n<meta property=\"og:site_name\" content=\"Vawlt\" \/>\n<meta property=\"article:publisher\" content=\"https:\/\/www.facebook.com\/vawlt\" \/>\n<meta property=\"article:modified_time\" content=\"2022-03-04T17:20:49+00:00\" \/>\n<meta property=\"og:image\" content=\"https:\/\/vawlt.io\/wp-content\/uploads\/2021\/09\/mockup.png\" \/>\n\t<meta property=\"og:image:width\" content=\"500\" \/>\n\t<meta property=\"og:image:height\" content=\"256\" \/>\n\t<meta property=\"og:image:type\" content=\"image\/png\" \/>\n<meta name=\"twitter:card\" content=\"summary_large_image\" \/>\n<meta name=\"twitter:site\" content=\"@vawltio\" \/>\n<meta name=\"twitter:label1\" content=\"Dur\u00e9e de lecture estim\u00e9e\" \/>\n\t<meta name=\"twitter:data1\" content=\"3 minutes\" \/>\n<!-- \/ Yoast SEO plugin. -->","yoast_head_json":{"title":"Plateforme d'Assistance | Support | Stockage Multicloud | Vawlt","description":"Vous pouvez y consulter la FAQ et voir des tutoriels vid\u00e9o qui peuvent vous aider dans le processus de configuration. Notre \u00e9quipe est \u00e9galement disponible pour vous aider.","robots":{"index":"index","follow":"follow","max-snippet":"max-snippet:-1","max-image-preview":"max-image-preview:large","max-video-preview":"max-video-preview:-1"},"canonical":"https:\/\/site-temp.vawlt.io\/support\/help-center\/","og_locale":"fr_FR","og_type":"article","og_title":"Help Center | Support | Multicloud Storage | Vawlt","og_description":"Here you can check the FAQ and see video tutorials that can help you through the configuration process. Also, our team is available to assist you.","og_url":"https:\/\/site-temp.vawlt.io\/support\/help-center\/","og_site_name":"Vawlt","article_publisher":"https:\/\/www.facebook.com\/vawlt","article_modified_time":"2022-03-04T17:20:49+00:00","og_image":[{"width":500,"height":256,"url":"https:\/\/vawlt.io\/wp-content\/uploads\/2021\/09\/mockup.png","type":"image\/png"}],"twitter_card":"summary_large_image","twitter_site":"@vawltio","twitter_misc":{"Dur\u00e9e de lecture estim\u00e9e":"3 minutes"},"schema":{"@context":"https:\/\/schema.org","@graph":[{"@type":["WebPage","FAQPage"],"@id":"https:\/\/site-temp.vawlt.io\/support\/help-center\/","url":"https:\/\/site-temp.vawlt.io\/support\/help-center\/","name":"Plateforme d'Assistance | Support | Stockage Multicloud | Vawlt","isPartOf":{"@id":"https:\/\/site-temp.vawlt.io\/#website"},"datePublished":"2021-08-16T14:17:09+00:00","dateModified":"2022-03-04T17:20:49+00:00","description":"Vous pouvez y consulter la FAQ et voir des tutoriels vid\u00e9o qui peuvent vous aider dans le processus de configuration. Notre \u00e9quipe est \u00e9galement disponible pour vous aider.","breadcrumb":{"@id":"https:\/\/site-temp.vawlt.io\/support\/help-center\/#breadcrumb"},"inLanguage":"fr-FR","potentialAction":[{"@type":"ReadAction","target":["https:\/\/site-temp.vawlt.io\/support\/help-center\/"]}]},{"@type":"BreadcrumbList","@id":"https:\/\/site-temp.vawlt.io\/support\/help-center\/#breadcrumb","itemListElement":[{"@type":"ListItem","position":1,"name":"Home","item":"https:\/\/vawlt.io\/"},{"@type":"ListItem","position":2,"name":"Support","item":"https:\/\/site-temp.vawlt.io\/support\/"},{"@type":"ListItem","position":3,"name":"Help Center\/FAQ"}]},{"@type":"WebSite","@id":"https:\/\/site-temp.vawlt.io\/#website","url":"https:\/\/site-temp.vawlt.io\/","name":"Vawlt","description":"Solution de stockage de donn\u00e9es multicloud qui simplifie la transition vers le cloud, am\u00e9liore les normes de s\u00e9curit\u00e9 et optimise l'utilisation des ressources de stockage.","publisher":{"@id":"https:\/\/site-temp.vawlt.io\/#organization"},"potentialAction":[{"@type":"SearchAction","target":{"@type":"EntryPoint","urlTemplate":"https:\/\/site-temp.vawlt.io\/?s={search_term_string}"},"query-input":{"@type":"PropertyValueSpecification","valueRequired":true,"valueName":"search_term_string"}}],"inLanguage":"fr-FR"},{"@type":"Organization","@id":"https:\/\/site-temp.vawlt.io\/#organization","name":"Vawlt","url":"https:\/\/site-temp.vawlt.io\/","logo":{"@type":"ImageObject","inLanguage":"fr-FR","@id":"https:\/\/site-temp.vawlt.io\/#\/schema\/logo\/image\/","url":"http:\/\/vawlt.io\/wp-content\/uploads\/2021\/08\/logo_vawlt_business.png","contentUrl":"http:\/\/vawlt.io\/wp-content\/uploads\/2021\/08\/logo_vawlt_business.png","width":576,"height":92,"caption":"Vawlt"},"image":{"@id":"https:\/\/site-temp.vawlt.io\/#\/schema\/logo\/image\/"},"sameAs":["https:\/\/www.facebook.com\/vawlt","https:\/\/x.com\/vawltio","https:\/\/www.linkedin.com\/company\/vawlt","https:\/\/www.youtube.com\/channel\/UCYzlYYg7j_07CFi8Be0eAMw"]}]}},"_links":{"self":[{"href":"https:\/\/vawlt.io\/fr\/wp-json\/wp\/v2\/pages\/729","targetHints":{"allow":["GET"]}}],"collection":[{"href":"https:\/\/vawlt.io\/fr\/wp-json\/wp\/v2\/pages"}],"about":[{"href":"https:\/\/vawlt.io\/fr\/wp-json\/wp\/v2\/types\/page"}],"author":[{"embeddable":true,"href":"https:\/\/vawlt.io\/fr\/wp-json\/wp\/v2\/users\/8"}],"replies":[{"embeddable":true,"href":"https:\/\/vawlt.io\/fr\/wp-json\/wp\/v2\/comments?post=729"}],"version-history":[{"count":34,"href":"https:\/\/vawlt.io\/fr\/wp-json\/wp\/v2\/pages\/729\/revisions"}],"predecessor-version":[{"id":2248,"href":"https:\/\/vawlt.io\/fr\/wp-json\/wp\/v2\/pages\/729\/revisions\/2248"}],"up":[{"embeddable":true,"href":"https:\/\/vawlt.io\/fr\/wp-json\/wp\/v2\/pages\/2186"}],"wp:attachment":[{"href":"https:\/\/vawlt.io\/fr\/wp-json\/wp\/v2\/media?parent=729"}],"curies":[{"name":"wp","href":"https:\/\/api.w.org\/{rel}","templated":true}]}}