{"id":764,"date":"2021-08-17T09:44:26","date_gmt":"2021-08-17T09:44:26","guid":{"rendered":"http:\/\/vawlt.io\/?page_id=764"},"modified":"2025-05-14T16:38:11","modified_gmt":"2025-05-14T16:38:11","slug":"privacy-policy","status":"publish","type":"page","link":"https:\/\/vawlt.io\/fr\/politique-de-confidentialite\/","title":{"rendered":"Politique de Confidentialit\u00e9"},"content":{"rendered":"<section class=\"section\" id=\"section_364496604\">\n\t\t<div class=\"bg section-bg fill bg-fill  bg-loaded\" >\n\n\t\t\t\n\t\t\t\n\t\t\t\n\n\t\t<\/div>\n\n\t\t<div class=\"section-content relative\">\n\t\t\t\n\n<div class=\"row\"  id=\"row-2135827334\">\n\n\n\t<div id=\"col-977630055\" class=\"col small-12 large-12\"  >\n\t\t\t\t<div class=\"col-inner\"  >\n\t\t\t\n\t\t\t\n\n\t<div id=\"text-1669362886\" class=\"text\">\n\t\t\n\n<h1><strong>Politique de confidentialit\u00e9<\/strong><\/h1>\n\t\t\n<style>\n#text-1669362886 {\n  font-size: 1.6rem;\n}\n<\/style>\n\t<\/div>\n\t\n\n\t\t<\/div>\n\t\t\t\t\n<style>\n#col-977630055 > .col-inner {\n  padding: 50px 20px 0px 20px;\n}\n@media (min-width:850px) {\n  #col-977630055 > .col-inner {\n    padding: 80px 0px 0px 0px;\n  }\n}\n<\/style>\n\t<\/div>\n\n\t\n\n<\/div>\n<div class=\"row\"  id=\"row-2048724675\">\n\n\n\t<div id=\"col-1916671155\" class=\"col small-12 large-12\"  >\n\t\t\t\t<div class=\"col-inner\"  >\n\t\t\t\n\t\t\t\n\n<h3>Derni\u00e8re mise \u00e0 jour le 15 janvier 2020<\/h3>\n<p>Nous nous engageons \u00e0 prot\u00e9ger vos informations personnelles et votre droit \u00e0 la vie priv\u00e9e. Si vous avez des questions ou des pr\u00e9occupations concernant notre politique ou nos pratiques en mati\u00e8re d'informations personnelles, veuillez nous contacter \u00e0 l'adresse <strong>privacy (at) vawlt.io<\/strong>.<\/p>\n<p>Cette politique de confidentialit\u00e9 s'applique \u00e0 toutes les informations collect\u00e9es par le biais de notre site Web, <a href=\"http:\/\/vawlt.io\/fr\/\" target=\"_blank\" rel=\"noopener\">http:\/\/vawlt.io<\/a> et par le biais de notre plateforme, accessible uniquement par les administrateurs de nos clients \u00e0 l'adresse <a href=\"https:\/\/platform.vawlt.io\/login\" target=\"_blank\" rel=\"noopener\">https:\/\/platform.vawlt.io\/login<\/a>, collectivement d\u00e9sign\u00e9s dans cette politique de confidentialit\u00e9 comme \"Site\".<\/p>\n<p>Cette politique de confidentialit\u00e9 NE S'APPLIQUE PAS aux donn\u00e9es que vous stockez en utilisant notre service. \u00c9tant donn\u00e9 que nous utilisons un protocole de chiffrement de bout en bout de type \u201czero-knowledge\u201d, il n'existe aucun moyen technique nous permettant d'avoir acc\u00e8s \u00e0 ces donn\u00e9es. Pour plus d'informations, veuillez vous reporter \u00e0 nos <a href=\"http:\/\/vawlt.io\/fr\/conditions-d-utilisation\/\">Conditions d'Utilisation<\/a>.<\/p>\n<p><strong>Veuillez lire attentivement cette politique de confidentialit\u00e9 car elle vous aidera \u00e0 prendre des d\u00e9cisions \u00e9clair\u00e9es concernant le partage de vos informations personnelles avec nous.<\/strong><\/p>\n\n\t\t<\/div>\n\t\t\t\t\n<style>\n#col-1916671155 > .col-inner {\n  padding: 0px 20px 0px 20px;\n}\n<\/style>\n\t<\/div>\n\n\t\n\n\t<div id=\"col-898657547\" class=\"col small-12 large-12\"  >\n\t\t\t\t<div class=\"col-inner\"  >\n\t\t\t\n\t\t\t\n\n<h4 class=\"uppercase\">1. QUELLES SONT LES INFORMATIONS QUE NOUS RECUEILLONS? <\/h4>\n<h5>Informations personnelles que vous nous communiquez<\/h5>\n<ul>\n<li>Nous recueillons le nom et l'adresse e-mail des utilisateurs de nos clients, fournis par les administrateurs des clients, et n\u00e9cessaires pour que nous puissions fournir notre service \u00e0 nos clients. Ces informations sont stock\u00e9es de mani\u00e8re s\u00e9curis\u00e9e dans nos bases de donn\u00e9es, sous une forme crypt\u00e9e.<\/li>\n<\/ul>\n<h5>Informations recueillies automatiquement<\/h5>\n<ul>\n<li>Nous collectons automatiquement des informations anonymes, \u00e0 savoir les adresses IP, et\/ou les caract\u00e9ristiques des navigateurs et des appareils lorsque vous visitez notre site.<\/li>\n<li> En ce qui concerne les utilisateurs de nos clients, nous collectons le nom de l'appareil et l'adresse IP des appareils utilis\u00e9s pour se connecter \u00e0 Vawlt via notre logiciel, et ces informations sont \u00e9galement stock\u00e9es en toute s\u00e9curit\u00e9 dans nos bases de donn\u00e9es, sous une forme crypt\u00e9e.<\/li>\n<\/ul>\n\n\t\t<\/div>\n\t\t\t\t\n<style>\n#col-898657547 > .col-inner {\n  padding: 0px 20px 0px 20px;\n}\n<\/style>\n\t<\/div>\n\n\t\n\n\t<div id=\"col-1607458058\" class=\"col small-12 large-12\"  >\n\t\t\t\t<div class=\"col-inner\"  >\n\t\t\t\n\t\t\t\n\n<h4 class=\"uppercase\">2. COMMENT UTILISONS-NOUS VOS INFORMATIONS? <\/h4>\n<ul>\n<li>Nous traitons vos informations \u00e0 des fins fond\u00e9es sur des int\u00e9r\u00eats commerciaux l\u00e9gitimes, l'ex\u00e9cution de notre contrat avec vous, le respect de nos obligations l\u00e9gales et\/ou votre consentement.<\/li>\n<li>Nous utilisons les informations que nous collectons ou recevons:\n<ul>\n<li>Nous pouvons utiliser vos informations personnelles pour vous envoyer des informations sur les produits, les services et les nouvelles fonctionnalit\u00e9s et\/ou des informations sur les modifications apport\u00e9es \u00e0 nos termes, conditions et politiques. <\/li>\n<li> Nous pouvons utiliser vos informations pour vous demander votre avis et vous contacter au sujet de votre utilisation de notre site. <\/li>\n<li> Pour faire respecter nos termes, conditions et politiques \u00e0 des fins commerciales et\/ou pour des raisons l\u00e9gales. <\/li>\n<li> Pour r\u00e9pondre aux demandes l\u00e9gales et pr\u00e9venir les dommages pour des raisons l\u00e9gales. Si nous recevons une assignation \u00e0 compara\u00eetre ou toute autre demande l\u00e9gale, nous pouvons avoir besoin de consulter les donn\u00e9es que nous d\u00e9tenons pour d\u00e9terminer comment y r\u00e9pondre. <\/li>\n<li> Nous pouvons utiliser vos informations \u00e0 d'autres fins commerciales, telles que l'analyse des donn\u00e9es, l'identification des tendances d'utilisation, la d\u00e9termination de l'efficacit\u00e9 de nos campagnes promotionnelles et l'\u00e9valuation et l'am\u00e9lioration de notre site, de nos produits, de nos services, de notre marketing et de votre exp\u00e9rience. <\/li><\/ul>\n<\/li>\n<\/ul>\n\n\t\t<\/div>\n\t\t\t\t\n<style>\n#col-1607458058 > .col-inner {\n  padding: 0px 20px 0px 20px;\n}\n<\/style>\n\t<\/div>\n\n\t\n\n\t<div id=\"col-1405098031\" class=\"col small-12 large-12\"  >\n\t\t\t\t<div class=\"col-inner\"  >\n\t\t\t\n\t\t\t\n\n<h4 class=\"uppercase\">3. VOS INFORMATIONS SERONT-ELLES PARTAG\u00c9ES AVEC QUI QUE CE SOIT? <\/h4>\n<ul>\n<li>Nous ne partageons les informations qu'avec votre consentement afin de nous conformer aux lois, de prot\u00e9ger vos droits ou de remplir des obligations commerciales.<\/li>\n<li>Nous ne partagerons et ne divulguerons vos informations que dans les situations suivantes:\n<ul>\n<li>Nous pouvons divulguer vos informations lorsque nous sommes l\u00e9galement tenus de le faire pour nous conformer aux lois applicables, aux demandes gouvernementales, \u00e0 une proc\u00e9dure judiciaire, \u00e0 une ordonnance d'un tribunal ou \u00e0 un processus l\u00e9gal, par exemple en r\u00e9ponse \u00e0 une ordonnance d'un tribunal ou \u00e0 une assignation (y compris en r\u00e9ponse aux autorit\u00e9s publiques pour r\u00e9pondre aux exigences de s\u00e9curit\u00e9 nationale ou d'application de la loi). <\/li>\n<li> Int\u00e9r\u00eats vitaux et droits l\u00e9gaux. Nous pouvons divulguer vos informations lorsque nous pensons qu'il est n\u00e9cessaire d'enqu\u00eater, de pr\u00e9venir ou de prendre des mesures concernant des violations potentielles de nos politiques, des suspicions de fraude, des situations impliquant des menaces potentielles pour la s\u00e9curit\u00e9 de toute personne et des activit\u00e9s ill\u00e9gales, ou comme preuve dans un litige dans lequel nous sommes impliqu\u00e9s. <\/li>\n<li> Nous pouvons partager ou transf\u00e9rer vos informations dans le cadre de, ou pendant les n\u00e9gociations de, toute fusion, vente d'actifs de la soci\u00e9t\u00e9, financement, ou acquisition de tout ou partie de notre activit\u00e9 \u00e0 une autre soci\u00e9t\u00e9. <\/li>\n<li> Nous pouvons divulguer vos informations personnelles \u00e0 toute autre fin avec votre consentement.<\/li><\/ul>\n<\/li>\n<\/ul>\n\n\t\t<\/div>\n\t\t\t\t\n<style>\n#col-1405098031 > .col-inner {\n  padding: 0px 20px 0px 20px;\n}\n<\/style>\n\t<\/div>\n\n\t\n\n\t<div id=\"col-105729295\" class=\"col small-12 large-12\"  >\n\t\t\t\t<div class=\"col-inner\"  >\n\t\t\t\n\t\t\t\n\n<h4 class=\"uppercase\">4. UTILISONS-NOUS DES COOKIES ET D'AUTRES TECHNOLOGIES DE SUIVI? <\/h4>\n<ul>\n<li>Nous pouvons utiliser des cookies et des technologies de suivi similaires (comme les balises web et les pixels) pour acc\u00e9der aux informations ou les stocker. Des informations sp\u00e9cifiques sur la mani\u00e8re dont nous utilisons ces technologies et comment vous pouvez refuser certains cookies sont pr\u00e9sent\u00e9es dans notre <a href=\"\/fr\/politique-en-matiere-de-cookies\/\">Politique en mati\u00e8re de Cookies<\/a>.<\/li>\n<\/ul>\n\n\t\t<\/div>\n\t\t\t\t\n<style>\n#col-105729295 > .col-inner {\n  padding: 0px 20px 0px 20px;\n}\n<\/style>\n\t<\/div>\n\n\t\n\n\t<div id=\"col-419677623\" class=\"col small-12 large-12\"  >\n\t\t\t\t<div class=\"col-inner\"  >\n\t\t\t\n\t\t\t\n\n<h4 class=\"uppercase\">5. COMBIEN DE TEMPS CONSERVONS-NOUS VOS INFORMATIONS? <\/h4>\n<ul>\n<li>Nous ne conserverons vos informations personnelles qu'aussi longtemps que n\u00e9cessaire aux fins \u00e9nonc\u00e9es dans la pr\u00e9sente politique de confidentialit\u00e9, \u00e0 moins qu'une p\u00e9riode de conservation plus longue ne soit exig\u00e9e ou autoris\u00e9e par la loi (comme les exigences fiscales, comptables ou autres exigences l\u00e9gales). Aucune finalit\u00e9 de cette politique ne nous obligera \u00e0 conserver vos informations personnelles plus longtemps que la p\u00e9riode pendant laquelle les utilisateurs ont un compte chez nous.<\/li>\n<li> Lorsque nous n'avons plus de besoin commercial l\u00e9gitime de traiter vos informations personnelles, nous les supprimons ou les rendons anonymes. <\/li>\n<\/ul>\n\n\t\t<\/div>\n\t\t\t\t\n<style>\n#col-419677623 > .col-inner {\n  padding: 0px 20px 0px 20px;\n}\n<\/style>\n\t<\/div>\n\n\t\n\n\t<div id=\"col-57324708\" class=\"col small-12 large-12\"  >\n\t\t\t\t<div class=\"col-inner\"  >\n\t\t\t\n\t\t\t\n\n<h4 class=\"uppercase\">6. COMMENT ASSURONS-NOUS LA S\u00c9CURIT\u00c9 DE VOS INFORMATIONS? <\/h4>\n<ul>\n<li>Toutes les donn\u00e9es fournies par les administrateurs de nos clients, ainsi que les donn\u00e9es collect\u00e9es automatiquement par nous afin de vous fournir notre service, sont stock\u00e9es en toute s\u00e9curit\u00e9 dans nos bases de donn\u00e9es, sous une forme crypt\u00e9e.<\/li>\n<li> Bien que nous fassions toujours de notre mieux pour prot\u00e9ger vos informations personnelles, la transmission d'informations personnelles vers et depuis notre site se fait \u00e0 vos propres risques. Vous ne devez acc\u00e9der aux services que dans un environnement s\u00e9curis\u00e9. <\/li>\n<\/ul>\n\n\t\t<\/div>\n\t\t\t\t\n<style>\n#col-57324708 > .col-inner {\n  padding: 0px 20px 0px 20px;\n}\n<\/style>\n\t<\/div>\n\n\t\n\n\t<div id=\"col-1219556901\" class=\"col small-12 large-12\"  >\n\t\t\t\t<div class=\"col-inner\"  >\n\t\t\t\n\t\t\t\n\n<h4 class=\"uppercase\">7. QUELS SONT VOS DROITS EN MATI\u00c8RE DE CONFIDENTIALIT\u00c9?<\/h4>\n<ul>\n<li>Dans certaines r\u00e9gions (comme l'Espace \u00e9conomique europ\u00e9en), vous disposez de certains droits en vertu des lois applicables en mati\u00e8re de protection des donn\u00e9es. Ceux-ci peuvent inclure le droit\n<ul>\n<li>(i) de demander l'acc\u00e8s et d'obtenir une copie de vos informations personnelles,<\/li>\n<li>(ii) de demander la rectification ou l'effacement;<\/li>\n<li>(iii) de restreindre le traitement de vos informations personnelles; et<\/li>\n<li>(iv) le cas \u00e9ch\u00e9ant, \u00e0 la portabilit\u00e9 des donn\u00e9es.<\/li>\n<\/ul>\n<\/li>\n<li>Dans certaines circonstances, vous pouvez \u00e9galement avoir le droit de vous opposer au traitement de vos informations personnelles. Pour faire une telle demande, veuillez utiliser les coordonn\u00e9es fournies ci-dessous. Nous examinerons toute demande et y donnerons suite conform\u00e9ment aux lois applicables en mati\u00e8re de protection des donn\u00e9es.<\/li>\n<li>Si nous nous appuyons sur votre consentement pour traiter vos informations personnelles, vous avez le droit de retirer votre consentement \u00e0 tout moment. Veuillez noter cependant que cela n'affectera pas la l\u00e9galit\u00e9 du traitement avant son retrait.<\/li>\n<li>Si vous r\u00e9sidez dans l'Espace \u00e9conomique europ\u00e9en et que vous pensez que nous traitons ill\u00e9galement vos informations personnelles, vous avez \u00e9galement le droit de vous plaindre aupr\u00e8s de l'autorit\u00e9 de contr\u00f4le de la protection des donn\u00e9es de votre pays. Vous pouvez trouver leurs coordonn\u00e9es ici: <a href=\"https:\/\/ec.europa.eu\/info\/policies\/justice-and-fundamental-rights_en\" target=\"_blank\" rel=\"noopener\">ec.europe.eu<\/a><\/li>\n<\/ul>\n\n\t\t<\/div>\n\t\t\t\t\n<style>\n#col-1219556901 > .col-inner {\n  padding: 0px 20px 0px 20px;\n}\n<\/style>\n\t<\/div>\n\n\t\n\n\t<div id=\"col-1009064060\" class=\"col small-12 large-12\"  >\n\t\t\t\t<div class=\"col-inner\"  >\n\t\t\t\n\t\t\t\n\n<h4 class=\"uppercase\">8. FAISONS-NOUS DES MISES \u00c0 JOUR DE CETTE POLITIQUE? <\/h4>\n<ul>\n<li> Nous pouvons mettre \u00e0 jour cette politique de confidentialit\u00e9 de temps \u00e0 autre. La version mise \u00e0 jour sera indiqu\u00e9e par une date de \" r\u00e9vision \" et la version mise \u00e0 jour sera effective d\u00e8s qu'elle sera accessible. Si nous apportons des modifications importantes \u00e0 cette politique de confidentialit\u00e9, nous pourrons vous en informer soit en publiant de mani\u00e8re visible un avis sur ces modifications, soit en vous envoyant directement une notification. Nous vous encourageons \u00e0 consulter fr\u00e9quemment cette politique de confidentialit\u00e9 pour \u00eatre inform\u00e9 de la mani\u00e8re dont nous prot\u00e9geons vos informations.<\/li>\n<\/ul>\n\n\t\t<\/div>\n\t\t\t\t\n<style>\n#col-1009064060 > .col-inner {\n  padding: 0px 20px 0px 20px;\n}\n<\/style>\n\t<\/div>\n\n\t\n\n\t<div id=\"col-1165648104\" class=\"col small-12 large-12\"  >\n\t\t\t\t<div class=\"col-inner\"  >\n\t\t\t\n\t\t\t\n\n<h4 class=\"uppercase\">9. COMMENT POUVEZ-VOUS NOUS CONTACTER AU SUJET DE CETTE POLITIQUE? <\/h4>\n<ul>\n<li> Si vous avez des questions ou des commentaires sur cette politique, vous pouvez nous envoyer un courriel \u00e0 privacy (at) vawlt.io ou par courrier \u00e0 Vawlt Technologies, S. A., Tec Labs - Centro de Inova\u00e7\u00e3o, Campo Grande, 1749-016 Lisbonne, Portugal.<\/li>\n<\/ul>\n\n\t\t<\/div>\n\t\t\t\t\n<style>\n#col-1165648104 > .col-inner {\n  padding: 0px 20px 0px 20px;\n}\n<\/style>\n\t<\/div>\n\n\t\n\n<\/div>\n\n\t\t<\/div>\n\n\t\t\n<style>\n#section_364496604 {\n  padding-top: 0px;\n  padding-bottom: 0px;\n}\n<\/style>\n\t<\/section>","protected":false},"excerpt":{"rendered":"","protected":false},"author":8,"featured_media":0,"parent":0,"menu_order":0,"comment_status":"closed","ping_status":"closed","template":"page-blank.php","meta":{"footnotes":""},"class_list":["post-764","page","type-page","status-publish","hentry"],"yoast_head":"<!-- This site is optimized with the Yoast SEO plugin v26.2 - https:\/\/yoast.com\/wordpress\/plugins\/seo\/ -->\n<title>Privacy Policy | Multicloud Storage | Vawlt<\/title>\n<meta name=\"robots\" content=\"index, follow, max-snippet:-1, max-image-preview:large, max-video-preview:-1\" \/>\n<link rel=\"canonical\" href=\"https:\/\/site-temp.vawlt.io\/privacy-policy\/\" \/>\n<meta property=\"og:locale\" content=\"fr_FR\" \/>\n<meta property=\"og:type\" content=\"article\" \/>\n<meta property=\"og:title\" content=\"Privacy Policy | Multicloud Storage | Vawlt\" \/>\n<meta property=\"og:url\" content=\"https:\/\/site-temp.vawlt.io\/privacy-policy\/\" \/>\n<meta property=\"og:site_name\" content=\"Vawlt\" \/>\n<meta property=\"article:publisher\" content=\"https:\/\/www.facebook.com\/vawlt\" \/>\n<meta property=\"article:modified_time\" content=\"2025-05-14T16:38:11+00:00\" \/>\n<meta property=\"og:image\" content=\"https:\/\/vawlt.io\/wp-content\/uploads\/2021\/09\/mockup.png\" \/>\n\t<meta property=\"og:image:width\" content=\"500\" \/>\n\t<meta property=\"og:image:height\" content=\"256\" \/>\n\t<meta property=\"og:image:type\" content=\"image\/png\" \/>\n<meta name=\"twitter:card\" content=\"summary_large_image\" \/>\n<meta name=\"twitter:site\" content=\"@vawltio\" \/>\n<meta name=\"twitter:label1\" content=\"Dur\u00e9e de lecture estim\u00e9e\" \/>\n\t<meta name=\"twitter:data1\" content=\"6 minutes\" \/>\n<!-- \/ Yoast SEO plugin. -->","yoast_head_json":{"title":"Politique de confidentialit\u00e9 | Stockage Multicloud | Vawlt","robots":{"index":"index","follow":"follow","max-snippet":"max-snippet:-1","max-image-preview":"max-image-preview:large","max-video-preview":"max-video-preview:-1"},"canonical":"https:\/\/site-temp.vawlt.io\/privacy-policy\/","og_locale":"fr_FR","og_type":"article","og_title":"Privacy Policy | Multicloud Storage | Vawlt","og_url":"https:\/\/site-temp.vawlt.io\/privacy-policy\/","og_site_name":"Vawlt","article_publisher":"https:\/\/www.facebook.com\/vawlt","article_modified_time":"2025-05-14T16:38:11+00:00","og_image":[{"width":500,"height":256,"url":"https:\/\/vawlt.io\/wp-content\/uploads\/2021\/09\/mockup.png","type":"image\/png"}],"twitter_card":"summary_large_image","twitter_site":"@vawltio","twitter_misc":{"Dur\u00e9e de lecture estim\u00e9e":"6 minutes"},"schema":{"@context":"https:\/\/schema.org","@graph":[{"@type":"WebPage","@id":"https:\/\/site-temp.vawlt.io\/privacy-policy\/","url":"https:\/\/site-temp.vawlt.io\/privacy-policy\/","name":"Politique de confidentialit\u00e9 | Stockage Multicloud | Vawlt","isPartOf":{"@id":"https:\/\/site-temp.vawlt.io\/#website"},"datePublished":"2021-08-17T09:44:26+00:00","dateModified":"2025-05-14T16:38:11+00:00","breadcrumb":{"@id":"https:\/\/site-temp.vawlt.io\/privacy-policy\/#breadcrumb"},"inLanguage":"fr-FR","potentialAction":[{"@type":"ReadAction","target":["https:\/\/site-temp.vawlt.io\/privacy-policy\/"]}]},{"@type":"BreadcrumbList","@id":"https:\/\/site-temp.vawlt.io\/privacy-policy\/#breadcrumb","itemListElement":[{"@type":"ListItem","position":1,"name":"Home","item":"https:\/\/vawlt.io\/"},{"@type":"ListItem","position":2,"name":"Privacy Policy"}]},{"@type":"WebSite","@id":"https:\/\/site-temp.vawlt.io\/#website","url":"https:\/\/site-temp.vawlt.io\/","name":"Vawlt","description":"Solution de stockage de donn\u00e9es multicloud qui simplifie la transition vers le cloud, am\u00e9liore les normes de s\u00e9curit\u00e9 et optimise l'utilisation des ressources de stockage.","publisher":{"@id":"https:\/\/site-temp.vawlt.io\/#organization"},"potentialAction":[{"@type":"SearchAction","target":{"@type":"EntryPoint","urlTemplate":"https:\/\/site-temp.vawlt.io\/?s={search_term_string}"},"query-input":{"@type":"PropertyValueSpecification","valueRequired":true,"valueName":"search_term_string"}}],"inLanguage":"fr-FR"},{"@type":"Organization","@id":"https:\/\/site-temp.vawlt.io\/#organization","name":"Vawlt","url":"https:\/\/site-temp.vawlt.io\/","logo":{"@type":"ImageObject","inLanguage":"fr-FR","@id":"https:\/\/site-temp.vawlt.io\/#\/schema\/logo\/image\/","url":"http:\/\/vawlt.io\/wp-content\/uploads\/2021\/08\/logo_vawlt_business.png","contentUrl":"http:\/\/vawlt.io\/wp-content\/uploads\/2021\/08\/logo_vawlt_business.png","width":576,"height":92,"caption":"Vawlt"},"image":{"@id":"https:\/\/site-temp.vawlt.io\/#\/schema\/logo\/image\/"},"sameAs":["https:\/\/www.facebook.com\/vawlt","https:\/\/x.com\/vawltio","https:\/\/www.linkedin.com\/company\/vawlt","https:\/\/www.youtube.com\/channel\/UCYzlYYg7j_07CFi8Be0eAMw"]}]}},"_links":{"self":[{"href":"https:\/\/vawlt.io\/fr\/wp-json\/wp\/v2\/pages\/764","targetHints":{"allow":["GET"]}}],"collection":[{"href":"https:\/\/vawlt.io\/fr\/wp-json\/wp\/v2\/pages"}],"about":[{"href":"https:\/\/vawlt.io\/fr\/wp-json\/wp\/v2\/types\/page"}],"author":[{"embeddable":true,"href":"https:\/\/vawlt.io\/fr\/wp-json\/wp\/v2\/users\/8"}],"replies":[{"embeddable":true,"href":"https:\/\/vawlt.io\/fr\/wp-json\/wp\/v2\/comments?post=764"}],"version-history":[{"count":11,"href":"https:\/\/vawlt.io\/fr\/wp-json\/wp\/v2\/pages\/764\/revisions"}],"predecessor-version":[{"id":3828,"href":"https:\/\/vawlt.io\/fr\/wp-json\/wp\/v2\/pages\/764\/revisions\/3828"}],"wp:attachment":[{"href":"https:\/\/vawlt.io\/fr\/wp-json\/wp\/v2\/media?parent=764"}],"curies":[{"name":"wp","href":"https:\/\/api.w.org\/{rel}","templated":true}]}}