{"id":769,"date":"2021-08-17T09:51:06","date_gmt":"2021-08-17T09:51:06","guid":{"rendered":"http:\/\/vawlt.io\/?page_id=769"},"modified":"2022-03-04T17:18:07","modified_gmt":"2022-03-04T17:18:07","slug":"vulnerability-detection-program","status":"publish","type":"page","link":"https:\/\/vawlt.io\/fr\/programme-de-detection-des-vulnerabilites\/","title":{"rendered":"Programme de D\u00e9tection de Vuln\u00e9rabilit\u00e9s"},"content":{"rendered":"<section class=\"section\" id=\"section_639655244\">\n\t\t<div class=\"bg section-bg fill bg-fill  bg-loaded\" >\n\n\t\t\t\n\t\t\t\n\t\t\t\n\n\t\t<\/div>\n\n\t\t<div class=\"section-content relative\">\n\t\t\t\n\n<div class=\"row row-collapse\"  id=\"row-355669808\">\n\n\n\t<div id=\"col-1994495714\" class=\"col small-12 large-12\"  >\n\t\t\t\t<div class=\"col-inner\"  >\n\t\t\t\n\t\t\t\n\n\t<div id=\"text-2226535222\" class=\"text\">\n\t\t\n\n<h1><strong>Vous avez trouv\u00e9 une vuln\u00e9rabilit\u00e9 dans notre plateforme?<\/strong><\/h1>\n\t\t\n<style>\n#text-2226535222 {\n  font-size: 1.6rem;\n}\n<\/style>\n\t<\/div>\n\t\n\n\t\t<\/div>\n\t\t\t\t\n<style>\n#col-1994495714 > .col-inner {\n  padding: 80px 20px 0px 20px;\n}\n@media (min-width:850px) {\n  #col-1994495714 > .col-inner {\n    padding: 80px 0px 0px 0px;\n  }\n}\n<\/style>\n\t<\/div>\n\n\t\n\n<\/div>\n<div class=\"row\"  id=\"row-1583170565\">\n\n\n\t<div id=\"col-168603925\" class=\"col small-12 large-12\"  >\n\t\t\t\t<div class=\"col-inner\"  >\n\t\t\t\n\t\t\t\n\n<p>Vawlt est une solution construite avec la s\u00e9curit\u00e9 comme priorit\u00e9 absolue. Bien que notre \u00e9quipe soit enti\u00e8rement d\u00e9vou\u00e9e \u00e0 la conception et au d\u00e9veloppement d'une solution qui assure la s\u00e9curit\u00e9 de vos donn\u00e9es, nous encourageons tout utilisateur \u00e0 signaler et \u00e0 signaler toute fragilit\u00e9 ou vuln\u00e9rabilit\u00e9 de notre site web et de notre plateforme.<\/p>\n<p>Si tel est le cas, nous vous invitons \u00e0 partager avec nous un rapport d\u00e9taill\u00e9 \u00e0 l'adresse&nbsp;<a class=\"link text-link\" href=\"mailto:security@vawlt.io\" target=\"_blank\" rel=\"noopener noreferrer\">security@vawlt.io<\/a>.<\/p>\n<p>Vous trouverez ci-dessous des informations utiles sur la mani\u00e8re de soumettre un rapport \u00e0 notre \u00e9quipe, ainsi qu'un ensemble de r\u00e8gles pour vous guider si vous trouvez des probl\u00e8mes. Votre rapport peut m\u00eame \u00eatre pris en compte pour l'attribution d'une r\u00e9compense.<\/p>\n<p class=\"translation-block\">Welcome to our&nbsp;<strong>Vulnerability Detection Program<\/strong>.<\/p>\n\n\t\t<\/div>\n\t\t\t\t\n<style>\n#col-168603925 > .col-inner {\n  padding: 0px 20px 0px 20px;\n}\n<\/style>\n\t<\/div>\n\n\t\n\n\t<div id=\"col-255843905\" class=\"col small-12 large-12\"  >\n\t\t\t\t<div class=\"col-inner\"  >\n\t\t\t\n\t\t\t\n\n<h3>Comment soumettre un rapport correctement<\/h3>\n<p>Pour soumettre un rapport de vuln\u00e9rabilit\u00e9, envoyez-nous un courriel \u00e0&nbsp;<a class=\"link text-link\" href=\"mailto:security@vawlt.io\" target=\"_blank\" rel=\"noopener noreferrer\">security@vawlt.io<\/a>. Prenez en consid\u00e9ration les points suivants:<\/p>\n<ul>\n<li>Fournissez une description compl\u00e8te pour notre analyse.<\/li>\n<li>Joignez un guide \"Comment faire\" avec les \u00e9tapes n\u00e9cessaires pour que nous puissions reproduire la situation, soit en texte ou en vid\u00e9o, ou une preuve de concept.<\/li>\n<li>Utilisez le&nbsp;<a class=\"link text-link\" href=\"https:\/\/www.first.org\/cvss\/calculator\/3.0\" target=\"_blank\" rel=\"noopener noreferrer\">calculateur CVSS<\/a> et fournissez-nous le r\u00e9sultat joint au rapport.<\/li>\n<li>Faites une auto-\u00e9valuation de la gravit\u00e9 de la situation.<\/li>\n<li>Nous fournir toute autre information que vous jugez utile pour l'analyse.<\/li>\n<\/ul>\n<h3>Crit\u00e8res de qualification<\/h3>\n<p>Votre rapport de vuln\u00e9rabilit\u00e9 sera qualifi\u00e9 pour un prix si toutes ces conditions sont r\u00e9unies:<\/p>\n<ul>\n<li>Le rapport doit avoir la structure mentionn\u00e9e ci-dessus.<\/li>\n<li>Le rapport ne peut pas \u00eatre un simple copier-coller d'un scanner de s\u00e9curit\u00e9 automatis\u00e9: les rapports sans informations suppl\u00e9mentaires ne seront pas pris en compte.<\/li>\n<li>Le probl\u00e8me doit \u00eatre r\u00e9el et testable: les situations hypoth\u00e9tiques ne seront pas prises en compte.<\/li>\n<li>Le probl\u00e8me doit se rapporter \u00e0 quelque chose que nous ne connaissons pas: nous ne r\u00e9compenserons pas les r\u00e9sultats qui ont d\u00e9j\u00e0 \u00e9t\u00e9 signal\u00e9s, par vous ou par quelqu'un d'autre.<\/li>\n<li>Le probl\u00e8me doit se produire sur la derni\u00e8re version publiquement disponible du site web\/de la plateforme vawlt.io.<\/li>\n<li>Le probl\u00e8me doit \u00eatre dans le champ d'application (voir la liste ci-dessous).<\/li>\n<\/ul>\n<h3>Liste des probl\u00e8mes hors du champ d'application<\/h3>\n<p>Voici quelques situations que nous consid\u00e9rons g\u00e9n\u00e9ralement comme hors du champ d'application:<\/p>\n<ul>\n<li>Bogues de fonctionnalit\u00e9.<\/li>\n<li>Vuln\u00e9rabilit\u00e9s dans le code ou les services de tiers qui ne conduisent pas \u00e0 un exploit.<\/li>\n<li>En-t\u00eates de s\u00e9curit\u00e9 HTTP manquants.<\/li>\n<\/ul>\n<h3>Prix<\/h3>\n<p>Si le rapport s'av\u00e8re valide, vous pouvez recevoir un prix. Les montants sont calcul\u00e9s en fonction de la cat\u00e9gorie ou de la gravit\u00e9 de chaque probl\u00e8me signal\u00e9, comme vous pouvez le v\u00e9rifier dans le tableau ci-dessous.<\/p>\n\n\t\t<\/div>\n\t\t\t\t\n<style>\n#col-255843905 > .col-inner {\n  padding: 0px 20px 0px 20px;\n}\n@media (min-width:850px) {\n  #col-255843905 > .col-inner {\n    padding: 0px 0px 0px 0px;\n  }\n}\n<\/style>\n\t<\/div>\n\n\t\n\n\t<div id=\"col-203300822\" class=\"col medium-4 small-12 large-3\"  >\n\t\t\t\t<div class=\"col-inner\"  >\n\t\t\t\n\t\t\t\n\n<table class=\"table\" style=\"height: 152px;\" width=\"253\">\n<thead class=\"thead-light\">\n<tr>\n<th scope=\"col\">GRAVIT\u00c9<\/th>\n<th scope=\"col\">VALEUR<\/th>\n<\/tr>\n<\/thead>\n<tbody>\n<tr>\n<td>Faible<\/td>\n<td>\u20ac75<\/td>\n<\/tr>\n<tr>\n<td>Moyenne<\/td>\n<td>\u20ac100<\/td>\n<\/tr>\n<tr>\n<td>\u00c9lev\u00e9e<\/td>\n<td>\u20ac200<\/td>\n<\/tr>\n<tr>\n<td>Critique<\/td>\n<td>\u20ac750<\/td>\n<\/tr>\n<\/tbody>\n<\/table>\n\n\t\t<\/div>\n\t\t\t\t\n<style>\n#col-203300822 > .col-inner {\n  padding: 0px 20px 0px 20px;\n}\n@media (min-width:550px) {\n  #col-203300822 > .col-inner {\n    padding: 0px 0px 0px 20px;\n  }\n}\n@media (min-width:850px) {\n  #col-203300822 > .col-inner {\n    padding: 0px 0px 0px 0px;\n  }\n}\n<\/style>\n\t<\/div>\n\n\t\n\n\t<div id=\"col-944013662\" class=\"col small-12 large-12\"  >\n\t\t\t\t<div class=\"col-inner\"  >\n\t\t\t\n\t\t\t\n\n<h3>Avis de non-responsabilit\u00e9<\/h3>\n<p>Il est strictement interdit de r\u00e9v\u00e9ler publiquement un probl\u00e8me sans le consentement de Vawlt.<\/p>\n<p>Veuillez nous informer s'il s'agit de votre travail ou s'il est couvert par les droits de propri\u00e9t\u00e9 intellectuelle d'entit\u00e9s tierces.<\/p>\n<p>Si vous soumettez un rapport de ce type, vous accordez \u00e0 Vawlt Technologies, S. A. une licence permanente et irr\u00e9versible sur tous les droits de propri\u00e9t\u00e9 intellectuelle que vous pouvez conc\u00e9der ou qui sont li\u00e9s \u00e0 l'utilisation de ce mat\u00e9riel.<\/p>\n<p>Si vous ne nous en informez pas, cela signifie que le rapport est votre propre travail et qu'il n'est donc pas couvert par les droits de propri\u00e9t\u00e9 intellectuelle d'une autre entit\u00e9.<\/p>\n<p>Nous appr\u00e9cions votre collaboration en assurant la s\u00e9curit\u00e9 de notre plateforme et de nos clients.<\/p>\n\n\t\t<\/div>\n\t\t\t\t\n<style>\n#col-944013662 > .col-inner {\n  padding: 0px 20px 0px 20px;\n}\n@media (min-width:850px) {\n  #col-944013662 > .col-inner {\n    padding: 0px 0px 0px 0px;\n  }\n}\n<\/style>\n\t<\/div>\n\n\t\n\n<\/div>\n\n\t\t<\/div>\n\n\t\t\n<style>\n#section_639655244 {\n  padding-top: 0px;\n  padding-bottom: 0px;\n}\n<\/style>\n\t<\/section>\n\t\n\t<section class=\"section\" id=\"section_1644049976\">\n\t\t<div class=\"bg section-bg fill bg-fill  bg-loaded\" >\n\n\t\t\t\n\t\t\t\n\t\t\t\n\n\t\t<\/div>\n\n\t\t<div class=\"section-content relative\">\n\t\t\t\n\n\t<div id=\"gap-132592353\" class=\"gap-element clearfix\" style=\"display:block; height:auto;\">\n\t\t\n<style>\n#gap-132592353 {\n  padding-top: 40px;\n}\n<\/style>\n\t<\/div>\n\t\n\n<div class=\"row row-collapse align-middle\"  id=\"row-1598674624\">\n\n\n\t<div id=\"col-468636399\" class=\"col medium-6 small-12 large-6\"  >\n\t\t\t\t<div class=\"col-inner text-left\"  >\n\t\t\t\n\t\t\t\n\n\t<div id=\"text-2061662117\" class=\"text\">\n\t\t\n\n<h3 style=\"font-weight: 600;\">Ne laissez pas les ransomwares paralyser votre entreprise<\/h3>\n\t\t\n<style>\n#text-2061662117 {\n  font-size: 1rem;\n  text-align: center;\n}\n@media (min-width:550px) {\n  #text-2061662117 {\n    text-align: left;\n  }\n}\n<\/style>\n\t<\/div>\n\t\n\t<div id=\"text-1534984444\" class=\"text\">\n\t\t\n\n<h2><span style=\"font-weight: 600; color: #21bffc;\">Commencer \u00e0 vous prot\u00e9ger<\/span><span style=\"font-weight: 600; color: #000000;\">\u00a0maintenant.<br \/><\/span><\/h2>\n\t\t\n<style>\n#text-1534984444 {\n  font-size: 1.6rem;\n  text-align: center;\n}\n@media (min-width:550px) {\n  #text-1534984444 {\n    text-align: left;\n  }\n}\n<\/style>\n\t<\/div>\n\t\n\n\t\t<\/div>\n\t\t\t\t\n<style>\n#col-468636399 > .col-inner {\n  padding: 0px 20px 0px 20px;\n}\n@media (min-width:550px) {\n  #col-468636399 > .col-inner {\n    padding: 0px 0px 0px 20px;\n  }\n}\n<\/style>\n\t<\/div>\n\n\t\n\n\t<div id=\"col-786943833\" class=\"col hide-for-medium medium-6 small-12 large-6\"  >\n\t\t\t\t<div class=\"col-inner text-right\"  >\n\t\t\t\n\t\t\t\n\n<a href=\"http:\/\/vawlt.io\/fr\/obtenir-une-demonstration\/\" target=\"_self\" class=\"button primary is-large\"  style=\"border-radius:5px;\">\n    <span>Obtenir une d\u00e9mo<\/span>\n  <\/a>\n\n\n\n\t\t<\/div>\n\t\t\t\t\n<style>\n#col-786943833 > .col-inner {\n  padding: 0px 20px 0px 20px;\n}\n@media (min-width:550px) {\n  #col-786943833 > .col-inner {\n    padding: 0px 20px 0px 0px;\n  }\n}\n<\/style>\n\t<\/div>\n\n\t\n\n\t<div id=\"col-2124876641\" class=\"col show-for-medium hide-for-small medium-6 small-12 large-6\"  >\n\t\t\t\t<div class=\"col-inner text-right\"  >\n\t\t\t\n\t\t\t\n\n<a href=\"http:\/\/vawlt.io\/fr\/obtenir-une-demonstration\/\" target=\"_self\" class=\"button primary\"  style=\"border-radius:5px;\">\n    <span>Obtenir une d\u00e9mo<\/span>\n  <\/a>\n\n\n\n\t\t<\/div>\n\t\t\t\t\n<style>\n#col-2124876641 > .col-inner {\n  padding: 0px 20px 0px 20px;\n}\n@media (min-width:550px) {\n  #col-2124876641 > .col-inner {\n    padding: 0px 20px 0px 0px;\n  }\n}\n<\/style>\n\t<\/div>\n\n\t\n\n\t<div id=\"col-881607178\" class=\"col show-for-small medium-6 small-12 large-6\"  >\n\t\t\t\t<div class=\"col-inner text-center\"  >\n\t\t\t\n\t\t\t\n\n\t<div id=\"gap-901512210\" class=\"gap-element clearfix\" style=\"display:block; height:auto;\">\n\t\t\n<style>\n#gap-901512210 {\n  padding-top: 23px;\n}\n@media (min-width:550px) {\n  #gap-901512210 {\n    padding-top: 40px;\n  }\n}\n<\/style>\n\t<\/div>\n\t\n\n<a href=\"http:\/\/vawlt.io\/fr\/obtenir-une-demonstration\/\" target=\"_self\" class=\"button primary is-small\"  style=\"border-radius:5px;\">\n    <span>Obtenir une d\u00e9mo<\/span>\n  <\/a>\n\n\n\n\t\t<\/div>\n\t\t\t\t\n<style>\n#col-881607178 > .col-inner {\n  padding: 0px 20px 0px 20px;\n}\n@media (min-width:550px) {\n  #col-881607178 > .col-inner {\n    padding: 0px 20px 0px 0px;\n  }\n}\n<\/style>\n\t<\/div>\n\n\t\n\n<\/div>\n\n\t\t<\/div>\n\n\t\t\n<style>\n#section_1644049976 {\n  padding-top: 30px;\n  padding-bottom: 30px;\n  background-color: rgb(244, 247, 249);\n}\n<\/style>\n\t<\/section>","protected":false},"excerpt":{"rendered":"","protected":false},"author":8,"featured_media":0,"parent":0,"menu_order":0,"comment_status":"closed","ping_status":"closed","template":"page-blank.php","meta":{"footnotes":""},"class_list":["post-769","page","type-page","status-publish","hentry"],"yoast_head":"<!-- This site is optimized with the Yoast SEO plugin v26.2 - https:\/\/yoast.com\/wordpress\/plugins\/seo\/ -->\n<title>Vulnerability Detection Program | Multicloud Storage | Vawlt<\/title>\n<meta name=\"robots\" content=\"noindex, nofollow\" \/>\n<meta property=\"og:locale\" content=\"fr_FR\" \/>\n<meta property=\"og:type\" content=\"article\" \/>\n<meta property=\"og:title\" content=\"Vulnerability Detection Program | Multicloud Storage | Vawlt\" \/>\n<meta property=\"og:url\" content=\"https:\/\/site-temp.vawlt.io\/es\/programa-de-deteccion-de-vulnerabilidades\/\" \/>\n<meta property=\"og:site_name\" content=\"Vawlt\" \/>\n<meta property=\"article:publisher\" content=\"https:\/\/www.facebook.com\/vawlt\" \/>\n<meta property=\"article:modified_time\" content=\"2022-03-04T17:18:07+00:00\" \/>\n<meta property=\"og:image\" content=\"https:\/\/vawlt.io\/wp-content\/uploads\/2021\/09\/mockup.png\" \/>\n\t<meta property=\"og:image:width\" content=\"500\" \/>\n\t<meta property=\"og:image:height\" content=\"256\" \/>\n\t<meta property=\"og:image:type\" content=\"image\/png\" \/>\n<meta name=\"twitter:card\" content=\"summary_large_image\" \/>\n<meta name=\"twitter:site\" content=\"@vawltio\" \/>\n<meta name=\"twitter:label1\" content=\"Dur\u00e9e de lecture estim\u00e9e\" \/>\n\t<meta name=\"twitter:data1\" content=\"3 minutes\" \/>\n<!-- \/ Yoast SEO plugin. -->","yoast_head_json":{"title":"Programme de D\u00e9tection de Vuln\u00e9rabilit\u00e9s | Stockage Multicloud | Vawlt","robots":{"index":"noindex","follow":"nofollow"},"og_locale":"fr_FR","og_type":"article","og_title":"Vulnerability Detection Program | Multicloud Storage | Vawlt","og_url":"https:\/\/site-temp.vawlt.io\/es\/programa-de-deteccion-de-vulnerabilidades\/","og_site_name":"Vawlt","article_publisher":"https:\/\/www.facebook.com\/vawlt","article_modified_time":"2022-03-04T17:18:07+00:00","og_image":[{"width":500,"height":256,"url":"https:\/\/vawlt.io\/wp-content\/uploads\/2021\/09\/mockup.png","type":"image\/png"}],"twitter_card":"summary_large_image","twitter_site":"@vawltio","twitter_misc":{"Dur\u00e9e de lecture estim\u00e9e":"3 minutes"},"schema":{"@context":"https:\/\/schema.org","@graph":[{"@type":"WebPage","@id":"https:\/\/site-temp.vawlt.io\/es\/programa-de-deteccion-de-vulnerabilidades\/","url":"https:\/\/site-temp.vawlt.io\/es\/programa-de-deteccion-de-vulnerabilidades\/","name":"Programme de D\u00e9tection de Vuln\u00e9rabilit\u00e9s | Stockage Multicloud | Vawlt","isPartOf":{"@id":"https:\/\/site-temp.vawlt.io\/#website"},"datePublished":"2021-08-17T09:51:06+00:00","dateModified":"2022-03-04T17:18:07+00:00","breadcrumb":{"@id":"https:\/\/site-temp.vawlt.io\/es\/programa-de-deteccion-de-vulnerabilidades\/#breadcrumb"},"inLanguage":"fr-FR","potentialAction":[{"@type":"ReadAction","target":["https:\/\/site-temp.vawlt.io\/es\/programa-de-deteccion-de-vulnerabilidades\/"]}]},{"@type":"BreadcrumbList","@id":"https:\/\/site-temp.vawlt.io\/es\/programa-de-deteccion-de-vulnerabilidades\/#breadcrumb","itemListElement":[{"@type":"ListItem","position":1,"name":"Home","item":"https:\/\/vawlt.io\/"},{"@type":"ListItem","position":2,"name":"Vulnerability Detection Program"}]},{"@type":"WebSite","@id":"https:\/\/site-temp.vawlt.io\/#website","url":"https:\/\/site-temp.vawlt.io\/","name":"Vawlt","description":"Solution de stockage de donn\u00e9es multicloud qui simplifie la transition vers le cloud, am\u00e9liore les normes de s\u00e9curit\u00e9 et optimise l'utilisation des ressources de stockage.","publisher":{"@id":"https:\/\/site-temp.vawlt.io\/#organization"},"potentialAction":[{"@type":"SearchAction","target":{"@type":"EntryPoint","urlTemplate":"https:\/\/site-temp.vawlt.io\/?s={search_term_string}"},"query-input":{"@type":"PropertyValueSpecification","valueRequired":true,"valueName":"search_term_string"}}],"inLanguage":"fr-FR"},{"@type":"Organization","@id":"https:\/\/site-temp.vawlt.io\/#organization","name":"Vawlt","url":"https:\/\/site-temp.vawlt.io\/","logo":{"@type":"ImageObject","inLanguage":"fr-FR","@id":"https:\/\/site-temp.vawlt.io\/#\/schema\/logo\/image\/","url":"http:\/\/vawlt.io\/wp-content\/uploads\/2021\/08\/logo_vawlt_business.png","contentUrl":"http:\/\/vawlt.io\/wp-content\/uploads\/2021\/08\/logo_vawlt_business.png","width":576,"height":92,"caption":"Vawlt"},"image":{"@id":"https:\/\/site-temp.vawlt.io\/#\/schema\/logo\/image\/"},"sameAs":["https:\/\/www.facebook.com\/vawlt","https:\/\/x.com\/vawltio","https:\/\/www.linkedin.com\/company\/vawlt","https:\/\/www.youtube.com\/channel\/UCYzlYYg7j_07CFi8Be0eAMw"]}]}},"_links":{"self":[{"href":"https:\/\/vawlt.io\/fr\/wp-json\/wp\/v2\/pages\/769","targetHints":{"allow":["GET"]}}],"collection":[{"href":"https:\/\/vawlt.io\/fr\/wp-json\/wp\/v2\/pages"}],"about":[{"href":"https:\/\/vawlt.io\/fr\/wp-json\/wp\/v2\/types\/page"}],"author":[{"embeddable":true,"href":"https:\/\/vawlt.io\/fr\/wp-json\/wp\/v2\/users\/8"}],"replies":[{"embeddable":true,"href":"https:\/\/vawlt.io\/fr\/wp-json\/wp\/v2\/comments?post=769"}],"version-history":[{"count":9,"href":"https:\/\/vawlt.io\/fr\/wp-json\/wp\/v2\/pages\/769\/revisions"}],"predecessor-version":[{"id":4241,"href":"https:\/\/vawlt.io\/fr\/wp-json\/wp\/v2\/pages\/769\/revisions\/4241"}],"wp:attachment":[{"href":"https:\/\/vawlt.io\/fr\/wp-json\/wp\/v2\/media?parent=769"}],"curies":[{"name":"wp","href":"https:\/\/api.w.org\/{rel}","templated":true}]}}