{"id":173,"date":"2021-08-12T09:05:00","date_gmt":"2021-08-12T09:05:00","guid":{"rendered":"http:\/\/vawlt.io\/?page_id=173"},"modified":"2022-05-19T11:05:25","modified_gmt":"2022-05-19T11:05:25","slug":"volume-types","status":"publish","type":"page","link":"https:\/\/vawlt.io\/pt\/produto\/tipos-de-volumes\/","title":{"rendered":"Tipos de Volumes"},"content":{"rendered":"<section class=\"section\" id=\"section_1865483922\">\n\t\t<div class=\"bg section-bg fill bg-fill  bg-loaded\" >\n\n\t\t\t\n\t\t\t\n\t\t\t\n\n\t\t<\/div>\n\n\t\t<div class=\"section-content relative\">\n\t\t\t\n\n<div class=\"row\"  id=\"row-1789951828\">\n\n\n\t<div id=\"col-2008792122\" class=\"col small-12 large-12\"  >\n\t\t\t\t<div class=\"col-inner\"  >\n\t\t\t\n\t\t\t\n\n\t<div id=\"text-2309251793\" class=\"text\">\n\t\t\n\n<h1><strong>Tipos de Volumes<\/strong><\/h1>\n\t\t\n<style>\n#text-2309251793 {\n  font-size: 1.6rem;\n  text-align: center;\n}\n<\/style>\n\t<\/div>\n\t\n\t<div id=\"text-872220621\" class=\"text\">\n\t\t\n\n<p class=\"lead translation-block\">Todos os dados possuem um ciclo de vida. Com isto em mente, cri\u00e1mos v\u00e1rios <strong>tipos de volumes<\/strong> de acordo com diferentes utiliza\u00e7\u00f5es e necessidades: <strong>Hot<\/strong>, <strong>Warm<\/strong>, <strong>Immutable<\/strong> e <strong>Archival<\/strong>. Tamb\u00e9m poder\u00e1 definir outras propriedades, como a <strong>capacidade de armazenamento<\/strong>, <strong>quota de download<\/strong>, <strong>interfaces<\/strong> e <strong>pol\u00edticas de reten\u00e7\u00e3o de dados<\/strong>. Poder\u00e1 at\u00e9 mesmo escolher os fornecedores de cloud por <strong>marca<\/strong> ou <strong>localiza\u00e7\u00e3o geogr\u00e1fica<\/strong>.<\/p>\n\t\t\n<style>\n#text-872220621 {\n  font-size: 0.75rem;\n  text-align: center;\n}\n<\/style>\n\t<\/div>\n\t\n\n\t\t<\/div>\n\t\t\t\t\n<style>\n#col-2008792122 > .col-inner {\n  padding: 50px 0px 0px 0px;\n}\n@media (min-width:850px) {\n  #col-2008792122 > .col-inner {\n    padding: 80px 0px 0px 0px;\n  }\n}\n<\/style>\n\t<\/div>\n\n\t\n\n<\/div>\n\n\t\t<\/div>\n\n\t\t\n<style>\n#section_1865483922 {\n  padding-top: 0px;\n  padding-bottom: 0px;\n}\n<\/style>\n\t<\/section>\n\t\n<span class=\"scroll-to\" data-label=\"Scroll to: #hot\" data-bullet=\"false\" data-link=\"#hot\" data-title=\"Hot\"><a name=\"hot\"><\/a><\/span>\n\n\t<section class=\"section\" id=\"section_1314940022\">\n\t\t<div class=\"bg section-bg fill bg-fill  bg-loaded\" >\n\n\t\t\t\n\t\t\t\n\t\t\t\n\n\t\t<\/div>\n\n\t\t<div class=\"section-content relative\">\n\t\t\t\n\n<div class=\"row align-middle\"  id=\"row-1908435818\">\n\n\n\t<div id=\"col-163467229\" class=\"col medium-6 small-12 large-6\"  >\n\t\t\t\t<div class=\"col-inner text-left\"  >\n\t\t\t\n\t\t\t\n\n<h2><strong>Volumes Hot<\/strong><\/h2>\n<p class=\"translation-block\">Optimizado para <strong>armazenamento e partilha recorrente<\/strong> (com m\u00faltiplas escritas, elimina\u00e7\u00f5es e downloads). Permite <strong>controlo de vers\u00e3o<\/strong> e tem um tempo de download (para dados que n\u00e3o est\u00e3o em cache no dispositivo) na ordem de milissegundos para o primeiro byte (TTFB).<\/p>\n<h4>Exemplos de Utiliza\u00e7\u00e3o<\/h4>\n<ul>\n<li>Ficheiros de equipa;<\/li>\n<li>Processos legais em aberto;<\/li>\n<li>Contabilidade do ano presente.<\/li>\n<\/ul>\n<a href=\"https:\/\/platform.vawlt.io\/login\" target=\"_self\" class=\"button primary\"  style=\"border-radius:5px;\">\n    <span>Crie um Volume Hot<\/span>\n  <\/a>\n\n\n\n\t\t<\/div>\n\t\t\t\t\n<style>\n#col-163467229 > .col-inner {\n  padding: 0px 20px 0px 20px;\n}\n@media (min-width:550px) {\n  #col-163467229 > .col-inner {\n    padding: 0px 0px 0px 20px;\n  }\n}\n<\/style>\n\t<\/div>\n\n\t\n\n\t<div id=\"col-1794664194\" class=\"col medium-6 small-6 large-6 small-col-first\"  >\n\t\t\t\t<div class=\"col-inner text-center\"  >\n\t\t\t\n\t\t\t\n\n\t<div class=\"img has-hover x md-x lg-x y md-y lg-y\" id=\"image_903920576\">\n\t\t\t\t<div data-parallax-fade=\"true\" data-parallax=\"1\">\t\t\t\t<div class=\"img-inner dark\" >\n\t\t\t<img loading=\"lazy\" decoding=\"async\" width=\"1\" height=\"1\" src=\"https:\/\/vawlt.io\/wp-content\/uploads\/2021\/08\/solution01.svg\" class=\"attachment-large size-large\" alt=\"\" \/>\t\t\t\t\t\t\n\t\t\t\t\t<\/div>\n\t\t\t\t<\/div>\t\t\t\t\n<style>\n#image_903920576 {\n  width: 60%;\n}\n<\/style>\n\t<\/div>\n\t\n\n\n\t\t<\/div>\n\t\t\t\t\n<style>\n#col-1794664194 > .col-inner {\n  margin: 0px 0px 0px -10px;\n}\n<\/style>\n\t<\/div>\n\n\t\n\n<\/div>\n\n\t\t<\/div>\n\n\t\t\n<style>\n#section_1314940022 {\n  padding-top: 50px;\n  padding-bottom: 50px;\n  background-color: rgb(248, 250, 250);\n}\n@media (min-width:850px) {\n  #section_1314940022 {\n    padding-top: 80px;\n    padding-bottom: 80px;\n  }\n}\n<\/style>\n\t<\/section>\n\t\n<span class=\"scroll-to\" data-label=\"Scroll to: #warm\" data-bullet=\"false\" data-link=\"#warm\" data-title=\"Warm\"><a name=\"warm\"><\/a><\/span>\n\n\t<section class=\"section\" id=\"section_967766778\">\n\t\t<div class=\"bg section-bg fill bg-fill  bg-loaded\" >\n\n\t\t\t\n\t\t\t\n\t\t\t\n\n\t\t<\/div>\n\n\t\t<div class=\"section-content relative\">\n\t\t\t\n\n<div class=\"row align-middle\"  id=\"row-798794763\">\n\n\n\t<div id=\"col-78766167\" class=\"col medium-6 small-6 large-6 small-col-first\"  >\n\t\t\t\t<div class=\"col-inner text-center\"  >\n\t\t\t\n\t\t\t\n\n\t<div class=\"img has-hover x md-x lg-x y md-y lg-y\" id=\"image_1313694416\">\n\t\t\t\t<div data-parallax-fade=\"true\" data-parallax=\"1\">\t\t\t\t<div class=\"img-inner dark\" >\n\t\t\t<img loading=\"lazy\" decoding=\"async\" width=\"1\" height=\"1\" src=\"https:\/\/vawlt.io\/wp-content\/uploads\/2021\/10\/solution04.svg\" class=\"attachment-large size-large\" alt=\"\" \/>\t\t\t\t\t\t\n\t\t\t\t\t<\/div>\n\t\t\t\t<\/div>\t\t\t\t\n<style>\n#image_1313694416 {\n  width: 60%;\n}\n<\/style>\n\t<\/div>\n\t\n\n\n\t\t<\/div>\n\t\t\t\t\n<style>\n#col-78766167 > .col-inner {\n  margin: 0px 0px 0px -10px;\n}\n<\/style>\n\t<\/div>\n\n\t\n\n\t<div id=\"col-365193250\" class=\"col medium-6 small-12 large-6\"  >\n\t\t\t\t<div class=\"col-inner text-left\"  >\n\t\t\t\n\t\t\t\n\n<h2><strong>Volumes Warm<\/strong><\/h2>\n<p class=\"translation-block\">Optimizado para armazenamento de <strong>dados edit\u00e1veis, acedidos com menor frequ\u00eancia<\/strong>. Este volume permite <strong>duas vers\u00f5es temporais por ficheiro<\/strong> e cria uma vers\u00e3o a cada 5 minutos. Este volume \u00e9 ideal para <strong>integra\u00e7\u00e3o com v\u00e1rios servi\u00e7os de backup<\/strong>, tais como Veeam, Arcserve, NetBackup, ou RMAN. Quaisquer dados armazenados neste Tipo de Volume possuem uma dura\u00e7\u00e3o m\u00ednima de 30 dias de armazenamento, o que significa que a Vawlt s\u00f3 libertar\u00e1 o espa\u00e7o ocupado pelos dados ap\u00f3s esse per\u00edodo, mesmo que os dados sejam apagados antes disso. O tempo de download (para dados que n\u00e3o est\u00e3o em cache no dispositivo) na ordem de milissegundos para o primeiro byte (TTFB).<\/p>\n<h4>Exemplos de Utiliza\u00e7\u00e3o<\/h4>\n<ul>\n<li>Backups offsite;<\/li>\n<li>Recupera\u00e7\u00e3o de desastres.<\/li>\n<\/ul>\n<a href=\"https:\/\/platform.vawlt.io\/login\" target=\"_self\" class=\"button primary\"  style=\"border-radius:5px;\">\n    <span>Crie um Volume Warm<\/span>\n  <\/a>\n\n\n\n\t\t<\/div>\n\t\t\t\t\n<style>\n#col-365193250 > .col-inner {\n  padding: 0px 20px 0px 20px;\n}\n@media (min-width:550px) {\n  #col-365193250 > .col-inner {\n    padding: 0px 20px 0px 0px;\n  }\n}\n<\/style>\n\t<\/div>\n\n\t\n\n<\/div>\n\n\t\t<\/div>\n\n\t\t\n<style>\n#section_967766778 {\n  padding-top: 50px;\n  padding-bottom: 50px;\n}\n@media (min-width:850px) {\n  #section_967766778 {\n    padding-top: 80px;\n    padding-bottom: 80px;\n  }\n}\n<\/style>\n\t<\/section>\n\t\n<span class=\"scroll-to\" data-label=\"Scroll to: #immutable\" data-bullet=\"false\" data-link=\"#immutable\" data-title=\"Immutable\"><a name=\"immutable\"><\/a><\/span>\n\n\t<section class=\"section\" id=\"section_982874845\">\n\t\t<div class=\"bg section-bg fill bg-fill  bg-loaded\" >\n\n\t\t\t\n\t\t\t\n\t\t\t\n\n\t\t<\/div>\n\n\t\t<div class=\"section-content relative\">\n\t\t\t\n\n<div class=\"row align-middle\"  id=\"row-1751967335\">\n\n\n\t<div id=\"col-376841423\" class=\"col medium-6 small-12 large-6\"  >\n\t\t\t\t<div class=\"col-inner text-left\"  >\n\t\t\t\n\t\t\t\n\n<h2><strong>Volumes Immutable<\/strong><\/h2>\n<p class=\"translation-block\">Optimizado para <strong>dados que n\u00e3o requerem altera\u00e7\u00f5es no armazenamento<\/strong> (dados que s\u00e3o escritos uma vez e descarregados com frequ\u00eancia). Este <strong>bloqueia activamente a edi\u00e7\u00e3o dos dados<\/strong> por qualquer utilizador, tornando-se uma <strong>ferramenta forte para combater ataques de ransomware<\/strong>. Quaisquer dados armazenados neste Tipo de Volume possuem uma dura\u00e7\u00e3o m\u00ednima de 30 dias de armazenamento, o que significa que a Vawlt s\u00f3 libertar\u00e1 o espa\u00e7o ocupado pelos dados ap\u00f3s esse per\u00edodo, mesmo que os dados sejam apagados antes disso. O tempo de download (para dados que n\u00e3o est\u00e3o em cache no dispositivo) na ordem de milissegundos para o primeiro byte (TTFB).<\/p>\n<h4>Exemplos de Utiliza\u00e7\u00e3o<\/h4>\n<ul>\n<li>Registos de chamadas de um call center;<\/li>\n<li>Imagens e registos m\u00e9dicos;<\/li>\n<li>Documentos est\u00e1ticos (por exemplo, contratos assinados).<\/li>\n<\/ul>\n<a href=\"https:\/\/platform.vawlt.io\/login\" target=\"_self\" class=\"button primary\"  style=\"border-radius:5px;\">\n    <span>Crie um Volume Immutable<\/span>\n  <\/a>\n\n\n\n\t\t<\/div>\n\t\t\t\t\n<style>\n#col-376841423 > .col-inner {\n  padding: 0px 20px 0px 20px;\n}\n@media (min-width:550px) {\n  #col-376841423 > .col-inner {\n    padding: 0px 20px 0px 0px;\n  }\n}\n<\/style>\n\t<\/div>\n\n\t\n\n\t<div id=\"col-2007085707\" class=\"col medium-6 small-6 large-6 small-col-first\"  >\n\t\t\t\t<div class=\"col-inner text-center\"  >\n\t\t\t\n\t\t\t\n\n\t<div class=\"img has-hover x md-x lg-x y md-y lg-y\" id=\"image_248809963\">\n\t\t\t\t<div data-parallax-fade=\"true\" data-parallax=\"1\">\t\t\t\t<div class=\"img-inner dark\" >\n\t\t\t<img loading=\"lazy\" decoding=\"async\" width=\"1\" height=\"1\" src=\"https:\/\/vawlt.io\/wp-content\/uploads\/2021\/08\/solution02.svg\" class=\"attachment-large size-large\" alt=\"\" \/>\t\t\t\t\t\t\n\t\t\t\t\t<\/div>\n\t\t\t\t<\/div>\t\t\t\t\n<style>\n#image_248809963 {\n  width: 60%;\n}\n<\/style>\n\t<\/div>\n\t\n\n\n\t\t<\/div>\n\t\t\t\t\n<style>\n#col-2007085707 > .col-inner {\n  margin: 0px 0px 0px -10px;\n}\n<\/style>\n\t<\/div>\n\n\t\n\n<\/div>\n\n\t\t<\/div>\n\n\t\t\n<style>\n#section_982874845 {\n  padding-top: 50px;\n  padding-bottom: 50px;\n  background-color: rgb(248, 250, 250);\n}\n@media (min-width:850px) {\n  #section_982874845 {\n    padding-top: 80px;\n    padding-bottom: 80px;\n  }\n}\n<\/style>\n\t<\/section>\n\t\n<span class=\"scroll-to\" data-label=\"Scroll to: #archival\" data-bullet=\"false\" data-link=\"#archival\" data-title=\"Archival\"><a name=\"archival\"><\/a><\/span>\n\n\t<section class=\"section\" id=\"section_1961368446\">\n\t\t<div class=\"bg section-bg fill bg-fill  bg-loaded\" >\n\n\t\t\t\n\t\t\t\n\t\t\t\n\n\t\t<\/div>\n\n\t\t<div class=\"section-content relative\">\n\t\t\t\n\n<div class=\"row align-middle\"  id=\"row-465100617\">\n\n\n\t<div id=\"col-1855814828\" class=\"col medium-6 small-6 large-6 small-col-first\"  >\n\t\t\t\t<div class=\"col-inner text-center\"  >\n\t\t\t\n\t\t\t\n\n\t<div class=\"img has-hover x md-x lg-x y md-y lg-y\" id=\"image_400945308\">\n\t\t\t\t<div data-parallax-fade=\"true\" data-parallax=\"1\">\t\t\t\t<div class=\"img-inner dark\" >\n\t\t\t<img loading=\"lazy\" decoding=\"async\" width=\"1\" height=\"1\" src=\"https:\/\/vawlt.io\/wp-content\/uploads\/2021\/08\/solution03.svg\" class=\"attachment-large size-large\" alt=\"\" \/>\t\t\t\t\t\t\n\t\t\t\t\t<\/div>\n\t\t\t\t<\/div>\t\t\t\t\n<style>\n#image_400945308 {\n  width: 60%;\n}\n<\/style>\n\t<\/div>\n\t\n\n\n\t\t<\/div>\n\t\t\t\t\n<style>\n#col-1855814828 > .col-inner {\n  margin: 0px 0px 0px -10px;\n}\n<\/style>\n\t<\/div>\n\n\t\n\n\t<div id=\"col-1042152391\" class=\"col medium-6 small-12 large-6\"  >\n\t\t\t\t<div class=\"col-inner text-left\"  >\n\t\t\t\n\t\t\t\n\n<h2><strong>Volumes Archival<\/strong><\/h2>\n<p class=\"translation-block\">Optimizado para dados que s\u00e3o <strong>armazenados por longos per\u00edodos de tempo e raramente lidos<\/strong> (dados que s\u00e3o escritos uma vez e que n\u00e3o necessitam de ser acedidos). Quaisquer dados armazenados neste Tipo de Volume possuem uma dura\u00e7\u00e3o m\u00ednima de 180 dias de armazenamento, o que significa que a Vawlt s\u00f3 libertar\u00e1 o espa\u00e7o ocupado pelos dados ap\u00f3s esse per\u00edodo, mesmo que os dados sejam apagados antes disso. Os dados armazenados neste Tipo de Volume est\u00e3o <strong>offline<\/strong> e, portanto, uma opera\u00e7\u00e3o Fetch dever\u00e1 acontecer antes da leitura dos dados que n\u00e3o estejam em cache no dispositivo. Para esses dados, o tempo de download pode levar at\u00e9 5 horas ap\u00f3s o pedido de Fetch.<\/p>\n<h4>Exemplos de Utiliza\u00e7\u00e3o<\/h4>\n<ul>\n<li>Logs de switches, firewalls, etc;<\/li>\n<li>Processos legais fechados;<\/li>\n<li>Contabilidade de anos anteriores.<\/li>\n<\/ul>\n<a href=\"https:\/\/platform.vawlt.io\/login\" target=\"_self\" class=\"button primary\"  style=\"border-radius:5px;\">\n    <span>Crie um Volume Archival<\/span>\n  <\/a>\n\n\n\n\t\t<\/div>\n\t\t\t\t\n<style>\n#col-1042152391 > .col-inner {\n  padding: 0px 20px 0px 20px;\n}\n@media (min-width:550px) {\n  #col-1042152391 > .col-inner {\n    padding: 0px 0px 0px 20px;\n  }\n}\n<\/style>\n\t<\/div>\n\n\t\n\n<\/div>\n\n\t\t<\/div>\n\n\t\t\n<style>\n#section_1961368446 {\n  padding-top: 50px;\n  padding-bottom: 50px;\n}\n@media (min-width:850px) {\n  #section_1961368446 {\n    padding-top: 80px;\n    padding-bottom: 80px;\n  }\n}\n<\/style>\n\t<\/section>\n\t\n\t<section class=\"section\" id=\"section_826248648\">\n\t\t<div class=\"bg section-bg fill bg-fill  bg-loaded\" >\n\n\t\t\t\n\t\t\t\n\t\t\t\n\n\t\t<\/div>\n\n\t\t<div class=\"section-content relative\">\n\t\t\t\n\n<div class=\"row\"  id=\"row-733091768\">\n\n\n\t<div id=\"col-323582803\" class=\"col small-12 large-12\"  >\n\t\t\t\t<div class=\"col-inner text-center\"  >\n\t\t\t\n\t\t\t\n\n\t<div id=\"text-1783451983\" class=\"text\">\n\t\t\n\n<h2><strong>Uma solu\u00e7\u00e3o \u00fanica para o ciclo de vida dos seus dados<\/strong><\/h2>\n\t\t\n<style>\n#text-1783451983 {\n  font-size: 1.6rem;\n  text-align: center;\n}\n<\/style>\n\t<\/div>\n\t\n\t<div id=\"gap-469345335\" class=\"gap-element clearfix\" style=\"display:block; height:auto;\">\n\t\t\n<style>\n#gap-469345335 {\n  padding-top: 30px;\n}\n<\/style>\n\t<\/div>\n\t\n\n\t<div class=\"img has-hover x md-x lg-x y md-y lg-y\" id=\"image_29198020\">\n\t\t\t\t\t\t\t\t<div class=\"img-inner dark\" >\n\t\t\t<img loading=\"lazy\" decoding=\"async\" width=\"1\" height=\"1\" src=\"https:\/\/vawlt.io\/wp-content\/uploads\/2021\/08\/type_volumes01.svg\" class=\"attachment-large size-large\" alt=\"\" \/>\t\t\t\t\t\t\n\t\t\t\t\t<\/div>\n\t\t\t\t\t\t\t\t\n<style>\n#image_29198020 {\n  width: 100%;\n}\n@media (min-width:550px) {\n  #image_29198020 {\n    width: 80%;\n  }\n}\n<\/style>\n\t<\/div>\n\t\n\n\n\t\t<\/div>\n\t\t\t\t\t<\/div>\n\n\t\n\n<\/div>\n\n\t\t<\/div>\n\n\t\t\n<style>\n#section_826248648 {\n  padding-top: 50px;\n  padding-bottom: 50px;\n  background-color: rgb(244, 247, 249);\n}\n@media (min-width:850px) {\n  #section_826248648 {\n    padding-top: 80px;\n    padding-bottom: 80px;\n  }\n}\n<\/style>\n\t<\/section>\n\t\n\t<section class=\"section\" id=\"section_272627392\">\n\t\t<div class=\"bg section-bg fill bg-fill  bg-loaded\" >\n\n\t\t\t\n\t\t\t\n\t\t\t\n\n\t\t<\/div>\n\n\t\t<div class=\"section-content relative\">\n\t\t\t\n\n<div class=\"row\"  id=\"row-1753981968\">\n\n\n\t<div id=\"col-1869172476\" class=\"col small-12 large-12\"  >\n\t\t\t\t<div class=\"col-inner text-center\"  >\n\t\t\t\n\t\t\t\n\n\t<div id=\"text-3403541962\" class=\"text\">\n\t\t\n\n<h2><strong>Descubra as especifica\u00e7\u00f5es t\u00e9cnicas<\/strong><\/h2>\n\t\t\n<style>\n#text-3403541962 {\n  font-size: 1.6rem;\n  text-align: center;\n}\n<\/style>\n\t<\/div>\n\t\n\n\t\t<\/div>\n\t\t\t\t\t<\/div>\n\n\t\n\n<\/div>\n<div class=\"row\"  id=\"row-1505756632\">\n\n\n\t<div id=\"col-959577481\" class=\"col small-12 large-12\"  >\n\t\t\t\t<div class=\"col-inner\"  >\n\t\t\t\n\t\t\t\n\n\t<div id=\"text-1914117679\" class=\"text\">\n\t\t\n\n<table class=\"compare table table-striped\"><thead class=\"thead-inverse\"><tr><th class=\"w-25\"><\/th><th class=\"\">Hot<\/th><th class=\"\">Warm<\/th><th class=\"\">Immutable<\/th><th class=\"\">Archival<\/th><\/tr><\/thead><tbody><tr><td class=\"w-25 option\">Dura\u00e7\u00e3o m\u00ednima do armazenamento<\/td><td class=\"\">N.A<\/td><td class=\"\">30 dias<\/td><td class=\"\">30 dias<\/td><td class=\"\">180 dias<\/td><\/tr><tr><td class=\"option\">Controlo de vers\u00e3o<\/td><td>Sim<\/td><td>Sim<\/td><td>N\u00e3o<\/td><td>N\u00e3o<\/td><\/tr><tr><td class=\"option\">Tempo de download (primeiro byte)<\/td><td>Milisegundos<\/td><td>Milisegundos<\/td><td>Milisegundos<\/td><td>At\u00e9 5 horas<\/td><\/tr><\/tbody><\/table>\n\t\t\n<style>\n#text-1914117679 {\n  font-size: 0.75rem;\n}\n<\/style>\n\t<\/div>\n\t\n\n\t\t<\/div>\n\t\t\t\t\n<style>\n#col-959577481 > .col-inner {\n  padding: 0px 0px 0px 0px;\n}\n@media (min-width:550px) {\n  #col-959577481 > .col-inner {\n    padding: 0px 20px 0px 20px;\n  }\n}\n<\/style>\n\t<\/div>\n\n\t\n\n<\/div>\n\n\t\t<\/div>\n\n\t\t\n<style>\n#section_272627392 {\n  padding-top: 50px;\n  padding-bottom: 50px;\n  background-color: rgb(255, 255, 255);\n}\n@media (min-width:850px) {\n  #section_272627392 {\n    padding-top: 80px;\n    padding-bottom: 80px;\n  }\n}\n<\/style>\n\t<\/section>\n\t\n\t<section class=\"section\" id=\"section_1346321815\">\n\t\t<div class=\"bg section-bg fill bg-fill  bg-loaded\" >\n\n\t\t\t\n\t\t\t\n\t\t\t\n\n\t\t<\/div>\n\n\t\t<div class=\"section-content relative\">\n\t\t\t\n\n<div class=\"row row-collapse\"  id=\"row-186240579\">\n\n\n\t<div id=\"col-429930982\" class=\"col small-12 large-12\"  >\n\t\t\t\t<div class=\"col-inner text-center\"  >\n\t\t\t\n\t\t\t\n\n\t<div id=\"text-3871824182\" class=\"text\">\n\t\t\n\n<h3><strong>Controlo de Acesso<\/strong><\/h3>\n\t\t\n<style>\n#text-3871824182 {\n  color: rgb(48, 100, 137);\n}\n#text-3871824182 > * {\n  color: rgb(48, 100, 137);\n}\n<\/style>\n\t<\/div>\n\t\n<a href=\"\/pt\/produto\/controlo-de-acesso\/\" target=\"_self\" class=\"button primary is-link\"  >\n    <span>Descobrir Controlo de Acesso<\/span>\n  <i class=\"icon-angle-right\" ><\/i><\/a>\n\n\n\n\t\t<\/div>\n\t\t\t\t\t<\/div>\n\n\t\n\n<\/div>\n\n\t\t<\/div>\n\n\t\t\n<style>\n#section_1346321815 {\n  padding-top: 50px;\n  padding-bottom: 50px;\n  background-color: rgb(244, 247, 249);\n}\n@media (min-width:850px) {\n  #section_1346321815 {\n    padding-top: 80px;\n    padding-bottom: 80px;\n  }\n}\n<\/style>\n\t<\/section>","protected":false},"excerpt":{"rendered":"","protected":false},"author":8,"featured_media":0,"parent":36,"menu_order":2,"comment_status":"closed","ping_status":"closed","template":"page-blank.php","meta":{"footnotes":""},"class_list":["post-173","page","type-page","status-publish","hentry"],"yoast_head":"<!-- This site is optimized with the Yoast SEO plugin v26.2 - https:\/\/yoast.com\/wordpress\/plugins\/seo\/ -->\n<title>Volume Types: Hot, Warm, Immutable, Archival | Multicloud Storage | Vawlt<\/title>\n<meta name=\"description\" content=\"Vawlt adapts to your needs: define storage capacity, download quota, interfaces and retention policies to your data volumes, or by brand and location.\" \/>\n<meta name=\"robots\" content=\"index, follow, max-snippet:-1, max-image-preview:large, max-video-preview:-1\" \/>\n<link rel=\"canonical\" href=\"https:\/\/site-temp.vawlt.io\/product\/volume-types\/\" \/>\n<meta property=\"og:locale\" content=\"pt_PT\" \/>\n<meta property=\"og:type\" content=\"article\" \/>\n<meta property=\"og:title\" content=\"Volume Types: Hot, Warm, Immutable, Archival | Multicloud Storage | Vawlt\" \/>\n<meta property=\"og:description\" content=\"Vawlt adapts to your needs: define storage capacity, download quota, interfaces and retention policies to your data volumes, or by brand and location.\" \/>\n<meta property=\"og:url\" content=\"https:\/\/site-temp.vawlt.io\/product\/volume-types\/\" \/>\n<meta property=\"og:site_name\" content=\"Vawlt\" \/>\n<meta property=\"article:publisher\" content=\"https:\/\/www.facebook.com\/vawlt\" \/>\n<meta property=\"article:modified_time\" content=\"2022-05-19T11:05:25+00:00\" \/>\n<meta property=\"og:image\" content=\"https:\/\/vawlt.io\/wp-content\/uploads\/2021\/09\/mockup.png\" \/>\n\t<meta property=\"og:image:width\" content=\"500\" \/>\n\t<meta property=\"og:image:height\" content=\"256\" \/>\n\t<meta property=\"og:image:type\" content=\"image\/png\" \/>\n<meta name=\"twitter:card\" content=\"summary_large_image\" \/>\n<meta name=\"twitter:site\" content=\"@vawltio\" \/>\n<meta name=\"twitter:label1\" content=\"Tempo estimado de leitura\" \/>\n\t<meta name=\"twitter:data1\" content=\"4 minutos\" \/>\n<!-- \/ Yoast SEO plugin. -->","yoast_head_json":{"title":"Tipos de Volumes: Hot, Warm, Immutable, Archival | Armazenamento Multicloud | Vawlt","description":"A Vawlt adapta-se \u00e0s suas necessidades: defina a capacidade de armazenamento, quota de download, interfaces e pol\u00edticas de reten\u00e7\u00e3o para os seus volumes de dados, ou at\u00e9 por marca ou localiza\u00e7\u00e3o.","robots":{"index":"index","follow":"follow","max-snippet":"max-snippet:-1","max-image-preview":"max-image-preview:large","max-video-preview":"max-video-preview:-1"},"canonical":"https:\/\/site-temp.vawlt.io\/product\/volume-types\/","og_locale":"pt_PT","og_type":"article","og_title":"Volume Types: Hot, Warm, Immutable, Archival | Multicloud Storage | Vawlt","og_description":"Vawlt adapts to your needs: define storage capacity, download quota, interfaces and retention policies to your data volumes, or by brand and location.","og_url":"https:\/\/site-temp.vawlt.io\/product\/volume-types\/","og_site_name":"Vawlt","article_publisher":"https:\/\/www.facebook.com\/vawlt","article_modified_time":"2022-05-19T11:05:25+00:00","og_image":[{"width":500,"height":256,"url":"https:\/\/vawlt.io\/wp-content\/uploads\/2021\/09\/mockup.png","type":"image\/png"}],"twitter_card":"summary_large_image","twitter_site":"@vawltio","twitter_misc":{"Tempo estimado de leitura":"4 minutos"},"schema":{"@context":"https:\/\/schema.org","@graph":[{"@type":"WebPage","@id":"https:\/\/site-temp.vawlt.io\/product\/volume-types\/","url":"https:\/\/site-temp.vawlt.io\/product\/volume-types\/","name":"Tipos de Volumes: Hot, Warm, Immutable, Archival | Armazenamento Multicloud | Vawlt","isPartOf":{"@id":"https:\/\/site-temp.vawlt.io\/#website"},"datePublished":"2021-08-12T09:05:00+00:00","dateModified":"2022-05-19T11:05:25+00:00","description":"A Vawlt adapta-se \u00e0s suas necessidades: defina a capacidade de armazenamento, quota de download, interfaces e pol\u00edticas de reten\u00e7\u00e3o para os seus volumes de dados, ou at\u00e9 por marca ou localiza\u00e7\u00e3o.","breadcrumb":{"@id":"https:\/\/site-temp.vawlt.io\/product\/volume-types\/#breadcrumb"},"inLanguage":"pt-PT","potentialAction":[{"@type":"ReadAction","target":["https:\/\/site-temp.vawlt.io\/product\/volume-types\/"]}]},{"@type":"BreadcrumbList","@id":"https:\/\/site-temp.vawlt.io\/product\/volume-types\/#breadcrumb","itemListElement":[{"@type":"ListItem","position":1,"name":"Home","item":"https:\/\/vawlt.io\/"},{"@type":"ListItem","position":2,"name":"Product","item":"https:\/\/site-temp.vawlt.io\/product\/"},{"@type":"ListItem","position":3,"name":"Volume Types"}]},{"@type":"WebSite","@id":"https:\/\/site-temp.vawlt.io\/#website","url":"https:\/\/site-temp.vawlt.io\/","name":"Vawlt","description":"Servi\u00e7o de armazenamento de dados em ambiente multicloud que simplifica a transi\u00e7\u00e3o para a cloud, melhora padr\u00f5es de seguran\u00e7a e otimiza o uso de recursos de armazenamento.","publisher":{"@id":"https:\/\/site-temp.vawlt.io\/#organization"},"potentialAction":[{"@type":"SearchAction","target":{"@type":"EntryPoint","urlTemplate":"https:\/\/site-temp.vawlt.io\/?s={search_term_string}"},"query-input":{"@type":"PropertyValueSpecification","valueRequired":true,"valueName":"search_term_string"}}],"inLanguage":"pt-PT"},{"@type":"Organization","@id":"https:\/\/site-temp.vawlt.io\/#organization","name":"Vawlt","url":"https:\/\/site-temp.vawlt.io\/","logo":{"@type":"ImageObject","inLanguage":"pt-PT","@id":"https:\/\/site-temp.vawlt.io\/#\/schema\/logo\/image\/","url":"http:\/\/vawlt.io\/wp-content\/uploads\/2021\/08\/logo_vawlt_business.png","contentUrl":"http:\/\/vawlt.io\/wp-content\/uploads\/2021\/08\/logo_vawlt_business.png","width":576,"height":92,"caption":"Vawlt"},"image":{"@id":"https:\/\/site-temp.vawlt.io\/#\/schema\/logo\/image\/"},"sameAs":["https:\/\/www.facebook.com\/vawlt","https:\/\/x.com\/vawltio","https:\/\/www.linkedin.com\/company\/vawlt","https:\/\/www.youtube.com\/channel\/UCYzlYYg7j_07CFi8Be0eAMw"]}]}},"_links":{"self":[{"href":"https:\/\/vawlt.io\/pt\/wp-json\/wp\/v2\/pages\/173","targetHints":{"allow":["GET"]}}],"collection":[{"href":"https:\/\/vawlt.io\/pt\/wp-json\/wp\/v2\/pages"}],"about":[{"href":"https:\/\/vawlt.io\/pt\/wp-json\/wp\/v2\/types\/page"}],"author":[{"embeddable":true,"href":"https:\/\/vawlt.io\/pt\/wp-json\/wp\/v2\/users\/8"}],"replies":[{"embeddable":true,"href":"https:\/\/vawlt.io\/pt\/wp-json\/wp\/v2\/comments?post=173"}],"version-history":[{"count":45,"href":"https:\/\/vawlt.io\/pt\/wp-json\/wp\/v2\/pages\/173\/revisions"}],"predecessor-version":[{"id":5629,"href":"https:\/\/vawlt.io\/pt\/wp-json\/wp\/v2\/pages\/173\/revisions\/5629"}],"up":[{"embeddable":true,"href":"https:\/\/vawlt.io\/pt\/wp-json\/wp\/v2\/pages\/36"}],"wp:attachment":[{"href":"https:\/\/vawlt.io\/pt\/wp-json\/wp\/v2\/media?parent=173"}],"curies":[{"name":"wp","href":"https:\/\/api.w.org\/{rel}","templated":true}]}}