{"id":272,"date":"2021-08-12T12:57:39","date_gmt":"2021-08-12T12:57:39","guid":{"rendered":"http:\/\/vawlt.io\/?page_id=272"},"modified":"2022-03-04T17:17:57","modified_gmt":"2022-03-04T17:17:57","slug":"trace-and-audit","status":"publish","type":"page","link":"https:\/\/vawlt.io\/pt\/produto\/rastreio-e-auditoria\/","title":{"rendered":"Rastreio e Auditoria"},"content":{"rendered":"<section class=\"section\" id=\"section_1928284128\">\n\t\t<div class=\"bg section-bg fill bg-fill  bg-loaded\" >\n\n\t\t\t\n\t\t\t\n\t\t\t\n\n\t\t<\/div>\n\n\t\t<div class=\"section-content relative\">\n\t\t\t\n\n<div class=\"row\"  id=\"row-1296672780\">\n\n\n\t<div id=\"col-116205161\" class=\"col small-12 large-12\"  >\n\t\t\t\t<div class=\"col-inner\"  >\n\t\t\t\n\t\t\t\n\n\t<div id=\"text-3933306366\" class=\"text\">\n\t\t\n\n<h1><strong>Rastreio e Auditoria<\/strong><\/h1>\n\t\t\n<style>\n#text-3933306366 {\n  font-size: 1.6rem;\n  text-align: center;\n}\n<\/style>\n\t<\/div>\n\t\n\t<div id=\"text-583646921\" class=\"text\">\n\t\t\n\n<p class=\"lead translation-block\">A Vawlt mant\u00e9m-no <strong>informado<\/strong> sobre a actividade na sua conta, registando sempre a actividade dos utilizadores.\u00a0<strong>Mantenha-se a par da sua utiliza\u00e7\u00e3o, quotas e informa\u00e7\u00f5es de volume<\/strong> com uma interface muito conveniente. Uma solu\u00e7\u00e3o constru\u00edda com a simplicidade em mente.<\/p>\n\t\t\n<style>\n#text-583646921 {\n  font-size: 0.75rem;\n  text-align: center;\n}\n<\/style>\n\t<\/div>\n\t\n\n\t\t<\/div>\n\t\t\t\t\n<style>\n#col-116205161 > .col-inner {\n  padding: 50px 20px 0px 20px;\n}\n@media (min-width:550px) {\n  #col-116205161 > .col-inner {\n    padding: 50px 0px 0px 0px;\n  }\n}\n@media (min-width:850px) {\n  #col-116205161 > .col-inner {\n    padding: 80px 0px 0px 0px;\n  }\n}\n<\/style>\n\t<\/div>\n\n\t\n\n<\/div>\n\n\t\t<\/div>\n\n\t\t\n<style>\n#section_1928284128 {\n  padding-top: 0px;\n  padding-bottom: 0px;\n}\n<\/style>\n\t<\/section>\n\t\n\t<section class=\"section\" id=\"section_134482713\">\n\t\t<div class=\"bg section-bg fill bg-fill  bg-loaded\" >\n\n\t\t\t\n\t\t\t\n\t\t\t\n\n\t\t<\/div>\n\n\t\t<div class=\"section-content relative\">\n\t\t\t\n\n<div class=\"row\"  id=\"row-1833969541\">\n\n\n\t<div id=\"col-715439198\" class=\"col medium-6 small-12 large-6\"  >\n\t\t\t\t<div class=\"col-inner\"  >\n\t\t\t\n\t\t\t\n\n<h2><strong>Esteja a par das suas m\u00e9tricas<\/strong><\/h2>\n<p>Obtenha toda a informa\u00e7\u00e3o de que necessita ao iniciar a sess\u00e3o: quantos volumes e utilizadores s\u00e3o criados, as suas quotas mensais de utiliza\u00e7\u00e3o e factura\u00e7\u00e3o. Com a Vawlt, pode simplificar a sua vida di\u00e1ria ao obter uma \u00fanica factura para todos os volumes e com todos os fornecedores inclu\u00eddos.<\/p>\n\n\t\t<\/div>\n\t\t\t\t\n<style>\n#col-715439198 > .col-inner {\n  padding: 0px 20px 0px 20px;\n}\n@media (min-width:550px) {\n  #col-715439198 > .col-inner {\n    padding: 0px 0px 0px 20px;\n  }\n}\n<\/style>\n\t<\/div>\n\n\t\n\n\t<div id=\"col-569042626\" class=\"col medium-6 small-12 large-6 small-col-first\"  >\n\t\t\t\t<div class=\"col-inner\"  >\n\t\t\t\n\t\t\t\n\n\t<div class=\"img has-hover x md-x lg-x y md-y lg-y\" id=\"image_881528688\">\n\t\t\t\t\t\t\t\t<div class=\"img-inner dark\" >\n\t\t\t<img loading=\"lazy\" decoding=\"async\" width=\"1\" height=\"1\" src=\"https:\/\/vawlt.io\/wp-content\/uploads\/2021\/08\/features_metrics.svg\" class=\"attachment-large size-large\" alt=\"\" \/>\t\t\t\t\t\t\n\t\t\t\t\t<\/div>\n\t\t\t\t\t\t\t\t\n<style>\n#image_881528688 {\n  width: 100%;\n}\n<\/style>\n\t<\/div>\n\t\n\n\n\t\t<\/div>\n\t\t\t\t\n<style>\n#col-569042626 > .col-inner {\n  padding: 0px 20px 0px 20px;\n}\n@media (min-width:550px) {\n  #col-569042626 > .col-inner {\n    padding: 0px 20px 0px 0px;\n  }\n}\n<\/style>\n\t<\/div>\n\n\t\n\n<\/div>\n\n\t\t<\/div>\n\n\t\t\n<style>\n#section_134482713 {\n  padding-top: 50px;\n  padding-bottom: 50px;\n  background-color: rgb(248, 249, 250);\n}\n@media (min-width:550px) {\n  #section_134482713 {\n    padding-top: 50px;\n    padding-bottom: 50px;\n  }\n}\n@media (min-width:850px) {\n  #section_134482713 {\n    padding-top: 80px;\n    padding-bottom: 80px;\n  }\n}\n<\/style>\n\t<\/section>\n\t\n\t<section class=\"section\" id=\"section_39471680\">\n\t\t<div class=\"bg section-bg fill bg-fill  bg-loaded\" >\n\n\t\t\t\n\t\t\t\n\t\t\t\n\n\t\t<\/div>\n\n\t\t<div class=\"section-content relative\">\n\t\t\t\n\n<div class=\"row row-large\"  id=\"row-348296372\">\n\n\n\t<div id=\"col-1975713204\" class=\"col medium-6 small-12 large-6 small-col-first\"  >\n\t\t\t\t<div class=\"col-inner\"  >\n\t\t\t\n\t\t\t\n\n\t<div class=\"img has-hover x md-x lg-x y md-y lg-y\" id=\"image_1438339310\">\n\t\t\t\t\t\t\t\t<div class=\"img-inner dark\" >\n\t\t\t<img loading=\"lazy\" decoding=\"async\" width=\"1\" height=\"1\" src=\"https:\/\/vawlt.io\/wp-content\/uploads\/2021\/08\/recorded_logs.svg\" class=\"attachment-large size-large\" alt=\"\" \/>\t\t\t\t\t\t\n\t\t\t\t\t<\/div>\n\t\t\t\t\t\t\t\t\n<style>\n#image_1438339310 {\n  width: 100%;\n}\n<\/style>\n\t<\/div>\n\t\n\n\n\t\t<\/div>\n\t\t\t\t\n<style>\n#col-1975713204 > .col-inner {\n  padding: 0px 20px 0px 20px;\n}\n@media (min-width:550px) {\n  #col-1975713204 > .col-inner {\n    padding: 0px 0px 0px 20px;\n  }\n}\n<\/style>\n\t<\/div>\n\n\t\n\n\t<div id=\"col-1067993054\" class=\"col medium-6 small-12 large-6\"  >\n\t\t\t\t<div class=\"col-inner text-left\"  >\n\t\t\t\n\t\t\t\n\n<h2><strong>Todas as ac\u00e7\u00f5es s\u00e3o registadas<\/strong><\/h2>\n<p>A Dynamic Storage Platform regista cada ac\u00e7\u00e3o do utilizador. Desde os logins e logouts dos utilizadores at\u00e9 \u00e0 cria\u00e7\u00e3o, gest\u00e3o e elimina\u00e7\u00e3o de utilizadores e volumes, \u00e9 poss\u00edvel acompanhar cada ac\u00e7\u00e3o na plataforma.<\/p>\n\n\t\t<\/div>\n\t\t\t\t\n<style>\n#col-1067993054 > .col-inner {\n  padding: 0px 20px 0px 20px;\n}\n@media (min-width:550px) {\n  #col-1067993054 > .col-inner {\n    padding: 0px 20px 0px 0px;\n  }\n}\n<\/style>\n\t<\/div>\n\n\t\n\n<\/div>\n\n\t\t<\/div>\n\n\t\t\n<style>\n#section_39471680 {\n  padding-top: 50px;\n  padding-bottom: 50px;\n}\n@media (min-width:550px) {\n  #section_39471680 {\n    padding-top: 50px;\n    padding-bottom: 50px;\n  }\n}\n@media (min-width:850px) {\n  #section_39471680 {\n    padding-top: 80px;\n    padding-bottom: 80px;\n  }\n}\n<\/style>\n\t<\/section>\n\t\n\t<section class=\"section\" id=\"section_1686571508\">\n\t\t<div class=\"bg section-bg fill bg-fill  bg-loaded\" >\n\n\t\t\t\n\t\t\t\n\t\t\t\n\n\t\t<\/div>\n\n\t\t<div class=\"section-content relative\">\n\t\t\t\n\n<div class=\"row row-large\"  id=\"row-405358118\">\n\n\n\t<div id=\"col-242079841\" class=\"col medium-6 small-12 large-6\"  >\n\t\t\t\t<div class=\"col-inner text-left\"  >\n\t\t\t\n\t\t\t\n\n<h2><strong>Verificar as implementa\u00e7\u00f5es do agente de software<\/strong><\/h2>\n<p>Aqui pode verificar os dispositivos ligados \u00e0 Dynamic Storage Platform atrav\u00e9s do agente de software. Pode verificar o nome do dispositivo, o sistema operativo, o IP, o e-mail do utilizador, a \u00faltima actividade e o n\u00famero de volumes.<\/p>\n\n\t\t<\/div>\n\t\t\t\t\n<style>\n#col-242079841 > .col-inner {\n  padding: 0px 20px 0px 20px;\n}\n@media (min-width:550px) {\n  #col-242079841 > .col-inner {\n    padding: 0px 0px 0px 20px;\n  }\n}\n<\/style>\n\t<\/div>\n\n\t\n\n\t<div id=\"col-142027466\" class=\"col medium-6 small-12 large-6 small-col-first\"  >\n\t\t\t\t<div class=\"col-inner\"  >\n\t\t\t\n\t\t\t\n\n\t<div class=\"img has-hover x md-x lg-x y md-y lg-y\" id=\"image_489664556\">\n\t\t\t\t\t\t\t\t<div class=\"img-inner dark\" >\n\t\t\t<img loading=\"lazy\" decoding=\"async\" width=\"1\" height=\"1\" src=\"https:\/\/vawlt.io\/wp-content\/uploads\/2021\/08\/recorded_deploy.svg\" class=\"attachment-large size-large\" alt=\"\" \/>\t\t\t\t\t\t\n\t\t\t\t\t<\/div>\n\t\t\t\t\t\t\t\t\n<style>\n#image_489664556 {\n  width: 100%;\n}\n<\/style>\n\t<\/div>\n\t\n\n\n\t\t<\/div>\n\t\t\t\t\n<style>\n#col-142027466 > .col-inner {\n  padding: 0px 20px 0px 20px;\n}\n@media (min-width:550px) {\n  #col-142027466 > .col-inner {\n    padding: 0px 20px 0px 0px;\n  }\n}\n<\/style>\n\t<\/div>\n\n\t\n\n<\/div>\n\n\t\t<\/div>\n\n\t\t\n<style>\n#section_1686571508 {\n  padding-top: 50px;\n  padding-bottom: 50px;\n  background-color: rgb(248, 249, 250);\n}\n@media (min-width:550px) {\n  #section_1686571508 {\n    padding-top: 50px;\n    padding-bottom: 50px;\n  }\n}\n@media (min-width:850px) {\n  #section_1686571508 {\n    padding-top: 80px;\n    padding-bottom: 80px;\n  }\n}\n<\/style>\n\t<\/section>\n\t\n\t<section class=\"section\" id=\"section_1773572034\">\n\t\t<div class=\"bg section-bg fill bg-fill  bg-loaded\" >\n\n\t\t\t\n\t\t\t\n\t\t\t\n\n\t\t<\/div>\n\n\t\t<div class=\"section-content relative\">\n\t\t\t\n\n<div class=\"row row-collapse\"  id=\"row-743439598\">\n\n\n\t<div id=\"col-522550707\" class=\"col small-12 large-12\"  >\n\t\t\t\t<div class=\"col-inner text-center\"  >\n\t\t\t\n\t\t\t\n\n<h3><strong>Interfaces de Armazenamento<\/strong><\/h3>\n<a href=\"\/pt\/produto\/interfaces-de-armazenamento\/\" target=\"_self\" class=\"button primary is-link\"  >\n    <span>Descobrir Interfaces de Armazenamento<\/span>\n  <i class=\"icon-angle-right\" ><\/i><\/a>\n\n\n\n\t\t<\/div>\n\t\t\t\t\t<\/div>\n\n\t\n\n<\/div>\n\n\t\t<\/div>\n\n\t\t\n<style>\n#section_1773572034 {\n  padding-top: 50px;\n  padding-bottom: 50px;\n}\n@media (min-width:550px) {\n  #section_1773572034 {\n    padding-top: 50px;\n    padding-bottom: 50px;\n  }\n}\n@media (min-width:850px) {\n  #section_1773572034 {\n    padding-top: 80px;\n    padding-bottom: 80px;\n  }\n}\n<\/style>\n\t<\/section>","protected":false},"excerpt":{"rendered":"","protected":false},"author":8,"featured_media":0,"parent":36,"menu_order":4,"comment_status":"closed","ping_status":"closed","template":"page-blank.php","meta":{"footnotes":""},"class_list":["post-272","page","type-page","status-publish","hentry"],"yoast_head":"<!-- This site is optimized with the Yoast SEO plugin v26.2 - https:\/\/yoast.com\/wordpress\/plugins\/seo\/ -->\n<title>Trace And Audit | Metrics On-Demand | Multicloud Storage | Vawlt<\/title>\n<meta name=\"description\" content=\"Stay on track of your usage, quotas and volume information with a very convenient interface. A solution built with simplicity in mind.\" \/>\n<meta name=\"robots\" content=\"index, follow, max-snippet:-1, max-image-preview:large, max-video-preview:-1\" \/>\n<link rel=\"canonical\" href=\"https:\/\/site-temp.vawlt.io\/product\/trace-and-audit\/\" \/>\n<meta property=\"og:locale\" content=\"pt_PT\" \/>\n<meta property=\"og:type\" content=\"article\" \/>\n<meta property=\"og:title\" content=\"Trace And Audit | Metrics On-Demand | Multicloud Storage | Vawlt\" \/>\n<meta property=\"og:description\" content=\"Stay on track of your usage, quotas and volume information with a very convenient interface. A solution built with simplicity in mind.\" \/>\n<meta property=\"og:url\" content=\"https:\/\/site-temp.vawlt.io\/product\/trace-and-audit\/\" \/>\n<meta property=\"og:site_name\" content=\"Vawlt\" \/>\n<meta property=\"article:publisher\" content=\"https:\/\/www.facebook.com\/vawlt\" \/>\n<meta property=\"article:modified_time\" content=\"2022-03-04T17:17:57+00:00\" \/>\n<meta property=\"og:image\" content=\"https:\/\/vawlt.io\/wp-content\/uploads\/2021\/09\/mockup.png\" \/>\n\t<meta property=\"og:image:width\" content=\"500\" \/>\n\t<meta property=\"og:image:height\" content=\"256\" \/>\n\t<meta property=\"og:image:type\" content=\"image\/png\" \/>\n<meta name=\"twitter:card\" content=\"summary_large_image\" \/>\n<meta name=\"twitter:site\" content=\"@vawltio\" \/>\n<meta name=\"twitter:label1\" content=\"Tempo estimado de leitura\" \/>\n\t<meta name=\"twitter:data1\" content=\"2 minutos\" \/>\n<!-- \/ Yoast SEO plugin. -->","yoast_head_json":{"title":"Rastreio e Auditoria | M\u00e9tricas On-Demand | Armazenamento Multicloud | Vawlt","description":"Mantenha-se a par da sua utiliza\u00e7\u00e3o, quotas e informa\u00e7\u00f5es de volume com uma interface muito conveniente. Uma solu\u00e7\u00e3o constru\u00edda com a simplicidade em mente.","robots":{"index":"index","follow":"follow","max-snippet":"max-snippet:-1","max-image-preview":"max-image-preview:large","max-video-preview":"max-video-preview:-1"},"canonical":"https:\/\/site-temp.vawlt.io\/product\/trace-and-audit\/","og_locale":"pt_PT","og_type":"article","og_title":"Trace And Audit | Metrics On-Demand | Multicloud Storage | Vawlt","og_description":"Stay on track of your usage, quotas and volume information with a very convenient interface. A solution built with simplicity in mind.","og_url":"https:\/\/site-temp.vawlt.io\/product\/trace-and-audit\/","og_site_name":"Vawlt","article_publisher":"https:\/\/www.facebook.com\/vawlt","article_modified_time":"2022-03-04T17:17:57+00:00","og_image":[{"width":500,"height":256,"url":"https:\/\/vawlt.io\/wp-content\/uploads\/2021\/09\/mockup.png","type":"image\/png"}],"twitter_card":"summary_large_image","twitter_site":"@vawltio","twitter_misc":{"Tempo estimado de leitura":"2 minutos"},"schema":{"@context":"https:\/\/schema.org","@graph":[{"@type":"WebPage","@id":"https:\/\/site-temp.vawlt.io\/product\/trace-and-audit\/","url":"https:\/\/site-temp.vawlt.io\/product\/trace-and-audit\/","name":"Rastreio e Auditoria | M\u00e9tricas On-Demand | Armazenamento Multicloud | Vawlt","isPartOf":{"@id":"https:\/\/site-temp.vawlt.io\/#website"},"datePublished":"2021-08-12T12:57:39+00:00","dateModified":"2022-03-04T17:17:57+00:00","description":"Mantenha-se a par da sua utiliza\u00e7\u00e3o, quotas e informa\u00e7\u00f5es de volume com uma interface muito conveniente. Uma solu\u00e7\u00e3o constru\u00edda com a simplicidade em mente.","breadcrumb":{"@id":"https:\/\/site-temp.vawlt.io\/product\/trace-and-audit\/#breadcrumb"},"inLanguage":"pt-PT","potentialAction":[{"@type":"ReadAction","target":["https:\/\/site-temp.vawlt.io\/product\/trace-and-audit\/"]}]},{"@type":"BreadcrumbList","@id":"https:\/\/site-temp.vawlt.io\/product\/trace-and-audit\/#breadcrumb","itemListElement":[{"@type":"ListItem","position":1,"name":"Home","item":"https:\/\/vawlt.io\/"},{"@type":"ListItem","position":2,"name":"Product","item":"https:\/\/site-temp.vawlt.io\/product\/"},{"@type":"ListItem","position":3,"name":"Trace and Audit"}]},{"@type":"WebSite","@id":"https:\/\/site-temp.vawlt.io\/#website","url":"https:\/\/site-temp.vawlt.io\/","name":"Vawlt","description":"Servi\u00e7o de armazenamento de dados em ambiente multicloud que simplifica a transi\u00e7\u00e3o para a cloud, melhora padr\u00f5es de seguran\u00e7a e otimiza o uso de recursos de armazenamento.","publisher":{"@id":"https:\/\/site-temp.vawlt.io\/#organization"},"potentialAction":[{"@type":"SearchAction","target":{"@type":"EntryPoint","urlTemplate":"https:\/\/site-temp.vawlt.io\/?s={search_term_string}"},"query-input":{"@type":"PropertyValueSpecification","valueRequired":true,"valueName":"search_term_string"}}],"inLanguage":"pt-PT"},{"@type":"Organization","@id":"https:\/\/site-temp.vawlt.io\/#organization","name":"Vawlt","url":"https:\/\/site-temp.vawlt.io\/","logo":{"@type":"ImageObject","inLanguage":"pt-PT","@id":"https:\/\/site-temp.vawlt.io\/#\/schema\/logo\/image\/","url":"http:\/\/vawlt.io\/wp-content\/uploads\/2021\/08\/logo_vawlt_business.png","contentUrl":"http:\/\/vawlt.io\/wp-content\/uploads\/2021\/08\/logo_vawlt_business.png","width":576,"height":92,"caption":"Vawlt"},"image":{"@id":"https:\/\/site-temp.vawlt.io\/#\/schema\/logo\/image\/"},"sameAs":["https:\/\/www.facebook.com\/vawlt","https:\/\/x.com\/vawltio","https:\/\/www.linkedin.com\/company\/vawlt","https:\/\/www.youtube.com\/channel\/UCYzlYYg7j_07CFi8Be0eAMw"]}]}},"_links":{"self":[{"href":"https:\/\/vawlt.io\/pt\/wp-json\/wp\/v2\/pages\/272","targetHints":{"allow":["GET"]}}],"collection":[{"href":"https:\/\/vawlt.io\/pt\/wp-json\/wp\/v2\/pages"}],"about":[{"href":"https:\/\/vawlt.io\/pt\/wp-json\/wp\/v2\/types\/page"}],"author":[{"embeddable":true,"href":"https:\/\/vawlt.io\/pt\/wp-json\/wp\/v2\/users\/8"}],"replies":[{"embeddable":true,"href":"https:\/\/vawlt.io\/pt\/wp-json\/wp\/v2\/comments?post=272"}],"version-history":[{"count":16,"href":"https:\/\/vawlt.io\/pt\/wp-json\/wp\/v2\/pages\/272\/revisions"}],"predecessor-version":[{"id":1731,"href":"https:\/\/vawlt.io\/pt\/wp-json\/wp\/v2\/pages\/272\/revisions\/1731"}],"up":[{"embeddable":true,"href":"https:\/\/vawlt.io\/pt\/wp-json\/wp\/v2\/pages\/36"}],"wp:attachment":[{"href":"https:\/\/vawlt.io\/pt\/wp-json\/wp\/v2\/media?parent=272"}],"curies":[{"name":"wp","href":"https:\/\/api.w.org\/{rel}","templated":true}]}}