{"id":510,"date":"2021-08-13T10:26:06","date_gmt":"2021-08-13T10:26:06","guid":{"rendered":"http:\/\/vawlt.io\/?page_id=510"},"modified":"2022-05-19T10:55:53","modified_gmt":"2022-05-19T10:55:53","slug":"pricing","status":"publish","type":"page","link":"https:\/\/vawlt.io\/pt\/produto\/precos\/","title":{"rendered":"Pre\u00e7os"},"content":{"rendered":"<section class=\"section\" id=\"section_1804066143\">\n\t\t<div class=\"bg section-bg fill bg-fill  bg-loaded\" >\n\n\t\t\t\n\t\t\t\n\t\t\t\n\n\t\t<\/div>\n\n\t\t<div class=\"section-content relative\">\n\t\t\t\n\n<div class=\"row align-center\"  id=\"row-1370063884\">\n\n\n\t<div id=\"col-1449586713\" class=\"col small-12 large-12\"  >\n\t\t\t\t<div class=\"col-inner text-center\"  >\n\t\t\t\n\t\t\t\n\n\t<div id=\"text-431823572\" class=\"text\">\n\t\t\n\n<h1><strong>Inicie a sua experi\u00eancia multicloud com a Vawlt<\/strong><\/h1>\n\t\t\n<style>\n#text-431823572 {\n  font-size: 1.6rem;\n}\n<\/style>\n\t<\/div>\n\t\n<p><strong>Crie um novo volume de dados na Dynamic Storage Platform para ter uma previs\u00e3o do seu investimento mensal.<br><\/strong>Os pre\u00e7os iniciais incluem pelo menos um fornecedor de cloud top-tier (por exemplo, AWS, Microsoft Azure, Google Cloud ou IBM). Os pre\u00e7os podem variar de acordo com as especifica\u00e7\u00f5es seleccionadas, tais como a sele\u00e7\u00e3o dos fornecedores, a localiza\u00e7\u00e3o, tamanho do volume, quota de download ou interfaces de armazenamento.<\/p>\n\n\t\t<\/div>\n\t\t\t\t\n<style>\n#col-1449586713 > .col-inner {\n  padding: 50px 20px 0px 20px;\n}\n@media (min-width:850px) {\n  #col-1449586713 > .col-inner {\n    padding: 80px 0px 0px 0px;\n  }\n}\n<\/style>\n\t<\/div>\n\n\t\n\n<\/div>\n\n\t\t<\/div>\n\n\t\t\n<style>\n#section_1804066143 {\n  padding-top: 0px;\n  padding-bottom: 0px;\n}\n<\/style>\n\t<\/section>\n\t\n\t<section class=\"section\" id=\"section_174046558\">\n\t\t<div class=\"bg section-bg fill bg-fill  bg-loaded\" >\n\n\t\t\t\n\t\t\t\n\t\t\t\n\n\t\t<\/div>\n\n\t\t<div class=\"section-content relative\">\n\t\t\t\n\n<div class=\"row align-equal\"  id=\"row-2002998636\">\n\n\n\t<div id=\"col-138545338\" class=\"col medium-3 small-12 large-3\"  data-animate=\"fadeInUp\">\n\t\t\t\t<div class=\"col-inner text-center box-shadow-1 box-shadow-2-hover\" style=\"background-color:rgb(255, 255, 255);\" >\n\t\t\t\n\t\t\t\n\n\t<div class=\"img has-hover x md-x lg-x y md-y lg-y\" id=\"image_1949387366\">\n\t\t\t\t\t\t\t\t<div class=\"img-inner dark\" >\n\t\t\t<img loading=\"lazy\" decoding=\"async\" width=\"1\" height=\"1\" src=\"https:\/\/vawlt.io\/wp-content\/uploads\/2021\/08\/solution01.svg\" class=\"attachment-large size-large\" alt=\"\" \/>\t\t\t\t\t\t\n\t\t\t\t\t<\/div>\n\t\t\t\t\t\t\t\t\n<style>\n#image_1949387366 {\n  width: 30%;\n}\n<\/style>\n\t<\/div>\n\t\n\n\t<div id=\"text-2972462528\" class=\"text\">\n\t\t\n\n<h3><strong>Hot<\/strong><\/h3>\n\t\t\n<style>\n#text-2972462528 {\n  text-align: center;\n}\n<\/style>\n\t<\/div>\n\t\n\t<div id=\"text-2482717028\" class=\"text\">\n\t\t\n\n<p>Indicado para armazenamento e partilha recorrentes <\/p>\n\t\t\n<style>\n#text-2482717028 {\n  font-size: 0.8rem;\n}\n<\/style>\n\t<\/div>\n\t\n\t<div id=\"gap-1351110641\" class=\"gap-element clearfix\" style=\"display:block; height:auto;\">\n\t\t\n<style>\n#gap-1351110641 {\n  padding-top: 21px;\n}\n@media (min-width:850px) {\n  #gap-1351110641 {\n    padding-top: 19px;\n  }\n}\n<\/style>\n\t<\/div>\n\t\n\n<div class=\"row row-collapse align-bottom align-center\"  id=\"row-1022145124\">\n\n\n\t<div id=\"col-1839567028\" class=\"col small-12 large-12\"  >\n\t\t\t\t<div class=\"col-inner text-center\"  >\n\t\t\t\n\t\t\t\n\n\t<div id=\"text-156113725\" class=\"text\">\n\t\t\n\n<p>Desde<\/p>\n\t\t\n<style>\n#text-156113725 {\n  line-height: 0.75;\n  color: rgb(48, 100, 137);\n}\n#text-156113725 > * {\n  color: rgb(48, 100, 137);\n}\n<\/style>\n\t<\/div>\n\t\n\t<div id=\"text-3957745432\" class=\"text\">\n\t\t\n\n<h4 style=\"font-weight: 600;\">\u20ac30,90<\/p>\n\t\t\n<style>\n#text-3957745432 {\n  font-size: 2.5rem;\n  line-height: 1;\n  color: rgb(48, 100, 137);\n}\n#text-3957745432 > * {\n  color: rgb(48, 100, 137);\n}\n<\/style>\n\t<\/div>\n\t\n\t<div id=\"text-2828751748\" class=\"text\">\n\t\t\n\n<p>\/TB\/m\u00eas + IVA<\/p>\n\t\t\n<style>\n#text-2828751748 {\n  font-size: 0.75rem;\n  text-align: center;\n  color: #306489;\n}\n#text-2828751748 > * {\n  color: #306489;\n}\n<\/style>\n\t<\/div>\n\t\n\n\t\t<\/div>\n\t\t\t\t\t<\/div>\n\n\t\n\n<\/div>\n\n\t\t<\/div>\n\t\t\t\t\n<style>\n#col-138545338 > .col-inner {\n  padding: 30px 40px 20px 40px;\n}\n<\/style>\n\t<\/div>\n\n\t\n\n\t<div id=\"col-1396820410\" class=\"col medium-3 small-12 large-3\"  data-animate=\"fadeInUp\">\n\t\t\t\t<div class=\"col-inner text-center box-shadow-1 box-shadow-2-hover\" style=\"background-color:rgb(255, 255, 255);\" >\n\t\t\t\n\t\t\t\n\n\t<div class=\"img has-hover x md-x lg-x y md-y lg-y\" id=\"image_1507817118\">\n\t\t\t\t\t\t\t\t<div class=\"img-inner dark\" >\n\t\t\t<img loading=\"lazy\" decoding=\"async\" width=\"1\" height=\"1\" src=\"https:\/\/vawlt.io\/wp-content\/uploads\/2021\/10\/solution04.svg\" class=\"attachment-large size-large\" alt=\"\" \/>\t\t\t\t\t\t\n\t\t\t\t\t<\/div>\n\t\t\t\t\t\t\t\t\n<style>\n#image_1507817118 {\n  width: 30%;\n}\n<\/style>\n\t<\/div>\n\t\n\n\t<div id=\"text-1369878488\" class=\"text\">\n\t\t\n\n<h3><strong>Warm<\/strong><\/h3>\n\t\t\n<style>\n#text-1369878488 {\n  text-align: center;\n}\n<\/style>\n\t<\/div>\n\t\n\t<div id=\"text-2180755713\" class=\"text\">\n\t\t\n\n<p>Indicado para armazenamento de dados edit\u00e1veis, acedidos com menor frequ\u00eancia<\/p>\n\t\t\n<style>\n#text-2180755713 {\n  font-size: 0.8rem;\n}\n<\/style>\n\t<\/div>\n\t\n\t<div id=\"gap-1890057727\" class=\"gap-element clearfix\" style=\"display:block; height:auto;\">\n\t\t\n<style>\n#gap-1890057727 {\n  padding-top: 0px;\n}\n<\/style>\n\t<\/div>\n\t\n\n<div class=\"row row-collapse align-bottom align-center\"  id=\"row-1980296651\">\n\n\n\t<div id=\"col-139338473\" class=\"col small-12 large-12\"  >\n\t\t\t\t<div class=\"col-inner text-center\"  >\n\t\t\t\n\t\t\t\n\n\t<div id=\"text-1348135730\" class=\"text\">\n\t\t\n\n<p>Desde<\/p>\n\t\t\n<style>\n#text-1348135730 {\n  line-height: 0.75;\n  color: rgb(48, 100, 137);\n}\n#text-1348135730 > * {\n  color: rgb(48, 100, 137);\n}\n<\/style>\n\t<\/div>\n\t\n\t<div id=\"text-1382682690\" class=\"text\">\n\t\t\n\n<h4 style=\"font-weight: 600;\">\u20ac16,90<\/p>\n\t\t\n<style>\n#text-1382682690 {\n  font-size: 2.5rem;\n  line-height: 1;\n  color: rgb(48, 100, 137);\n}\n#text-1382682690 > * {\n  color: rgb(48, 100, 137);\n}\n<\/style>\n\t<\/div>\n\t\n\t<div id=\"text-3545501766\" class=\"text\">\n\t\t\n\n<p>\/TB\/m\u00eas + IVA<\/p>\n\t\t\n<style>\n#text-3545501766 {\n  font-size: 0.75rem;\n  text-align: center;\n  color: #306489;\n}\n#text-3545501766 > * {\n  color: #306489;\n}\n<\/style>\n\t<\/div>\n\t\n\n\t\t<\/div>\n\t\t\t\t\t<\/div>\n\n\t\n\n<\/div>\n\n\t\t<\/div>\n\t\t\t\t\n<style>\n#col-1396820410 > .col-inner {\n  padding: 30px 40px 20px 40px;\n}\n<\/style>\n\t<\/div>\n\n\t\n\n\t<div id=\"col-196875204\" class=\"col medium-3 small-12 large-3\"  data-animate=\"fadeInUp\">\n\t\t\t\t<div class=\"col-inner text-center box-shadow-1 box-shadow-2-hover\" style=\"background-color:rgb(255, 255, 255);\" >\n\t\t\t\n\t\t\t\n\n\t<div class=\"img has-hover x md-x lg-x y md-y lg-y\" id=\"image_2115458678\">\n\t\t\t\t\t\t\t\t<div class=\"img-inner dark\" >\n\t\t\t<img loading=\"lazy\" decoding=\"async\" width=\"1\" height=\"1\" src=\"https:\/\/vawlt.io\/wp-content\/uploads\/2021\/08\/solution02.svg\" class=\"attachment-large size-large\" alt=\"\" \/>\t\t\t\t\t\t\n\t\t\t\t\t<\/div>\n\t\t\t\t\t\t\t\t\n<style>\n#image_2115458678 {\n  width: 30%;\n}\n<\/style>\n\t<\/div>\n\t\n\n\t<div id=\"text-3184284244\" class=\"text\">\n\t\t\n\n<h3><strong>Immutable<\/strong><\/h3>\n\t\t\n<style>\n#text-3184284244 {\n  text-align: center;\n}\n<\/style>\n\t<\/div>\n\t\n\t<div id=\"text-4026305722\" class=\"text\">\n\t\t\n\n<p>Indicado para dados que n\u00e3o requerem altera\u00e7\u00f5es ap\u00f3s armazenamento <\/p>\n\t\t\n<style>\n#text-4026305722 {\n  font-size: 0.8rem;\n}\n<\/style>\n\t<\/div>\n\t\n\t<div id=\"gap-1798295931\" class=\"gap-element clearfix\" style=\"display:block; height:auto;\">\n\t\t\n<style>\n#gap-1798295931 {\n  padding-top: 0px;\n}\n<\/style>\n\t<\/div>\n\t\n\n<div class=\"row row-collapse align-bottom align-center\"  id=\"row-145679960\">\n\n\n\t<div id=\"col-7927143\" class=\"col small-12 large-12\"  >\n\t\t\t\t<div class=\"col-inner text-center\"  >\n\t\t\t\n\t\t\t\n\n\t<div id=\"text-2771876835\" class=\"text\">\n\t\t\n\n<p>Desde<\/p>\n\t\t\n<style>\n#text-2771876835 {\n  line-height: 0.75;\n  color: rgb(48, 100, 137);\n}\n#text-2771876835 > * {\n  color: rgb(48, 100, 137);\n}\n<\/style>\n\t<\/div>\n\t\n\t<div id=\"text-3716547881\" class=\"text\">\n\t\t\n\n<h4 style=\"font-weight: 600;\">\u20ac15,90<\/p>\n\t\t\n<style>\n#text-3716547881 {\n  font-size: 2.5rem;\n  line-height: 1;\n  color: rgb(48, 100, 137);\n}\n#text-3716547881 > * {\n  color: rgb(48, 100, 137);\n}\n<\/style>\n\t<\/div>\n\t\n\t<div id=\"text-2593757089\" class=\"text\">\n\t\t\n\n<p>\/TB\/m\u00eas + IVA<\/p>\n\t\t\n<style>\n#text-2593757089 {\n  font-size: 0.75rem;\n  text-align: center;\n  color: #306489;\n}\n#text-2593757089 > * {\n  color: #306489;\n}\n<\/style>\n\t<\/div>\n\t\n\n\t\t<\/div>\n\t\t\t\t\t<\/div>\n\n\t\n\n<\/div>\n\n\t\t<\/div>\n\t\t\t\t\n<style>\n#col-196875204 > .col-inner {\n  padding: 30px 40px 20px 40px;\n}\n<\/style>\n\t<\/div>\n\n\t\n\n\t<div id=\"col-586057008\" class=\"col medium-3 small-12 large-3\"  data-animate=\"fadeInUp\">\n\t\t\t\t<div class=\"col-inner text-center box-shadow-1 box-shadow-2-hover\" style=\"background-color:rgb(255, 255, 255);\" >\n\t\t\t\n\t\t\t\n\n\t<div class=\"img has-hover x md-x lg-x y md-y lg-y\" id=\"image_788025160\">\n\t\t\t\t\t\t\t\t<div class=\"img-inner dark\" >\n\t\t\t<img loading=\"lazy\" decoding=\"async\" width=\"1\" height=\"1\" src=\"https:\/\/vawlt.io\/wp-content\/uploads\/2021\/08\/solution03.svg\" class=\"attachment-large size-large\" alt=\"\" \/>\t\t\t\t\t\t\n\t\t\t\t\t<\/div>\n\t\t\t\t\t\t\t\t\n<style>\n#image_788025160 {\n  width: 30%;\n}\n<\/style>\n\t<\/div>\n\t\n\n\t<div id=\"text-963347876\" class=\"text\">\n\t\t\n\n<h3><strong>Archival<\/strong><\/h3>\n\t\t\n<style>\n#text-963347876 {\n  text-align: center;\n}\n<\/style>\n\t<\/div>\n\t\n\t<div id=\"text-16602430\" class=\"text\">\n\t\t\n\n<p>Indicado para dados que s\u00e3o armazenados por longos per\u00edodos de tempo e raramente lidos<\/p>\n\t\t\n<style>\n#text-16602430 {\n  font-size: 0.8rem;\n}\n<\/style>\n\t<\/div>\n\t\n\t<div id=\"gap-30111941\" class=\"gap-element clearfix\" style=\"display:block; height:auto;\">\n\t\t\n<style>\n#gap-30111941 {\n  padding-top: 0px;\n}\n<\/style>\n\t<\/div>\n\t\n\n<div class=\"row row-collapse align-bottom align-center\"  id=\"row-2096758386\">\n\n\n\t<div id=\"col-1605070710\" class=\"col small-12 large-12\"  >\n\t\t\t\t<div class=\"col-inner text-center\"  >\n\t\t\t\n\t\t\t\n\n\t<div id=\"text-4003483503\" class=\"text\">\n\t\t\n\n<p>Desde<\/p>\n\t\t\n<style>\n#text-4003483503 {\n  line-height: 0.75;\n  color: rgb(48, 100, 137);\n}\n#text-4003483503 > * {\n  color: rgb(48, 100, 137);\n}\n<\/style>\n\t<\/div>\n\t\n\t<div id=\"text-2688154253\" class=\"text\">\n\t\t\n\n<h4 style=\"font-weight: 600;\">\u20ac7,90<\/p>\n\t\t\n<style>\n#text-2688154253 {\n  font-size: 2.5rem;\n  line-height: 1;\n  color: rgb(48, 100, 137);\n}\n#text-2688154253 > * {\n  color: rgb(48, 100, 137);\n}\n<\/style>\n\t<\/div>\n\t\n\t<div id=\"text-2450240789\" class=\"text\">\n\t\t\n\n<p>\/TB\/m\u00eas + IVA<\/p>\n\t\t\n<style>\n#text-2450240789 {\n  font-size: 0.75rem;\n  text-align: center;\n  color: #306489;\n}\n#text-2450240789 > * {\n  color: #306489;\n}\n<\/style>\n\t<\/div>\n\t\n\n\t\t<\/div>\n\t\t\t\t\t<\/div>\n\n\t\n\n<\/div>\n\n\t\t<\/div>\n\t\t\t\t\n<style>\n#col-586057008 > .col-inner {\n  padding: 30px 40px 20px 40px;\n}\n<\/style>\n\t<\/div>\n\n\t\n\n<\/div>\n\n\t\t<\/div>\n\n\t\t\n<style>\n#section_174046558 {\n  padding-top: 50px;\n  padding-bottom: 50px;\n  background-color: rgb(233, 249, 254);\n}\n@media (min-width:850px) {\n  #section_174046558 {\n    padding-top: 80px;\n    padding-bottom: 80px;\n  }\n}\n<\/style>\n\t<\/section>\n\t\n\t<section class=\"section\" id=\"section_1264882893\">\n\t\t<div class=\"bg section-bg fill bg-fill  bg-loaded\" >\n\n\t\t\t\n\t\t\t\n\t\t\t\n\n\t\t<\/div>\n\n\t\t<div class=\"section-content relative\">\n\t\t\t\n\n\t<div id=\"gap-1112588025\" class=\"gap-element clearfix\" style=\"display:block; height:auto;\">\n\t\t\n<style>\n#gap-1112588025 {\n  padding-top: 40px;\n}\n<\/style>\n\t<\/div>\n\t\n\n<div class=\"row row-collapse align-middle\"  id=\"row-223367215\">\n\n\n\t<div id=\"col-348927299\" class=\"col medium-6 small-12 large-6\"  >\n\t\t\t\t<div class=\"col-inner text-left\"  >\n\t\t\t\n\t\t\t\n\n\t<div id=\"text-2853331785\" class=\"text\">\n\t\t\n\n<h3 style=\"font-weight: 600;\">N\u00e3o deixe que o ransomware pare a sua empresa<\/h3>\n\t\t\n<style>\n#text-2853331785 {\n  font-size: 1rem;\n  text-align: center;\n}\n@media (min-width:550px) {\n  #text-2853331785 {\n    text-align: left;\n  }\n}\n<\/style>\n\t<\/div>\n\t\n\t<div id=\"text-3781542792\" class=\"text\">\n\t\t\n\n<h2><span style=\"font-weight: 600; color: #21bffc;\">\u00c9 f\u00e1cil<\/span><span style=\"font-weight: 600; color: #000000;\">\u00a0come\u00e7ar.<br \/><\/span><\/h2>\n\t\t\n<style>\n#text-3781542792 {\n  font-size: 1.6rem;\n  text-align: center;\n}\n@media (min-width:550px) {\n  #text-3781542792 {\n    text-align: left;\n  }\n}\n<\/style>\n\t<\/div>\n\t\n\n\t\t<\/div>\n\t\t\t\t\n<style>\n#col-348927299 > .col-inner {\n  padding: 0px 20px 0px 20px;\n}\n@media (min-width:550px) {\n  #col-348927299 > .col-inner {\n    padding: 0px 0px 0px 20px;\n  }\n}\n<\/style>\n\t<\/div>\n\n\t\n\n\t<div id=\"col-1856430045\" class=\"col hide-for-medium medium-6 small-12 large-6\"  >\n\t\t\t\t<div class=\"col-inner text-right\"  >\n\t\t\t\n\t\t\t\n\n<a href=\"http:\/\/vawlt.io\/pt\/pedir-uma-demo\/\" target=\"_self\" class=\"button primary is-large\"  style=\"border-radius:5px;\">\n    <span>Pedir uma Demo<\/span>\n  <\/a>\n\n\n\n\t\t<\/div>\n\t\t\t\t\n<style>\n#col-1856430045 > .col-inner {\n  padding: 0px 20px 0px 20px;\n}\n@media (min-width:550px) {\n  #col-1856430045 > .col-inner {\n    padding: 0px 20px 0px 0px;\n  }\n}\n<\/style>\n\t<\/div>\n\n\t\n\n\t<div id=\"col-2098156500\" class=\"col show-for-medium hide-for-small medium-6 small-12 large-6\"  >\n\t\t\t\t<div class=\"col-inner text-right\"  >\n\t\t\t\n\t\t\t\n\n<a href=\"http:\/\/vawlt.io\/pt\/pedir-uma-demo\/\" target=\"_self\" class=\"button primary\"  style=\"border-radius:5px;\">\n    <span>Pedir uma Demo<\/span>\n  <\/a>\n\n\n\n\t\t<\/div>\n\t\t\t\t\n<style>\n#col-2098156500 > .col-inner {\n  padding: 0px 20px 0px 20px;\n}\n@media (min-width:550px) {\n  #col-2098156500 > .col-inner {\n    padding: 0px 20px 0px 0px;\n  }\n}\n<\/style>\n\t<\/div>\n\n\t\n\n\t<div id=\"col-943751020\" class=\"col show-for-small medium-6 small-12 large-6\"  >\n\t\t\t\t<div class=\"col-inner text-center\"  >\n\t\t\t\n\t\t\t\n\n\t<div id=\"gap-89506905\" class=\"gap-element clearfix\" style=\"display:block; height:auto;\">\n\t\t\n<style>\n#gap-89506905 {\n  padding-top: 23px;\n}\n@media (min-width:550px) {\n  #gap-89506905 {\n    padding-top: 40px;\n  }\n}\n<\/style>\n\t<\/div>\n\t\n\n<a href=\"http:\/\/vawlt.io\/pt\/pedir-uma-demo\/\" target=\"_self\" class=\"button primary is-small\"  style=\"border-radius:5px;\">\n    <span>Pedir uma Demo<\/span>\n  <\/a>\n\n\n\n\t\t<\/div>\n\t\t\t\t\n<style>\n#col-943751020 > .col-inner {\n  padding: 0px 20px 0px 20px;\n}\n@media (min-width:550px) {\n  #col-943751020 > .col-inner {\n    padding: 0px 20px 0px 0px;\n  }\n}\n<\/style>\n\t<\/div>\n\n\t\n\n<\/div>\n\n\t\t<\/div>\n\n\t\t\n<style>\n#section_1264882893 {\n  padding-top: 30px;\n  padding-bottom: 30px;\n  background-color: rgb(244, 247, 249);\n}\n<\/style>\n\t<\/section>","protected":false},"excerpt":{"rendered":"","protected":false},"author":8,"featured_media":0,"parent":36,"menu_order":8,"comment_status":"closed","ping_status":"closed","template":"page-blank.php","meta":{"footnotes":""},"class_list":["post-510","page","type-page","status-publish","hentry"],"yoast_head":"<!-- This site is optimized with the Yoast SEO plugin v26.2 - https:\/\/yoast.com\/wordpress\/plugins\/seo\/ -->\n<title>Pricing | Multicloud Storage | Vawlt<\/title>\n<meta name=\"description\" content=\"Start your multicloud experience with Vawlt - create a new volume on the Dynamic Storage Platform to forecast your monthly investment.\" \/>\n<meta name=\"robots\" content=\"index, follow, max-snippet:-1, max-image-preview:large, max-video-preview:-1\" \/>\n<link rel=\"canonical\" href=\"https:\/\/site-temp.vawlt.io\/product\/pricing\/\" \/>\n<meta property=\"og:locale\" content=\"pt_PT\" \/>\n<meta property=\"og:type\" content=\"article\" \/>\n<meta property=\"og:title\" content=\"Pricing | Multicloud Storage | Vawlt\" \/>\n<meta property=\"og:description\" content=\"Start your multicloud experience with Vawlt - create a new volume on the Dynamic Storage Platform to forecast your monthly investment.\" \/>\n<meta property=\"og:url\" content=\"https:\/\/site-temp.vawlt.io\/product\/pricing\/\" \/>\n<meta property=\"og:site_name\" content=\"Vawlt\" \/>\n<meta property=\"article:publisher\" content=\"https:\/\/www.facebook.com\/vawlt\" \/>\n<meta property=\"article:modified_time\" content=\"2022-05-19T10:55:53+00:00\" \/>\n<meta property=\"og:image\" content=\"https:\/\/vawlt.io\/wp-content\/uploads\/2021\/09\/mockup.png\" \/>\n\t<meta property=\"og:image:width\" content=\"500\" \/>\n\t<meta property=\"og:image:height\" content=\"256\" \/>\n\t<meta property=\"og:image:type\" content=\"image\/png\" \/>\n<meta name=\"twitter:card\" content=\"summary_large_image\" \/>\n<meta name=\"twitter:site\" content=\"@vawltio\" \/>\n<meta name=\"twitter:label1\" content=\"Tempo estimado de leitura\" \/>\n\t<meta name=\"twitter:data1\" content=\"2 minutos\" \/>\n<!-- \/ Yoast SEO plugin. -->","yoast_head_json":{"title":"Pre\u00e7os | Armazenamento Multicloud | Vawlt","description":"Inicie a sua experi\u00eancia multicloud com a Vawlt - crie um novo volume de dados na Dynamic Storage Platform para ter uma previs\u00e3o do seu investimento mensal.","robots":{"index":"index","follow":"follow","max-snippet":"max-snippet:-1","max-image-preview":"max-image-preview:large","max-video-preview":"max-video-preview:-1"},"canonical":"https:\/\/site-temp.vawlt.io\/product\/pricing\/","og_locale":"pt_PT","og_type":"article","og_title":"Pricing | Multicloud Storage | Vawlt","og_description":"Start your multicloud experience with Vawlt - create a new volume on the Dynamic Storage Platform to forecast your monthly investment.","og_url":"https:\/\/site-temp.vawlt.io\/product\/pricing\/","og_site_name":"Vawlt","article_publisher":"https:\/\/www.facebook.com\/vawlt","article_modified_time":"2022-05-19T10:55:53+00:00","og_image":[{"width":500,"height":256,"url":"https:\/\/vawlt.io\/wp-content\/uploads\/2021\/09\/mockup.png","type":"image\/png"}],"twitter_card":"summary_large_image","twitter_site":"@vawltio","twitter_misc":{"Tempo estimado de leitura":"2 minutos"},"schema":{"@context":"https:\/\/schema.org","@graph":[{"@type":"WebPage","@id":"https:\/\/site-temp.vawlt.io\/product\/pricing\/","url":"https:\/\/site-temp.vawlt.io\/product\/pricing\/","name":"Pre\u00e7os | Armazenamento Multicloud | Vawlt","isPartOf":{"@id":"https:\/\/site-temp.vawlt.io\/#website"},"datePublished":"2021-08-13T10:26:06+00:00","dateModified":"2022-05-19T10:55:53+00:00","description":"Inicie a sua experi\u00eancia multicloud com a Vawlt - crie um novo volume de dados na Dynamic Storage Platform para ter uma previs\u00e3o do seu investimento mensal.","breadcrumb":{"@id":"https:\/\/site-temp.vawlt.io\/product\/pricing\/#breadcrumb"},"inLanguage":"pt-PT","potentialAction":[{"@type":"ReadAction","target":["https:\/\/site-temp.vawlt.io\/product\/pricing\/"]}]},{"@type":"BreadcrumbList","@id":"https:\/\/site-temp.vawlt.io\/product\/pricing\/#breadcrumb","itemListElement":[{"@type":"ListItem","position":1,"name":"Home","item":"https:\/\/vawlt.io\/"},{"@type":"ListItem","position":2,"name":"Product","item":"https:\/\/site-temp.vawlt.io\/product\/"},{"@type":"ListItem","position":3,"name":"Pricing"}]},{"@type":"WebSite","@id":"https:\/\/site-temp.vawlt.io\/#website","url":"https:\/\/site-temp.vawlt.io\/","name":"Vawlt","description":"Servi\u00e7o de armazenamento de dados em ambiente multicloud que simplifica a transi\u00e7\u00e3o para a cloud, melhora padr\u00f5es de seguran\u00e7a e otimiza o uso de recursos de armazenamento.","publisher":{"@id":"https:\/\/site-temp.vawlt.io\/#organization"},"potentialAction":[{"@type":"SearchAction","target":{"@type":"EntryPoint","urlTemplate":"https:\/\/site-temp.vawlt.io\/?s={search_term_string}"},"query-input":{"@type":"PropertyValueSpecification","valueRequired":true,"valueName":"search_term_string"}}],"inLanguage":"pt-PT"},{"@type":"Organization","@id":"https:\/\/site-temp.vawlt.io\/#organization","name":"Vawlt","url":"https:\/\/site-temp.vawlt.io\/","logo":{"@type":"ImageObject","inLanguage":"pt-PT","@id":"https:\/\/site-temp.vawlt.io\/#\/schema\/logo\/image\/","url":"http:\/\/vawlt.io\/wp-content\/uploads\/2021\/08\/logo_vawlt_business.png","contentUrl":"http:\/\/vawlt.io\/wp-content\/uploads\/2021\/08\/logo_vawlt_business.png","width":576,"height":92,"caption":"Vawlt"},"image":{"@id":"https:\/\/site-temp.vawlt.io\/#\/schema\/logo\/image\/"},"sameAs":["https:\/\/www.facebook.com\/vawlt","https:\/\/x.com\/vawltio","https:\/\/www.linkedin.com\/company\/vawlt","https:\/\/www.youtube.com\/channel\/UCYzlYYg7j_07CFi8Be0eAMw"]}]}},"_links":{"self":[{"href":"https:\/\/vawlt.io\/pt\/wp-json\/wp\/v2\/pages\/510","targetHints":{"allow":["GET"]}}],"collection":[{"href":"https:\/\/vawlt.io\/pt\/wp-json\/wp\/v2\/pages"}],"about":[{"href":"https:\/\/vawlt.io\/pt\/wp-json\/wp\/v2\/types\/page"}],"author":[{"embeddable":true,"href":"https:\/\/vawlt.io\/pt\/wp-json\/wp\/v2\/users\/8"}],"replies":[{"embeddable":true,"href":"https:\/\/vawlt.io\/pt\/wp-json\/wp\/v2\/comments?post=510"}],"version-history":[{"count":36,"href":"https:\/\/vawlt.io\/pt\/wp-json\/wp\/v2\/pages\/510\/revisions"}],"predecessor-version":[{"id":5621,"href":"https:\/\/vawlt.io\/pt\/wp-json\/wp\/v2\/pages\/510\/revisions\/5621"}],"up":[{"embeddable":true,"href":"https:\/\/vawlt.io\/pt\/wp-json\/wp\/v2\/pages\/36"}],"wp:attachment":[{"href":"https:\/\/vawlt.io\/pt\/wp-json\/wp\/v2\/media?parent=510"}],"curies":[{"name":"wp","href":"https:\/\/api.w.org\/{rel}","templated":true}]}}