{"id":569,"date":"2021-08-13T11:24:59","date_gmt":"2021-08-13T11:24:59","guid":{"rendered":"http:\/\/vawlt.io\/?page_id=569"},"modified":"2022-05-19T10:57:48","modified_gmt":"2022-05-19T10:57:48","slug":"ransomware-protection","status":"publish","type":"page","link":"https:\/\/vawlt.io\/pt\/solucoes\/casos-de-utilizacao\/proteccao-contra-ransomware\/","title":{"rendered":"Protec\u00e7\u00e3o contra ransomware"},"content":{"rendered":"<section class=\"section has-parallax\" id=\"section_1283984091\">\n\t\t<div class=\"bg section-bg fill bg-fill\" data-parallax-container=\".section\" data-parallax-background data-parallax=\"-2\">\n\n\t\t\t\n\t\t\t\n\t\t\t\n\n\t\t<\/div>\n\n\t\t<div class=\"section-content relative\">\n\t\t\t\n\n<div class=\"row\"  id=\"row-1750057063\">\n\n\n\t<div id=\"col-1249069415\" class=\"col medium-6 small-12 large-6\"  >\n\t\t\t\t<div class=\"col-inner dark\"  >\n\t\t\t\n\t\t\t\n\n\t<div id=\"text-1526598921\" class=\"text\">\n\t\t\n\n<h1><strong>Protec\u00e7\u00e3o contra ransomware<\/strong><\/h1>\n\t\t\n<style>\n#text-1526598921 {\n  font-size: 1.95rem;\n}\n<\/style>\n\t<\/div>\n\t\n\t<div id=\"text-3588583188\" class=\"text\">\n\t\t\n\n<p>Uma arquitectura de dados imut\u00e1vel \u00e9 uma resposta ao sempre crescente desafio do ransomware. As empresas s\u00e3o cada vez mais v\u00edtimas da infec\u00e7\u00e3o por software que encripta e bloqueia ficheiros at\u00e9 que um resgate seja pago para a sua devolu\u00e7\u00e3o.<\/p>\n\t\t\n<style>\n#text-3588583188 {\n  font-size: 1.25rem;\n}\n<\/style>\n\t<\/div>\n\t\n\n\t\t<\/div>\n\t\t\t\t\n<style>\n#col-1249069415 > .col-inner {\n  padding: 25px 20px 0px 20px;\n}\n@media (min-width:550px) {\n  #col-1249069415 > .col-inner {\n    padding: 25px 0px 0px 20px;\n  }\n}\n@media (min-width:850px) {\n  #col-1249069415 > .col-inner {\n    padding: 25px 0px 0px 0px;\n  }\n}\n<\/style>\n\t<\/div>\n\n\t\n\n<\/div>\n\n\t\t<\/div>\n\n\t\t\n<style>\n#section_1283984091 {\n  padding-top: 30px;\n  padding-bottom: 30px;\n  min-height: 60vh;\n}\n#section_1283984091 .section-bg.bg-loaded {\n  background-image: url(https:\/\/vawlt.io\/wp-content\/uploads\/2021\/08\/ransomware.svg);\n}\n#section_1283984091 .section-bg {\n  background-position: 64% 50%;\n}\n<\/style>\n\t<\/section>\n\t\n\t<section class=\"section\" id=\"section_1900645983\">\n\t\t<div class=\"bg section-bg fill bg-fill  bg-loaded\" >\n\n\t\t\t\n\t\t\t\n\t\t\t\n\n\t\t<\/div>\n\n\t\t<div class=\"section-content relative\">\n\t\t\t\n\n<div class=\"row\"  id=\"row-390700960\">\n\n\n\t<div id=\"col-1920450349\" class=\"col medium-4 small-12 large-4\"  data-animate=\"fadeInUp\">\n\t\t\t\t<div class=\"col-inner\"  >\n\t\t\t\n\t\t\t\n\n\t<div class=\"img has-hover x md-x lg-x y md-y lg-y\" id=\"image_630728707\">\n\t\t\t\t\t\t\t\t<div class=\"img-inner dark\" >\n\t\t\t<img loading=\"lazy\" decoding=\"async\" width=\"1\" height=\"1\" src=\"https:\/\/vawlt.io\/wp-content\/uploads\/2021\/08\/graph01.svg\" class=\"attachment-large size-large\" alt=\"\" \/>\t\t\t\t\t\t\n\t\t\t\t\t<\/div>\n\t\t\t\t\t\t\t\t\n<style>\n#image_630728707 {\n  width: 10%;\n}\n@media (min-width:550px) {\n  #image_630728707 {\n    width: 15%;\n  }\n}\n<\/style>\n\t<\/div>\n\t\n\n<h3>Esteja seguro e economize<\/h3>\n<p>Ao ter uma arquitectura de dados imut\u00e1vel, as empresas podem melhorar as suas defesas contra os ataques de ransomware. Com a Vawlt, as empresas poupam dinheiro porque n\u00e3o existe necessidade de fazer altera\u00e7\u00f5es disruptivas \u00e0s suas infraestruturas.<\/p>\n\n\t\t<\/div>\n\t\t\t\t\n<style>\n#col-1920450349 > .col-inner {\n  padding: 25px 20px 0px 20px;\n}\n@media (min-width:550px) {\n  #col-1920450349 > .col-inner {\n    padding: 25px 0px 0px 20px;\n  }\n}\n@media (min-width:850px) {\n  #col-1920450349 > .col-inner {\n    padding: 25px 0px 0px 0px;\n  }\n}\n<\/style>\n\t<\/div>\n\n\t\n\n\t<div id=\"col-581856415\" class=\"col medium-4 small-12 large-4\"  data-animate=\"fadeInUp\">\n\t\t\t\t<div class=\"col-inner\"  >\n\t\t\t\n\t\t\t\n\n\t<div class=\"img has-hover x md-x lg-x y md-y lg-y\" id=\"image_2076763350\">\n\t\t\t\t\t\t\t\t<div class=\"img-inner dark\" >\n\t\t\t<img loading=\"lazy\" decoding=\"async\" width=\"1\" height=\"1\" src=\"https:\/\/vawlt.io\/wp-content\/uploads\/2021\/08\/graph02.svg\" class=\"attachment-large size-large\" alt=\"\" \/>\t\t\t\t\t\t\n\t\t\t\t\t<\/div>\n\t\t\t\t\t\t\t\t\n<style>\n#image_2076763350 {\n  width: 10%;\n}\n@media (min-width:550px) {\n  #image_2076763350 {\n    width: 15%;\n  }\n}\n<\/style>\n\t<\/div>\n\t\n\n<h3>Tipos de Volumes Immutable e Archival<\/h3><p>Independentemente dos tipos de volumes utilizados, a Vawlt disp\u00f5e de mecanismos para mitigar os ataques de ransomware, tais como a imutabilidade de dados e o controlo de vers\u00e3o.<\/p>\n\n\t\t<\/div>\n\t\t\t\t\n<style>\n#col-581856415 > .col-inner {\n  padding: 25px 20px 0px 20px;\n}\n@media (min-width:550px) {\n  #col-581856415 > .col-inner {\n    padding: 25px 0px 0px 0px;\n  }\n}\n<\/style>\n\t<\/div>\n\n\t\n\n\t<div id=\"col-1916954327\" class=\"col medium-4 small-12 large-4\"  data-animate=\"fadeInUp\">\n\t\t\t\t<div class=\"col-inner\"  >\n\t\t\t\n\t\t\t\n\n\t<div class=\"img has-hover x md-x lg-x y md-y lg-y\" id=\"image_2020718557\">\n\t\t\t\t\t\t\t\t<div class=\"img-inner dark\" >\n\t\t\t<img loading=\"lazy\" decoding=\"async\" width=\"1\" height=\"1\" src=\"https:\/\/vawlt.io\/wp-content\/uploads\/2021\/08\/graph03.svg\" class=\"attachment-large size-large\" alt=\"\" \/>\t\t\t\t\t\t\n\t\t\t\t\t<\/div>\n\t\t\t\t\t\t\t\t\n<style>\n#image_2020718557 {\n  width: 10%;\n}\n@media (min-width:550px) {\n  #image_2020718557 {\n    width: 15%;\n  }\n}\n<\/style>\n\t<\/div>\n\t\n\n<h3>Pol\u00edticas de reten\u00e7\u00e3o<\/h3><p>Em cada volume, pode definir uma pol\u00edtica de reten\u00e7\u00e3o para os seus dados. Isto significa que pode definir um per\u00edodo em que os seus dados ainda podem ser recuperados, mesmo em caso de elimina\u00e7\u00e3o.<\/p>\n\n\t\t<\/div>\n\t\t\t\t\n<style>\n#col-1916954327 > .col-inner {\n  padding: 25px 20px 0px 20px;\n}\n@media (min-width:550px) {\n  #col-1916954327 > .col-inner {\n    padding: 25px 20px 0px 0px;\n  }\n}\n@media (min-width:850px) {\n  #col-1916954327 > .col-inner {\n    padding: 25px 0px 0px 0px;\n  }\n}\n<\/style>\n\t<\/div>\n\n\t\n\n<\/div>\n\n\t\t<\/div>\n\n\t\t\n<style>\n#section_1900645983 {\n  padding-top: 50px;\n  padding-bottom: 50px;\n  background-color: rgb(248, 249, 250);\n}\n<\/style>\n\t<\/section>\n\t\n\t<section class=\"section\" id=\"section_661250076\">\n\t\t<div class=\"bg section-bg fill bg-fill  bg-loaded\" >\n\n\t\t\t\n\t\t\t\n\t\t\t\n\n\t\t<\/div>\n\n\t\t<div class=\"section-content relative\">\n\t\t\t\n\n<div class=\"row\"  id=\"row-1704812144\">\n\n\n\t<div id=\"col-1887861650\" class=\"col small-12 large-12\"  >\n\t\t\t\t<div class=\"col-inner\"  >\n\t\t\t\n\t\t\t\n\n\t<div id=\"text-4156540531\" class=\"text\">\n\t\t\n\n<h2><strong>Ind\u00fastrias<\/strong><\/h2>\n\t\t\n<style>\n#text-4156540531 {\n  font-size: 1.6rem;\n  line-height: 2.2;\n  text-align: center;\n}\n<\/style>\n\t<\/div>\n\t\n\n\t\t<\/div>\n\t\t\t\t\t<\/div>\n\n\t\n\n<\/div>\n<div class=\"row align-equal\"  id=\"row-76183837\">\n\n\n\t<div id=\"col-1042694299\" class=\"col medium-4 small-12 large-4\"  >\n\t\t\t\t<div class=\"col-inner box-shadow-2\"  >\n\t\t\t\n\t\t\t\n\n<div class=\"row row-collapse\"  id=\"row-1768039147\">\n\n\n\t<div id=\"col-45264474\" class=\"col blue-gradient small-12 large-12\"  >\n\t\t\t\t<div class=\"col-inner dark\"  >\n\t\t\t\n\t\t\t\n\n<h3> Sa\u00fade<\/h3>\n\n\t\t<\/div>\n\t\t\t\t\n<style>\n#col-45264474 > .col-inner {\n  padding: 20px 0px 10px 20px;\n}\n<\/style>\n\t<\/div>\n\n\t\n\n\t<div id=\"col-687433964\" class=\"col small-12 large-12\"  >\n\t\t\t\t<div class=\"col-inner\"  >\n\t\t\t\n\t\t\t\n\n<p>Ajude os seus pacientes a sentirem-se mais seguros com um sistema desenhado a pensar na seguran\u00e7a. Armazene as suas imagens e registos m\u00e9dicos e controle facilmente quem tem acesso a eles. Continue a utilizar o seu data center habitual enquanto explora o potencial das clouds p\u00fablicas, conforme todas as regula\u00e7\u00f5es.<\/p>\n\t<div id=\"gap-1058334544\" class=\"gap-element clearfix\" style=\"display:block; height:auto;\">\n\t\t\n<style>\n#gap-1058334544 {\n  padding-top: 0px;\n}\n@media (min-width:550px) {\n  #gap-1058334544 {\n    padding-top: 27px;\n  }\n}\n<\/style>\n\t<\/div>\n\t\n\n<a href=\"http:\/\/vawlt.io\/pt\/solucoes\/industrias\/saude\/\" target=\"_self\" class=\"button primary is-link\"  >\n    <span>Ler mais<\/span>\n  <i class=\"icon-angle-right\" ><\/i><\/a>\n\n\n\n\t\t<\/div>\n\t\t\t\t\n<style>\n#col-687433964 > .col-inner {\n  padding: 20px 20px 0px 20px;\n}\n<\/style>\n\t<\/div>\n\n\t\n\n<\/div>\n\n\t\t<\/div>\n\t\t\t\t\t<\/div>\n\n\t\n\n\t<div id=\"col-2141845400\" class=\"col medium-4 small-12 large-4\"  >\n\t\t\t\t<div class=\"col-inner box-shadow-2\"  >\n\t\t\t\n\t\t\t\n\n<div class=\"row row-collapse\"  id=\"row-1668129199\">\n\n\n\t<div id=\"col-1748170477\" class=\"col blue-gradient small-12 large-12\"  >\n\t\t\t\t<div class=\"col-inner dark\"  >\n\t\t\t\n\t\t\t\n\n<h3>Sector financeiro\n<\/h3>\n\n\t\t<\/div>\n\t\t\t\t\n<style>\n#col-1748170477 > .col-inner {\n  padding: 20px 0px 10px 20px;\n}\n<\/style>\n\t<\/div>\n\n\t\n\n\t<div id=\"col-237877659\" class=\"col small-12 large-12\"  >\n\t\t\t\t<div class=\"col-inner\"  >\n\t\t\t\n\t\t\t\n\n<p>Fa\u00e7a backup das suas bases de dados e mantenha-as a salvo de viola\u00e7\u00f5es de seguran\u00e7a. Assegure-se que os seus dados estar\u00e3o sempre l\u00e1 quando necessitar deles, sem quebras de servi\u00e7o.<\/p>\n\t<div id=\"gap-84142171\" class=\"gap-element clearfix\" style=\"display:block; height:auto;\">\n\t\t\n<style>\n#gap-84142171 {\n  padding-top: 0px;\n}\n@media (min-width:550px) {\n  #gap-84142171 {\n    padding-top: 102px;\n  }\n}\n@media (min-width:850px) {\n  #gap-84142171 {\n    padding-top: 76px;\n  }\n}\n<\/style>\n\t<\/div>\n\t\n\n<a href=\"http:\/\/vawlt.io\/pt\/solucoes\/industrias\/sector-financeiro\/\" target=\"_self\" class=\"button primary is-link\"  >\n    <span>Ler mais<\/span>\n  <i class=\"icon-angle-right\" ><\/i><\/a>\n\n\n\n\t\t<\/div>\n\t\t\t\t\n<style>\n#col-237877659 > .col-inner {\n  padding: 20px 20px 0px 20px;\n}\n<\/style>\n\t<\/div>\n\n\t\n\n<\/div>\n\n\t\t<\/div>\n\t\t\t\t\t<\/div>\n\n\t\n\n\t<div id=\"col-1752927643\" class=\"col medium-4 small-12 large-4\"  >\n\t\t\t\t<div class=\"col-inner box-shadow-2\"  >\n\t\t\t\n\t\t\t\n\n<div class=\"row row-collapse\"  id=\"row-1278201040\">\n\n\n\t<div id=\"col-739511937\" class=\"col blue-gradient small-12 large-12\"  >\n\t\t\t\t<div class=\"col-inner dark\"  >\n\t\t\t\n\t\t\t\n\n<h3>Escrit\u00f3rios de advogados<\/h3>\n\n\t\t<\/div>\n\t\t\t\t\n<style>\n#col-739511937 > .col-inner {\n  padding: 20px 0px 10px 20px;\n}\n<\/style>\n\t<\/div>\n\n\t\n\n\t<div id=\"col-1138149452\" class=\"col small-12 large-12\"  >\n\t\t\t\t<div class=\"col-inner\"  >\n\t\t\t\n\t\t\t\n\n<p>Garanta facilmente a confidencialidade dos seus documentos e partilhe-os em seguran\u00e7a com os seus clientes e colegas de trabalho. Armazene processos fechados em arquivo e reduza custos. Ajude os seus clientes na sua jornada para alcan\u00e7ar a conformidade regulamentar.<\/p>\n<a href=\"http:\/\/vawlt.io\/pt\/solucoes\/industrias\/escritorios-de-advogados\/\" target=\"_self\" class=\"button primary is-link\"  >\n    <span>Ler mais<\/span>\n  <i class=\"icon-angle-right\" ><\/i><\/a>\n\n\n\n\t\t<\/div>\n\t\t\t\t\n<style>\n#col-1138149452 > .col-inner {\n  padding: 20px 20px 0px 20px;\n}\n<\/style>\n\t<\/div>\n\n\t\n\n<\/div>\n\n\t\t<\/div>\n\t\t\t\t\t<\/div>\n\n\t\n\n<\/div>\n<div class=\"row align-equal\"  id=\"row-1829559091\">\n\n\n\t<div id=\"col-492469299\" class=\"col medium-4 small-12 large-4\"  >\n\t\t\t\t<div class=\"col-inner box-shadow-2\"  >\n\t\t\t\n\t\t\t\n\n<div class=\"row row-collapse\"  id=\"row-1415679584\">\n\n\n\t<div id=\"col-74968364\" class=\"col blue-gradient small-12 large-12\"  >\n\t\t\t\t<div class=\"col-inner dark\"  >\n\t\t\t\n\t\t\t\n\n<h3>Call centers\n<\/h3>\n\n\t\t<\/div>\n\t\t\t\t\n<style>\n#col-74968364 > .col-inner {\n  padding: 20px 0px 10px 20px;\n}\n<\/style>\n\t<\/div>\n\n\t\n\n\t<div id=\"col-301975357\" class=\"col small-12 large-12\"  >\n\t\t\t\t<div class=\"col-inner\"  >\n\t\t\t\n\t\t\t\n\n<p>Retire press\u00e3o da sua estrutura de armazenamento f\u00edsico e optimize os seus custos, arquivando os seus registos de chamadas telef\u00f3nicas numa solu\u00e7\u00e3o multicloud que os mant\u00e9m seguros.<\/p>\n\t<div id=\"gap-915346418\" class=\"gap-element clearfix\" style=\"display:block; height:auto;\">\n\t\t\n<style>\n#gap-915346418 {\n  padding-top: 0px;\n}\n@media (min-width:550px) {\n  #gap-915346418 {\n    padding-top: 75px;\n  }\n}\n@media (min-width:850px) {\n  #gap-915346418 {\n    padding-top: 50px;\n  }\n}\n<\/style>\n\t<\/div>\n\t\n\n<a href=\"http:\/\/vawlt.io\/pt\/solucoes\/industrias\/call-centers\/\" target=\"_self\" class=\"button primary is-link\"  >\n    <span>Ler mais<\/span>\n  <i class=\"icon-angle-right\" ><\/i><\/a>\n\n\n\n\t\t<\/div>\n\t\t\t\t\n<style>\n#col-301975357 > .col-inner {\n  padding: 20px 20px 0px 20px;\n}\n<\/style>\n\t<\/div>\n\n\t\n\n<\/div>\n\n\t\t<\/div>\n\t\t\t\t\t<\/div>\n\n\t\n\n\t<div id=\"col-1640133037\" class=\"col medium-4 small-12 large-4\"  >\n\t\t\t\t<div class=\"col-inner box-shadow-2\"  >\n\t\t\t\n\t\t\t\n\n<div class=\"row row-collapse\"  id=\"row-206023845\">\n\n\n\t<div id=\"col-11828629\" class=\"col blue-gradient small-12 large-12\"  >\n\t\t\t\t<div class=\"col-inner dark\"  >\n\t\t\t\n\t\t\t\n\n<h3>PMEs<\/h3>\n\n\t\t<\/div>\n\t\t\t\t\n<style>\n#col-11828629 > .col-inner {\n  padding: 20px 0px 10px 20px;\n}\n<\/style>\n\t<\/div>\n\n\t\n\n\t<div id=\"col-1847218673\" class=\"col small-12 large-12\"  >\n\t\t\t\t<div class=\"col-inner\"  >\n\t\t\t\n\t\t\t\n\n<p>Se a sua pequena ou m\u00e9dia empresa possui uma solu\u00e7\u00e3o de armazenamento on-prem (por exemplo, um NAS ou um servidor de ficheiros), optimize os custos transitando para a cloud, ao mesmo tempo que protege os seus dados contra ataques de ransomware.<\/p>\n<a href=\"http:\/\/vawlt.io\/pt\/solucoes\/industrias\/pequenas-e-medias-empresas\/\" target=\"_self\" class=\"button primary is-link\"  >\n    <span>Ler mais<\/span>\n  <i class=\"icon-angle-right\" ><\/i><\/a>\n\n\n\n\t\t<\/div>\n\t\t\t\t\n<style>\n#col-1847218673 > .col-inner {\n  padding: 20px 20px 0px 20px;\n}\n<\/style>\n\t<\/div>\n\n\t\n\n<\/div>\n\n\t\t<\/div>\n\t\t\t\t\t<\/div>\n\n\t\n\n<\/div>\n\n\t\t<\/div>\n\n\t\t\n<style>\n#section_661250076 {\n  padding-top: 50px;\n  padding-bottom: 50px;\n}\n<\/style>\n\t<\/section>\n\t\n\t<section class=\"section\" id=\"section_1171203342\">\n\t\t<div class=\"bg section-bg fill bg-fill  bg-loaded\" >\n\n\t\t\t\n\t\t\t\n\t\t\t\n\n\t\t<\/div>\n\n\t\t<div class=\"section-content relative\">\n\t\t\t\n\n\t<div id=\"gap-1240121235\" class=\"gap-element clearfix\" style=\"display:block; height:auto;\">\n\t\t\n<style>\n#gap-1240121235 {\n  padding-top: 40px;\n}\n<\/style>\n\t<\/div>\n\t\n\n<div class=\"row row-collapse align-middle\"  id=\"row-1991969087\">\n\n\n\t<div id=\"col-1939540715\" class=\"col medium-6 small-12 large-6\"  >\n\t\t\t\t<div class=\"col-inner text-left\"  >\n\t\t\t\n\t\t\t\n\n\t<div id=\"text-3042647499\" class=\"text\">\n\t\t\n\n<h3 style=\"font-weight: 600;\">N\u00e3o deixe que o ransomware pare a sua empresa<\/h3>\n\t\t\n<style>\n#text-3042647499 {\n  font-size: 1rem;\n  text-align: center;\n}\n@media (min-width:550px) {\n  #text-3042647499 {\n    text-align: left;\n  }\n}\n<\/style>\n\t<\/div>\n\t\n\t<div id=\"text-2331424117\" class=\"text\">\n\t\t\n\n<h2><span style=\"font-weight: 600; color: #21bffc;\">\u00c9 f\u00e1cil<\/span><span style=\"font-weight: 600; color: #000000;\">\u00a0come\u00e7ar.<br \/><\/span><\/h2>\n\t\t\n<style>\n#text-2331424117 {\n  font-size: 1.6rem;\n  text-align: center;\n}\n@media (min-width:550px) {\n  #text-2331424117 {\n    text-align: left;\n  }\n}\n<\/style>\n\t<\/div>\n\t\n\n\t\t<\/div>\n\t\t\t\t\n<style>\n#col-1939540715 > .col-inner {\n  padding: 0px 20px 0px 20px;\n}\n@media (min-width:550px) {\n  #col-1939540715 > .col-inner {\n    padding: 0px 0px 0px 20px;\n  }\n}\n<\/style>\n\t<\/div>\n\n\t\n\n\t<div id=\"col-1011844168\" class=\"col hide-for-medium medium-6 small-12 large-6\"  >\n\t\t\t\t<div class=\"col-inner text-right\"  >\n\t\t\t\n\t\t\t\n\n<a href=\"http:\/\/vawlt.io\/pt\/pedir-uma-demo\/\" target=\"_self\" class=\"button primary is-large\"  style=\"border-radius:5px;\">\n    <span>Pedir uma Demo<\/span>\n  <\/a>\n\n\n\n\t\t<\/div>\n\t\t\t\t\n<style>\n#col-1011844168 > .col-inner {\n  padding: 0px 20px 0px 20px;\n}\n@media (min-width:550px) {\n  #col-1011844168 > .col-inner {\n    padding: 0px 20px 0px 0px;\n  }\n}\n<\/style>\n\t<\/div>\n\n\t\n\n\t<div id=\"col-184167405\" class=\"col show-for-medium hide-for-small medium-6 small-12 large-6\"  >\n\t\t\t\t<div class=\"col-inner text-right\"  >\n\t\t\t\n\t\t\t\n\n<a href=\"http:\/\/vawlt.io\/pt\/pedir-uma-demo\/\" target=\"_self\" class=\"button primary\"  style=\"border-radius:5px;\">\n    <span>Pedir uma Demo<\/span>\n  <\/a>\n\n\n\n\t\t<\/div>\n\t\t\t\t\n<style>\n#col-184167405 > .col-inner {\n  padding: 0px 20px 0px 20px;\n}\n@media (min-width:550px) {\n  #col-184167405 > .col-inner {\n    padding: 0px 20px 0px 0px;\n  }\n}\n<\/style>\n\t<\/div>\n\n\t\n\n\t<div id=\"col-77243118\" class=\"col show-for-small medium-6 small-12 large-6\"  >\n\t\t\t\t<div class=\"col-inner text-center\"  >\n\t\t\t\n\t\t\t\n\n\t<div id=\"gap-274024052\" class=\"gap-element clearfix\" style=\"display:block; height:auto;\">\n\t\t\n<style>\n#gap-274024052 {\n  padding-top: 23px;\n}\n@media (min-width:550px) {\n  #gap-274024052 {\n    padding-top: 40px;\n  }\n}\n<\/style>\n\t<\/div>\n\t\n\n<a href=\"http:\/\/vawlt.io\/pt\/pedir-uma-demo\/\" target=\"_self\" class=\"button primary is-small\"  style=\"border-radius:5px;\">\n    <span>Pedir uma Demo<\/span>\n  <\/a>\n\n\n\n\t\t<\/div>\n\t\t\t\t\n<style>\n#col-77243118 > .col-inner {\n  padding: 0px 20px 0px 20px;\n}\n@media (min-width:550px) {\n  #col-77243118 > .col-inner {\n    padding: 0px 20px 0px 0px;\n  }\n}\n<\/style>\n\t<\/div>\n\n\t\n\n<\/div>\n\n\t\t<\/div>\n\n\t\t\n<style>\n#section_1171203342 {\n  padding-top: 30px;\n  padding-bottom: 30px;\n  background-color: rgb(244, 247, 249);\n}\n<\/style>\n\t<\/section>","protected":false},"excerpt":{"rendered":"","protected":false},"author":8,"featured_media":0,"parent":384,"menu_order":0,"comment_status":"closed","ping_status":"closed","template":"page-blank.php","meta":{"footnotes":""},"class_list":["post-569","page","type-page","status-publish","hentry"],"yoast_head":"<!-- This site is optimized with the Yoast SEO plugin v26.2 - https:\/\/yoast.com\/wordpress\/plugins\/seo\/ -->\n<title>Enterprise Cloud Ransomware Protection | Multicloud Storage | Vawlt<\/title>\n<meta name=\"description\" content=\"Immutable data architecture is an answer to the ever-growing ransomware challenge. Businesses are increasingly falling victim to infection by software that encrypts and locks files.\" \/>\n<meta name=\"robots\" content=\"index, follow, max-snippet:-1, max-image-preview:large, max-video-preview:-1\" \/>\n<link rel=\"canonical\" href=\"https:\/\/site-temp.vawlt.io\/solutions\/use-cases\/ransomware-protection\/\" \/>\n<meta property=\"og:locale\" content=\"pt_PT\" \/>\n<meta property=\"og:type\" content=\"article\" \/>\n<meta property=\"og:title\" content=\"Enterprise Cloud Ransomware Protection | Multicloud Storage | Vawlt\" \/>\n<meta property=\"og:description\" content=\"Immutable data architecture is an answer to the ever-growing ransomware challenge. Businesses are increasingly falling victim to infection by software that encrypts and locks files.\" \/>\n<meta property=\"og:url\" content=\"https:\/\/site-temp.vawlt.io\/solutions\/use-cases\/ransomware-protection\/\" \/>\n<meta property=\"og:site_name\" content=\"Vawlt\" \/>\n<meta property=\"article:publisher\" content=\"https:\/\/www.facebook.com\/vawlt\" \/>\n<meta property=\"article:modified_time\" content=\"2022-05-19T10:57:48+00:00\" \/>\n<meta property=\"og:image\" content=\"https:\/\/vawlt.io\/wp-content\/uploads\/2021\/09\/mockup.png\" \/>\n\t<meta property=\"og:image:width\" content=\"500\" \/>\n\t<meta property=\"og:image:height\" content=\"256\" \/>\n\t<meta property=\"og:image:type\" content=\"image\/png\" \/>\n<meta name=\"twitter:card\" content=\"summary_large_image\" \/>\n<meta name=\"twitter:site\" content=\"@vawltio\" \/>\n<meta name=\"twitter:label1\" content=\"Tempo estimado de leitura\" \/>\n\t<meta name=\"twitter:data1\" content=\"3 minutos\" \/>\n<!-- \/ Yoast SEO plugin. -->","yoast_head_json":{"title":"Enterprise Cloud Ransomware Protection | Multicloud Storage | Vawlt","description":"Immutable data architecture is an answer to the ever-growing ransomware challenge. Businesses are increasingly falling victim to infection by software that encrypts and locks files.","robots":{"index":"index","follow":"follow","max-snippet":"max-snippet:-1","max-image-preview":"max-image-preview:large","max-video-preview":"max-video-preview:-1"},"canonical":"https:\/\/site-temp.vawlt.io\/solutions\/use-cases\/ransomware-protection\/","og_locale":"pt_PT","og_type":"article","og_title":"Enterprise Cloud Ransomware Protection | Multicloud Storage | Vawlt","og_description":"Immutable data architecture is an answer to the ever-growing ransomware challenge. Businesses are increasingly falling victim to infection by software that encrypts and locks files.","og_url":"https:\/\/site-temp.vawlt.io\/solutions\/use-cases\/ransomware-protection\/","og_site_name":"Vawlt","article_publisher":"https:\/\/www.facebook.com\/vawlt","article_modified_time":"2022-05-19T10:57:48+00:00","og_image":[{"width":500,"height":256,"url":"https:\/\/vawlt.io\/wp-content\/uploads\/2021\/09\/mockup.png","type":"image\/png"}],"twitter_card":"summary_large_image","twitter_site":"@vawltio","twitter_misc":{"Tempo estimado de leitura":"3 minutos"},"schema":{"@context":"https:\/\/schema.org","@graph":[{"@type":"WebPage","@id":"https:\/\/site-temp.vawlt.io\/solutions\/use-cases\/ransomware-protection\/","url":"https:\/\/site-temp.vawlt.io\/solutions\/use-cases\/ransomware-protection\/","name":"Enterprise Cloud Ransomware Protection | Multicloud Storage | Vawlt","isPartOf":{"@id":"https:\/\/site-temp.vawlt.io\/#website"},"datePublished":"2021-08-13T11:24:59+00:00","dateModified":"2022-05-19T10:57:48+00:00","description":"Immutable data architecture is an answer to the ever-growing ransomware challenge. Businesses are increasingly falling victim to infection by software that encrypts and locks files.","breadcrumb":{"@id":"https:\/\/site-temp.vawlt.io\/solutions\/use-cases\/ransomware-protection\/#breadcrumb"},"inLanguage":"pt-PT","potentialAction":[{"@type":"ReadAction","target":["https:\/\/site-temp.vawlt.io\/solutions\/use-cases\/ransomware-protection\/"]}]},{"@type":"BreadcrumbList","@id":"https:\/\/site-temp.vawlt.io\/solutions\/use-cases\/ransomware-protection\/#breadcrumb","itemListElement":[{"@type":"ListItem","position":1,"name":"Home","item":"https:\/\/vawlt.io\/"},{"@type":"ListItem","position":2,"name":"Solutions","item":"https:\/\/site-temp.vawlt.io\/solutions\/"},{"@type":"ListItem","position":3,"name":"Use cases","item":"https:\/\/site-temp.vawlt.io\/solutions\/use-cases\/"},{"@type":"ListItem","position":4,"name":"Ransomware protection"}]},{"@type":"WebSite","@id":"https:\/\/site-temp.vawlt.io\/#website","url":"https:\/\/site-temp.vawlt.io\/","name":"Vawlt","description":"Servi\u00e7o de armazenamento de dados em ambiente multicloud que simplifica a transi\u00e7\u00e3o para a cloud, melhora padr\u00f5es de seguran\u00e7a e otimiza o uso de recursos de armazenamento.","publisher":{"@id":"https:\/\/site-temp.vawlt.io\/#organization"},"potentialAction":[{"@type":"SearchAction","target":{"@type":"EntryPoint","urlTemplate":"https:\/\/site-temp.vawlt.io\/?s={search_term_string}"},"query-input":{"@type":"PropertyValueSpecification","valueRequired":true,"valueName":"search_term_string"}}],"inLanguage":"pt-PT"},{"@type":"Organization","@id":"https:\/\/site-temp.vawlt.io\/#organization","name":"Vawlt","url":"https:\/\/site-temp.vawlt.io\/","logo":{"@type":"ImageObject","inLanguage":"pt-PT","@id":"https:\/\/site-temp.vawlt.io\/#\/schema\/logo\/image\/","url":"http:\/\/vawlt.io\/wp-content\/uploads\/2021\/08\/logo_vawlt_business.png","contentUrl":"http:\/\/vawlt.io\/wp-content\/uploads\/2021\/08\/logo_vawlt_business.png","width":576,"height":92,"caption":"Vawlt"},"image":{"@id":"https:\/\/site-temp.vawlt.io\/#\/schema\/logo\/image\/"},"sameAs":["https:\/\/www.facebook.com\/vawlt","https:\/\/x.com\/vawltio","https:\/\/www.linkedin.com\/company\/vawlt","https:\/\/www.youtube.com\/channel\/UCYzlYYg7j_07CFi8Be0eAMw"]}]}},"_links":{"self":[{"href":"https:\/\/vawlt.io\/pt\/wp-json\/wp\/v2\/pages\/569","targetHints":{"allow":["GET"]}}],"collection":[{"href":"https:\/\/vawlt.io\/pt\/wp-json\/wp\/v2\/pages"}],"about":[{"href":"https:\/\/vawlt.io\/pt\/wp-json\/wp\/v2\/types\/page"}],"author":[{"embeddable":true,"href":"https:\/\/vawlt.io\/pt\/wp-json\/wp\/v2\/users\/8"}],"replies":[{"embeddable":true,"href":"https:\/\/vawlt.io\/pt\/wp-json\/wp\/v2\/comments?post=569"}],"version-history":[{"count":13,"href":"https:\/\/vawlt.io\/pt\/wp-json\/wp\/v2\/pages\/569\/revisions"}],"predecessor-version":[{"id":5623,"href":"https:\/\/vawlt.io\/pt\/wp-json\/wp\/v2\/pages\/569\/revisions\/5623"}],"up":[{"embeddable":true,"href":"https:\/\/vawlt.io\/pt\/wp-json\/wp\/v2\/pages\/384"}],"wp:attachment":[{"href":"https:\/\/vawlt.io\/pt\/wp-json\/wp\/v2\/media?parent=569"}],"curies":[{"name":"wp","href":"https:\/\/api.w.org\/{rel}","templated":true}]}}