{"id":722,"date":"2021-08-16T13:37:30","date_gmt":"2021-08-16T13:37:30","guid":{"rendered":"http:\/\/vawlt.io\/?page_id=722"},"modified":"2026-03-12T18:50:44","modified_gmt":"2026-03-12T17:50:44","slug":"downloads","status":"publish","type":"page","link":"https:\/\/vawlt.io\/pt\/downloads\/","title":{"rendered":"Downloads"},"content":{"rendered":"<div id=\"cover-spin\"><\/div>\n\t<section class=\"section\" id=\"section_536561832\">\n\t\t<div class=\"bg section-bg fill bg-fill  bg-loaded\" >\n\n\t\t\t\n\t\t\t\n\t\t\t\n\n\t\t<\/div>\n\n\t\t<div class=\"section-content relative\">\n\t\t\t\n\n<div class=\"row\"  id=\"row-1418993334\">\n\n\n\t<div id=\"col-1319170668\" class=\"col small-12 large-12\"  >\n\t\t\t\t<div class=\"col-inner text-center\"  >\n\t\t\t\n\t\t\t\n\n\t<div id=\"text-2386004478\" class=\"text\">\n\t\t\n\n<h1><strong>Downloads para macOS, Windows e Linux<\/strong><\/h1>\n\t\t\n<style>\n#text-2386004478 {\n  font-size: 1.6rem;\n}\n<\/style>\n\t<\/div>\n\t\n<p class=\"translation-block\">Descarregar a aplica\u00e7\u00e3o Vawlt para diferentes plataformas, para <strong>interagir com os seus volumes de dados<\/strong>. O<strong> agente de software da Vawlt<\/strong> est\u00e1 dispon\u00edvel para download para v\u00e1rias plataformas. Escolha a partir das op\u00e7\u00f5es abaixo para obter o que precisa.<\/p>\n\n\t\t<\/div>\n\t\t\t\t\t<\/div>\n\n\t\n\n<\/div>\n\n\t\t<\/div>\n\n\t\t\n<style>\n#section_536561832 {\n  padding-top: 30px;\n  padding-bottom: 30px;\n}\n<\/style>\n\t<\/section>\n\t\n\t<section class=\"section\" id=\"section_487366857\">\n\t\t<div class=\"bg section-bg fill bg-fill  bg-loaded\" >\n\n\t\t\t\n\t\t\t\n\t\t\t\n\n\t\t<\/div>\n\n\t\t<div class=\"section-content relative\">\n\t\t\t\n\n<div class=\"row\"  id=\"row-129550152\">\n\n\n\t<div id=\"col-673875564\" class=\"col medium-3 small-3 large-3\"  >\n\t\t\t\t<div class=\"col-inner\"  >\n\t\t\t\n\t\t\t\n\n<p><strong>Vers\u00e3o<\/strong><\/p>\n\n\t\t<\/div>\n\t\t\t\t\t<\/div>\n\n\t\n\n\t<div id=\"col-94600221\" class=\"col medium-3 small-3 large-3\"  >\n\t\t\t\t<div class=\"col-inner\"  >\n\t\t\t\n\t\t\t\n\n<p><strong>Sistema<\/strong><\/p>\n\n\t\t<\/div>\n\t\t\t\t\t<\/div>\n\n\t\n\n\t<div id=\"col-375250807\" class=\"col medium-3 small-3 large-3\"  >\n\t\t\t\t<div class=\"col-inner\"  >\n\t\t\t\n\t\t\t\n\n<p><strong>\tData <\/strong><\/p>\n\n\t\t<\/div>\n\t\t\t\t\t<\/div>\n\n\t\n\n<\/div>\n<div class=\"row\"  id=\"row-495968366\">\n\n\n\t<div id=\"col-1112621245\" class=\"col medium-3 small-3 large-3\"  >\n\t\t\t\t<div class=\"col-inner\"  >\n\t\t\t\n\t\t\t\n\n\t<div id=\"text-2723731637\" class=\"text\">\n\t\t\n\n<a href=\"https:\/\/platform.vawlt.io\/downloads\/macos\/vawlt_installer.pkg\"><span class=\"downloads-app-version\"><strong>&#8230;<\/strong><\/p><\/a>\n\t\t\n<style>\n#text-2723731637 {\n  color: rgb(48, 100, 137);\n}\n#text-2723731637 > * {\n  color: rgb(48, 100, 137);\n}\n<\/style>\n\t<\/div>\n\t\n\n\t\t<\/div>\n\t\t\t\t\t<\/div>\n\n\t\n\n\t<div id=\"col-96500066\" class=\"col medium-3 small-3 large-3\"  >\n\t\t\t\t<div class=\"col-inner\"  >\n\t\t\t\n\t\t\t\n\n<p> mac0S<\/p>\n\n\t\t<\/div>\n\t\t\t\t\t<\/div>\n\n\t\n\n\t<div id=\"col-1508150082\" class=\"col medium-3 small-3 large-3\"  >\n\t\t\t\t<div class=\"col-inner\"  >\n\t\t\t\n\t\t\t\n\n<p class=\"downloads-app-version-released-at\">&#8230;<\/p>\n\n\t\t<\/div>\n\t\t\t\t\t<\/div>\n\n\t\n\n\t<div id=\"col-1766383492\" class=\"col medium-3 small-9 large-3\"  >\n\t\t\t\t<div class=\"col-inner\"  >\n\t\t\t\n\t\t\t\n\n<a href=\"https:\/\/platform.vawlt.io\/downloads\/macos\/vawlt-installer.pkg\" target=\"_self\" class=\"button primary expand white-color\"  style=\"border-radius:10px;\">\n    <span>Download<\/span>\n  <i class=\"icon-angle-down\" ><\/i><\/a>\n\n\n\n\t\t<\/div>\n\t\t\t\t\t<\/div>\n\n\t\n\n<\/div>\n<div class=\"row\"  id=\"row-362981307\">\n\n\n\t<div id=\"col-722851158\" class=\"col medium-3 small-3 large-3\"  >\n\t\t\t\t<div class=\"col-inner\"  >\n\t\t\t\n\t\t\t\n\n\t<div id=\"text-2965873243\" class=\"text\">\n\t\t\n\n<a href=\"https:\/\/platform.vawlt.io\/downloads\/windows\/vawlt_setup.exe\"><span class=\"downloads-app-version\"><strong>&#8230;<\/strong><\/p><\/a>\n\t\t\n<style>\n#text-2965873243 {\n  color: rgb(48, 100, 137);\n}\n#text-2965873243 > * {\n  color: rgb(48, 100, 137);\n}\n<\/style>\n\t<\/div>\n\t\n\n\t\t<\/div>\n\t\t\t\t\t<\/div>\n\n\t\n\n\t<div id=\"col-2084714561\" class=\"col medium-3 small-3 large-3\"  >\n\t\t\t\t<div class=\"col-inner\"  >\n\t\t\t\n\t\t\t\n\n<p> Windows (64bits)<\/p>\n\n\t\t<\/div>\n\t\t\t\t\t<\/div>\n\n\t\n\n\t<div id=\"col-825019206\" class=\"col medium-3 small-3 large-3\"  >\n\t\t\t\t<div class=\"col-inner\"  >\n\t\t\t\n\t\t\t\n\n<p class=\"downloads-app-version-released-at\">&#8230;<\/p>\n\n\t\t<\/div>\n\t\t\t\t\t<\/div>\n\n\t\n\n\t<div id=\"col-1548483119\" class=\"col medium-3 small-9 large-3\"  >\n\t\t\t\t<div class=\"col-inner\"  >\n\t\t\t\n\t\t\t\n\n<a href=\"https:\/\/platform.vawlt.io\/downloads\/windows\/vawlt-installer.exe\" target=\"_self\" class=\"button primary expand white-color\"  style=\"border-radius:10px;\">\n    <span>Download<\/span>\n  <i class=\"icon-angle-down\" ><\/i><\/a>\n\n\n\n\t\t<\/div>\n\t\t\t\t\t<\/div>\n\n\t\n\n<\/div>\n<div class=\"row\"  id=\"row-1542030926\">\n\n\n\t<div id=\"col-62621215\" class=\"col medium-3 small-3 large-3\"  >\n\t\t\t\t<div class=\"col-inner\"  >\n\t\t\t\n\t\t\t\n\n\t<div id=\"text-2942269459\" class=\"text\">\n\t\t\n\n<a href=\"https:\/\/platform.vawlt.io\/downloads\/linux\/vawlt_setup.deb\"><span class=\"downloads-app-version\"><strong>&#8230;<\/strong><\/p><\/a>\n\t\t\n<style>\n#text-2942269459 {\n  color: rgb(48, 100, 137);\n}\n#text-2942269459 > * {\n  color: rgb(48, 100, 137);\n}\n<\/style>\n\t<\/div>\n\t\n\n\t\t<\/div>\n\t\t\t\t\t<\/div>\n\n\t\n\n\t<div id=\"col-860935966\" class=\"col medium-3 small-3 large-3\"  >\n\t\t\t\t<div class=\"col-inner\"  >\n\t\t\t\n\t\t\t\n\n<p> Linux (.deb) <\/p>\n\n\t\t<\/div>\n\t\t\t\t\t<\/div>\n\n\t\n\n\t<div id=\"col-370190268\" class=\"col medium-3 small-3 large-3\"  >\n\t\t\t\t<div class=\"col-inner\"  >\n\t\t\t\n\t\t\t\n\n<p class=\"downloads-app-version-released-at\">&#8230;<\/p>\n\n\t\t<\/div>\n\t\t\t\t\t<\/div>\n\n\t\n\n\t<div id=\"col-205757214\" class=\"col medium-3 small-9 large-3\"  >\n\t\t\t\t<div class=\"col-inner\"  >\n\t\t\t\n\t\t\t\n\n<a href=\"https:\/\/platform.vawlt.io\/downloads\/linux\/vawlt-installer.deb\" target=\"_self\" class=\"button primary expand white-color\"  style=\"border-radius:10px;\">\n    <span>Download<\/span>\n  <i class=\"icon-angle-down\" ><\/i><\/a>\n\n\n\n\t\t<\/div>\n\t\t\t\t\t<\/div>\n\n\t\n\n<\/div>\n<div class=\"row\"  id=\"row-1978501330\">\n\n\n\t<div id=\"col-99614815\" class=\"col medium-3 small-3 large-3\"  >\n\t\t\t\t<div class=\"col-inner\"  >\n\t\t\t\n\t\t\t\n\n\t<div id=\"text-3056239558\" class=\"text\">\n\t\t\n\n<a href=\"https:\/\/platform.vawlt.io\/downloads\/linux\/vawlt_setup.rpm\"><span class=\"downloads-app-version\"><strong>&#8230;<\/strong><\/p><\/a>\n\t\t\n<style>\n#text-3056239558 {\n  color: rgb(48, 100, 137);\n}\n#text-3056239558 > * {\n  color: rgb(48, 100, 137);\n}\n<\/style>\n\t<\/div>\n\t\n\n\t\t<\/div>\n\t\t\t\t\t<\/div>\n\n\t\n\n\t<div id=\"col-1802818112\" class=\"col medium-3 small-3 large-3\"  >\n\t\t\t\t<div class=\"col-inner\"  >\n\t\t\t\n\t\t\t\n\n<p>Linux (.rpm)<\/p>\n\n\t\t<\/div>\n\t\t\t\t\t<\/div>\n\n\t\n\n\t<div id=\"col-2097836854\" class=\"col medium-3 small-3 large-3\"  >\n\t\t\t\t<div class=\"col-inner\"  >\n\t\t\t\n\t\t\t\n\n<p class=\"downloads-app-version-released-at\">&#8230;<\/p>\n\n\t\t<\/div>\n\t\t\t\t\t<\/div>\n\n\t\n\n\t<div id=\"col-1418140353\" class=\"col medium-3 small-9 large-3\"  >\n\t\t\t\t<div class=\"col-inner\"  >\n\t\t\t\n\t\t\t\n\n<a href=\"https:\/\/platform.vawlt.io\/downloads\/linux\/vawlt-installer.rpm\" target=\"_self\" class=\"button primary expand white-color\"  style=\"border-radius:10px;\">\n    <span>Download<\/span>\n  <i class=\"icon-angle-down\" ><\/i><\/a>\n\n\n\n\t\t<\/div>\n\t\t\t\t\t<\/div>\n\n\t\n\n<\/div>\n<div class=\"row\"  id=\"row-1169288735\">\n\n\n\t<div id=\"col-928395138\" class=\"col medium-3 small-3 large-3\"  >\n\t\t\t\t<div class=\"col-inner\"  >\n\t\t\t\n\t\t\t\n\n\t<div id=\"text-67284436\" class=\"text\">\n\t\t\n\n<a href=\"https:\/\/platform.vawlt.io\/downloads\/linux\/vawlt-linux.zip\"><span class=\"downloads-app-version\"><strong>&#8230;<\/strong><\/p><\/a>\n\t\t\n<style>\n#text-67284436 {\n  color: rgb(48, 100, 137);\n}\n#text-67284436 > * {\n  color: rgb(48, 100, 137);\n}\n<\/style>\n\t<\/div>\n\t\n\n\t\t<\/div>\n\t\t\t\t\t<\/div>\n\n\t\n\n\t<div id=\"col-1004128523\" class=\"col medium-3 small-3 large-3\"  >\n\t\t\t\t<div class=\"col-inner\"  >\n\t\t\t\n\t\t\t\n\n<p> Linux (binaries)<\/p>\n\n\t\t<\/div>\n\t\t\t\t\t<\/div>\n\n\t\n\n\t<div id=\"col-1981055924\" class=\"col medium-3 small-3 large-3\"  >\n\t\t\t\t<div class=\"col-inner\"  >\n\t\t\t\n\t\t\t\n\n<p class=\"downloads-app-version-released-at\">&#8230;<\/p>\n\n\t\t<\/div>\n\t\t\t\t\t<\/div>\n\n\t\n\n\t<div id=\"col-274635034\" class=\"col medium-3 small-9 large-3\"  >\n\t\t\t\t<div class=\"col-inner\"  >\n\t\t\t\n\t\t\t\n\n<a href=\"https:\/\/platform.vawlt.io\/downloads\/linux\/vawlt-linux.zip\" target=\"_self\" class=\"button primary expand white-color\"  style=\"border-radius:10px;\">\n    <span>Download<\/span>\n  <i class=\"icon-angle-down\" ><\/i><\/a>\n\n\n\n\t\t<\/div>\n\t\t\t\t\t<\/div>\n\n\t\n\n<\/div>\n<div class=\"row\"  id=\"row-2949447\">\n\n\n\t<div id=\"col-2095840579\" class=\"col small-12 large-12\"  >\n\t\t\t\t<div class=\"col-inner\"  >\n\t\t\t\n\t\t\t\n\n<div class=\"accordion\" rel=\"\">\n\n<div class=\"accordion-item\"><a href=\"#\" class=\"accordion-title plain\"><button class=\"toggle\"><i class=\"icon-angle-down\"><\/i><\/button><span>Release Notes<\/span><\/a><div class=\"accordion-inner\">\n\n\t<div id=\"text-53634543\" class=\"text\">\n\t\t\n\n<div>Improvements\/Changes:<\/div>\n<div>\u00a0<\/div>\n<div>&#8211; Added support for new public clouds (Scaleway, IONOS, Impossible Cloud) and a new private cloud (MinIO).<\/div>\n<div>&#8211; Immutability duration can now be configured when applying object immutability by policy.<\/div>\n<div>&#8211; Added support for session lock, allowing the Storage Agent to remain active while preventing changes to deployment configuration.<\/div>\n<div>&#8211; Improved upload performance for workloads involving a large number of small objects.<\/div>\n<div>&#8211; Improved download performance, with notable gains for large object workloads.<\/div>\n<div>&#8211; Enhanced multipart upload support in the S3-compatible API.<\/div>\n<div>&#8211; Enhanced data synchronizer capabilities:<\/div>\n<div>&#8211; Added support for copying file security descriptors over SMB.<\/div>\n<div>&#8211; Introduced a new heuristic to skip file copies when only timestamp changes are detected but content remains unchanged.<\/div>\n<div>&#8211; Improved user email reporting for synchronization results.<\/div>\n<div>\u00a0<\/div>\n<div>Resolved Issues:<\/div>\n<div>\u00a0<\/div>\n<div>&#8211; Fixed a problem that caused an error during the installation of the Storage Agent.<\/div>\n<div>&#8211; Fixed an issue during volume rollback that prevented files from being moved to the trash.<\/div>\n<div>&#8211; Fixed an issue that prevented the trash policy from properly cleaning deleted objects.<\/div>\n<div>&#8211; Fixed a concurrency issue that caused metadata to merge incorrectly.<\/div>\n<div>&#8211; Other minor bug fixes to improve overall stability and performance.<\/div>\n\t\t\n<style>\n#text-53634543 {\n  color: rgb(48, 100, 137);\n}\n#text-53634543 > * {\n  color: rgb(48, 100, 137);\n}\n<\/style>\n\t<\/div>\n\t\n\n<\/div><\/div>\n\n<\/div>\n\n\t\t<\/div>\n\t\t\t\t\t<\/div>\n\n\t\n\n<\/div>\n\n\t\t<\/div>\n\n\t\t\n<style>\n#section_487366857 {\n  padding-top: 30px;\n  padding-bottom: 30px;\n}\n<\/style>\n\t<\/section>\n\t\n\t<section class=\"section\" id=\"section_2049979585\">\n\t\t<div class=\"bg section-bg fill bg-fill  bg-loaded\" >\n\n\t\t\t\n\t\t\t\n\t\t\t\n\n\t\t<\/div>\n\n\t\t<div class=\"section-content relative\">\n\t\t\t\n\n\t<div id=\"gap-1999124625\" class=\"gap-element clearfix\" style=\"display:block; height:auto;\">\n\t\t\n<style>\n#gap-1999124625 {\n  padding-top: 40px;\n}\n<\/style>\n\t<\/div>\n\t\n\n<div class=\"row row-collapse align-middle\"  id=\"row-988466429\">\n\n\n\t<div id=\"col-1087432736\" class=\"col medium-6 small-12 large-6\"  >\n\t\t\t\t<div class=\"col-inner text-left\"  >\n\t\t\t\n\t\t\t\n\n\t<div id=\"text-2739394332\" class=\"text\">\n\t\t\n\n<h3 style=\"font-weight: 600;\">N\u00e3o deixe que o ransomware pare a sua empresa<\/h3>\n\t\t\n<style>\n#text-2739394332 {\n  font-size: 1rem;\n  text-align: center;\n}\n@media (min-width:550px) {\n  #text-2739394332 {\n    text-align: left;\n  }\n}\n<\/style>\n\t<\/div>\n\t\n\t<div id=\"text-2249577148\" class=\"text\">\n\t\t\n\n<h2><span style=\"font-weight: 600; color: #21bffc;\">\u00c9 f\u00e1cil<\/span><span style=\"font-weight: 600; color: #000000;\">\u00a0come\u00e7ar.<br \/><\/span><\/h2>\n\t\t\n<style>\n#text-2249577148 {\n  font-size: 1.6rem;\n  text-align: center;\n}\n@media (min-width:550px) {\n  #text-2249577148 {\n    text-align: left;\n  }\n}\n<\/style>\n\t<\/div>\n\t\n\n\t\t<\/div>\n\t\t\t\t\n<style>\n#col-1087432736 > .col-inner {\n  padding: 0px 20px 0px 20px;\n}\n@media (min-width:550px) {\n  #col-1087432736 > .col-inner {\n    padding: 0px 0px 0px 20px;\n  }\n}\n<\/style>\n\t<\/div>\n\n\t\n\n\t<div id=\"col-2053075642\" class=\"col hide-for-medium medium-6 small-12 large-6\"  >\n\t\t\t\t<div class=\"col-inner text-right\"  >\n\t\t\t\n\t\t\t\n\n<a href=\"http:\/\/vawlt.io\/pt\/pedir-uma-demo\/\" target=\"_self\" class=\"button primary is-large\"  style=\"border-radius:5px;\">\n    <span>Pedir uma Demo<\/span>\n  <\/a>\n\n\n\n\t\t<\/div>\n\t\t\t\t\n<style>\n#col-2053075642 > .col-inner {\n  padding: 0px 20px 0px 20px;\n}\n@media (min-width:550px) {\n  #col-2053075642 > .col-inner {\n    padding: 0px 20px 0px 0px;\n  }\n}\n<\/style>\n\t<\/div>\n\n\t\n\n\t<div id=\"col-123394199\" class=\"col show-for-medium hide-for-small medium-6 small-12 large-6\"  >\n\t\t\t\t<div class=\"col-inner text-right\"  >\n\t\t\t\n\t\t\t\n\n<a href=\"http:\/\/vawlt.io\/pt\/pedir-uma-demo\/\" target=\"_self\" class=\"button primary\"  style=\"border-radius:5px;\">\n    <span>Pedir uma Demo<\/span>\n  <\/a>\n\n\n\n\t\t<\/div>\n\t\t\t\t\n<style>\n#col-123394199 > .col-inner {\n  padding: 0px 20px 0px 20px;\n}\n@media (min-width:550px) {\n  #col-123394199 > .col-inner {\n    padding: 0px 20px 0px 0px;\n  }\n}\n<\/style>\n\t<\/div>\n\n\t\n\n\t<div id=\"col-2087051702\" class=\"col show-for-small medium-6 small-12 large-6\"  >\n\t\t\t\t<div class=\"col-inner text-center\"  >\n\t\t\t\n\t\t\t\n\n\t<div id=\"gap-1391852756\" class=\"gap-element clearfix\" style=\"display:block; height:auto;\">\n\t\t\n<style>\n#gap-1391852756 {\n  padding-top: 23px;\n}\n@media (min-width:550px) {\n  #gap-1391852756 {\n    padding-top: 40px;\n  }\n}\n<\/style>\n\t<\/div>\n\t\n\n<a href=\"http:\/\/vawlt.io\/pt\/pedir-uma-demo\/\" target=\"_self\" class=\"button primary is-small\"  style=\"border-radius:5px;\">\n    <span>Pedir uma Demo<\/span>\n  <\/a>\n\n\n\n\t\t<\/div>\n\t\t\t\t\n<style>\n#col-2087051702 > .col-inner {\n  padding: 0px 20px 0px 20px;\n}\n@media (min-width:550px) {\n  #col-2087051702 > .col-inner {\n    padding: 0px 20px 0px 0px;\n  }\n}\n<\/style>\n\t<\/div>\n\n\t\n\n<\/div>\n\n\t\t<\/div>\n\n\t\t\n<style>\n#section_2049979585 {\n  padding-top: 30px;\n  padding-bottom: 30px;\n  background-color: rgb(244, 247, 249);\n}\n<\/style>\n\t<\/section>","protected":false},"excerpt":{"rendered":"","protected":false},"author":8,"featured_media":0,"parent":0,"menu_order":0,"comment_status":"closed","ping_status":"closed","template":"page-blank.php","meta":{"footnotes":""},"class_list":["post-722","page","type-page","status-publish","hentry"],"yoast_head":"<!-- This site is optimized with the Yoast SEO plugin v26.2 - https:\/\/yoast.com\/wordpress\/plugins\/seo\/ -->\n<title>Download Vawlt for macOS, Windows, Linux | Multicloud Storage | Vawlt<\/title>\n<meta name=\"description\" content=\"Download Vawlt for different platforms to interact with your data volumes. Vawlt\u2019s software agent is available for download for several platforms.\" \/>\n<meta name=\"robots\" content=\"index, follow, max-snippet:-1, max-image-preview:large, max-video-preview:-1\" \/>\n<link rel=\"canonical\" href=\"https:\/\/vawlt.io\/pt\/downloads\/\" \/>\n<meta property=\"og:locale\" content=\"pt_PT\" \/>\n<meta property=\"og:type\" content=\"article\" \/>\n<meta property=\"og:title\" content=\"Download Vawlt for macOS, Windows, Linux | Multicloud Storage | Vawlt\" \/>\n<meta property=\"og:description\" content=\"Download Vawlt for different platforms to interact with your data volumes. Vawlt\u2019s software agent is available for download for several platforms.\" \/>\n<meta property=\"og:url\" content=\"https:\/\/vawlt.io\/pt\/downloads\/\" \/>\n<meta property=\"og:site_name\" content=\"Vawlt\" \/>\n<meta property=\"article:publisher\" content=\"https:\/\/www.facebook.com\/vawlt\" \/>\n<meta property=\"article:modified_time\" content=\"2026-03-12T17:50:44+00:00\" \/>\n<meta property=\"og:image\" content=\"https:\/\/vawlt.io\/wp-content\/uploads\/2021\/09\/mockup.png\" \/>\n\t<meta property=\"og:image:width\" content=\"500\" \/>\n\t<meta property=\"og:image:height\" content=\"256\" \/>\n\t<meta property=\"og:image:type\" content=\"image\/png\" \/>\n<meta name=\"twitter:card\" content=\"summary_large_image\" \/>\n<meta name=\"twitter:site\" content=\"@vawltio\" \/>\n<meta name=\"twitter:label1\" content=\"Tempo estimado de leitura\" \/>\n\t<meta name=\"twitter:data1\" content=\"2 minutos\" \/>\n<!-- \/ Yoast SEO plugin. -->","yoast_head_json":{"title":"Download da Vawlt para macOS, Windows, Linux | Armazenamento Multicloud | Vawlt","description":"Descarregue a aplica\u00e7\u00e3o Vawlt para diferentes plataformas, para interagir com os seus volumes de dados. O agente de software da Vawlt est\u00e1 dispon\u00edvel para download para v\u00e1rias plataformas.","robots":{"index":"index","follow":"follow","max-snippet":"max-snippet:-1","max-image-preview":"max-image-preview:large","max-video-preview":"max-video-preview:-1"},"canonical":"https:\/\/vawlt.io\/pt\/downloads\/","og_locale":"pt_PT","og_type":"article","og_title":"Download Vawlt for macOS, Windows, Linux | Multicloud Storage | Vawlt","og_description":"Download Vawlt for different platforms to interact with your data volumes. Vawlt\u2019s software agent is available for download for several platforms.","og_url":"https:\/\/vawlt.io\/pt\/downloads\/","og_site_name":"Vawlt","article_publisher":"https:\/\/www.facebook.com\/vawlt","article_modified_time":"2026-03-12T17:50:44+00:00","og_image":[{"width":500,"height":256,"url":"https:\/\/vawlt.io\/wp-content\/uploads\/2021\/09\/mockup.png","type":"image\/png"}],"twitter_card":"summary_large_image","twitter_site":"@vawltio","twitter_misc":{"Tempo estimado de leitura":"2 minutos"},"schema":{"@context":"https:\/\/schema.org","@graph":[{"@type":"WebPage","@id":"https:\/\/vawlt.io\/downloads\/","url":"https:\/\/vawlt.io\/downloads\/","name":"Download da Vawlt para macOS, Windows, Linux | Armazenamento Multicloud | Vawlt","isPartOf":{"@id":"https:\/\/site-temp.vawlt.io\/#website"},"datePublished":"2021-08-16T13:37:30+00:00","dateModified":"2026-03-12T17:50:44+00:00","description":"Descarregue a aplica\u00e7\u00e3o Vawlt para diferentes plataformas, para interagir com os seus volumes de dados. O agente de software da Vawlt est\u00e1 dispon\u00edvel para download para v\u00e1rias plataformas.","breadcrumb":{"@id":"https:\/\/vawlt.io\/downloads\/#breadcrumb"},"inLanguage":"pt-PT","potentialAction":[{"@type":"ReadAction","target":["https:\/\/vawlt.io\/downloads\/"]}]},{"@type":"BreadcrumbList","@id":"https:\/\/vawlt.io\/downloads\/#breadcrumb","itemListElement":[{"@type":"ListItem","position":1,"name":"Home","item":"https:\/\/vawlt.io\/"},{"@type":"ListItem","position":2,"name":"Downloads"}]},{"@type":"WebSite","@id":"https:\/\/site-temp.vawlt.io\/#website","url":"https:\/\/site-temp.vawlt.io\/","name":"Vawlt","description":"Servi\u00e7o de armazenamento de dados em ambiente multicloud que simplifica a transi\u00e7\u00e3o para a cloud, melhora padr\u00f5es de seguran\u00e7a e otimiza o uso de recursos de armazenamento.","publisher":{"@id":"https:\/\/site-temp.vawlt.io\/#organization"},"potentialAction":[{"@type":"SearchAction","target":{"@type":"EntryPoint","urlTemplate":"https:\/\/site-temp.vawlt.io\/?s={search_term_string}"},"query-input":{"@type":"PropertyValueSpecification","valueRequired":true,"valueName":"search_term_string"}}],"inLanguage":"pt-PT"},{"@type":"Organization","@id":"https:\/\/site-temp.vawlt.io\/#organization","name":"Vawlt","url":"https:\/\/site-temp.vawlt.io\/","logo":{"@type":"ImageObject","inLanguage":"pt-PT","@id":"https:\/\/site-temp.vawlt.io\/#\/schema\/logo\/image\/","url":"http:\/\/vawlt.io\/wp-content\/uploads\/2021\/08\/logo_vawlt_business.png","contentUrl":"http:\/\/vawlt.io\/wp-content\/uploads\/2021\/08\/logo_vawlt_business.png","width":576,"height":92,"caption":"Vawlt"},"image":{"@id":"https:\/\/site-temp.vawlt.io\/#\/schema\/logo\/image\/"},"sameAs":["https:\/\/www.facebook.com\/vawlt","https:\/\/x.com\/vawltio","https:\/\/www.linkedin.com\/company\/vawlt","https:\/\/www.youtube.com\/channel\/UCYzlYYg7j_07CFi8Be0eAMw"]}]}},"_links":{"self":[{"href":"https:\/\/vawlt.io\/pt\/wp-json\/wp\/v2\/pages\/722","targetHints":{"allow":["GET"]}}],"collection":[{"href":"https:\/\/vawlt.io\/pt\/wp-json\/wp\/v2\/pages"}],"about":[{"href":"https:\/\/vawlt.io\/pt\/wp-json\/wp\/v2\/types\/page"}],"author":[{"embeddable":true,"href":"https:\/\/vawlt.io\/pt\/wp-json\/wp\/v2\/users\/8"}],"replies":[{"embeddable":true,"href":"https:\/\/vawlt.io\/pt\/wp-json\/wp\/v2\/comments?post=722"}],"version-history":[{"count":60,"href":"https:\/\/vawlt.io\/pt\/wp-json\/wp\/v2\/pages\/722\/revisions"}],"predecessor-version":[{"id":6046,"href":"https:\/\/vawlt.io\/pt\/wp-json\/wp\/v2\/pages\/722\/revisions\/6046"}],"wp:attachment":[{"href":"https:\/\/vawlt.io\/pt\/wp-json\/wp\/v2\/media?parent=722"}],"curies":[{"name":"wp","href":"https:\/\/api.w.org\/{rel}","templated":true}]}}