{"id":729,"date":"2021-08-16T14:17:09","date_gmt":"2021-08-16T14:17:09","guid":{"rendered":"http:\/\/vawlt.io\/?page_id=729"},"modified":"2022-03-04T17:20:49","modified_gmt":"2022-03-04T17:20:49","slug":"help-center","status":"publish","type":"page","link":"https:\/\/vawlt.io\/pt\/suporte\/centro-de-ajuda\/","title":{"rendered":"Centro de Ajuda"},"content":{"rendered":"<section class=\"section dark\" id=\"section_1598394420\">\n\t\t<div class=\"bg section-bg fill bg-fill  bg-loaded\" >\n\n\t\t\t\n\t\t\t\n\t\t\t\n\n\t\t<\/div>\n\n\t\t<div class=\"section-content relative\">\n\t\t\t\n\n<div class=\"row\"  id=\"row-1544458569\">\n\n\n\t<div id=\"col-75805896\" class=\"col small-12 large-12\"  >\n\t\t\t\t<div class=\"col-inner\"  >\n\t\t\t\n\t\t\t\n\n\t<div id=\"text-4259461949\" class=\"text\">\n\t\t\n\n<h1><strong>Centro de Ajuda Vawlt<\/strong><\/h1>\n\t\t\n<style>\n#text-4259461949 {\n  font-size: 1.6rem;\n}\n<\/style>\n\t<\/div>\n\t\n<p class=\"translation-block\">Bem-vindo ao <strong>Centro de Ajuda Vawlt<\/strong>! Aqui poder\u00e1 encontrar respostas para uma s\u00e9rie de situa\u00e7\u00f5es, ler <strong>Quest\u00f5es Frequentes<\/strong> e ver <strong>tutoriais em v\u00eddeo<\/strong> que o podem ajudar atrav\u00e9s do processo de configura\u00e7\u00e3o. Al\u00e9m disso, <strong> a nossa equipa est\u00e1 dispon\u00edvel<\/strong> para o ajudar se for necess\u00e1rio.<\/p>\n\n\t\t<\/div>\n\t\t\t\t\n<style>\n#col-75805896 > .col-inner {\n  padding: 50px 20px 20px 20px;\n}\n@media (min-width:850px) {\n  #col-75805896 > .col-inner {\n    padding: 80px 0px 45px 0px;\n  }\n}\n<\/style>\n\t<\/div>\n\n\t\n\n<\/div>\n\n\t\t<\/div>\n\n\t\t\n<style>\n#section_1598394420 {\n  padding-top: 0px;\n  padding-bottom: 0px;\n  background-color: rgb(48, 100, 137);\n}\n<\/style>\n\t<\/section>\n\t\n\t<section class=\"section\" id=\"section_1031903435\">\n\t\t<div class=\"bg section-bg fill bg-fill  bg-loaded\" >\n\n\t\t\t\n\t\t\t\n\t\t\t\n\n\t\t<\/div>\n\n\t\t<div class=\"section-content relative\">\n\t\t\t\n\n<div class=\"row\"  id=\"row-54866929\">\n\n\n\t<div id=\"col-989232358\" class=\"col small-12 large-12\"  >\n\t\t\t\t<div class=\"col-inner\"  >\n\t\t\t\n\t\t\t\n\n\t<div id=\"text-1586396162\" class=\"text\">\n\t\t\n\n<h2><strong>Quest\u00f5es Frequentes<\/strong><\/h2>\n\t\t\n<style>\n#text-1586396162 {\n  font-size: 1.2rem;\n}\n<\/style>\n\t<\/div>\n\t\n<div class=\"accordion\" rel=\"1\">\n\n<div class=\"accordion-item tabs-css\"><a href=\"#\" class=\"accordion-title plain\"><button class=\"toggle\"><i class=\"icon-angle-down\"><\/i><\/button><span>Como posso come\u00e7ar a utilizar a Vawlt para armazenar dados?<\/span><\/a><div class=\"accordion-inner\">\n\n<p>Para que possa utilizar a Vawlt, tudo o que se segue ter\u00e1 de acontecer:<\/p>\n<ol>\n<li>O administrador da sua empresa deve adicion\u00e1-lo como um utilizador da empresa,<\/li>\n<li>Deve activar a sua conta definindo a sua palavra-passe, atrav\u00e9s da liga\u00e7\u00e3o que receber\u00e1 no seu e-mail,<\/li>\n<li>O administrador da sua empresa deve conceder-lhe acesso a um, ou mais volumes de dados,<\/li>\n<li>Deve descarregar e instalar a aplica\u00e7\u00e3o Vawlt nos dispositivos aos quais pretende aceder os volumes de dados aos quais lhe foi concedido acesso, e<\/li>\n<li>Deve iniciar sess\u00e3o com a sua conta.<\/li>\n<\/ol>\n\n<\/div><\/div>\n<div class=\"accordion-item\"><a href=\"#\" class=\"accordion-title plain\"><button class=\"toggle\"><i class=\"icon-angle-down\"><\/i><\/button><span>Porque preciso de descarregar e instalar a Vawlt para aceder aos meus dados?<\/span><\/a><div class=\"accordion-inner\">\n\n<p>Porque a Vawlt tem uma arquitectura centrada em dados. Isto significa que todos os dados que armazena com a Vawlt nunca passar\u00e3o pelos nossos servidores; viajam directamente entre os seus dispositivos e os fornecedores de cloud utilizados em cada volume.<\/p>\n\n<\/div><\/div>\n<div class=\"accordion-item\"><a href=\"#\" class=\"accordion-title plain\"><button class=\"toggle\"><i class=\"icon-angle-down\"><\/i><\/button><span>Posso partilhar pastas com outros utilizadores?<\/span><\/a><div class=\"accordion-inner\">\n\n<p>Sim, se a pasta estiver vazia quando se inicia a partilha. No dispositivo que est\u00e1 a utilizar para aceder \u00e0 Vawlt, v\u00e1 \u00e0 pasta raiz da Vawlt e crie uma nova pasta no seu interior. Depois, clique com o bot\u00e3o direito do rato sobre a pasta e v\u00e1 a Vawlt &gt;&gt; Partilhar para adicionar membros a esta pasta. Pode ent\u00e3o come\u00e7ar a adicionar conte\u00fado a essa pasta, e tamb\u00e9m adicionar e remover utilizadores.<\/p>\n\n<\/div><\/div>\n<div class=\"accordion-item\"><a href=\"#\" class=\"accordion-title plain\"><button class=\"toggle\"><i class=\"icon-angle-down\"><\/i><\/button><span>Posso aceder \u00e0 Vawlt em v\u00e1rios dispositivos?<\/span><\/a><div class=\"accordion-inner\">\n\n<p>Sim, pode iniciar sess\u00e3o com a sua conta Vawlt em v\u00e1rios dispositivos. Todos os dispositivos ser\u00e3o capazes de interagir com os volumes a que lhe foi concedido acesso.<\/p>\n\n<\/div><\/div>\n<div class=\"accordion-item\"><a href=\"#\" class=\"accordion-title plain\"><button class=\"toggle\"><i class=\"icon-angle-down\"><\/i><\/button><span>Onde est\u00e3o armazenados os meus dados?<\/span><\/a><div class=\"accordion-inner\">\n\n<p>Para cada volume, os seus dados ser\u00e3o armazenados nos fornecedores e locais seleccionados pelo administrador da sua empresa para esse volume espec\u00edfico. Para mais informa\u00e7\u00f5es, por favor contacte a administra\u00e7\u00e3o da sua empresa.<\/p>\n\n<\/div><\/div>\n<div class=\"accordion-item\"><a href=\"#\" class=\"accordion-title plain\"><button class=\"toggle\"><i class=\"icon-angle-down\"><\/i><\/button><span>O que acontece se um ficheiro ou pasta for apagado por mim, ou por algu\u00e9m com quem os partilhe?<\/span><\/a><div class=\"accordion-inner\">\n\n<p>O ficheiro ou pasta s\u00e3o permanentemente apagados e n\u00e3o h\u00e1 como voltar atr\u00e1s.<\/p>\n\n<\/div><\/div>\n<div class=\"accordion-item\"><a href=\"#\" class=\"accordion-title plain\"><button class=\"toggle\"><i class=\"icon-angle-down\"><\/i><\/button><span>Esqueci-me da minha palavra-passe, o que devo fazer?<\/span><\/a><div class=\"accordion-inner\">\n\n<p>No caso de perder ou esquecer a sua palavra-passe, ajudamo-lo a definir uma nova palavra-passe. Quando se regista pela primeira vez na Vawlt utilizando o nosso software, fornecemos-lhe um segredo que s\u00f3 \u00e9 mostrado uma vez, e que aconselhamos a guardar num local seguro. Quando pedir uma nova palavra-passe no ecr\u00e3 de in\u00edcio de sess\u00e3o do seu software Vawlt, iniciaremos um processo seguro de reinicializa\u00e7\u00e3o que, a dada altura, lhe pedir\u00e1 o segredo acima mencionado.<\/p>\n\n<\/div><\/div>\n<div class=\"accordion-item\"><a href=\"#\" class=\"accordion-title plain\"><button class=\"toggle\"><i class=\"icon-angle-down\"><\/i><\/button><span>Posso interagir com a Vawlt atrav\u00e9s da linha de comando?<\/span><\/a><div class=\"accordion-inner\">\n\n<p>Sim, Vawlt tem uma interface de linha de comando (CLI) dispon\u00edvel para utilizar. Para mais detalhes, descarregue o nosso Guia Vawlt CLI.<\/p>\n\n<\/div><\/div>\n\n<\/div>\n\n\t\t<\/div>\n\t\t\t\t\n<style>\n#col-989232358 > .col-inner {\n  padding: 0px 20px 0px 20px;\n}\n<\/style>\n\t<\/div>\n\n\t\n\n<\/div>\n\n\t\t<\/div>\n\n\t\t\n<style>\n#section_1031903435 {\n  padding-top: 50px;\n  padding-bottom: 50px;\n  background-color: rgb(255, 255, 255);\n}\n@media (min-width:550px) {\n  #section_1031903435 {\n    padding-top: 50px;\n    padding-bottom: 50px;\n  }\n}\n@media (min-width:850px) {\n  #section_1031903435 {\n    padding-top: 80px;\n    padding-bottom: 80px;\n  }\n}\n<\/style>\n\t<\/section>\n\t\n\t<section class=\"section\" id=\"section_1612894002\">\n\t\t<div class=\"bg section-bg fill bg-fill  bg-loaded\" >\n\n\t\t\t\n\t\t\t\n\t\t\t\n\n\t\t<\/div>\n\n\t\t<div class=\"section-content relative\">\n\t\t\t\n\n<div class=\"row\"  id=\"row-1134795915\">\n\n\n\t<div id=\"col-340865111\" class=\"col medium-6 small-12 large-6 small-col-first\"  >\n\t\t\t\t<div class=\"col-inner\"  >\n\t\t\t\n\t\t\t\n\n\t<div class=\"img has-hover x md-x lg-x y md-y lg-y\" id=\"image_1070554684\">\n\t\t\t\t\t\t\t\t<div class=\"img-inner dark\" >\n\t\t\t<img loading=\"lazy\" decoding=\"async\" width=\"935\" height=\"727\" src=\"https:\/\/vawlt.io\/wp-content\/uploads\/2021\/09\/docs.png\" class=\"attachment-large size-large\" alt=\"\" srcset=\"https:\/\/vawlt.io\/wp-content\/uploads\/2021\/09\/docs.png 935w, https:\/\/vawlt.io\/wp-content\/uploads\/2021\/09\/docs-300x233.png 300w, https:\/\/vawlt.io\/wp-content\/uploads\/2021\/09\/docs-768x597.png 768w\" sizes=\"auto, (max-width: 935px) 100vw, 935px\" \/>\t\t\t\t\t\t\n\t\t\t\t\t<\/div>\n\t\t\t\t\t\t\t\t\n<style>\n#image_1070554684 {\n  width: 100%;\n}\n<\/style>\n\t<\/div>\n\t\n\n\n\t\t<\/div>\n\t\t\t\t\n<style>\n#col-340865111 > .col-inner {\n  padding: 0px 20px 0px 20px;\n}\n@media (min-width:550px) {\n  #col-340865111 > .col-inner {\n    padding: 0px 0px 0px 20px;\n  }\n}\n<\/style>\n\t<\/div>\n\n\t\n\n\t<div id=\"col-416184513\" class=\"col medium-6 small-12 large-6\"  >\n\t\t\t\t<div class=\"col-inner\"  >\n\t\t\t\n\t\t\t\n\n\t<div id=\"text-252240690\" class=\"text\">\n\t\t\n\n<h2><strong>Vawlt Docs<\/strong><\/h2>\n\t\t\n<style>\n#text-252240690 {\n  font-size: 1.2rem;\n}\n<\/style>\n\t<\/div>\n\t\n<div class=\"h20-guide-plank-core__text\">\n<p>Descubra a nossa extensa documenta\u00e7\u00e3o relacionada com todos os aspectos da Dynamic Storage Platform e do agente de software da Vawlt.<\/p>\n<\/div>\n<a rel=\"noopener noreferrer\" href=\"https:\/\/docs.vawlt.io\" target=\"_blank\" class=\"button primary is-outline\"  style=\"border-radius:5px;\">\n    <span>Para a documenta\u00e7\u00e3o<\/span>\n  <\/a>\n\n\n\n\t\t<\/div>\n\t\t\t\t\n<style>\n#col-416184513 > .col-inner {\n  padding: 0px 20px 0px 20px;\n}\n@media (min-width:550px) {\n  #col-416184513 > .col-inner {\n    padding: 0px 20px 0px 0px;\n  }\n}\n<\/style>\n\t<\/div>\n\n\t\n\n<\/div>\n\n\t\t<\/div>\n\n\t\t\n<style>\n#section_1612894002 {\n  padding-top: 50px;\n  padding-bottom: 50px;\n  background-color: rgb(248, 250, 250);\n}\n@media (min-width:850px) {\n  #section_1612894002 {\n    padding-top: 80px;\n    padding-bottom: 80px;\n  }\n}\n<\/style>\n\t<\/section>\n\t\n\t<section class=\"section\" id=\"section_1945124398\">\n\t\t<div class=\"bg section-bg fill bg-fill  bg-loaded\" >\n\n\t\t\t\n\t\t\t\n\t\t\t\n\n\t\t<\/div>\n\n\t\t<div class=\"section-content relative\">\n\t\t\t\n\n<div class=\"row\"  id=\"row-846678764\">\n\n\n\t<div id=\"col-429801754\" class=\"col medium-6 small-12 large-6\"  >\n\t\t\t\t<div class=\"col-inner\"  >\n\t\t\t\n\t\t\t\n\n\t<div id=\"text-2084659513\" class=\"text\">\n\t\t\n\n<h2><strong>Tutoriais em V\u00eddeo<\/strong><\/h2>\n\t\t\n<style>\n#text-2084659513 {\n  font-size: 1.2rem;\n}\n<\/style>\n\t<\/div>\n\t\n<div class=\"h20-guide-plank-core__text\">\n<p>Consulte os nossos tutoriais em v\u00eddeo que o podem ajudar a aprender conceitos centrais e caracter\u00edsticas avan\u00e7adas.<\/p>\n<\/div>\n<a href=\"\/pt\/suporte\/tutoriais\/\" target=\"_self\" class=\"button primary is-outline\"  style=\"border-radius:5px;\">\n    <span>Ver v\u00eddeos<\/span>\n  <\/a>\n\n\n\n\t\t<\/div>\n\t\t\t\t\n<style>\n#col-429801754 > .col-inner {\n  padding: 0px 20px 0px 20px;\n}\n@media (min-width:550px) {\n  #col-429801754 > .col-inner {\n    padding: 0px 0px 0px 20px;\n  }\n}\n<\/style>\n\t<\/div>\n\n\t\n\n\t<div id=\"col-1296370868\" class=\"col medium-6 small-12 large-6 small-col-first\"  >\n\t\t\t\t<div class=\"col-inner\"  >\n\t\t\t\n\t\t\t\n\n\t<div class=\"img has-hover x md-x lg-x y md-y lg-y\" id=\"image_1086963846\">\n\t\t\t\t\t\t\t\t<div class=\"img-inner dark\" >\n\t\t\t<img loading=\"lazy\" decoding=\"async\" width=\"935\" height=\"727\" src=\"https:\/\/vawlt.io\/wp-content\/uploads\/2021\/09\/videos-help.png\" class=\"attachment-large size-large\" alt=\"\" srcset=\"https:\/\/vawlt.io\/wp-content\/uploads\/2021\/09\/videos-help.png 935w, https:\/\/vawlt.io\/wp-content\/uploads\/2021\/09\/videos-help-300x233.png 300w, https:\/\/vawlt.io\/wp-content\/uploads\/2021\/09\/videos-help-768x597.png 768w\" sizes=\"auto, (max-width: 935px) 100vw, 935px\" \/>\t\t\t\t\t\t\n\t\t\t\t\t<\/div>\n\t\t\t\t\t\t\t\t\n<style>\n#image_1086963846 {\n  width: 100%;\n}\n<\/style>\n\t<\/div>\n\t\n\n\n\t\t<\/div>\n\t\t\t\t\n<style>\n#col-1296370868 > .col-inner {\n  padding: 0px 20px 0px 20px;\n}\n@media (min-width:550px) {\n  #col-1296370868 > .col-inner {\n    padding: 0px 20px 0px 0px;\n  }\n}\n<\/style>\n\t<\/div>\n\n\t\n\n<\/div>\n\n\t\t<\/div>\n\n\t\t\n<style>\n#section_1945124398 {\n  padding-top: 50px;\n  padding-bottom: 50px;\n  background-color: rgb(255, 255, 255);\n}\n@media (min-width:850px) {\n  #section_1945124398 {\n    padding-top: 80px;\n    padding-bottom: 80px;\n  }\n}\n<\/style>\n\t<\/section>\n\t\n\t<section class=\"section\" id=\"section_1498142225\">\n\t\t<div class=\"bg section-bg fill bg-fill  bg-loaded\" >\n\n\t\t\t\n\t\t\t\n\t\t\t\n\n\t\t<\/div>\n\n\t\t<div class=\"section-content relative\">\n\t\t\t\n\n\t<div id=\"gap-298534473\" class=\"gap-element clearfix\" style=\"display:block; height:auto;\">\n\t\t\n<style>\n#gap-298534473 {\n  padding-top: 40px;\n}\n<\/style>\n\t<\/div>\n\t\n\n<div class=\"row row-collapse align-middle\"  id=\"row-533045562\">\n\n\n\t<div id=\"col-1750135351\" class=\"col medium-6 small-12 large-6\"  >\n\t\t\t\t<div class=\"col-inner text-left\"  >\n\t\t\t\n\t\t\t\n\n\t<div id=\"text-2068767709\" class=\"text\">\n\t\t\n\n<h3 style=\"font-weight: 600;\">N\u00e3o deixe que o ransomware pare a sua empresa<\/h3>\n\t\t\n<style>\n#text-2068767709 {\n  font-size: 1rem;\n  text-align: center;\n}\n@media (min-width:550px) {\n  #text-2068767709 {\n    text-align: left;\n  }\n}\n<\/style>\n\t<\/div>\n\t\n\t<div id=\"text-2617529836\" class=\"text\">\n\t\t\n\n<h2><span style=\"font-weight: 600; color: #21bffc;\">\u00c9 f\u00e1cil<\/span><span style=\"font-weight: 600; color: #000000;\">\u00a0come\u00e7ar.<br \/><\/span><\/h2>\n\t\t\n<style>\n#text-2617529836 {\n  font-size: 1.6rem;\n  text-align: center;\n}\n@media (min-width:550px) {\n  #text-2617529836 {\n    text-align: left;\n  }\n}\n<\/style>\n\t<\/div>\n\t\n\n\t\t<\/div>\n\t\t\t\t\n<style>\n#col-1750135351 > .col-inner {\n  padding: 0px 20px 0px 20px;\n}\n@media (min-width:550px) {\n  #col-1750135351 > .col-inner {\n    padding: 0px 0px 0px 20px;\n  }\n}\n<\/style>\n\t<\/div>\n\n\t\n\n\t<div id=\"col-1773593190\" class=\"col hide-for-medium medium-6 small-12 large-6\"  >\n\t\t\t\t<div class=\"col-inner text-right\"  >\n\t\t\t\n\t\t\t\n\n<a href=\"http:\/\/vawlt.io\/pt\/pedir-uma-demo\/\" target=\"_self\" class=\"button primary is-large\"  style=\"border-radius:5px;\">\n    <span>Pedir uma Demo<\/span>\n  <\/a>\n\n\n\n\t\t<\/div>\n\t\t\t\t\n<style>\n#col-1773593190 > .col-inner {\n  padding: 0px 20px 0px 20px;\n}\n@media (min-width:550px) {\n  #col-1773593190 > .col-inner {\n    padding: 0px 20px 0px 0px;\n  }\n}\n<\/style>\n\t<\/div>\n\n\t\n\n\t<div id=\"col-1502949985\" class=\"col show-for-medium hide-for-small medium-6 small-12 large-6\"  >\n\t\t\t\t<div class=\"col-inner text-right\"  >\n\t\t\t\n\t\t\t\n\n<a href=\"http:\/\/vawlt.io\/pt\/pedir-uma-demo\/\" target=\"_self\" class=\"button primary\"  style=\"border-radius:5px;\">\n    <span>Pedir uma Demo<\/span>\n  <\/a>\n\n\n\n\t\t<\/div>\n\t\t\t\t\n<style>\n#col-1502949985 > .col-inner {\n  padding: 0px 20px 0px 20px;\n}\n@media (min-width:550px) {\n  #col-1502949985 > .col-inner {\n    padding: 0px 20px 0px 0px;\n  }\n}\n<\/style>\n\t<\/div>\n\n\t\n\n\t<div id=\"col-233315205\" class=\"col show-for-small medium-6 small-12 large-6\"  >\n\t\t\t\t<div class=\"col-inner text-center\"  >\n\t\t\t\n\t\t\t\n\n\t<div id=\"gap-680698972\" class=\"gap-element clearfix\" style=\"display:block; height:auto;\">\n\t\t\n<style>\n#gap-680698972 {\n  padding-top: 23px;\n}\n@media (min-width:550px) {\n  #gap-680698972 {\n    padding-top: 40px;\n  }\n}\n<\/style>\n\t<\/div>\n\t\n\n<a href=\"http:\/\/vawlt.io\/pt\/pedir-uma-demo\/\" target=\"_self\" class=\"button primary is-small\"  style=\"border-radius:5px;\">\n    <span>Pedir uma Demo<\/span>\n  <\/a>\n\n\n\n\t\t<\/div>\n\t\t\t\t\n<style>\n#col-233315205 > .col-inner {\n  padding: 0px 20px 0px 20px;\n}\n@media (min-width:550px) {\n  #col-233315205 > .col-inner {\n    padding: 0px 20px 0px 0px;\n  }\n}\n<\/style>\n\t<\/div>\n\n\t\n\n<\/div>\n\n\t\t<\/div>\n\n\t\t\n<style>\n#section_1498142225 {\n  padding-top: 30px;\n  padding-bottom: 30px;\n  background-color: rgb(244, 247, 249);\n}\n<\/style>\n\t<\/section>","protected":false},"excerpt":{"rendered":"","protected":false},"author":8,"featured_media":0,"parent":2186,"menu_order":0,"comment_status":"closed","ping_status":"closed","template":"page-blank.php","meta":{"footnotes":""},"class_list":["post-729","page","type-page","status-publish","hentry"],"yoast_head":"<!-- This site is optimized with the Yoast SEO plugin v26.2 - https:\/\/yoast.com\/wordpress\/plugins\/seo\/ -->\n<title>Help Center | Support | Multicloud Storage | Vawlt<\/title>\n<meta name=\"description\" content=\"Here you can check the FAQ and see video tutorials that can help you through the configuration process. Also, our team is available to assist you.\" \/>\n<meta name=\"robots\" content=\"index, follow, max-snippet:-1, max-image-preview:large, max-video-preview:-1\" \/>\n<link rel=\"canonical\" href=\"https:\/\/site-temp.vawlt.io\/support\/help-center\/\" \/>\n<meta property=\"og:locale\" content=\"pt_PT\" \/>\n<meta property=\"og:type\" content=\"article\" \/>\n<meta property=\"og:title\" content=\"Help Center | Support | Multicloud Storage | Vawlt\" \/>\n<meta property=\"og:description\" content=\"Here you can check the FAQ and see video tutorials that can help you through the configuration process. Also, our team is available to assist you.\" \/>\n<meta property=\"og:url\" content=\"https:\/\/site-temp.vawlt.io\/support\/help-center\/\" \/>\n<meta property=\"og:site_name\" content=\"Vawlt\" \/>\n<meta property=\"article:publisher\" content=\"https:\/\/www.facebook.com\/vawlt\" \/>\n<meta property=\"article:modified_time\" content=\"2022-03-04T17:20:49+00:00\" \/>\n<meta property=\"og:image\" content=\"https:\/\/vawlt.io\/wp-content\/uploads\/2021\/09\/mockup.png\" \/>\n\t<meta property=\"og:image:width\" content=\"500\" \/>\n\t<meta property=\"og:image:height\" content=\"256\" \/>\n\t<meta property=\"og:image:type\" content=\"image\/png\" \/>\n<meta name=\"twitter:card\" content=\"summary_large_image\" \/>\n<meta name=\"twitter:site\" content=\"@vawltio\" \/>\n<meta name=\"twitter:label1\" content=\"Tempo estimado de leitura\" \/>\n\t<meta name=\"twitter:data1\" content=\"3 minutos\" \/>\n<!-- \/ Yoast SEO plugin. -->","yoast_head_json":{"title":"Centro de Ajuda | Suporte | Armazenamento Multicloud | Vawlt","description":"Aqui pode consultar as FAQ e ver tutoriais em v\u00eddeo que o podem ajudar durante o processo de configura\u00e7\u00e3o. Al\u00e9m disso, a nossa equipa est\u00e1 dispon\u00edvel para o ajudar.","robots":{"index":"index","follow":"follow","max-snippet":"max-snippet:-1","max-image-preview":"max-image-preview:large","max-video-preview":"max-video-preview:-1"},"canonical":"https:\/\/site-temp.vawlt.io\/support\/help-center\/","og_locale":"pt_PT","og_type":"article","og_title":"Help Center | Support | Multicloud Storage | Vawlt","og_description":"Here you can check the FAQ and see video tutorials that can help you through the configuration process. Also, our team is available to assist you.","og_url":"https:\/\/site-temp.vawlt.io\/support\/help-center\/","og_site_name":"Vawlt","article_publisher":"https:\/\/www.facebook.com\/vawlt","article_modified_time":"2022-03-04T17:20:49+00:00","og_image":[{"width":500,"height":256,"url":"https:\/\/vawlt.io\/wp-content\/uploads\/2021\/09\/mockup.png","type":"image\/png"}],"twitter_card":"summary_large_image","twitter_site":"@vawltio","twitter_misc":{"Tempo estimado de leitura":"3 minutos"},"schema":{"@context":"https:\/\/schema.org","@graph":[{"@type":["WebPage","FAQPage"],"@id":"https:\/\/site-temp.vawlt.io\/support\/help-center\/","url":"https:\/\/site-temp.vawlt.io\/support\/help-center\/","name":"Centro de Ajuda | Suporte | Armazenamento Multicloud | Vawlt","isPartOf":{"@id":"https:\/\/site-temp.vawlt.io\/#website"},"datePublished":"2021-08-16T14:17:09+00:00","dateModified":"2022-03-04T17:20:49+00:00","description":"Aqui pode consultar as FAQ e ver tutoriais em v\u00eddeo que o podem ajudar durante o processo de configura\u00e7\u00e3o. Al\u00e9m disso, a nossa equipa est\u00e1 dispon\u00edvel para o ajudar.","breadcrumb":{"@id":"https:\/\/site-temp.vawlt.io\/support\/help-center\/#breadcrumb"},"inLanguage":"pt-PT","potentialAction":[{"@type":"ReadAction","target":["https:\/\/site-temp.vawlt.io\/support\/help-center\/"]}]},{"@type":"BreadcrumbList","@id":"https:\/\/site-temp.vawlt.io\/support\/help-center\/#breadcrumb","itemListElement":[{"@type":"ListItem","position":1,"name":"Home","item":"https:\/\/vawlt.io\/"},{"@type":"ListItem","position":2,"name":"Support","item":"https:\/\/site-temp.vawlt.io\/support\/"},{"@type":"ListItem","position":3,"name":"Help Center\/FAQ"}]},{"@type":"WebSite","@id":"https:\/\/site-temp.vawlt.io\/#website","url":"https:\/\/site-temp.vawlt.io\/","name":"Vawlt","description":"Servi\u00e7o de armazenamento de dados em ambiente multicloud que simplifica a transi\u00e7\u00e3o para a cloud, melhora padr\u00f5es de seguran\u00e7a e otimiza o uso de recursos de armazenamento.","publisher":{"@id":"https:\/\/site-temp.vawlt.io\/#organization"},"potentialAction":[{"@type":"SearchAction","target":{"@type":"EntryPoint","urlTemplate":"https:\/\/site-temp.vawlt.io\/?s={search_term_string}"},"query-input":{"@type":"PropertyValueSpecification","valueRequired":true,"valueName":"search_term_string"}}],"inLanguage":"pt-PT"},{"@type":"Organization","@id":"https:\/\/site-temp.vawlt.io\/#organization","name":"Vawlt","url":"https:\/\/site-temp.vawlt.io\/","logo":{"@type":"ImageObject","inLanguage":"pt-PT","@id":"https:\/\/site-temp.vawlt.io\/#\/schema\/logo\/image\/","url":"http:\/\/vawlt.io\/wp-content\/uploads\/2021\/08\/logo_vawlt_business.png","contentUrl":"http:\/\/vawlt.io\/wp-content\/uploads\/2021\/08\/logo_vawlt_business.png","width":576,"height":92,"caption":"Vawlt"},"image":{"@id":"https:\/\/site-temp.vawlt.io\/#\/schema\/logo\/image\/"},"sameAs":["https:\/\/www.facebook.com\/vawlt","https:\/\/x.com\/vawltio","https:\/\/www.linkedin.com\/company\/vawlt","https:\/\/www.youtube.com\/channel\/UCYzlYYg7j_07CFi8Be0eAMw"]}]}},"_links":{"self":[{"href":"https:\/\/vawlt.io\/pt\/wp-json\/wp\/v2\/pages\/729","targetHints":{"allow":["GET"]}}],"collection":[{"href":"https:\/\/vawlt.io\/pt\/wp-json\/wp\/v2\/pages"}],"about":[{"href":"https:\/\/vawlt.io\/pt\/wp-json\/wp\/v2\/types\/page"}],"author":[{"embeddable":true,"href":"https:\/\/vawlt.io\/pt\/wp-json\/wp\/v2\/users\/8"}],"replies":[{"embeddable":true,"href":"https:\/\/vawlt.io\/pt\/wp-json\/wp\/v2\/comments?post=729"}],"version-history":[{"count":34,"href":"https:\/\/vawlt.io\/pt\/wp-json\/wp\/v2\/pages\/729\/revisions"}],"predecessor-version":[{"id":2248,"href":"https:\/\/vawlt.io\/pt\/wp-json\/wp\/v2\/pages\/729\/revisions\/2248"}],"up":[{"embeddable":true,"href":"https:\/\/vawlt.io\/pt\/wp-json\/wp\/v2\/pages\/2186"}],"wp:attachment":[{"href":"https:\/\/vawlt.io\/pt\/wp-json\/wp\/v2\/media?parent=729"}],"curies":[{"name":"wp","href":"https:\/\/api.w.org\/{rel}","templated":true}]}}