{"id":753,"date":"2021-08-17T08:17:38","date_gmt":"2021-08-17T08:17:38","guid":{"rendered":"http:\/\/vawlt.io\/?page_id=753"},"modified":"2023-12-06T18:16:49","modified_gmt":"2023-12-06T18:16:49","slug":"pt2020","status":"publish","type":"page","link":"https:\/\/vawlt.io\/pt\/pt2020\/","title":{"rendered":"PT2020"},"content":{"rendered":"<section class=\"section\" id=\"section_1776653721\">\n\t\t<div class=\"bg section-bg fill bg-fill  bg-loaded\" >\n\n\t\t\t\n\t\t\t\n\t\t\t\n\n\t\t<\/div>\n\n\t\t<div class=\"section-content relative\">\n\t\t\t\n\n\t<div id=\"gap-220337532\" class=\"gap-element clearfix\" style=\"display:block; height:auto;\">\n\t\t\n<style>\n#gap-220337532 {\n  padding-top: 30px;\n}\n<\/style>\n\t<\/div>\n\t\n\n<div class=\"row\"  id=\"row-1578991422\">\n\n\n\t<div id=\"col-300473024\" class=\"col small-12 large-12\"  >\n\t\t\t\t<div class=\"col-inner\"  >\n\t\t\t\n\t\t\t\n\n\t<div class=\"img has-hover x md-x lg-x y md-y lg-y\" id=\"image_1215203499\">\n\t\t\t\t\t\t\t\t<div class=\"img-inner dark\" >\n\t\t\t<img loading=\"lazy\" decoding=\"async\" width=\"1\" height=\"1\" src=\"https:\/\/vawlt.io\/wp-content\/uploads\/2021\/08\/Lisboa2020_feei-1.svg\" class=\"attachment-large size-large\" alt=\"\" \/>\t\t\t\t\t\t\n\t\t\t\t\t<\/div>\n\t\t\t\t\t\t\t\t\n<style>\n#image_1215203499 {\n  width: 50%;\n}\n<\/style>\n\t<\/div>\n\t\n\n\n\t\t<\/div>\n\t\t\t\t\t<\/div>\n\n\t\n\n<\/div>\n<div class=\"row\"  id=\"row-972177683\">\n\n\n\t<div id=\"col-1030551879\" class=\"col small-12 large-12\"  >\n\t\t\t\t<div class=\"col-inner\"  >\n\t\t\t\n\t\t\t\n\n<p><strong>Designa\u00e7\u00e3o do projeto | <\/strong> Internacionaliza\u00e7\u00e3o da Vawlt por via da crescente digitaliza\u00e7\u00e3o e inser\u00e7\u00e3o da oferta nos canais digitais<\/p>\n<p><strong>C\u00f3digo do projeto | <\/strong> LISBOA-02-0752-FEDER-047773<\/p>\n<p><strong>Objetivo principal | <\/strong> 02-Refor\u00e7ar a Competitividade das PME<\/p>\n<p><strong>Regi\u00e3o de interven\u00e7\u00e3o | <\/strong> Programa Operacional Regional de Lisboa<\/p>\n<p><strong>Entidade benefici\u00e1ria | <\/strong> VAWLT TECHNOLOGIES, S.A. <\/p>\n\n\t\t<\/div>\n\t\t\t\t\t<\/div>\n\n\t\n\n\t<div id=\"col-220314051\" class=\"col small-12 large-12\"  >\n\t\t\t\t<div class=\"col-inner\"  >\n\t\t\t\n\t\t\t\n\n<p><strong>Data da aprova\u00e7\u00e3o | <\/strong> 15\/10\/2020<\/p>\n<p><strong>Data de in\u00edcio | <\/strong> 01\/12\/2020<\/p>\n<p><strong>Data de conclus\u00e3o | <\/strong> 30\/06\/2023<\/p>\n<p><strong>Custo total eleg\u00edvel | <\/strong> 183.805,00 EUR<\/p>\n<p><strong>Apoio financeiro da Uni\u00e3o Europeia | <\/strong> FEDER &#8211; 73.522,00 EUR<\/p>\n<p><strong>Apoio financeiro p\u00fablico nacional\/regional | <\/strong> N\u00e3o aplic\u00e1vel<\/p>\n\n\t\t<\/div>\n\t\t\t\t\t<\/div>\n\n\t\n\n\t<div id=\"col-1727348114\" class=\"col small-12 large-12\"  >\n\t\t\t\t<div class=\"col-inner\"  >\n\t\t\t\n\t\t\t\n\n<p><strong>Objetivos, atividades e resultados esperados\/atingidos:<\/strong>O desenvolvimento e aplica\u00e7\u00e3o de novos modelos empresariais para as PME, especialmente no que respeita \u00e0 internacionaliza\u00e7\u00e3o. O projeto visa alavancar o neg\u00f3cio global da Vawlt, atrav\u00e9s da divulga\u00e7\u00e3o da sua oferta nos canais digitais (online advertising) e do refor\u00e7o das compet\u00eancias em marketing digital e desenvolvimento de neg\u00f3cio online (com\u00e9rcio eletr\u00f3nico). <\/p>\n\n\t\t<\/div>\n\t\t\t\t\t<\/div>\n\n\t\n\n<\/div>\n\n\t\t<\/div>\n\n\t\t\n<style>\n#section_1776653721 {\n  padding-top: 30px;\n  padding-bottom: 30px;\n}\n<\/style>\n\t<\/section>","protected":false},"excerpt":{"rendered":"","protected":false},"author":8,"featured_media":0,"parent":0,"menu_order":0,"comment_status":"closed","ping_status":"closed","template":"page-blank.php","meta":{"footnotes":""},"class_list":["post-753","page","type-page","status-publish","hentry"],"yoast_head":"<!-- This site is optimized with the Yoast SEO plugin v26.2 - https:\/\/yoast.com\/wordpress\/plugins\/seo\/ -->\n<title>PT2020 | Multicloud Storage | Vawlt<\/title>\n<meta name=\"robots\" content=\"index, follow, max-snippet:-1, max-image-preview:large, max-video-preview:-1\" \/>\n<link rel=\"canonical\" href=\"https:\/\/site-temp.vawlt.io\/pt2020\/\" \/>\n<meta property=\"og:locale\" content=\"pt_PT\" \/>\n<meta property=\"og:type\" content=\"article\" \/>\n<meta property=\"og:title\" content=\"PT2020 | Multicloud Storage | Vawlt\" \/>\n<meta property=\"og:url\" content=\"https:\/\/site-temp.vawlt.io\/pt2020\/\" \/>\n<meta property=\"og:site_name\" content=\"Vawlt\" \/>\n<meta property=\"article:publisher\" content=\"https:\/\/www.facebook.com\/vawlt\" \/>\n<meta property=\"article:modified_time\" content=\"2023-12-06T18:16:49+00:00\" \/>\n<meta property=\"og:image\" content=\"https:\/\/vawlt.io\/wp-content\/uploads\/2021\/09\/mockup.png\" \/>\n\t<meta property=\"og:image:width\" content=\"500\" \/>\n\t<meta property=\"og:image:height\" content=\"256\" \/>\n\t<meta property=\"og:image:type\" content=\"image\/png\" \/>\n<meta name=\"twitter:card\" content=\"summary_large_image\" \/>\n<meta name=\"twitter:site\" content=\"@vawltio\" \/>\n<meta name=\"twitter:label1\" content=\"Tempo estimado de leitura\" \/>\n\t<meta name=\"twitter:data1\" content=\"1 minuto\" \/>\n<!-- \/ Yoast SEO plugin. -->","yoast_head_json":{"title":"PT2020 | Multicloud Storage | Vawlt","robots":{"index":"index","follow":"follow","max-snippet":"max-snippet:-1","max-image-preview":"max-image-preview:large","max-video-preview":"max-video-preview:-1"},"canonical":"https:\/\/site-temp.vawlt.io\/pt2020\/","og_locale":"pt_PT","og_type":"article","og_title":"PT2020 | Multicloud Storage | Vawlt","og_url":"https:\/\/site-temp.vawlt.io\/pt2020\/","og_site_name":"Vawlt","article_publisher":"https:\/\/www.facebook.com\/vawlt","article_modified_time":"2023-12-06T18:16:49+00:00","og_image":[{"width":500,"height":256,"url":"https:\/\/vawlt.io\/wp-content\/uploads\/2021\/09\/mockup.png","type":"image\/png"}],"twitter_card":"summary_large_image","twitter_site":"@vawltio","twitter_misc":{"Tempo estimado de leitura":"1 minuto"},"schema":{"@context":"https:\/\/schema.org","@graph":[{"@type":"WebPage","@id":"https:\/\/site-temp.vawlt.io\/pt2020\/","url":"https:\/\/site-temp.vawlt.io\/pt2020\/","name":"PT2020 | Multicloud Storage | Vawlt","isPartOf":{"@id":"https:\/\/site-temp.vawlt.io\/#website"},"datePublished":"2021-08-17T08:17:38+00:00","dateModified":"2023-12-06T18:16:49+00:00","breadcrumb":{"@id":"https:\/\/site-temp.vawlt.io\/pt2020\/#breadcrumb"},"inLanguage":"pt-PT","potentialAction":[{"@type":"ReadAction","target":["https:\/\/site-temp.vawlt.io\/pt2020\/"]}]},{"@type":"BreadcrumbList","@id":"https:\/\/site-temp.vawlt.io\/pt2020\/#breadcrumb","itemListElement":[{"@type":"ListItem","position":1,"name":"Home","item":"https:\/\/vawlt.io\/"},{"@type":"ListItem","position":2,"name":"PT2020"}]},{"@type":"WebSite","@id":"https:\/\/site-temp.vawlt.io\/#website","url":"https:\/\/site-temp.vawlt.io\/","name":"Vawlt","description":"Servi\u00e7o de armazenamento de dados em ambiente multicloud que simplifica a transi\u00e7\u00e3o para a cloud, melhora padr\u00f5es de seguran\u00e7a e otimiza o uso de recursos de armazenamento.","publisher":{"@id":"https:\/\/site-temp.vawlt.io\/#organization"},"potentialAction":[{"@type":"SearchAction","target":{"@type":"EntryPoint","urlTemplate":"https:\/\/site-temp.vawlt.io\/?s={search_term_string}"},"query-input":{"@type":"PropertyValueSpecification","valueRequired":true,"valueName":"search_term_string"}}],"inLanguage":"pt-PT"},{"@type":"Organization","@id":"https:\/\/site-temp.vawlt.io\/#organization","name":"Vawlt","url":"https:\/\/site-temp.vawlt.io\/","logo":{"@type":"ImageObject","inLanguage":"pt-PT","@id":"https:\/\/site-temp.vawlt.io\/#\/schema\/logo\/image\/","url":"http:\/\/vawlt.io\/wp-content\/uploads\/2021\/08\/logo_vawlt_business.png","contentUrl":"http:\/\/vawlt.io\/wp-content\/uploads\/2021\/08\/logo_vawlt_business.png","width":576,"height":92,"caption":"Vawlt"},"image":{"@id":"https:\/\/site-temp.vawlt.io\/#\/schema\/logo\/image\/"},"sameAs":["https:\/\/www.facebook.com\/vawlt","https:\/\/x.com\/vawltio","https:\/\/www.linkedin.com\/company\/vawlt","https:\/\/www.youtube.com\/channel\/UCYzlYYg7j_07CFi8Be0eAMw"]}]}},"_links":{"self":[{"href":"https:\/\/vawlt.io\/pt\/wp-json\/wp\/v2\/pages\/753","targetHints":{"allow":["GET"]}}],"collection":[{"href":"https:\/\/vawlt.io\/pt\/wp-json\/wp\/v2\/pages"}],"about":[{"href":"https:\/\/vawlt.io\/pt\/wp-json\/wp\/v2\/types\/page"}],"author":[{"embeddable":true,"href":"https:\/\/vawlt.io\/pt\/wp-json\/wp\/v2\/users\/8"}],"replies":[{"embeddable":true,"href":"https:\/\/vawlt.io\/pt\/wp-json\/wp\/v2\/comments?post=753"}],"version-history":[{"count":5,"href":"https:\/\/vawlt.io\/pt\/wp-json\/wp\/v2\/pages\/753\/revisions"}],"predecessor-version":[{"id":5741,"href":"https:\/\/vawlt.io\/pt\/wp-json\/wp\/v2\/pages\/753\/revisions\/5741"}],"wp:attachment":[{"href":"https:\/\/vawlt.io\/pt\/wp-json\/wp\/v2\/media?parent=753"}],"curies":[{"name":"wp","href":"https:\/\/api.w.org\/{rel}","templated":true}]}}