{"id":764,"date":"2021-08-17T09:44:26","date_gmt":"2021-08-17T09:44:26","guid":{"rendered":"http:\/\/vawlt.io\/?page_id=764"},"modified":"2025-05-14T16:38:11","modified_gmt":"2025-05-14T16:38:11","slug":"privacy-policy","status":"publish","type":"page","link":"https:\/\/vawlt.io\/pt\/politica-de-privacidade\/","title":{"rendered":"Pol\u00edtica de Privacidade"},"content":{"rendered":"<section class=\"section\" id=\"section_1517966347\">\n\t\t<div class=\"bg section-bg fill bg-fill  bg-loaded\" >\n\n\t\t\t\n\t\t\t\n\t\t\t\n\n\t\t<\/div>\n\n\t\t<div class=\"section-content relative\">\n\t\t\t\n\n<div class=\"row\"  id=\"row-927698917\">\n\n\n\t<div id=\"col-1854065660\" class=\"col small-12 large-12\"  >\n\t\t\t\t<div class=\"col-inner\"  >\n\t\t\t\n\t\t\t\n\n\t<div id=\"text-2552660433\" class=\"text\">\n\t\t\n\n<h1><strong>Pol\u00edtica de privacidade<\/strong><\/h1>\n\t\t\n<style>\n#text-2552660433 {\n  font-size: 1.6rem;\n}\n<\/style>\n\t<\/div>\n\t\n\n\t\t<\/div>\n\t\t\t\t\n<style>\n#col-1854065660 > .col-inner {\n  padding: 50px 20px 0px 20px;\n}\n@media (min-width:850px) {\n  #col-1854065660 > .col-inner {\n    padding: 80px 0px 0px 0px;\n  }\n}\n<\/style>\n\t<\/div>\n\n\t\n\n<\/div>\n<div class=\"row\"  id=\"row-844000536\">\n\n\n\t<div id=\"col-1798657142\" class=\"col small-12 large-12\"  >\n\t\t\t\t<div class=\"col-inner\"  >\n\t\t\t\n\t\t\t\n\n<h3>\u00daltima actualiza\u00e7\u00e3o 15 de Janeiro, 2020<\/h3>\n<p>Estamos empenhados em proteger as suas informa\u00e7\u00f5es pessoais e o seu direito \u00e0 privacidade. Se tiver quaisquer perguntas ou preocupa\u00e7\u00f5es sobre a nossa pol\u00edtica, ou sobre as nossas pr\u00e1ticas no que respeita \u00e0s suas informa\u00e7\u00f5es pessoais, contacte-nos atrav\u00e9s do email <strong>privacy (at) vawlt.io<\/strong>.<\/p>\n<p>Esta pol\u00edtica de privacidade aplica-se a todas as informa\u00e7\u00f5es recolhidas atrav\u00e9s do nosso website, <a href=\"http:\/\/vawlt.io\/pt\/\" target=\"_blank\" rel=\"noopener\">http:\/\/vawlt.io<\/a> e atrav\u00e9s da nossa plataforma, acess\u00edvel apenas pelos administradores dos nossos clientes em <a href=\"https:\/\/platform.vawlt.io\/login\" target=\"_blank\" rel=\"noopener\">https:\/\/platform.vawlt.io\/login<\/a>, colectivamente referidos nesta pol\u00edtica de privacidade como \"S\u00edtio\".<\/p>\n<p>Esta pol\u00edtica de privacidade N\u00c3O SE APLICA aos dados que o cliente armazena utilizando o nosso servi\u00e7o. Uma vez que utilizamos um protocolo de encripta\u00e7\u00e3o de ponta a ponta de conhecimento zero, n\u00e3o existe um caminho t\u00e9cnico para termos acesso funcional a tais dados. Para mais informa\u00e7\u00f5es, consulte os nossos <a href=\"http:\/\/vawlt.io\/pt\/termos-de-utilizacao\/\">Termos de Utiliza\u00e7\u00e3o<\/a>.<\/p>\n<p><strong>Por favor, leia atentamente esta pol\u00edtica de privacidade, pois ela ajud\u00e1-lo-\u00e1 a tomar decis\u00f5es informadas sobre a partilha das suas informa\u00e7\u00f5es pessoais connosco.<\/strong><\/p>\n\n\t\t<\/div>\n\t\t\t\t\n<style>\n#col-1798657142 > .col-inner {\n  padding: 0px 20px 0px 20px;\n}\n<\/style>\n\t<\/div>\n\n\t\n\n\t<div id=\"col-272528584\" class=\"col small-12 large-12\"  >\n\t\t\t\t<div class=\"col-inner\"  >\n\t\t\t\n\t\t\t\n\n<h4 class=\"uppercase\">1. QUAIS AS INFORMA\u00c7\u00d5ES QUE RECOLHEMOS? <\/h4>\n<h5>Informa\u00e7\u00e3o pessoal que nos divulga<\/h5>\n<ul>\n<li>Recolhemos o nome e endere\u00e7os de e-mail dos utilizadores dos nossos clientes, fornecidos pelos administradores dos clientes, e necess\u00e1rios para que possamos prestar o nosso servi\u00e7o aos nossos clientes. Estas informa\u00e7\u00f5es s\u00e3o armazenadas de forma segura nas nossas bases de dados, de forma encriptada.<\/li>\n<\/ul>\n<h5>Informa\u00e7\u00e3o recolhida automaticamente<\/h5>\n<ul>\n<li>Recolhemos automaticamente informa\u00e7\u00f5es an\u00f3nimas, nomeadamente endere\u00e7os IP, e\/ou caracter\u00edsticas de navegadores e dispositivos quando visita o nosso S\u00edtio.<\/li>\n<li> Relativamente aos utilizadores dos nossos clientes, recolhemos o nome do dispositivo e o endere\u00e7o IP dos dispositivos utilizados para aceder \u00e0 Vawlt atrav\u00e9s do nosso software, e tais informa\u00e7\u00f5es s\u00e3o tamb\u00e9m armazenadas de forma segura nas nossas bases de dados, numa forma encriptada.<\/li>\n<\/ul>\n\n\t\t<\/div>\n\t\t\t\t\n<style>\n#col-272528584 > .col-inner {\n  padding: 0px 20px 0px 20px;\n}\n<\/style>\n\t<\/div>\n\n\t\n\n\t<div id=\"col-921278712\" class=\"col small-12 large-12\"  >\n\t\t\t\t<div class=\"col-inner\"  >\n\t\t\t\n\t\t\t\n\n<h4 class=\"uppercase\">2. COMO UTILIZAMOS AS SUAS INFORMA\u00c7\u00d5ES? <\/h4>\n<ul>\n<li>Processamos as suas informa\u00e7\u00f5es para fins baseados em interesses comerciais leg\u00edtimos, no cumprimento do nosso contrato consigo, no cumprimento das nossas obriga\u00e7\u00f5es legais, e\/ou no seu consentimento.<\/li>\n<li>Utilizamos as informa\u00e7\u00f5es que recolhemos, ou recebemos:\n<ul>\n<li>Podemos utilizar as suas informa\u00e7\u00f5es pessoais para lhe enviar informa\u00e7\u00f5es sobre produtos, servi\u00e7os e novas funcionalidades e\/ou informa\u00e7\u00f5es sobre altera\u00e7\u00f5es aos nossos termos, condi\u00e7\u00f5es, e pol\u00edticas. <\/li>\n<li> Podemos utilizar as suas informa\u00e7\u00f5es para solicitar feedback e para o contactar sobre a sua utiliza\u00e7\u00e3o do nosso S\u00edtio. <\/li>\n<li> Para fazer cumprir os nossos termos, condi\u00e7\u00f5es e pol\u00edticas para fins comerciais e\/ou por raz\u00f5es legais. <\/li>\n<li> Para responder a pedidos legais e evitar danos por raz\u00f5es legais. Se recebermos uma intima\u00e7\u00e3o ou outro pedido legal, poderemos ter de inspeccionar os dados na nossa posse para determinar a forma de responder. <\/li>\n<li> Podemos utilizar as suas informa\u00e7\u00f5es para outros fins comerciais, tais como an\u00e1lise de dados, identifica\u00e7\u00e3o de tend\u00eancias de utiliza\u00e7\u00e3o, determina\u00e7\u00e3o da efic\u00e1cia das nossas campanhas promocionais e para avaliar e melhorar o nosso S\u00edtio, produtos, servi\u00e7os, marketing e a sua experi\u00eancia. <\/li><\/ul>\n<\/li>\n<\/ul>\n\n\t\t<\/div>\n\t\t\t\t\n<style>\n#col-921278712 > .col-inner {\n  padding: 0px 20px 0px 20px;\n}\n<\/style>\n\t<\/div>\n\n\t\n\n\t<div id=\"col-1463995898\" class=\"col small-12 large-12\"  >\n\t\t\t\t<div class=\"col-inner\"  >\n\t\t\t\n\t\t\t\n\n<h4 class=\"uppercase\">3. AS SUAS INFORMA\u00c7\u00d5ES SER\u00c3O PARTILHADAS COM ALGU\u00c9M? <\/h4>\n<ul>\n<li>S\u00f3 partilhamos informa\u00e7\u00f5es com o seu consentimento para cumprir as leis, para proteger os seus direitos ou para cumprir obriga\u00e7\u00f5es comerciais.<\/li>\n<li>S\u00f3 partilharemos e divulgaremos as suas informa\u00e7\u00f5es nas seguintes situa\u00e7\u00f5es:\n<ul>\n<li>Poderemos divulgar as suas informa\u00e7\u00f5es quando formos legalmente obrigados a faz\u00ea-lo para cumprir a lei aplic\u00e1vel, pedidos governamentais, um processo judicial, ordem judicial, ou processo legal, tal como em resposta a uma ordem judicial ou intima\u00e7\u00e3o (incluindo em resposta a autoridades p\u00fablicas para cumprir os requisitos de seguran\u00e7a nacional ou de aplica\u00e7\u00e3o da lei). <\/li>\n<li> Interesses Vitais e Direitos Legais. Podemos revelar as suas informa\u00e7\u00f5es quando considerarmos necess\u00e1rio investigar, prevenir, ou tomar medidas relativamente a potenciais viola\u00e7\u00f5es das nossas pol\u00edticas, suspeita de fraude, situa\u00e7\u00f5es que envolvam potenciais amea\u00e7as \u00e0 seguran\u00e7a de qualquer pessoa e actividades ilegais, ou como prova em lit\u00edgios em que estejamos envolvidos. <\/li>\n<li> Podemos partilhar ou transferir as suas informa\u00e7\u00f5es relacionadas com, ou durante negocia\u00e7\u00f5es de qualquer fus\u00e3o, venda de activos da empresa, financiamento, ou aquisi\u00e7\u00e3o da totalidade ou de uma parte dos nossos neg\u00f3cios para outra empresa. <\/li>\n<li> Podemos revelar as suas informa\u00e7\u00f5es pessoais para qualquer outro fim, com o seu consentimento.<\/li><\/ul>\n<\/li>\n<\/ul>\n\n\t\t<\/div>\n\t\t\t\t\n<style>\n#col-1463995898 > .col-inner {\n  padding: 0px 20px 0px 20px;\n}\n<\/style>\n\t<\/div>\n\n\t\n\n\t<div id=\"col-2107029267\" class=\"col small-12 large-12\"  >\n\t\t\t\t<div class=\"col-inner\"  >\n\t\t\t\n\t\t\t\n\n<h4 class=\"uppercase\">4. UTILIZAMOS COOKIES E OUTRAS TECNOLOGIAS DE RASTREIO? <\/h4>\n<ul>\n<li>Podemos utilizar cookies e tecnologias de rastreamento semelhantes (como web beacons e pixels) para aceder ou armazenar informa\u00e7\u00f5es. Informa\u00e7\u00f5es espec\u00edficas sobre a forma como utilizamos tais tecnologias e como pode recusar determinados cookies est\u00e3o definidas na nossa <a href=\"\/pt\/politica-de-cookies\/\">Pol\u00edtica de Cookies<\/a>.<\/li>\n<\/ul>\n\n\t\t<\/div>\n\t\t\t\t\n<style>\n#col-2107029267 > .col-inner {\n  padding: 0px 20px 0px 20px;\n}\n<\/style>\n\t<\/div>\n\n\t\n\n\t<div id=\"col-1160561447\" class=\"col small-12 large-12\"  >\n\t\t\t\t<div class=\"col-inner\"  >\n\t\t\t\n\t\t\t\n\n<h4 class=\"uppercase\">5. QUANTO TEMPO GUARDAMOS AS SUAS INFORMA\u00c7\u00d5ES ? <\/h4>\n<ul>\n<li>Apenas guardaremos as suas informa\u00e7\u00f5es pessoais durante o tempo necess\u00e1rio para os fins estabelecidos nesta pol\u00edtica de privacidade, a menos que seja exigido ou permitido por lei um per\u00edodo de reten\u00e7\u00e3o mais longo (tais como requisitos fiscais, contabil\u00edsticos ou outros requisitos legais). Nenhum objectivo desta pol\u00edtica exigir\u00e1 que mantenhamos as suas informa\u00e7\u00f5es pessoais por mais tempo do que o per\u00edodo de tempo em que os utilizadores tenham uma conta connosco.<\/li>\n<li> Quando n\u00e3o temos qualquer necessidade comercial leg\u00edtima em curso para processar as suas informa\u00e7\u00f5es pessoais, eliminaremos ou tornaremos an\u00f3nimas as mesmas. <\/li>\n<\/ul>\n\n\t\t<\/div>\n\t\t\t\t\n<style>\n#col-1160561447 > .col-inner {\n  padding: 0px 20px 0px 20px;\n}\n<\/style>\n\t<\/div>\n\n\t\n\n\t<div id=\"col-2012770807\" class=\"col small-12 large-12\"  >\n\t\t\t\t<div class=\"col-inner\"  >\n\t\t\t\n\t\t\t\n\n<h4 class=\"uppercase\">6. COMO \u00c9 QUE MANTEMOS AS SUAS INFORMA\u00c7\u00d5ES SEGURAS? <\/h4>\n<ul>\n<li>Todos os dados fornecidos pelos administradores dos nossos clientes, e os dados recolhidos automaticamente por n\u00f3s para lhe prestarmos o nosso servi\u00e7o, s\u00e3o armazenados em seguran\u00e7a nas nossas bases de dados, de uma forma encriptada.<\/li>\n<li> Embora fa\u00e7amos sempre o nosso melhor para proteger as suas informa\u00e7\u00f5es pessoais, a transmiss\u00e3o de informa\u00e7\u00f5es pessoais de e para o nosso S\u00edtio \u00e9 por sua conta e risco. S\u00f3 dever\u00e1 aceder aos servi\u00e7os dentro de um ambiente seguro. <\/li>\n<\/ul>\n\n\t\t<\/div>\n\t\t\t\t\n<style>\n#col-2012770807 > .col-inner {\n  padding: 0px 20px 0px 20px;\n}\n<\/style>\n\t<\/div>\n\n\t\n\n\t<div id=\"col-1667117039\" class=\"col small-12 large-12\"  >\n\t\t\t\t<div class=\"col-inner\"  >\n\t\t\t\n\t\t\t\n\n<h4 class=\"uppercase\">7. QUAIS S\u00c3O OS SEUS DIREITOS DE PRIVACIDADE?<\/h4>\n<ul>\n<li>Em algumas regi\u00f5es (como o Espa\u00e7o Econ\u00f3mico Europeu), tem certos direitos ao abrigo das leis de protec\u00e7\u00e3o de dados aplic\u00e1veis. Estes podem incluir o direito\n<ul>\n<li>(i) solicitar o acesso e obter uma c\u00f3pia das suas informa\u00e7\u00f5es pessoais,<\/li>\n<li>(ii) para solicitar a rectifica\u00e7\u00e3o ou apagamento;<\/li>\n<li>(iii) para restringir o processamento das suas informa\u00e7\u00f5es pessoais; e<\/li>\n<li>(iv) se aplic\u00e1vel, \u00e0 portabilidade dos dados.<\/li>\n<\/ul>\n<\/li>\n<li>Em determinadas circunst\u00e2ncias, poder\u00e1 tamb\u00e9m ter o direito de se opor ao processamento das suas informa\u00e7\u00f5es pessoais. Para fazer tal pedido, queira utilizar os dados de contacto fornecidos abaixo. Consideraremos e daremos seguimento a qualquer pedido, de acordo com as leis de protec\u00e7\u00e3o de dados aplic\u00e1veis.<\/li>\n<li>Se confiarmos no seu consentimento para processar as suas informa\u00e7\u00f5es pessoais, tem o direito de retirar o seu consentimento em qualquer altura. Note, no entanto, que isto n\u00e3o afectar\u00e1 a legalidade do processamento antes da sua retirada.<\/li>\n<li>Se for residente no Espa\u00e7o Econ\u00f3mico Europeu e considerar que estamos a processar ilegalmente as suas informa\u00e7\u00f5es pessoais, tem tamb\u00e9m o direito de apresentar queixa \u00e0 sua autoridade local de supervis\u00e3o da protec\u00e7\u00e3o de dados. Pode encontrar os seus dados de contacto aqui: <a href=\"https:\/\/ec.europa.eu\/info\/policies\/justice-and-fundamental-rights_en\" target=\"_blank\" rel=\"noopener\">ec.europe.eu<\/a><\/li>\n<\/ul>\n\n\t\t<\/div>\n\t\t\t\t\n<style>\n#col-1667117039 > .col-inner {\n  padding: 0px 20px 0px 20px;\n}\n<\/style>\n\t<\/div>\n\n\t\n\n\t<div id=\"col-1882363044\" class=\"col small-12 large-12\"  >\n\t\t\t\t<div class=\"col-inner\"  >\n\t\t\t\n\t\t\t\n\n<h4 class=\"uppercase\">8. FAZEMOS ACTUALIZA\u00c7\u00d5ES A ESTA POL\u00cdTICA? <\/h4>\n<ul>\n<li> Podemos actualizar esta pol\u00edtica de privacidade de tempos a tempos. A vers\u00e3o actualizada ser\u00e1 indicada por uma data actualizada \"Revisto\" e a vers\u00e3o actualizada ser\u00e1 efectiva assim que estiver acess\u00edvel. Se fizermos altera\u00e7\u00f5es materiais a esta pol\u00edtica de privacidade, poderemos notific\u00e1-lo, quer colocando de forma proeminente uma notifica\u00e7\u00e3o de tais altera\u00e7\u00f5es, quer enviando-lhe directamente uma notifica\u00e7\u00e3o. Encorajamo-lo a rever frequentemente esta pol\u00edtica de privacidade para ser informado de como estamos a proteger as suas informa\u00e7\u00f5es.<\/li>\n<\/ul>\n\n\t\t<\/div>\n\t\t\t\t\n<style>\n#col-1882363044 > .col-inner {\n  padding: 0px 20px 0px 20px;\n}\n<\/style>\n\t<\/div>\n\n\t\n\n\t<div id=\"col-170060507\" class=\"col small-12 large-12\"  >\n\t\t\t\t<div class=\"col-inner\"  >\n\t\t\t\n\t\t\t\n\n<h4 class=\"uppercase\">9. COMO PODE CONTACTAR-NOS SOBRE ESTA POL\u00cdTICA? <\/h4>\n<ul>\n<li> Se tiver perguntas ou coment\u00e1rios sobre esta pol\u00edtica, pode enviar-nos um e-mail para privacy (em) vawlt.io ou por correio para: Vawlt Technologies, S. A., Tec Labs - Centro de Inova\u00e7\u00e3o, Campo Grande, 1749-016 Lisboa, Portugal.<\/li>\n<\/ul>\n\n\t\t<\/div>\n\t\t\t\t\n<style>\n#col-170060507 > .col-inner {\n  padding: 0px 20px 0px 20px;\n}\n<\/style>\n\t<\/div>\n\n\t\n\n<\/div>\n\n\t\t<\/div>\n\n\t\t\n<style>\n#section_1517966347 {\n  padding-top: 0px;\n  padding-bottom: 0px;\n}\n<\/style>\n\t<\/section>","protected":false},"excerpt":{"rendered":"","protected":false},"author":8,"featured_media":0,"parent":0,"menu_order":0,"comment_status":"closed","ping_status":"closed","template":"page-blank.php","meta":{"footnotes":""},"class_list":["post-764","page","type-page","status-publish","hentry"],"yoast_head":"<!-- This site is optimized with the Yoast SEO plugin v26.2 - https:\/\/yoast.com\/wordpress\/plugins\/seo\/ -->\n<title>Privacy Policy | Multicloud Storage | Vawlt<\/title>\n<meta name=\"robots\" content=\"index, follow, max-snippet:-1, max-image-preview:large, max-video-preview:-1\" \/>\n<link rel=\"canonical\" href=\"https:\/\/site-temp.vawlt.io\/privacy-policy\/\" \/>\n<meta property=\"og:locale\" content=\"pt_PT\" \/>\n<meta property=\"og:type\" content=\"article\" \/>\n<meta property=\"og:title\" content=\"Privacy Policy | Multicloud Storage | Vawlt\" \/>\n<meta property=\"og:url\" content=\"https:\/\/site-temp.vawlt.io\/privacy-policy\/\" \/>\n<meta property=\"og:site_name\" content=\"Vawlt\" \/>\n<meta property=\"article:publisher\" content=\"https:\/\/www.facebook.com\/vawlt\" \/>\n<meta property=\"article:modified_time\" content=\"2025-05-14T16:38:11+00:00\" \/>\n<meta property=\"og:image\" content=\"https:\/\/vawlt.io\/wp-content\/uploads\/2021\/09\/mockup.png\" \/>\n\t<meta property=\"og:image:width\" content=\"500\" \/>\n\t<meta property=\"og:image:height\" content=\"256\" \/>\n\t<meta property=\"og:image:type\" content=\"image\/png\" \/>\n<meta name=\"twitter:card\" content=\"summary_large_image\" \/>\n<meta name=\"twitter:site\" content=\"@vawltio\" \/>\n<meta name=\"twitter:label1\" content=\"Tempo estimado de leitura\" \/>\n\t<meta name=\"twitter:data1\" content=\"6 minutos\" \/>\n<!-- \/ Yoast SEO plugin. -->","yoast_head_json":{"title":"Pol\u00edtica de Privacidade | Armazenamento Multicloud | Vawlt","robots":{"index":"index","follow":"follow","max-snippet":"max-snippet:-1","max-image-preview":"max-image-preview:large","max-video-preview":"max-video-preview:-1"},"canonical":"https:\/\/site-temp.vawlt.io\/privacy-policy\/","og_locale":"pt_PT","og_type":"article","og_title":"Privacy Policy | Multicloud Storage | Vawlt","og_url":"https:\/\/site-temp.vawlt.io\/privacy-policy\/","og_site_name":"Vawlt","article_publisher":"https:\/\/www.facebook.com\/vawlt","article_modified_time":"2025-05-14T16:38:11+00:00","og_image":[{"width":500,"height":256,"url":"https:\/\/vawlt.io\/wp-content\/uploads\/2021\/09\/mockup.png","type":"image\/png"}],"twitter_card":"summary_large_image","twitter_site":"@vawltio","twitter_misc":{"Tempo estimado de leitura":"6 minutos"},"schema":{"@context":"https:\/\/schema.org","@graph":[{"@type":"WebPage","@id":"https:\/\/site-temp.vawlt.io\/privacy-policy\/","url":"https:\/\/site-temp.vawlt.io\/privacy-policy\/","name":"Pol\u00edtica de Privacidade | Armazenamento Multicloud | Vawlt","isPartOf":{"@id":"https:\/\/site-temp.vawlt.io\/#website"},"datePublished":"2021-08-17T09:44:26+00:00","dateModified":"2025-05-14T16:38:11+00:00","breadcrumb":{"@id":"https:\/\/site-temp.vawlt.io\/privacy-policy\/#breadcrumb"},"inLanguage":"pt-PT","potentialAction":[{"@type":"ReadAction","target":["https:\/\/site-temp.vawlt.io\/privacy-policy\/"]}]},{"@type":"BreadcrumbList","@id":"https:\/\/site-temp.vawlt.io\/privacy-policy\/#breadcrumb","itemListElement":[{"@type":"ListItem","position":1,"name":"Home","item":"https:\/\/vawlt.io\/"},{"@type":"ListItem","position":2,"name":"Privacy Policy"}]},{"@type":"WebSite","@id":"https:\/\/site-temp.vawlt.io\/#website","url":"https:\/\/site-temp.vawlt.io\/","name":"Vawlt","description":"Servi\u00e7o de armazenamento de dados em ambiente multicloud que simplifica a transi\u00e7\u00e3o para a cloud, melhora padr\u00f5es de seguran\u00e7a e otimiza o uso de recursos de armazenamento.","publisher":{"@id":"https:\/\/site-temp.vawlt.io\/#organization"},"potentialAction":[{"@type":"SearchAction","target":{"@type":"EntryPoint","urlTemplate":"https:\/\/site-temp.vawlt.io\/?s={search_term_string}"},"query-input":{"@type":"PropertyValueSpecification","valueRequired":true,"valueName":"search_term_string"}}],"inLanguage":"pt-PT"},{"@type":"Organization","@id":"https:\/\/site-temp.vawlt.io\/#organization","name":"Vawlt","url":"https:\/\/site-temp.vawlt.io\/","logo":{"@type":"ImageObject","inLanguage":"pt-PT","@id":"https:\/\/site-temp.vawlt.io\/#\/schema\/logo\/image\/","url":"http:\/\/vawlt.io\/wp-content\/uploads\/2021\/08\/logo_vawlt_business.png","contentUrl":"http:\/\/vawlt.io\/wp-content\/uploads\/2021\/08\/logo_vawlt_business.png","width":576,"height":92,"caption":"Vawlt"},"image":{"@id":"https:\/\/site-temp.vawlt.io\/#\/schema\/logo\/image\/"},"sameAs":["https:\/\/www.facebook.com\/vawlt","https:\/\/x.com\/vawltio","https:\/\/www.linkedin.com\/company\/vawlt","https:\/\/www.youtube.com\/channel\/UCYzlYYg7j_07CFi8Be0eAMw"]}]}},"_links":{"self":[{"href":"https:\/\/vawlt.io\/pt\/wp-json\/wp\/v2\/pages\/764","targetHints":{"allow":["GET"]}}],"collection":[{"href":"https:\/\/vawlt.io\/pt\/wp-json\/wp\/v2\/pages"}],"about":[{"href":"https:\/\/vawlt.io\/pt\/wp-json\/wp\/v2\/types\/page"}],"author":[{"embeddable":true,"href":"https:\/\/vawlt.io\/pt\/wp-json\/wp\/v2\/users\/8"}],"replies":[{"embeddable":true,"href":"https:\/\/vawlt.io\/pt\/wp-json\/wp\/v2\/comments?post=764"}],"version-history":[{"count":11,"href":"https:\/\/vawlt.io\/pt\/wp-json\/wp\/v2\/pages\/764\/revisions"}],"predecessor-version":[{"id":3828,"href":"https:\/\/vawlt.io\/pt\/wp-json\/wp\/v2\/pages\/764\/revisions\/3828"}],"wp:attachment":[{"href":"https:\/\/vawlt.io\/pt\/wp-json\/wp\/v2\/media?parent=764"}],"curies":[{"name":"wp","href":"https:\/\/api.w.org\/{rel}","templated":true}]}}