{"id":769,"date":"2021-08-17T09:51:06","date_gmt":"2021-08-17T09:51:06","guid":{"rendered":"http:\/\/vawlt.io\/?page_id=769"},"modified":"2022-03-04T17:18:07","modified_gmt":"2022-03-04T17:18:07","slug":"vulnerability-detection-program","status":"publish","type":"page","link":"https:\/\/vawlt.io\/pt\/programa-de-deteccao-de-vulnerabilidades\/","title":{"rendered":"Detec\u00e7\u00e3o de Vulnerabilidades"},"content":{"rendered":"<section class=\"section\" id=\"section_329467709\">\n\t\t<div class=\"bg section-bg fill bg-fill  bg-loaded\" >\n\n\t\t\t\n\t\t\t\n\t\t\t\n\n\t\t<\/div>\n\n\t\t<div class=\"section-content relative\">\n\t\t\t\n\n<div class=\"row row-collapse\"  id=\"row-650539576\">\n\n\n\t<div id=\"col-1949911168\" class=\"col small-12 large-12\"  >\n\t\t\t\t<div class=\"col-inner\"  >\n\t\t\t\n\t\t\t\n\n\t<div id=\"text-3103305808\" class=\"text\">\n\t\t\n\n<h1><strong>Encontrou uma vulnerabilidade na nossa plataforma?<\/strong><\/h1>\n\t\t\n<style>\n#text-3103305808 {\n  font-size: 1.6rem;\n}\n<\/style>\n\t<\/div>\n\t\n\n\t\t<\/div>\n\t\t\t\t\n<style>\n#col-1949911168 > .col-inner {\n  padding: 80px 20px 0px 20px;\n}\n@media (min-width:850px) {\n  #col-1949911168 > .col-inner {\n    padding: 80px 0px 0px 0px;\n  }\n}\n<\/style>\n\t<\/div>\n\n\t\n\n<\/div>\n<div class=\"row\"  id=\"row-1234130130\">\n\n\n\t<div id=\"col-1036491561\" class=\"col small-12 large-12\"  >\n\t\t\t\t<div class=\"col-inner\"  >\n\t\t\t\n\t\t\t\n\n<p>A Vawlt \u00e9 uma solu\u00e7\u00e3o constru\u00edda com a seguran\u00e7a como prioridade m\u00e1xima. Embora a nossa equipa esteja inteiramente empenhada em conceber e desenvolver uma solu\u00e7\u00e3o que mantenha os seus dados seguros, encorajamos qualquer utilizador a apontar e reportar quaisquer fragilidades ou vulnerabilidades no nosso website e plataforma.<\/p>\n<p>Se for este o caso, convidamo-lo a partilhar connosco um relat\u00f3rio detalhado para&nbsp;<a class=\"link text-link\" href=\"mailto:security@vawlt.io\" target=\"_blank\" rel=\"noopener noreferrer\">security@vawlt.io<\/a>.<\/p>\n<p>Abaixo, pode encontrar algumas informa\u00e7\u00f5es \u00fateis sobre como submeter um relat\u00f3rio \u00e0 nossa equipa, bem como um conjunto de regras para o orientar caso encontre algum problema. O seu relat\u00f3rio pode mesmo ser considerado para atribui\u00e7\u00e3o de uma recompensa.<\/p>\n<p class=\"translation-block\">Welcome to our&nbsp;<strong>Vulnerability Detection Program<\/strong>.<\/p>\n\n\t\t<\/div>\n\t\t\t\t\n<style>\n#col-1036491561 > .col-inner {\n  padding: 0px 20px 0px 20px;\n}\n<\/style>\n\t<\/div>\n\n\t\n\n\t<div id=\"col-2136426989\" class=\"col small-12 large-12\"  >\n\t\t\t\t<div class=\"col-inner\"  >\n\t\t\t\n\t\t\t\n\n<h3>Como submeter um relat\u00f3rio correctamente<\/h3>\n<p>Para submeter um relat\u00f3rio de vulnerabilidade, envie-nos um email para&nbsp;<a class=\"link text-link\" href=\"mailto:security@vawlt.io\" target=\"_blank\" rel=\"noopener noreferrer\">security@vawlt.io<\/a>. Tenha em considera\u00e7\u00e3o os seguintes t\u00f3picos:<\/p>\n<ul>\n<li>Forne\u00e7a uma descri\u00e7\u00e3o completa para a nossa an\u00e1lise.<\/li>\n<li>Anexe um guia \"How to\" com os passos necess\u00e1rios para que possamos replicar a situa\u00e7\u00e3o, seja em texto ou v\u00eddeo, ou uma prova de conceito.<\/li>\n<li>Utilize a&nbsp;<a class=\"link text-link\" href=\"https:\/\/www.first.org\/cvss\/calculator\/3.0\" target=\"_blank\" rel=\"noopener noreferrer\">calculadora CVSS<\/a> e forne\u00e7a-nos os resultados anexados no relat\u00f3rio.<\/li>\n<li>Fa\u00e7a uma auto-avalia\u00e7\u00e3o da gravidade da situa\u00e7\u00e3o.<\/li>\n<li>Forne\u00e7a-nos qualquer outra informa\u00e7\u00e3o que considere \u00fatil para a an\u00e1lise.<\/li>\n<\/ul>\n<h3>Crit\u00e9rios de qualifica\u00e7\u00e3o<\/h3>\n<p>O seu relat\u00f3rio de vulnerabilidade ser\u00e1 qualificado para um pr\u00e9mio se todas estas condi\u00e7\u00f5es se aplicarem:<\/p>\n<ul>\n<li>O relat\u00f3rio deve ter a estrutura acima mencionada.<\/li>\n<li>O relat\u00f3rio n\u00e3o pode ser apenas uma c\u00f3pia colada de um scanner de seguran\u00e7a automatizado: relat\u00f3rios sem conhecimentos adicionais n\u00e3o ser\u00e3o considerados.<\/li>\n<li>A quest\u00e3o deve ser real e test\u00e1vel: situa\u00e7\u00f5es hipot\u00e9ticas n\u00e3o ser\u00e3o consideradas.<\/li>\n<li>A quest\u00e3o deve referir-se a algo que desconhecemos: n\u00e3o recompensaremos quaisquer descobertas que j\u00e1 tenham sido anteriormente relatadas, nem por si nem por outra pessoa.<\/li>\n<li>A edi\u00e7\u00e3o deve ter lugar na \u00faltima vers\u00e3o dispon\u00edvel ao p\u00fablico do s\u00edtio web\/plataforma da vawlt.io.<\/li>\n<li>A situa\u00e7\u00e3o deve ser estar dentro de \u00e2mbito (ver a lista abaixo).<\/li>\n<\/ul>\n<h3>Lista fora do \u00e2mbito<\/h3>\n<p>Aqui est\u00e3o algumas situa\u00e7\u00f5es que geralmente consideramos fora de \u00e2mbito:<\/p>\n<ul>\n<li>Bugs de funcionalidade.<\/li>\n<li>Vulnerabilidades em c\u00f3digo ou servi\u00e7os de terceiros que n\u00e3o conduzem a um exploit.<\/li>\n<li>Cabe\u00e7alhos de seguran\u00e7a HTTP em falta.<\/li>\n<\/ul>\n<h3>Pr\u00e9mios<\/h3>\n<p>Se o relat\u00f3rio for provado ser v\u00e1lido, poder\u00e1 haver um pr\u00e9mio para si. Os montantes s\u00e3o calculados com base na categoria ou severidade de cada edi\u00e7\u00e3o relatada, como pode verificar na tabela abaixo.<\/p>\n\n\t\t<\/div>\n\t\t\t\t\n<style>\n#col-2136426989 > .col-inner {\n  padding: 0px 20px 0px 20px;\n}\n@media (min-width:850px) {\n  #col-2136426989 > .col-inner {\n    padding: 0px 0px 0px 0px;\n  }\n}\n<\/style>\n\t<\/div>\n\n\t\n\n\t<div id=\"col-1076819857\" class=\"col medium-4 small-12 large-3\"  >\n\t\t\t\t<div class=\"col-inner\"  >\n\t\t\t\n\t\t\t\n\n<table class=\"table\" style=\"height: 152px;\" width=\"253\">\n<thead class=\"thead-light\">\n<tr>\n<th scope=\"col\">SEVERIDADE<\/th>\n<th scope=\"col\">VALOR<\/th>\n<\/tr>\n<\/thead>\n<tbody>\n<tr>\n<td>Baixa<\/td>\n<td>\u20ac75<\/td>\n<\/tr>\n<tr>\n<td>M\u00e9dia<\/td>\n<td>\u20ac100<\/td>\n<\/tr>\n<tr>\n<td>Alta<\/td>\n<td>\u20ac200<\/td>\n<\/tr>\n<tr>\n<td>Cr\u00edtica<\/td>\n<td>\u20ac750<\/td>\n<\/tr>\n<\/tbody>\n<\/table>\n\n\t\t<\/div>\n\t\t\t\t\n<style>\n#col-1076819857 > .col-inner {\n  padding: 0px 20px 0px 20px;\n}\n@media (min-width:550px) {\n  #col-1076819857 > .col-inner {\n    padding: 0px 0px 0px 20px;\n  }\n}\n@media (min-width:850px) {\n  #col-1076819857 > .col-inner {\n    padding: 0px 0px 0px 0px;\n  }\n}\n<\/style>\n\t<\/div>\n\n\t\n\n\t<div id=\"col-1470622804\" class=\"col small-12 large-12\"  >\n\t\t\t\t<div class=\"col-inner\"  >\n\t\t\t\n\t\t\t\n\n<h3>Exonera\u00e7\u00e3o de responsabilidade<\/h3>\n<p>A revela\u00e7\u00e3o p\u00fablica de qualquer assunto sem o consentimento da Vawlt \u00e9 estritamente proibida.<\/p>\n<p>Notifique-nos se este for o seu trabalho ou se estiver coberto pelos direitos de propriedade intelectual de entidades terceiras.<\/p>\n<p>Se submeter qualquer relat\u00f3rio deste tipo, est\u00e1 a conceder \u00e0 Vawlt Technologies, S. A. uma licen\u00e7a permanente e irrevers\u00edvel para todos os direitos de propriedade intelectual licenci\u00e1veis por si em ou relacionados com a utiliza\u00e7\u00e3o deste material.<\/p>\n<p>Se n\u00e3o nos notificar sobre este assunto, significar\u00e1 que o relat\u00f3rio faz parte do seu pr\u00f3prio trabalho, pelo que n\u00e3o est\u00e1 coberto por direitos de propriedade intelectual de qualquer outra entidade.<\/p>\n<p>Agradecemos a sua colabora\u00e7\u00e3o, mantendo a nossa plataforma e os nossos clientes em seguran\u00e7a.<\/p>\n\n\t\t<\/div>\n\t\t\t\t\n<style>\n#col-1470622804 > .col-inner {\n  padding: 0px 20px 0px 20px;\n}\n@media (min-width:850px) {\n  #col-1470622804 > .col-inner {\n    padding: 0px 0px 0px 0px;\n  }\n}\n<\/style>\n\t<\/div>\n\n\t\n\n<\/div>\n\n\t\t<\/div>\n\n\t\t\n<style>\n#section_329467709 {\n  padding-top: 0px;\n  padding-bottom: 0px;\n}\n<\/style>\n\t<\/section>\n\t\n\t<section class=\"section\" id=\"section_1879345371\">\n\t\t<div class=\"bg section-bg fill bg-fill  bg-loaded\" >\n\n\t\t\t\n\t\t\t\n\t\t\t\n\n\t\t<\/div>\n\n\t\t<div class=\"section-content relative\">\n\t\t\t\n\n\t<div id=\"gap-915055484\" class=\"gap-element clearfix\" style=\"display:block; height:auto;\">\n\t\t\n<style>\n#gap-915055484 {\n  padding-top: 40px;\n}\n<\/style>\n\t<\/div>\n\t\n\n<div class=\"row row-collapse align-middle\"  id=\"row-318042579\">\n\n\n\t<div id=\"col-1151811754\" class=\"col medium-6 small-12 large-6\"  >\n\t\t\t\t<div class=\"col-inner text-left\"  >\n\t\t\t\n\t\t\t\n\n\t<div id=\"text-2777710356\" class=\"text\">\n\t\t\n\n<h3 style=\"font-weight: 600;\">N\u00e3o deixe que o ransomware pare a sua empresa<\/h3>\n\t\t\n<style>\n#text-2777710356 {\n  font-size: 1rem;\n  text-align: center;\n}\n@media (min-width:550px) {\n  #text-2777710356 {\n    text-align: left;\n  }\n}\n<\/style>\n\t<\/div>\n\t\n\t<div id=\"text-152309470\" class=\"text\">\n\t\t\n\n<h2><span style=\"font-weight: 600; color: #21bffc;\">\u00c9 f\u00e1cil<\/span><span style=\"font-weight: 600; color: #000000;\">\u00a0come\u00e7ar.<br \/><\/span><\/h2>\n\t\t\n<style>\n#text-152309470 {\n  font-size: 1.6rem;\n  text-align: center;\n}\n@media (min-width:550px) {\n  #text-152309470 {\n    text-align: left;\n  }\n}\n<\/style>\n\t<\/div>\n\t\n\n\t\t<\/div>\n\t\t\t\t\n<style>\n#col-1151811754 > .col-inner {\n  padding: 0px 20px 0px 20px;\n}\n@media (min-width:550px) {\n  #col-1151811754 > .col-inner {\n    padding: 0px 0px 0px 20px;\n  }\n}\n<\/style>\n\t<\/div>\n\n\t\n\n\t<div id=\"col-563143897\" class=\"col hide-for-medium medium-6 small-12 large-6\"  >\n\t\t\t\t<div class=\"col-inner text-right\"  >\n\t\t\t\n\t\t\t\n\n<a href=\"http:\/\/vawlt.io\/pt\/pedir-uma-demo\/\" target=\"_self\" class=\"button primary is-large\"  style=\"border-radius:5px;\">\n    <span>Pedir uma Demo<\/span>\n  <\/a>\n\n\n\n\t\t<\/div>\n\t\t\t\t\n<style>\n#col-563143897 > .col-inner {\n  padding: 0px 20px 0px 20px;\n}\n@media (min-width:550px) {\n  #col-563143897 > .col-inner {\n    padding: 0px 20px 0px 0px;\n  }\n}\n<\/style>\n\t<\/div>\n\n\t\n\n\t<div id=\"col-359947335\" class=\"col show-for-medium hide-for-small medium-6 small-12 large-6\"  >\n\t\t\t\t<div class=\"col-inner text-right\"  >\n\t\t\t\n\t\t\t\n\n<a href=\"http:\/\/vawlt.io\/pt\/pedir-uma-demo\/\" target=\"_self\" class=\"button primary\"  style=\"border-radius:5px;\">\n    <span>Pedir uma Demo<\/span>\n  <\/a>\n\n\n\n\t\t<\/div>\n\t\t\t\t\n<style>\n#col-359947335 > .col-inner {\n  padding: 0px 20px 0px 20px;\n}\n@media (min-width:550px) {\n  #col-359947335 > .col-inner {\n    padding: 0px 20px 0px 0px;\n  }\n}\n<\/style>\n\t<\/div>\n\n\t\n\n\t<div id=\"col-1416934849\" class=\"col show-for-small medium-6 small-12 large-6\"  >\n\t\t\t\t<div class=\"col-inner text-center\"  >\n\t\t\t\n\t\t\t\n\n\t<div id=\"gap-1930174350\" class=\"gap-element clearfix\" style=\"display:block; height:auto;\">\n\t\t\n<style>\n#gap-1930174350 {\n  padding-top: 23px;\n}\n@media (min-width:550px) {\n  #gap-1930174350 {\n    padding-top: 40px;\n  }\n}\n<\/style>\n\t<\/div>\n\t\n\n<a href=\"http:\/\/vawlt.io\/pt\/pedir-uma-demo\/\" target=\"_self\" class=\"button primary is-small\"  style=\"border-radius:5px;\">\n    <span>Pedir uma Demo<\/span>\n  <\/a>\n\n\n\n\t\t<\/div>\n\t\t\t\t\n<style>\n#col-1416934849 > .col-inner {\n  padding: 0px 20px 0px 20px;\n}\n@media (min-width:550px) {\n  #col-1416934849 > .col-inner {\n    padding: 0px 20px 0px 0px;\n  }\n}\n<\/style>\n\t<\/div>\n\n\t\n\n<\/div>\n\n\t\t<\/div>\n\n\t\t\n<style>\n#section_1879345371 {\n  padding-top: 30px;\n  padding-bottom: 30px;\n  background-color: rgb(244, 247, 249);\n}\n<\/style>\n\t<\/section>","protected":false},"excerpt":{"rendered":"","protected":false},"author":8,"featured_media":0,"parent":0,"menu_order":0,"comment_status":"closed","ping_status":"closed","template":"page-blank.php","meta":{"footnotes":""},"class_list":["post-769","page","type-page","status-publish","hentry"],"yoast_head":"<!-- This site is optimized with the Yoast SEO plugin v26.2 - https:\/\/yoast.com\/wordpress\/plugins\/seo\/ -->\n<title>Vulnerability Detection Program | Multicloud Storage | Vawlt<\/title>\n<meta name=\"robots\" content=\"noindex, nofollow\" \/>\n<meta property=\"og:locale\" content=\"pt_PT\" \/>\n<meta property=\"og:type\" content=\"article\" \/>\n<meta property=\"og:title\" content=\"Vulnerability Detection Program | Multicloud Storage | Vawlt\" \/>\n<meta property=\"og:url\" content=\"https:\/\/site-temp.vawlt.io\/es\/programa-de-deteccion-de-vulnerabilidades\/\" \/>\n<meta property=\"og:site_name\" content=\"Vawlt\" \/>\n<meta property=\"article:publisher\" content=\"https:\/\/www.facebook.com\/vawlt\" \/>\n<meta property=\"article:modified_time\" content=\"2022-03-04T17:18:07+00:00\" \/>\n<meta property=\"og:image\" content=\"https:\/\/vawlt.io\/wp-content\/uploads\/2021\/09\/mockup.png\" \/>\n\t<meta property=\"og:image:width\" content=\"500\" \/>\n\t<meta property=\"og:image:height\" content=\"256\" \/>\n\t<meta property=\"og:image:type\" content=\"image\/png\" \/>\n<meta name=\"twitter:card\" content=\"summary_large_image\" \/>\n<meta name=\"twitter:site\" content=\"@vawltio\" \/>\n<meta name=\"twitter:label1\" content=\"Tempo estimado de leitura\" \/>\n\t<meta name=\"twitter:data1\" content=\"3 minutos\" \/>\n<!-- \/ Yoast SEO plugin. -->","yoast_head_json":{"title":"Programa de Detec\u00e7\u00e3o de Vulnerabilidades | Armazenamento Multicloud | Vawlt","robots":{"index":"noindex","follow":"nofollow"},"og_locale":"pt_PT","og_type":"article","og_title":"Vulnerability Detection Program | Multicloud Storage | Vawlt","og_url":"https:\/\/site-temp.vawlt.io\/es\/programa-de-deteccion-de-vulnerabilidades\/","og_site_name":"Vawlt","article_publisher":"https:\/\/www.facebook.com\/vawlt","article_modified_time":"2022-03-04T17:18:07+00:00","og_image":[{"width":500,"height":256,"url":"https:\/\/vawlt.io\/wp-content\/uploads\/2021\/09\/mockup.png","type":"image\/png"}],"twitter_card":"summary_large_image","twitter_site":"@vawltio","twitter_misc":{"Tempo estimado de leitura":"3 minutos"},"schema":{"@context":"https:\/\/schema.org","@graph":[{"@type":"WebPage","@id":"https:\/\/site-temp.vawlt.io\/es\/programa-de-deteccion-de-vulnerabilidades\/","url":"https:\/\/site-temp.vawlt.io\/es\/programa-de-deteccion-de-vulnerabilidades\/","name":"Programa de Detec\u00e7\u00e3o de Vulnerabilidades | Armazenamento Multicloud | Vawlt","isPartOf":{"@id":"https:\/\/site-temp.vawlt.io\/#website"},"datePublished":"2021-08-17T09:51:06+00:00","dateModified":"2022-03-04T17:18:07+00:00","breadcrumb":{"@id":"https:\/\/site-temp.vawlt.io\/es\/programa-de-deteccion-de-vulnerabilidades\/#breadcrumb"},"inLanguage":"pt-PT","potentialAction":[{"@type":"ReadAction","target":["https:\/\/site-temp.vawlt.io\/es\/programa-de-deteccion-de-vulnerabilidades\/"]}]},{"@type":"BreadcrumbList","@id":"https:\/\/site-temp.vawlt.io\/es\/programa-de-deteccion-de-vulnerabilidades\/#breadcrumb","itemListElement":[{"@type":"ListItem","position":1,"name":"Home","item":"https:\/\/vawlt.io\/"},{"@type":"ListItem","position":2,"name":"Vulnerability Detection Program"}]},{"@type":"WebSite","@id":"https:\/\/site-temp.vawlt.io\/#website","url":"https:\/\/site-temp.vawlt.io\/","name":"Vawlt","description":"Servi\u00e7o de armazenamento de dados em ambiente multicloud que simplifica a transi\u00e7\u00e3o para a cloud, melhora padr\u00f5es de seguran\u00e7a e otimiza o uso de recursos de armazenamento.","publisher":{"@id":"https:\/\/site-temp.vawlt.io\/#organization"},"potentialAction":[{"@type":"SearchAction","target":{"@type":"EntryPoint","urlTemplate":"https:\/\/site-temp.vawlt.io\/?s={search_term_string}"},"query-input":{"@type":"PropertyValueSpecification","valueRequired":true,"valueName":"search_term_string"}}],"inLanguage":"pt-PT"},{"@type":"Organization","@id":"https:\/\/site-temp.vawlt.io\/#organization","name":"Vawlt","url":"https:\/\/site-temp.vawlt.io\/","logo":{"@type":"ImageObject","inLanguage":"pt-PT","@id":"https:\/\/site-temp.vawlt.io\/#\/schema\/logo\/image\/","url":"http:\/\/vawlt.io\/wp-content\/uploads\/2021\/08\/logo_vawlt_business.png","contentUrl":"http:\/\/vawlt.io\/wp-content\/uploads\/2021\/08\/logo_vawlt_business.png","width":576,"height":92,"caption":"Vawlt"},"image":{"@id":"https:\/\/site-temp.vawlt.io\/#\/schema\/logo\/image\/"},"sameAs":["https:\/\/www.facebook.com\/vawlt","https:\/\/x.com\/vawltio","https:\/\/www.linkedin.com\/company\/vawlt","https:\/\/www.youtube.com\/channel\/UCYzlYYg7j_07CFi8Be0eAMw"]}]}},"_links":{"self":[{"href":"https:\/\/vawlt.io\/pt\/wp-json\/wp\/v2\/pages\/769","targetHints":{"allow":["GET"]}}],"collection":[{"href":"https:\/\/vawlt.io\/pt\/wp-json\/wp\/v2\/pages"}],"about":[{"href":"https:\/\/vawlt.io\/pt\/wp-json\/wp\/v2\/types\/page"}],"author":[{"embeddable":true,"href":"https:\/\/vawlt.io\/pt\/wp-json\/wp\/v2\/users\/8"}],"replies":[{"embeddable":true,"href":"https:\/\/vawlt.io\/pt\/wp-json\/wp\/v2\/comments?post=769"}],"version-history":[{"count":9,"href":"https:\/\/vawlt.io\/pt\/wp-json\/wp\/v2\/pages\/769\/revisions"}],"predecessor-version":[{"id":4241,"href":"https:\/\/vawlt.io\/pt\/wp-json\/wp\/v2\/pages\/769\/revisions\/4241"}],"wp:attachment":[{"href":"https:\/\/vawlt.io\/pt\/wp-json\/wp\/v2\/media?parent=769"}],"curies":[{"name":"wp","href":"https:\/\/api.w.org\/{rel}","templated":true}]}}