{"id":788,"date":"2021-08-17T13:48:37","date_gmt":"2021-08-17T13:48:37","guid":{"rendered":"http:\/\/vawlt.io\/?page_id=788"},"modified":"2023-03-14T17:23:51","modified_gmt":"2023-03-14T17:23:51","slug":"get-a-demo","status":"publish","type":"page","link":"https:\/\/vawlt.io\/pt\/pedir-uma-demo\/","title":{"rendered":"Pedir uma Demo"},"content":{"rendered":"<section class=\"section\" id=\"section_1548548152\">\n\t\t<div class=\"bg section-bg fill bg-fill  bg-loaded\" >\n\n\t\t\t\n\t\t\t\n\t\t\t\n\n\t\t<\/div>\n\n\t\t<div class=\"section-content relative\">\n\t\t\t\n\n\t<div id=\"gap-733590735\" class=\"gap-element clearfix\" style=\"display:block; height:auto;\">\n\t\t\n<style>\n#gap-733590735 {\n  padding-top: 50px;\n}\n<\/style>\n\t<\/div>\n\t\n\n<div class=\"row\"  id=\"row-737364420\">\n\n\n\t<div id=\"col-2040548142\" class=\"col medium-12 small-12 large-6\"  >\n\t\t\t\t<div class=\"col-inner\"  >\n\t\t\t\n\t\t\t\n\n\t<div id=\"text-2122094502\" class=\"text\">\n\t\t\n\n<h1><strong>Marcar uma Demo<\/strong><\/h1>\n\t\t\n<style>\n#text-2122094502 {\n  font-size: 1.6rem;\n}\n<\/style>\n\t<\/div>\n\t\n\t<div id=\"text-2983622696\" class=\"text\">\n\t\t\n\n<p class=\"translation-block\">Quer experimentar a Vawlt e descobrir todas as suas caracter\u00edsticas e possibilidades? <strong>Preencha o formul\u00e1rio<\/strong> e entre em contacto com a nossa Equipa de Vendas para <strong>pedir uma denonstra\u00e7\u00e3o<\/strong>.<\/p>\n\t\t\n<style>\n#text-2983622696 {\n  font-size: 1.3rem;\n}\n<\/style>\n\t<\/div>\n\t\n\t<div class=\"img has-hover hide-for-medium x md-x lg-x y md-y lg-y\" id=\"image_2127306773\">\n\t\t\t\t\t\t\t\t<div class=\"img-inner dark\" >\n\t\t\t<img loading=\"lazy\" decoding=\"async\" width=\"1\" height=\"1\" src=\"https:\/\/vawlt.io\/wp-content\/uploads\/2021\/08\/talk02.svg\" class=\"attachment-large size-large\" alt=\"\" \/>\t\t\t\t\t\t\n\t\t\t\t\t<\/div>\n\t\t\t\t\t\t\t\t\n<style>\n#image_2127306773 {\n  width: 50%;\n}\n<\/style>\n\t<\/div>\n\t\n\n\n\t\t<\/div>\n\t\t\t\t\n<style>\n#col-2040548142 > .col-inner {\n  padding: 0px 0px 0px 20px;\n}\n@media (min-width:550px) {\n  #col-2040548142 > .col-inner {\n    padding: 0px 0px 0px 20px;\n  }\n}\n<\/style>\n\t<\/div>\n\n\t\n\n\t<div id=\"col-1490374396\" class=\"col medium-12 small-12 large-6\"  >\n\t\t\t\t<div class=\"col-inner\"  >\n\t\t\t\n\t\t\t\n\n<form id=\"request-demo-form\" class=\"col-xl-12 mx-auto recapcha-form\" novalidate=\"\" action=\"\">\r\n<div class=\"row\">\r\n<div class=\"col\">\r\n<div class=\"form-group\">\r\n\r\n<label for=\"firstname\"> Nome <\/label><input id=\"firstname\" class=\"form-control\" name=\"name\" pattern=\".+\" required=\"\" type=\"text\" placeholder=\" Nome\" \/>\r\n<div class=\"invalid-feedback\">Introduza um nome v\u00e1lido.<\/div>\r\n<\/div>\r\n<\/div>\r\n<div class=\"col\">\r\n<div class=\"form-group\">\r\n\r\n<label for=\"lastname\"> Apelido <\/label><input id=\"lastname\" class=\"form-control\" name=\"name\" pattern=\".+\" required=\"\" type=\"text\" placeholder=\" Apelido\" \/>\r\n<div class=\"invalid-feedback\">Introduza um nome v\u00e1lido.<\/div>\r\n<\/div>\r\n<\/div>\r\n<\/div>\r\n<div class=\"row\">\r\n<div class=\"col\">\r\n<div class=\"form-group\">\r\n\r\n<label for=\"email\"> Email <\/label><input id=\"email\" class=\"form-control\" name=\"email\" pattern=\".+@.+\" required=\"\" type=\"email\" placeholder=\"oseuemail@email.com\" \/>\r\n<div class=\"invalid-feedback\">Introduza um email v\u00e1lido.<\/div>\r\n<\/div>\r\n<\/div>\r\n<\/div>\r\n<div class=\"row\">\r\n<div class=\"col\">\r\n<div class=\"form-group\">\r\n\r\n<label for=\"phonenumber\">Contacto:<\/label><input id=\"phonenumber\" class=\"form-control\" style=\"background-image: none;\" name=\"phonenumber\" required=\"\" type=\"tel\" \/>\r\n<div class=\"invalid-feedback phone-number-invalid-feedback\">Por favor introduza um contacto v\u00e1lido.<\/div>\r\n<\/div>\r\n<\/div>\r\n<div class=\"col\">\r\n<div class=\"form-group\">\r\n\r\n<label for=\"storage\"> Previs\u00e3o de Armazenamento <\/label><input id=\"storage\" class=\"form-control\" style=\"background-image: none;\" min=\"1\" name=\"storage\" required=\"\" type=\"number\" placeholder=\"Em TB\" \/>\r\n<div class=\"invalid-feedback\">Por favor insira uma previs\u00e3o de armazenamento.<\/div>\r\n<\/div>\r\n<\/div>\r\n<\/div>\r\n<div class=\"row\">\r\n<div class=\"col\">\r\n<div class=\"form-group\">\r\n<div class=\"form-group g-recaptcha\" data-sitekey=\"6LcgU5oUAAAAADsJADmUtUWHpM6h9XNomkwnzODv\"><\/div>\r\n<\/div>\r\n<\/div>\r\n<\/div>\r\n<div class=\"consent-checkboxes-container\"><small class=\"c-grey\">A Vawlt preocupa-se com a sua privacidade. Ao clicar em 'Marcar uma Demo', concorda que a Vawlt processa a informa\u00e7\u00e3o acima de acordo com os seus <a class=\"link\" href=\"http:\/\/vawlt.io\/pt\/termos-de-utilizacao\/\" target=\"_blank\" rel=\"noopener noreferrer\">Termos e Condi\u00e7\u00f5es<\/a> e <a class=\"link\" href=\"http:\/\/vawlt.io\/pt\/politica-de-privacidade\/\" target=\"_blank\" rel=\"noopener noreferrer\"> Pol\u00edtica de Privacidade<\/a>, e consente em receber comunica\u00e7\u00f5es de marketing da Vawlt.<\/small><\/div>\r\n<h6 class=\"text-center pb-2 mb-4 text-error text-hidden\">Alguma grande mensagem de erro que poder\u00e1 ser mostrada neste espa\u00e7o.<\/h6>\r\n<button class=\"button primary rounded\"> Marcar uma Demo <\/button>\r\n\r\n<input type=\"hidden\" name=\"trp-form-language\" value=\"pt\"\/><\/form>\n\n\n\t\t<\/div>\n\t\t\t\t\n<style>\n#col-1490374396 > .col-inner {\n  padding: 0px 20px 0px 0px;\n}\n<\/style>\n\t<\/div>\n\n\t\n\n<\/div>\n\n\t\t<\/div>\n\n\t\t\n<style>\n#section_1548548152 {\n  padding-top: 0px;\n  padding-bottom: 0px;\n  background-color: rgb(244, 247, 249);\n}\n<\/style>\n\t<\/section>","protected":false},"excerpt":{"rendered":"","protected":false},"author":8,"featured_media":0,"parent":0,"menu_order":0,"comment_status":"closed","ping_status":"closed","template":"page-blank.php","meta":{"footnotes":""},"class_list":["post-788","page","type-page","status-publish","hentry"],"yoast_head":"<!-- This site is optimized with the Yoast SEO plugin v26.2 - https:\/\/yoast.com\/wordpress\/plugins\/seo\/ -->\n<title>Get A Vawlt Demo | See How It Works | Vawlt<\/title>\n<meta name=\"description\" content=\"Get in touch with us and try the simplest, safest and more optimal multicloud data storage solution in the market. Book a Demo now!\" \/>\n<meta name=\"robots\" content=\"index, follow, max-snippet:-1, max-image-preview:large, max-video-preview:-1\" \/>\n<link rel=\"canonical\" href=\"https:\/\/site-temp.vawlt.io\/get-a-demo\/\" \/>\n<meta property=\"og:locale\" content=\"pt_PT\" \/>\n<meta property=\"og:type\" content=\"article\" \/>\n<meta property=\"og:title\" content=\"Get A Vawlt Demo | See How It Works | Vawlt\" \/>\n<meta property=\"og:description\" content=\"Get in touch with us and try the simplest, safest and more optimal multicloud data storage solution in the market. Book a Demo now!\" \/>\n<meta property=\"og:url\" content=\"https:\/\/site-temp.vawlt.io\/get-a-demo\/\" \/>\n<meta property=\"og:site_name\" content=\"Vawlt\" \/>\n<meta property=\"article:publisher\" content=\"https:\/\/www.facebook.com\/vawlt\" \/>\n<meta property=\"article:modified_time\" content=\"2023-03-14T17:23:51+00:00\" \/>\n<meta property=\"og:image\" content=\"https:\/\/vawlt.io\/wp-content\/uploads\/2021\/09\/mockup.png\" \/>\n\t<meta property=\"og:image:width\" content=\"500\" \/>\n\t<meta property=\"og:image:height\" content=\"256\" \/>\n\t<meta property=\"og:image:type\" content=\"image\/png\" \/>\n<meta name=\"twitter:card\" content=\"summary_large_image\" \/>\n<meta name=\"twitter:site\" content=\"@vawltio\" \/>\n<meta name=\"twitter:label1\" content=\"Tempo estimado de leitura\" \/>\n\t<meta name=\"twitter:data1\" content=\"1 minuto\" \/>\n<!-- \/ Yoast SEO plugin. -->","yoast_head_json":{"title":"Pe\u00e7a uma Demonstra\u00e7\u00e3o da Vawlt | Veja como Funciona | Vawlt","description":"Entre em contacto connosco e experimente a solu\u00e7\u00e3o de armazenamento de dados multicloud mais simples, segura e optimizada do mercado. Pe\u00e7a j\u00e1 uma Demonstra\u00e7\u00e3o!","robots":{"index":"index","follow":"follow","max-snippet":"max-snippet:-1","max-image-preview":"max-image-preview:large","max-video-preview":"max-video-preview:-1"},"canonical":"https:\/\/site-temp.vawlt.io\/get-a-demo\/","og_locale":"pt_PT","og_type":"article","og_title":"Get A Vawlt Demo | See How It Works | Vawlt","og_description":"Get in touch with us and try the simplest, safest and more optimal multicloud data storage solution in the market. Book a Demo now!","og_url":"https:\/\/site-temp.vawlt.io\/get-a-demo\/","og_site_name":"Vawlt","article_publisher":"https:\/\/www.facebook.com\/vawlt","article_modified_time":"2023-03-14T17:23:51+00:00","og_image":[{"width":500,"height":256,"url":"https:\/\/vawlt.io\/wp-content\/uploads\/2021\/09\/mockup.png","type":"image\/png"}],"twitter_card":"summary_large_image","twitter_site":"@vawltio","twitter_misc":{"Tempo estimado de leitura":"1 minuto"},"schema":{"@context":"https:\/\/schema.org","@graph":[{"@type":"WebPage","@id":"https:\/\/site-temp.vawlt.io\/get-a-demo\/","url":"https:\/\/site-temp.vawlt.io\/get-a-demo\/","name":"Pe\u00e7a uma Demonstra\u00e7\u00e3o da Vawlt | Veja como Funciona | Vawlt","isPartOf":{"@id":"https:\/\/site-temp.vawlt.io\/#website"},"datePublished":"2021-08-17T13:48:37+00:00","dateModified":"2023-03-14T17:23:51+00:00","description":"Entre em contacto connosco e experimente a solu\u00e7\u00e3o de armazenamento de dados multicloud mais simples, segura e optimizada do mercado. Pe\u00e7a j\u00e1 uma Demonstra\u00e7\u00e3o!","breadcrumb":{"@id":"https:\/\/site-temp.vawlt.io\/get-a-demo\/#breadcrumb"},"inLanguage":"pt-PT","potentialAction":[{"@type":"ReadAction","target":["https:\/\/site-temp.vawlt.io\/get-a-demo\/"]}]},{"@type":"BreadcrumbList","@id":"https:\/\/site-temp.vawlt.io\/get-a-demo\/#breadcrumb","itemListElement":[{"@type":"ListItem","position":1,"name":"Home","item":"https:\/\/vawlt.io\/"},{"@type":"ListItem","position":2,"name":"Get a Demo"}]},{"@type":"WebSite","@id":"https:\/\/site-temp.vawlt.io\/#website","url":"https:\/\/site-temp.vawlt.io\/","name":"Vawlt","description":"Servi\u00e7o de armazenamento de dados em ambiente multicloud que simplifica a transi\u00e7\u00e3o para a cloud, melhora padr\u00f5es de seguran\u00e7a e otimiza o uso de recursos de armazenamento.","publisher":{"@id":"https:\/\/site-temp.vawlt.io\/#organization"},"potentialAction":[{"@type":"SearchAction","target":{"@type":"EntryPoint","urlTemplate":"https:\/\/site-temp.vawlt.io\/?s={search_term_string}"},"query-input":{"@type":"PropertyValueSpecification","valueRequired":true,"valueName":"search_term_string"}}],"inLanguage":"pt-PT"},{"@type":"Organization","@id":"https:\/\/site-temp.vawlt.io\/#organization","name":"Vawlt","url":"https:\/\/site-temp.vawlt.io\/","logo":{"@type":"ImageObject","inLanguage":"pt-PT","@id":"https:\/\/site-temp.vawlt.io\/#\/schema\/logo\/image\/","url":"http:\/\/vawlt.io\/wp-content\/uploads\/2021\/08\/logo_vawlt_business.png","contentUrl":"http:\/\/vawlt.io\/wp-content\/uploads\/2021\/08\/logo_vawlt_business.png","width":576,"height":92,"caption":"Vawlt"},"image":{"@id":"https:\/\/site-temp.vawlt.io\/#\/schema\/logo\/image\/"},"sameAs":["https:\/\/www.facebook.com\/vawlt","https:\/\/x.com\/vawltio","https:\/\/www.linkedin.com\/company\/vawlt","https:\/\/www.youtube.com\/channel\/UCYzlYYg7j_07CFi8Be0eAMw"]}]}},"_links":{"self":[{"href":"https:\/\/vawlt.io\/pt\/wp-json\/wp\/v2\/pages\/788","targetHints":{"allow":["GET"]}}],"collection":[{"href":"https:\/\/vawlt.io\/pt\/wp-json\/wp\/v2\/pages"}],"about":[{"href":"https:\/\/vawlt.io\/pt\/wp-json\/wp\/v2\/types\/page"}],"author":[{"embeddable":true,"href":"https:\/\/vawlt.io\/pt\/wp-json\/wp\/v2\/users\/8"}],"replies":[{"embeddable":true,"href":"https:\/\/vawlt.io\/pt\/wp-json\/wp\/v2\/comments?post=788"}],"version-history":[{"count":29,"href":"https:\/\/vawlt.io\/pt\/wp-json\/wp\/v2\/pages\/788\/revisions"}],"predecessor-version":[{"id":5637,"href":"https:\/\/vawlt.io\/pt\/wp-json\/wp\/v2\/pages\/788\/revisions\/5637"}],"wp:attachment":[{"href":"https:\/\/vawlt.io\/pt\/wp-json\/wp\/v2\/media?parent=788"}],"curies":[{"name":"wp","href":"https:\/\/api.w.org\/{rel}","templated":true}]}}